{"id":32018,"date":"2019-01-30T16:45:38","date_gmt":"2019-01-30T15:45:41","guid":{"rendered":"http:\/\/tourtravelandmore.com\/es\/tours\/fez-es\/fez-tour-privado-dia-completo\/"},"modified":"2020-10-07T12:40:29","modified_gmt":"2020-10-07T10:40:29","slug":"fez-tour-privado-dia-completo","status":"publish","type":"product","link":"https:\/\/tourtravelandmore.com\/es\/tours\/marruecos-es\/fez-es\/fez-tour-privado-dia-completo\/","title":{"rendered":"Fez: Tour Privado de d\u00eda completo"},"content":{"rendered":"<p>Disfrute de este \u00fanico <strong>tour privado<\/strong> donde podr\u00e1 combinar explorar la ciudad tanto en veh\u00edculo privado como a pie por las calles de la medina. Podr\u00e1 conocer la historia y la cultura de una de las cuatro ciudades imperiales con su <strong>gu\u00eda oficial privado<\/strong> empezando con la visita del incre\u00edble Borj sud construido por el Sult\u00e1n Ahmed al-Mansu.<\/p>\n<p>Descubra las numerosas mezquitas y los diversos zocos. Disfrute de los n\u00fameros mercados culinarios y calles llenas de tiendas de diferentes productos entre ellos artesanales que podr\u00e1 observar en profundidad en el Museo Nejjarine de Artes y Artesan\u00edas de Madera. Una de las paradas obligatorias de esta excursi\u00f3n de d\u00eda completo a Fez es parar en los incre\u00edbles jardines de Jnan Sbil (anteriormente jardines de Bou Jeloud) situados justo en medio de las dos medinas, una de las zonas m\u00e1s verdes de la ciudad.<\/p>\n<p>Podr\u00e1 disfrutar de madrasas legendarias y caravasares ocultos. Terminaremos este tour con la vuelta en veh\u00edculo privado hasta vuestro hotel o riad. Disfrute de la flexibilidad de este tour donde podemos centrarnos en lugares que m\u00e1s le interesen.<\/p>\n<h4>Principales puntos de inter\u00e9s durante este tour privado<\/h4>\n<p>El <strong>tour privado<\/strong> comenzar\u00e1 con la recogida en su hotel o riad en veh\u00edculo privado donde haremos diferentes paradas en los lugares m\u00e1s incre\u00edbles de esta ciudad para despu\u00e9s explorar a pie con su gu\u00eda privado los distintos puntos m\u00e1s emblem\u00e1ticos de la medina y aventurarse en la mayor zona peatonal del planeta.<\/p>\n<p>Durante vuestro tour, podr\u00e9is ver entre otros los siguientes lugares de inter\u00e9s:<\/p>\n<ul>\n<li>Palacio Real de <strong>Fez<\/strong><\/li>\n<li>Barrio Jud\u00edo de Fez (Mellah)<\/li>\n<li>Borj Nord y Museo de las Armas (increibles vistas de Fez)<\/li>\n<li>Universidad de al-Karaouine<\/li>\n<li>Tumbas Merinies<\/li>\n<li>Mucho m\u00e1s<\/li>\n<\/ul>\n<p>&nbsp;<\/p>\n<h4>La Ciudad: Fez<\/h4>\n<p>Es la tercera ciudad de Marruecos, despu\u00e9s de Casablanca y Rabat. Es una de las cuatro ciudades imperiales y en Marruecos la consideran como el centro cultural y religioso del pa\u00eds. La medina de Fez (mayor zona peatonal del mundo) fue declarada Patrimonio de la Humanidad por la UNESCO en 1981.<\/p>\n<h4>Nuestros Tours Privados en Tour Travel &amp; More<\/h4>\n<p>Ofrecemos a nuestros clientes tours privados para familias, amigos e incluso para incentivos o grupos grandes. Entendemos las necesidades de los viajeros mientras est\u00e1n de vacaciones, y hacemos todo lo posible para que su estancia sea inolvidable. Nuestra flota se compone de veh\u00edculos de lujo y nuestro personal es perfectamente multiling\u00fce. Nuestros gu\u00edas hablan varios idiomas: Ingl\u00e9s, Espa\u00f1ol, Franc\u00e9s, Italiano, Polaco, Holand\u00e9s, Chino, Ruso, Japon\u00e9s, Alem\u00e1n, Griego y Portugu\u00e9s.<\/p>\n","protected":false},"excerpt":{"rendered":"<p>Avent\u00farese en este desaf\u00edo por los lugares m\u00e1s emblem\u00e1ticos de la ciudad de <strong>Fez<\/strong> junto a la <strong>medina<\/strong> con m\u00e1s de 300 barrios y 9000 callejones. Puede disfrutar de las zonas m\u00e1s antiguas de la ciudad con un gu\u00eda oficial privado a su lado y disfrutar de este t<strong>our privado \u00fanico por la ciudad de Fez<\/strong>. Es la mejor forma de atravesar los caminos y sus laberintos de calles.<\/p>\n","protected":false},"featured_media":32024,"comment_status":"open","ping_status":"closed","template":"","meta":{"_acf_changed":false},"product_brand":[],"product_cat":[1610,1070,1071,1074],"product_tag":[],"class_list":{"0":"post-32018","1":"product","2":"type-product","3":"status-publish","4":"has-post-thumbnail","6":"product_cat-marruecos-es","7":"product_cat-fez-es","8":"product_cat-fez-actividades-es","9":"product_cat-fez-tours-privados-pie-es","11":"first","12":"instock","13":"shipping-taxable","14":"purchasable","15":"product-type-simple"},"acf":[],"yoast_head":"<!-- This site is optimized with the Yoast SEO Premium plugin v25.3.1 (Yoast SEO v25.3.1) - https:\/\/yoast.com\/wordpress\/plugins\/seo\/ -->\n<title>Tour Privado de dia completo de Fez con guia oficial y vehiculo privado<\/title>\n<meta name=\"description\" content=\"Disfruta este tour privado de d\u00eda completo en Fez con guia oficial. Entradas incluidas a los monumentos m\u00e1s emblem\u00e1ticos de la ciudad.\" \/>\n<meta name=\"robots\" content=\"index, follow, max-snippet:-1, max-image-preview:large, max-video-preview:-1\" \/>\n<link rel=\"canonical\" href=\"https:\/\/tourtravelandmore.com\/es\/tours\/marruecos-es\/fez-es\/fez-tour-privado-dia-completo\/\" \/>\n<meta property=\"og:locale\" content=\"es_ES\" \/>\n<meta property=\"og:type\" content=\"article\" \/>\n<meta property=\"og:title\" content=\"Fez: Tour Privado de d\u00eda completo\" \/>\n<meta property=\"og:description\" content=\"Disfruta este tour privado de d\u00eda completo en Fez con guia oficial. Entradas incluidas a los monumentos m\u00e1s emblem\u00e1ticos de la ciudad.\" \/>\n<meta property=\"og:url\" content=\"https:\/\/tourtravelandmore.com\/es\/tours\/marruecos-es\/fez-es\/fez-tour-privado-dia-completo\/\" \/>\n<meta property=\"og:site_name\" content=\"Tour Travel And More\" \/>\n<meta property=\"article:publisher\" content=\"https:\/\/www.facebook.com\/tourtravelandmore\/\" \/>\n<meta property=\"article:modified_time\" content=\"2020-10-07T10:40:29+00:00\" \/>\n<meta property=\"og:image\" content=\"https:\/\/tourtravelandmore.com\/wp-content\/uploads\/2019\/01\/4583770043_8f1e194f34_b-fezzz.jpg\" \/>\n\t<meta property=\"og:image:width\" content=\"1024\" \/>\n\t<meta property=\"og:image:height\" content=\"768\" \/>\n\t<meta property=\"og:image:type\" content=\"image\/jpeg\" \/>\n<meta name=\"twitter:card\" content=\"summary_large_image\" \/>\n<meta name=\"twitter:site\" content=\"@TourTravel_More\" \/>\n<meta name=\"twitter:label1\" content=\"Tiempo de lectura\" \/>\n\t<meta name=\"twitter:data1\" content=\"2 minutos\" \/>\n<script type=\"application\/ld+json\" class=\"yoast-schema-graph\">{\"@context\":\"https:\/\/schema.org\",\"@graph\":[{\"@type\":\"WebPage\",\"@id\":\"https:\/\/tourtravelandmore.com\/es\/tours\/marruecos-es\/fez-es\/fez-tour-privado-dia-completo\/\",\"url\":\"https:\/\/tourtravelandmore.com\/es\/tours\/marruecos-es\/fez-es\/fez-tour-privado-dia-completo\/\",\"name\":\"Tour Privado de dia completo de Fez con guia oficial y vehiculo privado\",\"isPartOf\":{\"@id\":\"https:\/\/tourtravelandmore.com\/es\/#website\"},\"primaryImageOfPage\":{\"@id\":\"https:\/\/tourtravelandmore.com\/es\/tours\/marruecos-es\/fez-es\/fez-tour-privado-dia-completo\/#primaryimage\"},\"image\":{\"@id\":\"https:\/\/tourtravelandmore.com\/es\/tours\/marruecos-es\/fez-es\/fez-tour-privado-dia-completo\/#primaryimage\"},\"thumbnailUrl\":\"https:\/\/tourtravelandmore.com\/wp-content\/uploads\/2019\/01\/4583770043_8f1e194f34_b-fezzz.jpg\",\"datePublished\":\"2019-01-30T15:45:41+00:00\",\"dateModified\":\"2020-10-07T10:40:29+00:00\",\"description\":\"Disfruta este tour privado de d\u00eda completo en Fez con guia oficial. Entradas incluidas a los monumentos m\u00e1s emblem\u00e1ticos de la ciudad.\",\"breadcrumb\":{\"@id\":\"https:\/\/tourtravelandmore.com\/es\/tours\/marruecos-es\/fez-es\/fez-tour-privado-dia-completo\/#breadcrumb\"},\"inLanguage\":\"es\",\"potentialAction\":[{\"@type\":\"ReadAction\",\"target\":[\"https:\/\/tourtravelandmore.com\/es\/tours\/marruecos-es\/fez-es\/fez-tour-privado-dia-completo\/\"]}]},{\"@type\":\"ImageObject\",\"inLanguage\":\"es\",\"@id\":\"https:\/\/tourtravelandmore.com\/es\/tours\/marruecos-es\/fez-es\/fez-tour-privado-dia-completo\/#primaryimage\",\"url\":\"https:\/\/tourtravelandmore.com\/wp-content\/uploads\/2019\/01\/4583770043_8f1e194f34_b-fezzz.jpg\",\"contentUrl\":\"https:\/\/tourtravelandmore.com\/wp-content\/uploads\/2019\/01\/4583770043_8f1e194f34_b-fezzz.jpg\",\"width\":1024,\"height\":768,\"caption\":\"Color-exagerated view of a leather-processing area inside the medina of Fez, Morocco. Be glad pictures don't smell (@torrenegra).\"},{\"@type\":\"BreadcrumbList\",\"@id\":\"https:\/\/tourtravelandmore.com\/es\/tours\/marruecos-es\/fez-es\/fez-tour-privado-dia-completo\/#breadcrumb\",\"itemListElement\":[{\"@type\":\"ListItem\",\"position\":1,\"name\":\"Home\",\"item\":\"https:\/\/tourtravelandmore.com\/es\/\"},{\"@type\":\"ListItem\",\"position\":2,\"name\":\"Tours\",\"item\":\"https:\/\/tourtravelandmore.com\/es\/tours\/\"},{\"@type\":\"ListItem\",\"position\":3,\"name\":\"Fez: Tour Privado de d\u00eda completo\"}]},{\"@type\":\"WebSite\",\"@id\":\"https:\/\/tourtravelandmore.com\/es\/#website\",\"url\":\"https:\/\/tourtravelandmore.com\/es\/\",\"name\":\"Tour Travel And More\",\"description\":\"Private sightseeing tours and luxury transfers in Spain\",\"publisher\":{\"@id\":\"https:\/\/tourtravelandmore.com\/es\/#organization\"},\"potentialAction\":[{\"@type\":\"SearchAction\",\"target\":{\"@type\":\"EntryPoint\",\"urlTemplate\":\"https:\/\/tourtravelandmore.com\/es\/?s={search_term_string}\"},\"query-input\":{\"@type\":\"PropertyValueSpecification\",\"valueRequired\":true,\"valueName\":\"search_term_string\"}}],\"inLanguage\":\"es\"},{\"@type\":\"Organization\",\"@id\":\"https:\/\/tourtravelandmore.com\/es\/#organization\",\"name\":\"Tour Travel And More\",\"url\":\"https:\/\/tourtravelandmore.com\/es\/\",\"logo\":{\"@type\":\"ImageObject\",\"inLanguage\":\"es\",\"@id\":\"https:\/\/tourtravelandmore.com\/es\/#\/schema\/logo\/image\/\",\"url\":\"https:\/\/tourtravelandmore.com\/wp-content\/uploads\/2022\/12\/cropped-logo-cabecera-new.png\",\"contentUrl\":\"https:\/\/tourtravelandmore.com\/wp-content\/uploads\/2022\/12\/cropped-logo-cabecera-new.png\",\"width\":430,\"height\":61,\"caption\":\"Tour Travel And More\"},\"image\":{\"@id\":\"https:\/\/tourtravelandmore.com\/es\/#\/schema\/logo\/image\/\"},\"sameAs\":[\"https:\/\/www.facebook.com\/tourtravelandmore\/\",\"https:\/\/x.com\/TourTravel_More\"]}]}<\/script>\n<!-- \/ Yoast SEO Premium plugin. -->","yoast_head_json":{"title":"Tour Privado de dia completo de Fez con guia oficial y vehiculo privado","description":"Disfruta este tour privado de d\u00eda completo en Fez con guia oficial. Entradas incluidas a los monumentos m\u00e1s emblem\u00e1ticos de la ciudad.","robots":{"index":"index","follow":"follow","max-snippet":"max-snippet:-1","max-image-preview":"max-image-preview:large","max-video-preview":"max-video-preview:-1"},"canonical":"https:\/\/tourtravelandmore.com\/es\/tours\/marruecos-es\/fez-es\/fez-tour-privado-dia-completo\/","og_locale":"es_ES","og_type":"article","og_title":"Fez: Tour Privado de d\u00eda completo","og_description":"Disfruta este tour privado de d\u00eda completo en Fez con guia oficial. Entradas incluidas a los monumentos m\u00e1s emblem\u00e1ticos de la ciudad.","og_url":"https:\/\/tourtravelandmore.com\/es\/tours\/marruecos-es\/fez-es\/fez-tour-privado-dia-completo\/","og_site_name":"Tour Travel And More","article_publisher":"https:\/\/www.facebook.com\/tourtravelandmore\/","article_modified_time":"2020-10-07T10:40:29+00:00","og_image":[{"width":1024,"height":768,"url":"https:\/\/tourtravelandmore.com\/wp-content\/uploads\/2019\/01\/4583770043_8f1e194f34_b-fezzz.jpg","type":"image\/jpeg"}],"twitter_card":"summary_large_image","twitter_site":"@TourTravel_More","twitter_misc":{"Tiempo de lectura":"2 minutos"},"schema":{"@context":"https:\/\/schema.org","@graph":[{"@type":"WebPage","@id":"https:\/\/tourtravelandmore.com\/es\/tours\/marruecos-es\/fez-es\/fez-tour-privado-dia-completo\/","url":"https:\/\/tourtravelandmore.com\/es\/tours\/marruecos-es\/fez-es\/fez-tour-privado-dia-completo\/","name":"Tour Privado de dia completo de Fez con guia oficial y vehiculo privado","isPartOf":{"@id":"https:\/\/tourtravelandmore.com\/es\/#website"},"primaryImageOfPage":{"@id":"https:\/\/tourtravelandmore.com\/es\/tours\/marruecos-es\/fez-es\/fez-tour-privado-dia-completo\/#primaryimage"},"image":{"@id":"https:\/\/tourtravelandmore.com\/es\/tours\/marruecos-es\/fez-es\/fez-tour-privado-dia-completo\/#primaryimage"},"thumbnailUrl":"https:\/\/tourtravelandmore.com\/wp-content\/uploads\/2019\/01\/4583770043_8f1e194f34_b-fezzz.jpg","datePublished":"2019-01-30T15:45:41+00:00","dateModified":"2020-10-07T10:40:29+00:00","description":"Disfruta este tour privado de d\u00eda completo en Fez con guia oficial. Entradas incluidas a los monumentos m\u00e1s emblem\u00e1ticos de la ciudad.","breadcrumb":{"@id":"https:\/\/tourtravelandmore.com\/es\/tours\/marruecos-es\/fez-es\/fez-tour-privado-dia-completo\/#breadcrumb"},"inLanguage":"es","potentialAction":[{"@type":"ReadAction","target":["https:\/\/tourtravelandmore.com\/es\/tours\/marruecos-es\/fez-es\/fez-tour-privado-dia-completo\/"]}]},{"@type":"ImageObject","inLanguage":"es","@id":"https:\/\/tourtravelandmore.com\/es\/tours\/marruecos-es\/fez-es\/fez-tour-privado-dia-completo\/#primaryimage","url":"https:\/\/tourtravelandmore.com\/wp-content\/uploads\/2019\/01\/4583770043_8f1e194f34_b-fezzz.jpg","contentUrl":"https:\/\/tourtravelandmore.com\/wp-content\/uploads\/2019\/01\/4583770043_8f1e194f34_b-fezzz.jpg","width":1024,"height":768,"caption":"Color-exagerated view of a leather-processing area inside the medina of Fez, Morocco. Be glad pictures don't smell (@torrenegra)."},{"@type":"BreadcrumbList","@id":"https:\/\/tourtravelandmore.com\/es\/tours\/marruecos-es\/fez-es\/fez-tour-privado-dia-completo\/#breadcrumb","itemListElement":[{"@type":"ListItem","position":1,"name":"Home","item":"https:\/\/tourtravelandmore.com\/es\/"},{"@type":"ListItem","position":2,"name":"Tours","item":"https:\/\/tourtravelandmore.com\/es\/tours\/"},{"@type":"ListItem","position":3,"name":"Fez: Tour Privado de d\u00eda completo"}]},{"@type":"WebSite","@id":"https:\/\/tourtravelandmore.com\/es\/#website","url":"https:\/\/tourtravelandmore.com\/es\/","name":"Tour Travel And More","description":"Private sightseeing tours and luxury transfers in Spain","publisher":{"@id":"https:\/\/tourtravelandmore.com\/es\/#organization"},"potentialAction":[{"@type":"SearchAction","target":{"@type":"EntryPoint","urlTemplate":"https:\/\/tourtravelandmore.com\/es\/?s={search_term_string}"},"query-input":{"@type":"PropertyValueSpecification","valueRequired":true,"valueName":"search_term_string"}}],"inLanguage":"es"},{"@type":"Organization","@id":"https:\/\/tourtravelandmore.com\/es\/#organization","name":"Tour Travel And More","url":"https:\/\/tourtravelandmore.com\/es\/","logo":{"@type":"ImageObject","inLanguage":"es","@id":"https:\/\/tourtravelandmore.com\/es\/#\/schema\/logo\/image\/","url":"https:\/\/tourtravelandmore.com\/wp-content\/uploads\/2022\/12\/cropped-logo-cabecera-new.png","contentUrl":"https:\/\/tourtravelandmore.com\/wp-content\/uploads\/2022\/12\/cropped-logo-cabecera-new.png","width":430,"height":61,"caption":"Tour Travel And More"},"image":{"@id":"https:\/\/tourtravelandmore.com\/es\/#\/schema\/logo\/image\/"},"sameAs":["https:\/\/www.facebook.com\/tourtravelandmore\/","https:\/\/x.com\/TourTravel_More"]}]}},"_links":{"self":[{"href":"https:\/\/tourtravelandmore.com\/es\/wp-json\/wp\/v2\/product\/32018","targetHints":{"allow":["GET"]}}],"collection":[{"href":"https:\/\/tourtravelandmore.com\/es\/wp-json\/wp\/v2\/product"}],"about":[{"href":"https:\/\/tourtravelandmore.com\/es\/wp-json\/wp\/v2\/types\/product"}],"replies":[{"embeddable":true,"href":"https:\/\/tourtravelandmore.com\/es\/wp-json\/wp\/v2\/comments?post=32018"}],"wp:featuredmedia":[{"embeddable":true,"href":"https:\/\/tourtravelandmore.com\/es\/wp-json\/wp\/v2\/media\/32024"}],"wp:attachment":[{"href":"https:\/\/tourtravelandmore.com\/es\/wp-json\/wp\/v2\/media?parent=32018"}],"wp:term":[{"taxonomy":"product_brand","embeddable":true,"href":"https:\/\/tourtravelandmore.com\/es\/wp-json\/wp\/v2\/product_brand?post=32018"},{"taxonomy":"product_cat","embeddable":true,"href":"https:\/\/tourtravelandmore.com\/es\/wp-json\/wp\/v2\/product_cat?post=32018"},{"taxonomy":"product_tag","embeddable":true,"href":"https:\/\/tourtravelandmore.com\/es\/wp-json\/wp\/v2\/product_tag?post=32018"}],"curies":[{"name":"wp","href":"https:\/\/api.w.org\/{rel}","templated":true}]}}