{"id":31995,"date":"2019-01-30T14:20:56","date_gmt":"2019-01-30T13:20:58","guid":{"rendered":"http:\/\/tourtravelandmore.com\/es\/tours\/fez-es\/tour-privado-excursion-a-rabat-desde-fez\/"},"modified":"2021-11-26T13:25:20","modified_gmt":"2021-11-26T12:25:20","slug":"tour-privado-excursion-a-rabat-desde-fez","status":"publish","type":"product","link":"https:\/\/tourtravelandmore.com\/es\/tours\/marruecos-es\/fez-es\/tour-privado-excursion-a-rabat-desde-fez\/","title":{"rendered":"Tour Privado: Excursi\u00f3n a Rabat desde Fez."},"content":{"rendered":"<h2>Descripci\u00f3n del Tour Privado: Excursi\u00f3n a Rabat desde Fez.<\/h2>\n<p>Disfrute de esta incre\u00edble experiencia desde la recogida en su hotel o riad en veh\u00edculo privado hasta la llegada a Rabat. Por el camino podr\u00e1 disfrutar de sus bonitos paisajes donde puede tomar algunas fotos. Empezaremos el tour por los monumentos m\u00e1s emblem\u00e1ticos de esta ciudad como son la Torre Hassan y el Mausoleo de Mohamed V.<\/p>\n<p>Podremos parar para realizar un almuerzo y continuar hasta la Casba de los Udaya y el palacio real de Rabat donde para acceder hay que atravesar la explanada de M\u00e9chouar, que tiene siete puertas reales, cada una de ellas distinta y decorada de forma diferente.<\/p>\n<p>Para finalizar este tour nos aventuraremos en las ruinas de Chella, una fortaleza musulmana medieval imprescindible si vas a hacer la visita a esta ciudad.<\/p>\n<p>Disfrute de la flexibilidad de este tour donde podemos centrarnos en lugares que m\u00e1s le interesen.<\/p>\n<h2>Principales puntos de inter\u00e9s durante este tour privado<\/h2>\n<p>El <strong>tour privado<\/strong> comenzar\u00e1 con la recogida en su hotel o riad en vuestro veh\u00edculo privado para llegar a <strong>Rabat<\/strong> situada a tan solo dos horas de <strong>Fez<\/strong>. Su gu\u00eda les llevar\u00e1 por los distintos puntos m\u00e1s emblem\u00e1ticos de esta ciudad donde descubrir\u00e1n a\u00f1os de patrimonio cultural marroqu\u00ed.<\/p>\n<p>Durante vuestro tour, podr\u00e9is ver entre otros los siguientes lugares de inter\u00e9s:<\/p>\n<ul>\n<li><strong>Palacio Real<\/strong><\/li>\n<li><strong>La mezquita Hassan II<\/strong><\/li>\n<li><strong>La Mellah<\/strong><\/li>\n<li><strong>Torre Hassan<\/strong><\/li>\n<li><strong>Mucho m\u00e1s!<\/strong><\/li>\n<\/ul>\n<h3>La Ciudad: Rabat<\/h3>\n<p>Rabat es la capital de Marruecos situada junto al r\u00edo Bu Regreg y al oc\u00e9ano Atl\u00e1ntico. Es famosa por los monumentos que reflejan su legado isl\u00e1mico y colonial franc\u00e9s, como la Alcazaba de los Udayas. Por su valor cultural e hist\u00f3rico, la ciudad ha sido declarada Patrimonio Mundial por la UNESCO.<\/p>\n<h3>Nuestros Tours Privados en Tour Travel &amp; More<\/h3>\n<p>Ofrecemos a nuestros clientes tours privados para familias, amigos e incluso para incentivos o grupos grandes. Entendemos las necesidades de los viajeros mientras est\u00e1n de vacaciones, y hacemos todo lo posible para que su estancia sea inolvidable. Nuestra flota se compone de veh\u00edculos de lujo y nuestro personal es perfectamente multiling\u00fce. Nuestros gu\u00edas hablan varios idiomas: <strong><em>Ingl\u00e9s, Espa\u00f1ol, Franc\u00e9s, Italiano, Polaco, Holand\u00e9s, Chino, Ruso, Japon\u00e9s, Alem\u00e1n, Griego y Portugu\u00e9s.<\/em><\/strong><\/p>\n","protected":false},"excerpt":{"rendered":"<p>Acomp\u00e1\u00f1enos en es <strong>tour privado de 8 horas a Rabat desde Fez<\/strong> y disfrute de esta magn\u00edfica ciudad declarada patrimonio de la humanidad. Visitar\u00e1 los lugares m\u00e1s destacados, como el <strong>Mausoleo de Mohammed V<\/strong> y la <strong>Torre de Hassan del siglo XII<\/strong>. Podr\u00e1 aventurarse tanto en la <strong>medina<\/strong> (casco antiguo de la ciudad) como en las <strong>ruinas romanas y medievales<\/strong> en Chellah.<\/p>\n<p>&nbsp;<\/p>\n","protected":false},"featured_media":32003,"comment_status":"open","ping_status":"closed","template":"","meta":{"_acf_changed":false},"product_brand":[],"product_cat":[1610,1070,1071,1073],"product_tag":[],"class_list":{"0":"post-31995","1":"product","2":"type-product","3":"status-publish","4":"has-post-thumbnail","6":"product_cat-marruecos-es","7":"product_cat-fez-es","8":"product_cat-fez-actividades-es","9":"product_cat-fez-excursiones-es","11":"first","12":"instock","13":"shipping-taxable","14":"purchasable","15":"product-type-simple"},"acf":[],"yoast_head":"<!-- This site is optimized with the Yoast SEO Premium plugin v25.3.1 (Yoast SEO v25.3.1) - https:\/\/yoast.com\/wordpress\/plugins\/seo\/ -->\n<title>Tour Privado de d\u00eda completo a Rabat con gu\u00eda privado | TTM<\/title>\n<meta name=\"description\" content=\"Disfruta este tour privado de d\u00eda completo a Rabat desde Fez con chofer y guia local experto. Entradas a los momumentos incluidas \u2705\" \/>\n<meta name=\"robots\" content=\"index, follow, max-snippet:-1, max-image-preview:large, max-video-preview:-1\" \/>\n<link rel=\"canonical\" href=\"https:\/\/tourtravelandmore.com\/es\/tours\/marruecos-es\/fez-es\/tour-privado-excursion-a-rabat-desde-fez\/\" \/>\n<meta property=\"og:locale\" content=\"es_ES\" \/>\n<meta property=\"og:type\" content=\"article\" \/>\n<meta property=\"og:title\" content=\"Tour Privado: Excursi\u00f3n a Rabat desde Fez.\" \/>\n<meta property=\"og:description\" content=\"Disfruta este tour privado de d\u00eda completo a Rabat desde Fez con chofer y guia local experto. Entradas a los momumentos incluidas \u2705\" \/>\n<meta property=\"og:url\" content=\"https:\/\/tourtravelandmore.com\/es\/tours\/marruecos-es\/fez-es\/tour-privado-excursion-a-rabat-desde-fez\/\" \/>\n<meta property=\"og:site_name\" content=\"Tour Travel And More\" \/>\n<meta property=\"article:publisher\" content=\"https:\/\/www.facebook.com\/tourtravelandmore\/\" \/>\n<meta property=\"article:modified_time\" content=\"2021-11-26T12:25:20+00:00\" \/>\n<meta property=\"og:image\" content=\"https:\/\/tourtravelandmore.com\/wp-content\/uploads\/2019\/01\/Rabat_Mausole_MohammedV.jpg\" \/>\n\t<meta property=\"og:image:width\" content=\"1600\" \/>\n\t<meta property=\"og:image:height\" content=\"1200\" \/>\n\t<meta property=\"og:image:type\" content=\"image\/jpeg\" \/>\n<meta name=\"twitter:card\" content=\"summary_large_image\" \/>\n<meta name=\"twitter:site\" content=\"@TourTravel_More\" \/>\n<meta name=\"twitter:label1\" content=\"Tiempo de lectura\" \/>\n\t<meta name=\"twitter:data1\" content=\"2 minutos\" \/>\n<script type=\"application\/ld+json\" class=\"yoast-schema-graph\">{\"@context\":\"https:\/\/schema.org\",\"@graph\":[{\"@type\":\"WebPage\",\"@id\":\"https:\/\/tourtravelandmore.com\/es\/tours\/marruecos-es\/fez-es\/tour-privado-excursion-a-rabat-desde-fez\/\",\"url\":\"https:\/\/tourtravelandmore.com\/es\/tours\/marruecos-es\/fez-es\/tour-privado-excursion-a-rabat-desde-fez\/\",\"name\":\"Tour Privado de d\u00eda completo a Rabat con gu\u00eda privado | TTM\",\"isPartOf\":{\"@id\":\"https:\/\/tourtravelandmore.com\/es\/#website\"},\"primaryImageOfPage\":{\"@id\":\"https:\/\/tourtravelandmore.com\/es\/tours\/marruecos-es\/fez-es\/tour-privado-excursion-a-rabat-desde-fez\/#primaryimage\"},\"image\":{\"@id\":\"https:\/\/tourtravelandmore.com\/es\/tours\/marruecos-es\/fez-es\/tour-privado-excursion-a-rabat-desde-fez\/#primaryimage\"},\"thumbnailUrl\":\"https:\/\/tourtravelandmore.com\/wp-content\/uploads\/2019\/01\/Rabat_Mausole_MohammedV.jpg\",\"datePublished\":\"2019-01-30T13:20:58+00:00\",\"dateModified\":\"2021-11-26T12:25:20+00:00\",\"description\":\"Disfruta este tour privado de d\u00eda completo a Rabat desde Fez con chofer y guia local experto. Entradas a los momumentos incluidas \u2705\",\"breadcrumb\":{\"@id\":\"https:\/\/tourtravelandmore.com\/es\/tours\/marruecos-es\/fez-es\/tour-privado-excursion-a-rabat-desde-fez\/#breadcrumb\"},\"inLanguage\":\"es\",\"potentialAction\":[{\"@type\":\"ReadAction\",\"target\":[\"https:\/\/tourtravelandmore.com\/es\/tours\/marruecos-es\/fez-es\/tour-privado-excursion-a-rabat-desde-fez\/\"]}]},{\"@type\":\"ImageObject\",\"inLanguage\":\"es\",\"@id\":\"https:\/\/tourtravelandmore.com\/es\/tours\/marruecos-es\/fez-es\/tour-privado-excursion-a-rabat-desde-fez\/#primaryimage\",\"url\":\"https:\/\/tourtravelandmore.com\/wp-content\/uploads\/2019\/01\/Rabat_Mausole_MohammedV.jpg\",\"contentUrl\":\"https:\/\/tourtravelandmore.com\/wp-content\/uploads\/2019\/01\/Rabat_Mausole_MohammedV.jpg\",\"width\":1600,\"height\":1200},{\"@type\":\"BreadcrumbList\",\"@id\":\"https:\/\/tourtravelandmore.com\/es\/tours\/marruecos-es\/fez-es\/tour-privado-excursion-a-rabat-desde-fez\/#breadcrumb\",\"itemListElement\":[{\"@type\":\"ListItem\",\"position\":1,\"name\":\"Home\",\"item\":\"https:\/\/tourtravelandmore.com\/es\/\"},{\"@type\":\"ListItem\",\"position\":2,\"name\":\"Tours\",\"item\":\"https:\/\/tourtravelandmore.com\/es\/tours\/\"},{\"@type\":\"ListItem\",\"position\":3,\"name\":\"Tour Privado: Excursi\u00f3n a Rabat desde Fez.\"}]},{\"@type\":\"WebSite\",\"@id\":\"https:\/\/tourtravelandmore.com\/es\/#website\",\"url\":\"https:\/\/tourtravelandmore.com\/es\/\",\"name\":\"Tour Travel And More\",\"description\":\"Private sightseeing tours and luxury transfers in Spain\",\"publisher\":{\"@id\":\"https:\/\/tourtravelandmore.com\/es\/#organization\"},\"potentialAction\":[{\"@type\":\"SearchAction\",\"target\":{\"@type\":\"EntryPoint\",\"urlTemplate\":\"https:\/\/tourtravelandmore.com\/es\/?s={search_term_string}\"},\"query-input\":{\"@type\":\"PropertyValueSpecification\",\"valueRequired\":true,\"valueName\":\"search_term_string\"}}],\"inLanguage\":\"es\"},{\"@type\":\"Organization\",\"@id\":\"https:\/\/tourtravelandmore.com\/es\/#organization\",\"name\":\"Tour Travel And More\",\"url\":\"https:\/\/tourtravelandmore.com\/es\/\",\"logo\":{\"@type\":\"ImageObject\",\"inLanguage\":\"es\",\"@id\":\"https:\/\/tourtravelandmore.com\/es\/#\/schema\/logo\/image\/\",\"url\":\"https:\/\/tourtravelandmore.com\/wp-content\/uploads\/2022\/12\/cropped-logo-cabecera-new.png\",\"contentUrl\":\"https:\/\/tourtravelandmore.com\/wp-content\/uploads\/2022\/12\/cropped-logo-cabecera-new.png\",\"width\":430,\"height\":61,\"caption\":\"Tour Travel And More\"},\"image\":{\"@id\":\"https:\/\/tourtravelandmore.com\/es\/#\/schema\/logo\/image\/\"},\"sameAs\":[\"https:\/\/www.facebook.com\/tourtravelandmore\/\",\"https:\/\/x.com\/TourTravel_More\"]}]}<\/script>\n<!-- \/ Yoast SEO Premium plugin. -->","yoast_head_json":{"title":"Tour Privado de d\u00eda completo a Rabat con gu\u00eda privado | TTM","description":"Disfruta este tour privado de d\u00eda completo a Rabat desde Fez con chofer y guia local experto. Entradas a los momumentos incluidas \u2705","robots":{"index":"index","follow":"follow","max-snippet":"max-snippet:-1","max-image-preview":"max-image-preview:large","max-video-preview":"max-video-preview:-1"},"canonical":"https:\/\/tourtravelandmore.com\/es\/tours\/marruecos-es\/fez-es\/tour-privado-excursion-a-rabat-desde-fez\/","og_locale":"es_ES","og_type":"article","og_title":"Tour Privado: Excursi\u00f3n a Rabat desde Fez.","og_description":"Disfruta este tour privado de d\u00eda completo a Rabat desde Fez con chofer y guia local experto. Entradas a los momumentos incluidas \u2705","og_url":"https:\/\/tourtravelandmore.com\/es\/tours\/marruecos-es\/fez-es\/tour-privado-excursion-a-rabat-desde-fez\/","og_site_name":"Tour Travel And More","article_publisher":"https:\/\/www.facebook.com\/tourtravelandmore\/","article_modified_time":"2021-11-26T12:25:20+00:00","og_image":[{"width":1600,"height":1200,"url":"https:\/\/tourtravelandmore.com\/wp-content\/uploads\/2019\/01\/Rabat_Mausole_MohammedV.jpg","type":"image\/jpeg"}],"twitter_card":"summary_large_image","twitter_site":"@TourTravel_More","twitter_misc":{"Tiempo de lectura":"2 minutos"},"schema":{"@context":"https:\/\/schema.org","@graph":[{"@type":"WebPage","@id":"https:\/\/tourtravelandmore.com\/es\/tours\/marruecos-es\/fez-es\/tour-privado-excursion-a-rabat-desde-fez\/","url":"https:\/\/tourtravelandmore.com\/es\/tours\/marruecos-es\/fez-es\/tour-privado-excursion-a-rabat-desde-fez\/","name":"Tour Privado de d\u00eda completo a Rabat con gu\u00eda privado | TTM","isPartOf":{"@id":"https:\/\/tourtravelandmore.com\/es\/#website"},"primaryImageOfPage":{"@id":"https:\/\/tourtravelandmore.com\/es\/tours\/marruecos-es\/fez-es\/tour-privado-excursion-a-rabat-desde-fez\/#primaryimage"},"image":{"@id":"https:\/\/tourtravelandmore.com\/es\/tours\/marruecos-es\/fez-es\/tour-privado-excursion-a-rabat-desde-fez\/#primaryimage"},"thumbnailUrl":"https:\/\/tourtravelandmore.com\/wp-content\/uploads\/2019\/01\/Rabat_Mausole_MohammedV.jpg","datePublished":"2019-01-30T13:20:58+00:00","dateModified":"2021-11-26T12:25:20+00:00","description":"Disfruta este tour privado de d\u00eda completo a Rabat desde Fez con chofer y guia local experto. Entradas a los momumentos incluidas \u2705","breadcrumb":{"@id":"https:\/\/tourtravelandmore.com\/es\/tours\/marruecos-es\/fez-es\/tour-privado-excursion-a-rabat-desde-fez\/#breadcrumb"},"inLanguage":"es","potentialAction":[{"@type":"ReadAction","target":["https:\/\/tourtravelandmore.com\/es\/tours\/marruecos-es\/fez-es\/tour-privado-excursion-a-rabat-desde-fez\/"]}]},{"@type":"ImageObject","inLanguage":"es","@id":"https:\/\/tourtravelandmore.com\/es\/tours\/marruecos-es\/fez-es\/tour-privado-excursion-a-rabat-desde-fez\/#primaryimage","url":"https:\/\/tourtravelandmore.com\/wp-content\/uploads\/2019\/01\/Rabat_Mausole_MohammedV.jpg","contentUrl":"https:\/\/tourtravelandmore.com\/wp-content\/uploads\/2019\/01\/Rabat_Mausole_MohammedV.jpg","width":1600,"height":1200},{"@type":"BreadcrumbList","@id":"https:\/\/tourtravelandmore.com\/es\/tours\/marruecos-es\/fez-es\/tour-privado-excursion-a-rabat-desde-fez\/#breadcrumb","itemListElement":[{"@type":"ListItem","position":1,"name":"Home","item":"https:\/\/tourtravelandmore.com\/es\/"},{"@type":"ListItem","position":2,"name":"Tours","item":"https:\/\/tourtravelandmore.com\/es\/tours\/"},{"@type":"ListItem","position":3,"name":"Tour Privado: Excursi\u00f3n a Rabat desde Fez."}]},{"@type":"WebSite","@id":"https:\/\/tourtravelandmore.com\/es\/#website","url":"https:\/\/tourtravelandmore.com\/es\/","name":"Tour Travel And More","description":"Private sightseeing tours and luxury transfers in Spain","publisher":{"@id":"https:\/\/tourtravelandmore.com\/es\/#organization"},"potentialAction":[{"@type":"SearchAction","target":{"@type":"EntryPoint","urlTemplate":"https:\/\/tourtravelandmore.com\/es\/?s={search_term_string}"},"query-input":{"@type":"PropertyValueSpecification","valueRequired":true,"valueName":"search_term_string"}}],"inLanguage":"es"},{"@type":"Organization","@id":"https:\/\/tourtravelandmore.com\/es\/#organization","name":"Tour Travel And More","url":"https:\/\/tourtravelandmore.com\/es\/","logo":{"@type":"ImageObject","inLanguage":"es","@id":"https:\/\/tourtravelandmore.com\/es\/#\/schema\/logo\/image\/","url":"https:\/\/tourtravelandmore.com\/wp-content\/uploads\/2022\/12\/cropped-logo-cabecera-new.png","contentUrl":"https:\/\/tourtravelandmore.com\/wp-content\/uploads\/2022\/12\/cropped-logo-cabecera-new.png","width":430,"height":61,"caption":"Tour Travel And More"},"image":{"@id":"https:\/\/tourtravelandmore.com\/es\/#\/schema\/logo\/image\/"},"sameAs":["https:\/\/www.facebook.com\/tourtravelandmore\/","https:\/\/x.com\/TourTravel_More"]}]}},"_links":{"self":[{"href":"https:\/\/tourtravelandmore.com\/es\/wp-json\/wp\/v2\/product\/31995","targetHints":{"allow":["GET"]}}],"collection":[{"href":"https:\/\/tourtravelandmore.com\/es\/wp-json\/wp\/v2\/product"}],"about":[{"href":"https:\/\/tourtravelandmore.com\/es\/wp-json\/wp\/v2\/types\/product"}],"replies":[{"embeddable":true,"href":"https:\/\/tourtravelandmore.com\/es\/wp-json\/wp\/v2\/comments?post=31995"}],"wp:featuredmedia":[{"embeddable":true,"href":"https:\/\/tourtravelandmore.com\/es\/wp-json\/wp\/v2\/media\/32003"}],"wp:attachment":[{"href":"https:\/\/tourtravelandmore.com\/es\/wp-json\/wp\/v2\/media?parent=31995"}],"wp:term":[{"taxonomy":"product_brand","embeddable":true,"href":"https:\/\/tourtravelandmore.com\/es\/wp-json\/wp\/v2\/product_brand?post=31995"},{"taxonomy":"product_cat","embeddable":true,"href":"https:\/\/tourtravelandmore.com\/es\/wp-json\/wp\/v2\/product_cat?post=31995"},{"taxonomy":"product_tag","embeddable":true,"href":"https:\/\/tourtravelandmore.com\/es\/wp-json\/wp\/v2\/product_tag?post=31995"}],"curies":[{"name":"wp","href":"https:\/\/api.w.org\/{rel}","templated":true}]}}