{"id":31357,"date":"2019-01-16T17:26:28","date_gmt":"2019-01-16T16:26:30","guid":{"rendered":"http:\/\/tourtravelandmore.com\/es\/tours\/fuerteventura-es\/tour-privado-del-sur-de-fuerteventura\/"},"modified":"2022-11-29T01:40:49","modified_gmt":"2022-11-29T00:40:49","slug":"excursion-privada-fuerteventura-con-chofer-guia-zona-sur-isla","status":"publish","type":"product","link":"https:\/\/tourtravelandmore.com\/es\/tours\/espana-es\/fuerteventura-es\/excursion-privada-fuerteventura-con-chofer-guia-zona-sur-isla\/","title":{"rendered":"Tour Privado del Sur de Fuerteventura"},"content":{"rendered":"<h2>Descripci\u00f3n Tour Privado del Sur de Fuerteventura<\/h2>\n<p><span lang=\"es\">Aproveche esta oportunidad para disfrutar de las mejores partes del sur gracias a esta excursi\u00f3n privada Fuerteventura.<br \/>\n<\/span><\/p>\n<p><span lang=\"es\">Fuerteventura es la segunda isla m\u00e1s grande de las islas Canarias. Este Tour se centrar\u00e1 en la parte Sur de la Isla.<\/span><\/p>\n<p><span lang=\"es\">Para esta excursi\u00f3n privada Fuerteventura del Sur, comenzaremos por recogerlo desde su hotel en Fuerteventura. La recogida puede ser desde cualquier hotel de la isla, norte o sur.<\/span><\/p>\n<p><span lang=\"es\"> Tambi\u00e9n podemos organizar la recogida desde el aeropuerto, el apartamento o incluso el puerto de cruceros. \u00a1Solo d\u00edganos d\u00f3nde estar\u00e1 y nuestro chofer\/gu\u00eda ah\u00ed estar\u00e1!<\/span><\/p>\n<p><span lang=\"es\">Comenzaremos la excursi\u00f3n privado Fuerteventura por la parte sur de la isla. Como mencionamos anteriormente, Fuerteventura es la segunda isla m\u00e1s grande de este archipi\u00e9lago. Es por eso que no podemos hacer un recorrido por toda la isla en solo un d\u00eda.<\/span><\/p>\n<p><span lang=\"es\">La duraci\u00f3n son 8 horas. Podr\u00e1 parar para comer en un lugar t\u00edpico de la zona.<\/span><\/p>\n<p><span lang=\"es\">Fuerteventura es una isla declarada reserva de la biosfera en 2009 por la UNESCO. La capital de esta isla es Puerto del Rosario.<\/span><\/p>\n<h2>Puntos de inter\u00e9s en el Tour Privado del Sur de Fuerteventura<\/h2>\n<p><span lang=\"es\">Fuerteventura es un gran lugar tur\u00edstico que atrae a muchas personas durante todo el a\u00f1o. Es muy conocida por sus m\u00e1s de\u00a0 3000 horas de sol al a\u00f1o.<\/span><\/p>\n<p><span lang=\"es\">Disfruta de las hermosas playas de arena que Fuerteventura tiene para ofrecer.<\/span><\/p>\n<p><span lang=\"es\">Conoceremos lo m\u00e1s importante del Sur de Fuerteventura:<\/span><\/p>\n<ul>\n<li><strong><span lang=\"es\">Faro de Entallada <\/span><\/strong><\/li>\n<li><strong>Costa de Jand\u00eda<\/strong><\/li>\n<li><strong>Morro Jable<\/strong><\/li>\n<li><strong>Costa Calma<\/strong><\/li>\n<li><strong><span lang=\"es\">La pared<\/span><\/strong><\/li>\n<li><strong><span lang=\"es\">Sotavento<\/span><\/strong><\/li>\n<li><strong><span lang=\"es\">Faro Matorral<\/span><\/strong><\/li>\n<li><strong><span lang=\"es\">\u00a1Mucho m\u00e1s!<\/span><\/strong><\/li>\n<\/ul>\n<p><span lang=\"es\">Organizaremos paradas en los sitios m\u00e1s emblem\u00e1ticos y tur\u00edsticos de la parte sur de Fuerteventura. <\/span><\/p>\n<p><span lang=\"es\">Adem\u00e1s, dispondr\u00e1n de un tiempo para comer algo en el punto que elija.<\/span><\/p>\n<p><span lang=\"es\">Finalmente, lo devolveremos a su hotel o ubicaci\u00f3n elegida en Fuerteventura.<\/span><\/p>\n<p><span lang=\"es\">En conclusi\u00f3n, conozca los principales sitios del sur de Fuerteventura. Explore con su gu\u00eda tur\u00edstico estos maravillosos sitios. Siempre podemos personalizar el recorrido para satisfacer sus propias expectativas.<\/span><\/p>\n<p>Si dispone de m\u00e1s d\u00edas puede consultar el resto de los <a href=\"https:\/\/tourtravelandmore.com\/es\/ciudad\/espana-es\/fuerteventura-es\/\">tours privados que ofrecemos en Fuerteventura.<\/a><\/p>\n","protected":false},"excerpt":{"rendered":"<p>Disfrute de esta excursi\u00f3n privada de un d\u00eda completamente personalizada para conocer las mejores zonas del <strong>sur de Fuerteventura<\/strong>. Tendr\u00e1 una disposici\u00f3n total de un conductor\/gu\u00eda privado para todo su recorrido. Tenga una c\u00f3moda experiencia en nuestro veh\u00edculo privado de lujo. La recogida se puede organizar desde cualquier parte de la isla. Cont\u00e1ctenos para una experiencia personalizada.<\/p>\n","protected":false},"featured_media":31363,"comment_status":"open","ping_status":"closed","template":"","meta":{"_acf_changed":false},"product_brand":[],"product_cat":[1035,1036,1037,1038],"product_tag":[],"class_list":{"0":"post-31357","1":"product","2":"type-product","3":"status-publish","4":"has-post-thumbnail","6":"product_cat-fuerteventura-es","7":"product_cat-fuerteventura-actividades-es","8":"product_cat-fuerteventura-rutas-turisticas-privadas-es","9":"product_cat-fuerteventura-excursiones-privadas-cruceros-es","11":"first","12":"instock","13":"shipping-taxable","14":"purchasable","15":"product-type-simple"},"acf":[],"yoast_head":"<!-- This site is optimized with the Yoast SEO Premium plugin v25.3.1 (Yoast SEO v25.3.1) - https:\/\/yoast.com\/wordpress\/plugins\/seo\/ -->\n<title>\u27a1\ufe0f Excursion privada Fuerteventura con chofer\/guia: Zona Sur Isla | Tour Travel &amp; More<\/title>\n<meta name=\"description\" content=\"Descubra la parte Sur de la isla, gracias a esta excursion privada Fuerteventura, junto a su chofer\/gu\u00eda con recogida desde cualquier lugar \u2705\" \/>\n<meta name=\"robots\" content=\"index, follow, max-snippet:-1, max-image-preview:large, max-video-preview:-1\" \/>\n<link rel=\"canonical\" href=\"https:\/\/tourtravelandmore.com\/es\/tours\/espana-es\/fuerteventura-es\/excursion-privada-fuerteventura-con-chofer-guia-zona-sur-isla\/\" \/>\n<meta property=\"og:locale\" content=\"es_ES\" \/>\n<meta property=\"og:type\" content=\"article\" \/>\n<meta property=\"og:title\" content=\"Tour Privado del Sur de Fuerteventura\" \/>\n<meta property=\"og:description\" content=\"Descubra la parte Sur de la isla, gracias a esta excursion privada Fuerteventura, junto a su chofer\/gu\u00eda con recogida desde cualquier lugar \u2705\" \/>\n<meta property=\"og:url\" content=\"https:\/\/tourtravelandmore.com\/es\/tours\/espana-es\/fuerteventura-es\/excursion-privada-fuerteventura-con-chofer-guia-zona-sur-isla\/\" \/>\n<meta property=\"og:site_name\" content=\"Tour Travel And More\" \/>\n<meta property=\"article:publisher\" content=\"https:\/\/www.facebook.com\/tourtravelandmore\/\" \/>\n<meta property=\"article:modified_time\" content=\"2022-11-29T00:40:49+00:00\" \/>\n<meta property=\"og:image\" content=\"https:\/\/tourtravelandmore.com\/wp-content\/uploads\/2019\/01\/fuerteventura-2821158_960_720.jpg\" \/>\n\t<meta property=\"og:image:width\" content=\"960\" \/>\n\t<meta property=\"og:image:height\" content=\"639\" \/>\n\t<meta property=\"og:image:type\" content=\"image\/jpeg\" \/>\n<meta name=\"twitter:card\" content=\"summary_large_image\" \/>\n<meta name=\"twitter:site\" content=\"@TourTravel_More\" \/>\n<meta name=\"twitter:label1\" content=\"Tiempo de lectura\" \/>\n\t<meta name=\"twitter:data1\" content=\"2 minutos\" \/>\n<script type=\"application\/ld+json\" class=\"yoast-schema-graph\">{\"@context\":\"https:\/\/schema.org\",\"@graph\":[{\"@type\":\"WebPage\",\"@id\":\"https:\/\/tourtravelandmore.com\/es\/tours\/espana-es\/fuerteventura-es\/excursion-privada-fuerteventura-con-chofer-guia-zona-sur-isla\/\",\"url\":\"https:\/\/tourtravelandmore.com\/es\/tours\/espana-es\/fuerteventura-es\/excursion-privada-fuerteventura-con-chofer-guia-zona-sur-isla\/\",\"name\":\"\u27a1\ufe0f Excursion privada Fuerteventura con chofer\/guia: Zona Sur Isla | Tour Travel & More\",\"isPartOf\":{\"@id\":\"https:\/\/tourtravelandmore.com\/es\/#website\"},\"primaryImageOfPage\":{\"@id\":\"https:\/\/tourtravelandmore.com\/es\/tours\/espana-es\/fuerteventura-es\/excursion-privada-fuerteventura-con-chofer-guia-zona-sur-isla\/#primaryimage\"},\"image\":{\"@id\":\"https:\/\/tourtravelandmore.com\/es\/tours\/espana-es\/fuerteventura-es\/excursion-privada-fuerteventura-con-chofer-guia-zona-sur-isla\/#primaryimage\"},\"thumbnailUrl\":\"https:\/\/tourtravelandmore.com\/wp-content\/uploads\/2019\/01\/fuerteventura-2821158_960_720.jpg\",\"datePublished\":\"2019-01-16T16:26:30+00:00\",\"dateModified\":\"2022-11-29T00:40:49+00:00\",\"description\":\"Descubra la parte Sur de la isla, gracias a esta excursion privada Fuerteventura, junto a su chofer\/gu\u00eda con recogida desde cualquier lugar \u2705\",\"breadcrumb\":{\"@id\":\"https:\/\/tourtravelandmore.com\/es\/tours\/espana-es\/fuerteventura-es\/excursion-privada-fuerteventura-con-chofer-guia-zona-sur-isla\/#breadcrumb\"},\"inLanguage\":\"es\",\"potentialAction\":[{\"@type\":\"ReadAction\",\"target\":[\"https:\/\/tourtravelandmore.com\/es\/tours\/espana-es\/fuerteventura-es\/excursion-privada-fuerteventura-con-chofer-guia-zona-sur-isla\/\"]}]},{\"@type\":\"ImageObject\",\"inLanguage\":\"es\",\"@id\":\"https:\/\/tourtravelandmore.com\/es\/tours\/espana-es\/fuerteventura-es\/excursion-privada-fuerteventura-con-chofer-guia-zona-sur-isla\/#primaryimage\",\"url\":\"https:\/\/tourtravelandmore.com\/wp-content\/uploads\/2019\/01\/fuerteventura-2821158_960_720.jpg\",\"contentUrl\":\"https:\/\/tourtravelandmore.com\/wp-content\/uploads\/2019\/01\/fuerteventura-2821158_960_720.jpg\",\"width\":960,\"height\":639},{\"@type\":\"BreadcrumbList\",\"@id\":\"https:\/\/tourtravelandmore.com\/es\/tours\/espana-es\/fuerteventura-es\/excursion-privada-fuerteventura-con-chofer-guia-zona-sur-isla\/#breadcrumb\",\"itemListElement\":[{\"@type\":\"ListItem\",\"position\":1,\"name\":\"Home\",\"item\":\"https:\/\/tourtravelandmore.com\/es\/\"},{\"@type\":\"ListItem\",\"position\":2,\"name\":\"Tours\",\"item\":\"https:\/\/tourtravelandmore.com\/es\/tours\/\"},{\"@type\":\"ListItem\",\"position\":3,\"name\":\"Tour Privado del Sur de Fuerteventura\"}]},{\"@type\":\"WebSite\",\"@id\":\"https:\/\/tourtravelandmore.com\/es\/#website\",\"url\":\"https:\/\/tourtravelandmore.com\/es\/\",\"name\":\"Tour Travel And More\",\"description\":\"Private sightseeing tours and luxury transfers in Spain\",\"publisher\":{\"@id\":\"https:\/\/tourtravelandmore.com\/es\/#organization\"},\"potentialAction\":[{\"@type\":\"SearchAction\",\"target\":{\"@type\":\"EntryPoint\",\"urlTemplate\":\"https:\/\/tourtravelandmore.com\/es\/?s={search_term_string}\"},\"query-input\":{\"@type\":\"PropertyValueSpecification\",\"valueRequired\":true,\"valueName\":\"search_term_string\"}}],\"inLanguage\":\"es\"},{\"@type\":\"Organization\",\"@id\":\"https:\/\/tourtravelandmore.com\/es\/#organization\",\"name\":\"Tour Travel And More\",\"url\":\"https:\/\/tourtravelandmore.com\/es\/\",\"logo\":{\"@type\":\"ImageObject\",\"inLanguage\":\"es\",\"@id\":\"https:\/\/tourtravelandmore.com\/es\/#\/schema\/logo\/image\/\",\"url\":\"https:\/\/tourtravelandmore.com\/wp-content\/uploads\/2022\/12\/cropped-logo-cabecera-new.png\",\"contentUrl\":\"https:\/\/tourtravelandmore.com\/wp-content\/uploads\/2022\/12\/cropped-logo-cabecera-new.png\",\"width\":430,\"height\":61,\"caption\":\"Tour Travel And More\"},\"image\":{\"@id\":\"https:\/\/tourtravelandmore.com\/es\/#\/schema\/logo\/image\/\"},\"sameAs\":[\"https:\/\/www.facebook.com\/tourtravelandmore\/\",\"https:\/\/x.com\/TourTravel_More\"]}]}<\/script>\n<!-- \/ Yoast SEO Premium plugin. -->","yoast_head_json":{"title":"\u27a1\ufe0f Excursion privada Fuerteventura con chofer\/guia: Zona Sur Isla | Tour Travel & More","description":"Descubra la parte Sur de la isla, gracias a esta excursion privada Fuerteventura, junto a su chofer\/gu\u00eda con recogida desde cualquier lugar \u2705","robots":{"index":"index","follow":"follow","max-snippet":"max-snippet:-1","max-image-preview":"max-image-preview:large","max-video-preview":"max-video-preview:-1"},"canonical":"https:\/\/tourtravelandmore.com\/es\/tours\/espana-es\/fuerteventura-es\/excursion-privada-fuerteventura-con-chofer-guia-zona-sur-isla\/","og_locale":"es_ES","og_type":"article","og_title":"Tour Privado del Sur de Fuerteventura","og_description":"Descubra la parte Sur de la isla, gracias a esta excursion privada Fuerteventura, junto a su chofer\/gu\u00eda con recogida desde cualquier lugar \u2705","og_url":"https:\/\/tourtravelandmore.com\/es\/tours\/espana-es\/fuerteventura-es\/excursion-privada-fuerteventura-con-chofer-guia-zona-sur-isla\/","og_site_name":"Tour Travel And More","article_publisher":"https:\/\/www.facebook.com\/tourtravelandmore\/","article_modified_time":"2022-11-29T00:40:49+00:00","og_image":[{"width":960,"height":639,"url":"https:\/\/tourtravelandmore.com\/wp-content\/uploads\/2019\/01\/fuerteventura-2821158_960_720.jpg","type":"image\/jpeg"}],"twitter_card":"summary_large_image","twitter_site":"@TourTravel_More","twitter_misc":{"Tiempo de lectura":"2 minutos"},"schema":{"@context":"https:\/\/schema.org","@graph":[{"@type":"WebPage","@id":"https:\/\/tourtravelandmore.com\/es\/tours\/espana-es\/fuerteventura-es\/excursion-privada-fuerteventura-con-chofer-guia-zona-sur-isla\/","url":"https:\/\/tourtravelandmore.com\/es\/tours\/espana-es\/fuerteventura-es\/excursion-privada-fuerteventura-con-chofer-guia-zona-sur-isla\/","name":"\u27a1\ufe0f Excursion privada Fuerteventura con chofer\/guia: Zona Sur Isla | Tour Travel & More","isPartOf":{"@id":"https:\/\/tourtravelandmore.com\/es\/#website"},"primaryImageOfPage":{"@id":"https:\/\/tourtravelandmore.com\/es\/tours\/espana-es\/fuerteventura-es\/excursion-privada-fuerteventura-con-chofer-guia-zona-sur-isla\/#primaryimage"},"image":{"@id":"https:\/\/tourtravelandmore.com\/es\/tours\/espana-es\/fuerteventura-es\/excursion-privada-fuerteventura-con-chofer-guia-zona-sur-isla\/#primaryimage"},"thumbnailUrl":"https:\/\/tourtravelandmore.com\/wp-content\/uploads\/2019\/01\/fuerteventura-2821158_960_720.jpg","datePublished":"2019-01-16T16:26:30+00:00","dateModified":"2022-11-29T00:40:49+00:00","description":"Descubra la parte Sur de la isla, gracias a esta excursion privada Fuerteventura, junto a su chofer\/gu\u00eda con recogida desde cualquier lugar \u2705","breadcrumb":{"@id":"https:\/\/tourtravelandmore.com\/es\/tours\/espana-es\/fuerteventura-es\/excursion-privada-fuerteventura-con-chofer-guia-zona-sur-isla\/#breadcrumb"},"inLanguage":"es","potentialAction":[{"@type":"ReadAction","target":["https:\/\/tourtravelandmore.com\/es\/tours\/espana-es\/fuerteventura-es\/excursion-privada-fuerteventura-con-chofer-guia-zona-sur-isla\/"]}]},{"@type":"ImageObject","inLanguage":"es","@id":"https:\/\/tourtravelandmore.com\/es\/tours\/espana-es\/fuerteventura-es\/excursion-privada-fuerteventura-con-chofer-guia-zona-sur-isla\/#primaryimage","url":"https:\/\/tourtravelandmore.com\/wp-content\/uploads\/2019\/01\/fuerteventura-2821158_960_720.jpg","contentUrl":"https:\/\/tourtravelandmore.com\/wp-content\/uploads\/2019\/01\/fuerteventura-2821158_960_720.jpg","width":960,"height":639},{"@type":"BreadcrumbList","@id":"https:\/\/tourtravelandmore.com\/es\/tours\/espana-es\/fuerteventura-es\/excursion-privada-fuerteventura-con-chofer-guia-zona-sur-isla\/#breadcrumb","itemListElement":[{"@type":"ListItem","position":1,"name":"Home","item":"https:\/\/tourtravelandmore.com\/es\/"},{"@type":"ListItem","position":2,"name":"Tours","item":"https:\/\/tourtravelandmore.com\/es\/tours\/"},{"@type":"ListItem","position":3,"name":"Tour Privado del Sur de Fuerteventura"}]},{"@type":"WebSite","@id":"https:\/\/tourtravelandmore.com\/es\/#website","url":"https:\/\/tourtravelandmore.com\/es\/","name":"Tour Travel And More","description":"Private sightseeing tours and luxury transfers in Spain","publisher":{"@id":"https:\/\/tourtravelandmore.com\/es\/#organization"},"potentialAction":[{"@type":"SearchAction","target":{"@type":"EntryPoint","urlTemplate":"https:\/\/tourtravelandmore.com\/es\/?s={search_term_string}"},"query-input":{"@type":"PropertyValueSpecification","valueRequired":true,"valueName":"search_term_string"}}],"inLanguage":"es"},{"@type":"Organization","@id":"https:\/\/tourtravelandmore.com\/es\/#organization","name":"Tour Travel And More","url":"https:\/\/tourtravelandmore.com\/es\/","logo":{"@type":"ImageObject","inLanguage":"es","@id":"https:\/\/tourtravelandmore.com\/es\/#\/schema\/logo\/image\/","url":"https:\/\/tourtravelandmore.com\/wp-content\/uploads\/2022\/12\/cropped-logo-cabecera-new.png","contentUrl":"https:\/\/tourtravelandmore.com\/wp-content\/uploads\/2022\/12\/cropped-logo-cabecera-new.png","width":430,"height":61,"caption":"Tour Travel And More"},"image":{"@id":"https:\/\/tourtravelandmore.com\/es\/#\/schema\/logo\/image\/"},"sameAs":["https:\/\/www.facebook.com\/tourtravelandmore\/","https:\/\/x.com\/TourTravel_More"]}]}},"_links":{"self":[{"href":"https:\/\/tourtravelandmore.com\/es\/wp-json\/wp\/v2\/product\/31357","targetHints":{"allow":["GET"]}}],"collection":[{"href":"https:\/\/tourtravelandmore.com\/es\/wp-json\/wp\/v2\/product"}],"about":[{"href":"https:\/\/tourtravelandmore.com\/es\/wp-json\/wp\/v2\/types\/product"}],"replies":[{"embeddable":true,"href":"https:\/\/tourtravelandmore.com\/es\/wp-json\/wp\/v2\/comments?post=31357"}],"wp:featuredmedia":[{"embeddable":true,"href":"https:\/\/tourtravelandmore.com\/es\/wp-json\/wp\/v2\/media\/31363"}],"wp:attachment":[{"href":"https:\/\/tourtravelandmore.com\/es\/wp-json\/wp\/v2\/media?parent=31357"}],"wp:term":[{"taxonomy":"product_brand","embeddable":true,"href":"https:\/\/tourtravelandmore.com\/es\/wp-json\/wp\/v2\/product_brand?post=31357"},{"taxonomy":"product_cat","embeddable":true,"href":"https:\/\/tourtravelandmore.com\/es\/wp-json\/wp\/v2\/product_cat?post=31357"},{"taxonomy":"product_tag","embeddable":true,"href":"https:\/\/tourtravelandmore.com\/es\/wp-json\/wp\/v2\/product_tag?post=31357"}],"curies":[{"name":"wp","href":"https:\/\/api.w.org\/{rel}","templated":true}]}}