{"id":31346,"date":"2019-01-16T17:17:08","date_gmt":"2019-01-16T16:17:11","guid":{"rendered":"http:\/\/tourtravelandmore.com\/es\/tours\/fuerteventura-es\/tour-privado-del-norte-de-fuerteventura\/"},"modified":"2022-11-29T01:41:35","modified_gmt":"2022-11-29T00:41:35","slug":"tour-privado-del-norte-de-fuerteventura","status":"publish","type":"product","link":"https:\/\/tourtravelandmore.com\/es\/tours\/espana-es\/fuerteventura-es\/tour-privado-del-norte-de-fuerteventura\/","title":{"rendered":"Tour Privado del Norte de Fuerteventura"},"content":{"rendered":"<h2><strong>Descripci\u00f3n del Tour Privado del Norte de Fuerteventura<\/strong><\/h2>\n<p>Disfrute de las mejores excursiones Fuerteventura con nuestro chofer\/gu\u00eda oficial privado.<\/p>\n<p>Conoce una de las zonas m\u00e1s bonitas de la isla, <strong>el Norte, es la zona m\u00e1s salvaje de la isla.<\/strong><\/p>\n<p>La duraci\u00f3n del tour son 8 horas. Nuestras excursiones Fuerteventura, podr\u00e1n escoger la hora y lugar de comienzo.<\/p>\n<p>Nuestro chofer\/gu\u00eda es un gu\u00eda oficial, conoce la Historia, an\u00e9cdotas y leyendas de la isla para que viva una experiencia \u00fanica.<\/p>\n<p>El tour es completamente privada, en todo momento ir\u00e1n solos con su chofer\/gu\u00eda. Operamos en toda isla y pueden ser recogidos desde cualquier lugar.<\/p>\n<p>El tour es completamente personalizable, podemos adaptarlo a sus necesidades, solo lo tiene que indicar en el formulario de contacto.<\/p>\n<h2>Puntos de inter\u00e9s en el Tour Privado del Norte de Fuerteventura<\/h2>\n<div class=\"QmZWSe\">\n<div class=\"DHcWmd\"><span lang=\"es\">Fuerteventura es una isla en las islas Canarias. Es la segunda isla m\u00e1s grande de este archipi\u00e9lago. Fuerteventura es una isla ubicada a 100 km del continente africano. Se encuentra a unos 1000 km de la pen\u00ednsula ib\u00e9rica espa\u00f1ola.<\/span><\/div>\n<div><\/div>\n<div class=\"DHcWmd\"><span lang=\"es\">Fuerteventura es conocida por sus playas de arena blanca. Se puede visitar durante todo el a\u00f1o, tiene una temperatura excelente y cada mes tiene un clima perfecto todo el a\u00f1o.<\/span><\/div>\n<\/div>\n<div><\/div>\n<div>A lo largo del tour conoceremos la parte Norte de la Isla, veremos muchas cosas con su chofer\/gu\u00eda, las principales ser\u00e1n:<\/div>\n<div class=\"QmZWSe\">\n<ul>\n<li class=\"DHcWmd\"><strong><span lang=\"es\">Parque Natural de Corralejo<\/span><\/strong><\/li>\n<li class=\"DHcWmd\"><strong><span lang=\"es\">Lajares<\/span><\/strong><\/li>\n<li class=\"DHcWmd\"><strong><span lang=\"es\">Vistas de la isla de Lobos<\/span><\/strong><\/li>\n<li class=\"DHcWmd\"><strong><span lang=\"es\">Faro de Tost\u00f3n<\/span><\/strong><\/li>\n<li class=\"DHcWmd\"><strong><span lang=\"es\">La oliva<\/span><\/strong><\/li>\n<li class=\"DHcWmd\"><strong><span lang=\"es\">\u00a1Mucho m\u00e1s!<\/span><\/strong><\/li>\n<\/ul>\n<p>A lo largo del tour podr\u00e1 parar para comer en un lugar t\u00edpico de la isla.<\/p>\n<p><span lang=\"es\">Disfruta de las mejores partes de Fuerteventura junto con chofer\/gu\u00eda. Una vez finalizado el recorrido, lo llevaremos de regreso a su punto de partida.<\/span><\/p>\n<p><span lang=\"es\">Eche un vistazo a todos nuestros <a href=\"https:\/\/tourtravelandmore.com\/es\/ciudad\/espana-es\/fuerteventura-es\/\">tours privados en Fuerteventura<\/a>. No olvide que ofrecemos tours privados en todas las islas Canarias, toda Espa\u00f1a y Europa.<br \/>\n<\/span><\/p>\n<p>A trav\u00e9s del formulario de contacto del tour puede contactar con nosotros y nuestro equipo se pondr\u00e1 r\u00e1pidamente en contacto para enviarle la informaci\u00f3n detallada.<\/p>\n<\/div>\n","protected":false},"excerpt":{"rendered":"<p>Admire los lugares m\u00e1s bellos del <strong>norte de Fuerteventura<\/strong> con este tour privado de d\u00eda completo. Tendr\u00e1 a su total disposici\u00f3n un veh\u00edculo privado de lujo con conductor\/gu\u00eda. Podr\u00e1s visitar <strong>La Oliva<\/strong>, <strong>Lajares<\/strong>, el <strong>Parque Natural de Corralejo<\/strong> y mucho m\u00e1s. Podemos organizar la recogida desde cualquier parte de la isla. Simplemente cont\u00e1ctenos y menci\u00f3nenos sus ideas.<\/p>\n","protected":false},"featured_media":31331,"comment_status":"open","ping_status":"closed","template":"","meta":{"_acf_changed":false},"product_brand":[],"product_cat":[1035,1036,1037,1038],"product_tag":[],"class_list":{"0":"post-31346","1":"product","2":"type-product","3":"status-publish","4":"has-post-thumbnail","6":"product_cat-fuerteventura-es","7":"product_cat-fuerteventura-actividades-es","8":"product_cat-fuerteventura-rutas-turisticas-privadas-es","9":"product_cat-fuerteventura-excursiones-privadas-cruceros-es","11":"first","12":"instock","13":"shipping-taxable","14":"purchasable","15":"product-type-simple"},"acf":[],"yoast_head":"<!-- This site is optimized with the Yoast SEO Premium plugin v25.3.1 (Yoast SEO v25.3.1) - https:\/\/yoast.com\/wordpress\/plugins\/seo\/ -->\n<title>\u27a1\ufe0f Excursiones Fuerteventura con chofer\/gu\u00eda: Conoce la Zona Norte | Tour Travel &amp; More<\/title>\n<meta name=\"description\" content=\"Descubra la Zona Norte de la Isla, y disfruta de nuestras excursiones Fuerteventura privadas, con su chofer\/gu\u00eda oficial, con recogida y devoluci\u00f3n \u2705\" \/>\n<meta name=\"robots\" content=\"index, follow, max-snippet:-1, max-image-preview:large, max-video-preview:-1\" \/>\n<link rel=\"canonical\" href=\"https:\/\/tourtravelandmore.com\/es\/tours\/espana-es\/fuerteventura-es\/tour-privado-del-norte-de-fuerteventura\/\" \/>\n<meta property=\"og:locale\" content=\"es_ES\" \/>\n<meta property=\"og:type\" content=\"article\" \/>\n<meta property=\"og:title\" content=\"Tour Privado del Norte de Fuerteventura\" \/>\n<meta property=\"og:description\" content=\"Descubra la Zona Norte de la Isla, y disfruta de nuestras excursiones Fuerteventura privadas, con su chofer\/gu\u00eda oficial, con recogida y devoluci\u00f3n \u2705\" \/>\n<meta property=\"og:url\" content=\"https:\/\/tourtravelandmore.com\/es\/tours\/espana-es\/fuerteventura-es\/tour-privado-del-norte-de-fuerteventura\/\" \/>\n<meta property=\"og:site_name\" content=\"Tour Travel And More\" \/>\n<meta property=\"article:publisher\" content=\"https:\/\/www.facebook.com\/tourtravelandmore\/\" \/>\n<meta property=\"article:modified_time\" content=\"2022-11-29T00:41:35+00:00\" \/>\n<meta property=\"og:image\" content=\"https:\/\/tourtravelandmore.com\/wp-content\/uploads\/2019\/01\/Fuerteventura_Canary_Islands_panorama_of_Cofete_beach_on_Jandia_Peninsula-scaled.jpg\" \/>\n\t<meta property=\"og:image:width\" content=\"3000\" \/>\n\t<meta property=\"og:image:height\" content=\"1229\" \/>\n\t<meta property=\"og:image:type\" content=\"image\/jpeg\" \/>\n<meta name=\"twitter:card\" content=\"summary_large_image\" \/>\n<meta name=\"twitter:site\" content=\"@TourTravel_More\" \/>\n<meta name=\"twitter:label1\" content=\"Tiempo de lectura\" \/>\n\t<meta name=\"twitter:data1\" content=\"2 minutos\" \/>\n<script type=\"application\/ld+json\" class=\"yoast-schema-graph\">{\"@context\":\"https:\/\/schema.org\",\"@graph\":[{\"@type\":\"WebPage\",\"@id\":\"https:\/\/tourtravelandmore.com\/es\/tours\/espana-es\/fuerteventura-es\/tour-privado-del-norte-de-fuerteventura\/\",\"url\":\"https:\/\/tourtravelandmore.com\/es\/tours\/espana-es\/fuerteventura-es\/tour-privado-del-norte-de-fuerteventura\/\",\"name\":\"\u27a1\ufe0f Excursiones Fuerteventura con chofer\/gu\u00eda: Conoce la Zona Norte | Tour Travel & More\",\"isPartOf\":{\"@id\":\"https:\/\/tourtravelandmore.com\/es\/#website\"},\"primaryImageOfPage\":{\"@id\":\"https:\/\/tourtravelandmore.com\/es\/tours\/espana-es\/fuerteventura-es\/tour-privado-del-norte-de-fuerteventura\/#primaryimage\"},\"image\":{\"@id\":\"https:\/\/tourtravelandmore.com\/es\/tours\/espana-es\/fuerteventura-es\/tour-privado-del-norte-de-fuerteventura\/#primaryimage\"},\"thumbnailUrl\":\"https:\/\/tourtravelandmore.com\/wp-content\/uploads\/2019\/01\/Fuerteventura_Canary_Islands_panorama_of_Cofete_beach_on_Jandia_Peninsula-scaled.jpg\",\"datePublished\":\"2019-01-16T16:17:11+00:00\",\"dateModified\":\"2022-11-29T00:41:35+00:00\",\"description\":\"Descubra la Zona Norte de la Isla, y disfruta de nuestras excursiones Fuerteventura privadas, con su chofer\/gu\u00eda oficial, con recogida y devoluci\u00f3n \u2705\",\"breadcrumb\":{\"@id\":\"https:\/\/tourtravelandmore.com\/es\/tours\/espana-es\/fuerteventura-es\/tour-privado-del-norte-de-fuerteventura\/#breadcrumb\"},\"inLanguage\":\"es\",\"potentialAction\":[{\"@type\":\"ReadAction\",\"target\":[\"https:\/\/tourtravelandmore.com\/es\/tours\/espana-es\/fuerteventura-es\/tour-privado-del-norte-de-fuerteventura\/\"]}]},{\"@type\":\"ImageObject\",\"inLanguage\":\"es\",\"@id\":\"https:\/\/tourtravelandmore.com\/es\/tours\/espana-es\/fuerteventura-es\/tour-privado-del-norte-de-fuerteventura\/#primaryimage\",\"url\":\"https:\/\/tourtravelandmore.com\/wp-content\/uploads\/2019\/01\/Fuerteventura_Canary_Islands_panorama_of_Cofete_beach_on_Jandia_Peninsula-scaled.jpg\",\"contentUrl\":\"https:\/\/tourtravelandmore.com\/wp-content\/uploads\/2019\/01\/Fuerteventura_Canary_Islands_panorama_of_Cofete_beach_on_Jandia_Peninsula-scaled.jpg\",\"width\":3000,\"height\":1229,\"caption\":\"Fuerteventura, Canary Islands, wide sweep of Cofete beach on Jandia Peninsula, panorama\"},{\"@type\":\"BreadcrumbList\",\"@id\":\"https:\/\/tourtravelandmore.com\/es\/tours\/espana-es\/fuerteventura-es\/tour-privado-del-norte-de-fuerteventura\/#breadcrumb\",\"itemListElement\":[{\"@type\":\"ListItem\",\"position\":1,\"name\":\"Home\",\"item\":\"https:\/\/tourtravelandmore.com\/es\/\"},{\"@type\":\"ListItem\",\"position\":2,\"name\":\"Tours\",\"item\":\"https:\/\/tourtravelandmore.com\/es\/tours\/\"},{\"@type\":\"ListItem\",\"position\":3,\"name\":\"Tour Privado del Norte de Fuerteventura\"}]},{\"@type\":\"WebSite\",\"@id\":\"https:\/\/tourtravelandmore.com\/es\/#website\",\"url\":\"https:\/\/tourtravelandmore.com\/es\/\",\"name\":\"Tour Travel And More\",\"description\":\"Private sightseeing tours and luxury transfers in Spain\",\"publisher\":{\"@id\":\"https:\/\/tourtravelandmore.com\/es\/#organization\"},\"potentialAction\":[{\"@type\":\"SearchAction\",\"target\":{\"@type\":\"EntryPoint\",\"urlTemplate\":\"https:\/\/tourtravelandmore.com\/es\/?s={search_term_string}\"},\"query-input\":{\"@type\":\"PropertyValueSpecification\",\"valueRequired\":true,\"valueName\":\"search_term_string\"}}],\"inLanguage\":\"es\"},{\"@type\":\"Organization\",\"@id\":\"https:\/\/tourtravelandmore.com\/es\/#organization\",\"name\":\"Tour Travel And More\",\"url\":\"https:\/\/tourtravelandmore.com\/es\/\",\"logo\":{\"@type\":\"ImageObject\",\"inLanguage\":\"es\",\"@id\":\"https:\/\/tourtravelandmore.com\/es\/#\/schema\/logo\/image\/\",\"url\":\"https:\/\/tourtravelandmore.com\/wp-content\/uploads\/2022\/12\/cropped-logo-cabecera-new.png\",\"contentUrl\":\"https:\/\/tourtravelandmore.com\/wp-content\/uploads\/2022\/12\/cropped-logo-cabecera-new.png\",\"width\":430,\"height\":61,\"caption\":\"Tour Travel And More\"},\"image\":{\"@id\":\"https:\/\/tourtravelandmore.com\/es\/#\/schema\/logo\/image\/\"},\"sameAs\":[\"https:\/\/www.facebook.com\/tourtravelandmore\/\",\"https:\/\/x.com\/TourTravel_More\"]}]}<\/script>\n<!-- \/ Yoast SEO Premium plugin. -->","yoast_head_json":{"title":"\u27a1\ufe0f Excursiones Fuerteventura con chofer\/gu\u00eda: Conoce la Zona Norte | Tour Travel & More","description":"Descubra la Zona Norte de la Isla, y disfruta de nuestras excursiones Fuerteventura privadas, con su chofer\/gu\u00eda oficial, con recogida y devoluci\u00f3n \u2705","robots":{"index":"index","follow":"follow","max-snippet":"max-snippet:-1","max-image-preview":"max-image-preview:large","max-video-preview":"max-video-preview:-1"},"canonical":"https:\/\/tourtravelandmore.com\/es\/tours\/espana-es\/fuerteventura-es\/tour-privado-del-norte-de-fuerteventura\/","og_locale":"es_ES","og_type":"article","og_title":"Tour Privado del Norte de Fuerteventura","og_description":"Descubra la Zona Norte de la Isla, y disfruta de nuestras excursiones Fuerteventura privadas, con su chofer\/gu\u00eda oficial, con recogida y devoluci\u00f3n \u2705","og_url":"https:\/\/tourtravelandmore.com\/es\/tours\/espana-es\/fuerteventura-es\/tour-privado-del-norte-de-fuerteventura\/","og_site_name":"Tour Travel And More","article_publisher":"https:\/\/www.facebook.com\/tourtravelandmore\/","article_modified_time":"2022-11-29T00:41:35+00:00","og_image":[{"width":3000,"height":1229,"url":"https:\/\/tourtravelandmore.com\/wp-content\/uploads\/2019\/01\/Fuerteventura_Canary_Islands_panorama_of_Cofete_beach_on_Jandia_Peninsula-scaled.jpg","type":"image\/jpeg"}],"twitter_card":"summary_large_image","twitter_site":"@TourTravel_More","twitter_misc":{"Tiempo de lectura":"2 minutos"},"schema":{"@context":"https:\/\/schema.org","@graph":[{"@type":"WebPage","@id":"https:\/\/tourtravelandmore.com\/es\/tours\/espana-es\/fuerteventura-es\/tour-privado-del-norte-de-fuerteventura\/","url":"https:\/\/tourtravelandmore.com\/es\/tours\/espana-es\/fuerteventura-es\/tour-privado-del-norte-de-fuerteventura\/","name":"\u27a1\ufe0f Excursiones Fuerteventura con chofer\/gu\u00eda: Conoce la Zona Norte | Tour Travel & More","isPartOf":{"@id":"https:\/\/tourtravelandmore.com\/es\/#website"},"primaryImageOfPage":{"@id":"https:\/\/tourtravelandmore.com\/es\/tours\/espana-es\/fuerteventura-es\/tour-privado-del-norte-de-fuerteventura\/#primaryimage"},"image":{"@id":"https:\/\/tourtravelandmore.com\/es\/tours\/espana-es\/fuerteventura-es\/tour-privado-del-norte-de-fuerteventura\/#primaryimage"},"thumbnailUrl":"https:\/\/tourtravelandmore.com\/wp-content\/uploads\/2019\/01\/Fuerteventura_Canary_Islands_panorama_of_Cofete_beach_on_Jandia_Peninsula-scaled.jpg","datePublished":"2019-01-16T16:17:11+00:00","dateModified":"2022-11-29T00:41:35+00:00","description":"Descubra la Zona Norte de la Isla, y disfruta de nuestras excursiones Fuerteventura privadas, con su chofer\/gu\u00eda oficial, con recogida y devoluci\u00f3n \u2705","breadcrumb":{"@id":"https:\/\/tourtravelandmore.com\/es\/tours\/espana-es\/fuerteventura-es\/tour-privado-del-norte-de-fuerteventura\/#breadcrumb"},"inLanguage":"es","potentialAction":[{"@type":"ReadAction","target":["https:\/\/tourtravelandmore.com\/es\/tours\/espana-es\/fuerteventura-es\/tour-privado-del-norte-de-fuerteventura\/"]}]},{"@type":"ImageObject","inLanguage":"es","@id":"https:\/\/tourtravelandmore.com\/es\/tours\/espana-es\/fuerteventura-es\/tour-privado-del-norte-de-fuerteventura\/#primaryimage","url":"https:\/\/tourtravelandmore.com\/wp-content\/uploads\/2019\/01\/Fuerteventura_Canary_Islands_panorama_of_Cofete_beach_on_Jandia_Peninsula-scaled.jpg","contentUrl":"https:\/\/tourtravelandmore.com\/wp-content\/uploads\/2019\/01\/Fuerteventura_Canary_Islands_panorama_of_Cofete_beach_on_Jandia_Peninsula-scaled.jpg","width":3000,"height":1229,"caption":"Fuerteventura, Canary Islands, wide sweep of Cofete beach on Jandia Peninsula, panorama"},{"@type":"BreadcrumbList","@id":"https:\/\/tourtravelandmore.com\/es\/tours\/espana-es\/fuerteventura-es\/tour-privado-del-norte-de-fuerteventura\/#breadcrumb","itemListElement":[{"@type":"ListItem","position":1,"name":"Home","item":"https:\/\/tourtravelandmore.com\/es\/"},{"@type":"ListItem","position":2,"name":"Tours","item":"https:\/\/tourtravelandmore.com\/es\/tours\/"},{"@type":"ListItem","position":3,"name":"Tour Privado del Norte de Fuerteventura"}]},{"@type":"WebSite","@id":"https:\/\/tourtravelandmore.com\/es\/#website","url":"https:\/\/tourtravelandmore.com\/es\/","name":"Tour Travel And More","description":"Private sightseeing tours and luxury transfers in Spain","publisher":{"@id":"https:\/\/tourtravelandmore.com\/es\/#organization"},"potentialAction":[{"@type":"SearchAction","target":{"@type":"EntryPoint","urlTemplate":"https:\/\/tourtravelandmore.com\/es\/?s={search_term_string}"},"query-input":{"@type":"PropertyValueSpecification","valueRequired":true,"valueName":"search_term_string"}}],"inLanguage":"es"},{"@type":"Organization","@id":"https:\/\/tourtravelandmore.com\/es\/#organization","name":"Tour Travel And More","url":"https:\/\/tourtravelandmore.com\/es\/","logo":{"@type":"ImageObject","inLanguage":"es","@id":"https:\/\/tourtravelandmore.com\/es\/#\/schema\/logo\/image\/","url":"https:\/\/tourtravelandmore.com\/wp-content\/uploads\/2022\/12\/cropped-logo-cabecera-new.png","contentUrl":"https:\/\/tourtravelandmore.com\/wp-content\/uploads\/2022\/12\/cropped-logo-cabecera-new.png","width":430,"height":61,"caption":"Tour Travel And More"},"image":{"@id":"https:\/\/tourtravelandmore.com\/es\/#\/schema\/logo\/image\/"},"sameAs":["https:\/\/www.facebook.com\/tourtravelandmore\/","https:\/\/x.com\/TourTravel_More"]}]}},"_links":{"self":[{"href":"https:\/\/tourtravelandmore.com\/es\/wp-json\/wp\/v2\/product\/31346","targetHints":{"allow":["GET"]}}],"collection":[{"href":"https:\/\/tourtravelandmore.com\/es\/wp-json\/wp\/v2\/product"}],"about":[{"href":"https:\/\/tourtravelandmore.com\/es\/wp-json\/wp\/v2\/types\/product"}],"replies":[{"embeddable":true,"href":"https:\/\/tourtravelandmore.com\/es\/wp-json\/wp\/v2\/comments?post=31346"}],"wp:featuredmedia":[{"embeddable":true,"href":"https:\/\/tourtravelandmore.com\/es\/wp-json\/wp\/v2\/media\/31331"}],"wp:attachment":[{"href":"https:\/\/tourtravelandmore.com\/es\/wp-json\/wp\/v2\/media?parent=31346"}],"wp:term":[{"taxonomy":"product_brand","embeddable":true,"href":"https:\/\/tourtravelandmore.com\/es\/wp-json\/wp\/v2\/product_brand?post=31346"},{"taxonomy":"product_cat","embeddable":true,"href":"https:\/\/tourtravelandmore.com\/es\/wp-json\/wp\/v2\/product_cat?post=31346"},{"taxonomy":"product_tag","embeddable":true,"href":"https:\/\/tourtravelandmore.com\/es\/wp-json\/wp\/v2\/product_tag?post=31346"}],"curies":[{"name":"wp","href":"https:\/\/api.w.org\/{rel}","templated":true}]}}