{"id":31325,"date":"2019-01-16T14:33:22","date_gmt":"2019-01-16T13:33:25","guid":{"rendered":"http:\/\/tourtravelandmore.com\/es\/tours\/fuerteventura-es\/tour-privado-de-playas-de-fuerteventura\/"},"modified":"2022-11-29T01:43:23","modified_gmt":"2022-11-29T00:43:23","slug":"tours-fuerteventura-de-las-mejores-playas-con-chofer-guia-privado","status":"publish","type":"product","link":"https:\/\/tourtravelandmore.com\/es\/tours\/espana-es\/fuerteventura-es\/tours-fuerteventura-de-las-mejores-playas-con-chofer-guia-privado\/","title":{"rendered":"Disposici\u00f3n privada para conocer las mejores playas de Fuerteventura"},"content":{"rendered":"<h2>Descripci\u00f3n de la Disposici\u00f3n\u00a0privada para conocer las mejores playas de Fuerteventura<\/h2>\n<p><span lang=\"es\">Fuerteventura es la segunda isla m\u00e1s grande de las islas Canarias. Aproveche este tour Fuerteventura para conocer las mejoras playas de Fuerteventura.<\/span><\/p>\n<p><span lang=\"es\">Nuestro chofer\/gu\u00eda os llevar\u00e1 a las mejores playas de Fuerteventura, para que disfrute de un d\u00eda \u00fanico.<\/span><\/p>\n<p><span lang=\"es\">En funci\u00f3n del tiempo que pasen en cada playa veremos m\u00e1s o menos playas. Nuestro chofer\/gu\u00eda antes de comenzar os explicar\u00e1 el itinerario, os preguntar\u00e1 por vuestras preferencias.<br \/>\n<\/span><\/p>\n<p>Los tours Fuerteventura son completamente privados, la recogida y la hora de comienzo ser\u00e1 en el lugar de su elecci\u00f3n, Hotel, Apartamento o Terminal de Cruceros.<\/p>\n<p>La duraci\u00f3n del tour son 8 horas. Podr\u00e1n parar comer en un sitio t\u00edpico de la zona junto a su chofer\/gu\u00eda.<\/p>\n<h2>Puntos de inter\u00e9s en la Disposici\u00f3n\u00a0privada para conocer las mejores playas de Fuerteventura<\/h2>\n<p>Una de las principales razones por las que viajamos a las islas, son por sus maravillosas playas. Muchas veces no sabemos por d\u00f3nde empezar o c\u00f3mo desplazarnos. Nuestro chofer\/gu\u00eda le ayudar\u00e1 a descubrir las mejores playas y le desplazar\u00e1 por la isla, sin colas ni esperas.<\/p>\n<p>A la hora selecciona y punto escogido, ah\u00ed estar\u00e1 esperando nuestro chofer\/gu\u00eda para empezar un d\u00eda de playa, sol y ba\u00f1o.<\/p>\n<p><span lang=\"es\">Estos son algunos de los sitios y playas que tendr\u00e1 la oportunidad de explorar:<\/span><\/p>\n<ul>\n<li><strong><span lang=\"es\">Corralejo <\/span><\/strong><\/li>\n<li><strong><span lang=\"es\">Caleta de Fuste <\/span><\/strong><\/li>\n<li><strong><span lang=\"es\">Ajuy <\/span><\/strong><\/li>\n<li><strong><span lang=\"es\">Las Playitas <\/span><\/strong><\/li>\n<li><strong><span lang=\"es\">Costa Calma<\/span><\/strong><\/li>\n<li><strong><span lang=\"es\">Tarajalejo <\/span><\/strong><\/li>\n<li><strong><span lang=\"es\">Mal Nombre <\/span><\/strong><\/li>\n<li><strong><span lang=\"es\">Playa del Cofete Jandia<\/span><\/strong><\/li>\n<li><strong>Muchos m\u00e1s!!<\/strong><\/li>\n<\/ul>\n<p><span lang=\"es\">A lo largo de estas 8 horas, podr\u00e1n parar para comer en un punto t\u00edpico de la zona, nuestro gu\u00eda le preguntar\u00e1 por sus preferencias y reservar\u00e1.<br \/>\n<\/span><\/p>\n<p>El tour es completamente flexible, no adaptamos a sus necesidades, solo nos lo tiene que indicar a trav\u00e9s del formulario de contacto del tour, y le pasaremos la propuesta adaptada a sus necesidades.<\/p>\n<p>Una vez acabemos el tour le devolveremos a su hotel o lugar de su elecci\u00f3n para que pueda recuperar fuerzas.<\/p>\n<p><span lang=\"es\">Echa un vistazo a todos nuestros otros <a href=\"https:\/\/tourtravelandmore.com\/es\/ciudad\/espana-es\/fuerteventura-es\/\">tours privados de la isla de Fuerteventura.<\/a><\/span><\/p>\n","protected":false},"excerpt":{"rendered":"<p>Disfrute de esta excursi\u00f3n privada de un d\u00eda completamente personalizada para conocer <strong>las mejores playas de Fuerteventura.<\/strong> Disfrute de sus playas m\u00e1s importantes y hermosas. Aproveche para conocer Fuerteventura en esta experiencia con tu propio veh\u00edculo privado de lujo con conductor\/gu\u00eda. Personalice su propia experiencia con nosotros.<\/p>\n","protected":false},"featured_media":31339,"comment_status":"open","ping_status":"closed","template":"","meta":{"_acf_changed":false},"product_brand":[],"product_cat":[1035,1036,1037,1038],"product_tag":[],"class_list":{"0":"post-31325","1":"product","2":"type-product","3":"status-publish","4":"has-post-thumbnail","6":"product_cat-fuerteventura-es","7":"product_cat-fuerteventura-actividades-es","8":"product_cat-fuerteventura-rutas-turisticas-privadas-es","9":"product_cat-fuerteventura-excursiones-privadas-cruceros-es","11":"first","12":"instock","13":"shipping-taxable","14":"purchasable","15":"product-type-simple"},"acf":[],"yoast_head":"<!-- This site is optimized with the Yoast SEO Premium plugin v25.3.1 (Yoast SEO v25.3.1) - https:\/\/yoast.com\/wordpress\/plugins\/seo\/ -->\n<title>\u27a1\ufe0f Tours Fuerteventura de las Mejores Playas con chofer\/guia privado | Tour Travel &amp; More<\/title>\n<meta name=\"description\" content=\"Descubra las mejores playas de la isla, gracias a los Tours Fuerteventura que ofrecemos, junto a su chofer\/gu\u00eda privado y viva un dia \u00fanico en la isla \u2705\" \/>\n<meta name=\"robots\" content=\"index, follow, max-snippet:-1, max-image-preview:large, max-video-preview:-1\" \/>\n<link rel=\"canonical\" href=\"https:\/\/tourtravelandmore.com\/es\/tours\/espana-es\/fuerteventura-es\/tours-fuerteventura-de-las-mejores-playas-con-chofer-guia-privado\/\" \/>\n<meta property=\"og:locale\" content=\"es_ES\" \/>\n<meta property=\"og:type\" content=\"article\" \/>\n<meta property=\"og:title\" content=\"Disposici\u00f3n privada para conocer las mejores playas de Fuerteventura\" \/>\n<meta property=\"og:description\" content=\"Descubra las mejores playas de la isla, gracias a los Tours Fuerteventura que ofrecemos, junto a su chofer\/gu\u00eda privado y viva un dia \u00fanico en la isla \u2705\" \/>\n<meta property=\"og:url\" content=\"https:\/\/tourtravelandmore.com\/es\/tours\/espana-es\/fuerteventura-es\/tours-fuerteventura-de-las-mejores-playas-con-chofer-guia-privado\/\" \/>\n<meta property=\"og:site_name\" content=\"Tour Travel And More\" \/>\n<meta property=\"article:publisher\" content=\"https:\/\/www.facebook.com\/tourtravelandmore\/\" \/>\n<meta property=\"article:modified_time\" content=\"2022-11-29T00:43:23+00:00\" \/>\n<meta property=\"og:image\" content=\"https:\/\/tourtravelandmore.com\/wp-content\/uploads\/2019\/01\/Fuerteventura_Jandia_Playa_del_Viejo_Rey-scaled.jpg\" \/>\n\t<meta property=\"og:image:width\" content=\"3719\" \/>\n\t<meta property=\"og:image:height\" content=\"2500\" \/>\n\t<meta property=\"og:image:type\" content=\"image\/jpeg\" \/>\n<meta name=\"twitter:card\" content=\"summary_large_image\" \/>\n<meta name=\"twitter:site\" content=\"@TourTravel_More\" \/>\n<meta name=\"twitter:label1\" content=\"Tiempo de lectura\" \/>\n\t<meta name=\"twitter:data1\" content=\"2 minutos\" \/>\n<script type=\"application\/ld+json\" class=\"yoast-schema-graph\">{\"@context\":\"https:\/\/schema.org\",\"@graph\":[{\"@type\":\"WebPage\",\"@id\":\"https:\/\/tourtravelandmore.com\/es\/tours\/espana-es\/fuerteventura-es\/tours-fuerteventura-de-las-mejores-playas-con-chofer-guia-privado\/\",\"url\":\"https:\/\/tourtravelandmore.com\/es\/tours\/espana-es\/fuerteventura-es\/tours-fuerteventura-de-las-mejores-playas-con-chofer-guia-privado\/\",\"name\":\"\u27a1\ufe0f Tours Fuerteventura de las Mejores Playas con chofer\/guia privado | Tour Travel & More\",\"isPartOf\":{\"@id\":\"https:\/\/tourtravelandmore.com\/es\/#website\"},\"primaryImageOfPage\":{\"@id\":\"https:\/\/tourtravelandmore.com\/es\/tours\/espana-es\/fuerteventura-es\/tours-fuerteventura-de-las-mejores-playas-con-chofer-guia-privado\/#primaryimage\"},\"image\":{\"@id\":\"https:\/\/tourtravelandmore.com\/es\/tours\/espana-es\/fuerteventura-es\/tours-fuerteventura-de-las-mejores-playas-con-chofer-guia-privado\/#primaryimage\"},\"thumbnailUrl\":\"https:\/\/tourtravelandmore.com\/wp-content\/uploads\/2019\/01\/Fuerteventura_Jandia_Playa_del_Viejo_Rey-scaled.jpg\",\"datePublished\":\"2019-01-16T13:33:25+00:00\",\"dateModified\":\"2022-11-29T00:43:23+00:00\",\"description\":\"Descubra las mejores playas de la isla, gracias a los Tours Fuerteventura que ofrecemos, junto a su chofer\/gu\u00eda privado y viva un dia \u00fanico en la isla \u2705\",\"breadcrumb\":{\"@id\":\"https:\/\/tourtravelandmore.com\/es\/tours\/espana-es\/fuerteventura-es\/tours-fuerteventura-de-las-mejores-playas-con-chofer-guia-privado\/#breadcrumb\"},\"inLanguage\":\"es\",\"potentialAction\":[{\"@type\":\"ReadAction\",\"target\":[\"https:\/\/tourtravelandmore.com\/es\/tours\/espana-es\/fuerteventura-es\/tours-fuerteventura-de-las-mejores-playas-con-chofer-guia-privado\/\"]}]},{\"@type\":\"ImageObject\",\"inLanguage\":\"es\",\"@id\":\"https:\/\/tourtravelandmore.com\/es\/tours\/espana-es\/fuerteventura-es\/tours-fuerteventura-de-las-mejores-playas-con-chofer-guia-privado\/#primaryimage\",\"url\":\"https:\/\/tourtravelandmore.com\/wp-content\/uploads\/2019\/01\/Fuerteventura_Jandia_Playa_del_Viejo_Rey-scaled.jpg\",\"contentUrl\":\"https:\/\/tourtravelandmore.com\/wp-content\/uploads\/2019\/01\/Fuerteventura_Jandia_Playa_del_Viejo_Rey-scaled.jpg\",\"width\":3719,\"height\":2500,\"caption\":\"west coast of Fuerteventura, Canary Islands, at La Pared\"},{\"@type\":\"BreadcrumbList\",\"@id\":\"https:\/\/tourtravelandmore.com\/es\/tours\/espana-es\/fuerteventura-es\/tours-fuerteventura-de-las-mejores-playas-con-chofer-guia-privado\/#breadcrumb\",\"itemListElement\":[{\"@type\":\"ListItem\",\"position\":1,\"name\":\"Home\",\"item\":\"https:\/\/tourtravelandmore.com\/es\/\"},{\"@type\":\"ListItem\",\"position\":2,\"name\":\"Tours\",\"item\":\"https:\/\/tourtravelandmore.com\/es\/tours\/\"},{\"@type\":\"ListItem\",\"position\":3,\"name\":\"Disposici\u00f3n privada para conocer las mejores playas de Fuerteventura\"}]},{\"@type\":\"WebSite\",\"@id\":\"https:\/\/tourtravelandmore.com\/es\/#website\",\"url\":\"https:\/\/tourtravelandmore.com\/es\/\",\"name\":\"Tour Travel And More\",\"description\":\"Private sightseeing tours and luxury transfers in Spain\",\"publisher\":{\"@id\":\"https:\/\/tourtravelandmore.com\/es\/#organization\"},\"potentialAction\":[{\"@type\":\"SearchAction\",\"target\":{\"@type\":\"EntryPoint\",\"urlTemplate\":\"https:\/\/tourtravelandmore.com\/es\/?s={search_term_string}\"},\"query-input\":{\"@type\":\"PropertyValueSpecification\",\"valueRequired\":true,\"valueName\":\"search_term_string\"}}],\"inLanguage\":\"es\"},{\"@type\":\"Organization\",\"@id\":\"https:\/\/tourtravelandmore.com\/es\/#organization\",\"name\":\"Tour Travel And More\",\"url\":\"https:\/\/tourtravelandmore.com\/es\/\",\"logo\":{\"@type\":\"ImageObject\",\"inLanguage\":\"es\",\"@id\":\"https:\/\/tourtravelandmore.com\/es\/#\/schema\/logo\/image\/\",\"url\":\"https:\/\/tourtravelandmore.com\/wp-content\/uploads\/2022\/12\/cropped-logo-cabecera-new.png\",\"contentUrl\":\"https:\/\/tourtravelandmore.com\/wp-content\/uploads\/2022\/12\/cropped-logo-cabecera-new.png\",\"width\":430,\"height\":61,\"caption\":\"Tour Travel And More\"},\"image\":{\"@id\":\"https:\/\/tourtravelandmore.com\/es\/#\/schema\/logo\/image\/\"},\"sameAs\":[\"https:\/\/www.facebook.com\/tourtravelandmore\/\",\"https:\/\/x.com\/TourTravel_More\"]}]}<\/script>\n<!-- \/ Yoast SEO Premium plugin. -->","yoast_head_json":{"title":"\u27a1\ufe0f Tours Fuerteventura de las Mejores Playas con chofer\/guia privado | Tour Travel & More","description":"Descubra las mejores playas de la isla, gracias a los Tours Fuerteventura que ofrecemos, junto a su chofer\/gu\u00eda privado y viva un dia \u00fanico en la isla \u2705","robots":{"index":"index","follow":"follow","max-snippet":"max-snippet:-1","max-image-preview":"max-image-preview:large","max-video-preview":"max-video-preview:-1"},"canonical":"https:\/\/tourtravelandmore.com\/es\/tours\/espana-es\/fuerteventura-es\/tours-fuerteventura-de-las-mejores-playas-con-chofer-guia-privado\/","og_locale":"es_ES","og_type":"article","og_title":"Disposici\u00f3n privada para conocer las mejores playas de Fuerteventura","og_description":"Descubra las mejores playas de la isla, gracias a los Tours Fuerteventura que ofrecemos, junto a su chofer\/gu\u00eda privado y viva un dia \u00fanico en la isla \u2705","og_url":"https:\/\/tourtravelandmore.com\/es\/tours\/espana-es\/fuerteventura-es\/tours-fuerteventura-de-las-mejores-playas-con-chofer-guia-privado\/","og_site_name":"Tour Travel And More","article_publisher":"https:\/\/www.facebook.com\/tourtravelandmore\/","article_modified_time":"2022-11-29T00:43:23+00:00","og_image":[{"width":3719,"height":2500,"url":"https:\/\/tourtravelandmore.com\/wp-content\/uploads\/2019\/01\/Fuerteventura_Jandia_Playa_del_Viejo_Rey-scaled.jpg","type":"image\/jpeg"}],"twitter_card":"summary_large_image","twitter_site":"@TourTravel_More","twitter_misc":{"Tiempo de lectura":"2 minutos"},"schema":{"@context":"https:\/\/schema.org","@graph":[{"@type":"WebPage","@id":"https:\/\/tourtravelandmore.com\/es\/tours\/espana-es\/fuerteventura-es\/tours-fuerteventura-de-las-mejores-playas-con-chofer-guia-privado\/","url":"https:\/\/tourtravelandmore.com\/es\/tours\/espana-es\/fuerteventura-es\/tours-fuerteventura-de-las-mejores-playas-con-chofer-guia-privado\/","name":"\u27a1\ufe0f Tours Fuerteventura de las Mejores Playas con chofer\/guia privado | Tour Travel & More","isPartOf":{"@id":"https:\/\/tourtravelandmore.com\/es\/#website"},"primaryImageOfPage":{"@id":"https:\/\/tourtravelandmore.com\/es\/tours\/espana-es\/fuerteventura-es\/tours-fuerteventura-de-las-mejores-playas-con-chofer-guia-privado\/#primaryimage"},"image":{"@id":"https:\/\/tourtravelandmore.com\/es\/tours\/espana-es\/fuerteventura-es\/tours-fuerteventura-de-las-mejores-playas-con-chofer-guia-privado\/#primaryimage"},"thumbnailUrl":"https:\/\/tourtravelandmore.com\/wp-content\/uploads\/2019\/01\/Fuerteventura_Jandia_Playa_del_Viejo_Rey-scaled.jpg","datePublished":"2019-01-16T13:33:25+00:00","dateModified":"2022-11-29T00:43:23+00:00","description":"Descubra las mejores playas de la isla, gracias a los Tours Fuerteventura que ofrecemos, junto a su chofer\/gu\u00eda privado y viva un dia \u00fanico en la isla \u2705","breadcrumb":{"@id":"https:\/\/tourtravelandmore.com\/es\/tours\/espana-es\/fuerteventura-es\/tours-fuerteventura-de-las-mejores-playas-con-chofer-guia-privado\/#breadcrumb"},"inLanguage":"es","potentialAction":[{"@type":"ReadAction","target":["https:\/\/tourtravelandmore.com\/es\/tours\/espana-es\/fuerteventura-es\/tours-fuerteventura-de-las-mejores-playas-con-chofer-guia-privado\/"]}]},{"@type":"ImageObject","inLanguage":"es","@id":"https:\/\/tourtravelandmore.com\/es\/tours\/espana-es\/fuerteventura-es\/tours-fuerteventura-de-las-mejores-playas-con-chofer-guia-privado\/#primaryimage","url":"https:\/\/tourtravelandmore.com\/wp-content\/uploads\/2019\/01\/Fuerteventura_Jandia_Playa_del_Viejo_Rey-scaled.jpg","contentUrl":"https:\/\/tourtravelandmore.com\/wp-content\/uploads\/2019\/01\/Fuerteventura_Jandia_Playa_del_Viejo_Rey-scaled.jpg","width":3719,"height":2500,"caption":"west coast of Fuerteventura, Canary Islands, at La Pared"},{"@type":"BreadcrumbList","@id":"https:\/\/tourtravelandmore.com\/es\/tours\/espana-es\/fuerteventura-es\/tours-fuerteventura-de-las-mejores-playas-con-chofer-guia-privado\/#breadcrumb","itemListElement":[{"@type":"ListItem","position":1,"name":"Home","item":"https:\/\/tourtravelandmore.com\/es\/"},{"@type":"ListItem","position":2,"name":"Tours","item":"https:\/\/tourtravelandmore.com\/es\/tours\/"},{"@type":"ListItem","position":3,"name":"Disposici\u00f3n privada para conocer las mejores playas de Fuerteventura"}]},{"@type":"WebSite","@id":"https:\/\/tourtravelandmore.com\/es\/#website","url":"https:\/\/tourtravelandmore.com\/es\/","name":"Tour Travel And More","description":"Private sightseeing tours and luxury transfers in Spain","publisher":{"@id":"https:\/\/tourtravelandmore.com\/es\/#organization"},"potentialAction":[{"@type":"SearchAction","target":{"@type":"EntryPoint","urlTemplate":"https:\/\/tourtravelandmore.com\/es\/?s={search_term_string}"},"query-input":{"@type":"PropertyValueSpecification","valueRequired":true,"valueName":"search_term_string"}}],"inLanguage":"es"},{"@type":"Organization","@id":"https:\/\/tourtravelandmore.com\/es\/#organization","name":"Tour Travel And More","url":"https:\/\/tourtravelandmore.com\/es\/","logo":{"@type":"ImageObject","inLanguage":"es","@id":"https:\/\/tourtravelandmore.com\/es\/#\/schema\/logo\/image\/","url":"https:\/\/tourtravelandmore.com\/wp-content\/uploads\/2022\/12\/cropped-logo-cabecera-new.png","contentUrl":"https:\/\/tourtravelandmore.com\/wp-content\/uploads\/2022\/12\/cropped-logo-cabecera-new.png","width":430,"height":61,"caption":"Tour Travel And More"},"image":{"@id":"https:\/\/tourtravelandmore.com\/es\/#\/schema\/logo\/image\/"},"sameAs":["https:\/\/www.facebook.com\/tourtravelandmore\/","https:\/\/x.com\/TourTravel_More"]}]}},"_links":{"self":[{"href":"https:\/\/tourtravelandmore.com\/es\/wp-json\/wp\/v2\/product\/31325","targetHints":{"allow":["GET"]}}],"collection":[{"href":"https:\/\/tourtravelandmore.com\/es\/wp-json\/wp\/v2\/product"}],"about":[{"href":"https:\/\/tourtravelandmore.com\/es\/wp-json\/wp\/v2\/types\/product"}],"replies":[{"embeddable":true,"href":"https:\/\/tourtravelandmore.com\/es\/wp-json\/wp\/v2\/comments?post=31325"}],"wp:featuredmedia":[{"embeddable":true,"href":"https:\/\/tourtravelandmore.com\/es\/wp-json\/wp\/v2\/media\/31339"}],"wp:attachment":[{"href":"https:\/\/tourtravelandmore.com\/es\/wp-json\/wp\/v2\/media?parent=31325"}],"wp:term":[{"taxonomy":"product_brand","embeddable":true,"href":"https:\/\/tourtravelandmore.com\/es\/wp-json\/wp\/v2\/product_brand?post=31325"},{"taxonomy":"product_cat","embeddable":true,"href":"https:\/\/tourtravelandmore.com\/es\/wp-json\/wp\/v2\/product_cat?post=31325"},{"taxonomy":"product_tag","embeddable":true,"href":"https:\/\/tourtravelandmore.com\/es\/wp-json\/wp\/v2\/product_tag?post=31325"}],"curies":[{"name":"wp","href":"https:\/\/api.w.org\/{rel}","templated":true}]}}