{"id":31308,"date":"2019-01-16T14:09:06","date_gmt":"2019-01-16T13:09:08","guid":{"rendered":"http:\/\/tourtravelandmore.com\/es\/tours\/gran-canaria-es\/tour-privado-de-norte-y-este\/"},"modified":"2022-12-06T02:06:24","modified_gmt":"2022-12-06T01:06:24","slug":"tour-privado-de-gran-canarias-con-guia","status":"publish","type":"product","link":"https:\/\/tourtravelandmore.com\/es\/tours\/espana-es\/gran-canaria-es\/tour-privado-de-gran-canarias-con-guia\/","title":{"rendered":"Tour Privado del Norte y del Este de Gran Canarias"},"content":{"rendered":"<h2>Descripci\u00f3n del Tour Privado del Norte y del Este de Gran Canarias<\/h2>\n<p>Disfrute de este tour privado de Gran Canarias, con vuestro Chofer\/Guia y conoce los lugares m\u00e1s emblem\u00e1ticos del <strong>Norte y del Este de Gran Canaria.<\/strong><\/p>\n<p>El tour es completamente privado, pueden escoger la hora de comienzo y recogida.<\/p>\n<p>Nuestro conductor es el mismo gu\u00eda, es un gu\u00eda oficial.<\/p>\n<p>La duraci\u00f3n del tour privado de Gran Canarias del Norte y del Este son 8 horas. Podr\u00e1n parar para comer junto a su gu\u00eda oficial.<\/p>\n<h2>Puntos de inter\u00e9s en el Tour Privado del Norte y del Este de Gran Canarias<\/h2>\n<p>Durante vuestro d\u00eda, podr\u00e9is ver, entre otros, los siguientes lugares de inter\u00e9s:<\/p>\n<p><strong>Agaete: <\/strong>Es una na localidad costera situada a 30 kil\u00f3metros de la capital. Esta villa marinera, su casco urbano se encuentra a una altitud de 43 metros por encima del nivel del mar. El casco hist\u00f3rico se localiza <strong>la Iglesia de La Concepci\u00f3n<\/strong>. Destacan, adem\u00e1s, el actual <strong>Centro Cultural de la Villa y el Ayuntamiento<\/strong>, casonas del siglo XIX\u00a0 reflejo de la arquitectura tradicional de la \u00e9poca. Agaete, adem\u00e1s, dispone de unas zonas verdes de especial relevancia:<strong> el Huerto de las Flores y el Parque Natural de Tamadaba.<\/strong><\/p>\n<p><strong>Firgas: <\/strong>El casco urbano de Firgas ofrece numerosos rincones culturales y religiosos. As\u00ed, es recomendable visitar la Iglesia Parroquial de San Roque.<\/p>\n<p><strong>Las Palmas (Visita R\u00e1pida):\u00a0<\/strong>Haremos una visita muy r\u00e1pida de las Palmas y conoceremos lo mas importante de la ciudad, en especial el <strong>Barrio colonial de<\/strong><strong>\u00a0Vegueta.<\/strong><\/p>\n<p><strong>Moya:<\/strong> un pueblo con mucho encanto. Cabe destacar la <strong>Iglesia de Nuestra Se\u00f1ora de la Candelaria<\/strong>, la<strong> Casa Museo Tom\u00e1s Morales<\/strong>, la<strong> Heredad de Aguas <\/strong>o la <strong>Ermita de San Bartolom\u00e9 de Fontanales<\/strong>.<\/p>\n<p><strong>Santa Mar\u00eda de Gu\u00eda: <\/strong>Destaca la belleza de sus edificios, pintados de diferentes colores, que nos lleva a un mundo de color, fantas\u00eda y alegr\u00eda.<\/p>\n<p>Tambi\u00e9n conoceremos en esta ruta otros municipios: <strong>G\u00e1ldar, Telde, Ingenio,Ag\u00fcimes.<\/strong><\/p>\n<p>Es un tour privado que os ayudar\u00e1 a conocer la Isla en profundidad y sus interiores. Las Palmas adem\u00e1s de la Playa, todos sus municipios, tienen un gran encanto.<\/p>\n<p>Si dispone de m\u00e1s d\u00edas puede realizar otro <a href=\"https:\/\/tourtravelandmore.com\/es\/ciudad\/espana-es\/gran-canaria-es\/\">tour privado de Gran Canarias<\/a>, consulte el listado de tours que ofrecemos.<\/p>\n<p>A trav\u00e9s del formulario de contacto, puede solicitar informaci\u00f3n y contactaremos de forma inmediata para enviaros la informaci\u00f3n detallada.<\/p>\n","protected":false},"excerpt":{"rendered":"<p>Disfrute de este tour privado completamente personalizado y \u00fanico para conocer <strong>el Norte y Este de Gran Canaria<\/strong>. Aproveche esta oportunidad para conocer <strong>Gran Canaria<\/strong> en esta experiencia a su propio ritmo con su conductor\/gu\u00eda privado en un veh\u00edculo privado de lujo. Podr\u00e1s visitar: <strong>Agaete<\/strong>, <strong>Moya<\/strong>, <strong>G\u00e1ldar<\/strong> y mucho m\u00e1s en este tour privado.<\/p>\n","protected":false},"featured_media":31314,"comment_status":"open","ping_status":"closed","template":"","meta":{"_acf_changed":false},"product_brand":[],"product_cat":[1047,1048,1049,1050],"product_tag":[],"class_list":{"0":"post-31308","1":"product","2":"type-product","3":"status-publish","4":"has-post-thumbnail","6":"product_cat-gran-canaria-es","7":"product_cat-gran-canaria-actividades-es","8":"product_cat-gran-canaria-rutas-turisticas-privadas-es","9":"product_cat-gran-canaria-excursiones-privadas-cruceros-es","11":"first","12":"instock","13":"shipping-taxable","14":"purchasable","15":"product-type-simple"},"acf":[],"yoast_head":"<!-- This site is optimized with the Yoast SEO Premium plugin v25.3.1 (Yoast SEO v25.3.1) - https:\/\/yoast.com\/wordpress\/plugins\/seo\/ -->\n<title>\u27a1\ufe0f Tour privado de Gran Canarias | Tour Travel &amp; More<\/title>\n<meta name=\"description\" content=\"Descubra el Norte y Este, gracias a este tour privado de Gran Canarias, junto a su chofer\/guia oficial. Le recoger\u00e1 y le devolver\u00e1 a su hotel \u2705\" \/>\n<meta name=\"robots\" content=\"index, follow, max-snippet:-1, max-image-preview:large, max-video-preview:-1\" \/>\n<link rel=\"canonical\" href=\"https:\/\/tourtravelandmore.com\/es\/tours\/espana-es\/gran-canaria-es\/tour-privado-de-gran-canarias-con-guia\/\" \/>\n<meta property=\"og:locale\" content=\"es_ES\" \/>\n<meta property=\"og:type\" content=\"article\" \/>\n<meta property=\"og:title\" content=\"Tour Privado del Norte y del Este de Gran Canarias\" \/>\n<meta property=\"og:description\" content=\"Descubra el Norte y Este, gracias a este tour privado de Gran Canarias, junto a su chofer\/guia oficial. Le recoger\u00e1 y le devolver\u00e1 a su hotel \u2705\" \/>\n<meta property=\"og:url\" content=\"https:\/\/tourtravelandmore.com\/es\/tours\/espana-es\/gran-canaria-es\/tour-privado-de-gran-canarias-con-guia\/\" \/>\n<meta property=\"og:site_name\" content=\"Tour Travel And More\" \/>\n<meta property=\"article:publisher\" content=\"https:\/\/www.facebook.com\/tourtravelandmore\/\" \/>\n<meta property=\"article:modified_time\" content=\"2022-12-06T01:06:24+00:00\" \/>\n<meta property=\"og:image\" content=\"https:\/\/tourtravelandmore.com\/wp-content\/uploads\/2019\/01\/Hacha_grande_from_papagayo_pano-scaled.jpg\" \/>\n\t<meta property=\"og:image:width\" content=\"4000\" \/>\n\t<meta property=\"og:image:height\" content=\"904\" \/>\n\t<meta property=\"og:image:type\" content=\"image\/jpeg\" \/>\n<meta name=\"twitter:card\" content=\"summary_large_image\" \/>\n<meta name=\"twitter:site\" content=\"@TourTravel_More\" \/>\n<meta name=\"twitter:label1\" content=\"Tiempo de lectura\" \/>\n\t<meta name=\"twitter:data1\" content=\"2 minutos\" \/>\n<script type=\"application\/ld+json\" class=\"yoast-schema-graph\">{\"@context\":\"https:\/\/schema.org\",\"@graph\":[{\"@type\":\"WebPage\",\"@id\":\"https:\/\/tourtravelandmore.com\/es\/tours\/espana-es\/gran-canaria-es\/tour-privado-de-gran-canarias-con-guia\/\",\"url\":\"https:\/\/tourtravelandmore.com\/es\/tours\/espana-es\/gran-canaria-es\/tour-privado-de-gran-canarias-con-guia\/\",\"name\":\"\u27a1\ufe0f Tour privado de Gran Canarias | Tour Travel & More\",\"isPartOf\":{\"@id\":\"https:\/\/tourtravelandmore.com\/es\/#website\"},\"primaryImageOfPage\":{\"@id\":\"https:\/\/tourtravelandmore.com\/es\/tours\/espana-es\/gran-canaria-es\/tour-privado-de-gran-canarias-con-guia\/#primaryimage\"},\"image\":{\"@id\":\"https:\/\/tourtravelandmore.com\/es\/tours\/espana-es\/gran-canaria-es\/tour-privado-de-gran-canarias-con-guia\/#primaryimage\"},\"thumbnailUrl\":\"https:\/\/tourtravelandmore.com\/wp-content\/uploads\/2019\/01\/Hacha_grande_from_papagayo_pano-scaled.jpg\",\"datePublished\":\"2019-01-16T13:09:08+00:00\",\"dateModified\":\"2022-12-06T01:06:24+00:00\",\"description\":\"Descubra el Norte y Este, gracias a este tour privado de Gran Canarias, junto a su chofer\/guia oficial. Le recoger\u00e1 y le devolver\u00e1 a su hotel \u2705\",\"breadcrumb\":{\"@id\":\"https:\/\/tourtravelandmore.com\/es\/tours\/espana-es\/gran-canaria-es\/tour-privado-de-gran-canarias-con-guia\/#breadcrumb\"},\"inLanguage\":\"es\",\"potentialAction\":[{\"@type\":\"ReadAction\",\"target\":[\"https:\/\/tourtravelandmore.com\/es\/tours\/espana-es\/gran-canaria-es\/tour-privado-de-gran-canarias-con-guia\/\"]}]},{\"@type\":\"ImageObject\",\"inLanguage\":\"es\",\"@id\":\"https:\/\/tourtravelandmore.com\/es\/tours\/espana-es\/gran-canaria-es\/tour-privado-de-gran-canarias-con-guia\/#primaryimage\",\"url\":\"https:\/\/tourtravelandmore.com\/wp-content\/uploads\/2019\/01\/Hacha_grande_from_papagayo_pano-scaled.jpg\",\"contentUrl\":\"https:\/\/tourtravelandmore.com\/wp-content\/uploads\/2019\/01\/Hacha_grande_from_papagayo_pano-scaled.jpg\",\"width\":4000,\"height\":904},{\"@type\":\"BreadcrumbList\",\"@id\":\"https:\/\/tourtravelandmore.com\/es\/tours\/espana-es\/gran-canaria-es\/tour-privado-de-gran-canarias-con-guia\/#breadcrumb\",\"itemListElement\":[{\"@type\":\"ListItem\",\"position\":1,\"name\":\"Home\",\"item\":\"https:\/\/tourtravelandmore.com\/es\/\"},{\"@type\":\"ListItem\",\"position\":2,\"name\":\"Tours\",\"item\":\"https:\/\/tourtravelandmore.com\/es\/tours\/\"},{\"@type\":\"ListItem\",\"position\":3,\"name\":\"Tour Privado del Norte y del Este de Gran Canarias\"}]},{\"@type\":\"WebSite\",\"@id\":\"https:\/\/tourtravelandmore.com\/es\/#website\",\"url\":\"https:\/\/tourtravelandmore.com\/es\/\",\"name\":\"Tour Travel And More\",\"description\":\"Private sightseeing tours and luxury transfers in Spain\",\"publisher\":{\"@id\":\"https:\/\/tourtravelandmore.com\/es\/#organization\"},\"potentialAction\":[{\"@type\":\"SearchAction\",\"target\":{\"@type\":\"EntryPoint\",\"urlTemplate\":\"https:\/\/tourtravelandmore.com\/es\/?s={search_term_string}\"},\"query-input\":{\"@type\":\"PropertyValueSpecification\",\"valueRequired\":true,\"valueName\":\"search_term_string\"}}],\"inLanguage\":\"es\"},{\"@type\":\"Organization\",\"@id\":\"https:\/\/tourtravelandmore.com\/es\/#organization\",\"name\":\"Tour Travel And More\",\"url\":\"https:\/\/tourtravelandmore.com\/es\/\",\"logo\":{\"@type\":\"ImageObject\",\"inLanguage\":\"es\",\"@id\":\"https:\/\/tourtravelandmore.com\/es\/#\/schema\/logo\/image\/\",\"url\":\"https:\/\/tourtravelandmore.com\/wp-content\/uploads\/2022\/12\/cropped-logo-cabecera-new.png\",\"contentUrl\":\"https:\/\/tourtravelandmore.com\/wp-content\/uploads\/2022\/12\/cropped-logo-cabecera-new.png\",\"width\":430,\"height\":61,\"caption\":\"Tour Travel And More\"},\"image\":{\"@id\":\"https:\/\/tourtravelandmore.com\/es\/#\/schema\/logo\/image\/\"},\"sameAs\":[\"https:\/\/www.facebook.com\/tourtravelandmore\/\",\"https:\/\/x.com\/TourTravel_More\"]}]}<\/script>\n<!-- \/ Yoast SEO Premium plugin. -->","yoast_head_json":{"title":"\u27a1\ufe0f Tour privado de Gran Canarias | Tour Travel & More","description":"Descubra el Norte y Este, gracias a este tour privado de Gran Canarias, junto a su chofer\/guia oficial. Le recoger\u00e1 y le devolver\u00e1 a su hotel \u2705","robots":{"index":"index","follow":"follow","max-snippet":"max-snippet:-1","max-image-preview":"max-image-preview:large","max-video-preview":"max-video-preview:-1"},"canonical":"https:\/\/tourtravelandmore.com\/es\/tours\/espana-es\/gran-canaria-es\/tour-privado-de-gran-canarias-con-guia\/","og_locale":"es_ES","og_type":"article","og_title":"Tour Privado del Norte y del Este de Gran Canarias","og_description":"Descubra el Norte y Este, gracias a este tour privado de Gran Canarias, junto a su chofer\/guia oficial. Le recoger\u00e1 y le devolver\u00e1 a su hotel \u2705","og_url":"https:\/\/tourtravelandmore.com\/es\/tours\/espana-es\/gran-canaria-es\/tour-privado-de-gran-canarias-con-guia\/","og_site_name":"Tour Travel And More","article_publisher":"https:\/\/www.facebook.com\/tourtravelandmore\/","article_modified_time":"2022-12-06T01:06:24+00:00","og_image":[{"width":4000,"height":904,"url":"https:\/\/tourtravelandmore.com\/wp-content\/uploads\/2019\/01\/Hacha_grande_from_papagayo_pano-scaled.jpg","type":"image\/jpeg"}],"twitter_card":"summary_large_image","twitter_site":"@TourTravel_More","twitter_misc":{"Tiempo de lectura":"2 minutos"},"schema":{"@context":"https:\/\/schema.org","@graph":[{"@type":"WebPage","@id":"https:\/\/tourtravelandmore.com\/es\/tours\/espana-es\/gran-canaria-es\/tour-privado-de-gran-canarias-con-guia\/","url":"https:\/\/tourtravelandmore.com\/es\/tours\/espana-es\/gran-canaria-es\/tour-privado-de-gran-canarias-con-guia\/","name":"\u27a1\ufe0f Tour privado de Gran Canarias | Tour Travel & More","isPartOf":{"@id":"https:\/\/tourtravelandmore.com\/es\/#website"},"primaryImageOfPage":{"@id":"https:\/\/tourtravelandmore.com\/es\/tours\/espana-es\/gran-canaria-es\/tour-privado-de-gran-canarias-con-guia\/#primaryimage"},"image":{"@id":"https:\/\/tourtravelandmore.com\/es\/tours\/espana-es\/gran-canaria-es\/tour-privado-de-gran-canarias-con-guia\/#primaryimage"},"thumbnailUrl":"https:\/\/tourtravelandmore.com\/wp-content\/uploads\/2019\/01\/Hacha_grande_from_papagayo_pano-scaled.jpg","datePublished":"2019-01-16T13:09:08+00:00","dateModified":"2022-12-06T01:06:24+00:00","description":"Descubra el Norte y Este, gracias a este tour privado de Gran Canarias, junto a su chofer\/guia oficial. Le recoger\u00e1 y le devolver\u00e1 a su hotel \u2705","breadcrumb":{"@id":"https:\/\/tourtravelandmore.com\/es\/tours\/espana-es\/gran-canaria-es\/tour-privado-de-gran-canarias-con-guia\/#breadcrumb"},"inLanguage":"es","potentialAction":[{"@type":"ReadAction","target":["https:\/\/tourtravelandmore.com\/es\/tours\/espana-es\/gran-canaria-es\/tour-privado-de-gran-canarias-con-guia\/"]}]},{"@type":"ImageObject","inLanguage":"es","@id":"https:\/\/tourtravelandmore.com\/es\/tours\/espana-es\/gran-canaria-es\/tour-privado-de-gran-canarias-con-guia\/#primaryimage","url":"https:\/\/tourtravelandmore.com\/wp-content\/uploads\/2019\/01\/Hacha_grande_from_papagayo_pano-scaled.jpg","contentUrl":"https:\/\/tourtravelandmore.com\/wp-content\/uploads\/2019\/01\/Hacha_grande_from_papagayo_pano-scaled.jpg","width":4000,"height":904},{"@type":"BreadcrumbList","@id":"https:\/\/tourtravelandmore.com\/es\/tours\/espana-es\/gran-canaria-es\/tour-privado-de-gran-canarias-con-guia\/#breadcrumb","itemListElement":[{"@type":"ListItem","position":1,"name":"Home","item":"https:\/\/tourtravelandmore.com\/es\/"},{"@type":"ListItem","position":2,"name":"Tours","item":"https:\/\/tourtravelandmore.com\/es\/tours\/"},{"@type":"ListItem","position":3,"name":"Tour Privado del Norte y del Este de Gran Canarias"}]},{"@type":"WebSite","@id":"https:\/\/tourtravelandmore.com\/es\/#website","url":"https:\/\/tourtravelandmore.com\/es\/","name":"Tour Travel And More","description":"Private sightseeing tours and luxury transfers in Spain","publisher":{"@id":"https:\/\/tourtravelandmore.com\/es\/#organization"},"potentialAction":[{"@type":"SearchAction","target":{"@type":"EntryPoint","urlTemplate":"https:\/\/tourtravelandmore.com\/es\/?s={search_term_string}"},"query-input":{"@type":"PropertyValueSpecification","valueRequired":true,"valueName":"search_term_string"}}],"inLanguage":"es"},{"@type":"Organization","@id":"https:\/\/tourtravelandmore.com\/es\/#organization","name":"Tour Travel And More","url":"https:\/\/tourtravelandmore.com\/es\/","logo":{"@type":"ImageObject","inLanguage":"es","@id":"https:\/\/tourtravelandmore.com\/es\/#\/schema\/logo\/image\/","url":"https:\/\/tourtravelandmore.com\/wp-content\/uploads\/2022\/12\/cropped-logo-cabecera-new.png","contentUrl":"https:\/\/tourtravelandmore.com\/wp-content\/uploads\/2022\/12\/cropped-logo-cabecera-new.png","width":430,"height":61,"caption":"Tour Travel And More"},"image":{"@id":"https:\/\/tourtravelandmore.com\/es\/#\/schema\/logo\/image\/"},"sameAs":["https:\/\/www.facebook.com\/tourtravelandmore\/","https:\/\/x.com\/TourTravel_More"]}]}},"_links":{"self":[{"href":"https:\/\/tourtravelandmore.com\/es\/wp-json\/wp\/v2\/product\/31308","targetHints":{"allow":["GET"]}}],"collection":[{"href":"https:\/\/tourtravelandmore.com\/es\/wp-json\/wp\/v2\/product"}],"about":[{"href":"https:\/\/tourtravelandmore.com\/es\/wp-json\/wp\/v2\/types\/product"}],"replies":[{"embeddable":true,"href":"https:\/\/tourtravelandmore.com\/es\/wp-json\/wp\/v2\/comments?post=31308"}],"wp:featuredmedia":[{"embeddable":true,"href":"https:\/\/tourtravelandmore.com\/es\/wp-json\/wp\/v2\/media\/31314"}],"wp:attachment":[{"href":"https:\/\/tourtravelandmore.com\/es\/wp-json\/wp\/v2\/media?parent=31308"}],"wp:term":[{"taxonomy":"product_brand","embeddable":true,"href":"https:\/\/tourtravelandmore.com\/es\/wp-json\/wp\/v2\/product_brand?post=31308"},{"taxonomy":"product_cat","embeddable":true,"href":"https:\/\/tourtravelandmore.com\/es\/wp-json\/wp\/v2\/product_cat?post=31308"},{"taxonomy":"product_tag","embeddable":true,"href":"https:\/\/tourtravelandmore.com\/es\/wp-json\/wp\/v2\/product_tag?post=31308"}],"curies":[{"name":"wp","href":"https:\/\/api.w.org\/{rel}","templated":true}]}}