{"id":31289,"date":"2019-01-16T13:49:29","date_gmt":"2019-01-16T12:49:31","guid":{"rendered":"http:\/\/tourtravelandmore.com\/es\/tours\/gran-canaria-es\/tour-privado-de-maspalomas\/"},"modified":"2022-12-06T02:08:39","modified_gmt":"2022-12-06T01:08:39","slug":"tour-privado-de-maspalomas-con-chofer-guia","status":"publish","type":"product","link":"https:\/\/tourtravelandmore.com\/es\/tours\/espana-es\/gran-canaria-es\/tour-privado-de-maspalomas-con-chofer-guia\/","title":{"rendered":"Tour Privado de Maspalomas"},"content":{"rendered":"<h2><strong>Descripci\u00f3n del Tour Privado de Maspalomas<\/strong><\/h2>\n<p>Nuestro chofer\/gu\u00eda os recoger\u00e1 desde su Hotel para empezar el Tour Privado de M\u00e1s Palomas, una de las zonas m\u00e1s bonitas de la isla, que se caracterizan por sus <strong>paradis\u00edacas playas<\/strong>, sus <strong>grandes dunas<\/strong> y su <strong>clima inmejorable<\/strong>.<\/p>\n<p>La duraci\u00f3n del tour privado de M\u00e1s Palomas son 5 horas, si est\u00e1 fuera de la zona de Maspalomas y desea conocerlo, no hay problema, podemos alargar la duraci\u00f3n y recogerle y devolverle desde su hotel. Solo nos lo tiene que indicar en el Formulario.<\/p>\n<p>Si quiere hacer una actividad, como Camello, Quads, Motos en la duna, tambi\u00e9n se lo organizaremos, nos lo indica y nuestro equipo de soporte se lo pasar\u00e1 detallado.<\/p>\n<p>El Tour privado de M\u00e1s Palomas, es completamente privado, nuestro chofer\/gu\u00eda es un Gu\u00eda oficial que conoce la Isla perfectamente.<\/p>\n<h2>Puntos de Inter\u00e9s en el Tour Privado de Maspalomas<\/h2>\n<p>Durante vuestro d\u00eda, podr\u00e9is ver, entre otros, los siguientes lugares de inter\u00e9s:<\/p>\n<p><strong>Faro de M\u00e1s Palomas:<\/strong> Construido inicialmente en un paraje deshabitado, hoy se encuentra ahora en el inicio de un paseo muy concurrido<\/p>\n<p><strong>Dunas de m\u00e1s Palomas:<\/strong> Es una <strong>reserva natural<\/strong>, \u00fanico en todas las islas Canarias, en el que podr\u00e1s disfrutar de un <strong>paisaje ins\u00f3lito y cautivador, <\/strong>adem\u00e1s si lo desea podemos a\u00f1adir varias actividades como un paseo a camello, Quads, Motos&#8230;, solo lo tiene que indicar en el formulario de contacto del tour.<\/p>\n<p><span id=\"Playa_de_Meloneras\"><strong>Playa de Meloneras y Playa del Ingl\u00e9s: <\/strong>Son las playas m\u00e1s conocidas de la zona.<br \/>\n<\/span><\/p>\n<p><span id=\"Parque_botanico_de_Maspalomas\"><strong>Parque bot\u00e1nico de Maspalomas: <\/strong>Podr\u00e1s conocer al detalle la flora aut\u00f3ctona de la zona.<strong><br \/>\n<\/strong><\/span><\/p>\n<p>La duraci\u00f3n del tour privado de Mas Palomas, podr\u00e1 ser diferentes en funci\u00f3n de su lugar de recogida en la Isla y si desea realizar alguna actividad en las Dunas.<\/p>\n<p>No te pierdas la oportunidad de conocer una de las zonas m\u00e1s bonitas de la isla junto a su chofer\/Guia.<\/p>\n<p>Si dispone de m\u00e1s d\u00edas en la isla puede consultar el Listado de <a href=\"https:\/\/tourtravelandmore.com\/es\/ciudad\/espana-es\/gran-canaria-es\/\">Tours Privado de Gran Canarias.<\/a><\/p>\n","protected":false},"excerpt":{"rendered":"<p>Disfrute de este <strong>tour privado de medio d\u00eda completamente personalizado por Maspalomas<\/strong>, uno de los lugares m\u00e1s especiales de <strong>Gran Canaria<\/strong>. Conozca uno de los sitios m\u00e1s bellos de la isla con su conductor \/ gu\u00eda privado. Aprovecha esta oportunidad para conocer Gran Canaria en esta experiencia a tu ritmo. Personalice su propia experiencia con nosotros.<\/p>\n","protected":false},"featured_media":31297,"comment_status":"open","ping_status":"closed","template":"","meta":{"_acf_changed":false},"product_brand":[],"product_cat":[1047,1048,1049,1050],"product_tag":[],"class_list":{"0":"post-31289","1":"product","2":"type-product","3":"status-publish","4":"has-post-thumbnail","6":"product_cat-gran-canaria-es","7":"product_cat-gran-canaria-actividades-es","8":"product_cat-gran-canaria-rutas-turisticas-privadas-es","9":"product_cat-gran-canaria-excursiones-privadas-cruceros-es","11":"first","12":"instock","13":"shipping-taxable","14":"purchasable","15":"product-type-simple"},"acf":[],"yoast_head":"<!-- This site is optimized with the Yoast SEO Premium plugin v25.3.1 (Yoast SEO v25.3.1) - https:\/\/yoast.com\/wordpress\/plugins\/seo\/ -->\n<title>\u27a1\ufe0f Tour privado de Mas Palomas con chofer\/guia y recogida y devolucion | Tour Travel &amp; More<\/title>\n<meta name=\"description\" content=\"Descubra Maspalomas, las famosas dunas y sus playas m\u00e1s bonitas, junto a su chofer\/gu\u00eda privado, gracias a este Tour privado de Mas Palomas \u2705\" \/>\n<meta name=\"robots\" content=\"index, follow, max-snippet:-1, max-image-preview:large, max-video-preview:-1\" \/>\n<link rel=\"canonical\" href=\"https:\/\/tourtravelandmore.com\/es\/tours\/espana-es\/gran-canaria-es\/tour-privado-de-maspalomas-con-chofer-guia\/\" \/>\n<meta property=\"og:locale\" content=\"es_ES\" \/>\n<meta property=\"og:type\" content=\"article\" \/>\n<meta property=\"og:title\" content=\"Tour Privado de Maspalomas\" \/>\n<meta property=\"og:description\" content=\"Descubra Maspalomas, las famosas dunas y sus playas m\u00e1s bonitas, junto a su chofer\/gu\u00eda privado, gracias a este Tour privado de Mas Palomas \u2705\" \/>\n<meta property=\"og:url\" content=\"https:\/\/tourtravelandmore.com\/es\/tours\/espana-es\/gran-canaria-es\/tour-privado-de-maspalomas-con-chofer-guia\/\" \/>\n<meta property=\"og:site_name\" content=\"Tour Travel And More\" \/>\n<meta property=\"article:publisher\" content=\"https:\/\/www.facebook.com\/tourtravelandmore\/\" \/>\n<meta property=\"article:modified_time\" content=\"2022-12-06T01:08:39+00:00\" \/>\n<meta property=\"og:image\" content=\"https:\/\/tourtravelandmore.com\/wp-content\/uploads\/2019\/01\/maspalomas-1762716_960_720.jpg\" \/>\n\t<meta property=\"og:image:width\" content=\"960\" \/>\n\t<meta property=\"og:image:height\" content=\"640\" \/>\n\t<meta property=\"og:image:type\" content=\"image\/jpeg\" \/>\n<meta name=\"twitter:card\" content=\"summary_large_image\" \/>\n<meta name=\"twitter:site\" content=\"@TourTravel_More\" \/>\n<meta name=\"twitter:label1\" content=\"Tiempo de lectura\" \/>\n\t<meta name=\"twitter:data1\" content=\"2 minutos\" \/>\n<script type=\"application\/ld+json\" class=\"yoast-schema-graph\">{\"@context\":\"https:\/\/schema.org\",\"@graph\":[{\"@type\":\"WebPage\",\"@id\":\"https:\/\/tourtravelandmore.com\/es\/tours\/espana-es\/gran-canaria-es\/tour-privado-de-maspalomas-con-chofer-guia\/\",\"url\":\"https:\/\/tourtravelandmore.com\/es\/tours\/espana-es\/gran-canaria-es\/tour-privado-de-maspalomas-con-chofer-guia\/\",\"name\":\"\u27a1\ufe0f Tour privado de Mas Palomas con chofer\/guia y recogida y devolucion | Tour Travel & More\",\"isPartOf\":{\"@id\":\"https:\/\/tourtravelandmore.com\/es\/#website\"},\"primaryImageOfPage\":{\"@id\":\"https:\/\/tourtravelandmore.com\/es\/tours\/espana-es\/gran-canaria-es\/tour-privado-de-maspalomas-con-chofer-guia\/#primaryimage\"},\"image\":{\"@id\":\"https:\/\/tourtravelandmore.com\/es\/tours\/espana-es\/gran-canaria-es\/tour-privado-de-maspalomas-con-chofer-guia\/#primaryimage\"},\"thumbnailUrl\":\"https:\/\/tourtravelandmore.com\/wp-content\/uploads\/2019\/01\/maspalomas-1762716_960_720.jpg\",\"datePublished\":\"2019-01-16T12:49:31+00:00\",\"dateModified\":\"2022-12-06T01:08:39+00:00\",\"description\":\"Descubra Maspalomas, las famosas dunas y sus playas m\u00e1s bonitas, junto a su chofer\/gu\u00eda privado, gracias a este Tour privado de Mas Palomas \u2705\",\"breadcrumb\":{\"@id\":\"https:\/\/tourtravelandmore.com\/es\/tours\/espana-es\/gran-canaria-es\/tour-privado-de-maspalomas-con-chofer-guia\/#breadcrumb\"},\"inLanguage\":\"es\",\"potentialAction\":[{\"@type\":\"ReadAction\",\"target\":[\"https:\/\/tourtravelandmore.com\/es\/tours\/espana-es\/gran-canaria-es\/tour-privado-de-maspalomas-con-chofer-guia\/\"]}]},{\"@type\":\"ImageObject\",\"inLanguage\":\"es\",\"@id\":\"https:\/\/tourtravelandmore.com\/es\/tours\/espana-es\/gran-canaria-es\/tour-privado-de-maspalomas-con-chofer-guia\/#primaryimage\",\"url\":\"https:\/\/tourtravelandmore.com\/wp-content\/uploads\/2019\/01\/maspalomas-1762716_960_720.jpg\",\"contentUrl\":\"https:\/\/tourtravelandmore.com\/wp-content\/uploads\/2019\/01\/maspalomas-1762716_960_720.jpg\",\"width\":960,\"height\":640},{\"@type\":\"BreadcrumbList\",\"@id\":\"https:\/\/tourtravelandmore.com\/es\/tours\/espana-es\/gran-canaria-es\/tour-privado-de-maspalomas-con-chofer-guia\/#breadcrumb\",\"itemListElement\":[{\"@type\":\"ListItem\",\"position\":1,\"name\":\"Home\",\"item\":\"https:\/\/tourtravelandmore.com\/es\/\"},{\"@type\":\"ListItem\",\"position\":2,\"name\":\"Tours\",\"item\":\"https:\/\/tourtravelandmore.com\/es\/tours\/\"},{\"@type\":\"ListItem\",\"position\":3,\"name\":\"Tour Privado de Maspalomas\"}]},{\"@type\":\"WebSite\",\"@id\":\"https:\/\/tourtravelandmore.com\/es\/#website\",\"url\":\"https:\/\/tourtravelandmore.com\/es\/\",\"name\":\"Tour Travel And More\",\"description\":\"Private sightseeing tours and luxury transfers in Spain\",\"publisher\":{\"@id\":\"https:\/\/tourtravelandmore.com\/es\/#organization\"},\"potentialAction\":[{\"@type\":\"SearchAction\",\"target\":{\"@type\":\"EntryPoint\",\"urlTemplate\":\"https:\/\/tourtravelandmore.com\/es\/?s={search_term_string}\"},\"query-input\":{\"@type\":\"PropertyValueSpecification\",\"valueRequired\":true,\"valueName\":\"search_term_string\"}}],\"inLanguage\":\"es\"},{\"@type\":\"Organization\",\"@id\":\"https:\/\/tourtravelandmore.com\/es\/#organization\",\"name\":\"Tour Travel And More\",\"url\":\"https:\/\/tourtravelandmore.com\/es\/\",\"logo\":{\"@type\":\"ImageObject\",\"inLanguage\":\"es\",\"@id\":\"https:\/\/tourtravelandmore.com\/es\/#\/schema\/logo\/image\/\",\"url\":\"https:\/\/tourtravelandmore.com\/wp-content\/uploads\/2022\/12\/cropped-logo-cabecera-new.png\",\"contentUrl\":\"https:\/\/tourtravelandmore.com\/wp-content\/uploads\/2022\/12\/cropped-logo-cabecera-new.png\",\"width\":430,\"height\":61,\"caption\":\"Tour Travel And More\"},\"image\":{\"@id\":\"https:\/\/tourtravelandmore.com\/es\/#\/schema\/logo\/image\/\"},\"sameAs\":[\"https:\/\/www.facebook.com\/tourtravelandmore\/\",\"https:\/\/x.com\/TourTravel_More\"]}]}<\/script>\n<!-- \/ Yoast SEO Premium plugin. -->","yoast_head_json":{"title":"\u27a1\ufe0f Tour privado de Mas Palomas con chofer\/guia y recogida y devolucion | Tour Travel & More","description":"Descubra Maspalomas, las famosas dunas y sus playas m\u00e1s bonitas, junto a su chofer\/gu\u00eda privado, gracias a este Tour privado de Mas Palomas \u2705","robots":{"index":"index","follow":"follow","max-snippet":"max-snippet:-1","max-image-preview":"max-image-preview:large","max-video-preview":"max-video-preview:-1"},"canonical":"https:\/\/tourtravelandmore.com\/es\/tours\/espana-es\/gran-canaria-es\/tour-privado-de-maspalomas-con-chofer-guia\/","og_locale":"es_ES","og_type":"article","og_title":"Tour Privado de Maspalomas","og_description":"Descubra Maspalomas, las famosas dunas y sus playas m\u00e1s bonitas, junto a su chofer\/gu\u00eda privado, gracias a este Tour privado de Mas Palomas \u2705","og_url":"https:\/\/tourtravelandmore.com\/es\/tours\/espana-es\/gran-canaria-es\/tour-privado-de-maspalomas-con-chofer-guia\/","og_site_name":"Tour Travel And More","article_publisher":"https:\/\/www.facebook.com\/tourtravelandmore\/","article_modified_time":"2022-12-06T01:08:39+00:00","og_image":[{"width":960,"height":640,"url":"https:\/\/tourtravelandmore.com\/wp-content\/uploads\/2019\/01\/maspalomas-1762716_960_720.jpg","type":"image\/jpeg"}],"twitter_card":"summary_large_image","twitter_site":"@TourTravel_More","twitter_misc":{"Tiempo de lectura":"2 minutos"},"schema":{"@context":"https:\/\/schema.org","@graph":[{"@type":"WebPage","@id":"https:\/\/tourtravelandmore.com\/es\/tours\/espana-es\/gran-canaria-es\/tour-privado-de-maspalomas-con-chofer-guia\/","url":"https:\/\/tourtravelandmore.com\/es\/tours\/espana-es\/gran-canaria-es\/tour-privado-de-maspalomas-con-chofer-guia\/","name":"\u27a1\ufe0f Tour privado de Mas Palomas con chofer\/guia y recogida y devolucion | Tour Travel & More","isPartOf":{"@id":"https:\/\/tourtravelandmore.com\/es\/#website"},"primaryImageOfPage":{"@id":"https:\/\/tourtravelandmore.com\/es\/tours\/espana-es\/gran-canaria-es\/tour-privado-de-maspalomas-con-chofer-guia\/#primaryimage"},"image":{"@id":"https:\/\/tourtravelandmore.com\/es\/tours\/espana-es\/gran-canaria-es\/tour-privado-de-maspalomas-con-chofer-guia\/#primaryimage"},"thumbnailUrl":"https:\/\/tourtravelandmore.com\/wp-content\/uploads\/2019\/01\/maspalomas-1762716_960_720.jpg","datePublished":"2019-01-16T12:49:31+00:00","dateModified":"2022-12-06T01:08:39+00:00","description":"Descubra Maspalomas, las famosas dunas y sus playas m\u00e1s bonitas, junto a su chofer\/gu\u00eda privado, gracias a este Tour privado de Mas Palomas \u2705","breadcrumb":{"@id":"https:\/\/tourtravelandmore.com\/es\/tours\/espana-es\/gran-canaria-es\/tour-privado-de-maspalomas-con-chofer-guia\/#breadcrumb"},"inLanguage":"es","potentialAction":[{"@type":"ReadAction","target":["https:\/\/tourtravelandmore.com\/es\/tours\/espana-es\/gran-canaria-es\/tour-privado-de-maspalomas-con-chofer-guia\/"]}]},{"@type":"ImageObject","inLanguage":"es","@id":"https:\/\/tourtravelandmore.com\/es\/tours\/espana-es\/gran-canaria-es\/tour-privado-de-maspalomas-con-chofer-guia\/#primaryimage","url":"https:\/\/tourtravelandmore.com\/wp-content\/uploads\/2019\/01\/maspalomas-1762716_960_720.jpg","contentUrl":"https:\/\/tourtravelandmore.com\/wp-content\/uploads\/2019\/01\/maspalomas-1762716_960_720.jpg","width":960,"height":640},{"@type":"BreadcrumbList","@id":"https:\/\/tourtravelandmore.com\/es\/tours\/espana-es\/gran-canaria-es\/tour-privado-de-maspalomas-con-chofer-guia\/#breadcrumb","itemListElement":[{"@type":"ListItem","position":1,"name":"Home","item":"https:\/\/tourtravelandmore.com\/es\/"},{"@type":"ListItem","position":2,"name":"Tours","item":"https:\/\/tourtravelandmore.com\/es\/tours\/"},{"@type":"ListItem","position":3,"name":"Tour Privado de Maspalomas"}]},{"@type":"WebSite","@id":"https:\/\/tourtravelandmore.com\/es\/#website","url":"https:\/\/tourtravelandmore.com\/es\/","name":"Tour Travel And More","description":"Private sightseeing tours and luxury transfers in Spain","publisher":{"@id":"https:\/\/tourtravelandmore.com\/es\/#organization"},"potentialAction":[{"@type":"SearchAction","target":{"@type":"EntryPoint","urlTemplate":"https:\/\/tourtravelandmore.com\/es\/?s={search_term_string}"},"query-input":{"@type":"PropertyValueSpecification","valueRequired":true,"valueName":"search_term_string"}}],"inLanguage":"es"},{"@type":"Organization","@id":"https:\/\/tourtravelandmore.com\/es\/#organization","name":"Tour Travel And More","url":"https:\/\/tourtravelandmore.com\/es\/","logo":{"@type":"ImageObject","inLanguage":"es","@id":"https:\/\/tourtravelandmore.com\/es\/#\/schema\/logo\/image\/","url":"https:\/\/tourtravelandmore.com\/wp-content\/uploads\/2022\/12\/cropped-logo-cabecera-new.png","contentUrl":"https:\/\/tourtravelandmore.com\/wp-content\/uploads\/2022\/12\/cropped-logo-cabecera-new.png","width":430,"height":61,"caption":"Tour Travel And More"},"image":{"@id":"https:\/\/tourtravelandmore.com\/es\/#\/schema\/logo\/image\/"},"sameAs":["https:\/\/www.facebook.com\/tourtravelandmore\/","https:\/\/x.com\/TourTravel_More"]}]}},"_links":{"self":[{"href":"https:\/\/tourtravelandmore.com\/es\/wp-json\/wp\/v2\/product\/31289","targetHints":{"allow":["GET"]}}],"collection":[{"href":"https:\/\/tourtravelandmore.com\/es\/wp-json\/wp\/v2\/product"}],"about":[{"href":"https:\/\/tourtravelandmore.com\/es\/wp-json\/wp\/v2\/types\/product"}],"replies":[{"embeddable":true,"href":"https:\/\/tourtravelandmore.com\/es\/wp-json\/wp\/v2\/comments?post=31289"}],"wp:featuredmedia":[{"embeddable":true,"href":"https:\/\/tourtravelandmore.com\/es\/wp-json\/wp\/v2\/media\/31297"}],"wp:attachment":[{"href":"https:\/\/tourtravelandmore.com\/es\/wp-json\/wp\/v2\/media?parent=31289"}],"wp:term":[{"taxonomy":"product_brand","embeddable":true,"href":"https:\/\/tourtravelandmore.com\/es\/wp-json\/wp\/v2\/product_brand?post=31289"},{"taxonomy":"product_cat","embeddable":true,"href":"https:\/\/tourtravelandmore.com\/es\/wp-json\/wp\/v2\/product_cat?post=31289"},{"taxonomy":"product_tag","embeddable":true,"href":"https:\/\/tourtravelandmore.com\/es\/wp-json\/wp\/v2\/product_tag?post=31289"}],"curies":[{"name":"wp","href":"https:\/\/api.w.org\/{rel}","templated":true}]}}