{"id":31255,"date":"2019-01-16T12:33:27","date_gmt":"2019-01-16T11:33:30","guid":{"rendered":"http:\/\/tourtravelandmore.com\/es\/tours\/gran-canaria-es\/disposicion-privada-para-conocer-centro-y-sur-de-gran-canaria\/"},"modified":"2022-12-06T02:10:59","modified_gmt":"2022-12-06T01:10:59","slug":"tour-privado-de-gran-canarias-zona-centro-y-suroeste","status":"publish","type":"product","link":"https:\/\/tourtravelandmore.com\/es\/tours\/espana-es\/gran-canaria-es\/tour-privado-de-gran-canarias-zona-centro-y-suroeste\/","title":{"rendered":"Tour Privado del Centro y del Sur de Gran Canaria"},"content":{"rendered":"<h2><strong>Descripci\u00f3n del Tour Privado del Centro y del Sur de Gran Canaria<\/strong><\/h2>\n<p><span class=\"tlid-translation translation\" lang=\"es\">Gran Canarias es una hermosa isla, pertenece al conjunto de las islas Canarias. La Isla es muy grande, en un d\u00eda no se puede visitar toda la isla, por esto recomendamos si es la primera vez en la isla estos dos tours privados Gran Canarias: <a href=\"https:\/\/tourtravelandmore.com\/es\/tours\/espana-es\/gran-canaria-es\/tour-privado-de-gran-canarias-con-guia\/\"><strong>Tour Privado Norte y Este de Gran Canarias<\/strong><\/a> y este <strong>Tour Privado Central y Suroeste de Gran Canaria.<\/strong><\/span><\/p>\n<p>Ambos tour privado Gran Canarias, le permitir\u00e1n conocer la Isla de Gran Canarias en profundidad y tener una experiencia \u00fanica.<\/p>\n<p><span class=\"tlid-translation translation\" lang=\"es\">La duraci\u00f3n del tour son 8 horas y le recogeremos desde su Hotel, Terminal de Cruceros o lugar de su elecci\u00f3n.<br \/>\n<\/span><\/p>\n<p><span class=\"tlid-translation translation\" lang=\"es\">Nuestro chofer\/gu\u00eda os recoger\u00e1 a la hora seleccionado y sitio de su elecci\u00f3n.<\/span><\/p>\n<p>El itinerario exacto depender\u00e1 de d\u00f3nde se encuentre su sitio de recogida. Si es desde el puerto de cruceros o desde un hotel cercano en la regi\u00f3n, podremos incluir m\u00e1s ubicaciones. Si es de un hotel o ubicaci\u00f3n m\u00e1s al norte, adaptaremos el recorrido para que vean el m\u00e1ximo posible.<\/p>\n<h2><strong>Puntos de Inter\u00e9s en el Tour Privado del Centro y del Sur de Gran Canaria<br \/>\n<\/strong><\/h2>\n<div class=\"text-wrap tlid-copy-target\">\n<div class=\"result-shield-container tlid-copy-target\"><span class=\"tlid-translation translation\" lang=\"es\">Una vez sean recogidas con su chofer\/gu\u00eda desde el sitio de su elecci\u00f3n, nos dirigiremos hacia la parte sur y central de la isla de Gran Canarias.<br \/>\n<\/span><\/div>\n<div><\/div>\n<div class=\"result-shield-container tlid-copy-target\"><span class=\"tlid-translation translation\" lang=\"es\">Con este itinerario siguiente, conocer\u00e1 muchas de las partes \u00fanicas que Gran Canarias tiene para ofrecer.<\/span><\/div>\n<\/div>\n<div><\/div>\n<div>A lo largo del tour conoceremos lo m\u00e1s importante de la ruta sur y central de la isla:<\/div>\n<div class=\"text-wrap tlid-copy-target\">\n<ul>\n<li class=\"result-shield-container tlid-copy-target\"><span class=\"tlid-translation translation\" lang=\"es\"><strong>Santa Br\u00edgida<\/strong><\/span><\/li>\n<li class=\"result-shield-container tlid-copy-target\"><span class=\"tlid-translation translation\" lang=\"es\"><strong>San Bartolom\u00e9 de Tirajana<\/strong><\/span><\/li>\n<li class=\"result-shield-container tlid-copy-target\"><span class=\"tlid-translation translation\" lang=\"es\"><strong>Mog\u00e1n<\/strong><\/span><\/li>\n<li class=\"result-shield-container tlid-copy-target\"><span class=\"tlid-translation translation\" lang=\"es\"><strong>La Aldea de San Nicol\u00e1s<\/strong><\/span><\/li>\n<li class=\"result-shield-container tlid-copy-target\"><span class=\"tlid-translation translation\" lang=\"es\"><strong>Santa Luc\u00eda<\/strong><\/span><\/li>\n<li class=\"result-shield-container tlid-copy-target\"><span class=\"tlid-translation translation\" lang=\"es\"><strong>San Mateo<\/strong><\/span><\/li>\n<li class=\"result-shield-container tlid-copy-target\"><span class=\"tlid-translation translation\" lang=\"es\"><strong>Tejeda<\/strong><\/span><\/li>\n<li class=\"result-shield-container tlid-copy-target\"><span class=\"tlid-translation translation\" lang=\"es\"><strong>Artenara<\/strong><\/span><\/li>\n<li class=\"result-shield-container tlid-copy-target\"><span class=\"tlid-translation translation\" lang=\"es\"><strong>Vallesco<\/strong><\/span><\/li>\n<li class=\"result-shield-container tlid-copy-target\"><span class=\"tlid-translation translation\" lang=\"es\"><strong>Teror<\/strong><\/span><\/li>\n<li class=\"result-shield-container tlid-copy-target\"><span class=\"tlid-translation translation\" lang=\"es\"><strong>\u00a1Mucho m\u00e1s!<\/strong><br \/>\n<\/span><\/li>\n<\/ul>\n<div><\/div>\n<div class=\"result-shield-container tlid-copy-target\"><span class=\"tlid-translation translation\" lang=\"es\">Podr\u00e1n parar para comer, nuestro chofer\/gu\u00eda al comienzo del tour le preguntar\u00e1 sobre sus preferencias para comer y \u00e9l reservar\u00e1 en un lugar para que se puedan sentar y disfrutar de la comida t\u00edpica de la zona.<\/span><\/div>\n<div class=\"result-shield-container tlid-copy-target\"><span class=\"tlid-translation translation\" lang=\"es\"><br \/>\nFinalmente, nuestro chofer\/gu\u00eda os llevar\u00e1 de regreso al punto donde comenz\u00f3 el recorrido.<\/span><\/div>\n<div><\/div>\n<div class=\"result-shield-container tlid-copy-target\"><strong><span class=\"tlid-translation translation\" lang=\"es\"> \u00a1Habr\u00e1s disfrutado de una gran experiencia de d\u00eda completa en Gran Canarias!<\/span><\/strong><\/div>\n<\/div>\n<div class=\"tlid-result-transliteration-container result-transliteration-container transliteration-container\">\n<div class=\"tlid-transliteration-content transliteration-content full\"><\/div>\n<\/div>\n","protected":false},"excerpt":{"rendered":"<p>Disfruta de este tour privado completamente personalizado para conocer los sitios m\u00e1s emblem\u00e1ticos del <strong>Centro y Suroeste de Gran Canaria<\/strong>. Tendr\u00e1 a su total disposici\u00f3n un conductor\/gu\u00eda privado en un veh\u00edculo privado de lujo. Podr\u00e1s admirar los lugares m\u00e1s bellos y sorprendentes de esta parte de la isla. Podemos organizar la recogida desde cualquier parte de la isla.<\/p>\n","protected":false},"featured_media":31267,"comment_status":"open","ping_status":"closed","template":"","meta":{"_acf_changed":false},"product_brand":[],"product_cat":[1047,1048,1049,1050],"product_tag":[],"class_list":{"0":"post-31255","1":"product","2":"type-product","3":"status-publish","4":"has-post-thumbnail","6":"product_cat-gran-canaria-es","7":"product_cat-gran-canaria-actividades-es","8":"product_cat-gran-canaria-rutas-turisticas-privadas-es","9":"product_cat-gran-canaria-excursiones-privadas-cruceros-es","11":"first","12":"instock","13":"shipping-taxable","14":"purchasable","15":"product-type-simple"},"acf":[],"yoast_head":"<!-- This site is optimized with the Yoast SEO Premium plugin v25.3.1 (Yoast SEO v25.3.1) - https:\/\/yoast.com\/wordpress\/plugins\/seo\/ -->\n<title>\u27a1\ufe0f Tour Privado Gran Canarias con chofer\/guia: Zona Centro y Suroeste | Tour Travel &amp; More<\/title>\n<meta name=\"description\" content=\"Descubre la isla gracias a este tour privado Gran Canarias, de la Zona Centro y Suroeste, junto a nuestro chofer\/gu\u00eda oficial y privado \u2705\" \/>\n<meta name=\"robots\" content=\"index, follow, max-snippet:-1, max-image-preview:large, max-video-preview:-1\" \/>\n<link rel=\"canonical\" href=\"https:\/\/tourtravelandmore.com\/es\/tours\/espana-es\/gran-canaria-es\/tour-privado-de-gran-canarias-zona-centro-y-suroeste\/\" \/>\n<meta property=\"og:locale\" content=\"es_ES\" \/>\n<meta property=\"og:type\" content=\"article\" \/>\n<meta property=\"og:title\" content=\"Tour Privado del Centro y del Sur de Gran Canaria\" \/>\n<meta property=\"og:description\" content=\"Descubre la isla gracias a este tour privado Gran Canarias, de la Zona Centro y Suroeste, junto a nuestro chofer\/gu\u00eda oficial y privado \u2705\" \/>\n<meta property=\"og:url\" content=\"https:\/\/tourtravelandmore.com\/es\/tours\/espana-es\/gran-canaria-es\/tour-privado-de-gran-canarias-zona-centro-y-suroeste\/\" \/>\n<meta property=\"og:site_name\" content=\"Tour Travel And More\" \/>\n<meta property=\"article:publisher\" content=\"https:\/\/www.facebook.com\/tourtravelandmore\/\" \/>\n<meta property=\"article:modified_time\" content=\"2022-12-06T01:10:59+00:00\" \/>\n<meta property=\"og:image\" content=\"https:\/\/tourtravelandmore.com\/wp-content\/uploads\/2019\/01\/Faro_nuevo_sardina_gran_canaria-scaled.jpg\" \/>\n\t<meta property=\"og:image:width\" content=\"2592\" \/>\n\t<meta property=\"og:image:height\" content=\"1944\" \/>\n\t<meta property=\"og:image:type\" content=\"image\/jpeg\" \/>\n<meta name=\"twitter:card\" content=\"summary_large_image\" \/>\n<meta name=\"twitter:site\" content=\"@TourTravel_More\" \/>\n<meta name=\"twitter:label1\" content=\"Tiempo de lectura\" \/>\n\t<meta name=\"twitter:data1\" content=\"2 minutos\" \/>\n<script type=\"application\/ld+json\" class=\"yoast-schema-graph\">{\"@context\":\"https:\/\/schema.org\",\"@graph\":[{\"@type\":\"WebPage\",\"@id\":\"https:\/\/tourtravelandmore.com\/es\/tours\/espana-es\/gran-canaria-es\/tour-privado-de-gran-canarias-zona-centro-y-suroeste\/\",\"url\":\"https:\/\/tourtravelandmore.com\/es\/tours\/espana-es\/gran-canaria-es\/tour-privado-de-gran-canarias-zona-centro-y-suroeste\/\",\"name\":\"\u27a1\ufe0f Tour Privado Gran Canarias con chofer\/guia: Zona Centro y Suroeste | Tour Travel & More\",\"isPartOf\":{\"@id\":\"https:\/\/tourtravelandmore.com\/es\/#website\"},\"primaryImageOfPage\":{\"@id\":\"https:\/\/tourtravelandmore.com\/es\/tours\/espana-es\/gran-canaria-es\/tour-privado-de-gran-canarias-zona-centro-y-suroeste\/#primaryimage\"},\"image\":{\"@id\":\"https:\/\/tourtravelandmore.com\/es\/tours\/espana-es\/gran-canaria-es\/tour-privado-de-gran-canarias-zona-centro-y-suroeste\/#primaryimage\"},\"thumbnailUrl\":\"https:\/\/tourtravelandmore.com\/wp-content\/uploads\/2019\/01\/Faro_nuevo_sardina_gran_canaria-scaled.jpg\",\"datePublished\":\"2019-01-16T11:33:30+00:00\",\"dateModified\":\"2022-12-06T01:10:59+00:00\",\"description\":\"Descubre la isla gracias a este tour privado Gran Canarias, de la Zona Centro y Suroeste, junto a nuestro chofer\/gu\u00eda oficial y privado \u2705\",\"breadcrumb\":{\"@id\":\"https:\/\/tourtravelandmore.com\/es\/tours\/espana-es\/gran-canaria-es\/tour-privado-de-gran-canarias-zona-centro-y-suroeste\/#breadcrumb\"},\"inLanguage\":\"es\",\"potentialAction\":[{\"@type\":\"ReadAction\",\"target\":[\"https:\/\/tourtravelandmore.com\/es\/tours\/espana-es\/gran-canaria-es\/tour-privado-de-gran-canarias-zona-centro-y-suroeste\/\"]}]},{\"@type\":\"ImageObject\",\"inLanguage\":\"es\",\"@id\":\"https:\/\/tourtravelandmore.com\/es\/tours\/espana-es\/gran-canaria-es\/tour-privado-de-gran-canarias-zona-centro-y-suroeste\/#primaryimage\",\"url\":\"https:\/\/tourtravelandmore.com\/wp-content\/uploads\/2019\/01\/Faro_nuevo_sardina_gran_canaria-scaled.jpg\",\"contentUrl\":\"https:\/\/tourtravelandmore.com\/wp-content\/uploads\/2019\/01\/Faro_nuevo_sardina_gran_canaria-scaled.jpg\",\"width\":2592,\"height\":1944},{\"@type\":\"BreadcrumbList\",\"@id\":\"https:\/\/tourtravelandmore.com\/es\/tours\/espana-es\/gran-canaria-es\/tour-privado-de-gran-canarias-zona-centro-y-suroeste\/#breadcrumb\",\"itemListElement\":[{\"@type\":\"ListItem\",\"position\":1,\"name\":\"Home\",\"item\":\"https:\/\/tourtravelandmore.com\/es\/\"},{\"@type\":\"ListItem\",\"position\":2,\"name\":\"Tours\",\"item\":\"https:\/\/tourtravelandmore.com\/es\/tours\/\"},{\"@type\":\"ListItem\",\"position\":3,\"name\":\"Tour Privado del Centro y del Sur de Gran Canaria\"}]},{\"@type\":\"WebSite\",\"@id\":\"https:\/\/tourtravelandmore.com\/es\/#website\",\"url\":\"https:\/\/tourtravelandmore.com\/es\/\",\"name\":\"Tour Travel And More\",\"description\":\"Private sightseeing tours and luxury transfers in Spain\",\"publisher\":{\"@id\":\"https:\/\/tourtravelandmore.com\/es\/#organization\"},\"potentialAction\":[{\"@type\":\"SearchAction\",\"target\":{\"@type\":\"EntryPoint\",\"urlTemplate\":\"https:\/\/tourtravelandmore.com\/es\/?s={search_term_string}\"},\"query-input\":{\"@type\":\"PropertyValueSpecification\",\"valueRequired\":true,\"valueName\":\"search_term_string\"}}],\"inLanguage\":\"es\"},{\"@type\":\"Organization\",\"@id\":\"https:\/\/tourtravelandmore.com\/es\/#organization\",\"name\":\"Tour Travel And More\",\"url\":\"https:\/\/tourtravelandmore.com\/es\/\",\"logo\":{\"@type\":\"ImageObject\",\"inLanguage\":\"es\",\"@id\":\"https:\/\/tourtravelandmore.com\/es\/#\/schema\/logo\/image\/\",\"url\":\"https:\/\/tourtravelandmore.com\/wp-content\/uploads\/2022\/12\/cropped-logo-cabecera-new.png\",\"contentUrl\":\"https:\/\/tourtravelandmore.com\/wp-content\/uploads\/2022\/12\/cropped-logo-cabecera-new.png\",\"width\":430,\"height\":61,\"caption\":\"Tour Travel And More\"},\"image\":{\"@id\":\"https:\/\/tourtravelandmore.com\/es\/#\/schema\/logo\/image\/\"},\"sameAs\":[\"https:\/\/www.facebook.com\/tourtravelandmore\/\",\"https:\/\/x.com\/TourTravel_More\"]}]}<\/script>\n<!-- \/ Yoast SEO Premium plugin. -->","yoast_head_json":{"title":"\u27a1\ufe0f Tour Privado Gran Canarias con chofer\/guia: Zona Centro y Suroeste | Tour Travel & More","description":"Descubre la isla gracias a este tour privado Gran Canarias, de la Zona Centro y Suroeste, junto a nuestro chofer\/gu\u00eda oficial y privado \u2705","robots":{"index":"index","follow":"follow","max-snippet":"max-snippet:-1","max-image-preview":"max-image-preview:large","max-video-preview":"max-video-preview:-1"},"canonical":"https:\/\/tourtravelandmore.com\/es\/tours\/espana-es\/gran-canaria-es\/tour-privado-de-gran-canarias-zona-centro-y-suroeste\/","og_locale":"es_ES","og_type":"article","og_title":"Tour Privado del Centro y del Sur de Gran Canaria","og_description":"Descubre la isla gracias a este tour privado Gran Canarias, de la Zona Centro y Suroeste, junto a nuestro chofer\/gu\u00eda oficial y privado \u2705","og_url":"https:\/\/tourtravelandmore.com\/es\/tours\/espana-es\/gran-canaria-es\/tour-privado-de-gran-canarias-zona-centro-y-suroeste\/","og_site_name":"Tour Travel And More","article_publisher":"https:\/\/www.facebook.com\/tourtravelandmore\/","article_modified_time":"2022-12-06T01:10:59+00:00","og_image":[{"width":2592,"height":1944,"url":"https:\/\/tourtravelandmore.com\/wp-content\/uploads\/2019\/01\/Faro_nuevo_sardina_gran_canaria-scaled.jpg","type":"image\/jpeg"}],"twitter_card":"summary_large_image","twitter_site":"@TourTravel_More","twitter_misc":{"Tiempo de lectura":"2 minutos"},"schema":{"@context":"https:\/\/schema.org","@graph":[{"@type":"WebPage","@id":"https:\/\/tourtravelandmore.com\/es\/tours\/espana-es\/gran-canaria-es\/tour-privado-de-gran-canarias-zona-centro-y-suroeste\/","url":"https:\/\/tourtravelandmore.com\/es\/tours\/espana-es\/gran-canaria-es\/tour-privado-de-gran-canarias-zona-centro-y-suroeste\/","name":"\u27a1\ufe0f Tour Privado Gran Canarias con chofer\/guia: Zona Centro y Suroeste | Tour Travel & More","isPartOf":{"@id":"https:\/\/tourtravelandmore.com\/es\/#website"},"primaryImageOfPage":{"@id":"https:\/\/tourtravelandmore.com\/es\/tours\/espana-es\/gran-canaria-es\/tour-privado-de-gran-canarias-zona-centro-y-suroeste\/#primaryimage"},"image":{"@id":"https:\/\/tourtravelandmore.com\/es\/tours\/espana-es\/gran-canaria-es\/tour-privado-de-gran-canarias-zona-centro-y-suroeste\/#primaryimage"},"thumbnailUrl":"https:\/\/tourtravelandmore.com\/wp-content\/uploads\/2019\/01\/Faro_nuevo_sardina_gran_canaria-scaled.jpg","datePublished":"2019-01-16T11:33:30+00:00","dateModified":"2022-12-06T01:10:59+00:00","description":"Descubre la isla gracias a este tour privado Gran Canarias, de la Zona Centro y Suroeste, junto a nuestro chofer\/gu\u00eda oficial y privado \u2705","breadcrumb":{"@id":"https:\/\/tourtravelandmore.com\/es\/tours\/espana-es\/gran-canaria-es\/tour-privado-de-gran-canarias-zona-centro-y-suroeste\/#breadcrumb"},"inLanguage":"es","potentialAction":[{"@type":"ReadAction","target":["https:\/\/tourtravelandmore.com\/es\/tours\/espana-es\/gran-canaria-es\/tour-privado-de-gran-canarias-zona-centro-y-suroeste\/"]}]},{"@type":"ImageObject","inLanguage":"es","@id":"https:\/\/tourtravelandmore.com\/es\/tours\/espana-es\/gran-canaria-es\/tour-privado-de-gran-canarias-zona-centro-y-suroeste\/#primaryimage","url":"https:\/\/tourtravelandmore.com\/wp-content\/uploads\/2019\/01\/Faro_nuevo_sardina_gran_canaria-scaled.jpg","contentUrl":"https:\/\/tourtravelandmore.com\/wp-content\/uploads\/2019\/01\/Faro_nuevo_sardina_gran_canaria-scaled.jpg","width":2592,"height":1944},{"@type":"BreadcrumbList","@id":"https:\/\/tourtravelandmore.com\/es\/tours\/espana-es\/gran-canaria-es\/tour-privado-de-gran-canarias-zona-centro-y-suroeste\/#breadcrumb","itemListElement":[{"@type":"ListItem","position":1,"name":"Home","item":"https:\/\/tourtravelandmore.com\/es\/"},{"@type":"ListItem","position":2,"name":"Tours","item":"https:\/\/tourtravelandmore.com\/es\/tours\/"},{"@type":"ListItem","position":3,"name":"Tour Privado del Centro y del Sur de Gran Canaria"}]},{"@type":"WebSite","@id":"https:\/\/tourtravelandmore.com\/es\/#website","url":"https:\/\/tourtravelandmore.com\/es\/","name":"Tour Travel And More","description":"Private sightseeing tours and luxury transfers in Spain","publisher":{"@id":"https:\/\/tourtravelandmore.com\/es\/#organization"},"potentialAction":[{"@type":"SearchAction","target":{"@type":"EntryPoint","urlTemplate":"https:\/\/tourtravelandmore.com\/es\/?s={search_term_string}"},"query-input":{"@type":"PropertyValueSpecification","valueRequired":true,"valueName":"search_term_string"}}],"inLanguage":"es"},{"@type":"Organization","@id":"https:\/\/tourtravelandmore.com\/es\/#organization","name":"Tour Travel And More","url":"https:\/\/tourtravelandmore.com\/es\/","logo":{"@type":"ImageObject","inLanguage":"es","@id":"https:\/\/tourtravelandmore.com\/es\/#\/schema\/logo\/image\/","url":"https:\/\/tourtravelandmore.com\/wp-content\/uploads\/2022\/12\/cropped-logo-cabecera-new.png","contentUrl":"https:\/\/tourtravelandmore.com\/wp-content\/uploads\/2022\/12\/cropped-logo-cabecera-new.png","width":430,"height":61,"caption":"Tour Travel And More"},"image":{"@id":"https:\/\/tourtravelandmore.com\/es\/#\/schema\/logo\/image\/"},"sameAs":["https:\/\/www.facebook.com\/tourtravelandmore\/","https:\/\/x.com\/TourTravel_More"]}]}},"_links":{"self":[{"href":"https:\/\/tourtravelandmore.com\/es\/wp-json\/wp\/v2\/product\/31255","targetHints":{"allow":["GET"]}}],"collection":[{"href":"https:\/\/tourtravelandmore.com\/es\/wp-json\/wp\/v2\/product"}],"about":[{"href":"https:\/\/tourtravelandmore.com\/es\/wp-json\/wp\/v2\/types\/product"}],"replies":[{"embeddable":true,"href":"https:\/\/tourtravelandmore.com\/es\/wp-json\/wp\/v2\/comments?post=31255"}],"wp:featuredmedia":[{"embeddable":true,"href":"https:\/\/tourtravelandmore.com\/es\/wp-json\/wp\/v2\/media\/31267"}],"wp:attachment":[{"href":"https:\/\/tourtravelandmore.com\/es\/wp-json\/wp\/v2\/media?parent=31255"}],"wp:term":[{"taxonomy":"product_brand","embeddable":true,"href":"https:\/\/tourtravelandmore.com\/es\/wp-json\/wp\/v2\/product_brand?post=31255"},{"taxonomy":"product_cat","embeddable":true,"href":"https:\/\/tourtravelandmore.com\/es\/wp-json\/wp\/v2\/product_cat?post=31255"},{"taxonomy":"product_tag","embeddable":true,"href":"https:\/\/tourtravelandmore.com\/es\/wp-json\/wp\/v2\/product_tag?post=31255"}],"curies":[{"name":"wp","href":"https:\/\/api.w.org\/{rel}","templated":true}]}}