{"id":31234,"date":"2019-01-16T11:36:55","date_gmt":"2019-01-16T10:36:59","guid":{"rendered":"http:\/\/tourtravelandmore.com\/es\/tours\/gran-canaria-es\/tour-privado-dia-completo-a-playas-de-gran-canaria\/"},"modified":"2022-12-06T02:17:27","modified_gmt":"2022-12-06T01:17:27","slug":"tour-playas-de-gran-canarias-tour-privado","status":"publish","type":"product","link":"https:\/\/tourtravelandmore.com\/es\/tours\/espana-es\/gran-canaria-es\/tour-playas-de-gran-canarias-tour-privado\/","title":{"rendered":"Disposici\u00f3n privada para conocer las playas m\u00e1s emblem\u00e1ticas de Gran Canaria"},"content":{"rendered":"<h2>Descripci\u00f3n de la Disposici\u00f3n\u00a0privada para conocer las playas m\u00e1s emblem\u00e1ticas de Gran Canaria<\/h2>\n<p>Disfrute de este tour Playas de Gran Canarias, junto a su chofer\/gu\u00eda privado, que les llevar\u00e1 a las mejores playas, para que disfruten de un d\u00eda \u00fanico. De Sol y Playa, de forma c\u00f3moda, con su veh\u00edculo y nuestro gu\u00eda oficial que se conoce la zona perfectamente y les llevar\u00e1 a las mejores playas.<\/p>\n<p>La duraci\u00f3n del tour Playas de Gran Canarias son 8 horas.<\/p>\n<p>El Tour es completamente privado, pueden escoger la hora de comienzo y lugar de recogida en Gran Canarias.<\/p>\n<p>Nuestro chofer\/gu\u00eda a la hora seleccionado estar\u00e1 esperando en el veh\u00edculo, para iniciar el tour de Playas de Gran Canarias y pasar un d\u00eda maravilloso y conocer las mejores playas de la Isla.<\/p>\n<h2>Puntos de inter\u00e9s en la Disposici\u00f3n\u00a0privada para conocer las playas m\u00e1s emblem\u00e1ticas de Gran Canaria<\/h2>\n<ul>\n<li><strong>Dunas y playa de Maspalomas<\/strong><\/li>\n<li><strong>Playa Dedo de Dios<\/strong><\/li>\n<li><strong>Playa de G\u00fci G\u00fci<\/strong><\/li>\n<li><strong>Playa de Amadores<\/strong><\/li>\n<li><strong>Playa Tufia y Aguadulce<\/strong><\/li>\n<li><strong>Playa de Tirita\u00f1a<\/strong><\/li>\n<li><strong>Playa Anfi del Mar<\/strong><\/li>\n<li><strong>Playa El Roquete<\/strong><\/li>\n<li><strong>Mucho m\u00e1s!!<\/strong><\/li>\n<\/ul>\n<p>Este tour playas de Gran Canar\u00edas, podr\u00e1 conocer de forma r\u00e1pida y c\u00f3moda las mejores playas, bajar y hacerse un ba\u00f1o.<\/p>\n<p>Dispondr\u00e1n de tiempo para comer en lugar t\u00edpico de la zona.<\/p>\n<p>Nuestro chofer\/gu\u00eda es oficial, conoce la zona perfectamente y la Historia, podr\u00e1 descubrir con el Isla y sus mejores playas.<\/p>\n<p>Si tiene algunas playas que le interesan m\u00e1s que otros, nos lo indica y nos adaptaremos a su itinerario, el tour es completamente privado y flexible. Sino nuestro chofer\/gu\u00eda antes de empezar el tours, os propondr\u00e1 la ruta y las playas que vamos a conocer en funci\u00f3n de vuestras preferencias.<\/p>\n<p>Si dispone de m\u00e1s d\u00edas y quiere conocer otras zonas de la isla, puede consultar el listado de <a href=\"https:\/\/tourtravelandmore.com\/es\/ciudad\/espana-es\/gran-canaria-es\/\">tours privados que ofrecemos en Gran Canarias.<\/a><\/p>\n<p>Si est\u00e1 en un Barco, tambi\u00e9n podemos recogerle desde la Terminal de Cruceros y empezar desde ah\u00ed su tour privado, operamos en toda la isla y le podemos ofrecer nuestros servicios, lo mismo si va a cualquier otra isla de Canarias.<\/p>\n","protected":false},"excerpt":{"rendered":"<p>Disfrute de esta excursi\u00f3n privada de un d\u00eda completamente personalizada para conocer <strong>las playas m\u00e1s bonitas de Gran Canaria<\/strong>. Disfruta de sus m\u00e1s conocidas y hermosas playas y pueblos costeros. Aproveche esta oportunidad para conocer Gran Canaria en esta experiencia con tu propio veh\u00edculo privado de lujo con conductor\/gu\u00eda. Personalice su propia experiencia con nosotros.<\/p>\n","protected":false},"featured_media":31244,"comment_status":"open","ping_status":"closed","template":"","meta":{"_acf_changed":false},"product_brand":[],"product_cat":[1047,1048,1049,1050],"product_tag":[],"class_list":{"0":"post-31234","1":"product","2":"type-product","3":"status-publish","4":"has-post-thumbnail","6":"product_cat-gran-canaria-es","7":"product_cat-gran-canaria-actividades-es","8":"product_cat-gran-canaria-rutas-turisticas-privadas-es","9":"product_cat-gran-canaria-excursiones-privadas-cruceros-es","11":"first","12":"instock","13":"shipping-taxable","14":"purchasable","15":"product-type-simple"},"acf":[],"yoast_head":"<!-- This site is optimized with the Yoast SEO Premium plugin v25.3.1 (Yoast SEO v25.3.1) - https:\/\/yoast.com\/wordpress\/plugins\/seo\/ -->\n<title>\u27a1\ufe0f Tour playas de Gran Canarias | Tour Travel &amp; More<\/title>\n<meta name=\"description\" content=\"Descubra las playas m\u00e1s bonitas de la isla, gracias a este tour playas de Gran Canarias, junto a su chofer\/guia privado en veh\u00edculo privado \u2705\" \/>\n<meta name=\"robots\" content=\"index, follow, max-snippet:-1, max-image-preview:large, max-video-preview:-1\" \/>\n<link rel=\"canonical\" href=\"https:\/\/tourtravelandmore.com\/es\/tours\/espana-es\/gran-canaria-es\/tour-playas-de-gran-canarias-tour-privado\/\" \/>\n<meta property=\"og:locale\" content=\"es_ES\" \/>\n<meta property=\"og:type\" content=\"article\" \/>\n<meta property=\"og:title\" content=\"Disposici\u00f3n privada para conocer las playas m\u00e1s emblem\u00e1ticas de Gran Canaria\" \/>\n<meta property=\"og:description\" content=\"Descubra las playas m\u00e1s bonitas de la isla, gracias a este tour playas de Gran Canarias, junto a su chofer\/guia privado en veh\u00edculo privado \u2705\" \/>\n<meta property=\"og:url\" content=\"https:\/\/tourtravelandmore.com\/es\/tours\/espana-es\/gran-canaria-es\/tour-playas-de-gran-canarias-tour-privado\/\" \/>\n<meta property=\"og:site_name\" content=\"Tour Travel And More\" \/>\n<meta property=\"article:publisher\" content=\"https:\/\/www.facebook.com\/tourtravelandmore\/\" \/>\n<meta property=\"article:modified_time\" content=\"2022-12-06T01:17:27+00:00\" \/>\n<meta property=\"og:image\" content=\"https:\/\/tourtravelandmore.com\/wp-content\/uploads\/2019\/01\/gran-canaria-2409761_960_720.jpg\" \/>\n\t<meta property=\"og:image:width\" content=\"960\" \/>\n\t<meta property=\"og:image:height\" content=\"640\" \/>\n\t<meta property=\"og:image:type\" content=\"image\/jpeg\" \/>\n<meta name=\"twitter:card\" content=\"summary_large_image\" \/>\n<meta name=\"twitter:site\" content=\"@TourTravel_More\" \/>\n<meta name=\"twitter:label1\" content=\"Tiempo de lectura\" \/>\n\t<meta name=\"twitter:data1\" content=\"2 minutos\" \/>\n<script type=\"application\/ld+json\" class=\"yoast-schema-graph\">{\"@context\":\"https:\/\/schema.org\",\"@graph\":[{\"@type\":\"WebPage\",\"@id\":\"https:\/\/tourtravelandmore.com\/es\/tours\/espana-es\/gran-canaria-es\/tour-playas-de-gran-canarias-tour-privado\/\",\"url\":\"https:\/\/tourtravelandmore.com\/es\/tours\/espana-es\/gran-canaria-es\/tour-playas-de-gran-canarias-tour-privado\/\",\"name\":\"\u27a1\ufe0f Tour playas de Gran Canarias | Tour Travel & More\",\"isPartOf\":{\"@id\":\"https:\/\/tourtravelandmore.com\/es\/#website\"},\"primaryImageOfPage\":{\"@id\":\"https:\/\/tourtravelandmore.com\/es\/tours\/espana-es\/gran-canaria-es\/tour-playas-de-gran-canarias-tour-privado\/#primaryimage\"},\"image\":{\"@id\":\"https:\/\/tourtravelandmore.com\/es\/tours\/espana-es\/gran-canaria-es\/tour-playas-de-gran-canarias-tour-privado\/#primaryimage\"},\"thumbnailUrl\":\"https:\/\/tourtravelandmore.com\/wp-content\/uploads\/2019\/01\/gran-canaria-2409761_960_720.jpg\",\"datePublished\":\"2019-01-16T10:36:59+00:00\",\"dateModified\":\"2022-12-06T01:17:27+00:00\",\"description\":\"Descubra las playas m\u00e1s bonitas de la isla, gracias a este tour playas de Gran Canarias, junto a su chofer\/guia privado en veh\u00edculo privado \u2705\",\"breadcrumb\":{\"@id\":\"https:\/\/tourtravelandmore.com\/es\/tours\/espana-es\/gran-canaria-es\/tour-playas-de-gran-canarias-tour-privado\/#breadcrumb\"},\"inLanguage\":\"es\",\"potentialAction\":[{\"@type\":\"ReadAction\",\"target\":[\"https:\/\/tourtravelandmore.com\/es\/tours\/espana-es\/gran-canaria-es\/tour-playas-de-gran-canarias-tour-privado\/\"]}]},{\"@type\":\"ImageObject\",\"inLanguage\":\"es\",\"@id\":\"https:\/\/tourtravelandmore.com\/es\/tours\/espana-es\/gran-canaria-es\/tour-playas-de-gran-canarias-tour-privado\/#primaryimage\",\"url\":\"https:\/\/tourtravelandmore.com\/wp-content\/uploads\/2019\/01\/gran-canaria-2409761_960_720.jpg\",\"contentUrl\":\"https:\/\/tourtravelandmore.com\/wp-content\/uploads\/2019\/01\/gran-canaria-2409761_960_720.jpg\",\"width\":960,\"height\":640},{\"@type\":\"BreadcrumbList\",\"@id\":\"https:\/\/tourtravelandmore.com\/es\/tours\/espana-es\/gran-canaria-es\/tour-playas-de-gran-canarias-tour-privado\/#breadcrumb\",\"itemListElement\":[{\"@type\":\"ListItem\",\"position\":1,\"name\":\"Home\",\"item\":\"https:\/\/tourtravelandmore.com\/es\/\"},{\"@type\":\"ListItem\",\"position\":2,\"name\":\"Tours\",\"item\":\"https:\/\/tourtravelandmore.com\/es\/tours\/\"},{\"@type\":\"ListItem\",\"position\":3,\"name\":\"Disposici\u00f3n privada para conocer las playas m\u00e1s emblem\u00e1ticas de Gran Canaria\"}]},{\"@type\":\"WebSite\",\"@id\":\"https:\/\/tourtravelandmore.com\/es\/#website\",\"url\":\"https:\/\/tourtravelandmore.com\/es\/\",\"name\":\"Tour Travel And More\",\"description\":\"Private sightseeing tours and luxury transfers in Spain\",\"publisher\":{\"@id\":\"https:\/\/tourtravelandmore.com\/es\/#organization\"},\"potentialAction\":[{\"@type\":\"SearchAction\",\"target\":{\"@type\":\"EntryPoint\",\"urlTemplate\":\"https:\/\/tourtravelandmore.com\/es\/?s={search_term_string}\"},\"query-input\":{\"@type\":\"PropertyValueSpecification\",\"valueRequired\":true,\"valueName\":\"search_term_string\"}}],\"inLanguage\":\"es\"},{\"@type\":\"Organization\",\"@id\":\"https:\/\/tourtravelandmore.com\/es\/#organization\",\"name\":\"Tour Travel And More\",\"url\":\"https:\/\/tourtravelandmore.com\/es\/\",\"logo\":{\"@type\":\"ImageObject\",\"inLanguage\":\"es\",\"@id\":\"https:\/\/tourtravelandmore.com\/es\/#\/schema\/logo\/image\/\",\"url\":\"https:\/\/tourtravelandmore.com\/wp-content\/uploads\/2022\/12\/cropped-logo-cabecera-new.png\",\"contentUrl\":\"https:\/\/tourtravelandmore.com\/wp-content\/uploads\/2022\/12\/cropped-logo-cabecera-new.png\",\"width\":430,\"height\":61,\"caption\":\"Tour Travel And More\"},\"image\":{\"@id\":\"https:\/\/tourtravelandmore.com\/es\/#\/schema\/logo\/image\/\"},\"sameAs\":[\"https:\/\/www.facebook.com\/tourtravelandmore\/\",\"https:\/\/x.com\/TourTravel_More\"]}]}<\/script>\n<!-- \/ Yoast SEO Premium plugin. -->","yoast_head_json":{"title":"\u27a1\ufe0f Tour playas de Gran Canarias | Tour Travel & More","description":"Descubra las playas m\u00e1s bonitas de la isla, gracias a este tour playas de Gran Canarias, junto a su chofer\/guia privado en veh\u00edculo privado \u2705","robots":{"index":"index","follow":"follow","max-snippet":"max-snippet:-1","max-image-preview":"max-image-preview:large","max-video-preview":"max-video-preview:-1"},"canonical":"https:\/\/tourtravelandmore.com\/es\/tours\/espana-es\/gran-canaria-es\/tour-playas-de-gran-canarias-tour-privado\/","og_locale":"es_ES","og_type":"article","og_title":"Disposici\u00f3n privada para conocer las playas m\u00e1s emblem\u00e1ticas de Gran Canaria","og_description":"Descubra las playas m\u00e1s bonitas de la isla, gracias a este tour playas de Gran Canarias, junto a su chofer\/guia privado en veh\u00edculo privado \u2705","og_url":"https:\/\/tourtravelandmore.com\/es\/tours\/espana-es\/gran-canaria-es\/tour-playas-de-gran-canarias-tour-privado\/","og_site_name":"Tour Travel And More","article_publisher":"https:\/\/www.facebook.com\/tourtravelandmore\/","article_modified_time":"2022-12-06T01:17:27+00:00","og_image":[{"width":960,"height":640,"url":"https:\/\/tourtravelandmore.com\/wp-content\/uploads\/2019\/01\/gran-canaria-2409761_960_720.jpg","type":"image\/jpeg"}],"twitter_card":"summary_large_image","twitter_site":"@TourTravel_More","twitter_misc":{"Tiempo de lectura":"2 minutos"},"schema":{"@context":"https:\/\/schema.org","@graph":[{"@type":"WebPage","@id":"https:\/\/tourtravelandmore.com\/es\/tours\/espana-es\/gran-canaria-es\/tour-playas-de-gran-canarias-tour-privado\/","url":"https:\/\/tourtravelandmore.com\/es\/tours\/espana-es\/gran-canaria-es\/tour-playas-de-gran-canarias-tour-privado\/","name":"\u27a1\ufe0f Tour playas de Gran Canarias | Tour Travel & More","isPartOf":{"@id":"https:\/\/tourtravelandmore.com\/es\/#website"},"primaryImageOfPage":{"@id":"https:\/\/tourtravelandmore.com\/es\/tours\/espana-es\/gran-canaria-es\/tour-playas-de-gran-canarias-tour-privado\/#primaryimage"},"image":{"@id":"https:\/\/tourtravelandmore.com\/es\/tours\/espana-es\/gran-canaria-es\/tour-playas-de-gran-canarias-tour-privado\/#primaryimage"},"thumbnailUrl":"https:\/\/tourtravelandmore.com\/wp-content\/uploads\/2019\/01\/gran-canaria-2409761_960_720.jpg","datePublished":"2019-01-16T10:36:59+00:00","dateModified":"2022-12-06T01:17:27+00:00","description":"Descubra las playas m\u00e1s bonitas de la isla, gracias a este tour playas de Gran Canarias, junto a su chofer\/guia privado en veh\u00edculo privado \u2705","breadcrumb":{"@id":"https:\/\/tourtravelandmore.com\/es\/tours\/espana-es\/gran-canaria-es\/tour-playas-de-gran-canarias-tour-privado\/#breadcrumb"},"inLanguage":"es","potentialAction":[{"@type":"ReadAction","target":["https:\/\/tourtravelandmore.com\/es\/tours\/espana-es\/gran-canaria-es\/tour-playas-de-gran-canarias-tour-privado\/"]}]},{"@type":"ImageObject","inLanguage":"es","@id":"https:\/\/tourtravelandmore.com\/es\/tours\/espana-es\/gran-canaria-es\/tour-playas-de-gran-canarias-tour-privado\/#primaryimage","url":"https:\/\/tourtravelandmore.com\/wp-content\/uploads\/2019\/01\/gran-canaria-2409761_960_720.jpg","contentUrl":"https:\/\/tourtravelandmore.com\/wp-content\/uploads\/2019\/01\/gran-canaria-2409761_960_720.jpg","width":960,"height":640},{"@type":"BreadcrumbList","@id":"https:\/\/tourtravelandmore.com\/es\/tours\/espana-es\/gran-canaria-es\/tour-playas-de-gran-canarias-tour-privado\/#breadcrumb","itemListElement":[{"@type":"ListItem","position":1,"name":"Home","item":"https:\/\/tourtravelandmore.com\/es\/"},{"@type":"ListItem","position":2,"name":"Tours","item":"https:\/\/tourtravelandmore.com\/es\/tours\/"},{"@type":"ListItem","position":3,"name":"Disposici\u00f3n privada para conocer las playas m\u00e1s emblem\u00e1ticas de Gran Canaria"}]},{"@type":"WebSite","@id":"https:\/\/tourtravelandmore.com\/es\/#website","url":"https:\/\/tourtravelandmore.com\/es\/","name":"Tour Travel And More","description":"Private sightseeing tours and luxury transfers in Spain","publisher":{"@id":"https:\/\/tourtravelandmore.com\/es\/#organization"},"potentialAction":[{"@type":"SearchAction","target":{"@type":"EntryPoint","urlTemplate":"https:\/\/tourtravelandmore.com\/es\/?s={search_term_string}"},"query-input":{"@type":"PropertyValueSpecification","valueRequired":true,"valueName":"search_term_string"}}],"inLanguage":"es"},{"@type":"Organization","@id":"https:\/\/tourtravelandmore.com\/es\/#organization","name":"Tour Travel And More","url":"https:\/\/tourtravelandmore.com\/es\/","logo":{"@type":"ImageObject","inLanguage":"es","@id":"https:\/\/tourtravelandmore.com\/es\/#\/schema\/logo\/image\/","url":"https:\/\/tourtravelandmore.com\/wp-content\/uploads\/2022\/12\/cropped-logo-cabecera-new.png","contentUrl":"https:\/\/tourtravelandmore.com\/wp-content\/uploads\/2022\/12\/cropped-logo-cabecera-new.png","width":430,"height":61,"caption":"Tour Travel And More"},"image":{"@id":"https:\/\/tourtravelandmore.com\/es\/#\/schema\/logo\/image\/"},"sameAs":["https:\/\/www.facebook.com\/tourtravelandmore\/","https:\/\/x.com\/TourTravel_More"]}]}},"_links":{"self":[{"href":"https:\/\/tourtravelandmore.com\/es\/wp-json\/wp\/v2\/product\/31234","targetHints":{"allow":["GET"]}}],"collection":[{"href":"https:\/\/tourtravelandmore.com\/es\/wp-json\/wp\/v2\/product"}],"about":[{"href":"https:\/\/tourtravelandmore.com\/es\/wp-json\/wp\/v2\/types\/product"}],"replies":[{"embeddable":true,"href":"https:\/\/tourtravelandmore.com\/es\/wp-json\/wp\/v2\/comments?post=31234"}],"wp:featuredmedia":[{"embeddable":true,"href":"https:\/\/tourtravelandmore.com\/es\/wp-json\/wp\/v2\/media\/31244"}],"wp:attachment":[{"href":"https:\/\/tourtravelandmore.com\/es\/wp-json\/wp\/v2\/media?parent=31234"}],"wp:term":[{"taxonomy":"product_brand","embeddable":true,"href":"https:\/\/tourtravelandmore.com\/es\/wp-json\/wp\/v2\/product_brand?post=31234"},{"taxonomy":"product_cat","embeddable":true,"href":"https:\/\/tourtravelandmore.com\/es\/wp-json\/wp\/v2\/product_cat?post=31234"},{"taxonomy":"product_tag","embeddable":true,"href":"https:\/\/tourtravelandmore.com\/es\/wp-json\/wp\/v2\/product_tag?post=31234"}],"curies":[{"name":"wp","href":"https:\/\/api.w.org\/{rel}","templated":true}]}}