{"id":31021,"date":"2019-01-11T16:36:35","date_gmt":"2019-01-11T15:36:38","guid":{"rendered":"http:\/\/tourtravelandmore.com\/es\/tours\/napoles-pompeya-es\/excursion-privada-a-pompeya-y-costa-amalfitana-desde-el-puerto-de-salerno\/"},"modified":"2024-08-21T17:24:49","modified_gmt":"2024-08-21T15:24:49","slug":"excursion-privada-a-pompeya-y-costa-amalfitana-desde-salerno","status":"publish","type":"product","link":"https:\/\/tourtravelandmore.com\/es\/tours\/italia-es\/napoles-pompeya-es\/excursion-privada-a-pompeya-y-costa-amalfitana-desde-salerno\/","title":{"rendered":"Tour a Pompeya y Costa Amalfitana desde Salerno &#8211; Tour Privado"},"content":{"rendered":"<h2><strong>Descripci\u00f3n del Tour a Pompeya y Costa Amalfitana desde Salerno &#8211; Tour Privado<\/strong><\/h2>\n<p>Disfrute de este <strong>Tour Privado a Pompeya y Costa Amalfitana desde Salerno<\/strong> con su <strong>gu\u00eda oficial<\/strong> y <strong>conductor privado<\/strong>. Tendr\u00e1 a su disposici\u00f3n un <strong>veh\u00edculo privado de lujo<\/strong> para todo el recorrido.<\/p>\n<p><strong>Salerno<\/strong> es una ciudad situada en el sureste de N\u00e1poles y es la segunda ciudad m\u00e1s poblada de la regi\u00f3n de Campania. Esta ciudad es un lugar hermoso para aquellos que desean tranquilidad en sus vacaciones. El <strong>puerto de Salerno<\/strong> recibe muchos cruceros durante el a\u00f1o, por lo que se convirti\u00f3 en el punto de partida para muchas visitas a la Costa Amalfitana.<\/p>\n<p><strong>Pompeya<\/strong> es una ciudad detenida en el tiempo y preservadas gracias al primer desastre natural documentado en la historia. Una erupci\u00f3n volc\u00e1nica que lo dej\u00f3 enterrado hasta el siglo XVIII, cuando comenz\u00f3 a emerger de las arenas del tiempo.<\/p>\n<p>La <strong>Costa Amalfitana<\/strong> fue declarada por la <strong>UNESCO como Patrimonio de la Humanidad<\/strong>. Es un sitio magn\u00edfico donde los diferentes colores y olores de los limoneros se mezclan en el aire. El \u00e1rea est\u00e1 compuesta por 13 pueblos diferentes.<\/p>\n<p>Todo el equipo de Tour Travel &amp; More est\u00e1 a su disposici\u00f3n para que su estancia en Salerno sea \u00fanica. Ya sea que est\u00e9 aqu\u00ed en nuestra ciudad, en un crucero o para algunos d\u00edas de vacaciones, todo nuestro equipo est\u00e1 listo para ayudarlo a que su experiencia sea memorable. Este tour a Pompeya y Costa Amalfitana desde Salerno es completamente personalizado para usted y su grupo.<\/p>\n<p>En caso de que se aloje en N\u00e1poles, tenemos muchos recorridos que parten desde all\u00ed, eche un vistazo a nuestro t<a href=\"\/?p=31142\">our privado por Capri desde N\u00e1poles<\/a>.<\/p>\n<h2><strong>Puntos de inter\u00e9s en el Tour a Pompeya y Costa Amalfitana desde Salerno &#8211; Tour Privado<\/strong><\/h2>\n<p>Su conductor privado lo estar\u00e1 esperando en el puerto, hotel o apartamento en Salerno. Luego se encontrar\u00e1 con su gu\u00eda oficial en <strong>Porta Marina Superiore<\/strong> (Pompeya).<\/p>\n<p>En primer lugar, visitar\u00e1 el <strong>sitio arqueol\u00f3gico de Pompeya<\/strong> para una visita guiada de 2.5 horas con su gu\u00eda oficial. La <a href=\"https:\/\/www.ticketone.it\/biglietti-scavi-di-pompei.html?affiliate=ITT&amp;amp;doc=artistPages%2Ftickets&amp;amp;fun=artist&amp;amp;action=tickets&amp;amp;erid=988882\" rel=\"nofollow\">entrada al sitio arqueol\u00f3gico de Pompeya<\/a> est\u00e1 incluida en el precio de este recorrido.<\/p>\n<p>Durante este recorrido privado, conocer\u00e1 el <strong>Anfiteatro Romano<\/strong>, el <strong>Santuario de Pompeya<\/strong> y el <strong>Antiquarium<\/strong>.<\/p>\n<p>Luego, tambi\u00e9n daremos un paseo por el <strong>Foro Romano<\/strong> y visitaremos los <strong>ba\u00f1os termales<\/strong>. Para finalizar, admirar\u00e1s los hermosos frescos que a\u00fan adornan las paredes de una ciudad que fue envuelta por la lava del Monte Vesubio.<\/p>\n<p>En segundo lugar, visitar\u00e1 la maravillosa <strong>Costa Amalfitana<\/strong> con su conductor privado. Podr\u00e1 visitar dos ciudades de la costa entre <strong>Positano <\/strong>y<strong> Ravello<\/strong>. Si lo desea, podemos organizar su gu\u00eda privado para que vaya las 8 horas del recorrido con usted.<\/p>\n<p>Finalmente, su conductor privado lo llevar\u00e1 de regreso a su punto de partida en Salerno. Durante este recorrido privado, tambi\u00e9n tendr\u00e1 tiempo para almorzar en un encantador restaurante en la costa.<\/p>\n<p>Estamos especializados solo en tours privados y estamos aqu\u00ed para organizar el mejor viaje de un d\u00eda para usted. Todo nuestro equipo profesional queda a su disposici\u00f3n, somos multiling\u00fces y adaptaremos nuestros tours para satisfacer sus necesidades.<\/p>\n","protected":false},"excerpt":{"rendered":"<p>Disfruta de este <strong>tour privado desde Salerno a Pompeya y Costa Amalfitana <\/strong>en un veh\u00edculo de lujo privado con chofer. Ademas, contar\u00e1 con gu\u00eda privado en Pompeya. No pierda la oportunidad de disfrutar los sitios m\u00e1s emblem\u00e1ticos del centro arqueol\u00f3gico de Pompeya y de admirar las maravillosas vistas de la Costa Amalfitana con este tour privado.<\/p>\n","protected":false},"featured_media":81359,"comment_status":"open","ping_status":"closed","template":"","meta":{"_acf_changed":false},"product_brand":[],"product_cat":[463,467,555,556],"product_tag":[],"class_list":{"0":"post-31021","1":"product","2":"type-product","3":"status-publish","4":"has-post-thumbnail","6":"product_cat-napoles-pompeya-es","7":"product_cat-napoles-pompeya-actividades-es","8":"product_cat-napoles-pompeya-excursiones-privadas-es","9":"product_cat-napoles-pompeya-excursiones-privadas-cruceros-es","11":"first","12":"instock","13":"shipping-taxable","14":"purchasable","15":"product-type-simple"},"acf":[],"yoast_head":"<!-- This site is optimized with the Yoast SEO Premium plugin v25.3.1 (Yoast SEO v25.3.1) - https:\/\/yoast.com\/wordpress\/plugins\/seo\/ -->\n<title>Tour Privado a Pompeya y Costa Amalfitana desde Salerno | TTM<\/title>\n<meta name=\"description\" content=\"Disfrute de este Tour Privado a Pompeya y Costa Amalfitana desde Salerno con su chofer y guia oficial privado. Entrada incluida a Pompeya \u2705\" \/>\n<meta name=\"robots\" content=\"index, follow, max-snippet:-1, max-image-preview:large, max-video-preview:-1\" \/>\n<link rel=\"canonical\" href=\"https:\/\/tourtravelandmore.com\/es\/tours\/italia-es\/napoles-pompeya-es\/excursion-privada-a-pompeya-y-costa-amalfitana-desde-salerno\/\" \/>\n<meta property=\"og:locale\" content=\"es_ES\" \/>\n<meta property=\"og:type\" content=\"article\" \/>\n<meta property=\"og:title\" content=\"Tour a Pompeya y Costa Amalfitana desde Salerno - Tour Privado\" \/>\n<meta property=\"og:description\" content=\"Disfrute de este Tour Privado a Pompeya y Costa Amalfitana desde Salerno con su chofer y guia oficial privado. Entrada incluida a Pompeya \u2705\" \/>\n<meta property=\"og:url\" content=\"https:\/\/tourtravelandmore.com\/es\/tours\/italia-es\/napoles-pompeya-es\/excursion-privada-a-pompeya-y-costa-amalfitana-desde-salerno\/\" \/>\n<meta property=\"og:site_name\" content=\"Tour Travel And More\" \/>\n<meta property=\"article:publisher\" content=\"https:\/\/www.facebook.com\/tourtravelandmore\/\" \/>\n<meta property=\"article:modified_time\" content=\"2024-08-21T15:24:49+00:00\" \/>\n<meta property=\"og:image\" content=\"https:\/\/tourtravelandmore.com\/wp-content\/uploads\/2019\/01\/salerno-1.jpg\" \/>\n\t<meta property=\"og:image:width\" content=\"2048\" \/>\n\t<meta property=\"og:image:height\" content=\"1536\" \/>\n\t<meta property=\"og:image:type\" content=\"image\/jpeg\" \/>\n<meta name=\"twitter:card\" content=\"summary_large_image\" \/>\n<meta name=\"twitter:site\" content=\"@TourTravel_More\" \/>\n<meta name=\"twitter:label1\" content=\"Tiempo de lectura\" \/>\n\t<meta name=\"twitter:data1\" content=\"3 minutos\" \/>\n<script type=\"application\/ld+json\" class=\"yoast-schema-graph\">{\"@context\":\"https:\/\/schema.org\",\"@graph\":[{\"@type\":\"WebPage\",\"@id\":\"https:\/\/tourtravelandmore.com\/es\/tours\/italia-es\/napoles-pompeya-es\/excursion-privada-a-pompeya-y-costa-amalfitana-desde-salerno\/\",\"url\":\"https:\/\/tourtravelandmore.com\/es\/tours\/italia-es\/napoles-pompeya-es\/excursion-privada-a-pompeya-y-costa-amalfitana-desde-salerno\/\",\"name\":\"Tour Privado a Pompeya y Costa Amalfitana desde Salerno | TTM\",\"isPartOf\":{\"@id\":\"https:\/\/tourtravelandmore.com\/es\/#website\"},\"primaryImageOfPage\":{\"@id\":\"https:\/\/tourtravelandmore.com\/es\/tours\/italia-es\/napoles-pompeya-es\/excursion-privada-a-pompeya-y-costa-amalfitana-desde-salerno\/#primaryimage\"},\"image\":{\"@id\":\"https:\/\/tourtravelandmore.com\/es\/tours\/italia-es\/napoles-pompeya-es\/excursion-privada-a-pompeya-y-costa-amalfitana-desde-salerno\/#primaryimage\"},\"thumbnailUrl\":\"https:\/\/tourtravelandmore.com\/wp-content\/uploads\/2019\/01\/salerno-1.jpg\",\"datePublished\":\"2019-01-11T15:36:38+00:00\",\"dateModified\":\"2024-08-21T15:24:49+00:00\",\"description\":\"Disfrute de este Tour Privado a Pompeya y Costa Amalfitana desde Salerno con su chofer y guia oficial privado. Entrada incluida a Pompeya \u2705\",\"breadcrumb\":{\"@id\":\"https:\/\/tourtravelandmore.com\/es\/tours\/italia-es\/napoles-pompeya-es\/excursion-privada-a-pompeya-y-costa-amalfitana-desde-salerno\/#breadcrumb\"},\"inLanguage\":\"es\",\"potentialAction\":[{\"@type\":\"ReadAction\",\"target\":[\"https:\/\/tourtravelandmore.com\/es\/tours\/italia-es\/napoles-pompeya-es\/excursion-privada-a-pompeya-y-costa-amalfitana-desde-salerno\/\"]}]},{\"@type\":\"ImageObject\",\"inLanguage\":\"es\",\"@id\":\"https:\/\/tourtravelandmore.com\/es\/tours\/italia-es\/napoles-pompeya-es\/excursion-privada-a-pompeya-y-costa-amalfitana-desde-salerno\/#primaryimage\",\"url\":\"https:\/\/tourtravelandmore.com\/wp-content\/uploads\/2019\/01\/salerno-1.jpg\",\"contentUrl\":\"https:\/\/tourtravelandmore.com\/wp-content\/uploads\/2019\/01\/salerno-1.jpg\",\"width\":2048,\"height\":1536},{\"@type\":\"BreadcrumbList\",\"@id\":\"https:\/\/tourtravelandmore.com\/es\/tours\/italia-es\/napoles-pompeya-es\/excursion-privada-a-pompeya-y-costa-amalfitana-desde-salerno\/#breadcrumb\",\"itemListElement\":[{\"@type\":\"ListItem\",\"position\":1,\"name\":\"Home\",\"item\":\"https:\/\/tourtravelandmore.com\/es\/\"},{\"@type\":\"ListItem\",\"position\":2,\"name\":\"Tours\",\"item\":\"https:\/\/tourtravelandmore.com\/es\/tours\/\"},{\"@type\":\"ListItem\",\"position\":3,\"name\":\"Tour a Pompeya y Costa Amalfitana desde Salerno &#8211; Tour Privado\"}]},{\"@type\":\"WebSite\",\"@id\":\"https:\/\/tourtravelandmore.com\/es\/#website\",\"url\":\"https:\/\/tourtravelandmore.com\/es\/\",\"name\":\"Tour Travel And More\",\"description\":\"Private sightseeing tours and luxury transfers in Spain\",\"publisher\":{\"@id\":\"https:\/\/tourtravelandmore.com\/es\/#organization\"},\"potentialAction\":[{\"@type\":\"SearchAction\",\"target\":{\"@type\":\"EntryPoint\",\"urlTemplate\":\"https:\/\/tourtravelandmore.com\/es\/?s={search_term_string}\"},\"query-input\":{\"@type\":\"PropertyValueSpecification\",\"valueRequired\":true,\"valueName\":\"search_term_string\"}}],\"inLanguage\":\"es\"},{\"@type\":\"Organization\",\"@id\":\"https:\/\/tourtravelandmore.com\/es\/#organization\",\"name\":\"Tour Travel And More\",\"url\":\"https:\/\/tourtravelandmore.com\/es\/\",\"logo\":{\"@type\":\"ImageObject\",\"inLanguage\":\"es\",\"@id\":\"https:\/\/tourtravelandmore.com\/es\/#\/schema\/logo\/image\/\",\"url\":\"https:\/\/tourtravelandmore.com\/wp-content\/uploads\/2022\/12\/cropped-logo-cabecera-new.png\",\"contentUrl\":\"https:\/\/tourtravelandmore.com\/wp-content\/uploads\/2022\/12\/cropped-logo-cabecera-new.png\",\"width\":430,\"height\":61,\"caption\":\"Tour Travel And More\"},\"image\":{\"@id\":\"https:\/\/tourtravelandmore.com\/es\/#\/schema\/logo\/image\/\"},\"sameAs\":[\"https:\/\/www.facebook.com\/tourtravelandmore\/\",\"https:\/\/x.com\/TourTravel_More\"]}]}<\/script>\n<!-- \/ Yoast SEO Premium plugin. -->","yoast_head_json":{"title":"Tour Privado a Pompeya y Costa Amalfitana desde Salerno | TTM","description":"Disfrute de este Tour Privado a Pompeya y Costa Amalfitana desde Salerno con su chofer y guia oficial privado. Entrada incluida a Pompeya \u2705","robots":{"index":"index","follow":"follow","max-snippet":"max-snippet:-1","max-image-preview":"max-image-preview:large","max-video-preview":"max-video-preview:-1"},"canonical":"https:\/\/tourtravelandmore.com\/es\/tours\/italia-es\/napoles-pompeya-es\/excursion-privada-a-pompeya-y-costa-amalfitana-desde-salerno\/","og_locale":"es_ES","og_type":"article","og_title":"Tour a Pompeya y Costa Amalfitana desde Salerno - Tour Privado","og_description":"Disfrute de este Tour Privado a Pompeya y Costa Amalfitana desde Salerno con su chofer y guia oficial privado. Entrada incluida a Pompeya \u2705","og_url":"https:\/\/tourtravelandmore.com\/es\/tours\/italia-es\/napoles-pompeya-es\/excursion-privada-a-pompeya-y-costa-amalfitana-desde-salerno\/","og_site_name":"Tour Travel And More","article_publisher":"https:\/\/www.facebook.com\/tourtravelandmore\/","article_modified_time":"2024-08-21T15:24:49+00:00","og_image":[{"width":2048,"height":1536,"url":"https:\/\/tourtravelandmore.com\/wp-content\/uploads\/2019\/01\/salerno-1.jpg","type":"image\/jpeg"}],"twitter_card":"summary_large_image","twitter_site":"@TourTravel_More","twitter_misc":{"Tiempo de lectura":"3 minutos"},"schema":{"@context":"https:\/\/schema.org","@graph":[{"@type":"WebPage","@id":"https:\/\/tourtravelandmore.com\/es\/tours\/italia-es\/napoles-pompeya-es\/excursion-privada-a-pompeya-y-costa-amalfitana-desde-salerno\/","url":"https:\/\/tourtravelandmore.com\/es\/tours\/italia-es\/napoles-pompeya-es\/excursion-privada-a-pompeya-y-costa-amalfitana-desde-salerno\/","name":"Tour Privado a Pompeya y Costa Amalfitana desde Salerno | TTM","isPartOf":{"@id":"https:\/\/tourtravelandmore.com\/es\/#website"},"primaryImageOfPage":{"@id":"https:\/\/tourtravelandmore.com\/es\/tours\/italia-es\/napoles-pompeya-es\/excursion-privada-a-pompeya-y-costa-amalfitana-desde-salerno\/#primaryimage"},"image":{"@id":"https:\/\/tourtravelandmore.com\/es\/tours\/italia-es\/napoles-pompeya-es\/excursion-privada-a-pompeya-y-costa-amalfitana-desde-salerno\/#primaryimage"},"thumbnailUrl":"https:\/\/tourtravelandmore.com\/wp-content\/uploads\/2019\/01\/salerno-1.jpg","datePublished":"2019-01-11T15:36:38+00:00","dateModified":"2024-08-21T15:24:49+00:00","description":"Disfrute de este Tour Privado a Pompeya y Costa Amalfitana desde Salerno con su chofer y guia oficial privado. Entrada incluida a Pompeya \u2705","breadcrumb":{"@id":"https:\/\/tourtravelandmore.com\/es\/tours\/italia-es\/napoles-pompeya-es\/excursion-privada-a-pompeya-y-costa-amalfitana-desde-salerno\/#breadcrumb"},"inLanguage":"es","potentialAction":[{"@type":"ReadAction","target":["https:\/\/tourtravelandmore.com\/es\/tours\/italia-es\/napoles-pompeya-es\/excursion-privada-a-pompeya-y-costa-amalfitana-desde-salerno\/"]}]},{"@type":"ImageObject","inLanguage":"es","@id":"https:\/\/tourtravelandmore.com\/es\/tours\/italia-es\/napoles-pompeya-es\/excursion-privada-a-pompeya-y-costa-amalfitana-desde-salerno\/#primaryimage","url":"https:\/\/tourtravelandmore.com\/wp-content\/uploads\/2019\/01\/salerno-1.jpg","contentUrl":"https:\/\/tourtravelandmore.com\/wp-content\/uploads\/2019\/01\/salerno-1.jpg","width":2048,"height":1536},{"@type":"BreadcrumbList","@id":"https:\/\/tourtravelandmore.com\/es\/tours\/italia-es\/napoles-pompeya-es\/excursion-privada-a-pompeya-y-costa-amalfitana-desde-salerno\/#breadcrumb","itemListElement":[{"@type":"ListItem","position":1,"name":"Home","item":"https:\/\/tourtravelandmore.com\/es\/"},{"@type":"ListItem","position":2,"name":"Tours","item":"https:\/\/tourtravelandmore.com\/es\/tours\/"},{"@type":"ListItem","position":3,"name":"Tour a Pompeya y Costa Amalfitana desde Salerno &#8211; Tour Privado"}]},{"@type":"WebSite","@id":"https:\/\/tourtravelandmore.com\/es\/#website","url":"https:\/\/tourtravelandmore.com\/es\/","name":"Tour Travel And More","description":"Private sightseeing tours and luxury transfers in Spain","publisher":{"@id":"https:\/\/tourtravelandmore.com\/es\/#organization"},"potentialAction":[{"@type":"SearchAction","target":{"@type":"EntryPoint","urlTemplate":"https:\/\/tourtravelandmore.com\/es\/?s={search_term_string}"},"query-input":{"@type":"PropertyValueSpecification","valueRequired":true,"valueName":"search_term_string"}}],"inLanguage":"es"},{"@type":"Organization","@id":"https:\/\/tourtravelandmore.com\/es\/#organization","name":"Tour Travel And More","url":"https:\/\/tourtravelandmore.com\/es\/","logo":{"@type":"ImageObject","inLanguage":"es","@id":"https:\/\/tourtravelandmore.com\/es\/#\/schema\/logo\/image\/","url":"https:\/\/tourtravelandmore.com\/wp-content\/uploads\/2022\/12\/cropped-logo-cabecera-new.png","contentUrl":"https:\/\/tourtravelandmore.com\/wp-content\/uploads\/2022\/12\/cropped-logo-cabecera-new.png","width":430,"height":61,"caption":"Tour Travel And More"},"image":{"@id":"https:\/\/tourtravelandmore.com\/es\/#\/schema\/logo\/image\/"},"sameAs":["https:\/\/www.facebook.com\/tourtravelandmore\/","https:\/\/x.com\/TourTravel_More"]}]}},"_links":{"self":[{"href":"https:\/\/tourtravelandmore.com\/es\/wp-json\/wp\/v2\/product\/31021","targetHints":{"allow":["GET"]}}],"collection":[{"href":"https:\/\/tourtravelandmore.com\/es\/wp-json\/wp\/v2\/product"}],"about":[{"href":"https:\/\/tourtravelandmore.com\/es\/wp-json\/wp\/v2\/types\/product"}],"replies":[{"embeddable":true,"href":"https:\/\/tourtravelandmore.com\/es\/wp-json\/wp\/v2\/comments?post=31021"}],"wp:featuredmedia":[{"embeddable":true,"href":"https:\/\/tourtravelandmore.com\/es\/wp-json\/wp\/v2\/media\/81359"}],"wp:attachment":[{"href":"https:\/\/tourtravelandmore.com\/es\/wp-json\/wp\/v2\/media?parent=31021"}],"wp:term":[{"taxonomy":"product_brand","embeddable":true,"href":"https:\/\/tourtravelandmore.com\/es\/wp-json\/wp\/v2\/product_brand?post=31021"},{"taxonomy":"product_cat","embeddable":true,"href":"https:\/\/tourtravelandmore.com\/es\/wp-json\/wp\/v2\/product_cat?post=31021"},{"taxonomy":"product_tag","embeddable":true,"href":"https:\/\/tourtravelandmore.com\/es\/wp-json\/wp\/v2\/product_tag?post=31021"}],"curies":[{"name":"wp","href":"https:\/\/api.w.org\/{rel}","templated":true}]}}