{"id":30974,"date":"2019-01-10T17:38:22","date_gmt":"2019-01-10T16:38:23","guid":{"rendered":"http:\/\/tourtravelandmore.com\/es\/tours\/lanzarote-es\/tour-privado-del-volcanes-de-lanzarote\/"},"modified":"2022-12-13T02:00:57","modified_gmt":"2022-12-13T01:00:57","slug":"tour-privado-del-volcanes-de-lanzarote","status":"publish","type":"product","link":"https:\/\/tourtravelandmore.com\/es\/tours\/espana-es\/lanzarote-es\/tour-privado-del-volcanes-de-lanzarote\/","title":{"rendered":"Tour privado zona volcanes: Timanfaya y Jameos del Agua"},"content":{"rendered":"<h2>Descripci\u00f3n del Tour privado zona volcanes: Timanfaya y Jameos del Agua<\/h2>\n<p>Descubre incre\u00edbles paisajes volc\u00e1nicos con este<b> tour por Lanzarote privado con chofer\/gu\u00eda.\u00a0<\/b> Visitaremos el <b>Parque Nacional de Timanfaya<\/b> y <b>Jameos del agua<\/b>. Para entrar a ambos lugares es necesario entradas.<\/p>\n<p>Las entradas de ambos monumentos est\u00e1n incluidos en el tour, para que no se tengan que preocupar y acceder sin colas.<\/p>\n<p>La duraci\u00f3n del tour por Lanzarote privado del Parque Nacional de Timanfaya y Jameos del Agua son 8 horas.<\/p>\n<p>El <strong>tour es completamente privado<\/strong>, nuestro chofer\/gu\u00eda os recoger\u00e1 desde cualquier sitio de su elecci\u00f3n y la hora escogida.<\/p>\n<p>Nuestro chofer\/gu\u00eda es un gu\u00eda especializado y oficial, conoce perfectamente la Historia, el lugar y las an\u00e9cdotas, para que pasen un d\u00eda maravilloso.<\/p>\n<h2>Puntos de Inter\u00e9s en el Tour privado zona volcanes: Timanfaya y Jameos del Agua<\/h2>\n<p>Nuestra primera parada antes de llegar al parque natural y Jameos de agua ser\u00e1, la localidad de<strong> Golfo.<\/strong> Es una zona volc\u00e1nica d\u00f3nde encontraremos <strong><b>Charco de los Clicos o Lago Verde<\/b>, <\/strong>cuyo color se debe a las algas y el azufre de sus aguas.<\/p>\n<p>Continuaremos el tour por lanzarote privado hacia el sur, para conocer el fascinante <b>paisaje de Los Hervideros. <\/b>Es un fragmento de costa acantilada situada entre las Salinas de Janubio y El Golfo, que muestra como la naturaleza ha creado cuevas y diferentes formar sobre las rocas, erosionadas por la lava y el mar, con el paso del tiempo.<\/p>\n<p>Despu\u00e9s llegaremos al <b>Parque Nacional de Timanfaya<\/b>. Recorreremos su paisaje casi lunar, repleto de\u00a0 cr\u00e1teres de los volcanes.<\/p>\n<p>Una vez terminemos de visitar el Parque Nacional de Timanfaya pararemos para comer y disfrutar\u00e1n de tiempo libre.<\/p>\n<p>Al finalizar la comida, nos trasladaremos al norte de la isla para conocer dos obras del gran arquitecto y artista <a href=\"https:\/\/es.wikipedia.org\/wiki\/C%C3%A9sar_Manrique\"><strong>C\u00e9sar Manrique.<\/strong><\/a><\/p>\n<p>En primer lugar visitaremos el Monumento al Campensino, homenaje a la poblaci\u00f3n rural de la isla.<\/p>\n<p>Tras pasar junto al pueblo de Har\u00eda y su famoso Valle de las Mil Palmeras visitaremos la segunda obra manrique\u00f1a:<strong> los <b>Jameos del Agua<\/b>.<\/strong> Es un <span class=\"Yy0acb\">T\u00fanel volc\u00e1nico \u00fanico con cavernas en las que hay un auditorio, un restaurante y un lago de agua salada.<\/span><strong><br \/>\n<\/strong><\/p>\n","protected":false},"excerpt":{"rendered":"<p>Disfrute de esta excursi\u00f3n privada completamente personalizada para conocer <strong>Timanfaya<\/strong> y <strong>Jameos del Agua en Lanzarote<\/strong>. Deje que nuestro conductor-gu\u00eda privado lo lleve a esta experiencia \u00fanica en un veh\u00edculo privado de lujo. Podemos organizar la recogida y devoluci\u00f3n desde cualquier parte de la isla de Lanzarote. Cont\u00e1ctenos para una experiencia personalizada.<\/p>\n","protected":false},"featured_media":30984,"comment_status":"open","ping_status":"closed","template":"","meta":{"_acf_changed":false},"product_brand":[],"product_cat":[1059,1060,1061,1062],"product_tag":[],"class_list":{"0":"post-30974","1":"product","2":"type-product","3":"status-publish","4":"has-post-thumbnail","6":"product_cat-lanzarote-es","7":"product_cat-lanzarote-actividades-es","8":"product_cat-lanzarote-rutas-turisticas-privadas-es","9":"product_cat-lanzarote-excursiones-privadas-cruceros-es","11":"first","12":"instock","13":"shipping-taxable","14":"purchasable","15":"product-type-simple"},"acf":[],"yoast_head":"<!-- This site is optimized with the Yoast SEO Premium plugin v25.3.1 (Yoast SEO v25.3.1) - https:\/\/yoast.com\/wordpress\/plugins\/seo\/ -->\n<title>\u27a1\ufe0f Tour por Lanzarote privado con chofer\/guia: Timanfaya y Jameos del Agua | Tour Travel &amp; More<\/title>\n<meta name=\"description\" content=\"Descubra la zona de los volcanes, gracias a este tour por Lanzarote privado, con chofer\/guia y entradas incluidas a Timanfaya y Jameos del Agua \u2705\" \/>\n<meta name=\"robots\" content=\"index, follow, max-snippet:-1, max-image-preview:large, max-video-preview:-1\" \/>\n<link rel=\"canonical\" href=\"https:\/\/tourtravelandmore.com\/es\/tours\/espana-es\/lanzarote-es\/tour-privado-del-volcanes-de-lanzarote\/\" \/>\n<meta property=\"og:locale\" content=\"es_ES\" \/>\n<meta property=\"og:type\" content=\"article\" \/>\n<meta property=\"og:title\" content=\"Tour privado zona volcanes: Timanfaya y Jameos del Agua\" \/>\n<meta property=\"og:description\" content=\"Descubra la zona de los volcanes, gracias a este tour por Lanzarote privado, con chofer\/guia y entradas incluidas a Timanfaya y Jameos del Agua \u2705\" \/>\n<meta property=\"og:url\" content=\"https:\/\/tourtravelandmore.com\/es\/tours\/espana-es\/lanzarote-es\/tour-privado-del-volcanes-de-lanzarote\/\" \/>\n<meta property=\"og:site_name\" content=\"Tour Travel And More\" \/>\n<meta property=\"article:publisher\" content=\"https:\/\/www.facebook.com\/tourtravelandmore\/\" \/>\n<meta property=\"article:modified_time\" content=\"2022-12-13T01:00:57+00:00\" \/>\n<meta property=\"og:image\" content=\"https:\/\/tourtravelandmore.com\/wp-content\/uploads\/2019\/01\/timanfaya.jpg\" \/>\n\t<meta property=\"og:image:width\" content=\"1024\" \/>\n\t<meta property=\"og:image:height\" content=\"683\" \/>\n\t<meta property=\"og:image:type\" content=\"image\/jpeg\" \/>\n<meta name=\"twitter:card\" content=\"summary_large_image\" \/>\n<meta name=\"twitter:site\" content=\"@TourTravel_More\" \/>\n<meta name=\"twitter:label1\" content=\"Tiempo de lectura\" \/>\n\t<meta name=\"twitter:data1\" content=\"2 minutos\" \/>\n<script type=\"application\/ld+json\" class=\"yoast-schema-graph\">{\"@context\":\"https:\/\/schema.org\",\"@graph\":[{\"@type\":\"WebPage\",\"@id\":\"https:\/\/tourtravelandmore.com\/es\/tours\/espana-es\/lanzarote-es\/tour-privado-del-volcanes-de-lanzarote\/\",\"url\":\"https:\/\/tourtravelandmore.com\/es\/tours\/espana-es\/lanzarote-es\/tour-privado-del-volcanes-de-lanzarote\/\",\"name\":\"\u27a1\ufe0f Tour por Lanzarote privado con chofer\/guia: Timanfaya y Jameos del Agua | Tour Travel & More\",\"isPartOf\":{\"@id\":\"https:\/\/tourtravelandmore.com\/es\/#website\"},\"primaryImageOfPage\":{\"@id\":\"https:\/\/tourtravelandmore.com\/es\/tours\/espana-es\/lanzarote-es\/tour-privado-del-volcanes-de-lanzarote\/#primaryimage\"},\"image\":{\"@id\":\"https:\/\/tourtravelandmore.com\/es\/tours\/espana-es\/lanzarote-es\/tour-privado-del-volcanes-de-lanzarote\/#primaryimage\"},\"thumbnailUrl\":\"https:\/\/tourtravelandmore.com\/wp-content\/uploads\/2019\/01\/timanfaya.jpg\",\"datePublished\":\"2019-01-10T16:38:23+00:00\",\"dateModified\":\"2022-12-13T01:00:57+00:00\",\"description\":\"Descubra la zona de los volcanes, gracias a este tour por Lanzarote privado, con chofer\/guia y entradas incluidas a Timanfaya y Jameos del Agua \u2705\",\"breadcrumb\":{\"@id\":\"https:\/\/tourtravelandmore.com\/es\/tours\/espana-es\/lanzarote-es\/tour-privado-del-volcanes-de-lanzarote\/#breadcrumb\"},\"inLanguage\":\"es\",\"potentialAction\":[{\"@type\":\"ReadAction\",\"target\":[\"https:\/\/tourtravelandmore.com\/es\/tours\/espana-es\/lanzarote-es\/tour-privado-del-volcanes-de-lanzarote\/\"]}]},{\"@type\":\"ImageObject\",\"inLanguage\":\"es\",\"@id\":\"https:\/\/tourtravelandmore.com\/es\/tours\/espana-es\/lanzarote-es\/tour-privado-del-volcanes-de-lanzarote\/#primaryimage\",\"url\":\"https:\/\/tourtravelandmore.com\/wp-content\/uploads\/2019\/01\/timanfaya.jpg\",\"contentUrl\":\"https:\/\/tourtravelandmore.com\/wp-content\/uploads\/2019\/01\/timanfaya.jpg\",\"width\":1024,\"height\":683},{\"@type\":\"BreadcrumbList\",\"@id\":\"https:\/\/tourtravelandmore.com\/es\/tours\/espana-es\/lanzarote-es\/tour-privado-del-volcanes-de-lanzarote\/#breadcrumb\",\"itemListElement\":[{\"@type\":\"ListItem\",\"position\":1,\"name\":\"Home\",\"item\":\"https:\/\/tourtravelandmore.com\/es\/\"},{\"@type\":\"ListItem\",\"position\":2,\"name\":\"Tours\",\"item\":\"https:\/\/tourtravelandmore.com\/es\/tours\/\"},{\"@type\":\"ListItem\",\"position\":3,\"name\":\"Tour privado zona volcanes: Timanfaya y Jameos del Agua\"}]},{\"@type\":\"WebSite\",\"@id\":\"https:\/\/tourtravelandmore.com\/es\/#website\",\"url\":\"https:\/\/tourtravelandmore.com\/es\/\",\"name\":\"Tour Travel And More\",\"description\":\"Private sightseeing tours and luxury transfers in Spain\",\"publisher\":{\"@id\":\"https:\/\/tourtravelandmore.com\/es\/#organization\"},\"potentialAction\":[{\"@type\":\"SearchAction\",\"target\":{\"@type\":\"EntryPoint\",\"urlTemplate\":\"https:\/\/tourtravelandmore.com\/es\/?s={search_term_string}\"},\"query-input\":{\"@type\":\"PropertyValueSpecification\",\"valueRequired\":true,\"valueName\":\"search_term_string\"}}],\"inLanguage\":\"es\"},{\"@type\":\"Organization\",\"@id\":\"https:\/\/tourtravelandmore.com\/es\/#organization\",\"name\":\"Tour Travel And More\",\"url\":\"https:\/\/tourtravelandmore.com\/es\/\",\"logo\":{\"@type\":\"ImageObject\",\"inLanguage\":\"es\",\"@id\":\"https:\/\/tourtravelandmore.com\/es\/#\/schema\/logo\/image\/\",\"url\":\"https:\/\/tourtravelandmore.com\/wp-content\/uploads\/2022\/12\/cropped-logo-cabecera-new.png\",\"contentUrl\":\"https:\/\/tourtravelandmore.com\/wp-content\/uploads\/2022\/12\/cropped-logo-cabecera-new.png\",\"width\":430,\"height\":61,\"caption\":\"Tour Travel And More\"},\"image\":{\"@id\":\"https:\/\/tourtravelandmore.com\/es\/#\/schema\/logo\/image\/\"},\"sameAs\":[\"https:\/\/www.facebook.com\/tourtravelandmore\/\",\"https:\/\/x.com\/TourTravel_More\"]}]}<\/script>\n<!-- \/ Yoast SEO Premium plugin. -->","yoast_head_json":{"title":"\u27a1\ufe0f Tour por Lanzarote privado con chofer\/guia: Timanfaya y Jameos del Agua | Tour Travel & More","description":"Descubra la zona de los volcanes, gracias a este tour por Lanzarote privado, con chofer\/guia y entradas incluidas a Timanfaya y Jameos del Agua \u2705","robots":{"index":"index","follow":"follow","max-snippet":"max-snippet:-1","max-image-preview":"max-image-preview:large","max-video-preview":"max-video-preview:-1"},"canonical":"https:\/\/tourtravelandmore.com\/es\/tours\/espana-es\/lanzarote-es\/tour-privado-del-volcanes-de-lanzarote\/","og_locale":"es_ES","og_type":"article","og_title":"Tour privado zona volcanes: Timanfaya y Jameos del Agua","og_description":"Descubra la zona de los volcanes, gracias a este tour por Lanzarote privado, con chofer\/guia y entradas incluidas a Timanfaya y Jameos del Agua \u2705","og_url":"https:\/\/tourtravelandmore.com\/es\/tours\/espana-es\/lanzarote-es\/tour-privado-del-volcanes-de-lanzarote\/","og_site_name":"Tour Travel And More","article_publisher":"https:\/\/www.facebook.com\/tourtravelandmore\/","article_modified_time":"2022-12-13T01:00:57+00:00","og_image":[{"width":1024,"height":683,"url":"https:\/\/tourtravelandmore.com\/wp-content\/uploads\/2019\/01\/timanfaya.jpg","type":"image\/jpeg"}],"twitter_card":"summary_large_image","twitter_site":"@TourTravel_More","twitter_misc":{"Tiempo de lectura":"2 minutos"},"schema":{"@context":"https:\/\/schema.org","@graph":[{"@type":"WebPage","@id":"https:\/\/tourtravelandmore.com\/es\/tours\/espana-es\/lanzarote-es\/tour-privado-del-volcanes-de-lanzarote\/","url":"https:\/\/tourtravelandmore.com\/es\/tours\/espana-es\/lanzarote-es\/tour-privado-del-volcanes-de-lanzarote\/","name":"\u27a1\ufe0f Tour por Lanzarote privado con chofer\/guia: Timanfaya y Jameos del Agua | Tour Travel & More","isPartOf":{"@id":"https:\/\/tourtravelandmore.com\/es\/#website"},"primaryImageOfPage":{"@id":"https:\/\/tourtravelandmore.com\/es\/tours\/espana-es\/lanzarote-es\/tour-privado-del-volcanes-de-lanzarote\/#primaryimage"},"image":{"@id":"https:\/\/tourtravelandmore.com\/es\/tours\/espana-es\/lanzarote-es\/tour-privado-del-volcanes-de-lanzarote\/#primaryimage"},"thumbnailUrl":"https:\/\/tourtravelandmore.com\/wp-content\/uploads\/2019\/01\/timanfaya.jpg","datePublished":"2019-01-10T16:38:23+00:00","dateModified":"2022-12-13T01:00:57+00:00","description":"Descubra la zona de los volcanes, gracias a este tour por Lanzarote privado, con chofer\/guia y entradas incluidas a Timanfaya y Jameos del Agua \u2705","breadcrumb":{"@id":"https:\/\/tourtravelandmore.com\/es\/tours\/espana-es\/lanzarote-es\/tour-privado-del-volcanes-de-lanzarote\/#breadcrumb"},"inLanguage":"es","potentialAction":[{"@type":"ReadAction","target":["https:\/\/tourtravelandmore.com\/es\/tours\/espana-es\/lanzarote-es\/tour-privado-del-volcanes-de-lanzarote\/"]}]},{"@type":"ImageObject","inLanguage":"es","@id":"https:\/\/tourtravelandmore.com\/es\/tours\/espana-es\/lanzarote-es\/tour-privado-del-volcanes-de-lanzarote\/#primaryimage","url":"https:\/\/tourtravelandmore.com\/wp-content\/uploads\/2019\/01\/timanfaya.jpg","contentUrl":"https:\/\/tourtravelandmore.com\/wp-content\/uploads\/2019\/01\/timanfaya.jpg","width":1024,"height":683},{"@type":"BreadcrumbList","@id":"https:\/\/tourtravelandmore.com\/es\/tours\/espana-es\/lanzarote-es\/tour-privado-del-volcanes-de-lanzarote\/#breadcrumb","itemListElement":[{"@type":"ListItem","position":1,"name":"Home","item":"https:\/\/tourtravelandmore.com\/es\/"},{"@type":"ListItem","position":2,"name":"Tours","item":"https:\/\/tourtravelandmore.com\/es\/tours\/"},{"@type":"ListItem","position":3,"name":"Tour privado zona volcanes: Timanfaya y Jameos del Agua"}]},{"@type":"WebSite","@id":"https:\/\/tourtravelandmore.com\/es\/#website","url":"https:\/\/tourtravelandmore.com\/es\/","name":"Tour Travel And More","description":"Private sightseeing tours and luxury transfers in Spain","publisher":{"@id":"https:\/\/tourtravelandmore.com\/es\/#organization"},"potentialAction":[{"@type":"SearchAction","target":{"@type":"EntryPoint","urlTemplate":"https:\/\/tourtravelandmore.com\/es\/?s={search_term_string}"},"query-input":{"@type":"PropertyValueSpecification","valueRequired":true,"valueName":"search_term_string"}}],"inLanguage":"es"},{"@type":"Organization","@id":"https:\/\/tourtravelandmore.com\/es\/#organization","name":"Tour Travel And More","url":"https:\/\/tourtravelandmore.com\/es\/","logo":{"@type":"ImageObject","inLanguage":"es","@id":"https:\/\/tourtravelandmore.com\/es\/#\/schema\/logo\/image\/","url":"https:\/\/tourtravelandmore.com\/wp-content\/uploads\/2022\/12\/cropped-logo-cabecera-new.png","contentUrl":"https:\/\/tourtravelandmore.com\/wp-content\/uploads\/2022\/12\/cropped-logo-cabecera-new.png","width":430,"height":61,"caption":"Tour Travel And More"},"image":{"@id":"https:\/\/tourtravelandmore.com\/es\/#\/schema\/logo\/image\/"},"sameAs":["https:\/\/www.facebook.com\/tourtravelandmore\/","https:\/\/x.com\/TourTravel_More"]}]}},"_links":{"self":[{"href":"https:\/\/tourtravelandmore.com\/es\/wp-json\/wp\/v2\/product\/30974","targetHints":{"allow":["GET"]}}],"collection":[{"href":"https:\/\/tourtravelandmore.com\/es\/wp-json\/wp\/v2\/product"}],"about":[{"href":"https:\/\/tourtravelandmore.com\/es\/wp-json\/wp\/v2\/types\/product"}],"replies":[{"embeddable":true,"href":"https:\/\/tourtravelandmore.com\/es\/wp-json\/wp\/v2\/comments?post=30974"}],"wp:featuredmedia":[{"embeddable":true,"href":"https:\/\/tourtravelandmore.com\/es\/wp-json\/wp\/v2\/media\/30984"}],"wp:attachment":[{"href":"https:\/\/tourtravelandmore.com\/es\/wp-json\/wp\/v2\/media?parent=30974"}],"wp:term":[{"taxonomy":"product_brand","embeddable":true,"href":"https:\/\/tourtravelandmore.com\/es\/wp-json\/wp\/v2\/product_brand?post=30974"},{"taxonomy":"product_cat","embeddable":true,"href":"https:\/\/tourtravelandmore.com\/es\/wp-json\/wp\/v2\/product_cat?post=30974"},{"taxonomy":"product_tag","embeddable":true,"href":"https:\/\/tourtravelandmore.com\/es\/wp-json\/wp\/v2\/product_tag?post=30974"}],"curies":[{"name":"wp","href":"https:\/\/api.w.org\/{rel}","templated":true}]}}