{"id":30946,"date":"2019-01-10T17:12:21","date_gmt":"2019-01-10T16:12:23","guid":{"rendered":"http:\/\/tourtravelandmore.com\/es\/tours\/lanzarote-es\/tour-privado-completo-del-norte-de-lanzarote-con-chofer-y-guia\/"},"modified":"2022-12-13T02:08:24","modified_gmt":"2022-12-13T01:08:24","slug":"tour-privado-de-lanzarote-norte-de-la-isla","status":"publish","type":"product","link":"https:\/\/tourtravelandmore.com\/es\/tours\/espana-es\/lanzarote-es\/tour-privado-de-lanzarote-norte-de-la-isla\/","title":{"rendered":"Tour privado del Norte de Lanzarote"},"content":{"rendered":"<h2>Descripci\u00f3n del Tour privado del Norte de Lanzarote<\/h2>\n<p>Nuestro chofer gu\u00eda os recoger\u00e1 desde su Hotel o Terminal de cruceros para empezar su tour privado de Lanzarote.<\/p>\n<p>La duraci\u00f3n del Tour privado de Lanzarote es de 8 horas.<\/p>\n<p>El Tour es completamente privado, pueden escoger la hora de comienzo y hora.<\/p>\n<p>Las entradas a Jameos de Agua est\u00e1n incluidas en el tour.<\/p>\n<p>Si desean conocer otra parte de la Isla pueden consultar el resto de <a href=\"https:\/\/tourtravelandmore.com\/es\/ciudad\/espana-es\/lanzarote-es\/\">tours privados de Lanzarote.<\/a><\/p>\n<p>A trav\u00e9s del formulario de contacto, pueden escribir en el formulario de contacto y nuestro equipo os pasar\u00e1 la informaci\u00f3n detallada.<\/p>\n<h2>Puntos de Inter\u00e9s en el Tour privado del Norte de Lanzarote<\/h2>\n<p>Nos dirigiremos al centro de la Isla, d\u00f3nde visitaremos junto a nuestro chofer\/gu\u00eda, el <strong>Monumento al Campesino<\/strong>, obra de <strong>C\u00e9sar Manrique<\/strong> y tributo a las labores del campo.<\/p>\n<p>C\u00e9sar Manrique es la figura m\u00e1s importante de la Isla, su obra queda representado en toda la Isla. Busc\u00f3 la armon\u00eda entre el arte y la naturaleza como espacio creativo.<\/p>\n<p>A continuaci\u00f3n nos dirigiremos hacia <strong>\u201cLagOmar\u201d, antigua casa de Omar Sharif<\/strong>, una de las casas m\u00e1s impresionantes, originales y con encanto de Lanzarote.<\/p>\n<p>Despu\u00e9s visitaremos <strong>Villa de Teguise<\/strong> y <strong>los Valles<\/strong> con sus originales cultivos. Las vistas son una maravilla y pararemos en el punto m\u00e1s alto de la Isla para ver la belleza natural de la isla de Lanzarote, formada por la lava y la erosi\u00f3n del mar con el paso de los a\u00f1os. Contemplaremos el <strong>Valle de las Mil Palmeras<\/strong>, el pueblo de <strong>Har\u00eda<\/strong>, <strong>el Volc\u00e1n Corona<\/strong>, la <strong>costa Noreste<\/strong> y sus pueblos.<\/p>\n<p>En lo alto del Risco de <strong>Famara<\/strong> descubrimos el <strong>Archipi\u00e9lago Chinijo<\/strong>. En el volc\u00e1n visitamos una finca de <strong>Aloe<\/strong>. Seguidamente, visitamos, \u201c<strong>Jameos del Agua\u201d<\/strong>, cueva transformada por el genial artista Lanzarote\u00f1o, C\u00e9sar Manrique<\/p>\n<p>Por \u00faltimo visitaremos la <strong>\u201cFundaci\u00f3n C\u00e9sar Manrique*\u201d<\/strong>, su hogar, construido en 5 burbujas naturales de lava.<\/p>\n<p>A lo largo del tour pararemos para comer en un lugar de su elecci\u00f3n. Nuestro gu\u00eda antes de empezar os preguntar\u00e1 por vuestras preferencias y os reservar\u00e1 en un sitio t\u00edpico de la zona.<\/p>\n","protected":false},"excerpt":{"rendered":"<p>Disfrute de esta excursi\u00f3n privada de un d\u00eda completamente personalizada para conocer <strong>lo mejor del norte de Lanzarote<\/strong>. Su conductor\/gu\u00eda privado lo llevar\u00e1 a visitar los lugares m\u00e1s incre\u00edbles de Lanzarote en un veh\u00edculo privado de lujo. Podr\u00e1s visitar: <strong>Puerto del Carmen<\/strong>, <strong>Pe\u00f1as del Crach<\/strong>, <strong>Lagomar<\/strong> y mucho m\u00e1s!. Podemos organizar la recogida en su hotel, apartamento, puerto de cruceros o lugar de elecci\u00f3n.<\/p>\n","protected":false},"featured_media":30935,"comment_status":"open","ping_status":"closed","template":"","meta":{"_acf_changed":false},"product_brand":[],"product_cat":[1059,1060,1061,1062],"product_tag":[],"class_list":{"0":"post-30946","1":"product","2":"type-product","3":"status-publish","4":"has-post-thumbnail","6":"product_cat-lanzarote-es","7":"product_cat-lanzarote-actividades-es","8":"product_cat-lanzarote-rutas-turisticas-privadas-es","9":"product_cat-lanzarote-excursiones-privadas-cruceros-es","11":"first","12":"instock","13":"shipping-taxable","14":"purchasable","15":"product-type-simple"},"acf":[],"yoast_head":"<!-- This site is optimized with the Yoast SEO Premium plugin v25.3.1 (Yoast SEO v25.3.1) - https:\/\/yoast.com\/wordpress\/plugins\/seo\/ -->\n<title>\u27a1\ufe0f Tour privado de Lanzarote: Norte de la isla, con Chofer\/guia y entradas | Tour Travel &amp; More<\/title>\n<meta name=\"description\" content=\"Descubra el Norte de la Isla y Jameos de Agua, gracias a este tour privado de Lanzarote con chofer\/guia privado. Las Entradas est\u00e1n inclu\u00eddas \u2705\" \/>\n<meta name=\"robots\" content=\"index, follow, max-snippet:-1, max-image-preview:large, max-video-preview:-1\" \/>\n<link rel=\"canonical\" href=\"https:\/\/tourtravelandmore.com\/es\/tours\/espana-es\/lanzarote-es\/tour-privado-de-lanzarote-norte-de-la-isla\/\" \/>\n<meta property=\"og:locale\" content=\"es_ES\" \/>\n<meta property=\"og:type\" content=\"article\" \/>\n<meta property=\"og:title\" content=\"Tour privado del Norte de Lanzarote\" \/>\n<meta property=\"og:description\" content=\"Descubra el Norte de la Isla y Jameos de Agua, gracias a este tour privado de Lanzarote con chofer\/guia privado. Las Entradas est\u00e1n inclu\u00eddas \u2705\" \/>\n<meta property=\"og:url\" content=\"https:\/\/tourtravelandmore.com\/es\/tours\/espana-es\/lanzarote-es\/tour-privado-de-lanzarote-norte-de-la-isla\/\" \/>\n<meta property=\"og:site_name\" content=\"Tour Travel And More\" \/>\n<meta property=\"article:publisher\" content=\"https:\/\/www.facebook.com\/tourtravelandmore\/\" \/>\n<meta property=\"article:modified_time\" content=\"2022-12-13T01:08:24+00:00\" \/>\n<meta property=\"og:image\" content=\"https:\/\/tourtravelandmore.com\/wp-content\/uploads\/2019\/01\/lanzarote-211042_960_720.jpg\" \/>\n\t<meta property=\"og:image:width\" content=\"960\" \/>\n\t<meta property=\"og:image:height\" content=\"641\" \/>\n\t<meta property=\"og:image:type\" content=\"image\/jpeg\" \/>\n<meta name=\"twitter:card\" content=\"summary_large_image\" \/>\n<meta name=\"twitter:site\" content=\"@TourTravel_More\" \/>\n<meta name=\"twitter:label1\" content=\"Tiempo de lectura\" \/>\n\t<meta name=\"twitter:data1\" content=\"2 minutos\" \/>\n<script type=\"application\/ld+json\" class=\"yoast-schema-graph\">{\"@context\":\"https:\/\/schema.org\",\"@graph\":[{\"@type\":\"WebPage\",\"@id\":\"https:\/\/tourtravelandmore.com\/es\/tours\/espana-es\/lanzarote-es\/tour-privado-de-lanzarote-norte-de-la-isla\/\",\"url\":\"https:\/\/tourtravelandmore.com\/es\/tours\/espana-es\/lanzarote-es\/tour-privado-de-lanzarote-norte-de-la-isla\/\",\"name\":\"\u27a1\ufe0f Tour privado de Lanzarote: Norte de la isla, con Chofer\/guia y entradas | Tour Travel & More\",\"isPartOf\":{\"@id\":\"https:\/\/tourtravelandmore.com\/es\/#website\"},\"primaryImageOfPage\":{\"@id\":\"https:\/\/tourtravelandmore.com\/es\/tours\/espana-es\/lanzarote-es\/tour-privado-de-lanzarote-norte-de-la-isla\/#primaryimage\"},\"image\":{\"@id\":\"https:\/\/tourtravelandmore.com\/es\/tours\/espana-es\/lanzarote-es\/tour-privado-de-lanzarote-norte-de-la-isla\/#primaryimage\"},\"thumbnailUrl\":\"https:\/\/tourtravelandmore.com\/wp-content\/uploads\/2019\/01\/lanzarote-211042_960_720.jpg\",\"datePublished\":\"2019-01-10T16:12:23+00:00\",\"dateModified\":\"2022-12-13T01:08:24+00:00\",\"description\":\"Descubra el Norte de la Isla y Jameos de Agua, gracias a este tour privado de Lanzarote con chofer\/guia privado. Las Entradas est\u00e1n inclu\u00eddas \u2705\",\"breadcrumb\":{\"@id\":\"https:\/\/tourtravelandmore.com\/es\/tours\/espana-es\/lanzarote-es\/tour-privado-de-lanzarote-norte-de-la-isla\/#breadcrumb\"},\"inLanguage\":\"es\",\"potentialAction\":[{\"@type\":\"ReadAction\",\"target\":[\"https:\/\/tourtravelandmore.com\/es\/tours\/espana-es\/lanzarote-es\/tour-privado-de-lanzarote-norte-de-la-isla\/\"]}]},{\"@type\":\"ImageObject\",\"inLanguage\":\"es\",\"@id\":\"https:\/\/tourtravelandmore.com\/es\/tours\/espana-es\/lanzarote-es\/tour-privado-de-lanzarote-norte-de-la-isla\/#primaryimage\",\"url\":\"https:\/\/tourtravelandmore.com\/wp-content\/uploads\/2019\/01\/lanzarote-211042_960_720.jpg\",\"contentUrl\":\"https:\/\/tourtravelandmore.com\/wp-content\/uploads\/2019\/01\/lanzarote-211042_960_720.jpg\",\"width\":960,\"height\":641},{\"@type\":\"BreadcrumbList\",\"@id\":\"https:\/\/tourtravelandmore.com\/es\/tours\/espana-es\/lanzarote-es\/tour-privado-de-lanzarote-norte-de-la-isla\/#breadcrumb\",\"itemListElement\":[{\"@type\":\"ListItem\",\"position\":1,\"name\":\"Home\",\"item\":\"https:\/\/tourtravelandmore.com\/es\/\"},{\"@type\":\"ListItem\",\"position\":2,\"name\":\"Tours\",\"item\":\"https:\/\/tourtravelandmore.com\/es\/tours\/\"},{\"@type\":\"ListItem\",\"position\":3,\"name\":\"Tour privado del Norte de Lanzarote\"}]},{\"@type\":\"WebSite\",\"@id\":\"https:\/\/tourtravelandmore.com\/es\/#website\",\"url\":\"https:\/\/tourtravelandmore.com\/es\/\",\"name\":\"Tour Travel And More\",\"description\":\"Private sightseeing tours and luxury transfers in Spain\",\"publisher\":{\"@id\":\"https:\/\/tourtravelandmore.com\/es\/#organization\"},\"potentialAction\":[{\"@type\":\"SearchAction\",\"target\":{\"@type\":\"EntryPoint\",\"urlTemplate\":\"https:\/\/tourtravelandmore.com\/es\/?s={search_term_string}\"},\"query-input\":{\"@type\":\"PropertyValueSpecification\",\"valueRequired\":true,\"valueName\":\"search_term_string\"}}],\"inLanguage\":\"es\"},{\"@type\":\"Organization\",\"@id\":\"https:\/\/tourtravelandmore.com\/es\/#organization\",\"name\":\"Tour Travel And More\",\"url\":\"https:\/\/tourtravelandmore.com\/es\/\",\"logo\":{\"@type\":\"ImageObject\",\"inLanguage\":\"es\",\"@id\":\"https:\/\/tourtravelandmore.com\/es\/#\/schema\/logo\/image\/\",\"url\":\"https:\/\/tourtravelandmore.com\/wp-content\/uploads\/2022\/12\/cropped-logo-cabecera-new.png\",\"contentUrl\":\"https:\/\/tourtravelandmore.com\/wp-content\/uploads\/2022\/12\/cropped-logo-cabecera-new.png\",\"width\":430,\"height\":61,\"caption\":\"Tour Travel And More\"},\"image\":{\"@id\":\"https:\/\/tourtravelandmore.com\/es\/#\/schema\/logo\/image\/\"},\"sameAs\":[\"https:\/\/www.facebook.com\/tourtravelandmore\/\",\"https:\/\/x.com\/TourTravel_More\"]}]}<\/script>\n<!-- \/ Yoast SEO Premium plugin. -->","yoast_head_json":{"title":"\u27a1\ufe0f Tour privado de Lanzarote: Norte de la isla, con Chofer\/guia y entradas | Tour Travel & More","description":"Descubra el Norte de la Isla y Jameos de Agua, gracias a este tour privado de Lanzarote con chofer\/guia privado. Las Entradas est\u00e1n inclu\u00eddas \u2705","robots":{"index":"index","follow":"follow","max-snippet":"max-snippet:-1","max-image-preview":"max-image-preview:large","max-video-preview":"max-video-preview:-1"},"canonical":"https:\/\/tourtravelandmore.com\/es\/tours\/espana-es\/lanzarote-es\/tour-privado-de-lanzarote-norte-de-la-isla\/","og_locale":"es_ES","og_type":"article","og_title":"Tour privado del Norte de Lanzarote","og_description":"Descubra el Norte de la Isla y Jameos de Agua, gracias a este tour privado de Lanzarote con chofer\/guia privado. Las Entradas est\u00e1n inclu\u00eddas \u2705","og_url":"https:\/\/tourtravelandmore.com\/es\/tours\/espana-es\/lanzarote-es\/tour-privado-de-lanzarote-norte-de-la-isla\/","og_site_name":"Tour Travel And More","article_publisher":"https:\/\/www.facebook.com\/tourtravelandmore\/","article_modified_time":"2022-12-13T01:08:24+00:00","og_image":[{"width":960,"height":641,"url":"https:\/\/tourtravelandmore.com\/wp-content\/uploads\/2019\/01\/lanzarote-211042_960_720.jpg","type":"image\/jpeg"}],"twitter_card":"summary_large_image","twitter_site":"@TourTravel_More","twitter_misc":{"Tiempo de lectura":"2 minutos"},"schema":{"@context":"https:\/\/schema.org","@graph":[{"@type":"WebPage","@id":"https:\/\/tourtravelandmore.com\/es\/tours\/espana-es\/lanzarote-es\/tour-privado-de-lanzarote-norte-de-la-isla\/","url":"https:\/\/tourtravelandmore.com\/es\/tours\/espana-es\/lanzarote-es\/tour-privado-de-lanzarote-norte-de-la-isla\/","name":"\u27a1\ufe0f Tour privado de Lanzarote: Norte de la isla, con Chofer\/guia y entradas | Tour Travel & More","isPartOf":{"@id":"https:\/\/tourtravelandmore.com\/es\/#website"},"primaryImageOfPage":{"@id":"https:\/\/tourtravelandmore.com\/es\/tours\/espana-es\/lanzarote-es\/tour-privado-de-lanzarote-norte-de-la-isla\/#primaryimage"},"image":{"@id":"https:\/\/tourtravelandmore.com\/es\/tours\/espana-es\/lanzarote-es\/tour-privado-de-lanzarote-norte-de-la-isla\/#primaryimage"},"thumbnailUrl":"https:\/\/tourtravelandmore.com\/wp-content\/uploads\/2019\/01\/lanzarote-211042_960_720.jpg","datePublished":"2019-01-10T16:12:23+00:00","dateModified":"2022-12-13T01:08:24+00:00","description":"Descubra el Norte de la Isla y Jameos de Agua, gracias a este tour privado de Lanzarote con chofer\/guia privado. Las Entradas est\u00e1n inclu\u00eddas \u2705","breadcrumb":{"@id":"https:\/\/tourtravelandmore.com\/es\/tours\/espana-es\/lanzarote-es\/tour-privado-de-lanzarote-norte-de-la-isla\/#breadcrumb"},"inLanguage":"es","potentialAction":[{"@type":"ReadAction","target":["https:\/\/tourtravelandmore.com\/es\/tours\/espana-es\/lanzarote-es\/tour-privado-de-lanzarote-norte-de-la-isla\/"]}]},{"@type":"ImageObject","inLanguage":"es","@id":"https:\/\/tourtravelandmore.com\/es\/tours\/espana-es\/lanzarote-es\/tour-privado-de-lanzarote-norte-de-la-isla\/#primaryimage","url":"https:\/\/tourtravelandmore.com\/wp-content\/uploads\/2019\/01\/lanzarote-211042_960_720.jpg","contentUrl":"https:\/\/tourtravelandmore.com\/wp-content\/uploads\/2019\/01\/lanzarote-211042_960_720.jpg","width":960,"height":641},{"@type":"BreadcrumbList","@id":"https:\/\/tourtravelandmore.com\/es\/tours\/espana-es\/lanzarote-es\/tour-privado-de-lanzarote-norte-de-la-isla\/#breadcrumb","itemListElement":[{"@type":"ListItem","position":1,"name":"Home","item":"https:\/\/tourtravelandmore.com\/es\/"},{"@type":"ListItem","position":2,"name":"Tours","item":"https:\/\/tourtravelandmore.com\/es\/tours\/"},{"@type":"ListItem","position":3,"name":"Tour privado del Norte de Lanzarote"}]},{"@type":"WebSite","@id":"https:\/\/tourtravelandmore.com\/es\/#website","url":"https:\/\/tourtravelandmore.com\/es\/","name":"Tour Travel And More","description":"Private sightseeing tours and luxury transfers in Spain","publisher":{"@id":"https:\/\/tourtravelandmore.com\/es\/#organization"},"potentialAction":[{"@type":"SearchAction","target":{"@type":"EntryPoint","urlTemplate":"https:\/\/tourtravelandmore.com\/es\/?s={search_term_string}"},"query-input":{"@type":"PropertyValueSpecification","valueRequired":true,"valueName":"search_term_string"}}],"inLanguage":"es"},{"@type":"Organization","@id":"https:\/\/tourtravelandmore.com\/es\/#organization","name":"Tour Travel And More","url":"https:\/\/tourtravelandmore.com\/es\/","logo":{"@type":"ImageObject","inLanguage":"es","@id":"https:\/\/tourtravelandmore.com\/es\/#\/schema\/logo\/image\/","url":"https:\/\/tourtravelandmore.com\/wp-content\/uploads\/2022\/12\/cropped-logo-cabecera-new.png","contentUrl":"https:\/\/tourtravelandmore.com\/wp-content\/uploads\/2022\/12\/cropped-logo-cabecera-new.png","width":430,"height":61,"caption":"Tour Travel And More"},"image":{"@id":"https:\/\/tourtravelandmore.com\/es\/#\/schema\/logo\/image\/"},"sameAs":["https:\/\/www.facebook.com\/tourtravelandmore\/","https:\/\/x.com\/TourTravel_More"]}]}},"_links":{"self":[{"href":"https:\/\/tourtravelandmore.com\/es\/wp-json\/wp\/v2\/product\/30946","targetHints":{"allow":["GET"]}}],"collection":[{"href":"https:\/\/tourtravelandmore.com\/es\/wp-json\/wp\/v2\/product"}],"about":[{"href":"https:\/\/tourtravelandmore.com\/es\/wp-json\/wp\/v2\/types\/product"}],"replies":[{"embeddable":true,"href":"https:\/\/tourtravelandmore.com\/es\/wp-json\/wp\/v2\/comments?post=30946"}],"wp:featuredmedia":[{"embeddable":true,"href":"https:\/\/tourtravelandmore.com\/es\/wp-json\/wp\/v2\/media\/30935"}],"wp:attachment":[{"href":"https:\/\/tourtravelandmore.com\/es\/wp-json\/wp\/v2\/media?parent=30946"}],"wp:term":[{"taxonomy":"product_brand","embeddable":true,"href":"https:\/\/tourtravelandmore.com\/es\/wp-json\/wp\/v2\/product_brand?post=30946"},{"taxonomy":"product_cat","embeddable":true,"href":"https:\/\/tourtravelandmore.com\/es\/wp-json\/wp\/v2\/product_cat?post=30946"},{"taxonomy":"product_tag","embeddable":true,"href":"https:\/\/tourtravelandmore.com\/es\/wp-json\/wp\/v2\/product_tag?post=30946"}],"curies":[{"name":"wp","href":"https:\/\/api.w.org\/{rel}","templated":true}]}}