{"id":30927,"date":"2019-01-10T16:23:32","date_gmt":"2019-01-10T15:23:35","guid":{"rendered":"http:\/\/tourtravelandmore.com\/es\/tours\/lanzarote-es\/disposicion-privada-para-conocer-norte-y-sur-de-lanzarote\/"},"modified":"2022-12-13T02:04:44","modified_gmt":"2022-12-13T01:04:44","slug":"excursion-privado-de-lanzarote-dia-completa","status":"publish","type":"product","link":"https:\/\/tourtravelandmore.com\/es\/tours\/espana-es\/lanzarote-es\/excursion-privado-de-lanzarote-dia-completa\/","title":{"rendered":"Tour privado completo de la isla de Lanzarote (Norte y Sur)"},"content":{"rendered":"<h2><strong>Descripci\u00f3n del Tour privado completo de la isla de Lanzarote (Norte y Sur)<\/strong><\/h2>\n<p>Disfruta de esta Excursi\u00f3n privada de Lanzarote de d\u00eda completa. Si es la primera vez en Lanzarote y dispone de poco tiempo, este tour es perfecto, ya que podr\u00e9is ver en un d\u00eda lo m\u00e1s importante de la Isla y sus principales monumentos.<\/p>\n<p>Nuestro chofer\/guia os recoger\u00e1 desde su Hotel, Terminal de Cruceros o Apartamento a la Hora escogida. El Chofer\/guia es un gu\u00eda oficial y titulado.<\/p>\n<p>Esta Excursion privada de Lanzarote incluye todos los monumentos y atracciones:<strong> Entrada al Parque Timanfaya, Jameos de Agua, entradas Cuevas Verdes, Paseo a Camello (Duraci\u00f3n 20 minutos), La Geria con cata en una bodega. <\/strong>En un d\u00eda conoceremos todo Lanzarote.<\/p>\n<p>La duraci\u00f3n de la excursion privada son 9 Horas. Es completamente privado, en todo momento ir\u00e1n con su chofer\/guia. Al ser completamente privado pueden escoger la hora y lugar de comienzo.<\/p>\n<p>Este tour recogemos en todas las zonas tur\u00edsticas la isla adem\u00e1s de Aeropuerto y puerto de Playa Blanca .<\/p>\n<h2>Puntos de inter\u00e9s en el Tour privado completo de la isla de Lanzarote (Norte y Sur)<\/h2>\n<p>Su <strong>tour privado<\/strong> empezar\u00e1 desde su hotel, crucero o apartamento dentro de <strong>Lanzarote<\/strong>. Su chofer les recoger\u00e1 y empezar\u00e1n por recorrer la isla para conocer las zonas m\u00e1s bonitas de Lanzarote.<\/p>\n<p>Durante vuestro d\u00eda, podr\u00e9is ver, entre otros, los siguientes lugares de inter\u00e9s:<\/p>\n<ul>\n<li><strong>Conoce los lugares m\u00e1s emblem\u00e1ticos del Norte y del Sur de la isla de Lanzarote<\/strong><\/li>\n<li><strong>Parque Nacional Timanfaya<\/strong><\/li>\n<li><strong>Vistas espectaculares desde diferentes miradores<\/strong><\/li>\n<li><strong>El Golfo y la Laguna Verde, Los Hervideros.<\/strong><\/li>\n<li><strong>Islet de Hilario<\/strong><\/li>\n<li><strong>Ruta de los volcanes<\/strong><\/li>\n<li><strong>La Geria<\/strong><\/li>\n<li><strong>Las Salinas del Janubio<\/strong><\/li>\n<li><strong>El Golfo<\/strong><\/li>\n<li><strong>Costa Teguise<\/strong><\/li>\n<li><strong>Haria<\/strong><\/li>\n<li><strong>Puerto del Carmen<\/strong><\/li>\n<li><strong>Mucho m\u00e1s<\/strong><\/li>\n<\/ul>\n<p>Realizaremos un paseo a Camello, la duraci\u00f3n de este paseo son 20 minutos.<\/p>\n<p>A lo largo del tour pueden parar, hacer fotograf\u00edas y disfrutar de tiempo libre, el tour es completamente privado y nos adaptamos a los viajeros.<\/p>\n<p>Operamos en toda la Isla de Lanzarote, puede consultar el resto de <a href=\"https:\/\/tourtravelandmore.com\/es\/ciudad\/espana-es\/lanzarote-es\/\">tours privados de Lanzarote.<\/a><\/p>\n","protected":false},"excerpt":{"rendered":"<p>Disfrute de esta excursi\u00f3n privada de un d\u00eda completamente personalizada para conocer <strong>lo mejor de la isla de Lanzarote<\/strong>. Tendr\u00e1s la posibilidad de visitar todos los lugares y rincones m\u00e1s importantes de esta maravillosa isla. Su conductor\/gu\u00eda privado estar\u00e1 a su total disposici\u00f3n durante todo el recorrido. Entre otros lugares podr\u00e1s visitar: <strong>Parque Nacional de Timanfaya<\/strong>, <strong>Cuevas Verdes<\/strong>, <strong>Lago Verde<\/strong> \u00a1y mucho m\u00e1s!.<\/p>\n","protected":false},"featured_media":30933,"comment_status":"open","ping_status":"closed","template":"","meta":{"_acf_changed":false},"product_brand":[],"product_cat":[1059,1060,1061,1062],"product_tag":[],"class_list":{"0":"post-30927","1":"product","2":"type-product","3":"status-publish","4":"has-post-thumbnail","6":"product_cat-lanzarote-es","7":"product_cat-lanzarote-actividades-es","8":"product_cat-lanzarote-rutas-turisticas-privadas-es","9":"product_cat-lanzarote-excursiones-privadas-cruceros-es","11":"first","12":"instock","13":"shipping-taxable","14":"purchasable","15":"product-type-simple"},"acf":[],"yoast_head":"<!-- This site is optimized with the Yoast SEO Premium plugin v25.3.1 (Yoast SEO v25.3.1) - https:\/\/yoast.com\/wordpress\/plugins\/seo\/ -->\n<title>\u27a1\ufe0f Excursion privada de Lanzarote: Chofer\/gu\u00eda y todas las entradas incluidas | Tour Travel &amp; More<\/title>\n<meta name=\"description\" content=\"Descubra el Norte y Sur de la Isla, gracias a esta Excursion privada de Lanzarote, con chofer\/guia y todas las entradas incluidas para conocer la isla \u2705\" \/>\n<meta name=\"robots\" content=\"index, follow, max-snippet:-1, max-image-preview:large, max-video-preview:-1\" \/>\n<link rel=\"canonical\" href=\"https:\/\/tourtravelandmore.com\/es\/tours\/espana-es\/lanzarote-es\/excursion-privado-de-lanzarote-dia-completa\/\" \/>\n<meta property=\"og:locale\" content=\"es_ES\" \/>\n<meta property=\"og:type\" content=\"article\" \/>\n<meta property=\"og:title\" content=\"Tour privado completo de la isla de Lanzarote (Norte y Sur)\" \/>\n<meta property=\"og:description\" content=\"Descubra el Norte y Sur de la Isla, gracias a esta Excursion privada de Lanzarote, con chofer\/guia y todas las entradas incluidas para conocer la isla \u2705\" \/>\n<meta property=\"og:url\" content=\"https:\/\/tourtravelandmore.com\/es\/tours\/espana-es\/lanzarote-es\/excursion-privado-de-lanzarote-dia-completa\/\" \/>\n<meta property=\"og:site_name\" content=\"Tour Travel And More\" \/>\n<meta property=\"article:publisher\" content=\"https:\/\/www.facebook.com\/tourtravelandmore\/\" \/>\n<meta property=\"article:modified_time\" content=\"2022-12-13T01:04:44+00:00\" \/>\n<meta property=\"og:image\" content=\"https:\/\/tourtravelandmore.com\/wp-content\/uploads\/2019\/01\/lanzarote-2346346_960_720.jpg\" \/>\n\t<meta property=\"og:image:width\" content=\"720\" \/>\n\t<meta property=\"og:image:height\" content=\"720\" \/>\n\t<meta property=\"og:image:type\" content=\"image\/jpeg\" \/>\n<meta name=\"twitter:card\" content=\"summary_large_image\" \/>\n<meta name=\"twitter:site\" content=\"@TourTravel_More\" \/>\n<meta name=\"twitter:label1\" content=\"Tiempo de lectura\" \/>\n\t<meta name=\"twitter:data1\" content=\"2 minutos\" \/>\n<script type=\"application\/ld+json\" class=\"yoast-schema-graph\">{\"@context\":\"https:\/\/schema.org\",\"@graph\":[{\"@type\":\"WebPage\",\"@id\":\"https:\/\/tourtravelandmore.com\/es\/tours\/espana-es\/lanzarote-es\/excursion-privado-de-lanzarote-dia-completa\/\",\"url\":\"https:\/\/tourtravelandmore.com\/es\/tours\/espana-es\/lanzarote-es\/excursion-privado-de-lanzarote-dia-completa\/\",\"name\":\"\u27a1\ufe0f Excursion privada de Lanzarote: Chofer\/gu\u00eda y todas las entradas incluidas | Tour Travel & More\",\"isPartOf\":{\"@id\":\"https:\/\/tourtravelandmore.com\/es\/#website\"},\"primaryImageOfPage\":{\"@id\":\"https:\/\/tourtravelandmore.com\/es\/tours\/espana-es\/lanzarote-es\/excursion-privado-de-lanzarote-dia-completa\/#primaryimage\"},\"image\":{\"@id\":\"https:\/\/tourtravelandmore.com\/es\/tours\/espana-es\/lanzarote-es\/excursion-privado-de-lanzarote-dia-completa\/#primaryimage\"},\"thumbnailUrl\":\"https:\/\/tourtravelandmore.com\/wp-content\/uploads\/2019\/01\/lanzarote-2346346_960_720.jpg\",\"datePublished\":\"2019-01-10T15:23:35+00:00\",\"dateModified\":\"2022-12-13T01:04:44+00:00\",\"description\":\"Descubra el Norte y Sur de la Isla, gracias a esta Excursion privada de Lanzarote, con chofer\/guia y todas las entradas incluidas para conocer la isla \u2705\",\"breadcrumb\":{\"@id\":\"https:\/\/tourtravelandmore.com\/es\/tours\/espana-es\/lanzarote-es\/excursion-privado-de-lanzarote-dia-completa\/#breadcrumb\"},\"inLanguage\":\"es\",\"potentialAction\":[{\"@type\":\"ReadAction\",\"target\":[\"https:\/\/tourtravelandmore.com\/es\/tours\/espana-es\/lanzarote-es\/excursion-privado-de-lanzarote-dia-completa\/\"]}]},{\"@type\":\"ImageObject\",\"inLanguage\":\"es\",\"@id\":\"https:\/\/tourtravelandmore.com\/es\/tours\/espana-es\/lanzarote-es\/excursion-privado-de-lanzarote-dia-completa\/#primaryimage\",\"url\":\"https:\/\/tourtravelandmore.com\/wp-content\/uploads\/2019\/01\/lanzarote-2346346_960_720.jpg\",\"contentUrl\":\"https:\/\/tourtravelandmore.com\/wp-content\/uploads\/2019\/01\/lanzarote-2346346_960_720.jpg\",\"width\":720,\"height\":720},{\"@type\":\"BreadcrumbList\",\"@id\":\"https:\/\/tourtravelandmore.com\/es\/tours\/espana-es\/lanzarote-es\/excursion-privado-de-lanzarote-dia-completa\/#breadcrumb\",\"itemListElement\":[{\"@type\":\"ListItem\",\"position\":1,\"name\":\"Home\",\"item\":\"https:\/\/tourtravelandmore.com\/es\/\"},{\"@type\":\"ListItem\",\"position\":2,\"name\":\"Tours\",\"item\":\"https:\/\/tourtravelandmore.com\/es\/tours\/\"},{\"@type\":\"ListItem\",\"position\":3,\"name\":\"Tour privado completo de la isla de Lanzarote (Norte y Sur)\"}]},{\"@type\":\"WebSite\",\"@id\":\"https:\/\/tourtravelandmore.com\/es\/#website\",\"url\":\"https:\/\/tourtravelandmore.com\/es\/\",\"name\":\"Tour Travel And More\",\"description\":\"Private sightseeing tours and luxury transfers in Spain\",\"publisher\":{\"@id\":\"https:\/\/tourtravelandmore.com\/es\/#organization\"},\"potentialAction\":[{\"@type\":\"SearchAction\",\"target\":{\"@type\":\"EntryPoint\",\"urlTemplate\":\"https:\/\/tourtravelandmore.com\/es\/?s={search_term_string}\"},\"query-input\":{\"@type\":\"PropertyValueSpecification\",\"valueRequired\":true,\"valueName\":\"search_term_string\"}}],\"inLanguage\":\"es\"},{\"@type\":\"Organization\",\"@id\":\"https:\/\/tourtravelandmore.com\/es\/#organization\",\"name\":\"Tour Travel And More\",\"url\":\"https:\/\/tourtravelandmore.com\/es\/\",\"logo\":{\"@type\":\"ImageObject\",\"inLanguage\":\"es\",\"@id\":\"https:\/\/tourtravelandmore.com\/es\/#\/schema\/logo\/image\/\",\"url\":\"https:\/\/tourtravelandmore.com\/wp-content\/uploads\/2022\/12\/cropped-logo-cabecera-new.png\",\"contentUrl\":\"https:\/\/tourtravelandmore.com\/wp-content\/uploads\/2022\/12\/cropped-logo-cabecera-new.png\",\"width\":430,\"height\":61,\"caption\":\"Tour Travel And More\"},\"image\":{\"@id\":\"https:\/\/tourtravelandmore.com\/es\/#\/schema\/logo\/image\/\"},\"sameAs\":[\"https:\/\/www.facebook.com\/tourtravelandmore\/\",\"https:\/\/x.com\/TourTravel_More\"]}]}<\/script>\n<!-- \/ Yoast SEO Premium plugin. -->","yoast_head_json":{"title":"\u27a1\ufe0f Excursion privada de Lanzarote: Chofer\/gu\u00eda y todas las entradas incluidas | Tour Travel & More","description":"Descubra el Norte y Sur de la Isla, gracias a esta Excursion privada de Lanzarote, con chofer\/guia y todas las entradas incluidas para conocer la isla \u2705","robots":{"index":"index","follow":"follow","max-snippet":"max-snippet:-1","max-image-preview":"max-image-preview:large","max-video-preview":"max-video-preview:-1"},"canonical":"https:\/\/tourtravelandmore.com\/es\/tours\/espana-es\/lanzarote-es\/excursion-privado-de-lanzarote-dia-completa\/","og_locale":"es_ES","og_type":"article","og_title":"Tour privado completo de la isla de Lanzarote (Norte y Sur)","og_description":"Descubra el Norte y Sur de la Isla, gracias a esta Excursion privada de Lanzarote, con chofer\/guia y todas las entradas incluidas para conocer la isla \u2705","og_url":"https:\/\/tourtravelandmore.com\/es\/tours\/espana-es\/lanzarote-es\/excursion-privado-de-lanzarote-dia-completa\/","og_site_name":"Tour Travel And More","article_publisher":"https:\/\/www.facebook.com\/tourtravelandmore\/","article_modified_time":"2022-12-13T01:04:44+00:00","og_image":[{"width":720,"height":720,"url":"https:\/\/tourtravelandmore.com\/wp-content\/uploads\/2019\/01\/lanzarote-2346346_960_720.jpg","type":"image\/jpeg"}],"twitter_card":"summary_large_image","twitter_site":"@TourTravel_More","twitter_misc":{"Tiempo de lectura":"2 minutos"},"schema":{"@context":"https:\/\/schema.org","@graph":[{"@type":"WebPage","@id":"https:\/\/tourtravelandmore.com\/es\/tours\/espana-es\/lanzarote-es\/excursion-privado-de-lanzarote-dia-completa\/","url":"https:\/\/tourtravelandmore.com\/es\/tours\/espana-es\/lanzarote-es\/excursion-privado-de-lanzarote-dia-completa\/","name":"\u27a1\ufe0f Excursion privada de Lanzarote: Chofer\/gu\u00eda y todas las entradas incluidas | Tour Travel & More","isPartOf":{"@id":"https:\/\/tourtravelandmore.com\/es\/#website"},"primaryImageOfPage":{"@id":"https:\/\/tourtravelandmore.com\/es\/tours\/espana-es\/lanzarote-es\/excursion-privado-de-lanzarote-dia-completa\/#primaryimage"},"image":{"@id":"https:\/\/tourtravelandmore.com\/es\/tours\/espana-es\/lanzarote-es\/excursion-privado-de-lanzarote-dia-completa\/#primaryimage"},"thumbnailUrl":"https:\/\/tourtravelandmore.com\/wp-content\/uploads\/2019\/01\/lanzarote-2346346_960_720.jpg","datePublished":"2019-01-10T15:23:35+00:00","dateModified":"2022-12-13T01:04:44+00:00","description":"Descubra el Norte y Sur de la Isla, gracias a esta Excursion privada de Lanzarote, con chofer\/guia y todas las entradas incluidas para conocer la isla \u2705","breadcrumb":{"@id":"https:\/\/tourtravelandmore.com\/es\/tours\/espana-es\/lanzarote-es\/excursion-privado-de-lanzarote-dia-completa\/#breadcrumb"},"inLanguage":"es","potentialAction":[{"@type":"ReadAction","target":["https:\/\/tourtravelandmore.com\/es\/tours\/espana-es\/lanzarote-es\/excursion-privado-de-lanzarote-dia-completa\/"]}]},{"@type":"ImageObject","inLanguage":"es","@id":"https:\/\/tourtravelandmore.com\/es\/tours\/espana-es\/lanzarote-es\/excursion-privado-de-lanzarote-dia-completa\/#primaryimage","url":"https:\/\/tourtravelandmore.com\/wp-content\/uploads\/2019\/01\/lanzarote-2346346_960_720.jpg","contentUrl":"https:\/\/tourtravelandmore.com\/wp-content\/uploads\/2019\/01\/lanzarote-2346346_960_720.jpg","width":720,"height":720},{"@type":"BreadcrumbList","@id":"https:\/\/tourtravelandmore.com\/es\/tours\/espana-es\/lanzarote-es\/excursion-privado-de-lanzarote-dia-completa\/#breadcrumb","itemListElement":[{"@type":"ListItem","position":1,"name":"Home","item":"https:\/\/tourtravelandmore.com\/es\/"},{"@type":"ListItem","position":2,"name":"Tours","item":"https:\/\/tourtravelandmore.com\/es\/tours\/"},{"@type":"ListItem","position":3,"name":"Tour privado completo de la isla de Lanzarote (Norte y Sur)"}]},{"@type":"WebSite","@id":"https:\/\/tourtravelandmore.com\/es\/#website","url":"https:\/\/tourtravelandmore.com\/es\/","name":"Tour Travel And More","description":"Private sightseeing tours and luxury transfers in Spain","publisher":{"@id":"https:\/\/tourtravelandmore.com\/es\/#organization"},"potentialAction":[{"@type":"SearchAction","target":{"@type":"EntryPoint","urlTemplate":"https:\/\/tourtravelandmore.com\/es\/?s={search_term_string}"},"query-input":{"@type":"PropertyValueSpecification","valueRequired":true,"valueName":"search_term_string"}}],"inLanguage":"es"},{"@type":"Organization","@id":"https:\/\/tourtravelandmore.com\/es\/#organization","name":"Tour Travel And More","url":"https:\/\/tourtravelandmore.com\/es\/","logo":{"@type":"ImageObject","inLanguage":"es","@id":"https:\/\/tourtravelandmore.com\/es\/#\/schema\/logo\/image\/","url":"https:\/\/tourtravelandmore.com\/wp-content\/uploads\/2022\/12\/cropped-logo-cabecera-new.png","contentUrl":"https:\/\/tourtravelandmore.com\/wp-content\/uploads\/2022\/12\/cropped-logo-cabecera-new.png","width":430,"height":61,"caption":"Tour Travel And More"},"image":{"@id":"https:\/\/tourtravelandmore.com\/es\/#\/schema\/logo\/image\/"},"sameAs":["https:\/\/www.facebook.com\/tourtravelandmore\/","https:\/\/x.com\/TourTravel_More"]}]}},"_links":{"self":[{"href":"https:\/\/tourtravelandmore.com\/es\/wp-json\/wp\/v2\/product\/30927","targetHints":{"allow":["GET"]}}],"collection":[{"href":"https:\/\/tourtravelandmore.com\/es\/wp-json\/wp\/v2\/product"}],"about":[{"href":"https:\/\/tourtravelandmore.com\/es\/wp-json\/wp\/v2\/types\/product"}],"replies":[{"embeddable":true,"href":"https:\/\/tourtravelandmore.com\/es\/wp-json\/wp\/v2\/comments?post=30927"}],"wp:featuredmedia":[{"embeddable":true,"href":"https:\/\/tourtravelandmore.com\/es\/wp-json\/wp\/v2\/media\/30933"}],"wp:attachment":[{"href":"https:\/\/tourtravelandmore.com\/es\/wp-json\/wp\/v2\/media?parent=30927"}],"wp:term":[{"taxonomy":"product_brand","embeddable":true,"href":"https:\/\/tourtravelandmore.com\/es\/wp-json\/wp\/v2\/product_brand?post=30927"},{"taxonomy":"product_cat","embeddable":true,"href":"https:\/\/tourtravelandmore.com\/es\/wp-json\/wp\/v2\/product_cat?post=30927"},{"taxonomy":"product_tag","embeddable":true,"href":"https:\/\/tourtravelandmore.com\/es\/wp-json\/wp\/v2\/product_tag?post=30927"}],"curies":[{"name":"wp","href":"https:\/\/api.w.org\/{rel}","templated":true}]}}