{"id":30906,"date":"2019-01-10T15:58:33","date_gmt":"2019-01-10T14:58:36","guid":{"rendered":"http:\/\/tourtravelandmore.com\/es\/tours\/lanzarote-es\/tour-privado-de-las-playas-de-lanzarote\/"},"modified":"2022-12-13T02:11:28","modified_gmt":"2022-12-13T01:11:28","slug":"tour-privado-de-playas-de-lanzarote","status":"publish","type":"product","link":"https:\/\/tourtravelandmore.com\/es\/tours\/espana-es\/lanzarote-es\/tour-privado-de-playas-de-lanzarote\/","title":{"rendered":"Tour privado para conocer las mejores playas de Lanzarote"},"content":{"rendered":"<h2>Descripci\u00f3n del Tour privado para conocer las mejores playas de Lanzarote<\/h2>\n<p>A todos nos encanta conocer las mejores y escondidas playas de cada isla. Lanzarote no es diferente. Por eso hemos creado un tour privado de playas en Lanzarote. Este tour privado lo llevar\u00e1 a los mejores lugares de playa en la isla de Lanzarote. Una isla volc\u00e1nica con hermosas playas.<\/p>\n<p>Esta isla en el Oc\u00e9ano Atl\u00e1ntico es la cuarta isla m\u00e1s grande del archipi\u00e9lago. Uno de los sitios m\u00e1s emblem\u00e1ticos de las islas es el <strong>Parque Nacional de Timanfaya<\/strong>. Debemos aprovechar nuestro chofer\/guia para conocer las mejores playas y podernos ba\u00f1ar en ellas. La isla de Lanzarote est\u00e1 declarada reserva de la biosfera en 1993 por la UNESCO.<\/p>\n<p>Este tour privado comenzar\u00e1 desde su hotel o ubicaci\u00f3n de su elecci\u00f3n en Lanzarote. Despu\u00e9s de que nuestro chofer\/gu\u00eda os haya recogido en un veh\u00edculo c\u00f3modo, nos dirigiremos hacia los mejores sitios de playa.<\/p>\n<p>Camina y disfruta de las mejores arenas y playas. Dispondr\u00e9is de tiempo libre para comer y podemos ba\u00f1ar en cada lugar.<\/p>\n<p>\u00a1Las playas de Lanzarote son \u00fanicas! Es por eso que necesitamos disfrutar al m\u00e1ximo este Tour Privado de Playas en Lanzarote.<\/p>\n<p>Su chofer\/gu\u00eda os recoger\u00e1 de su hotel y continuaremos hacia los mejores sitios de playa en Lanzarote.<\/p>\n<p>Hay muchas playas para ver en Lanzarote y necesitar\u00edamos conocer su recorrido preferido. Podemos organizar un recorrido donde pueden bajar y tener una vista de todas las playas. El otro tipo de recorrido ser\u00eda visitar alrededor de 2-3 playas diferentes, pasar un tiempo en cada una de las playas y disfrutar de un ba\u00f1o.<\/p>\n<h2>Puntos de inter\u00e9s en el Tour privado para conocer las mejores playas de Lanzarote<\/h2>\n<ul>\n<li><strong>Playa Blanca<\/strong><\/li>\n<li><strong>Puerto del carmen<\/strong><\/li>\n<li><strong>Costa Teguise<\/strong><\/li>\n<li><strong>Caleta de Famara<\/strong><\/li>\n<li><strong>Los Pocillos<\/strong><\/li>\n<li><strong>Playa quemada<\/strong><\/li>\n<li><strong>Playa Honda<\/strong><\/li>\n<li><strong>El golfo<\/strong><\/li>\n<li><strong>Playa de papagayo<\/strong><\/li>\n<\/ul>\n<p>Organizaremos un tiempo para almorzar en uno de los lugares de la playa.<\/p>\n<p>Finalmente, haremos que nuestra gu\u00eda del conductor lo deje en su hotel en Lanzarote.<\/p>\n<p>Eche un vistazo a nuestros <a href=\"https:\/\/tourtravelandmore.com\/es\/ciudad\/espana-es\/lanzarote-es\/\">tours privados en Lanzarote.<\/a><\/p>\n","protected":false},"excerpt":{"rendered":"<p>Disfrute de esta excursi\u00f3n privada de un d\u00eda completamente personalizada para conocer <strong>las mejores playas de Lanzarote<\/strong>. Disfrute de sus playas m\u00e1s importantes y hermosas. Aproveche para conocer Lanzarote en esta experiencia con tu propio veh\u00edculo privado de lujo con conductor\/gu\u00eda. Personalice su propia experiencia con nosotros.<\/p>\n","protected":false},"featured_media":30918,"comment_status":"open","ping_status":"closed","template":"","meta":{"_acf_changed":false},"product_brand":[],"product_cat":[1059,1060,1061,1062],"product_tag":[],"class_list":{"0":"post-30906","1":"product","2":"type-product","3":"status-publish","4":"has-post-thumbnail","6":"product_cat-lanzarote-es","7":"product_cat-lanzarote-actividades-es","8":"product_cat-lanzarote-rutas-turisticas-privadas-es","9":"product_cat-lanzarote-excursiones-privadas-cruceros-es","11":"first","12":"instock","13":"shipping-taxable","14":"purchasable","15":"product-type-simple"},"acf":[],"yoast_head":"<!-- This site is optimized with the Yoast SEO Premium plugin v25.3.1 (Yoast SEO v25.3.1) - https:\/\/yoast.com\/wordpress\/plugins\/seo\/ -->\n<title>\u27a1\ufe0f Tour privado de playas en Lanzarote -Conoce las playas m\u00e1s bonitas!! | Tour Travel &amp; More<\/title>\n<meta name=\"description\" content=\"Descubre las mejores playas de la isla, gracias a este tour privado de playas en Lanzarote, junto a su chofer\/gu\u00eda y disfruta de la isla de Lanzarote \u2705\" \/>\n<meta name=\"robots\" content=\"index, follow, max-snippet:-1, max-image-preview:large, max-video-preview:-1\" \/>\n<link rel=\"canonical\" href=\"https:\/\/tourtravelandmore.com\/es\/tours\/espana-es\/lanzarote-es\/tour-privado-de-playas-de-lanzarote\/\" \/>\n<meta property=\"og:locale\" content=\"es_ES\" \/>\n<meta property=\"og:type\" content=\"article\" \/>\n<meta property=\"og:title\" content=\"Tour privado para conocer las mejores playas de Lanzarote\" \/>\n<meta property=\"og:description\" content=\"Descubre las mejores playas de la isla, gracias a este tour privado de playas en Lanzarote, junto a su chofer\/gu\u00eda y disfruta de la isla de Lanzarote \u2705\" \/>\n<meta property=\"og:url\" content=\"https:\/\/tourtravelandmore.com\/es\/tours\/espana-es\/lanzarote-es\/tour-privado-de-playas-de-lanzarote\/\" \/>\n<meta property=\"og:site_name\" content=\"Tour Travel And More\" \/>\n<meta property=\"article:publisher\" content=\"https:\/\/www.facebook.com\/tourtravelandmore\/\" \/>\n<meta property=\"article:modified_time\" content=\"2022-12-13T01:11:28+00:00\" \/>\n<meta property=\"og:image\" content=\"https:\/\/tourtravelandmore.com\/wp-content\/uploads\/2019\/01\/Lanzarote_1_Luc_Viatour.jpg\" \/>\n\t<meta property=\"og:image:width\" content=\"1024\" \/>\n\t<meta property=\"og:image:height\" content=\"682\" \/>\n\t<meta property=\"og:image:type\" content=\"image\/jpeg\" \/>\n<meta name=\"twitter:card\" content=\"summary_large_image\" \/>\n<meta name=\"twitter:site\" content=\"@TourTravel_More\" \/>\n<meta name=\"twitter:label1\" content=\"Tiempo de lectura\" \/>\n\t<meta name=\"twitter:data1\" content=\"2 minutos\" \/>\n<script type=\"application\/ld+json\" class=\"yoast-schema-graph\">{\"@context\":\"https:\/\/schema.org\",\"@graph\":[{\"@type\":\"WebPage\",\"@id\":\"https:\/\/tourtravelandmore.com\/es\/tours\/espana-es\/lanzarote-es\/tour-privado-de-playas-de-lanzarote\/\",\"url\":\"https:\/\/tourtravelandmore.com\/es\/tours\/espana-es\/lanzarote-es\/tour-privado-de-playas-de-lanzarote\/\",\"name\":\"\u27a1\ufe0f Tour privado de playas en Lanzarote -Conoce las playas m\u00e1s bonitas!! | Tour Travel & More\",\"isPartOf\":{\"@id\":\"https:\/\/tourtravelandmore.com\/es\/#website\"},\"primaryImageOfPage\":{\"@id\":\"https:\/\/tourtravelandmore.com\/es\/tours\/espana-es\/lanzarote-es\/tour-privado-de-playas-de-lanzarote\/#primaryimage\"},\"image\":{\"@id\":\"https:\/\/tourtravelandmore.com\/es\/tours\/espana-es\/lanzarote-es\/tour-privado-de-playas-de-lanzarote\/#primaryimage\"},\"thumbnailUrl\":\"https:\/\/tourtravelandmore.com\/wp-content\/uploads\/2019\/01\/Lanzarote_1_Luc_Viatour.jpg\",\"datePublished\":\"2019-01-10T14:58:36+00:00\",\"dateModified\":\"2022-12-13T01:11:28+00:00\",\"description\":\"Descubre las mejores playas de la isla, gracias a este tour privado de playas en Lanzarote, junto a su chofer\/gu\u00eda y disfruta de la isla de Lanzarote \u2705\",\"breadcrumb\":{\"@id\":\"https:\/\/tourtravelandmore.com\/es\/tours\/espana-es\/lanzarote-es\/tour-privado-de-playas-de-lanzarote\/#breadcrumb\"},\"inLanguage\":\"es\",\"potentialAction\":[{\"@type\":\"ReadAction\",\"target\":[\"https:\/\/tourtravelandmore.com\/es\/tours\/espana-es\/lanzarote-es\/tour-privado-de-playas-de-lanzarote\/\"]}]},{\"@type\":\"ImageObject\",\"inLanguage\":\"es\",\"@id\":\"https:\/\/tourtravelandmore.com\/es\/tours\/espana-es\/lanzarote-es\/tour-privado-de-playas-de-lanzarote\/#primaryimage\",\"url\":\"https:\/\/tourtravelandmore.com\/wp-content\/uploads\/2019\/01\/Lanzarote_1_Luc_Viatour.jpg\",\"contentUrl\":\"https:\/\/tourtravelandmore.com\/wp-content\/uploads\/2019\/01\/Lanzarote_1_Luc_Viatour.jpg\",\"width\":4261,\"height\":2836},{\"@type\":\"BreadcrumbList\",\"@id\":\"https:\/\/tourtravelandmore.com\/es\/tours\/espana-es\/lanzarote-es\/tour-privado-de-playas-de-lanzarote\/#breadcrumb\",\"itemListElement\":[{\"@type\":\"ListItem\",\"position\":1,\"name\":\"Home\",\"item\":\"https:\/\/tourtravelandmore.com\/es\/\"},{\"@type\":\"ListItem\",\"position\":2,\"name\":\"Tours\",\"item\":\"https:\/\/tourtravelandmore.com\/es\/tours\/\"},{\"@type\":\"ListItem\",\"position\":3,\"name\":\"Tour privado para conocer las mejores playas de Lanzarote\"}]},{\"@type\":\"WebSite\",\"@id\":\"https:\/\/tourtravelandmore.com\/es\/#website\",\"url\":\"https:\/\/tourtravelandmore.com\/es\/\",\"name\":\"Tour Travel And More\",\"description\":\"Private sightseeing tours and luxury transfers in Spain\",\"publisher\":{\"@id\":\"https:\/\/tourtravelandmore.com\/es\/#organization\"},\"potentialAction\":[{\"@type\":\"SearchAction\",\"target\":{\"@type\":\"EntryPoint\",\"urlTemplate\":\"https:\/\/tourtravelandmore.com\/es\/?s={search_term_string}\"},\"query-input\":{\"@type\":\"PropertyValueSpecification\",\"valueRequired\":true,\"valueName\":\"search_term_string\"}}],\"inLanguage\":\"es\"},{\"@type\":\"Organization\",\"@id\":\"https:\/\/tourtravelandmore.com\/es\/#organization\",\"name\":\"Tour Travel And More\",\"url\":\"https:\/\/tourtravelandmore.com\/es\/\",\"logo\":{\"@type\":\"ImageObject\",\"inLanguage\":\"es\",\"@id\":\"https:\/\/tourtravelandmore.com\/es\/#\/schema\/logo\/image\/\",\"url\":\"https:\/\/tourtravelandmore.com\/wp-content\/uploads\/2022\/12\/cropped-logo-cabecera-new.png\",\"contentUrl\":\"https:\/\/tourtravelandmore.com\/wp-content\/uploads\/2022\/12\/cropped-logo-cabecera-new.png\",\"width\":430,\"height\":61,\"caption\":\"Tour Travel And More\"},\"image\":{\"@id\":\"https:\/\/tourtravelandmore.com\/es\/#\/schema\/logo\/image\/\"},\"sameAs\":[\"https:\/\/www.facebook.com\/tourtravelandmore\/\",\"https:\/\/x.com\/TourTravel_More\"]}]}<\/script>\n<!-- \/ Yoast SEO Premium plugin. -->","yoast_head_json":{"title":"\u27a1\ufe0f Tour privado de playas en Lanzarote -Conoce las playas m\u00e1s bonitas!! | Tour Travel & More","description":"Descubre las mejores playas de la isla, gracias a este tour privado de playas en Lanzarote, junto a su chofer\/gu\u00eda y disfruta de la isla de Lanzarote \u2705","robots":{"index":"index","follow":"follow","max-snippet":"max-snippet:-1","max-image-preview":"max-image-preview:large","max-video-preview":"max-video-preview:-1"},"canonical":"https:\/\/tourtravelandmore.com\/es\/tours\/espana-es\/lanzarote-es\/tour-privado-de-playas-de-lanzarote\/","og_locale":"es_ES","og_type":"article","og_title":"Tour privado para conocer las mejores playas de Lanzarote","og_description":"Descubre las mejores playas de la isla, gracias a este tour privado de playas en Lanzarote, junto a su chofer\/gu\u00eda y disfruta de la isla de Lanzarote \u2705","og_url":"https:\/\/tourtravelandmore.com\/es\/tours\/espana-es\/lanzarote-es\/tour-privado-de-playas-de-lanzarote\/","og_site_name":"Tour Travel And More","article_publisher":"https:\/\/www.facebook.com\/tourtravelandmore\/","article_modified_time":"2022-12-13T01:11:28+00:00","og_image":[{"url":"https:\/\/tourtravelandmore.com\/wp-content\/uploads\/2019\/01\/Lanzarote_1_Luc_Viatour.jpg","width":1024,"height":682,"type":"image\/jpeg"}],"twitter_card":"summary_large_image","twitter_site":"@TourTravel_More","twitter_misc":{"Tiempo de lectura":"2 minutos"},"schema":{"@context":"https:\/\/schema.org","@graph":[{"@type":"WebPage","@id":"https:\/\/tourtravelandmore.com\/es\/tours\/espana-es\/lanzarote-es\/tour-privado-de-playas-de-lanzarote\/","url":"https:\/\/tourtravelandmore.com\/es\/tours\/espana-es\/lanzarote-es\/tour-privado-de-playas-de-lanzarote\/","name":"\u27a1\ufe0f Tour privado de playas en Lanzarote -Conoce las playas m\u00e1s bonitas!! | Tour Travel & More","isPartOf":{"@id":"https:\/\/tourtravelandmore.com\/es\/#website"},"primaryImageOfPage":{"@id":"https:\/\/tourtravelandmore.com\/es\/tours\/espana-es\/lanzarote-es\/tour-privado-de-playas-de-lanzarote\/#primaryimage"},"image":{"@id":"https:\/\/tourtravelandmore.com\/es\/tours\/espana-es\/lanzarote-es\/tour-privado-de-playas-de-lanzarote\/#primaryimage"},"thumbnailUrl":"https:\/\/tourtravelandmore.com\/wp-content\/uploads\/2019\/01\/Lanzarote_1_Luc_Viatour.jpg","datePublished":"2019-01-10T14:58:36+00:00","dateModified":"2022-12-13T01:11:28+00:00","description":"Descubre las mejores playas de la isla, gracias a este tour privado de playas en Lanzarote, junto a su chofer\/gu\u00eda y disfruta de la isla de Lanzarote \u2705","breadcrumb":{"@id":"https:\/\/tourtravelandmore.com\/es\/tours\/espana-es\/lanzarote-es\/tour-privado-de-playas-de-lanzarote\/#breadcrumb"},"inLanguage":"es","potentialAction":[{"@type":"ReadAction","target":["https:\/\/tourtravelandmore.com\/es\/tours\/espana-es\/lanzarote-es\/tour-privado-de-playas-de-lanzarote\/"]}]},{"@type":"ImageObject","inLanguage":"es","@id":"https:\/\/tourtravelandmore.com\/es\/tours\/espana-es\/lanzarote-es\/tour-privado-de-playas-de-lanzarote\/#primaryimage","url":"https:\/\/tourtravelandmore.com\/wp-content\/uploads\/2019\/01\/Lanzarote_1_Luc_Viatour.jpg","contentUrl":"https:\/\/tourtravelandmore.com\/wp-content\/uploads\/2019\/01\/Lanzarote_1_Luc_Viatour.jpg","width":4261,"height":2836},{"@type":"BreadcrumbList","@id":"https:\/\/tourtravelandmore.com\/es\/tours\/espana-es\/lanzarote-es\/tour-privado-de-playas-de-lanzarote\/#breadcrumb","itemListElement":[{"@type":"ListItem","position":1,"name":"Home","item":"https:\/\/tourtravelandmore.com\/es\/"},{"@type":"ListItem","position":2,"name":"Tours","item":"https:\/\/tourtravelandmore.com\/es\/tours\/"},{"@type":"ListItem","position":3,"name":"Tour privado para conocer las mejores playas de Lanzarote"}]},{"@type":"WebSite","@id":"https:\/\/tourtravelandmore.com\/es\/#website","url":"https:\/\/tourtravelandmore.com\/es\/","name":"Tour Travel And More","description":"Private sightseeing tours and luxury transfers in Spain","publisher":{"@id":"https:\/\/tourtravelandmore.com\/es\/#organization"},"potentialAction":[{"@type":"SearchAction","target":{"@type":"EntryPoint","urlTemplate":"https:\/\/tourtravelandmore.com\/es\/?s={search_term_string}"},"query-input":{"@type":"PropertyValueSpecification","valueRequired":true,"valueName":"search_term_string"}}],"inLanguage":"es"},{"@type":"Organization","@id":"https:\/\/tourtravelandmore.com\/es\/#organization","name":"Tour Travel And More","url":"https:\/\/tourtravelandmore.com\/es\/","logo":{"@type":"ImageObject","inLanguage":"es","@id":"https:\/\/tourtravelandmore.com\/es\/#\/schema\/logo\/image\/","url":"https:\/\/tourtravelandmore.com\/wp-content\/uploads\/2022\/12\/cropped-logo-cabecera-new.png","contentUrl":"https:\/\/tourtravelandmore.com\/wp-content\/uploads\/2022\/12\/cropped-logo-cabecera-new.png","width":430,"height":61,"caption":"Tour Travel And More"},"image":{"@id":"https:\/\/tourtravelandmore.com\/es\/#\/schema\/logo\/image\/"},"sameAs":["https:\/\/www.facebook.com\/tourtravelandmore\/","https:\/\/x.com\/TourTravel_More"]}]}},"_links":{"self":[{"href":"https:\/\/tourtravelandmore.com\/es\/wp-json\/wp\/v2\/product\/30906","targetHints":{"allow":["GET"]}}],"collection":[{"href":"https:\/\/tourtravelandmore.com\/es\/wp-json\/wp\/v2\/product"}],"about":[{"href":"https:\/\/tourtravelandmore.com\/es\/wp-json\/wp\/v2\/types\/product"}],"replies":[{"embeddable":true,"href":"https:\/\/tourtravelandmore.com\/es\/wp-json\/wp\/v2\/comments?post=30906"}],"wp:featuredmedia":[{"embeddable":true,"href":"https:\/\/tourtravelandmore.com\/es\/wp-json\/wp\/v2\/media\/30918"}],"wp:attachment":[{"href":"https:\/\/tourtravelandmore.com\/es\/wp-json\/wp\/v2\/media?parent=30906"}],"wp:term":[{"taxonomy":"product_brand","embeddable":true,"href":"https:\/\/tourtravelandmore.com\/es\/wp-json\/wp\/v2\/product_brand?post=30906"},{"taxonomy":"product_cat","embeddable":true,"href":"https:\/\/tourtravelandmore.com\/es\/wp-json\/wp\/v2\/product_cat?post=30906"},{"taxonomy":"product_tag","embeddable":true,"href":"https:\/\/tourtravelandmore.com\/es\/wp-json\/wp\/v2\/product_tag?post=30906"}],"curies":[{"name":"wp","href":"https:\/\/api.w.org\/{rel}","templated":true}]}}