{"id":30848,"date":"2019-01-09T13:37:45","date_gmt":"2019-01-09T12:37:48","guid":{"rendered":"http:\/\/tourtravelandmore.com\/es\/tours\/tenerife-es\/tour-privado-de-la-ruta-de-volcanes-desde-tenerife\/"},"modified":"2023-03-04T05:57:04","modified_gmt":"2023-03-04T04:57:04","slug":"tour-privado-de-la-ruta-de-volcanes-desde-tenerife","status":"publish","type":"product","link":"https:\/\/tourtravelandmore.com\/es\/tours\/espana-es\/tenerife-es\/tour-privado-de-la-ruta-de-volcanes-desde-tenerife\/","title":{"rendered":"Tour privado ruta de Volcanes y Teide en Tenerife"},"content":{"rendered":"<h2>Descripci\u00f3n del Tour privado ruta de volcanes y Teide en Tenerife<\/h2>\n<p><span lang=\"es\">Aproveche esta excursi\u00f3n de Tenerife, junto a su chofer\/gu\u00eda privado y conozca <strong>El Parque Nacional del Teide y el Volc\u00e1n<\/strong>. El Tour se centrar\u00e1 en la ruta de los volcanes de la isla.<br \/>\n<\/span><\/p>\n<p>La duraci\u00f3n de la excursi\u00f3n de Tenerife y la ruta de los volcanes son 8 Horas.<\/p>\n<p>El Tour es completamente privado, podr\u00e1 escoger el lugar de recogida y la hora de comienzo.<\/p>\n<p><span lang=\"es\">Nuestro conductor ser\u00e1 el mismo gu\u00eda, es un gu\u00eda oficial y Titulado que podr\u00e1 vivir una experiencia \u00fanica.<\/span><\/p>\n<p><span lang=\"es\">Despu\u00e9s de una c\u00f3moda recogida, nos dirigiremos hacia los mejores volcanes de Tenerife. Disfrute, por supuesto, de una vista de uno de los volcanes m\u00e1s importantes que es el Teide. El Parque Nacional del Teide es uno de los lugares m\u00e1s populares de la isla de Tenerife.<\/span><\/p>\n<p><span lang=\"es\">Disfruta de grandes sitios y paisajes \u00fanicos en la isla de Tenerife.<\/span><\/p>\n<h2>Puntos de inter\u00e9s en el Tour privado, ruta de volcanes y Teide en Tenerife<\/h2>\n<p>Durante vuestra excursi\u00f3n de Tenerife y ruta de los volcanes, podr\u00e9is ver entre otros, los siguientes lugares de inter\u00e9s:<\/p>\n<ul>\n<li><strong>Parque Nacional del Teide<\/strong><\/li>\n<li><strong>Aguamansa<\/strong><\/li>\n<li><strong>Minas de San Jos\u00e9<\/strong><\/li>\n<li><strong>Roques de Garc\u00eda<\/strong><\/li>\n<li><strong>Valle de Ucanca<\/strong><\/li>\n<li><strong>Chio<\/strong><\/li>\n<\/ul>\n<p>Estos lugares son considerados m\u00e1gicos dentro de la geograf\u00eda insular del Archipi\u00e9lago Canario. El<strong> Llano de Ucanca<\/strong>, en la Isla de Tenerife, destaca por su enigm\u00e1tica belleza que lo convierte en un paraje \u00fanico e inolvidable dentro del Parque Nacional de Las Ca\u00f1adas del Teide<\/p>\n<p><span lang=\"es\">Disfruta de estos paisajes \u00fanicos y conoce estas incre\u00edbles formaciones rocosas. Incluso puede disfrutar de una corta caminata si lo prefiere y caminar durante unos minutos para conocer la ubicaci\u00f3n.<\/span><\/p>\n<p><span lang=\"es\">Tambi\u00e9n tendr\u00e1 una vista de la base del Teide, que fue declarada Patrimonio de la Humanidad por la UNESCO. Disfrute de este recorrido \u00fanico y tome fotos panor\u00e1micas y tome una espectacular parada fotogr\u00e1fica. <\/span><\/p>\n<p>Podremos subir a la cima del Teide, gracias al Tel\u00e9ferico (Opcional), pero es muy recomendable subir, arribar y ver las maravillosas vistas.<\/p>\n<p><span lang=\"es\">\u00a1Eche un vistazo a todos los otros tours privados de Tenerife<a href=\"https:\/\/tourtravelandmore.com\/es\/ciudad\/espana-es\/tenerife-es\/\"> aqu\u00ed<\/a>!, y si dispone de varios d\u00edas puedes realizar varios tours privados para conocer la isla.<\/span><\/p>\n","protected":false},"excerpt":{"rendered":"<p>Aproveche esta oportunidad para conocer y disfrutar esta ruta de <strong>volcanes m\u00e1s emblem\u00e1ticos de Tenerife<\/strong>, junto con su chofer\/gu\u00eda privado en un veh\u00edculo de lujo. Conozca los lugares m\u00e1s especiales de esta ruta de volcanes con recogida desde cualquier punto de la isla. Personalice su tour privado con solo contactarnos.<\/p>\n","protected":false},"featured_media":30864,"comment_status":"open","ping_status":"closed","template":"","meta":{"_acf_changed":false},"product_brand":[],"product_cat":[1023,1024,1025,1026],"product_tag":[],"class_list":{"0":"post-30848","1":"product","2":"type-product","3":"status-publish","4":"has-post-thumbnail","6":"product_cat-tenerife-es","7":"product_cat-tenerife-actividades-es","8":"product_cat-tenerife-rutas-turisticas-privadas-es","9":"product_cat-tenerife-excursiones-privadas-cruceros-es","11":"first","12":"instock","13":"shipping-taxable","14":"purchasable","15":"product-type-simple"},"acf":[],"yoast_head":"<!-- This site is optimized with the Yoast SEO Premium plugin v25.3.1 (Yoast SEO v25.3.1) - https:\/\/yoast.com\/wordpress\/plugins\/seo\/ -->\n<title>\u27a1\ufe0f Excursion de Tenerife: Tour Privado ruta de los Volcanes y Teide | Tour Travel &amp; More<\/title>\n<meta name=\"description\" content=\"Disfruta de esta excursion de Tenerife, centrada en la ruta de los volcanes y conoce el Teide su Paque Natural, junto a nuestro chofer\/guia oficial \u2705\" \/>\n<meta name=\"robots\" content=\"index, follow, max-snippet:-1, max-image-preview:large, max-video-preview:-1\" \/>\n<link rel=\"canonical\" href=\"https:\/\/tourtravelandmore.com\/es\/tours\/espana-es\/tenerife-es\/tour-privado-de-la-ruta-de-volcanes-desde-tenerife\/\" \/>\n<meta property=\"og:locale\" content=\"es_ES\" \/>\n<meta property=\"og:type\" content=\"article\" \/>\n<meta property=\"og:title\" content=\"Tour privado ruta de Volcanes y Teide en Tenerife\" \/>\n<meta property=\"og:description\" content=\"Disfruta de esta excursion de Tenerife, centrada en la ruta de los volcanes y conoce el Teide su Paque Natural, junto a nuestro chofer\/guia oficial \u2705\" \/>\n<meta property=\"og:url\" content=\"https:\/\/tourtravelandmore.com\/es\/tours\/espana-es\/tenerife-es\/tour-privado-de-la-ruta-de-volcanes-desde-tenerife\/\" \/>\n<meta property=\"og:site_name\" content=\"Tour Travel And More\" \/>\n<meta property=\"article:publisher\" content=\"https:\/\/www.facebook.com\/tourtravelandmore\/\" \/>\n<meta property=\"article:modified_time\" content=\"2023-03-04T04:57:04+00:00\" \/>\n<meta property=\"og:image\" content=\"https:\/\/tourtravelandmore.com\/wp-content\/uploads\/2019\/01\/chinyero.jpg\" \/>\n\t<meta property=\"og:image:width\" content=\"960\" \/>\n\t<meta property=\"og:image:height\" content=\"640\" \/>\n\t<meta property=\"og:image:type\" content=\"image\/jpeg\" \/>\n<meta name=\"twitter:card\" content=\"summary_large_image\" \/>\n<meta name=\"twitter:site\" content=\"@TourTravel_More\" \/>\n<meta name=\"twitter:label1\" content=\"Tiempo de lectura\" \/>\n\t<meta name=\"twitter:data1\" content=\"2 minutos\" \/>\n<script type=\"application\/ld+json\" class=\"yoast-schema-graph\">{\"@context\":\"https:\/\/schema.org\",\"@graph\":[{\"@type\":\"WebPage\",\"@id\":\"https:\/\/tourtravelandmore.com\/es\/tours\/espana-es\/tenerife-es\/tour-privado-de-la-ruta-de-volcanes-desde-tenerife\/\",\"url\":\"https:\/\/tourtravelandmore.com\/es\/tours\/espana-es\/tenerife-es\/tour-privado-de-la-ruta-de-volcanes-desde-tenerife\/\",\"name\":\"\u27a1\ufe0f Excursion de Tenerife: Tour Privado ruta de los Volcanes y Teide | Tour Travel & More\",\"isPartOf\":{\"@id\":\"https:\/\/tourtravelandmore.com\/es\/#website\"},\"primaryImageOfPage\":{\"@id\":\"https:\/\/tourtravelandmore.com\/es\/tours\/espana-es\/tenerife-es\/tour-privado-de-la-ruta-de-volcanes-desde-tenerife\/#primaryimage\"},\"image\":{\"@id\":\"https:\/\/tourtravelandmore.com\/es\/tours\/espana-es\/tenerife-es\/tour-privado-de-la-ruta-de-volcanes-desde-tenerife\/#primaryimage\"},\"thumbnailUrl\":\"https:\/\/tourtravelandmore.com\/wp-content\/uploads\/2019\/01\/chinyero.jpg\",\"datePublished\":\"2019-01-09T12:37:48+00:00\",\"dateModified\":\"2023-03-04T04:57:04+00:00\",\"description\":\"Disfruta de esta excursion de Tenerife, centrada en la ruta de los volcanes y conoce el Teide su Paque Natural, junto a nuestro chofer\/guia oficial \u2705\",\"breadcrumb\":{\"@id\":\"https:\/\/tourtravelandmore.com\/es\/tours\/espana-es\/tenerife-es\/tour-privado-de-la-ruta-de-volcanes-desde-tenerife\/#breadcrumb\"},\"inLanguage\":\"es\",\"potentialAction\":[{\"@type\":\"ReadAction\",\"target\":[\"https:\/\/tourtravelandmore.com\/es\/tours\/espana-es\/tenerife-es\/tour-privado-de-la-ruta-de-volcanes-desde-tenerife\/\"]}]},{\"@type\":\"ImageObject\",\"inLanguage\":\"es\",\"@id\":\"https:\/\/tourtravelandmore.com\/es\/tours\/espana-es\/tenerife-es\/tour-privado-de-la-ruta-de-volcanes-desde-tenerife\/#primaryimage\",\"url\":\"https:\/\/tourtravelandmore.com\/wp-content\/uploads\/2019\/01\/chinyero.jpg\",\"contentUrl\":\"https:\/\/tourtravelandmore.com\/wp-content\/uploads\/2019\/01\/chinyero.jpg\",\"width\":960,\"height\":640},{\"@type\":\"BreadcrumbList\",\"@id\":\"https:\/\/tourtravelandmore.com\/es\/tours\/espana-es\/tenerife-es\/tour-privado-de-la-ruta-de-volcanes-desde-tenerife\/#breadcrumb\",\"itemListElement\":[{\"@type\":\"ListItem\",\"position\":1,\"name\":\"Home\",\"item\":\"https:\/\/tourtravelandmore.com\/es\/\"},{\"@type\":\"ListItem\",\"position\":2,\"name\":\"Tours\",\"item\":\"https:\/\/tourtravelandmore.com\/es\/tours\/\"},{\"@type\":\"ListItem\",\"position\":3,\"name\":\"Tour privado ruta de Volcanes y Teide en Tenerife\"}]},{\"@type\":\"WebSite\",\"@id\":\"https:\/\/tourtravelandmore.com\/es\/#website\",\"url\":\"https:\/\/tourtravelandmore.com\/es\/\",\"name\":\"Tour Travel And More\",\"description\":\"Private sightseeing tours and luxury transfers in Spain\",\"publisher\":{\"@id\":\"https:\/\/tourtravelandmore.com\/es\/#organization\"},\"potentialAction\":[{\"@type\":\"SearchAction\",\"target\":{\"@type\":\"EntryPoint\",\"urlTemplate\":\"https:\/\/tourtravelandmore.com\/es\/?s={search_term_string}\"},\"query-input\":{\"@type\":\"PropertyValueSpecification\",\"valueRequired\":true,\"valueName\":\"search_term_string\"}}],\"inLanguage\":\"es\"},{\"@type\":\"Organization\",\"@id\":\"https:\/\/tourtravelandmore.com\/es\/#organization\",\"name\":\"Tour Travel And More\",\"url\":\"https:\/\/tourtravelandmore.com\/es\/\",\"logo\":{\"@type\":\"ImageObject\",\"inLanguage\":\"es\",\"@id\":\"https:\/\/tourtravelandmore.com\/es\/#\/schema\/logo\/image\/\",\"url\":\"https:\/\/tourtravelandmore.com\/wp-content\/uploads\/2022\/12\/cropped-logo-cabecera-new.png\",\"contentUrl\":\"https:\/\/tourtravelandmore.com\/wp-content\/uploads\/2022\/12\/cropped-logo-cabecera-new.png\",\"width\":430,\"height\":61,\"caption\":\"Tour Travel And More\"},\"image\":{\"@id\":\"https:\/\/tourtravelandmore.com\/es\/#\/schema\/logo\/image\/\"},\"sameAs\":[\"https:\/\/www.facebook.com\/tourtravelandmore\/\",\"https:\/\/x.com\/TourTravel_More\"]}]}<\/script>\n<!-- \/ Yoast SEO Premium plugin. -->","yoast_head_json":{"title":"\u27a1\ufe0f Excursion de Tenerife: Tour Privado ruta de los Volcanes y Teide | Tour Travel & More","description":"Disfruta de esta excursion de Tenerife, centrada en la ruta de los volcanes y conoce el Teide su Paque Natural, junto a nuestro chofer\/guia oficial \u2705","robots":{"index":"index","follow":"follow","max-snippet":"max-snippet:-1","max-image-preview":"max-image-preview:large","max-video-preview":"max-video-preview:-1"},"canonical":"https:\/\/tourtravelandmore.com\/es\/tours\/espana-es\/tenerife-es\/tour-privado-de-la-ruta-de-volcanes-desde-tenerife\/","og_locale":"es_ES","og_type":"article","og_title":"Tour privado ruta de Volcanes y Teide en Tenerife","og_description":"Disfruta de esta excursion de Tenerife, centrada en la ruta de los volcanes y conoce el Teide su Paque Natural, junto a nuestro chofer\/guia oficial \u2705","og_url":"https:\/\/tourtravelandmore.com\/es\/tours\/espana-es\/tenerife-es\/tour-privado-de-la-ruta-de-volcanes-desde-tenerife\/","og_site_name":"Tour Travel And More","article_publisher":"https:\/\/www.facebook.com\/tourtravelandmore\/","article_modified_time":"2023-03-04T04:57:04+00:00","og_image":[{"width":960,"height":640,"url":"https:\/\/tourtravelandmore.com\/wp-content\/uploads\/2019\/01\/chinyero.jpg","type":"image\/jpeg"}],"twitter_card":"summary_large_image","twitter_site":"@TourTravel_More","twitter_misc":{"Tiempo de lectura":"2 minutos"},"schema":{"@context":"https:\/\/schema.org","@graph":[{"@type":"WebPage","@id":"https:\/\/tourtravelandmore.com\/es\/tours\/espana-es\/tenerife-es\/tour-privado-de-la-ruta-de-volcanes-desde-tenerife\/","url":"https:\/\/tourtravelandmore.com\/es\/tours\/espana-es\/tenerife-es\/tour-privado-de-la-ruta-de-volcanes-desde-tenerife\/","name":"\u27a1\ufe0f Excursion de Tenerife: Tour Privado ruta de los Volcanes y Teide | Tour Travel & More","isPartOf":{"@id":"https:\/\/tourtravelandmore.com\/es\/#website"},"primaryImageOfPage":{"@id":"https:\/\/tourtravelandmore.com\/es\/tours\/espana-es\/tenerife-es\/tour-privado-de-la-ruta-de-volcanes-desde-tenerife\/#primaryimage"},"image":{"@id":"https:\/\/tourtravelandmore.com\/es\/tours\/espana-es\/tenerife-es\/tour-privado-de-la-ruta-de-volcanes-desde-tenerife\/#primaryimage"},"thumbnailUrl":"https:\/\/tourtravelandmore.com\/wp-content\/uploads\/2019\/01\/chinyero.jpg","datePublished":"2019-01-09T12:37:48+00:00","dateModified":"2023-03-04T04:57:04+00:00","description":"Disfruta de esta excursion de Tenerife, centrada en la ruta de los volcanes y conoce el Teide su Paque Natural, junto a nuestro chofer\/guia oficial \u2705","breadcrumb":{"@id":"https:\/\/tourtravelandmore.com\/es\/tours\/espana-es\/tenerife-es\/tour-privado-de-la-ruta-de-volcanes-desde-tenerife\/#breadcrumb"},"inLanguage":"es","potentialAction":[{"@type":"ReadAction","target":["https:\/\/tourtravelandmore.com\/es\/tours\/espana-es\/tenerife-es\/tour-privado-de-la-ruta-de-volcanes-desde-tenerife\/"]}]},{"@type":"ImageObject","inLanguage":"es","@id":"https:\/\/tourtravelandmore.com\/es\/tours\/espana-es\/tenerife-es\/tour-privado-de-la-ruta-de-volcanes-desde-tenerife\/#primaryimage","url":"https:\/\/tourtravelandmore.com\/wp-content\/uploads\/2019\/01\/chinyero.jpg","contentUrl":"https:\/\/tourtravelandmore.com\/wp-content\/uploads\/2019\/01\/chinyero.jpg","width":960,"height":640},{"@type":"BreadcrumbList","@id":"https:\/\/tourtravelandmore.com\/es\/tours\/espana-es\/tenerife-es\/tour-privado-de-la-ruta-de-volcanes-desde-tenerife\/#breadcrumb","itemListElement":[{"@type":"ListItem","position":1,"name":"Home","item":"https:\/\/tourtravelandmore.com\/es\/"},{"@type":"ListItem","position":2,"name":"Tours","item":"https:\/\/tourtravelandmore.com\/es\/tours\/"},{"@type":"ListItem","position":3,"name":"Tour privado ruta de Volcanes y Teide en Tenerife"}]},{"@type":"WebSite","@id":"https:\/\/tourtravelandmore.com\/es\/#website","url":"https:\/\/tourtravelandmore.com\/es\/","name":"Tour Travel And More","description":"Private sightseeing tours and luxury transfers in Spain","publisher":{"@id":"https:\/\/tourtravelandmore.com\/es\/#organization"},"potentialAction":[{"@type":"SearchAction","target":{"@type":"EntryPoint","urlTemplate":"https:\/\/tourtravelandmore.com\/es\/?s={search_term_string}"},"query-input":{"@type":"PropertyValueSpecification","valueRequired":true,"valueName":"search_term_string"}}],"inLanguage":"es"},{"@type":"Organization","@id":"https:\/\/tourtravelandmore.com\/es\/#organization","name":"Tour Travel And More","url":"https:\/\/tourtravelandmore.com\/es\/","logo":{"@type":"ImageObject","inLanguage":"es","@id":"https:\/\/tourtravelandmore.com\/es\/#\/schema\/logo\/image\/","url":"https:\/\/tourtravelandmore.com\/wp-content\/uploads\/2022\/12\/cropped-logo-cabecera-new.png","contentUrl":"https:\/\/tourtravelandmore.com\/wp-content\/uploads\/2022\/12\/cropped-logo-cabecera-new.png","width":430,"height":61,"caption":"Tour Travel And More"},"image":{"@id":"https:\/\/tourtravelandmore.com\/es\/#\/schema\/logo\/image\/"},"sameAs":["https:\/\/www.facebook.com\/tourtravelandmore\/","https:\/\/x.com\/TourTravel_More"]}]}},"_links":{"self":[{"href":"https:\/\/tourtravelandmore.com\/es\/wp-json\/wp\/v2\/product\/30848","targetHints":{"allow":["GET"]}}],"collection":[{"href":"https:\/\/tourtravelandmore.com\/es\/wp-json\/wp\/v2\/product"}],"about":[{"href":"https:\/\/tourtravelandmore.com\/es\/wp-json\/wp\/v2\/types\/product"}],"replies":[{"embeddable":true,"href":"https:\/\/tourtravelandmore.com\/es\/wp-json\/wp\/v2\/comments?post=30848"}],"wp:featuredmedia":[{"embeddable":true,"href":"https:\/\/tourtravelandmore.com\/es\/wp-json\/wp\/v2\/media\/30864"}],"wp:attachment":[{"href":"https:\/\/tourtravelandmore.com\/es\/wp-json\/wp\/v2\/media?parent=30848"}],"wp:term":[{"taxonomy":"product_brand","embeddable":true,"href":"https:\/\/tourtravelandmore.com\/es\/wp-json\/wp\/v2\/product_brand?post=30848"},{"taxonomy":"product_cat","embeddable":true,"href":"https:\/\/tourtravelandmore.com\/es\/wp-json\/wp\/v2\/product_cat?post=30848"},{"taxonomy":"product_tag","embeddable":true,"href":"https:\/\/tourtravelandmore.com\/es\/wp-json\/wp\/v2\/product_tag?post=30848"}],"curies":[{"name":"wp","href":"https:\/\/api.w.org\/{rel}","templated":true}]}}