{"id":30831,"date":"2019-01-09T13:01:33","date_gmt":"2019-01-09T12:01:35","guid":{"rendered":"http:\/\/tourtravelandmore.com\/es\/tours\/tenerife-es\/tour-privado-de-la-ruta-chinamada-en-tenerife\/"},"modified":"2023-03-04T06:00:25","modified_gmt":"2023-03-04T05:00:25","slug":"tour-privado-de-la-ruta-chinamada-en-tenerife","status":"publish","type":"product","link":"https:\/\/tourtravelandmore.com\/es\/tours\/espana-es\/tenerife-es\/tour-privado-de-la-ruta-chinamada-en-tenerife\/","title":{"rendered":"Tour privado de la ruta de Chinamada en Tenerife"},"content":{"rendered":"<h2>Descripci\u00f3n del Tour privado de la ruta del norte de Tenerife<\/h2>\n<p><span lang=\"es\">Disfruta de est\u00e1 excursi\u00f3n senderismo Tenerife, junto a su gu\u00eda especializado, est\u00e1 excursi\u00f3n se centra en la zona de: <strong>Chinamada<\/strong>. Es una aldea remota ubicada en lo alto de la magn\u00edfica cordillera de Anaga en Tenerife.<br \/>\n<\/span><\/p>\n<p>La excursi\u00f3n de senderismo Tenerife son 8 horas. Pero si es usted es experto podemos hacerlo en 5 horas, solo nos lo tiene que indicar.<\/p>\n<p>Ir\u00e1n en todo momento con un gu\u00eda privado, experto en senderismo que le llevar\u00e1 por los mejores senderos y le ayudar\u00e1n en todo momento. La recogida y la devoluci\u00f3n est\u00e1n incluidos. Tambi\u00e9n incluimos una Bolsa de Picnic, para la comida. Disfruta de un d\u00eda de naturaleza.<\/p>\n<p>Esta excursi\u00f3n senderismo Tenerife es completamente privado, pueden escoger la hora y lugar de comienzo, si desean realizar otra ruta en otro lugar de la Isla, se lo podemos organizar tambi\u00e9n.<\/p>\n<h2>Puntos de inter\u00e9s en el Tour privado de la ruta del norte de Tenerife<\/h2>\n<p>Empezaremos en <strong>Cruz del Carmen<\/strong> y tomaremos la carretera a la derecha del restaurante y descenderemos por un majestuoso bosque en un camino de tierra roja.<\/p>\n<p>A lo largo de este sendero de tierra ver\u00e1 flores silvestres que nos guiar\u00e1n hacia <strong>Las Carboneras<\/strong> por el camino de Chinamada.<\/p>\n<p>Disfrute de unas maravillosas vistas del valle antes de empezar a descender a otro bosque incre\u00edble que emerge en una cresta llamada<strong> Chinamada<\/strong>. Cuando lleguemos a esta peque\u00f1a aldea, nos encontraremos con <strong>las casas cueva<\/strong> que siguen estando habitadas hoy en d\u00eda.<\/p>\n<p>Es muy importante las siguientes recomendaciones para su ruta de senderismo:<\/p>\n<ul>\n<li>Llevar calzado apropiado (botas de monta\u00f1a), protecci\u00f3n solar, gorra y agua.<\/li>\n<li>La ruta ser\u00e1 guiada por un especialista en monta\u00f1a<\/li>\n<\/ul>\n<p>Operemos en toda la isla de Tenerife, puedes consultar el resto de <a href=\"https:\/\/tourtravelandmore.com\/es\/ciudad\/espana-es\/tenerife-es\/\">tour privado<\/a>s si dispone de m\u00e1s d\u00edas para conocer la isla. No se puede ir sin conocer el Teide. Adem\u00e1s de esta ruta tambi\u00e9n existen rutas de senderismo para subir al Teide.<\/p>\n<p>Es importante que en el formulario de contacto nos indique su nivel, para adaptar la excursi\u00f3n a su nivel y que pueda disfrutar.<\/p>\n<p>La comida la incluimos, pero si no la desea incluir nos lo indica y puede llevarla usted.<\/p>\n","protected":false},"excerpt":{"rendered":"<p>Aproveche esta oportunidad para conocer y disfrutar esta ruta epecial de Tenerife, la <strong>ruta Chinamada<\/strong>, junto con su chofer\/gu\u00eda privado en un veh\u00edculo de lujo. Disfrute de los lugares mas especiales de esta ruta de Chinamada. La recogida puede ser desde cualquier sitio de la isla.<\/p>\n","protected":false},"featured_media":30839,"comment_status":"open","ping_status":"closed","template":"","meta":{"_acf_changed":false},"product_brand":[],"product_cat":[1023,1024,1025,1026],"product_tag":[],"class_list":{"0":"post-30831","1":"product","2":"type-product","3":"status-publish","4":"has-post-thumbnail","6":"product_cat-tenerife-es","7":"product_cat-tenerife-actividades-es","8":"product_cat-tenerife-rutas-turisticas-privadas-es","9":"product_cat-tenerife-excursiones-privadas-cruceros-es","11":"first","12":"instock","13":"shipping-taxable","14":"purchasable","15":"product-type-simple"},"acf":[],"yoast_head":"<!-- This site is optimized with the Yoast SEO Premium plugin v25.3.1 (Yoast SEO v25.3.1) - https:\/\/yoast.com\/wordpress\/plugins\/seo\/ -->\n<title>\u27a1\ufe0f Excursion senderismo Tenerife: Ruta Chinamada con guia experto privado | Tour Travel &amp; More<\/title>\n<meta name=\"description\" content=\"Descubra la ruta de Chinamada, gracias a esta excursion senderismo Tenerife con su gu\u00eda privado especializado. Las recogidas y devoluciones est\u00e1n incluidas \u2705\" \/>\n<meta name=\"robots\" content=\"index, follow, max-snippet:-1, max-image-preview:large, max-video-preview:-1\" \/>\n<link rel=\"canonical\" href=\"https:\/\/tourtravelandmore.com\/es\/tours\/espana-es\/tenerife-es\/tour-privado-de-la-ruta-chinamada-en-tenerife\/\" \/>\n<meta property=\"og:locale\" content=\"es_ES\" \/>\n<meta property=\"og:type\" content=\"article\" \/>\n<meta property=\"og:title\" content=\"Tour privado de la ruta de Chinamada en Tenerife\" \/>\n<meta property=\"og:description\" content=\"Descubra la ruta de Chinamada, gracias a esta excursion senderismo Tenerife con su gu\u00eda privado especializado. Las recogidas y devoluciones est\u00e1n incluidas \u2705\" \/>\n<meta property=\"og:url\" content=\"https:\/\/tourtravelandmore.com\/es\/tours\/espana-es\/tenerife-es\/tour-privado-de-la-ruta-chinamada-en-tenerife\/\" \/>\n<meta property=\"og:site_name\" content=\"Tour Travel And More\" \/>\n<meta property=\"article:publisher\" content=\"https:\/\/www.facebook.com\/tourtravelandmore\/\" \/>\n<meta property=\"article:modified_time\" content=\"2023-03-04T05:00:25+00:00\" \/>\n<meta property=\"og:image\" content=\"https:\/\/tourtravelandmore.com\/wp-content\/uploads\/2019\/01\/Chinamada_Anaga_3.jpg\" \/>\n\t<meta property=\"og:image:width\" content=\"1000\" \/>\n\t<meta property=\"og:image:height\" content=\"656\" \/>\n\t<meta property=\"og:image:type\" content=\"image\/jpeg\" \/>\n<meta name=\"twitter:card\" content=\"summary_large_image\" \/>\n<meta name=\"twitter:site\" content=\"@TourTravel_More\" \/>\n<meta name=\"twitter:label1\" content=\"Tiempo de lectura\" \/>\n\t<meta name=\"twitter:data1\" content=\"2 minutos\" \/>\n<script type=\"application\/ld+json\" class=\"yoast-schema-graph\">{\"@context\":\"https:\/\/schema.org\",\"@graph\":[{\"@type\":\"WebPage\",\"@id\":\"https:\/\/tourtravelandmore.com\/es\/tours\/espana-es\/tenerife-es\/tour-privado-de-la-ruta-chinamada-en-tenerife\/\",\"url\":\"https:\/\/tourtravelandmore.com\/es\/tours\/espana-es\/tenerife-es\/tour-privado-de-la-ruta-chinamada-en-tenerife\/\",\"name\":\"\u27a1\ufe0f Excursion senderismo Tenerife: Ruta Chinamada con guia experto privado | Tour Travel & More\",\"isPartOf\":{\"@id\":\"https:\/\/tourtravelandmore.com\/es\/#website\"},\"primaryImageOfPage\":{\"@id\":\"https:\/\/tourtravelandmore.com\/es\/tours\/espana-es\/tenerife-es\/tour-privado-de-la-ruta-chinamada-en-tenerife\/#primaryimage\"},\"image\":{\"@id\":\"https:\/\/tourtravelandmore.com\/es\/tours\/espana-es\/tenerife-es\/tour-privado-de-la-ruta-chinamada-en-tenerife\/#primaryimage\"},\"thumbnailUrl\":\"https:\/\/tourtravelandmore.com\/wp-content\/uploads\/2019\/01\/Chinamada_Anaga_3.jpg\",\"datePublished\":\"2019-01-09T12:01:35+00:00\",\"dateModified\":\"2023-03-04T05:00:25+00:00\",\"description\":\"Descubra la ruta de Chinamada, gracias a esta excursion senderismo Tenerife con su gu\u00eda privado especializado. Las recogidas y devoluciones est\u00e1n incluidas \u2705\",\"breadcrumb\":{\"@id\":\"https:\/\/tourtravelandmore.com\/es\/tours\/espana-es\/tenerife-es\/tour-privado-de-la-ruta-chinamada-en-tenerife\/#breadcrumb\"},\"inLanguage\":\"es\",\"potentialAction\":[{\"@type\":\"ReadAction\",\"target\":[\"https:\/\/tourtravelandmore.com\/es\/tours\/espana-es\/tenerife-es\/tour-privado-de-la-ruta-chinamada-en-tenerife\/\"]}]},{\"@type\":\"ImageObject\",\"inLanguage\":\"es\",\"@id\":\"https:\/\/tourtravelandmore.com\/es\/tours\/espana-es\/tenerife-es\/tour-privado-de-la-ruta-chinamada-en-tenerife\/#primaryimage\",\"url\":\"https:\/\/tourtravelandmore.com\/wp-content\/uploads\/2019\/01\/Chinamada_Anaga_3.jpg\",\"contentUrl\":\"https:\/\/tourtravelandmore.com\/wp-content\/uploads\/2019\/01\/Chinamada_Anaga_3.jpg\",\"width\":1000,\"height\":656},{\"@type\":\"BreadcrumbList\",\"@id\":\"https:\/\/tourtravelandmore.com\/es\/tours\/espana-es\/tenerife-es\/tour-privado-de-la-ruta-chinamada-en-tenerife\/#breadcrumb\",\"itemListElement\":[{\"@type\":\"ListItem\",\"position\":1,\"name\":\"Home\",\"item\":\"https:\/\/tourtravelandmore.com\/es\/\"},{\"@type\":\"ListItem\",\"position\":2,\"name\":\"Tours\",\"item\":\"https:\/\/tourtravelandmore.com\/es\/tours\/\"},{\"@type\":\"ListItem\",\"position\":3,\"name\":\"Tour privado de la ruta de Chinamada en Tenerife\"}]},{\"@type\":\"WebSite\",\"@id\":\"https:\/\/tourtravelandmore.com\/es\/#website\",\"url\":\"https:\/\/tourtravelandmore.com\/es\/\",\"name\":\"Tour Travel And More\",\"description\":\"Private sightseeing tours and luxury transfers in Spain\",\"publisher\":{\"@id\":\"https:\/\/tourtravelandmore.com\/es\/#organization\"},\"potentialAction\":[{\"@type\":\"SearchAction\",\"target\":{\"@type\":\"EntryPoint\",\"urlTemplate\":\"https:\/\/tourtravelandmore.com\/es\/?s={search_term_string}\"},\"query-input\":{\"@type\":\"PropertyValueSpecification\",\"valueRequired\":true,\"valueName\":\"search_term_string\"}}],\"inLanguage\":\"es\"},{\"@type\":\"Organization\",\"@id\":\"https:\/\/tourtravelandmore.com\/es\/#organization\",\"name\":\"Tour Travel And More\",\"url\":\"https:\/\/tourtravelandmore.com\/es\/\",\"logo\":{\"@type\":\"ImageObject\",\"inLanguage\":\"es\",\"@id\":\"https:\/\/tourtravelandmore.com\/es\/#\/schema\/logo\/image\/\",\"url\":\"https:\/\/tourtravelandmore.com\/wp-content\/uploads\/2022\/12\/cropped-logo-cabecera-new.png\",\"contentUrl\":\"https:\/\/tourtravelandmore.com\/wp-content\/uploads\/2022\/12\/cropped-logo-cabecera-new.png\",\"width\":430,\"height\":61,\"caption\":\"Tour Travel And More\"},\"image\":{\"@id\":\"https:\/\/tourtravelandmore.com\/es\/#\/schema\/logo\/image\/\"},\"sameAs\":[\"https:\/\/www.facebook.com\/tourtravelandmore\/\",\"https:\/\/x.com\/TourTravel_More\"]}]}<\/script>\n<!-- \/ Yoast SEO Premium plugin. -->","yoast_head_json":{"title":"\u27a1\ufe0f Excursion senderismo Tenerife: Ruta Chinamada con guia experto privado | Tour Travel & More","description":"Descubra la ruta de Chinamada, gracias a esta excursion senderismo Tenerife con su gu\u00eda privado especializado. Las recogidas y devoluciones est\u00e1n incluidas \u2705","robots":{"index":"index","follow":"follow","max-snippet":"max-snippet:-1","max-image-preview":"max-image-preview:large","max-video-preview":"max-video-preview:-1"},"canonical":"https:\/\/tourtravelandmore.com\/es\/tours\/espana-es\/tenerife-es\/tour-privado-de-la-ruta-chinamada-en-tenerife\/","og_locale":"es_ES","og_type":"article","og_title":"Tour privado de la ruta de Chinamada en Tenerife","og_description":"Descubra la ruta de Chinamada, gracias a esta excursion senderismo Tenerife con su gu\u00eda privado especializado. Las recogidas y devoluciones est\u00e1n incluidas \u2705","og_url":"https:\/\/tourtravelandmore.com\/es\/tours\/espana-es\/tenerife-es\/tour-privado-de-la-ruta-chinamada-en-tenerife\/","og_site_name":"Tour Travel And More","article_publisher":"https:\/\/www.facebook.com\/tourtravelandmore\/","article_modified_time":"2023-03-04T05:00:25+00:00","og_image":[{"width":1000,"height":656,"url":"https:\/\/tourtravelandmore.com\/wp-content\/uploads\/2019\/01\/Chinamada_Anaga_3.jpg","type":"image\/jpeg"}],"twitter_card":"summary_large_image","twitter_site":"@TourTravel_More","twitter_misc":{"Tiempo de lectura":"2 minutos"},"schema":{"@context":"https:\/\/schema.org","@graph":[{"@type":"WebPage","@id":"https:\/\/tourtravelandmore.com\/es\/tours\/espana-es\/tenerife-es\/tour-privado-de-la-ruta-chinamada-en-tenerife\/","url":"https:\/\/tourtravelandmore.com\/es\/tours\/espana-es\/tenerife-es\/tour-privado-de-la-ruta-chinamada-en-tenerife\/","name":"\u27a1\ufe0f Excursion senderismo Tenerife: Ruta Chinamada con guia experto privado | Tour Travel & More","isPartOf":{"@id":"https:\/\/tourtravelandmore.com\/es\/#website"},"primaryImageOfPage":{"@id":"https:\/\/tourtravelandmore.com\/es\/tours\/espana-es\/tenerife-es\/tour-privado-de-la-ruta-chinamada-en-tenerife\/#primaryimage"},"image":{"@id":"https:\/\/tourtravelandmore.com\/es\/tours\/espana-es\/tenerife-es\/tour-privado-de-la-ruta-chinamada-en-tenerife\/#primaryimage"},"thumbnailUrl":"https:\/\/tourtravelandmore.com\/wp-content\/uploads\/2019\/01\/Chinamada_Anaga_3.jpg","datePublished":"2019-01-09T12:01:35+00:00","dateModified":"2023-03-04T05:00:25+00:00","description":"Descubra la ruta de Chinamada, gracias a esta excursion senderismo Tenerife con su gu\u00eda privado especializado. Las recogidas y devoluciones est\u00e1n incluidas \u2705","breadcrumb":{"@id":"https:\/\/tourtravelandmore.com\/es\/tours\/espana-es\/tenerife-es\/tour-privado-de-la-ruta-chinamada-en-tenerife\/#breadcrumb"},"inLanguage":"es","potentialAction":[{"@type":"ReadAction","target":["https:\/\/tourtravelandmore.com\/es\/tours\/espana-es\/tenerife-es\/tour-privado-de-la-ruta-chinamada-en-tenerife\/"]}]},{"@type":"ImageObject","inLanguage":"es","@id":"https:\/\/tourtravelandmore.com\/es\/tours\/espana-es\/tenerife-es\/tour-privado-de-la-ruta-chinamada-en-tenerife\/#primaryimage","url":"https:\/\/tourtravelandmore.com\/wp-content\/uploads\/2019\/01\/Chinamada_Anaga_3.jpg","contentUrl":"https:\/\/tourtravelandmore.com\/wp-content\/uploads\/2019\/01\/Chinamada_Anaga_3.jpg","width":1000,"height":656},{"@type":"BreadcrumbList","@id":"https:\/\/tourtravelandmore.com\/es\/tours\/espana-es\/tenerife-es\/tour-privado-de-la-ruta-chinamada-en-tenerife\/#breadcrumb","itemListElement":[{"@type":"ListItem","position":1,"name":"Home","item":"https:\/\/tourtravelandmore.com\/es\/"},{"@type":"ListItem","position":2,"name":"Tours","item":"https:\/\/tourtravelandmore.com\/es\/tours\/"},{"@type":"ListItem","position":3,"name":"Tour privado de la ruta de Chinamada en Tenerife"}]},{"@type":"WebSite","@id":"https:\/\/tourtravelandmore.com\/es\/#website","url":"https:\/\/tourtravelandmore.com\/es\/","name":"Tour Travel And More","description":"Private sightseeing tours and luxury transfers in Spain","publisher":{"@id":"https:\/\/tourtravelandmore.com\/es\/#organization"},"potentialAction":[{"@type":"SearchAction","target":{"@type":"EntryPoint","urlTemplate":"https:\/\/tourtravelandmore.com\/es\/?s={search_term_string}"},"query-input":{"@type":"PropertyValueSpecification","valueRequired":true,"valueName":"search_term_string"}}],"inLanguage":"es"},{"@type":"Organization","@id":"https:\/\/tourtravelandmore.com\/es\/#organization","name":"Tour Travel And More","url":"https:\/\/tourtravelandmore.com\/es\/","logo":{"@type":"ImageObject","inLanguage":"es","@id":"https:\/\/tourtravelandmore.com\/es\/#\/schema\/logo\/image\/","url":"https:\/\/tourtravelandmore.com\/wp-content\/uploads\/2022\/12\/cropped-logo-cabecera-new.png","contentUrl":"https:\/\/tourtravelandmore.com\/wp-content\/uploads\/2022\/12\/cropped-logo-cabecera-new.png","width":430,"height":61,"caption":"Tour Travel And More"},"image":{"@id":"https:\/\/tourtravelandmore.com\/es\/#\/schema\/logo\/image\/"},"sameAs":["https:\/\/www.facebook.com\/tourtravelandmore\/","https:\/\/x.com\/TourTravel_More"]}]}},"_links":{"self":[{"href":"https:\/\/tourtravelandmore.com\/es\/wp-json\/wp\/v2\/product\/30831","targetHints":{"allow":["GET"]}}],"collection":[{"href":"https:\/\/tourtravelandmore.com\/es\/wp-json\/wp\/v2\/product"}],"about":[{"href":"https:\/\/tourtravelandmore.com\/es\/wp-json\/wp\/v2\/types\/product"}],"replies":[{"embeddable":true,"href":"https:\/\/tourtravelandmore.com\/es\/wp-json\/wp\/v2\/comments?post=30831"}],"wp:featuredmedia":[{"embeddable":true,"href":"https:\/\/tourtravelandmore.com\/es\/wp-json\/wp\/v2\/media\/30839"}],"wp:attachment":[{"href":"https:\/\/tourtravelandmore.com\/es\/wp-json\/wp\/v2\/media?parent=30831"}],"wp:term":[{"taxonomy":"product_brand","embeddable":true,"href":"https:\/\/tourtravelandmore.com\/es\/wp-json\/wp\/v2\/product_brand?post=30831"},{"taxonomy":"product_cat","embeddable":true,"href":"https:\/\/tourtravelandmore.com\/es\/wp-json\/wp\/v2\/product_cat?post=30831"},{"taxonomy":"product_tag","embeddable":true,"href":"https:\/\/tourtravelandmore.com\/es\/wp-json\/wp\/v2\/product_tag?post=30831"}],"curies":[{"name":"wp","href":"https:\/\/api.w.org\/{rel}","templated":true}]}}