{"id":30806,"date":"2019-01-09T12:34:00","date_gmt":"2019-01-09T11:34:02","guid":{"rendered":"http:\/\/tourtravelandmore.com\/es\/tours\/tenerife-es\/tour-privado-del-norte-de-tenerife\/"},"modified":"2023-03-04T05:59:30","modified_gmt":"2023-03-04T04:59:30","slug":"tour-privado-del-norte-de-tenerife","status":"publish","type":"product","link":"https:\/\/tourtravelandmore.com\/es\/tours\/espana-es\/tenerife-es\/tour-privado-del-norte-de-tenerife\/","title":{"rendered":"Tour privado de la ruta del norte de Tenerife"},"content":{"rendered":"<h2>Descripci\u00f3n del Tour privado de la ruta del norte de Tenerife<\/h2>\n<p><span lang=\"es\">Disfruta de este tour Tenerife de la parte norte de la isla, es realmente un lugar \u00fanico para visitar. Disfruta de nuestro tour privado de <strong>La Orotava y Puerto de La Cruz<\/strong> y conoce ambos lugares.<\/span><\/p>\n<p><span lang=\"es\">Le recogeremos desde su ubicaci\u00f3n en Tenerife. Podemos organizar una recogida en cualquier lugar de Tenerife. Despu\u00e9s de que lo hayamos recogido, iremos a la parte norte de la isla.<\/span><\/p>\n<p>Nuestro chofer\/gu\u00eda llegar\u00e1 a la hora acordado. El tour Tenerife de la parte norte de la isla, es completamente privado, pueden escoger la hora y lugar de recogida.<\/p>\n<p><span lang=\"es\">La duraci\u00f3n del tour Tenerife de la parte norte de la Isla son 8 horas. Tambi\u00e9n podemos organizar recorridos m\u00e1s cortos si lo prefiere. Si se realiza un recorrido m\u00e1s corto, entonces podemos adaptar el itinerario en funci\u00f3n de la localizaci\u00f3n de su hotel.<br \/>\n<\/span><\/p>\n<h2>Puntos de inter\u00e9s en el Tour privado de la ruta del norte de Tenerife<\/h2>\n<p><span lang=\"es\">Despu\u00e9s de una c\u00f3moda recogida, comenzaremos este recorrido para conocer la parte hist\u00f3rica de Tenerife.<\/span><\/p>\n<p><span lang=\"es\">Eche un vistazo a los sitios que visitar\u00e1:<\/span><\/p>\n<ul>\n<li><span lang=\"es\"><strong>La Orotava:<\/strong> La Orotova se encuentra en la parte norte de la isla de Tenerife. Muy cerca del Puerto de la Cruz, encontrar\u00e1s este hermoso pueblo. El casco antiguo y la parte hist\u00f3rica de La Orotava se considera Conjunto Hist\u00f3rico. Es parte pertenece a la protecci\u00f3n del Patrimonio Cultural Europeo y Monumental. Gran parte del Teide se encuentra en este municipio. La Orotava es la ciudad m\u00e1s alta de Espa\u00f1a.<\/span><\/li>\n<li><span lang=\"es\"><strong>Puerto de la Cruz:<\/strong> Puerto de La Cruz se encuentra en la parte norte de Tenerife. Est\u00e1 en la costa norte. Este es el municipio m\u00e1s peque\u00f1o de la isla de Tenerife. Los or\u00edgenes de las ciudades datan del siglo XVI. Originalmente, era un pueblo de pescadores. \u00a1Es un hermoso paisaje y lugares para tomar fotos en Tenerife!<\/span><\/li>\n<li><strong><span lang=\"es\">\u00a1Mucho m\u00e1s!<\/span><\/strong><\/li>\n<\/ul>\n<p><span lang=\"es\">Disfrutar\u00e1s de dos de las ciudades m\u00e1s encantadoras e hist\u00f3ricas de la zona. El Valle de la Orotava, Puerto de la Cruz y La Orotava. <\/span><\/p>\n<p><span lang=\"es\">En La Orotava disfruta del casco antiguo y de todos sus bellos parajes. Disfruta tambi\u00e9n de la Casa de los Balcones entre muchos otros. Este es un tour privado perfecto de La Orotava y el Puerto de La Cruz para conocer la parte hist\u00f3rica del norte de Tenerife.<\/span><\/p>\n<p><span lang=\"es\">Si disponemos de m\u00e1s d\u00edas puedes consultar el resto de <a href=\"https:\/\/tourtravelandmore.com\/es\/ciudad\/espana-es\/tenerife-es\/\">tours privados<\/a> que ofrecemos en Tenerife.<\/span><\/p>\n","protected":false},"excerpt":{"rendered":"<p>Tome esta oportunidad para conocer y disfrutar esta ruta del <strong>Norte de Tenerife<\/strong> junto con su chofer\/gu\u00eda privado en un veh\u00edculo de lujo. Disfrute de los lugares m\u00e1s especiales del norte de Tenerife. Visitar\u00e1n, entre otros sitios, <strong>Orotava<\/strong>, el <strong>jard\u00edn de orqu\u00eddeas<\/strong> y mucho m\u00e1s!<\/p>\n","protected":false},"featured_media":30820,"comment_status":"open","ping_status":"closed","template":"","meta":{"_acf_changed":false},"product_brand":[],"product_cat":[1023,1024,1025,1026],"product_tag":[],"class_list":{"0":"post-30806","1":"product","2":"type-product","3":"status-publish","4":"has-post-thumbnail","6":"product_cat-tenerife-es","7":"product_cat-tenerife-actividades-es","8":"product_cat-tenerife-rutas-turisticas-privadas-es","9":"product_cat-tenerife-excursiones-privadas-cruceros-es","11":"first","12":"instock","13":"shipping-taxable","14":"purchasable","15":"product-type-simple"},"acf":[],"yoast_head":"<!-- This site is optimized with the Yoast SEO Premium plugin v25.3.1 (Yoast SEO v25.3.1) - https:\/\/yoast.com\/wordpress\/plugins\/seo\/ -->\n<title>\u27a1\ufe0f Tour Tenerife: Excursi\u00f3n privada a la regi\u00f3n Norte de Isla con Chofer\/guia | Tour Travel &amp; More<\/title>\n<meta name=\"description\" content=\"Descubra la regi\u00f3n norte de Tenerife gracias a este tour Tenerife, descubre la Isla junto a nuestro chofer\/guia privado, y vive una experiencia unica \u2705\" \/>\n<meta name=\"robots\" content=\"index, follow, max-snippet:-1, max-image-preview:large, max-video-preview:-1\" \/>\n<link rel=\"canonical\" href=\"https:\/\/tourtravelandmore.com\/es\/tours\/espana-es\/tenerife-es\/tour-privado-del-norte-de-tenerife\/\" \/>\n<meta property=\"og:locale\" content=\"es_ES\" \/>\n<meta property=\"og:type\" content=\"article\" \/>\n<meta property=\"og:title\" content=\"Tour privado de la ruta del norte de Tenerife\" \/>\n<meta property=\"og:description\" content=\"Descubra la regi\u00f3n norte de Tenerife gracias a este tour Tenerife, descubre la Isla junto a nuestro chofer\/guia privado, y vive una experiencia unica \u2705\" \/>\n<meta property=\"og:url\" content=\"https:\/\/tourtravelandmore.com\/es\/tours\/espana-es\/tenerife-es\/tour-privado-del-norte-de-tenerife\/\" \/>\n<meta property=\"og:site_name\" content=\"Tour Travel And More\" \/>\n<meta property=\"article:publisher\" content=\"https:\/\/www.facebook.com\/tourtravelandmore\/\" \/>\n<meta property=\"article:modified_time\" content=\"2023-03-04T04:59:30+00:00\" \/>\n<meta property=\"og:image\" content=\"https:\/\/tourtravelandmore.com\/wp-content\/uploads\/2019\/01\/Tenerife_La_Orotava_04.jpg\" \/>\n\t<meta property=\"og:image:width\" content=\"2048\" \/>\n\t<meta property=\"og:image:height\" content=\"1536\" \/>\n\t<meta property=\"og:image:type\" content=\"image\/jpeg\" \/>\n<meta name=\"twitter:card\" content=\"summary_large_image\" \/>\n<meta name=\"twitter:site\" content=\"@TourTravel_More\" \/>\n<meta name=\"twitter:label1\" content=\"Tiempo de lectura\" \/>\n\t<meta name=\"twitter:data1\" content=\"2 minutos\" \/>\n<script type=\"application\/ld+json\" class=\"yoast-schema-graph\">{\"@context\":\"https:\/\/schema.org\",\"@graph\":[{\"@type\":\"WebPage\",\"@id\":\"https:\/\/tourtravelandmore.com\/es\/tours\/espana-es\/tenerife-es\/tour-privado-del-norte-de-tenerife\/\",\"url\":\"https:\/\/tourtravelandmore.com\/es\/tours\/espana-es\/tenerife-es\/tour-privado-del-norte-de-tenerife\/\",\"name\":\"\u27a1\ufe0f Tour Tenerife: Excursi\u00f3n privada a la regi\u00f3n Norte de Isla con Chofer\/guia | Tour Travel & More\",\"isPartOf\":{\"@id\":\"https:\/\/tourtravelandmore.com\/es\/#website\"},\"primaryImageOfPage\":{\"@id\":\"https:\/\/tourtravelandmore.com\/es\/tours\/espana-es\/tenerife-es\/tour-privado-del-norte-de-tenerife\/#primaryimage\"},\"image\":{\"@id\":\"https:\/\/tourtravelandmore.com\/es\/tours\/espana-es\/tenerife-es\/tour-privado-del-norte-de-tenerife\/#primaryimage\"},\"thumbnailUrl\":\"https:\/\/tourtravelandmore.com\/wp-content\/uploads\/2019\/01\/Tenerife_La_Orotava_04.jpg\",\"datePublished\":\"2019-01-09T11:34:02+00:00\",\"dateModified\":\"2023-03-04T04:59:30+00:00\",\"description\":\"Descubra la regi\u00f3n norte de Tenerife gracias a este tour Tenerife, descubre la Isla junto a nuestro chofer\/guia privado, y vive una experiencia unica \u2705\",\"breadcrumb\":{\"@id\":\"https:\/\/tourtravelandmore.com\/es\/tours\/espana-es\/tenerife-es\/tour-privado-del-norte-de-tenerife\/#breadcrumb\"},\"inLanguage\":\"es\",\"potentialAction\":[{\"@type\":\"ReadAction\",\"target\":[\"https:\/\/tourtravelandmore.com\/es\/tours\/espana-es\/tenerife-es\/tour-privado-del-norte-de-tenerife\/\"]}]},{\"@type\":\"ImageObject\",\"inLanguage\":\"es\",\"@id\":\"https:\/\/tourtravelandmore.com\/es\/tours\/espana-es\/tenerife-es\/tour-privado-del-norte-de-tenerife\/#primaryimage\",\"url\":\"https:\/\/tourtravelandmore.com\/wp-content\/uploads\/2019\/01\/Tenerife_La_Orotava_04.jpg\",\"contentUrl\":\"https:\/\/tourtravelandmore.com\/wp-content\/uploads\/2019\/01\/Tenerife_La_Orotava_04.jpg\",\"width\":2048,\"height\":1536},{\"@type\":\"BreadcrumbList\",\"@id\":\"https:\/\/tourtravelandmore.com\/es\/tours\/espana-es\/tenerife-es\/tour-privado-del-norte-de-tenerife\/#breadcrumb\",\"itemListElement\":[{\"@type\":\"ListItem\",\"position\":1,\"name\":\"Home\",\"item\":\"https:\/\/tourtravelandmore.com\/es\/\"},{\"@type\":\"ListItem\",\"position\":2,\"name\":\"Tours\",\"item\":\"https:\/\/tourtravelandmore.com\/es\/tours\/\"},{\"@type\":\"ListItem\",\"position\":3,\"name\":\"Tour privado de la ruta del norte de Tenerife\"}]},{\"@type\":\"WebSite\",\"@id\":\"https:\/\/tourtravelandmore.com\/es\/#website\",\"url\":\"https:\/\/tourtravelandmore.com\/es\/\",\"name\":\"Tour Travel And More\",\"description\":\"Private sightseeing tours and luxury transfers in Spain\",\"publisher\":{\"@id\":\"https:\/\/tourtravelandmore.com\/es\/#organization\"},\"potentialAction\":[{\"@type\":\"SearchAction\",\"target\":{\"@type\":\"EntryPoint\",\"urlTemplate\":\"https:\/\/tourtravelandmore.com\/es\/?s={search_term_string}\"},\"query-input\":{\"@type\":\"PropertyValueSpecification\",\"valueRequired\":true,\"valueName\":\"search_term_string\"}}],\"inLanguage\":\"es\"},{\"@type\":\"Organization\",\"@id\":\"https:\/\/tourtravelandmore.com\/es\/#organization\",\"name\":\"Tour Travel And More\",\"url\":\"https:\/\/tourtravelandmore.com\/es\/\",\"logo\":{\"@type\":\"ImageObject\",\"inLanguage\":\"es\",\"@id\":\"https:\/\/tourtravelandmore.com\/es\/#\/schema\/logo\/image\/\",\"url\":\"https:\/\/tourtravelandmore.com\/wp-content\/uploads\/2022\/12\/cropped-logo-cabecera-new.png\",\"contentUrl\":\"https:\/\/tourtravelandmore.com\/wp-content\/uploads\/2022\/12\/cropped-logo-cabecera-new.png\",\"width\":430,\"height\":61,\"caption\":\"Tour Travel And More\"},\"image\":{\"@id\":\"https:\/\/tourtravelandmore.com\/es\/#\/schema\/logo\/image\/\"},\"sameAs\":[\"https:\/\/www.facebook.com\/tourtravelandmore\/\",\"https:\/\/x.com\/TourTravel_More\"]}]}<\/script>\n<!-- \/ Yoast SEO Premium plugin. -->","yoast_head_json":{"title":"\u27a1\ufe0f Tour Tenerife: Excursi\u00f3n privada a la regi\u00f3n Norte de Isla con Chofer\/guia | Tour Travel & More","description":"Descubra la regi\u00f3n norte de Tenerife gracias a este tour Tenerife, descubre la Isla junto a nuestro chofer\/guia privado, y vive una experiencia unica \u2705","robots":{"index":"index","follow":"follow","max-snippet":"max-snippet:-1","max-image-preview":"max-image-preview:large","max-video-preview":"max-video-preview:-1"},"canonical":"https:\/\/tourtravelandmore.com\/es\/tours\/espana-es\/tenerife-es\/tour-privado-del-norte-de-tenerife\/","og_locale":"es_ES","og_type":"article","og_title":"Tour privado de la ruta del norte de Tenerife","og_description":"Descubra la regi\u00f3n norte de Tenerife gracias a este tour Tenerife, descubre la Isla junto a nuestro chofer\/guia privado, y vive una experiencia unica \u2705","og_url":"https:\/\/tourtravelandmore.com\/es\/tours\/espana-es\/tenerife-es\/tour-privado-del-norte-de-tenerife\/","og_site_name":"Tour Travel And More","article_publisher":"https:\/\/www.facebook.com\/tourtravelandmore\/","article_modified_time":"2023-03-04T04:59:30+00:00","og_image":[{"width":2048,"height":1536,"url":"https:\/\/tourtravelandmore.com\/wp-content\/uploads\/2019\/01\/Tenerife_La_Orotava_04.jpg","type":"image\/jpeg"}],"twitter_card":"summary_large_image","twitter_site":"@TourTravel_More","twitter_misc":{"Tiempo de lectura":"2 minutos"},"schema":{"@context":"https:\/\/schema.org","@graph":[{"@type":"WebPage","@id":"https:\/\/tourtravelandmore.com\/es\/tours\/espana-es\/tenerife-es\/tour-privado-del-norte-de-tenerife\/","url":"https:\/\/tourtravelandmore.com\/es\/tours\/espana-es\/tenerife-es\/tour-privado-del-norte-de-tenerife\/","name":"\u27a1\ufe0f Tour Tenerife: Excursi\u00f3n privada a la regi\u00f3n Norte de Isla con Chofer\/guia | Tour Travel & More","isPartOf":{"@id":"https:\/\/tourtravelandmore.com\/es\/#website"},"primaryImageOfPage":{"@id":"https:\/\/tourtravelandmore.com\/es\/tours\/espana-es\/tenerife-es\/tour-privado-del-norte-de-tenerife\/#primaryimage"},"image":{"@id":"https:\/\/tourtravelandmore.com\/es\/tours\/espana-es\/tenerife-es\/tour-privado-del-norte-de-tenerife\/#primaryimage"},"thumbnailUrl":"https:\/\/tourtravelandmore.com\/wp-content\/uploads\/2019\/01\/Tenerife_La_Orotava_04.jpg","datePublished":"2019-01-09T11:34:02+00:00","dateModified":"2023-03-04T04:59:30+00:00","description":"Descubra la regi\u00f3n norte de Tenerife gracias a este tour Tenerife, descubre la Isla junto a nuestro chofer\/guia privado, y vive una experiencia unica \u2705","breadcrumb":{"@id":"https:\/\/tourtravelandmore.com\/es\/tours\/espana-es\/tenerife-es\/tour-privado-del-norte-de-tenerife\/#breadcrumb"},"inLanguage":"es","potentialAction":[{"@type":"ReadAction","target":["https:\/\/tourtravelandmore.com\/es\/tours\/espana-es\/tenerife-es\/tour-privado-del-norte-de-tenerife\/"]}]},{"@type":"ImageObject","inLanguage":"es","@id":"https:\/\/tourtravelandmore.com\/es\/tours\/espana-es\/tenerife-es\/tour-privado-del-norte-de-tenerife\/#primaryimage","url":"https:\/\/tourtravelandmore.com\/wp-content\/uploads\/2019\/01\/Tenerife_La_Orotava_04.jpg","contentUrl":"https:\/\/tourtravelandmore.com\/wp-content\/uploads\/2019\/01\/Tenerife_La_Orotava_04.jpg","width":2048,"height":1536},{"@type":"BreadcrumbList","@id":"https:\/\/tourtravelandmore.com\/es\/tours\/espana-es\/tenerife-es\/tour-privado-del-norte-de-tenerife\/#breadcrumb","itemListElement":[{"@type":"ListItem","position":1,"name":"Home","item":"https:\/\/tourtravelandmore.com\/es\/"},{"@type":"ListItem","position":2,"name":"Tours","item":"https:\/\/tourtravelandmore.com\/es\/tours\/"},{"@type":"ListItem","position":3,"name":"Tour privado de la ruta del norte de Tenerife"}]},{"@type":"WebSite","@id":"https:\/\/tourtravelandmore.com\/es\/#website","url":"https:\/\/tourtravelandmore.com\/es\/","name":"Tour Travel And More","description":"Private sightseeing tours and luxury transfers in Spain","publisher":{"@id":"https:\/\/tourtravelandmore.com\/es\/#organization"},"potentialAction":[{"@type":"SearchAction","target":{"@type":"EntryPoint","urlTemplate":"https:\/\/tourtravelandmore.com\/es\/?s={search_term_string}"},"query-input":{"@type":"PropertyValueSpecification","valueRequired":true,"valueName":"search_term_string"}}],"inLanguage":"es"},{"@type":"Organization","@id":"https:\/\/tourtravelandmore.com\/es\/#organization","name":"Tour Travel And More","url":"https:\/\/tourtravelandmore.com\/es\/","logo":{"@type":"ImageObject","inLanguage":"es","@id":"https:\/\/tourtravelandmore.com\/es\/#\/schema\/logo\/image\/","url":"https:\/\/tourtravelandmore.com\/wp-content\/uploads\/2022\/12\/cropped-logo-cabecera-new.png","contentUrl":"https:\/\/tourtravelandmore.com\/wp-content\/uploads\/2022\/12\/cropped-logo-cabecera-new.png","width":430,"height":61,"caption":"Tour Travel And More"},"image":{"@id":"https:\/\/tourtravelandmore.com\/es\/#\/schema\/logo\/image\/"},"sameAs":["https:\/\/www.facebook.com\/tourtravelandmore\/","https:\/\/x.com\/TourTravel_More"]}]}},"_links":{"self":[{"href":"https:\/\/tourtravelandmore.com\/es\/wp-json\/wp\/v2\/product\/30806","targetHints":{"allow":["GET"]}}],"collection":[{"href":"https:\/\/tourtravelandmore.com\/es\/wp-json\/wp\/v2\/product"}],"about":[{"href":"https:\/\/tourtravelandmore.com\/es\/wp-json\/wp\/v2\/types\/product"}],"replies":[{"embeddable":true,"href":"https:\/\/tourtravelandmore.com\/es\/wp-json\/wp\/v2\/comments?post=30806"}],"wp:featuredmedia":[{"embeddable":true,"href":"https:\/\/tourtravelandmore.com\/es\/wp-json\/wp\/v2\/media\/30820"}],"wp:attachment":[{"href":"https:\/\/tourtravelandmore.com\/es\/wp-json\/wp\/v2\/media?parent=30806"}],"wp:term":[{"taxonomy":"product_brand","embeddable":true,"href":"https:\/\/tourtravelandmore.com\/es\/wp-json\/wp\/v2\/product_brand?post=30806"},{"taxonomy":"product_cat","embeddable":true,"href":"https:\/\/tourtravelandmore.com\/es\/wp-json\/wp\/v2\/product_cat?post=30806"},{"taxonomy":"product_tag","embeddable":true,"href":"https:\/\/tourtravelandmore.com\/es\/wp-json\/wp\/v2\/product_tag?post=30806"}],"curies":[{"name":"wp","href":"https:\/\/api.w.org\/{rel}","templated":true}]}}