{"id":30795,"date":"2019-01-09T12:08:08","date_gmt":"2019-01-09T11:08:11","guid":{"rendered":"http:\/\/tourtravelandmore.com\/es\/tours\/valencia-es\/tour-privado-a-ruta-tangana-desde-tenerife\/"},"modified":"2023-03-04T06:00:56","modified_gmt":"2023-03-04T05:00:56","slug":"tour-privado-por-tenerife-ruta-privada-tangana-y-anaga-con-chofer-guia","status":"publish","type":"product","link":"https:\/\/tourtravelandmore.com\/es\/tours\/espana-es\/tenerife-es\/tour-privado-por-tenerife-ruta-privada-tangana-y-anaga-con-chofer-guia\/","title":{"rendered":"Tour privado de la ruta de Taganana en Tenerife"},"content":{"rendered":"<h2>Descripci\u00f3n del Tour privado de la ruta de Taganana en Tenerife<\/h2>\n<p><span lang=\"es\">Disfruta de este tour por Tenerife privado de 5 horas para explorar esta ruta privada de Taganana. <\/span><\/p>\n<p><span lang=\"es\">Nuestro chofer\/gu\u00eda le recoger\u00e1 y le devolver\u00e1 desde su Hotel. Es un gu\u00eda oficial t\u00edtulado.<\/span><\/p>\n<p><span lang=\"es\">Este tour por Tenerife, privado de La ruta de Taganana, te permitir\u00e1 saborear los verdaderos pueblos de Tenerife, su historia, cultura y gastronom\u00eda.<\/span><\/p>\n<p><span lang=\"es\">Las casas de paredes blancas te mantendr\u00e1n pegado a tu c\u00e1mara y conoceras la historia de estos maravillosos pueblos junto a su chofer\/guia.<br \/>\n<\/span><\/p>\n<p>El tour por Tenerife es completamente privado, pueden escoger la hora y lugar de recogida en Tenerife.<\/p>\n<h2>Puntos de inter\u00e9s en el Tour privado de la ruta de Taganana en Tenerife<\/h2>\n<p><span lang=\"es\">Disfruta entre otros de los siguientes lugares para ver<\/span><\/p>\n<ul>\n<li><span lang=\"es\"><strong>Nuestra Se\u00f1ora de las Nieves:<\/strong> cuarta iglesia m\u00e1s antigua de Tenerife. Esta iglesia fue construida en 1515. Es muy famosa por su tr\u00edptico pintado al estilo flamenco<\/span><\/li>\n<li><span lang=\"es\"><strong>Mirador de El Bailadero:<\/strong> aprende sobre las artes y las leyendas. Deje que su chofer\/guia le diga todo lo que hay que saber. \u00a1Disfruta de incre\u00edbles vistas de Taganana y ll\u00e9vate recuerdos incre\u00edbles a casa! \u00a1No olvides tu c\u00e1mara! <\/span><\/li>\n<li><span lang=\"es\"><strong>Playa Roque de las Bodegas:<\/strong> arenas negras, guijarros y vistas incre\u00edbles. Esto es lo que Playa Roque de las Bodegas tiene para ofrecer. Al pie en un acantilado de la monta\u00f1a Anaga. Disfrute del encanto que tiene y vea una de las playas m\u00e1s grandes de Taganana<\/span><\/li>\n<li><strong>Monte de laurisilva de<\/strong> <b>Las Mercedes<\/b><\/li>\n<li><strong>Taganana:<\/strong> Destaca por su belleza natural y sus vistas del oc\u00e9ano y los acantilados. Entre sus pintorescas calles contemplaremos diversos edificios construidos al estilo t\u00edpico canario.<\/li>\n<li><span lang=\"es\"><strong>\u00a0Playa de Almaciga<\/strong><\/span><\/li>\n<li><span lang=\"es\"><strong>Playa de Benijo<\/strong><\/span><\/li>\n<li><span lang=\"es\"><strong>Monta\u00f1as Anaga:<\/strong> una reserva mundial de la biosfera de la UNESCO. El Parque Rural de Anaga, ha conseguido conservar sus valores naturales de manera excepcional.<br \/>\n<\/span><\/li>\n<\/ul>\n<p>Una vez finalizado nuestro chofer\/gu\u00eda privado os devolver\u00e1 a su hotel.<\/p>\n<p>Si dispone de m\u00e1s d\u00edas en la isla, puedes consultar nuestro listado de<a href=\"https:\/\/tourtravelandmore.com\/es\/ciudad\/espana-es\/tenerife-es\/\"> tours privados de Tenerife.<\/a><\/p>\n","protected":false},"excerpt":{"rendered":"<p>Disfrute de esta oportunidad para conocer y disfrutar de la f\u00e1bulosa <strong>ruta Tangana<\/strong> junto con su chofer\/gu\u00eda privado en un veh\u00edculo de lujo. <span lang=\"es\">Este tour por Tenerife privado de La ruta de Taganana, te permitir\u00e1 saborear los verdaderos pueblos de Tenerife- Entre otros lugares podr\u00e1 visitar: <strong>Nuestra Se\u00f1ora de las Nieves<\/strong>, <strong>Playa de Almaciga <\/strong>y mucho mas!<strong>.<\/strong><\/span><\/p>\n<p>&nbsp;<\/p>\n","protected":false},"featured_media":30684,"comment_status":"open","ping_status":"closed","template":"","meta":{"_acf_changed":false},"product_brand":[],"product_cat":[1023,1024,1025,1026],"product_tag":[],"class_list":{"0":"post-30795","1":"product","2":"type-product","3":"status-publish","4":"has-post-thumbnail","6":"product_cat-tenerife-es","7":"product_cat-tenerife-actividades-es","8":"product_cat-tenerife-rutas-turisticas-privadas-es","9":"product_cat-tenerife-excursiones-privadas-cruceros-es","11":"first","12":"instock","13":"shipping-taxable","14":"purchasable","15":"product-type-simple"},"acf":[],"yoast_head":"<!-- This site is optimized with the Yoast SEO Premium plugin v25.3.1 (Yoast SEO v25.3.1) - https:\/\/yoast.com\/wordpress\/plugins\/seo\/ -->\n<title>\u27a1\ufe0f Tour por Tenerife: Ruta privada Tangana y Anaga con chofer\/guia | Tour Travel &amp; More<\/title>\n<meta name=\"description\" content=\"Descubre la zona Tangana y Anaga gracias a este tour por Tenerife privado, con chofer\/gu\u00eda. Incluye recogida y devoluci\u00f3n \u2705\" \/>\n<meta name=\"robots\" content=\"index, follow, max-snippet:-1, max-image-preview:large, max-video-preview:-1\" \/>\n<link rel=\"canonical\" href=\"https:\/\/tourtravelandmore.com\/es\/tours\/espana-es\/tenerife-es\/tour-privado-por-tenerife-ruta-privada-tangana-y-anaga-con-chofer-guia\/\" \/>\n<meta property=\"og:locale\" content=\"es_ES\" \/>\n<meta property=\"og:type\" content=\"article\" \/>\n<meta property=\"og:title\" content=\"Tour privado de la ruta de Taganana en Tenerife\" \/>\n<meta property=\"og:description\" content=\"Descubre la zona Tangana y Anaga gracias a este tour por Tenerife privado, con chofer\/gu\u00eda. Incluye recogida y devoluci\u00f3n \u2705\" \/>\n<meta property=\"og:url\" content=\"https:\/\/tourtravelandmore.com\/es\/tours\/espana-es\/tenerife-es\/tour-privado-por-tenerife-ruta-privada-tangana-y-anaga-con-chofer-guia\/\" \/>\n<meta property=\"og:site_name\" content=\"Tour Travel And More\" \/>\n<meta property=\"article:publisher\" content=\"https:\/\/www.facebook.com\/tourtravelandmore\/\" \/>\n<meta property=\"article:modified_time\" content=\"2023-03-04T05:00:56+00:00\" \/>\n<meta property=\"og:image\" content=\"https:\/\/tourtravelandmore.com\/wp-content\/uploads\/2019\/01\/Tenerife.jpg\" \/>\n\t<meta property=\"og:image:width\" content=\"1136\" \/>\n\t<meta property=\"og:image:height\" content=\"712\" \/>\n\t<meta property=\"og:image:type\" content=\"image\/jpeg\" \/>\n<meta name=\"twitter:card\" content=\"summary_large_image\" \/>\n<meta name=\"twitter:site\" content=\"@TourTravel_More\" \/>\n<meta name=\"twitter:label1\" content=\"Tiempo de lectura\" \/>\n\t<meta name=\"twitter:data1\" content=\"2 minutos\" \/>\n<script type=\"application\/ld+json\" class=\"yoast-schema-graph\">{\"@context\":\"https:\/\/schema.org\",\"@graph\":[{\"@type\":\"WebPage\",\"@id\":\"https:\/\/tourtravelandmore.com\/es\/tours\/espana-es\/tenerife-es\/tour-privado-por-tenerife-ruta-privada-tangana-y-anaga-con-chofer-guia\/\",\"url\":\"https:\/\/tourtravelandmore.com\/es\/tours\/espana-es\/tenerife-es\/tour-privado-por-tenerife-ruta-privada-tangana-y-anaga-con-chofer-guia\/\",\"name\":\"\u27a1\ufe0f Tour por Tenerife: Ruta privada Tangana y Anaga con chofer\/guia | Tour Travel & More\",\"isPartOf\":{\"@id\":\"https:\/\/tourtravelandmore.com\/es\/#website\"},\"primaryImageOfPage\":{\"@id\":\"https:\/\/tourtravelandmore.com\/es\/tours\/espana-es\/tenerife-es\/tour-privado-por-tenerife-ruta-privada-tangana-y-anaga-con-chofer-guia\/#primaryimage\"},\"image\":{\"@id\":\"https:\/\/tourtravelandmore.com\/es\/tours\/espana-es\/tenerife-es\/tour-privado-por-tenerife-ruta-privada-tangana-y-anaga-con-chofer-guia\/#primaryimage\"},\"thumbnailUrl\":\"https:\/\/tourtravelandmore.com\/wp-content\/uploads\/2019\/01\/Tenerife.jpg\",\"datePublished\":\"2019-01-09T11:08:11+00:00\",\"dateModified\":\"2023-03-04T05:00:56+00:00\",\"description\":\"Descubre la zona Tangana y Anaga gracias a este tour por Tenerife privado, con chofer\/gu\u00eda. Incluye recogida y devoluci\u00f3n \u2705\",\"breadcrumb\":{\"@id\":\"https:\/\/tourtravelandmore.com\/es\/tours\/espana-es\/tenerife-es\/tour-privado-por-tenerife-ruta-privada-tangana-y-anaga-con-chofer-guia\/#breadcrumb\"},\"inLanguage\":\"es\",\"potentialAction\":[{\"@type\":\"ReadAction\",\"target\":[\"https:\/\/tourtravelandmore.com\/es\/tours\/espana-es\/tenerife-es\/tour-privado-por-tenerife-ruta-privada-tangana-y-anaga-con-chofer-guia\/\"]}]},{\"@type\":\"ImageObject\",\"inLanguage\":\"es\",\"@id\":\"https:\/\/tourtravelandmore.com\/es\/tours\/espana-es\/tenerife-es\/tour-privado-por-tenerife-ruta-privada-tangana-y-anaga-con-chofer-guia\/#primaryimage\",\"url\":\"https:\/\/tourtravelandmore.com\/wp-content\/uploads\/2019\/01\/Tenerife.jpg\",\"contentUrl\":\"https:\/\/tourtravelandmore.com\/wp-content\/uploads\/2019\/01\/Tenerife.jpg\",\"width\":1136,\"height\":712},{\"@type\":\"BreadcrumbList\",\"@id\":\"https:\/\/tourtravelandmore.com\/es\/tours\/espana-es\/tenerife-es\/tour-privado-por-tenerife-ruta-privada-tangana-y-anaga-con-chofer-guia\/#breadcrumb\",\"itemListElement\":[{\"@type\":\"ListItem\",\"position\":1,\"name\":\"Home\",\"item\":\"https:\/\/tourtravelandmore.com\/es\/\"},{\"@type\":\"ListItem\",\"position\":2,\"name\":\"Tours\",\"item\":\"https:\/\/tourtravelandmore.com\/es\/tours\/\"},{\"@type\":\"ListItem\",\"position\":3,\"name\":\"Tour privado de la ruta de Taganana en Tenerife\"}]},{\"@type\":\"WebSite\",\"@id\":\"https:\/\/tourtravelandmore.com\/es\/#website\",\"url\":\"https:\/\/tourtravelandmore.com\/es\/\",\"name\":\"Tour Travel And More\",\"description\":\"Private sightseeing tours and luxury transfers in Spain\",\"publisher\":{\"@id\":\"https:\/\/tourtravelandmore.com\/es\/#organization\"},\"potentialAction\":[{\"@type\":\"SearchAction\",\"target\":{\"@type\":\"EntryPoint\",\"urlTemplate\":\"https:\/\/tourtravelandmore.com\/es\/?s={search_term_string}\"},\"query-input\":{\"@type\":\"PropertyValueSpecification\",\"valueRequired\":true,\"valueName\":\"search_term_string\"}}],\"inLanguage\":\"es\"},{\"@type\":\"Organization\",\"@id\":\"https:\/\/tourtravelandmore.com\/es\/#organization\",\"name\":\"Tour Travel And More\",\"url\":\"https:\/\/tourtravelandmore.com\/es\/\",\"logo\":{\"@type\":\"ImageObject\",\"inLanguage\":\"es\",\"@id\":\"https:\/\/tourtravelandmore.com\/es\/#\/schema\/logo\/image\/\",\"url\":\"https:\/\/tourtravelandmore.com\/wp-content\/uploads\/2022\/12\/cropped-logo-cabecera-new.png\",\"contentUrl\":\"https:\/\/tourtravelandmore.com\/wp-content\/uploads\/2022\/12\/cropped-logo-cabecera-new.png\",\"width\":430,\"height\":61,\"caption\":\"Tour Travel And More\"},\"image\":{\"@id\":\"https:\/\/tourtravelandmore.com\/es\/#\/schema\/logo\/image\/\"},\"sameAs\":[\"https:\/\/www.facebook.com\/tourtravelandmore\/\",\"https:\/\/x.com\/TourTravel_More\"]}]}<\/script>\n<!-- \/ Yoast SEO Premium plugin. -->","yoast_head_json":{"title":"\u27a1\ufe0f Tour por Tenerife: Ruta privada Tangana y Anaga con chofer\/guia | Tour Travel & More","description":"Descubre la zona Tangana y Anaga gracias a este tour por Tenerife privado, con chofer\/gu\u00eda. Incluye recogida y devoluci\u00f3n \u2705","robots":{"index":"index","follow":"follow","max-snippet":"max-snippet:-1","max-image-preview":"max-image-preview:large","max-video-preview":"max-video-preview:-1"},"canonical":"https:\/\/tourtravelandmore.com\/es\/tours\/espana-es\/tenerife-es\/tour-privado-por-tenerife-ruta-privada-tangana-y-anaga-con-chofer-guia\/","og_locale":"es_ES","og_type":"article","og_title":"Tour privado de la ruta de Taganana en Tenerife","og_description":"Descubre la zona Tangana y Anaga gracias a este tour por Tenerife privado, con chofer\/gu\u00eda. Incluye recogida y devoluci\u00f3n \u2705","og_url":"https:\/\/tourtravelandmore.com\/es\/tours\/espana-es\/tenerife-es\/tour-privado-por-tenerife-ruta-privada-tangana-y-anaga-con-chofer-guia\/","og_site_name":"Tour Travel And More","article_publisher":"https:\/\/www.facebook.com\/tourtravelandmore\/","article_modified_time":"2023-03-04T05:00:56+00:00","og_image":[{"width":1136,"height":712,"url":"https:\/\/tourtravelandmore.com\/wp-content\/uploads\/2019\/01\/Tenerife.jpg","type":"image\/jpeg"}],"twitter_card":"summary_large_image","twitter_site":"@TourTravel_More","twitter_misc":{"Tiempo de lectura":"2 minutos"},"schema":{"@context":"https:\/\/schema.org","@graph":[{"@type":"WebPage","@id":"https:\/\/tourtravelandmore.com\/es\/tours\/espana-es\/tenerife-es\/tour-privado-por-tenerife-ruta-privada-tangana-y-anaga-con-chofer-guia\/","url":"https:\/\/tourtravelandmore.com\/es\/tours\/espana-es\/tenerife-es\/tour-privado-por-tenerife-ruta-privada-tangana-y-anaga-con-chofer-guia\/","name":"\u27a1\ufe0f Tour por Tenerife: Ruta privada Tangana y Anaga con chofer\/guia | Tour Travel & More","isPartOf":{"@id":"https:\/\/tourtravelandmore.com\/es\/#website"},"primaryImageOfPage":{"@id":"https:\/\/tourtravelandmore.com\/es\/tours\/espana-es\/tenerife-es\/tour-privado-por-tenerife-ruta-privada-tangana-y-anaga-con-chofer-guia\/#primaryimage"},"image":{"@id":"https:\/\/tourtravelandmore.com\/es\/tours\/espana-es\/tenerife-es\/tour-privado-por-tenerife-ruta-privada-tangana-y-anaga-con-chofer-guia\/#primaryimage"},"thumbnailUrl":"https:\/\/tourtravelandmore.com\/wp-content\/uploads\/2019\/01\/Tenerife.jpg","datePublished":"2019-01-09T11:08:11+00:00","dateModified":"2023-03-04T05:00:56+00:00","description":"Descubre la zona Tangana y Anaga gracias a este tour por Tenerife privado, con chofer\/gu\u00eda. Incluye recogida y devoluci\u00f3n \u2705","breadcrumb":{"@id":"https:\/\/tourtravelandmore.com\/es\/tours\/espana-es\/tenerife-es\/tour-privado-por-tenerife-ruta-privada-tangana-y-anaga-con-chofer-guia\/#breadcrumb"},"inLanguage":"es","potentialAction":[{"@type":"ReadAction","target":["https:\/\/tourtravelandmore.com\/es\/tours\/espana-es\/tenerife-es\/tour-privado-por-tenerife-ruta-privada-tangana-y-anaga-con-chofer-guia\/"]}]},{"@type":"ImageObject","inLanguage":"es","@id":"https:\/\/tourtravelandmore.com\/es\/tours\/espana-es\/tenerife-es\/tour-privado-por-tenerife-ruta-privada-tangana-y-anaga-con-chofer-guia\/#primaryimage","url":"https:\/\/tourtravelandmore.com\/wp-content\/uploads\/2019\/01\/Tenerife.jpg","contentUrl":"https:\/\/tourtravelandmore.com\/wp-content\/uploads\/2019\/01\/Tenerife.jpg","width":1136,"height":712},{"@type":"BreadcrumbList","@id":"https:\/\/tourtravelandmore.com\/es\/tours\/espana-es\/tenerife-es\/tour-privado-por-tenerife-ruta-privada-tangana-y-anaga-con-chofer-guia\/#breadcrumb","itemListElement":[{"@type":"ListItem","position":1,"name":"Home","item":"https:\/\/tourtravelandmore.com\/es\/"},{"@type":"ListItem","position":2,"name":"Tours","item":"https:\/\/tourtravelandmore.com\/es\/tours\/"},{"@type":"ListItem","position":3,"name":"Tour privado de la ruta de Taganana en Tenerife"}]},{"@type":"WebSite","@id":"https:\/\/tourtravelandmore.com\/es\/#website","url":"https:\/\/tourtravelandmore.com\/es\/","name":"Tour Travel And More","description":"Private sightseeing tours and luxury transfers in Spain","publisher":{"@id":"https:\/\/tourtravelandmore.com\/es\/#organization"},"potentialAction":[{"@type":"SearchAction","target":{"@type":"EntryPoint","urlTemplate":"https:\/\/tourtravelandmore.com\/es\/?s={search_term_string}"},"query-input":{"@type":"PropertyValueSpecification","valueRequired":true,"valueName":"search_term_string"}}],"inLanguage":"es"},{"@type":"Organization","@id":"https:\/\/tourtravelandmore.com\/es\/#organization","name":"Tour Travel And More","url":"https:\/\/tourtravelandmore.com\/es\/","logo":{"@type":"ImageObject","inLanguage":"es","@id":"https:\/\/tourtravelandmore.com\/es\/#\/schema\/logo\/image\/","url":"https:\/\/tourtravelandmore.com\/wp-content\/uploads\/2022\/12\/cropped-logo-cabecera-new.png","contentUrl":"https:\/\/tourtravelandmore.com\/wp-content\/uploads\/2022\/12\/cropped-logo-cabecera-new.png","width":430,"height":61,"caption":"Tour Travel And More"},"image":{"@id":"https:\/\/tourtravelandmore.com\/es\/#\/schema\/logo\/image\/"},"sameAs":["https:\/\/www.facebook.com\/tourtravelandmore\/","https:\/\/x.com\/TourTravel_More"]}]}},"_links":{"self":[{"href":"https:\/\/tourtravelandmore.com\/es\/wp-json\/wp\/v2\/product\/30795","targetHints":{"allow":["GET"]}}],"collection":[{"href":"https:\/\/tourtravelandmore.com\/es\/wp-json\/wp\/v2\/product"}],"about":[{"href":"https:\/\/tourtravelandmore.com\/es\/wp-json\/wp\/v2\/types\/product"}],"replies":[{"embeddable":true,"href":"https:\/\/tourtravelandmore.com\/es\/wp-json\/wp\/v2\/comments?post=30795"}],"wp:featuredmedia":[{"embeddable":true,"href":"https:\/\/tourtravelandmore.com\/es\/wp-json\/wp\/v2\/media\/30684"}],"wp:attachment":[{"href":"https:\/\/tourtravelandmore.com\/es\/wp-json\/wp\/v2\/media?parent=30795"}],"wp:term":[{"taxonomy":"product_brand","embeddable":true,"href":"https:\/\/tourtravelandmore.com\/es\/wp-json\/wp\/v2\/product_brand?post=30795"},{"taxonomy":"product_cat","embeddable":true,"href":"https:\/\/tourtravelandmore.com\/es\/wp-json\/wp\/v2\/product_cat?post=30795"},{"taxonomy":"product_tag","embeddable":true,"href":"https:\/\/tourtravelandmore.com\/es\/wp-json\/wp\/v2\/product_tag?post=30795"}],"curies":[{"name":"wp","href":"https:\/\/api.w.org\/{rel}","templated":true}]}}