{"id":30780,"date":"2019-01-09T11:26:07","date_gmt":"2019-01-09T10:26:10","guid":{"rendered":"http:\/\/tourtravelandmore.com\/es\/tours\/valencia-es\/tour-privado-a-santa-cruz-de-tenerife\/"},"modified":"2023-03-04T05:57:45","modified_gmt":"2023-03-04T04:57:45","slug":"tour-privado-a-santa-cruz-de-tenerife","status":"publish","type":"product","link":"https:\/\/tourtravelandmore.com\/es\/tours\/espana-es\/tenerife-es\/tour-privado-a-santa-cruz-de-tenerife\/","title":{"rendered":"Tour privado de Santa Cruz de Tenerife"},"content":{"rendered":"<h2><strong>Descripci\u00f3n del Tour privado de Santa Cruz de Tenerife<\/strong><\/h2>\n<p><span lang=\"es\">Aprovecha esta oportunidad para conocer la capital de Tenerife, gracias a este tour privado de Santa Cruz de Tenerife. Es la Ciudad m\u00e1s importante y la capital de la isla.<br \/>\n<\/span><\/p>\n<p><span lang=\"es\"> \u00a1Disfruta de este tour privado de Santa Cruz de Tenerife para aprender lo m\u00e1ximo posible de esta ciudad, junto a su chofer\/gu\u00eda privado.<\/span><\/p>\n<p><span lang=\"es\">Es la segunda ciudad m\u00e1s grande de las islas Canarias. Santa Cruz es una ciudad ubicada en el noreste de Tenerife. Esta ciudad posee el parlamento de las islas Canarias.<\/span><\/p>\n<p><span lang=\"es\">En 2012, fue reconocida como uno de los 5 mejores lugares para vivir en el mundo por el prestigioso diario The Guardian. Por eso no puedes dejar pasar esta oportunidad y conocer Santa Cruz.<\/span><\/p>\n<p>La duraci\u00f3n del tour son 5 horas. Podemos recogerles desde cualquier lugar de la Isla. Desde un Hotel, Apartamento o Terminal de Cruceros.<\/p>\n<p>El Tour es completamente privado, puedes escoger la hora y lugar de comienzo.<\/p>\n<p><span lang=\"es\">Nos dirigiremos a los sitios m\u00e1s importantes y disfrutaremos entre otros:<strong> la \u00d3pera de Tenerife, Torres de Santa Cruz, Plaza de Espa\u00f1a y mucho m\u00e1s.<\/strong><\/span><\/p>\n<h2>Puntos de inter\u00e9s en el Tour privado de Santa Cruz de Tenerife<\/h2>\n<p><span lang=\"es\">Una vez en Santa Cruz, disfrute de sus sitios m\u00e1s importantes:<\/span><\/p>\n<ul>\n<li><strong><span lang=\"es\">Playa de las Teresitas<\/span><\/strong><\/li>\n<li><strong><span lang=\"es\">Vistas del exterior del Museo de la Naturaleza y el Hombre<\/span><\/strong><\/li>\n<li><strong><span lang=\"es\">Palmetum de Santa Cruz de Tenerife<\/span><\/strong><\/li>\n<li><strong><span lang=\"es\">Parque Sanabria<\/span><\/strong><\/li>\n<li><strong><span lang=\"es\">Torres de Santa Cruz<\/span><\/strong><\/li>\n<li><strong><span lang=\"es\">Auditorio de Tenerife<\/span><\/strong><\/li>\n<li><strong><span lang=\"es\">Puerto de Santa Cruz de Tenerife<\/span><\/strong><\/li>\n<li><strong><span lang=\"es\">Iglesia Matriz de la Concepci\u00f3n<\/span><\/strong><\/li>\n<li><strong><span lang=\"es\">Plaza de la Candelaria<\/span><\/strong><\/li>\n<li><strong><span lang=\"es\">Plaza Espa\u00f1a<\/span><\/strong><\/li>\n<li><strong><span lang=\"es\">Castillo de San Crist\u00f3bal<\/span><\/strong><\/li>\n<li><strong><span lang=\"es\">Rambla Santa Cruz<\/span><\/strong><\/li>\n<li><strong><span lang=\"es\">Plaza del Pr\u00edncipe<\/span><\/strong><\/li>\n<li><strong><span lang=\"es\">\u00a1Mucho m\u00e1s!<\/span><\/strong><\/li>\n<\/ul>\n<p><span lang=\"es\">Despu\u00e9s de visitar los sitios m\u00e1s importantes de Santa Cruz, nuestro gu\u00eda privado te llevar\u00e1 de regreso a tu punto de partida.<\/span><\/p>\n<p><span lang=\"es\">Ofrecemos tours privados al Teide y a muchos otros lugares en Tenerife.<a href=\"https:\/\/tourtravelandmore.com\/es\/ciudad\/espana-es\/tenerife-es\/\"> \u00a1M\u00edralos aqu\u00ed!<\/a><\/span><\/p>\n<p>Todos nuestros tours son completamente privados, nos adaptamos a sus necesidades, solamente lo tiene que indicar y le podemos pasar una propuesta adaptada para usted.<\/p>\n","protected":false},"excerpt":{"rendered":"<p>Disfrute de esta oportunidad para conocer <strong>Santa Cruz de Tenerife con este tour completamente privado<\/strong> y personalizado. Tendr\u00e1 a su disposici\u00f3n un veh\u00edculo privado de lujo con chofer\/guia que lo llevara a recorrer todos los magnificos lugares de Santa Cruz de Tenerife. Podr\u00e1 conocer entre otros: <strong>Torres de Santa Cruz<\/strong>, <strong>Playa de las Teresitas<\/strong> y mucho mas!.<\/p>\n<p>&nbsp;<\/p>\n","protected":false},"featured_media":30727,"comment_status":"open","ping_status":"closed","template":"","meta":{"_acf_changed":false},"product_brand":[],"product_cat":[1023,1024,1025,1026],"product_tag":[],"class_list":{"0":"post-30780","1":"product","2":"type-product","3":"status-publish","4":"has-post-thumbnail","6":"product_cat-tenerife-es","7":"product_cat-tenerife-actividades-es","8":"product_cat-tenerife-rutas-turisticas-privadas-es","9":"product_cat-tenerife-excursiones-privadas-cruceros-es","11":"first","12":"instock","13":"shipping-taxable","14":"purchasable","15":"product-type-simple"},"acf":[],"yoast_head":"<!-- This site is optimized with the Yoast SEO Premium plugin v25.3.1 (Yoast SEO v25.3.1) - https:\/\/yoast.com\/wordpress\/plugins\/seo\/ -->\n<title>\u27a1\ufe0f Tour Privado Santa Cruz de Tenerife con Chofer\/guia incluido | Tour Travel &amp; More<\/title>\n<meta name=\"description\" content=\"Descubra la capital de la Isla, gracias a este tour privado de Santa Cruz de Tenerife con chofer\/guia y recogida y devoluci\u00f3n desde cualquier lugar \u2705\" \/>\n<meta name=\"robots\" content=\"index, follow, max-snippet:-1, max-image-preview:large, max-video-preview:-1\" \/>\n<link rel=\"canonical\" href=\"https:\/\/tourtravelandmore.com\/es\/tours\/espana-es\/tenerife-es\/tour-privado-a-santa-cruz-de-tenerife\/\" \/>\n<meta property=\"og:locale\" content=\"es_ES\" \/>\n<meta property=\"og:type\" content=\"article\" \/>\n<meta property=\"og:title\" content=\"Tour privado de Santa Cruz de Tenerife\" \/>\n<meta property=\"og:description\" content=\"Descubra la capital de la Isla, gracias a este tour privado de Santa Cruz de Tenerife con chofer\/guia y recogida y devoluci\u00f3n desde cualquier lugar \u2705\" \/>\n<meta property=\"og:url\" content=\"https:\/\/tourtravelandmore.com\/es\/tours\/espana-es\/tenerife-es\/tour-privado-a-santa-cruz-de-tenerife\/\" \/>\n<meta property=\"og:site_name\" content=\"Tour Travel And More\" \/>\n<meta property=\"article:publisher\" content=\"https:\/\/www.facebook.com\/tourtravelandmore\/\" \/>\n<meta property=\"article:modified_time\" content=\"2023-03-04T04:57:45+00:00\" \/>\n<meta property=\"og:image\" content=\"https:\/\/tourtravelandmore.com\/wp-content\/uploads\/2019\/01\/tenerife-943604_960_720.jpg\" \/>\n\t<meta property=\"og:image:width\" content=\"960\" \/>\n\t<meta property=\"og:image:height\" content=\"666\" \/>\n\t<meta property=\"og:image:type\" content=\"image\/jpeg\" \/>\n<meta name=\"twitter:card\" content=\"summary_large_image\" \/>\n<meta name=\"twitter:site\" content=\"@TourTravel_More\" \/>\n<meta name=\"twitter:label1\" content=\"Tiempo de lectura\" \/>\n\t<meta name=\"twitter:data1\" content=\"2 minutos\" \/>\n<script type=\"application\/ld+json\" class=\"yoast-schema-graph\">{\"@context\":\"https:\/\/schema.org\",\"@graph\":[{\"@type\":\"WebPage\",\"@id\":\"https:\/\/tourtravelandmore.com\/es\/tours\/espana-es\/tenerife-es\/tour-privado-a-santa-cruz-de-tenerife\/\",\"url\":\"https:\/\/tourtravelandmore.com\/es\/tours\/espana-es\/tenerife-es\/tour-privado-a-santa-cruz-de-tenerife\/\",\"name\":\"\u27a1\ufe0f Tour Privado Santa Cruz de Tenerife con Chofer\/guia incluido | Tour Travel & More\",\"isPartOf\":{\"@id\":\"https:\/\/tourtravelandmore.com\/es\/#website\"},\"primaryImageOfPage\":{\"@id\":\"https:\/\/tourtravelandmore.com\/es\/tours\/espana-es\/tenerife-es\/tour-privado-a-santa-cruz-de-tenerife\/#primaryimage\"},\"image\":{\"@id\":\"https:\/\/tourtravelandmore.com\/es\/tours\/espana-es\/tenerife-es\/tour-privado-a-santa-cruz-de-tenerife\/#primaryimage\"},\"thumbnailUrl\":\"https:\/\/tourtravelandmore.com\/wp-content\/uploads\/2019\/01\/tenerife-943604_960_720.jpg\",\"datePublished\":\"2019-01-09T10:26:10+00:00\",\"dateModified\":\"2023-03-04T04:57:45+00:00\",\"description\":\"Descubra la capital de la Isla, gracias a este tour privado de Santa Cruz de Tenerife con chofer\/guia y recogida y devoluci\u00f3n desde cualquier lugar \u2705\",\"breadcrumb\":{\"@id\":\"https:\/\/tourtravelandmore.com\/es\/tours\/espana-es\/tenerife-es\/tour-privado-a-santa-cruz-de-tenerife\/#breadcrumb\"},\"inLanguage\":\"es\",\"potentialAction\":[{\"@type\":\"ReadAction\",\"target\":[\"https:\/\/tourtravelandmore.com\/es\/tours\/espana-es\/tenerife-es\/tour-privado-a-santa-cruz-de-tenerife\/\"]}]},{\"@type\":\"ImageObject\",\"inLanguage\":\"es\",\"@id\":\"https:\/\/tourtravelandmore.com\/es\/tours\/espana-es\/tenerife-es\/tour-privado-a-santa-cruz-de-tenerife\/#primaryimage\",\"url\":\"https:\/\/tourtravelandmore.com\/wp-content\/uploads\/2019\/01\/tenerife-943604_960_720.jpg\",\"contentUrl\":\"https:\/\/tourtravelandmore.com\/wp-content\/uploads\/2019\/01\/tenerife-943604_960_720.jpg\",\"width\":960,\"height\":666},{\"@type\":\"BreadcrumbList\",\"@id\":\"https:\/\/tourtravelandmore.com\/es\/tours\/espana-es\/tenerife-es\/tour-privado-a-santa-cruz-de-tenerife\/#breadcrumb\",\"itemListElement\":[{\"@type\":\"ListItem\",\"position\":1,\"name\":\"Home\",\"item\":\"https:\/\/tourtravelandmore.com\/es\/\"},{\"@type\":\"ListItem\",\"position\":2,\"name\":\"Tours\",\"item\":\"https:\/\/tourtravelandmore.com\/es\/tours\/\"},{\"@type\":\"ListItem\",\"position\":3,\"name\":\"Tour privado de Santa Cruz de Tenerife\"}]},{\"@type\":\"WebSite\",\"@id\":\"https:\/\/tourtravelandmore.com\/es\/#website\",\"url\":\"https:\/\/tourtravelandmore.com\/es\/\",\"name\":\"Tour Travel And More\",\"description\":\"Private sightseeing tours and luxury transfers in Spain\",\"publisher\":{\"@id\":\"https:\/\/tourtravelandmore.com\/es\/#organization\"},\"potentialAction\":[{\"@type\":\"SearchAction\",\"target\":{\"@type\":\"EntryPoint\",\"urlTemplate\":\"https:\/\/tourtravelandmore.com\/es\/?s={search_term_string}\"},\"query-input\":{\"@type\":\"PropertyValueSpecification\",\"valueRequired\":true,\"valueName\":\"search_term_string\"}}],\"inLanguage\":\"es\"},{\"@type\":\"Organization\",\"@id\":\"https:\/\/tourtravelandmore.com\/es\/#organization\",\"name\":\"Tour Travel And More\",\"url\":\"https:\/\/tourtravelandmore.com\/es\/\",\"logo\":{\"@type\":\"ImageObject\",\"inLanguage\":\"es\",\"@id\":\"https:\/\/tourtravelandmore.com\/es\/#\/schema\/logo\/image\/\",\"url\":\"https:\/\/tourtravelandmore.com\/wp-content\/uploads\/2022\/12\/cropped-logo-cabecera-new.png\",\"contentUrl\":\"https:\/\/tourtravelandmore.com\/wp-content\/uploads\/2022\/12\/cropped-logo-cabecera-new.png\",\"width\":430,\"height\":61,\"caption\":\"Tour Travel And More\"},\"image\":{\"@id\":\"https:\/\/tourtravelandmore.com\/es\/#\/schema\/logo\/image\/\"},\"sameAs\":[\"https:\/\/www.facebook.com\/tourtravelandmore\/\",\"https:\/\/x.com\/TourTravel_More\"]}]}<\/script>\n<!-- \/ Yoast SEO Premium plugin. -->","yoast_head_json":{"title":"\u27a1\ufe0f Tour Privado Santa Cruz de Tenerife con Chofer\/guia incluido | Tour Travel & More","description":"Descubra la capital de la Isla, gracias a este tour privado de Santa Cruz de Tenerife con chofer\/guia y recogida y devoluci\u00f3n desde cualquier lugar \u2705","robots":{"index":"index","follow":"follow","max-snippet":"max-snippet:-1","max-image-preview":"max-image-preview:large","max-video-preview":"max-video-preview:-1"},"canonical":"https:\/\/tourtravelandmore.com\/es\/tours\/espana-es\/tenerife-es\/tour-privado-a-santa-cruz-de-tenerife\/","og_locale":"es_ES","og_type":"article","og_title":"Tour privado de Santa Cruz de Tenerife","og_description":"Descubra la capital de la Isla, gracias a este tour privado de Santa Cruz de Tenerife con chofer\/guia y recogida y devoluci\u00f3n desde cualquier lugar \u2705","og_url":"https:\/\/tourtravelandmore.com\/es\/tours\/espana-es\/tenerife-es\/tour-privado-a-santa-cruz-de-tenerife\/","og_site_name":"Tour Travel And More","article_publisher":"https:\/\/www.facebook.com\/tourtravelandmore\/","article_modified_time":"2023-03-04T04:57:45+00:00","og_image":[{"width":960,"height":666,"url":"https:\/\/tourtravelandmore.com\/wp-content\/uploads\/2019\/01\/tenerife-943604_960_720.jpg","type":"image\/jpeg"}],"twitter_card":"summary_large_image","twitter_site":"@TourTravel_More","twitter_misc":{"Tiempo de lectura":"2 minutos"},"schema":{"@context":"https:\/\/schema.org","@graph":[{"@type":"WebPage","@id":"https:\/\/tourtravelandmore.com\/es\/tours\/espana-es\/tenerife-es\/tour-privado-a-santa-cruz-de-tenerife\/","url":"https:\/\/tourtravelandmore.com\/es\/tours\/espana-es\/tenerife-es\/tour-privado-a-santa-cruz-de-tenerife\/","name":"\u27a1\ufe0f Tour Privado Santa Cruz de Tenerife con Chofer\/guia incluido | Tour Travel & More","isPartOf":{"@id":"https:\/\/tourtravelandmore.com\/es\/#website"},"primaryImageOfPage":{"@id":"https:\/\/tourtravelandmore.com\/es\/tours\/espana-es\/tenerife-es\/tour-privado-a-santa-cruz-de-tenerife\/#primaryimage"},"image":{"@id":"https:\/\/tourtravelandmore.com\/es\/tours\/espana-es\/tenerife-es\/tour-privado-a-santa-cruz-de-tenerife\/#primaryimage"},"thumbnailUrl":"https:\/\/tourtravelandmore.com\/wp-content\/uploads\/2019\/01\/tenerife-943604_960_720.jpg","datePublished":"2019-01-09T10:26:10+00:00","dateModified":"2023-03-04T04:57:45+00:00","description":"Descubra la capital de la Isla, gracias a este tour privado de Santa Cruz de Tenerife con chofer\/guia y recogida y devoluci\u00f3n desde cualquier lugar \u2705","breadcrumb":{"@id":"https:\/\/tourtravelandmore.com\/es\/tours\/espana-es\/tenerife-es\/tour-privado-a-santa-cruz-de-tenerife\/#breadcrumb"},"inLanguage":"es","potentialAction":[{"@type":"ReadAction","target":["https:\/\/tourtravelandmore.com\/es\/tours\/espana-es\/tenerife-es\/tour-privado-a-santa-cruz-de-tenerife\/"]}]},{"@type":"ImageObject","inLanguage":"es","@id":"https:\/\/tourtravelandmore.com\/es\/tours\/espana-es\/tenerife-es\/tour-privado-a-santa-cruz-de-tenerife\/#primaryimage","url":"https:\/\/tourtravelandmore.com\/wp-content\/uploads\/2019\/01\/tenerife-943604_960_720.jpg","contentUrl":"https:\/\/tourtravelandmore.com\/wp-content\/uploads\/2019\/01\/tenerife-943604_960_720.jpg","width":960,"height":666},{"@type":"BreadcrumbList","@id":"https:\/\/tourtravelandmore.com\/es\/tours\/espana-es\/tenerife-es\/tour-privado-a-santa-cruz-de-tenerife\/#breadcrumb","itemListElement":[{"@type":"ListItem","position":1,"name":"Home","item":"https:\/\/tourtravelandmore.com\/es\/"},{"@type":"ListItem","position":2,"name":"Tours","item":"https:\/\/tourtravelandmore.com\/es\/tours\/"},{"@type":"ListItem","position":3,"name":"Tour privado de Santa Cruz de Tenerife"}]},{"@type":"WebSite","@id":"https:\/\/tourtravelandmore.com\/es\/#website","url":"https:\/\/tourtravelandmore.com\/es\/","name":"Tour Travel And More","description":"Private sightseeing tours and luxury transfers in Spain","publisher":{"@id":"https:\/\/tourtravelandmore.com\/es\/#organization"},"potentialAction":[{"@type":"SearchAction","target":{"@type":"EntryPoint","urlTemplate":"https:\/\/tourtravelandmore.com\/es\/?s={search_term_string}"},"query-input":{"@type":"PropertyValueSpecification","valueRequired":true,"valueName":"search_term_string"}}],"inLanguage":"es"},{"@type":"Organization","@id":"https:\/\/tourtravelandmore.com\/es\/#organization","name":"Tour Travel And More","url":"https:\/\/tourtravelandmore.com\/es\/","logo":{"@type":"ImageObject","inLanguage":"es","@id":"https:\/\/tourtravelandmore.com\/es\/#\/schema\/logo\/image\/","url":"https:\/\/tourtravelandmore.com\/wp-content\/uploads\/2022\/12\/cropped-logo-cabecera-new.png","contentUrl":"https:\/\/tourtravelandmore.com\/wp-content\/uploads\/2022\/12\/cropped-logo-cabecera-new.png","width":430,"height":61,"caption":"Tour Travel And More"},"image":{"@id":"https:\/\/tourtravelandmore.com\/es\/#\/schema\/logo\/image\/"},"sameAs":["https:\/\/www.facebook.com\/tourtravelandmore\/","https:\/\/x.com\/TourTravel_More"]}]}},"_links":{"self":[{"href":"https:\/\/tourtravelandmore.com\/es\/wp-json\/wp\/v2\/product\/30780","targetHints":{"allow":["GET"]}}],"collection":[{"href":"https:\/\/tourtravelandmore.com\/es\/wp-json\/wp\/v2\/product"}],"about":[{"href":"https:\/\/tourtravelandmore.com\/es\/wp-json\/wp\/v2\/types\/product"}],"replies":[{"embeddable":true,"href":"https:\/\/tourtravelandmore.com\/es\/wp-json\/wp\/v2\/comments?post=30780"}],"wp:featuredmedia":[{"embeddable":true,"href":"https:\/\/tourtravelandmore.com\/es\/wp-json\/wp\/v2\/media\/30727"}],"wp:attachment":[{"href":"https:\/\/tourtravelandmore.com\/es\/wp-json\/wp\/v2\/media?parent=30780"}],"wp:term":[{"taxonomy":"product_brand","embeddable":true,"href":"https:\/\/tourtravelandmore.com\/es\/wp-json\/wp\/v2\/product_brand?post=30780"},{"taxonomy":"product_cat","embeddable":true,"href":"https:\/\/tourtravelandmore.com\/es\/wp-json\/wp\/v2\/product_cat?post=30780"},{"taxonomy":"product_tag","embeddable":true,"href":"https:\/\/tourtravelandmore.com\/es\/wp-json\/wp\/v2\/product_tag?post=30780"}],"curies":[{"name":"wp","href":"https:\/\/api.w.org\/{rel}","templated":true}]}}