{"id":30719,"date":"2019-01-07T14:40:26","date_gmt":"2019-01-07T13:40:28","guid":{"rendered":"http:\/\/tourtravelandmore.com\/es\/tours\/valencia-es\/tour-privado-a-norte-y-oeste-de-tenerife\/"},"modified":"2023-03-04T06:11:06","modified_gmt":"2023-03-04T05:11:06","slug":"tour-privado-a-norte-y-oeste-de-tenerife","status":"publish","type":"product","link":"https:\/\/tourtravelandmore.com\/es\/tours\/espana-es\/tenerife-es\/tour-privado-a-norte-y-oeste-de-tenerife\/","title":{"rendered":"Tour privado al Norte y Oeste de Tenerife con chofer y gu\u00eda privados"},"content":{"rendered":"<h2>Descripci\u00f3n del Tour privado al Norte y Oeste de Tenerife con chofer y gu\u00eda privados<\/h2>\n<p>Disfrute de esta disposici\u00f3n privada con vuestro veh\u00edculo privado con chofer y conoce los lugares m\u00e1s bonitos del Norte y Oeste de Tenerife c\u00f3modamente dentro de vuestro veh\u00edculo privado y junto a su gu\u00eda oficial separado. Pueden escoger la hora de salida del tour y vuestro lugar de recogida dentro de la isla de Tenerife.<br \/>\nEste tour es completamente personalizable y pod\u00e9is organizarlo como quer\u00e1is y lo que busc\u00e1is. Puede personalizar vuestro tour s\u00f3lo contactando con nosotros. Aqu\u00ed os dejamos un ejemplo de itinerario, el tour ser\u00e1 personalizado para que ve\u00e1is y conozc\u00e1is exactamente lo que quer\u00e9is ver en Tenerife.<\/p>\n<h2>Principales puntos de inter\u00e9s durante este tour privado<\/h2>\n<p>El <strong>tour privado<\/strong> empezar\u00e1 desde su hotel, puerto de cruceros o apartamento dentro de <strong>Tenerife<\/strong>. Su chofer y su gu\u00eda les recoger\u00e1n y empezar\u00e1n por recorrer la isla para conocer el norte y el oeste de Tenerife.<\/p>\n<p>Durante vuestro d\u00eda, podr\u00e9is ver, entre otros, los siguientes lugares de inter\u00e9s:<\/p>\n<ul>\n<li><strong>Icod de los Vinos<\/strong>\n<ul>\n<li><strong>Arbol del Dragon<\/strong><\/li>\n<li><strong>San Marcos<\/strong><\/li>\n<li><strong>El Guincho<\/strong><\/li>\n<li><strong>Rambla de Castro<\/strong><\/li>\n<\/ul>\n<\/li>\n<li><strong>Puerto de Garachico<\/strong><\/li>\n<li><strong>Y muchos m\u00e1s!<\/strong><\/li>\n<\/ul>\n<p>Vuestro veh\u00edculo privado os devolver\u00e1 a vuestro hotel o apartamento para que pod\u00e1is ir a descansar y recuperar fuerzas! Si necesita ser devuelto a la terminal de cruceros tambi\u00e9n le podemos llevar sin ning\u00fan problema.<\/p>\n<h3>Tenerife<\/h3>\n<p>Tenerife es la isla m\u00e1s grande de las islas Canarias, y a su vez la m\u00e1s habitada. Tiene m\u00e1s de 900,000 residentes. La isla recibe m\u00e1s de 5 millones de turistas cada a\u00f1o. En Tenerife se puede disfrutar de uno de los carnavales m\u00e1s importantes del mundo, el Carnaval de Santa Cruz de Tenerife. La capital es Santa Cruz de Tenerife, all\u00ed es donde est\u00e1 ubicado el gobierno. Uno de los lugares m\u00e1s importantes y de inter\u00e9s es el Parque Nacional Teide, el cual est\u00e1 ubicado en el centro de la isla, y es patrimonio de la UNESCO. El Teide es el punto m\u00e1s alto de Espa\u00f1a.<\/p>\n<h3>Nuestros Tours Privados en Tour Travel &amp; More<\/h3>\n<p>Ofrecemos a nuestros clientes tours privados para familias, amigos e incluso para incentivos o grupos grandes. Entendemos las necesidades de los viajeros mientras est\u00e1n de vacaciones, y hacemos todo lo posible para que su estancia sea inolvidable. Nuestra flota se compone de veh\u00edculos de lujo y nuestro personal es perfectamente multiling\u00fce. Nuestros gu\u00edas en Espa\u00f1a hablan varios idiomas: Ingl\u00e9s, Espa\u00f1ol, Franc\u00e9s, Italiano, Polaco, Holand\u00e9s, Chino, Ruso, Japon\u00e9s, Alem\u00e1n, Griego y Portugu\u00e9s.<\/p>\n","protected":false},"excerpt":{"rendered":"<p>Tome esta oportunidad para conocer y disfrutar esta ruta del Norte y del Oeste de Tenerife junto con su chofer privado en un veh\u00edculo de lujo y junto a su gu\u00eda oficial separado. Disfrute de los lugares especiales del norte y del Oeste de Tenerife, sus hermosos paisajes y sitios m\u00e1s emblem\u00e1ticos.<\/p>\n<p>&nbsp;<\/p>\n","protected":false},"featured_media":30725,"comment_status":"open","ping_status":"closed","template":"","meta":{"_acf_changed":false},"product_brand":[],"product_cat":[1023,1024,1025,1026],"product_tag":[],"class_list":{"0":"post-30719","1":"product","2":"type-product","3":"status-publish","4":"has-post-thumbnail","6":"product_cat-tenerife-es","7":"product_cat-tenerife-actividades-es","8":"product_cat-tenerife-rutas-turisticas-privadas-es","9":"product_cat-tenerife-excursiones-privadas-cruceros-es","11":"first","12":"instock","13":"shipping-taxable","14":"purchasable","15":"product-type-simple"},"acf":[],"yoast_head":"<!-- This site is optimized with the Yoast SEO Premium plugin v25.3.1 (Yoast SEO v25.3.1) - https:\/\/yoast.com\/wordpress\/plugins\/seo\/ -->\n<title>\u27a1\ufe0f Excursi\u00f3n privada al Norte y Oeste de Tenerife junto a su gu\u00eda privado | Tour Travel &amp; More<\/title>\n<meta name=\"description\" content=\"Descubra la zona Norte y Oeste de Tenerife junto a su gu\u00eda privado, en su veh\u00edculo privado de lujo. Recogida en el puerto o sitio deseado por usted \u2705\" \/>\n<meta name=\"robots\" content=\"index, follow, max-snippet:-1, max-image-preview:large, max-video-preview:-1\" \/>\n<link rel=\"canonical\" href=\"https:\/\/tourtravelandmore.com\/es\/tours\/espana-es\/tenerife-es\/tour-privado-a-norte-y-oeste-de-tenerife\/\" \/>\n<meta property=\"og:locale\" content=\"es_ES\" \/>\n<meta property=\"og:type\" content=\"article\" \/>\n<meta property=\"og:title\" content=\"Tour privado al Norte y Oeste de Tenerife con chofer y gu\u00eda privados\" \/>\n<meta property=\"og:description\" content=\"Descubra la zona Norte y Oeste de Tenerife junto a su gu\u00eda privado, en su veh\u00edculo privado de lujo. Recogida en el puerto o sitio deseado por usted \u2705\" \/>\n<meta property=\"og:url\" content=\"https:\/\/tourtravelandmore.com\/es\/tours\/espana-es\/tenerife-es\/tour-privado-a-norte-y-oeste-de-tenerife\/\" \/>\n<meta property=\"og:site_name\" content=\"Tour Travel And More\" \/>\n<meta property=\"article:publisher\" content=\"https:\/\/www.facebook.com\/tourtravelandmore\/\" \/>\n<meta property=\"article:modified_time\" content=\"2023-03-04T05:11:06+00:00\" \/>\n<meta property=\"og:image\" content=\"https:\/\/tourtravelandmore.com\/wp-content\/uploads\/2019\/01\/tenerife-4.jpg\" \/>\n\t<meta property=\"og:image:width\" content=\"1350\" \/>\n\t<meta property=\"og:image:height\" content=\"855\" \/>\n\t<meta property=\"og:image:type\" content=\"image\/jpeg\" \/>\n<meta name=\"twitter:card\" content=\"summary_large_image\" \/>\n<meta name=\"twitter:site\" content=\"@TourTravel_More\" \/>\n<meta name=\"twitter:label1\" content=\"Tiempo de lectura\" \/>\n\t<meta name=\"twitter:data1\" content=\"2 minutos\" \/>\n<script type=\"application\/ld+json\" class=\"yoast-schema-graph\">{\"@context\":\"https:\/\/schema.org\",\"@graph\":[{\"@type\":\"WebPage\",\"@id\":\"https:\/\/tourtravelandmore.com\/es\/tours\/espana-es\/tenerife-es\/tour-privado-a-norte-y-oeste-de-tenerife\/\",\"url\":\"https:\/\/tourtravelandmore.com\/es\/tours\/espana-es\/tenerife-es\/tour-privado-a-norte-y-oeste-de-tenerife\/\",\"name\":\"\u27a1\ufe0f Excursi\u00f3n privada al Norte y Oeste de Tenerife junto a su gu\u00eda privado | Tour Travel & More\",\"isPartOf\":{\"@id\":\"https:\/\/tourtravelandmore.com\/es\/#website\"},\"primaryImageOfPage\":{\"@id\":\"https:\/\/tourtravelandmore.com\/es\/tours\/espana-es\/tenerife-es\/tour-privado-a-norte-y-oeste-de-tenerife\/#primaryimage\"},\"image\":{\"@id\":\"https:\/\/tourtravelandmore.com\/es\/tours\/espana-es\/tenerife-es\/tour-privado-a-norte-y-oeste-de-tenerife\/#primaryimage\"},\"thumbnailUrl\":\"https:\/\/tourtravelandmore.com\/wp-content\/uploads\/2019\/01\/tenerife-4.jpg\",\"datePublished\":\"2019-01-07T13:40:28+00:00\",\"dateModified\":\"2023-03-04T05:11:06+00:00\",\"description\":\"Descubra la zona Norte y Oeste de Tenerife junto a su gu\u00eda privado, en su veh\u00edculo privado de lujo. Recogida en el puerto o sitio deseado por usted \u2705\",\"breadcrumb\":{\"@id\":\"https:\/\/tourtravelandmore.com\/es\/tours\/espana-es\/tenerife-es\/tour-privado-a-norte-y-oeste-de-tenerife\/#breadcrumb\"},\"inLanguage\":\"es\",\"potentialAction\":[{\"@type\":\"ReadAction\",\"target\":[\"https:\/\/tourtravelandmore.com\/es\/tours\/espana-es\/tenerife-es\/tour-privado-a-norte-y-oeste-de-tenerife\/\"]}]},{\"@type\":\"ImageObject\",\"inLanguage\":\"es\",\"@id\":\"https:\/\/tourtravelandmore.com\/es\/tours\/espana-es\/tenerife-es\/tour-privado-a-norte-y-oeste-de-tenerife\/#primaryimage\",\"url\":\"https:\/\/tourtravelandmore.com\/wp-content\/uploads\/2019\/01\/tenerife-4.jpg\",\"contentUrl\":\"https:\/\/tourtravelandmore.com\/wp-content\/uploads\/2019\/01\/tenerife-4.jpg\",\"width\":1350,\"height\":855},{\"@type\":\"BreadcrumbList\",\"@id\":\"https:\/\/tourtravelandmore.com\/es\/tours\/espana-es\/tenerife-es\/tour-privado-a-norte-y-oeste-de-tenerife\/#breadcrumb\",\"itemListElement\":[{\"@type\":\"ListItem\",\"position\":1,\"name\":\"Home\",\"item\":\"https:\/\/tourtravelandmore.com\/es\/\"},{\"@type\":\"ListItem\",\"position\":2,\"name\":\"Tours\",\"item\":\"https:\/\/tourtravelandmore.com\/es\/tours\/\"},{\"@type\":\"ListItem\",\"position\":3,\"name\":\"Tour privado al Norte y Oeste de Tenerife con chofer y gu\u00eda privados\"}]},{\"@type\":\"WebSite\",\"@id\":\"https:\/\/tourtravelandmore.com\/es\/#website\",\"url\":\"https:\/\/tourtravelandmore.com\/es\/\",\"name\":\"Tour Travel And More\",\"description\":\"Private sightseeing tours and luxury transfers in Spain\",\"publisher\":{\"@id\":\"https:\/\/tourtravelandmore.com\/es\/#organization\"},\"potentialAction\":[{\"@type\":\"SearchAction\",\"target\":{\"@type\":\"EntryPoint\",\"urlTemplate\":\"https:\/\/tourtravelandmore.com\/es\/?s={search_term_string}\"},\"query-input\":{\"@type\":\"PropertyValueSpecification\",\"valueRequired\":true,\"valueName\":\"search_term_string\"}}],\"inLanguage\":\"es\"},{\"@type\":\"Organization\",\"@id\":\"https:\/\/tourtravelandmore.com\/es\/#organization\",\"name\":\"Tour Travel And More\",\"url\":\"https:\/\/tourtravelandmore.com\/es\/\",\"logo\":{\"@type\":\"ImageObject\",\"inLanguage\":\"es\",\"@id\":\"https:\/\/tourtravelandmore.com\/es\/#\/schema\/logo\/image\/\",\"url\":\"https:\/\/tourtravelandmore.com\/wp-content\/uploads\/2022\/12\/cropped-logo-cabecera-new.png\",\"contentUrl\":\"https:\/\/tourtravelandmore.com\/wp-content\/uploads\/2022\/12\/cropped-logo-cabecera-new.png\",\"width\":430,\"height\":61,\"caption\":\"Tour Travel And More\"},\"image\":{\"@id\":\"https:\/\/tourtravelandmore.com\/es\/#\/schema\/logo\/image\/\"},\"sameAs\":[\"https:\/\/www.facebook.com\/tourtravelandmore\/\",\"https:\/\/x.com\/TourTravel_More\"]}]}<\/script>\n<!-- \/ Yoast SEO Premium plugin. -->","yoast_head_json":{"title":"\u27a1\ufe0f Excursi\u00f3n privada al Norte y Oeste de Tenerife junto a su gu\u00eda privado | Tour Travel & More","description":"Descubra la zona Norte y Oeste de Tenerife junto a su gu\u00eda privado, en su veh\u00edculo privado de lujo. Recogida en el puerto o sitio deseado por usted \u2705","robots":{"index":"index","follow":"follow","max-snippet":"max-snippet:-1","max-image-preview":"max-image-preview:large","max-video-preview":"max-video-preview:-1"},"canonical":"https:\/\/tourtravelandmore.com\/es\/tours\/espana-es\/tenerife-es\/tour-privado-a-norte-y-oeste-de-tenerife\/","og_locale":"es_ES","og_type":"article","og_title":"Tour privado al Norte y Oeste de Tenerife con chofer y gu\u00eda privados","og_description":"Descubra la zona Norte y Oeste de Tenerife junto a su gu\u00eda privado, en su veh\u00edculo privado de lujo. Recogida en el puerto o sitio deseado por usted \u2705","og_url":"https:\/\/tourtravelandmore.com\/es\/tours\/espana-es\/tenerife-es\/tour-privado-a-norte-y-oeste-de-tenerife\/","og_site_name":"Tour Travel And More","article_publisher":"https:\/\/www.facebook.com\/tourtravelandmore\/","article_modified_time":"2023-03-04T05:11:06+00:00","og_image":[{"width":1350,"height":855,"url":"https:\/\/tourtravelandmore.com\/wp-content\/uploads\/2019\/01\/tenerife-4.jpg","type":"image\/jpeg"}],"twitter_card":"summary_large_image","twitter_site":"@TourTravel_More","twitter_misc":{"Tiempo de lectura":"2 minutos"},"schema":{"@context":"https:\/\/schema.org","@graph":[{"@type":"WebPage","@id":"https:\/\/tourtravelandmore.com\/es\/tours\/espana-es\/tenerife-es\/tour-privado-a-norte-y-oeste-de-tenerife\/","url":"https:\/\/tourtravelandmore.com\/es\/tours\/espana-es\/tenerife-es\/tour-privado-a-norte-y-oeste-de-tenerife\/","name":"\u27a1\ufe0f Excursi\u00f3n privada al Norte y Oeste de Tenerife junto a su gu\u00eda privado | Tour Travel & More","isPartOf":{"@id":"https:\/\/tourtravelandmore.com\/es\/#website"},"primaryImageOfPage":{"@id":"https:\/\/tourtravelandmore.com\/es\/tours\/espana-es\/tenerife-es\/tour-privado-a-norte-y-oeste-de-tenerife\/#primaryimage"},"image":{"@id":"https:\/\/tourtravelandmore.com\/es\/tours\/espana-es\/tenerife-es\/tour-privado-a-norte-y-oeste-de-tenerife\/#primaryimage"},"thumbnailUrl":"https:\/\/tourtravelandmore.com\/wp-content\/uploads\/2019\/01\/tenerife-4.jpg","datePublished":"2019-01-07T13:40:28+00:00","dateModified":"2023-03-04T05:11:06+00:00","description":"Descubra la zona Norte y Oeste de Tenerife junto a su gu\u00eda privado, en su veh\u00edculo privado de lujo. Recogida en el puerto o sitio deseado por usted \u2705","breadcrumb":{"@id":"https:\/\/tourtravelandmore.com\/es\/tours\/espana-es\/tenerife-es\/tour-privado-a-norte-y-oeste-de-tenerife\/#breadcrumb"},"inLanguage":"es","potentialAction":[{"@type":"ReadAction","target":["https:\/\/tourtravelandmore.com\/es\/tours\/espana-es\/tenerife-es\/tour-privado-a-norte-y-oeste-de-tenerife\/"]}]},{"@type":"ImageObject","inLanguage":"es","@id":"https:\/\/tourtravelandmore.com\/es\/tours\/espana-es\/tenerife-es\/tour-privado-a-norte-y-oeste-de-tenerife\/#primaryimage","url":"https:\/\/tourtravelandmore.com\/wp-content\/uploads\/2019\/01\/tenerife-4.jpg","contentUrl":"https:\/\/tourtravelandmore.com\/wp-content\/uploads\/2019\/01\/tenerife-4.jpg","width":1350,"height":855},{"@type":"BreadcrumbList","@id":"https:\/\/tourtravelandmore.com\/es\/tours\/espana-es\/tenerife-es\/tour-privado-a-norte-y-oeste-de-tenerife\/#breadcrumb","itemListElement":[{"@type":"ListItem","position":1,"name":"Home","item":"https:\/\/tourtravelandmore.com\/es\/"},{"@type":"ListItem","position":2,"name":"Tours","item":"https:\/\/tourtravelandmore.com\/es\/tours\/"},{"@type":"ListItem","position":3,"name":"Tour privado al Norte y Oeste de Tenerife con chofer y gu\u00eda privados"}]},{"@type":"WebSite","@id":"https:\/\/tourtravelandmore.com\/es\/#website","url":"https:\/\/tourtravelandmore.com\/es\/","name":"Tour Travel And More","description":"Private sightseeing tours and luxury transfers in Spain","publisher":{"@id":"https:\/\/tourtravelandmore.com\/es\/#organization"},"potentialAction":[{"@type":"SearchAction","target":{"@type":"EntryPoint","urlTemplate":"https:\/\/tourtravelandmore.com\/es\/?s={search_term_string}"},"query-input":{"@type":"PropertyValueSpecification","valueRequired":true,"valueName":"search_term_string"}}],"inLanguage":"es"},{"@type":"Organization","@id":"https:\/\/tourtravelandmore.com\/es\/#organization","name":"Tour Travel And More","url":"https:\/\/tourtravelandmore.com\/es\/","logo":{"@type":"ImageObject","inLanguage":"es","@id":"https:\/\/tourtravelandmore.com\/es\/#\/schema\/logo\/image\/","url":"https:\/\/tourtravelandmore.com\/wp-content\/uploads\/2022\/12\/cropped-logo-cabecera-new.png","contentUrl":"https:\/\/tourtravelandmore.com\/wp-content\/uploads\/2022\/12\/cropped-logo-cabecera-new.png","width":430,"height":61,"caption":"Tour Travel And More"},"image":{"@id":"https:\/\/tourtravelandmore.com\/es\/#\/schema\/logo\/image\/"},"sameAs":["https:\/\/www.facebook.com\/tourtravelandmore\/","https:\/\/x.com\/TourTravel_More"]}]}},"_links":{"self":[{"href":"https:\/\/tourtravelandmore.com\/es\/wp-json\/wp\/v2\/product\/30719","targetHints":{"allow":["GET"]}}],"collection":[{"href":"https:\/\/tourtravelandmore.com\/es\/wp-json\/wp\/v2\/product"}],"about":[{"href":"https:\/\/tourtravelandmore.com\/es\/wp-json\/wp\/v2\/types\/product"}],"replies":[{"embeddable":true,"href":"https:\/\/tourtravelandmore.com\/es\/wp-json\/wp\/v2\/comments?post=30719"}],"wp:featuredmedia":[{"embeddable":true,"href":"https:\/\/tourtravelandmore.com\/es\/wp-json\/wp\/v2\/media\/30725"}],"wp:attachment":[{"href":"https:\/\/tourtravelandmore.com\/es\/wp-json\/wp\/v2\/media?parent=30719"}],"wp:term":[{"taxonomy":"product_brand","embeddable":true,"href":"https:\/\/tourtravelandmore.com\/es\/wp-json\/wp\/v2\/product_brand?post=30719"},{"taxonomy":"product_cat","embeddable":true,"href":"https:\/\/tourtravelandmore.com\/es\/wp-json\/wp\/v2\/product_cat?post=30719"},{"taxonomy":"product_tag","embeddable":true,"href":"https:\/\/tourtravelandmore.com\/es\/wp-json\/wp\/v2\/product_tag?post=30719"}],"curies":[{"name":"wp","href":"https:\/\/api.w.org\/{rel}","templated":true}]}}