{"id":30696,"date":"2019-01-07T13:19:43","date_gmt":"2019-01-07T12:19:45","guid":{"rendered":"http:\/\/tourtravelandmore.com\/es\/tours\/valencia-es\/tour-privado-para-visitar-el-teide-desde-tenerife\/"},"modified":"2025-02-24T10:38:32","modified_gmt":"2025-02-24T09:38:32","slug":"tour-privado-teide-desde-tenerife-con-su-chofer-guia","status":"publish","type":"product","link":"https:\/\/tourtravelandmore.com\/es\/tours\/espana-es\/tenerife-es\/tour-privado-teide-desde-tenerife-con-su-chofer-guia\/","title":{"rendered":"Tour privado a El Teide desde Tenerife"},"content":{"rendered":"<h2><strong>Descripci\u00f3n del Tour privado a El Teide desde Tenerife<\/strong><\/h2>\n<p><span lang=\"es\">El Teide es un volc\u00e1n que se encuentra en Tenerife. Tambi\u00e9n es conocido como el punto m\u00e1s alto sobre el nivel del mar en Espa\u00f1a. Disfruta este Tour privado Teide. La cumbre est\u00e1 a 3718 metros de altura.<\/span><\/p>\n<p><span lang=\"es\">El Monte Teide es un volc\u00e1n activo que entr\u00f3 en erupci\u00f3n por \u00faltima vez en 1909. Los alrededores del Monte Teide son el Parque Nacional del Teide. Puede encontrar m\u00e1s de 18,900 hect\u00e1reas aqu\u00ed. Es Patrimonio de la Humanidad por la UNESCO desde 2007. M\u00e1s de 3 millones de personas visitan el parque nacional cada a\u00f1o.<\/span><\/p>\n<p>La duraci\u00f3n total del tour privado Teide son 8 Horas.<\/p>\n<p><span lang=\"es\">Deje que nuestro chofer\/gu\u00eda lo lleve en este recorrido privado \u00fanico. Tenemos 3 opciones diferentes para conocer el Teide. <\/span><\/p>\n<p><span lang=\"es\">Podemos disfrutar de un<strong> recorrido nocturno<\/strong> para disfrutar de las estrellas y el horizonte, un <strong>recorrido por la ma\u00f1ana<\/strong> <strong>o al atardecer. <\/strong>Si desea un tour especializado en senderismo, tambi\u00e9n se lo podemos ofrecer. S\u00f3lo tiene que indicarlo en el formulario de contacto del tour.<\/span><\/p>\n<p><span lang=\"es\">El tour privado del Teide es completamente privado, nuestro chofer\/guia os recoger\u00e1 desde su hotel.<br \/>\n<\/span><\/p>\n<h2>Puntos de inter\u00e9s en el Tour privado a El Teide desde Tenerife<\/h2>\n<p><span lang=\"es\">Una vez que llegue al Teide, el recorrido continuar\u00e1 solo con su gu\u00eda y disfrutar\u00e1 de un recorrido a pie. Para realizar el recorrido le rogamos nos indique su nivel, en funci\u00f3n de este dato, nuestro gu\u00eda privado adaptar\u00e1 el recorrido. Ya que hay recorridos m\u00e1s f\u00e1ciles y m\u00e1s dif\u00edciles. Nosotros nos adaptamos a todos los viajeros, pero que cada uno viva una experiencia \u00fanica y maravillosa.<br \/>\n<\/span><\/p>\n<p><span lang=\"es\">\u00a0Disfrute de este recorrido a pie a trav\u00e9s de una serie de grandes picos y rocas e incluso la roca Chincado. Durante su recorrido pasar\u00e1 por<strong> La Cascada.<\/strong><\/span><\/p>\n<p><span lang=\"es\">Aqu\u00ed hay 3 ejemplos de tours que podemos ofrecerle. Como dijimos antes, podemos personalizar cualquier recorrido para satisfacer sus propios deseos.<\/span><\/p>\n<ul>\n<li><span lang=\"es\"><strong>Ruta 1<\/strong>: Sin llegar a la cima. Disfrutar\u00e1 del Parque Nacional y podr\u00e1 contemplar las vistas y el paisaje. La duraci\u00f3n de esta ruta son 8 horas. <\/span><\/li>\n<li><span lang=\"es\"><strong>Ruta 2:<\/strong> Llegaremos a la cumbre, pero usaremos el telef\u00e9rico para subir hasta arriba. Este es un telef\u00e9rico de ida y vuelta para ir y volver de la cumbre. La duraci\u00f3n total ser\u00e1 de 8 horas y las entradas al Telef\u00e9rico las incluimos en el tour.<\/span><\/li>\n<li><span lang=\"es\"><strong>Ruta3:<\/strong> Est\u00e1 ruta requiere estar preparados y ser amantes del senderismo, esta dise\u00f1ada para los m\u00e1s aventureros. Sube a la cima a pie, disfruta de las impresionantes vistas. En el camino hacia abajo, toma el telef\u00e9rico. Nuestro gu\u00eda ser\u00e1 un experto en senderismo. La duraci\u00f3n total ser\u00e1 de 9 horas e incluye el Telef\u00e9rico y un Picnic para comer.<\/span><\/li>\n<\/ul>\n<p>Todas las rutas incluyen la recogida y la devoluci\u00f3n.<\/p>\n<p><strong><span lang=\"es\">Cualquiera de estas opciones que se tomen, ser\u00e1 realmente una experiencia \u00fanica. Cont\u00e1ctenos con nuestro formulario de reserva o haciendo<a href=\"https:\/\/tourtravelandmore.com\/contact\/\"> clic aqu\u00ed<\/a>. \u00a1Estamos seguros de hacer que su experiencia sea memorable en todos los sentidos!<\/span><\/strong><\/p>\n","protected":false},"excerpt":{"rendered":"<p>Aproveche esta oportunidad para conocer y disfrutar de <strong>El Teide en Tenerife<\/strong> junto con su chofer\/gu\u00eda privado en un veh\u00edculo de lujo. Disfrute de explorar el punto m\u00e1s alto de Espa\u00f1a junto a un gu\u00eda experimentado. Podr\u00e1 admirar el volc\u00e1n y las vistas de Tenerife que este hermoso parque tiene para ofrecer. La recogida puede ser desde cualquier punto de la isla.<\/p>\n<p>&nbsp;<\/p>\n","protected":false},"featured_media":30708,"comment_status":"open","ping_status":"closed","template":"","meta":{"_acf_changed":false},"product_brand":[],"product_cat":[1023,1024,1025,1026],"product_tag":[],"class_list":{"0":"post-30696","1":"product","2":"type-product","3":"status-publish","4":"has-post-thumbnail","6":"product_cat-tenerife-es","7":"product_cat-tenerife-actividades-es","8":"product_cat-tenerife-rutas-turisticas-privadas-es","9":"product_cat-tenerife-excursiones-privadas-cruceros-es","11":"first","12":"instock","13":"shipping-taxable","14":"purchasable","15":"product-type-simple"},"acf":[],"yoast_head":"<!-- This site is optimized with the Yoast SEO Premium plugin v25.3.1 (Yoast SEO v25.3.1) - https:\/\/yoast.com\/wordpress\/plugins\/seo\/ -->\n<title>\u27a1\ufe0f Tour privado Teide desde Tenerife con su Chofer\/guia | Tour Travel &amp; More<\/title>\n<meta name=\"description\" content=\"Este tour privado Teide, descubrir\u00e1s un paisaje \u00fanico y su famoso volc\u00e1n, declarado Patrimonio de la Humanidad por la UNESCO, junto a su chofer\/guia \u2705\" \/>\n<meta name=\"robots\" content=\"index, follow, max-snippet:-1, max-image-preview:large, max-video-preview:-1\" \/>\n<link rel=\"canonical\" href=\"https:\/\/tourtravelandmore.com\/es\/tours\/espana-es\/tenerife-es\/tour-privado-teide-desde-tenerife-con-su-chofer-guia\/\" \/>\n<meta property=\"og:locale\" content=\"es_ES\" \/>\n<meta property=\"og:type\" content=\"article\" \/>\n<meta property=\"og:title\" content=\"Tour privado a El Teide desde Tenerife\" \/>\n<meta property=\"og:description\" content=\"Este tour privado Teide, descubrir\u00e1s un paisaje \u00fanico y su famoso volc\u00e1n, declarado Patrimonio de la Humanidad por la UNESCO, junto a su chofer\/guia \u2705\" \/>\n<meta property=\"og:url\" content=\"https:\/\/tourtravelandmore.com\/es\/tours\/espana-es\/tenerife-es\/tour-privado-teide-desde-tenerife-con-su-chofer-guia\/\" \/>\n<meta property=\"og:site_name\" content=\"Tour Travel And More\" \/>\n<meta property=\"article:publisher\" content=\"https:\/\/www.facebook.com\/tourtravelandmore\/\" \/>\n<meta property=\"article:modified_time\" content=\"2025-02-24T09:38:32+00:00\" \/>\n<meta property=\"og:image\" content=\"https:\/\/tourtravelandmore.com\/wp-content\/uploads\/2019\/01\/teide-2.jpg\" \/>\n\t<meta property=\"og:image:width\" content=\"1024\" \/>\n\t<meta property=\"og:image:height\" content=\"575\" \/>\n\t<meta property=\"og:image:type\" content=\"image\/jpeg\" \/>\n<meta name=\"twitter:card\" content=\"summary_large_image\" \/>\n<meta name=\"twitter:site\" content=\"@TourTravel_More\" \/>\n<meta name=\"twitter:label1\" content=\"Tiempo de lectura\" \/>\n\t<meta name=\"twitter:data1\" content=\"3 minutos\" \/>\n<script type=\"application\/ld+json\" class=\"yoast-schema-graph\">{\"@context\":\"https:\/\/schema.org\",\"@graph\":[{\"@type\":\"WebPage\",\"@id\":\"https:\/\/tourtravelandmore.com\/es\/tours\/espana-es\/tenerife-es\/tour-privado-teide-desde-tenerife-con-su-chofer-guia\/\",\"url\":\"https:\/\/tourtravelandmore.com\/es\/tours\/espana-es\/tenerife-es\/tour-privado-teide-desde-tenerife-con-su-chofer-guia\/\",\"name\":\"\u27a1\ufe0f Tour privado Teide desde Tenerife con su Chofer\/guia | Tour Travel & More\",\"isPartOf\":{\"@id\":\"https:\/\/tourtravelandmore.com\/es\/#website\"},\"primaryImageOfPage\":{\"@id\":\"https:\/\/tourtravelandmore.com\/es\/tours\/espana-es\/tenerife-es\/tour-privado-teide-desde-tenerife-con-su-chofer-guia\/#primaryimage\"},\"image\":{\"@id\":\"https:\/\/tourtravelandmore.com\/es\/tours\/espana-es\/tenerife-es\/tour-privado-teide-desde-tenerife-con-su-chofer-guia\/#primaryimage\"},\"thumbnailUrl\":\"https:\/\/tourtravelandmore.com\/wp-content\/uploads\/2019\/01\/teide-2.jpg\",\"datePublished\":\"2019-01-07T12:19:45+00:00\",\"dateModified\":\"2025-02-24T09:38:32+00:00\",\"description\":\"Este tour privado Teide, descubrir\u00e1s un paisaje \u00fanico y su famoso volc\u00e1n, declarado Patrimonio de la Humanidad por la UNESCO, junto a su chofer\/guia \u2705\",\"breadcrumb\":{\"@id\":\"https:\/\/tourtravelandmore.com\/es\/tours\/espana-es\/tenerife-es\/tour-privado-teide-desde-tenerife-con-su-chofer-guia\/#breadcrumb\"},\"inLanguage\":\"es\",\"potentialAction\":[{\"@type\":\"ReadAction\",\"target\":[\"https:\/\/tourtravelandmore.com\/es\/tours\/espana-es\/tenerife-es\/tour-privado-teide-desde-tenerife-con-su-chofer-guia\/\"]}]},{\"@type\":\"ImageObject\",\"inLanguage\":\"es\",\"@id\":\"https:\/\/tourtravelandmore.com\/es\/tours\/espana-es\/tenerife-es\/tour-privado-teide-desde-tenerife-con-su-chofer-guia\/#primaryimage\",\"url\":\"https:\/\/tourtravelandmore.com\/wp-content\/uploads\/2019\/01\/teide-2.jpg\",\"contentUrl\":\"https:\/\/tourtravelandmore.com\/wp-content\/uploads\/2019\/01\/teide-2.jpg\",\"width\":1024,\"height\":575},{\"@type\":\"BreadcrumbList\",\"@id\":\"https:\/\/tourtravelandmore.com\/es\/tours\/espana-es\/tenerife-es\/tour-privado-teide-desde-tenerife-con-su-chofer-guia\/#breadcrumb\",\"itemListElement\":[{\"@type\":\"ListItem\",\"position\":1,\"name\":\"Home\",\"item\":\"https:\/\/tourtravelandmore.com\/es\/\"},{\"@type\":\"ListItem\",\"position\":2,\"name\":\"Tours\",\"item\":\"https:\/\/tourtravelandmore.com\/es\/tours\/\"},{\"@type\":\"ListItem\",\"position\":3,\"name\":\"Tour privado a El Teide desde Tenerife\"}]},{\"@type\":\"WebSite\",\"@id\":\"https:\/\/tourtravelandmore.com\/es\/#website\",\"url\":\"https:\/\/tourtravelandmore.com\/es\/\",\"name\":\"Tour Travel And More\",\"description\":\"Private sightseeing tours and luxury transfers in Spain\",\"publisher\":{\"@id\":\"https:\/\/tourtravelandmore.com\/es\/#organization\"},\"potentialAction\":[{\"@type\":\"SearchAction\",\"target\":{\"@type\":\"EntryPoint\",\"urlTemplate\":\"https:\/\/tourtravelandmore.com\/es\/?s={search_term_string}\"},\"query-input\":{\"@type\":\"PropertyValueSpecification\",\"valueRequired\":true,\"valueName\":\"search_term_string\"}}],\"inLanguage\":\"es\"},{\"@type\":\"Organization\",\"@id\":\"https:\/\/tourtravelandmore.com\/es\/#organization\",\"name\":\"Tour Travel And More\",\"url\":\"https:\/\/tourtravelandmore.com\/es\/\",\"logo\":{\"@type\":\"ImageObject\",\"inLanguage\":\"es\",\"@id\":\"https:\/\/tourtravelandmore.com\/es\/#\/schema\/logo\/image\/\",\"url\":\"https:\/\/tourtravelandmore.com\/wp-content\/uploads\/2022\/12\/cropped-logo-cabecera-new.png\",\"contentUrl\":\"https:\/\/tourtravelandmore.com\/wp-content\/uploads\/2022\/12\/cropped-logo-cabecera-new.png\",\"width\":430,\"height\":61,\"caption\":\"Tour Travel And More\"},\"image\":{\"@id\":\"https:\/\/tourtravelandmore.com\/es\/#\/schema\/logo\/image\/\"},\"sameAs\":[\"https:\/\/www.facebook.com\/tourtravelandmore\/\",\"https:\/\/x.com\/TourTravel_More\"]}]}<\/script>\n<!-- \/ Yoast SEO Premium plugin. -->","yoast_head_json":{"title":"\u27a1\ufe0f Tour privado Teide desde Tenerife con su Chofer\/guia | Tour Travel & More","description":"Este tour privado Teide, descubrir\u00e1s un paisaje \u00fanico y su famoso volc\u00e1n, declarado Patrimonio de la Humanidad por la UNESCO, junto a su chofer\/guia \u2705","robots":{"index":"index","follow":"follow","max-snippet":"max-snippet:-1","max-image-preview":"max-image-preview:large","max-video-preview":"max-video-preview:-1"},"canonical":"https:\/\/tourtravelandmore.com\/es\/tours\/espana-es\/tenerife-es\/tour-privado-teide-desde-tenerife-con-su-chofer-guia\/","og_locale":"es_ES","og_type":"article","og_title":"Tour privado a El Teide desde Tenerife","og_description":"Este tour privado Teide, descubrir\u00e1s un paisaje \u00fanico y su famoso volc\u00e1n, declarado Patrimonio de la Humanidad por la UNESCO, junto a su chofer\/guia \u2705","og_url":"https:\/\/tourtravelandmore.com\/es\/tours\/espana-es\/tenerife-es\/tour-privado-teide-desde-tenerife-con-su-chofer-guia\/","og_site_name":"Tour Travel And More","article_publisher":"https:\/\/www.facebook.com\/tourtravelandmore\/","article_modified_time":"2025-02-24T09:38:32+00:00","og_image":[{"width":1024,"height":575,"url":"https:\/\/tourtravelandmore.com\/wp-content\/uploads\/2019\/01\/teide-2.jpg","type":"image\/jpeg"}],"twitter_card":"summary_large_image","twitter_site":"@TourTravel_More","twitter_misc":{"Tiempo de lectura":"3 minutos"},"schema":{"@context":"https:\/\/schema.org","@graph":[{"@type":"WebPage","@id":"https:\/\/tourtravelandmore.com\/es\/tours\/espana-es\/tenerife-es\/tour-privado-teide-desde-tenerife-con-su-chofer-guia\/","url":"https:\/\/tourtravelandmore.com\/es\/tours\/espana-es\/tenerife-es\/tour-privado-teide-desde-tenerife-con-su-chofer-guia\/","name":"\u27a1\ufe0f Tour privado Teide desde Tenerife con su Chofer\/guia | Tour Travel & More","isPartOf":{"@id":"https:\/\/tourtravelandmore.com\/es\/#website"},"primaryImageOfPage":{"@id":"https:\/\/tourtravelandmore.com\/es\/tours\/espana-es\/tenerife-es\/tour-privado-teide-desde-tenerife-con-su-chofer-guia\/#primaryimage"},"image":{"@id":"https:\/\/tourtravelandmore.com\/es\/tours\/espana-es\/tenerife-es\/tour-privado-teide-desde-tenerife-con-su-chofer-guia\/#primaryimage"},"thumbnailUrl":"https:\/\/tourtravelandmore.com\/wp-content\/uploads\/2019\/01\/teide-2.jpg","datePublished":"2019-01-07T12:19:45+00:00","dateModified":"2025-02-24T09:38:32+00:00","description":"Este tour privado Teide, descubrir\u00e1s un paisaje \u00fanico y su famoso volc\u00e1n, declarado Patrimonio de la Humanidad por la UNESCO, junto a su chofer\/guia \u2705","breadcrumb":{"@id":"https:\/\/tourtravelandmore.com\/es\/tours\/espana-es\/tenerife-es\/tour-privado-teide-desde-tenerife-con-su-chofer-guia\/#breadcrumb"},"inLanguage":"es","potentialAction":[{"@type":"ReadAction","target":["https:\/\/tourtravelandmore.com\/es\/tours\/espana-es\/tenerife-es\/tour-privado-teide-desde-tenerife-con-su-chofer-guia\/"]}]},{"@type":"ImageObject","inLanguage":"es","@id":"https:\/\/tourtravelandmore.com\/es\/tours\/espana-es\/tenerife-es\/tour-privado-teide-desde-tenerife-con-su-chofer-guia\/#primaryimage","url":"https:\/\/tourtravelandmore.com\/wp-content\/uploads\/2019\/01\/teide-2.jpg","contentUrl":"https:\/\/tourtravelandmore.com\/wp-content\/uploads\/2019\/01\/teide-2.jpg","width":1024,"height":575},{"@type":"BreadcrumbList","@id":"https:\/\/tourtravelandmore.com\/es\/tours\/espana-es\/tenerife-es\/tour-privado-teide-desde-tenerife-con-su-chofer-guia\/#breadcrumb","itemListElement":[{"@type":"ListItem","position":1,"name":"Home","item":"https:\/\/tourtravelandmore.com\/es\/"},{"@type":"ListItem","position":2,"name":"Tours","item":"https:\/\/tourtravelandmore.com\/es\/tours\/"},{"@type":"ListItem","position":3,"name":"Tour privado a El Teide desde Tenerife"}]},{"@type":"WebSite","@id":"https:\/\/tourtravelandmore.com\/es\/#website","url":"https:\/\/tourtravelandmore.com\/es\/","name":"Tour Travel And More","description":"Private sightseeing tours and luxury transfers in Spain","publisher":{"@id":"https:\/\/tourtravelandmore.com\/es\/#organization"},"potentialAction":[{"@type":"SearchAction","target":{"@type":"EntryPoint","urlTemplate":"https:\/\/tourtravelandmore.com\/es\/?s={search_term_string}"},"query-input":{"@type":"PropertyValueSpecification","valueRequired":true,"valueName":"search_term_string"}}],"inLanguage":"es"},{"@type":"Organization","@id":"https:\/\/tourtravelandmore.com\/es\/#organization","name":"Tour Travel And More","url":"https:\/\/tourtravelandmore.com\/es\/","logo":{"@type":"ImageObject","inLanguage":"es","@id":"https:\/\/tourtravelandmore.com\/es\/#\/schema\/logo\/image\/","url":"https:\/\/tourtravelandmore.com\/wp-content\/uploads\/2022\/12\/cropped-logo-cabecera-new.png","contentUrl":"https:\/\/tourtravelandmore.com\/wp-content\/uploads\/2022\/12\/cropped-logo-cabecera-new.png","width":430,"height":61,"caption":"Tour Travel And More"},"image":{"@id":"https:\/\/tourtravelandmore.com\/es\/#\/schema\/logo\/image\/"},"sameAs":["https:\/\/www.facebook.com\/tourtravelandmore\/","https:\/\/x.com\/TourTravel_More"]}]}},"_links":{"self":[{"href":"https:\/\/tourtravelandmore.com\/es\/wp-json\/wp\/v2\/product\/30696","targetHints":{"allow":["GET"]}}],"collection":[{"href":"https:\/\/tourtravelandmore.com\/es\/wp-json\/wp\/v2\/product"}],"about":[{"href":"https:\/\/tourtravelandmore.com\/es\/wp-json\/wp\/v2\/types\/product"}],"replies":[{"embeddable":true,"href":"https:\/\/tourtravelandmore.com\/es\/wp-json\/wp\/v2\/comments?post=30696"}],"wp:featuredmedia":[{"embeddable":true,"href":"https:\/\/tourtravelandmore.com\/es\/wp-json\/wp\/v2\/media\/30708"}],"wp:attachment":[{"href":"https:\/\/tourtravelandmore.com\/es\/wp-json\/wp\/v2\/media?parent=30696"}],"wp:term":[{"taxonomy":"product_brand","embeddable":true,"href":"https:\/\/tourtravelandmore.com\/es\/wp-json\/wp\/v2\/product_brand?post=30696"},{"taxonomy":"product_cat","embeddable":true,"href":"https:\/\/tourtravelandmore.com\/es\/wp-json\/wp\/v2\/product_cat?post=30696"},{"taxonomy":"product_tag","embeddable":true,"href":"https:\/\/tourtravelandmore.com\/es\/wp-json\/wp\/v2\/product_tag?post=30696"}],"curies":[{"name":"wp","href":"https:\/\/api.w.org\/{rel}","templated":true}]}}