{"id":30676,"date":"2019-01-07T11:35:50","date_gmt":"2019-01-07T10:35:53","guid":{"rendered":"http:\/\/tourtravelandmore.com\/es\/tours\/uncategorized\/tour-privado-playas-de-tenerife\/"},"modified":"2023-03-04T06:06:05","modified_gmt":"2023-03-04T05:06:05","slug":"tour-privado-playas-de-tenerife","status":"publish","type":"product","link":"https:\/\/tourtravelandmore.com\/es\/tours\/espana-es\/tenerife-es\/tour-privado-playas-de-tenerife\/","title":{"rendered":"Disposici\u00f3n privada para conocer las mejores playas de Tenerife"},"content":{"rendered":"<h2>Descripci\u00f3n de la Disposici\u00f3n\u00a0privada para conocer las mejores playas de Tenerife<\/h2>\n<p><span lang=\"es\">Disfruta de las mejores playas de Tenerife. Tenerife es una isla hermosa y \u00fanica en las islas Canarias. Este es el mejor tour privado de playas en Tenerife. <\/span><\/p>\n<p><span lang=\"es\">Deje que nuestro chofer\/gu\u00eda le ense\u00f1e las mejores playas de arena y volc\u00e1nicas, \u00fanicas de la isla.<\/span><\/p>\n<p>La duraci\u00f3n del tour privado de playas de Tenerife pueden ser 4 o 8 Horas, en funci\u00f3n del n\u00famero de playas que deseen conocer.<\/p>\n<p>El Tour privado de playas de Tenerife es completamente privado, pueden escoger la hora y lugar de comienzo.<\/p>\n<p>Nuestro conductor es un chofer\/guia oficial y titulado, est\u00e1 perfectamente formado y conoce la isla.<\/p>\n<p>Operamos en toda la isla, si desea puede consultar nuestros <a href=\"https:\/\/tourtravelandmore.com\/es\/ciudad\/espana-es\/tenerife-es\/\">tours privados<\/a> y conocer otras excursiones que ofrecemos en Tenerife. No se puede ir de la isla sin hacer la ruta de los volcanes y conocer el Parque Nacional del Teide, junto a su chofer\/guia oficial privado.<\/p>\n<p>Ofrecemos el tour en Castellano, pero podemos hacerlo en Ingl\u00e9s, Alem\u00e1n, Italiano, Franc\u00e9s, o cualquier idioma.<\/p>\n<h2>Puntos de inter\u00e9s en la Disposici\u00f3n\u00a0privada para conocer las mejores playas de Tenerife<\/h2>\n<p>Os dejamos una relaci\u00f3n de las mejores playas y lugaremos que podemos conocer con este tour privado:<\/p>\n<ul>\n<li><strong>Costa Adeje<\/strong><\/li>\n<li><strong>Puerto de la Cruz<\/strong><\/li>\n<li><strong>Playa de las Am\u00e9ricas<\/strong><\/li>\n<li><strong>Los Cristianos<\/strong><\/li>\n<li><strong>El M\u00e9dano<\/strong><\/li>\n<li><strong>Playa de San Juan<\/strong><\/li>\n<li><strong>Playa el Duque<\/strong><\/li>\n<li><strong>Playa de los gigantes<\/strong><\/li>\n<li><strong>Playa de Masca<\/strong><\/li>\n<\/ul>\n<p>Dependiendo de cuanto tiempo esten en cada playa, se podr\u00e1n conocer m\u00e1s o menos playas durante su tour privado.<\/p>\n<p>Vuestro veh\u00edculo privado os devolver\u00e1 a vuestro hotel, puerto de cruceros o apartamento para que pod\u00e1is descansar y recuperar fuerzas!<\/p>\n<p>Tenerife es una Isla, con unas playas \u00fanicas, con una belleza \u00fanica, fruta de las erupciones de su volc\u00e1n.<\/p>\n<p>No dude en rellenar el formulario de contacto del tour, y nuestro equipo le responder\u00e1 r\u00e1pidamente con toda la informaci\u00f3n detallada.<\/p>\n<p>Somos especialistas el Tour privados, conoce la isla c\u00f3modamente y de forma segura.<\/p>\n","protected":false},"excerpt":{"rendered":"<p>Aproveche esta oportunidad para conocer y disfrutar las mejores y m\u00e1s bonitas <strong>playas de Tenerife<\/strong> junto con su chofer privado en un veh\u00edculo privado de lujo. Disfrute de las zonas playeras y de las vistas m\u00e1s bonitas que Tenerife puede ofrecer. Podemos coordinar recogida en su hotel, apartamento o en el puerto de cruceros de Tenerife.<\/p>\n","protected":false},"featured_media":30682,"comment_status":"open","ping_status":"closed","template":"","meta":{"_acf_changed":false},"product_brand":[],"product_cat":[1023,1024,1025,1026],"product_tag":[],"class_list":{"0":"post-30676","1":"product","2":"type-product","3":"status-publish","4":"has-post-thumbnail","6":"product_cat-tenerife-es","7":"product_cat-tenerife-actividades-es","8":"product_cat-tenerife-rutas-turisticas-privadas-es","9":"product_cat-tenerife-excursiones-privadas-cruceros-es","11":"first","12":"instock","13":"shipping-taxable","14":"purchasable","15":"product-type-simple"},"acf":[],"yoast_head":"<!-- This site is optimized with the Yoast SEO Premium plugin v25.3.1 (Yoast SEO v25.3.1) - https:\/\/yoast.com\/wordpress\/plugins\/seo\/ -->\n<title>\u27a1\ufe0f Tour privado de playas de Tenerife con chofer\/gu\u00eda | Tour Travel &amp; More<\/title>\n<meta name=\"description\" content=\"Este tour privado de playas de Tenerife junto a su chofer\/guia privado, conocer\u00e1 las mejores playas de la Isla y sus hermosos paisajes \u2705\" \/>\n<meta name=\"robots\" content=\"index, follow, max-snippet:-1, max-image-preview:large, max-video-preview:-1\" \/>\n<link rel=\"canonical\" href=\"https:\/\/tourtravelandmore.com\/es\/tours\/espana-es\/tenerife-es\/tour-privado-playas-de-tenerife\/\" \/>\n<meta property=\"og:locale\" content=\"es_ES\" \/>\n<meta property=\"og:type\" content=\"article\" \/>\n<meta property=\"og:title\" content=\"Disposici\u00f3n privada para conocer las mejores playas de Tenerife\" \/>\n<meta property=\"og:description\" content=\"Este tour privado de playas de Tenerife junto a su chofer\/guia privado, conocer\u00e1 las mejores playas de la Isla y sus hermosos paisajes \u2705\" \/>\n<meta property=\"og:url\" content=\"https:\/\/tourtravelandmore.com\/es\/tours\/espana-es\/tenerife-es\/tour-privado-playas-de-tenerife\/\" \/>\n<meta property=\"og:site_name\" content=\"Tour Travel And More\" \/>\n<meta property=\"article:publisher\" content=\"https:\/\/www.facebook.com\/tourtravelandmore\/\" \/>\n<meta property=\"article:modified_time\" content=\"2023-03-04T05:06:05+00:00\" \/>\n<meta property=\"og:image\" content=\"https:\/\/tourtravelandmore.com\/wp-content\/uploads\/2019\/01\/Tenerife-lead-xlarge.jpg\" \/>\n\t<meta property=\"og:image:width\" content=\"1280\" \/>\n\t<meta property=\"og:image:height\" content=\"800\" \/>\n\t<meta property=\"og:image:type\" content=\"image\/jpeg\" \/>\n<meta name=\"twitter:card\" content=\"summary_large_image\" \/>\n<meta name=\"twitter:site\" content=\"@TourTravel_More\" \/>\n<meta name=\"twitter:label1\" content=\"Tiempo de lectura\" \/>\n\t<meta name=\"twitter:data1\" content=\"2 minutos\" \/>\n<script type=\"application\/ld+json\" class=\"yoast-schema-graph\">{\"@context\":\"https:\/\/schema.org\",\"@graph\":[{\"@type\":\"WebPage\",\"@id\":\"https:\/\/tourtravelandmore.com\/es\/tours\/espana-es\/tenerife-es\/tour-privado-playas-de-tenerife\/\",\"url\":\"https:\/\/tourtravelandmore.com\/es\/tours\/espana-es\/tenerife-es\/tour-privado-playas-de-tenerife\/\",\"name\":\"\u27a1\ufe0f Tour privado de playas de Tenerife con chofer\/gu\u00eda | Tour Travel & More\",\"isPartOf\":{\"@id\":\"https:\/\/tourtravelandmore.com\/es\/#website\"},\"primaryImageOfPage\":{\"@id\":\"https:\/\/tourtravelandmore.com\/es\/tours\/espana-es\/tenerife-es\/tour-privado-playas-de-tenerife\/#primaryimage\"},\"image\":{\"@id\":\"https:\/\/tourtravelandmore.com\/es\/tours\/espana-es\/tenerife-es\/tour-privado-playas-de-tenerife\/#primaryimage\"},\"thumbnailUrl\":\"https:\/\/tourtravelandmore.com\/wp-content\/uploads\/2019\/01\/Tenerife-lead-xlarge.jpg\",\"datePublished\":\"2019-01-07T10:35:53+00:00\",\"dateModified\":\"2023-03-04T05:06:05+00:00\",\"description\":\"Este tour privado de playas de Tenerife junto a su chofer\/guia privado, conocer\u00e1 las mejores playas de la Isla y sus hermosos paisajes \u2705\",\"breadcrumb\":{\"@id\":\"https:\/\/tourtravelandmore.com\/es\/tours\/espana-es\/tenerife-es\/tour-privado-playas-de-tenerife\/#breadcrumb\"},\"inLanguage\":\"es\",\"potentialAction\":[{\"@type\":\"ReadAction\",\"target\":[\"https:\/\/tourtravelandmore.com\/es\/tours\/espana-es\/tenerife-es\/tour-privado-playas-de-tenerife\/\"]}]},{\"@type\":\"ImageObject\",\"inLanguage\":\"es\",\"@id\":\"https:\/\/tourtravelandmore.com\/es\/tours\/espana-es\/tenerife-es\/tour-privado-playas-de-tenerife\/#primaryimage\",\"url\":\"https:\/\/tourtravelandmore.com\/wp-content\/uploads\/2019\/01\/Tenerife-lead-xlarge.jpg\",\"contentUrl\":\"https:\/\/tourtravelandmore.com\/wp-content\/uploads\/2019\/01\/Tenerife-lead-xlarge.jpg\",\"width\":1280,\"height\":800},{\"@type\":\"BreadcrumbList\",\"@id\":\"https:\/\/tourtravelandmore.com\/es\/tours\/espana-es\/tenerife-es\/tour-privado-playas-de-tenerife\/#breadcrumb\",\"itemListElement\":[{\"@type\":\"ListItem\",\"position\":1,\"name\":\"Home\",\"item\":\"https:\/\/tourtravelandmore.com\/es\/\"},{\"@type\":\"ListItem\",\"position\":2,\"name\":\"Tours\",\"item\":\"https:\/\/tourtravelandmore.com\/es\/tours\/\"},{\"@type\":\"ListItem\",\"position\":3,\"name\":\"Disposici\u00f3n privada para conocer las mejores playas de Tenerife\"}]},{\"@type\":\"WebSite\",\"@id\":\"https:\/\/tourtravelandmore.com\/es\/#website\",\"url\":\"https:\/\/tourtravelandmore.com\/es\/\",\"name\":\"Tour Travel And More\",\"description\":\"Private sightseeing tours and luxury transfers in Spain\",\"publisher\":{\"@id\":\"https:\/\/tourtravelandmore.com\/es\/#organization\"},\"potentialAction\":[{\"@type\":\"SearchAction\",\"target\":{\"@type\":\"EntryPoint\",\"urlTemplate\":\"https:\/\/tourtravelandmore.com\/es\/?s={search_term_string}\"},\"query-input\":{\"@type\":\"PropertyValueSpecification\",\"valueRequired\":true,\"valueName\":\"search_term_string\"}}],\"inLanguage\":\"es\"},{\"@type\":\"Organization\",\"@id\":\"https:\/\/tourtravelandmore.com\/es\/#organization\",\"name\":\"Tour Travel And More\",\"url\":\"https:\/\/tourtravelandmore.com\/es\/\",\"logo\":{\"@type\":\"ImageObject\",\"inLanguage\":\"es\",\"@id\":\"https:\/\/tourtravelandmore.com\/es\/#\/schema\/logo\/image\/\",\"url\":\"https:\/\/tourtravelandmore.com\/wp-content\/uploads\/2022\/12\/cropped-logo-cabecera-new.png\",\"contentUrl\":\"https:\/\/tourtravelandmore.com\/wp-content\/uploads\/2022\/12\/cropped-logo-cabecera-new.png\",\"width\":430,\"height\":61,\"caption\":\"Tour Travel And More\"},\"image\":{\"@id\":\"https:\/\/tourtravelandmore.com\/es\/#\/schema\/logo\/image\/\"},\"sameAs\":[\"https:\/\/www.facebook.com\/tourtravelandmore\/\",\"https:\/\/x.com\/TourTravel_More\"]}]}<\/script>\n<!-- \/ Yoast SEO Premium plugin. -->","yoast_head_json":{"title":"\u27a1\ufe0f Tour privado de playas de Tenerife con chofer\/gu\u00eda | Tour Travel & More","description":"Este tour privado de playas de Tenerife junto a su chofer\/guia privado, conocer\u00e1 las mejores playas de la Isla y sus hermosos paisajes \u2705","robots":{"index":"index","follow":"follow","max-snippet":"max-snippet:-1","max-image-preview":"max-image-preview:large","max-video-preview":"max-video-preview:-1"},"canonical":"https:\/\/tourtravelandmore.com\/es\/tours\/espana-es\/tenerife-es\/tour-privado-playas-de-tenerife\/","og_locale":"es_ES","og_type":"article","og_title":"Disposici\u00f3n privada para conocer las mejores playas de Tenerife","og_description":"Este tour privado de playas de Tenerife junto a su chofer\/guia privado, conocer\u00e1 las mejores playas de la Isla y sus hermosos paisajes \u2705","og_url":"https:\/\/tourtravelandmore.com\/es\/tours\/espana-es\/tenerife-es\/tour-privado-playas-de-tenerife\/","og_site_name":"Tour Travel And More","article_publisher":"https:\/\/www.facebook.com\/tourtravelandmore\/","article_modified_time":"2023-03-04T05:06:05+00:00","og_image":[{"width":1280,"height":800,"url":"https:\/\/tourtravelandmore.com\/wp-content\/uploads\/2019\/01\/Tenerife-lead-xlarge.jpg","type":"image\/jpeg"}],"twitter_card":"summary_large_image","twitter_site":"@TourTravel_More","twitter_misc":{"Tiempo de lectura":"2 minutos"},"schema":{"@context":"https:\/\/schema.org","@graph":[{"@type":"WebPage","@id":"https:\/\/tourtravelandmore.com\/es\/tours\/espana-es\/tenerife-es\/tour-privado-playas-de-tenerife\/","url":"https:\/\/tourtravelandmore.com\/es\/tours\/espana-es\/tenerife-es\/tour-privado-playas-de-tenerife\/","name":"\u27a1\ufe0f Tour privado de playas de Tenerife con chofer\/gu\u00eda | Tour Travel & More","isPartOf":{"@id":"https:\/\/tourtravelandmore.com\/es\/#website"},"primaryImageOfPage":{"@id":"https:\/\/tourtravelandmore.com\/es\/tours\/espana-es\/tenerife-es\/tour-privado-playas-de-tenerife\/#primaryimage"},"image":{"@id":"https:\/\/tourtravelandmore.com\/es\/tours\/espana-es\/tenerife-es\/tour-privado-playas-de-tenerife\/#primaryimage"},"thumbnailUrl":"https:\/\/tourtravelandmore.com\/wp-content\/uploads\/2019\/01\/Tenerife-lead-xlarge.jpg","datePublished":"2019-01-07T10:35:53+00:00","dateModified":"2023-03-04T05:06:05+00:00","description":"Este tour privado de playas de Tenerife junto a su chofer\/guia privado, conocer\u00e1 las mejores playas de la Isla y sus hermosos paisajes \u2705","breadcrumb":{"@id":"https:\/\/tourtravelandmore.com\/es\/tours\/espana-es\/tenerife-es\/tour-privado-playas-de-tenerife\/#breadcrumb"},"inLanguage":"es","potentialAction":[{"@type":"ReadAction","target":["https:\/\/tourtravelandmore.com\/es\/tours\/espana-es\/tenerife-es\/tour-privado-playas-de-tenerife\/"]}]},{"@type":"ImageObject","inLanguage":"es","@id":"https:\/\/tourtravelandmore.com\/es\/tours\/espana-es\/tenerife-es\/tour-privado-playas-de-tenerife\/#primaryimage","url":"https:\/\/tourtravelandmore.com\/wp-content\/uploads\/2019\/01\/Tenerife-lead-xlarge.jpg","contentUrl":"https:\/\/tourtravelandmore.com\/wp-content\/uploads\/2019\/01\/Tenerife-lead-xlarge.jpg","width":1280,"height":800},{"@type":"BreadcrumbList","@id":"https:\/\/tourtravelandmore.com\/es\/tours\/espana-es\/tenerife-es\/tour-privado-playas-de-tenerife\/#breadcrumb","itemListElement":[{"@type":"ListItem","position":1,"name":"Home","item":"https:\/\/tourtravelandmore.com\/es\/"},{"@type":"ListItem","position":2,"name":"Tours","item":"https:\/\/tourtravelandmore.com\/es\/tours\/"},{"@type":"ListItem","position":3,"name":"Disposici\u00f3n privada para conocer las mejores playas de Tenerife"}]},{"@type":"WebSite","@id":"https:\/\/tourtravelandmore.com\/es\/#website","url":"https:\/\/tourtravelandmore.com\/es\/","name":"Tour Travel And More","description":"Private sightseeing tours and luxury transfers in Spain","publisher":{"@id":"https:\/\/tourtravelandmore.com\/es\/#organization"},"potentialAction":[{"@type":"SearchAction","target":{"@type":"EntryPoint","urlTemplate":"https:\/\/tourtravelandmore.com\/es\/?s={search_term_string}"},"query-input":{"@type":"PropertyValueSpecification","valueRequired":true,"valueName":"search_term_string"}}],"inLanguage":"es"},{"@type":"Organization","@id":"https:\/\/tourtravelandmore.com\/es\/#organization","name":"Tour Travel And More","url":"https:\/\/tourtravelandmore.com\/es\/","logo":{"@type":"ImageObject","inLanguage":"es","@id":"https:\/\/tourtravelandmore.com\/es\/#\/schema\/logo\/image\/","url":"https:\/\/tourtravelandmore.com\/wp-content\/uploads\/2022\/12\/cropped-logo-cabecera-new.png","contentUrl":"https:\/\/tourtravelandmore.com\/wp-content\/uploads\/2022\/12\/cropped-logo-cabecera-new.png","width":430,"height":61,"caption":"Tour Travel And More"},"image":{"@id":"https:\/\/tourtravelandmore.com\/es\/#\/schema\/logo\/image\/"},"sameAs":["https:\/\/www.facebook.com\/tourtravelandmore\/","https:\/\/x.com\/TourTravel_More"]}]}},"_links":{"self":[{"href":"https:\/\/tourtravelandmore.com\/es\/wp-json\/wp\/v2\/product\/30676","targetHints":{"allow":["GET"]}}],"collection":[{"href":"https:\/\/tourtravelandmore.com\/es\/wp-json\/wp\/v2\/product"}],"about":[{"href":"https:\/\/tourtravelandmore.com\/es\/wp-json\/wp\/v2\/types\/product"}],"replies":[{"embeddable":true,"href":"https:\/\/tourtravelandmore.com\/es\/wp-json\/wp\/v2\/comments?post=30676"}],"wp:featuredmedia":[{"embeddable":true,"href":"https:\/\/tourtravelandmore.com\/es\/wp-json\/wp\/v2\/media\/30682"}],"wp:attachment":[{"href":"https:\/\/tourtravelandmore.com\/es\/wp-json\/wp\/v2\/media?parent=30676"}],"wp:term":[{"taxonomy":"product_brand","embeddable":true,"href":"https:\/\/tourtravelandmore.com\/es\/wp-json\/wp\/v2\/product_brand?post=30676"},{"taxonomy":"product_cat","embeddable":true,"href":"https:\/\/tourtravelandmore.com\/es\/wp-json\/wp\/v2\/product_cat?post=30676"},{"taxonomy":"product_tag","embeddable":true,"href":"https:\/\/tourtravelandmore.com\/es\/wp-json\/wp\/v2\/product_tag?post=30676"}],"curies":[{"name":"wp","href":"https:\/\/api.w.org\/{rel}","templated":true}]}}