{"id":30531,"date":"2019-01-03T12:10:05","date_gmt":"2019-01-03T11:10:09","guid":{"rendered":"http:\/\/tourtravelandmore.com\/es\/tours\/uncategorized\/tour-privado-a-pie-4-horas-de-mdina\/"},"modified":"2021-12-23T17:48:49","modified_gmt":"2021-12-23T16:48:49","slug":"tour-privado-a-pie-por-mdina","status":"publish","type":"product","link":"https:\/\/tourtravelandmore.com\/es\/tours\/malta-es\/valleta-mdina-es\/tour-privado-a-pie-por-mdina\/","title":{"rendered":"Tour Privado a Pie por Mdina"},"content":{"rendered":"<h2><b>Descripci\u00f3n del Tour privado a pie por Mdina\u00a0<\/b><\/h2>\n<p><span style=\"font-weight: 400;\">Si piensas visitar Malta, debes reservar unos d\u00edas en tu itinerario para que disfrutes del <\/span><b>tour privado a pie por Mdina<\/b><span style=\"font-weight: 400;\">. Esta imponente ciudad situada al centro-oeste de la isla cuenta miles de a\u00f1os de historia.\u00a0<\/span><\/p>\n<p><span style=\"font-weight: 400;\">Esta excursi\u00f3n exclusiva ser\u00e1 el mejor paseo para explorar a fondo la capital de Malta, la cual posee una <\/span><b>impresionante arquitectura<\/b><span style=\"font-weight: 400;\"> que mezcla el estilo medieval con el barroco y con una fuerte influencia \u00e1rabe.\u00a0<\/span><\/p>\n<p><span style=\"font-weight: 400;\">En este <\/span><b>tour privado de 4 horas<\/b><span style=\"font-weight: 400;\"> tendr\u00e1s la compa\u00f1\u00eda de un gu\u00eda oficial experto, quien ser\u00e1 el encargado de llevarte a conocer los edificios y monumentos de mayor atractivo, as\u00ed como tambi\u00e9n los distintos tesoros que esconde est\u00e1 espl\u00e9ndida ciudad. Adem\u00e1s, en cada punto de inter\u00e9s te relatar\u00e1 la informaci\u00f3n m\u00e1s importante para que descubras los datos m\u00e1s llamativos de la ciudad.\u00a0\u00a0<\/span><\/p>\n<p><span style=\"font-weight: 400;\">Pasear\u00e1s por sus calles color crema que son todo un espect\u00e1culo, por la belleza de su est\u00e9tica y lo curioso de su distribuci\u00f3n, que se asemeja a un laberinto medieval.\u00a0<\/span><\/p>\n<p><span style=\"font-weight: 400;\">Adem\u00e1s, Mdina ha sido el centro de muchos hechos hist\u00f3ricos, que la hacen catalogar como una de las ciudades m\u00e1s importantes de Malta.\u00a0<\/span><\/p>\n<p><span style=\"font-weight: 400;\">Explorar\u00e1s la Catedral de Mdina, el sitio en el cual (seg\u00fan la biblia) naufrag\u00f3 San Pablo. Tambi\u00e9n, conocer\u00e1s algunas de las locaciones que se utilizaron para la famosa serie \u201cJuego de tronos\u201d.\u00a0<\/span><\/p>\n<p><span style=\"font-weight: 400;\">Al pasar por sus murallas, te sorprender\u00e1s de la vista panor\u00e1mica tan majestuosa que se obtiene desde ese punto de la ciudad.\u00a0<\/span><\/p>\n<p><span style=\"font-weight: 400;\">En definitiva, cada detalle de este tour privado a pie por Mdina est\u00e1 planificado para que aproveches al m\u00e1ximo cada minuto de la excursi\u00f3n y quedes con deseos de regresar a recorrer la majestuosa isla de Malta.\u00a0<\/span><\/p>\n<h2><b>Puntos de Inter\u00e9s<\/b><\/h2>\n<p><span style=\"font-weight: 400;\">Desde su fundaci\u00f3n por parte de los fenicios en el a\u00f1o 700 a. C., Mdina o \u201cla ciudad del silencio\u201d ha sido el centro de muchos hechos importantes. Adem\u00e1s, fue ocupada por muchas familias nobles y por los caballeros de San Juan durante la \u00e9poca del medioevo.\u00a0<\/span><\/p>\n<p><span style=\"font-weight: 400;\">Es por esto, que cada rinc\u00f3n de la ciudad tiene algo que mostrar y contar. Descubre cada punto de inter\u00e9s acompa\u00f1ado de un gu\u00eda privado experto en arte e historia:\u00a0<\/span><\/p>\n<ul>\n<li style=\"font-weight: 400;\" aria-level=\"1\"><b>El palacio de Vilhena<\/b><span style=\"font-weight: 400;\">: a este edificio tambi\u00e9n se le llama el Palacio Magisterial. Es una elegante construcci\u00f3n de estilo barroco franc\u00e9s que data de 1726 y que sirve de sede para el Museo de Historia Natural.\u00a0<\/span><\/li>\n<li style=\"font-weight: 400;\" aria-level=\"1\"><b>La Catedral de San Pablo<\/b><span style=\"font-weight: 400;\">: se trata del edificio m\u00e1s ic\u00f3nico de Mdina, el cual fue construido por los Caballeros de la Orden de San Juan durante el a\u00f1o 1697 y 1702. Es una estructura barroca, que se encuentra construida sobre las ruinas de una antigua iglesia, la cual fue destruida por un terremoto en el a\u00f1o 1693.<\/span><\/li>\n<li style=\"font-weight: 400;\" aria-level=\"1\"><b>La puerta de Mdina<\/b><span style=\"font-weight: 400;\">: esta impresionante puerta principal de la ciudad del silencio fue construida por el Gran Maestre Ant\u00f3nio de Vilhena. Sin duda este es un monumento muy representativo de la ciudad y que ha servido como escenario para algunas pel\u00edculas de cine y para la serie \u201cThe game of thrones\u201d.\u00a0<\/span><\/li>\n<li style=\"font-weight: 400;\" aria-level=\"1\"><b>El convento de las Carmelitas<\/b><span style=\"font-weight: 400;\">: este edificio religioso albergaba a las Carmelitas Descalzas durante el a\u00f1o 1418. En el sitio permanece una iglesia cat\u00f3lica y algunas de las estancias que ocupaban las religiosas durante la edad media.\u00a0<\/span><\/li>\n<\/ul>\n<p><span style=\"font-weight: 400;\">Unido a estos puntos de inter\u00e9s, tambi\u00e9n conocer\u00e1s el Palazzo Falson, la Capilla de Santa Agatha, Palazzo Inguanez, el Palazzo Costanzo y muchos otros lugares llamativos.\u00a0<\/span><\/p>\n<p><span style=\"font-weight: 400;\">Puedes completar tu paseo por Malta con un <\/span><a href=\"https:\/\/tourtravelandmore.com\/es\/tours\/malta-es\/valleta-mdina-es\/tour-privado-al-hipogeo-y-a-los-templos-de-tarxien-3-4-horas-desde-cualquier-ciudad\/\"><b>tour privado por el Hipogeo y los templos de Tarxien<\/b><\/a><span style=\"font-weight: 400;\">, ya que de esta manera podr\u00e1s explorar algunas de las construcciones m\u00e1s antiguas hechas por el hombre.\u00a0<\/span><\/p>\n","protected":false},"excerpt":{"rendered":"<p><span style=\"font-weight: 400;\">Conoce Mdina y todas sus joyas ocultas en este tour privado a pie, en el cual ver\u00e1s su impresionante arquitectura medieval, as\u00ed como sus murallas y emblem\u00e1ticos palacios. Si quieres descubrir toda la belleza hist\u00f3rica y cultural de esta ciudad, aprovecha nuestra excursi\u00f3n privada con un gu\u00eda oficial experto, quien te dar\u00e1 los datos m\u00e1s importantes de cada punto de inter\u00e9s.<\/span><\/p>\n","protected":false},"featured_media":30456,"comment_status":"open","ping_status":"closed","template":"","meta":{"_acf_changed":false},"product_brand":[],"product_cat":[1010,1011,1014],"product_tag":[],"class_list":{"0":"post-30531","1":"product","2":"type-product","3":"status-publish","4":"has-post-thumbnail","6":"product_cat-valleta-mdina-es","7":"product_cat-valleta-mdina-actividades-es","8":"product_cat-valleta-mdina-tours-privados-pie-es","10":"first","11":"instock","12":"shipping-taxable","13":"purchasable","14":"product-type-simple"},"acf":[],"yoast_head":"<!-- This site is optimized with the Yoast SEO Premium plugin v25.3.1 (Yoast SEO v25.3.1) - https:\/\/yoast.com\/wordpress\/plugins\/seo\/ -->\n<title>Tour privado a pie por la ciudad de Mdina en compa\u00f1\u00eda de un gu\u00eda oficial<\/title>\n<meta name=\"description\" content=\"\u00bfDeseas recorrer por completo la ciudad de Mdina y conocer cada uno de sus puntos m\u00e1s atractivos? Este tour privado por Mdina te conectar\u00e1 con el pasado hist\u00f3rico de la ciudad y con los lugares m\u00e1s llamativos para que no te quede nada sin conocer de esta imponente ciudad amurallada\" \/>\n<meta name=\"robots\" content=\"index, follow, max-snippet:-1, max-image-preview:large, max-video-preview:-1\" \/>\n<link rel=\"canonical\" href=\"https:\/\/tourtravelandmore.com\/es\/tours\/malta-es\/valleta-mdina-es\/tour-privado-a-pie-por-mdina\/\" \/>\n<meta property=\"og:locale\" content=\"es_ES\" \/>\n<meta property=\"og:type\" content=\"article\" \/>\n<meta property=\"og:title\" content=\"Tour Privado a Pie por Mdina\" \/>\n<meta property=\"og:description\" content=\"\u00bfDeseas recorrer por completo la ciudad de Mdina y conocer cada uno de sus puntos m\u00e1s atractivos? Este tour privado por Mdina te conectar\u00e1 con el pasado hist\u00f3rico de la ciudad y con los lugares m\u00e1s llamativos para que no te quede nada sin conocer de esta imponente ciudad amurallada\" \/>\n<meta property=\"og:url\" content=\"https:\/\/tourtravelandmore.com\/es\/tours\/malta-es\/valleta-mdina-es\/tour-privado-a-pie-por-mdina\/\" \/>\n<meta property=\"og:site_name\" content=\"Tour Travel And More\" \/>\n<meta property=\"article:publisher\" content=\"https:\/\/www.facebook.com\/tourtravelandmore\/\" \/>\n<meta property=\"article:modified_time\" content=\"2021-12-23T16:48:49+00:00\" \/>\n<meta property=\"og:image\" content=\"https:\/\/tourtravelandmore.com\/wp-content\/uploads\/2019\/01\/mdina.jpg\" \/>\n\t<meta property=\"og:image:width\" content=\"2048\" \/>\n\t<meta property=\"og:image:height\" content=\"1163\" \/>\n\t<meta property=\"og:image:type\" content=\"image\/jpeg\" \/>\n<meta name=\"twitter:card\" content=\"summary_large_image\" \/>\n<meta name=\"twitter:site\" content=\"@TourTravel_More\" \/>\n<meta name=\"twitter:label1\" content=\"Tiempo de lectura\" \/>\n\t<meta name=\"twitter:data1\" content=\"2 minutos\" \/>\n<script type=\"application\/ld+json\" class=\"yoast-schema-graph\">{\"@context\":\"https:\/\/schema.org\",\"@graph\":[{\"@type\":\"WebPage\",\"@id\":\"https:\/\/tourtravelandmore.com\/es\/tours\/malta-es\/valleta-mdina-es\/tour-privado-a-pie-por-mdina\/\",\"url\":\"https:\/\/tourtravelandmore.com\/es\/tours\/malta-es\/valleta-mdina-es\/tour-privado-a-pie-por-mdina\/\",\"name\":\"Tour privado a pie por la ciudad de Mdina en compa\u00f1\u00eda de un gu\u00eda oficial\",\"isPartOf\":{\"@id\":\"https:\/\/tourtravelandmore.com\/es\/#website\"},\"primaryImageOfPage\":{\"@id\":\"https:\/\/tourtravelandmore.com\/es\/tours\/malta-es\/valleta-mdina-es\/tour-privado-a-pie-por-mdina\/#primaryimage\"},\"image\":{\"@id\":\"https:\/\/tourtravelandmore.com\/es\/tours\/malta-es\/valleta-mdina-es\/tour-privado-a-pie-por-mdina\/#primaryimage\"},\"thumbnailUrl\":\"https:\/\/tourtravelandmore.com\/wp-content\/uploads\/2019\/01\/mdina.jpg\",\"datePublished\":\"2019-01-03T11:10:09+00:00\",\"dateModified\":\"2021-12-23T16:48:49+00:00\",\"description\":\"\u00bfDeseas recorrer por completo la ciudad de Mdina y conocer cada uno de sus puntos m\u00e1s atractivos? Este tour privado por Mdina te conectar\u00e1 con el pasado hist\u00f3rico de la ciudad y con los lugares m\u00e1s llamativos para que no te quede nada sin conocer de esta imponente ciudad amurallada\",\"breadcrumb\":{\"@id\":\"https:\/\/tourtravelandmore.com\/es\/tours\/malta-es\/valleta-mdina-es\/tour-privado-a-pie-por-mdina\/#breadcrumb\"},\"inLanguage\":\"es\",\"potentialAction\":[{\"@type\":\"ReadAction\",\"target\":[\"https:\/\/tourtravelandmore.com\/es\/tours\/malta-es\/valleta-mdina-es\/tour-privado-a-pie-por-mdina\/\"]}]},{\"@type\":\"ImageObject\",\"inLanguage\":\"es\",\"@id\":\"https:\/\/tourtravelandmore.com\/es\/tours\/malta-es\/valleta-mdina-es\/tour-privado-a-pie-por-mdina\/#primaryimage\",\"url\":\"https:\/\/tourtravelandmore.com\/wp-content\/uploads\/2019\/01\/mdina.jpg\",\"contentUrl\":\"https:\/\/tourtravelandmore.com\/wp-content\/uploads\/2019\/01\/mdina.jpg\",\"width\":2048,\"height\":1163},{\"@type\":\"BreadcrumbList\",\"@id\":\"https:\/\/tourtravelandmore.com\/es\/tours\/malta-es\/valleta-mdina-es\/tour-privado-a-pie-por-mdina\/#breadcrumb\",\"itemListElement\":[{\"@type\":\"ListItem\",\"position\":1,\"name\":\"Home\",\"item\":\"https:\/\/tourtravelandmore.com\/es\/\"},{\"@type\":\"ListItem\",\"position\":2,\"name\":\"Tours\",\"item\":\"https:\/\/tourtravelandmore.com\/es\/tours\/\"},{\"@type\":\"ListItem\",\"position\":3,\"name\":\"Tour Privado a Pie por Mdina\"}]},{\"@type\":\"WebSite\",\"@id\":\"https:\/\/tourtravelandmore.com\/es\/#website\",\"url\":\"https:\/\/tourtravelandmore.com\/es\/\",\"name\":\"Tour Travel And More\",\"description\":\"Private sightseeing tours and luxury transfers in Spain\",\"publisher\":{\"@id\":\"https:\/\/tourtravelandmore.com\/es\/#organization\"},\"potentialAction\":[{\"@type\":\"SearchAction\",\"target\":{\"@type\":\"EntryPoint\",\"urlTemplate\":\"https:\/\/tourtravelandmore.com\/es\/?s={search_term_string}\"},\"query-input\":{\"@type\":\"PropertyValueSpecification\",\"valueRequired\":true,\"valueName\":\"search_term_string\"}}],\"inLanguage\":\"es\"},{\"@type\":\"Organization\",\"@id\":\"https:\/\/tourtravelandmore.com\/es\/#organization\",\"name\":\"Tour Travel And More\",\"url\":\"https:\/\/tourtravelandmore.com\/es\/\",\"logo\":{\"@type\":\"ImageObject\",\"inLanguage\":\"es\",\"@id\":\"https:\/\/tourtravelandmore.com\/es\/#\/schema\/logo\/image\/\",\"url\":\"https:\/\/tourtravelandmore.com\/wp-content\/uploads\/2022\/12\/cropped-logo-cabecera-new.png\",\"contentUrl\":\"https:\/\/tourtravelandmore.com\/wp-content\/uploads\/2022\/12\/cropped-logo-cabecera-new.png\",\"width\":430,\"height\":61,\"caption\":\"Tour Travel And More\"},\"image\":{\"@id\":\"https:\/\/tourtravelandmore.com\/es\/#\/schema\/logo\/image\/\"},\"sameAs\":[\"https:\/\/www.facebook.com\/tourtravelandmore\/\",\"https:\/\/x.com\/TourTravel_More\"]}]}<\/script>\n<!-- \/ Yoast SEO Premium plugin. -->","yoast_head_json":{"title":"Tour privado a pie por la ciudad de Mdina en compa\u00f1\u00eda de un gu\u00eda oficial","description":"\u00bfDeseas recorrer por completo la ciudad de Mdina y conocer cada uno de sus puntos m\u00e1s atractivos? Este tour privado por Mdina te conectar\u00e1 con el pasado hist\u00f3rico de la ciudad y con los lugares m\u00e1s llamativos para que no te quede nada sin conocer de esta imponente ciudad amurallada","robots":{"index":"index","follow":"follow","max-snippet":"max-snippet:-1","max-image-preview":"max-image-preview:large","max-video-preview":"max-video-preview:-1"},"canonical":"https:\/\/tourtravelandmore.com\/es\/tours\/malta-es\/valleta-mdina-es\/tour-privado-a-pie-por-mdina\/","og_locale":"es_ES","og_type":"article","og_title":"Tour Privado a Pie por Mdina","og_description":"\u00bfDeseas recorrer por completo la ciudad de Mdina y conocer cada uno de sus puntos m\u00e1s atractivos? Este tour privado por Mdina te conectar\u00e1 con el pasado hist\u00f3rico de la ciudad y con los lugares m\u00e1s llamativos para que no te quede nada sin conocer de esta imponente ciudad amurallada","og_url":"https:\/\/tourtravelandmore.com\/es\/tours\/malta-es\/valleta-mdina-es\/tour-privado-a-pie-por-mdina\/","og_site_name":"Tour Travel And More","article_publisher":"https:\/\/www.facebook.com\/tourtravelandmore\/","article_modified_time":"2021-12-23T16:48:49+00:00","og_image":[{"width":2048,"height":1163,"url":"https:\/\/tourtravelandmore.com\/wp-content\/uploads\/2019\/01\/mdina.jpg","type":"image\/jpeg"}],"twitter_card":"summary_large_image","twitter_site":"@TourTravel_More","twitter_misc":{"Tiempo de lectura":"2 minutos"},"schema":{"@context":"https:\/\/schema.org","@graph":[{"@type":"WebPage","@id":"https:\/\/tourtravelandmore.com\/es\/tours\/malta-es\/valleta-mdina-es\/tour-privado-a-pie-por-mdina\/","url":"https:\/\/tourtravelandmore.com\/es\/tours\/malta-es\/valleta-mdina-es\/tour-privado-a-pie-por-mdina\/","name":"Tour privado a pie por la ciudad de Mdina en compa\u00f1\u00eda de un gu\u00eda oficial","isPartOf":{"@id":"https:\/\/tourtravelandmore.com\/es\/#website"},"primaryImageOfPage":{"@id":"https:\/\/tourtravelandmore.com\/es\/tours\/malta-es\/valleta-mdina-es\/tour-privado-a-pie-por-mdina\/#primaryimage"},"image":{"@id":"https:\/\/tourtravelandmore.com\/es\/tours\/malta-es\/valleta-mdina-es\/tour-privado-a-pie-por-mdina\/#primaryimage"},"thumbnailUrl":"https:\/\/tourtravelandmore.com\/wp-content\/uploads\/2019\/01\/mdina.jpg","datePublished":"2019-01-03T11:10:09+00:00","dateModified":"2021-12-23T16:48:49+00:00","description":"\u00bfDeseas recorrer por completo la ciudad de Mdina y conocer cada uno de sus puntos m\u00e1s atractivos? Este tour privado por Mdina te conectar\u00e1 con el pasado hist\u00f3rico de la ciudad y con los lugares m\u00e1s llamativos para que no te quede nada sin conocer de esta imponente ciudad amurallada","breadcrumb":{"@id":"https:\/\/tourtravelandmore.com\/es\/tours\/malta-es\/valleta-mdina-es\/tour-privado-a-pie-por-mdina\/#breadcrumb"},"inLanguage":"es","potentialAction":[{"@type":"ReadAction","target":["https:\/\/tourtravelandmore.com\/es\/tours\/malta-es\/valleta-mdina-es\/tour-privado-a-pie-por-mdina\/"]}]},{"@type":"ImageObject","inLanguage":"es","@id":"https:\/\/tourtravelandmore.com\/es\/tours\/malta-es\/valleta-mdina-es\/tour-privado-a-pie-por-mdina\/#primaryimage","url":"https:\/\/tourtravelandmore.com\/wp-content\/uploads\/2019\/01\/mdina.jpg","contentUrl":"https:\/\/tourtravelandmore.com\/wp-content\/uploads\/2019\/01\/mdina.jpg","width":2048,"height":1163},{"@type":"BreadcrumbList","@id":"https:\/\/tourtravelandmore.com\/es\/tours\/malta-es\/valleta-mdina-es\/tour-privado-a-pie-por-mdina\/#breadcrumb","itemListElement":[{"@type":"ListItem","position":1,"name":"Home","item":"https:\/\/tourtravelandmore.com\/es\/"},{"@type":"ListItem","position":2,"name":"Tours","item":"https:\/\/tourtravelandmore.com\/es\/tours\/"},{"@type":"ListItem","position":3,"name":"Tour Privado a Pie por Mdina"}]},{"@type":"WebSite","@id":"https:\/\/tourtravelandmore.com\/es\/#website","url":"https:\/\/tourtravelandmore.com\/es\/","name":"Tour Travel And More","description":"Private sightseeing tours and luxury transfers in Spain","publisher":{"@id":"https:\/\/tourtravelandmore.com\/es\/#organization"},"potentialAction":[{"@type":"SearchAction","target":{"@type":"EntryPoint","urlTemplate":"https:\/\/tourtravelandmore.com\/es\/?s={search_term_string}"},"query-input":{"@type":"PropertyValueSpecification","valueRequired":true,"valueName":"search_term_string"}}],"inLanguage":"es"},{"@type":"Organization","@id":"https:\/\/tourtravelandmore.com\/es\/#organization","name":"Tour Travel And More","url":"https:\/\/tourtravelandmore.com\/es\/","logo":{"@type":"ImageObject","inLanguage":"es","@id":"https:\/\/tourtravelandmore.com\/es\/#\/schema\/logo\/image\/","url":"https:\/\/tourtravelandmore.com\/wp-content\/uploads\/2022\/12\/cropped-logo-cabecera-new.png","contentUrl":"https:\/\/tourtravelandmore.com\/wp-content\/uploads\/2022\/12\/cropped-logo-cabecera-new.png","width":430,"height":61,"caption":"Tour Travel And More"},"image":{"@id":"https:\/\/tourtravelandmore.com\/es\/#\/schema\/logo\/image\/"},"sameAs":["https:\/\/www.facebook.com\/tourtravelandmore\/","https:\/\/x.com\/TourTravel_More"]}]}},"_links":{"self":[{"href":"https:\/\/tourtravelandmore.com\/es\/wp-json\/wp\/v2\/product\/30531","targetHints":{"allow":["GET"]}}],"collection":[{"href":"https:\/\/tourtravelandmore.com\/es\/wp-json\/wp\/v2\/product"}],"about":[{"href":"https:\/\/tourtravelandmore.com\/es\/wp-json\/wp\/v2\/types\/product"}],"replies":[{"embeddable":true,"href":"https:\/\/tourtravelandmore.com\/es\/wp-json\/wp\/v2\/comments?post=30531"}],"wp:featuredmedia":[{"embeddable":true,"href":"https:\/\/tourtravelandmore.com\/es\/wp-json\/wp\/v2\/media\/30456"}],"wp:attachment":[{"href":"https:\/\/tourtravelandmore.com\/es\/wp-json\/wp\/v2\/media?parent=30531"}],"wp:term":[{"taxonomy":"product_brand","embeddable":true,"href":"https:\/\/tourtravelandmore.com\/es\/wp-json\/wp\/v2\/product_brand?post=30531"},{"taxonomy":"product_cat","embeddable":true,"href":"https:\/\/tourtravelandmore.com\/es\/wp-json\/wp\/v2\/product_cat?post=30531"},{"taxonomy":"product_tag","embeddable":true,"href":"https:\/\/tourtravelandmore.com\/es\/wp-json\/wp\/v2\/product_tag?post=30531"}],"curies":[{"name":"wp","href":"https:\/\/api.w.org\/{rel}","templated":true}]}}