{"id":30478,"date":"2019-01-02T16:16:18","date_gmt":"2019-01-02T15:16:21","guid":{"rendered":"http:\/\/tourtravelandmore.com\/es\/tours\/valleta-mdina-es\/tour-privado-a-pie-4-horas-de-valletta\/"},"modified":"2021-12-23T16:47:23","modified_gmt":"2021-12-23T15:47:23","slug":"tour-privado-a-pie-por-la-valeta","status":"publish","type":"product","link":"https:\/\/tourtravelandmore.com\/es\/tours\/malta-es\/valleta-mdina-es\/tour-privado-a-pie-por-la-valeta\/","title":{"rendered":"Tour privado a pie por La Valeta"},"content":{"rendered":"<h2><b>Descripci\u00f3n de Tour privado a pie por La Valeta\u00a0<\/b><\/h2>\n<p><span style=\"font-weight: 400;\">Aprovecha tu tiempo en el archipi\u00e9lago malt\u00e9s y ac\u00e9rcate a una de las ciudades m\u00e1s hist\u00f3ricas de toda Europa. Conoce Malta de una forma \u00fanica y exclusiva con el <\/span><b>tour a pie por La Valeta<\/b><span style=\"font-weight: 400;\">. La cual es la actual capital del archipi\u00e9lago malt\u00e9s.\u00a0<\/span><\/p>\n<p><span style=\"font-weight: 400;\">Es un tour ideal para que disfrutes durante 4 horas de un paseo personalizado en compa\u00f1\u00eda de un gu\u00eda local. De esta manera, experimentar\u00e1s tu viaje como un lugare\u00f1o m\u00e1s, sin perder ning\u00fan detalle de esta emblem\u00e1tica ciudad.\u00a0<\/span><\/p>\n<p><span style=\"font-weight: 400;\">Puedes <\/span><b>acordar con el gu\u00eda el lugar y el horario para el encuentro<\/b><span style=\"font-weight: 400;\">. El objetivo es que el paseo se adapte a tu itinerario y necesidades.\u00a0<\/span><\/p>\n<p><span style=\"font-weight: 400;\">Admirar\u00e1s de cerca las murallas medievales, los edificios hist\u00f3ricos y los distintos monumentos que cuentan con m\u00e1s de 3.000 a\u00f1os de historia.\u00a0<\/span><\/p>\n<p><span style=\"font-weight: 400;\">Adem\u00e1s, dentro de las construcciones ver\u00e1s las distintas influencias que han dejado los fenicios, romanos, griegos y los caballeros de San Juan, puesto que es una ciudad impregnada de grandes hechos hist\u00f3ricos de gran trascendencia mundial.\u00a0<\/span><\/p>\n<p><span style=\"font-weight: 400;\">Tambi\u00e9n, explorar\u00e1s las atracciones menos conocidas, pero que cuentan con un gran valor arquitect\u00f3nico y cultural.\u00a0<\/span><\/p>\n<p><span style=\"font-weight: 400;\">En este tour privado descubrir\u00e1s de una forma \u00fanica la raz\u00f3n por la cual a La Valeta se le declar\u00f3 como un patrimonio de la humanidad por parte de la Unesco.\u00a0<\/span><\/p>\n<h2><b>Puntos de Inter\u00e9s<\/b><\/h2>\n<p><span style=\"font-weight: 400;\">La Valeta, seg\u00fan la Unesco, cuenta con m\u00e1s de 320 monumentos y edificios de car\u00e1cter hist\u00f3rico. Por eso, la ciudad es reconocida en todo el mundo como una de las metr\u00f3polis que concentra m\u00e1s construcciones hist\u00f3ricas en su territorio.\u00a0<\/span><\/p>\n<p><span style=\"font-weight: 400;\">En este tour privado por La Valeta, el gu\u00eda oficial te acompa\u00f1ar\u00e1 por los distintos puntos de inter\u00e9s, como por ejemplo:\u00a0<\/span><\/p>\n<h3><span style=\"color: #d3af37;\"><b>El Palacio del Gran Maestre<\/b><\/span><\/h3>\n<p><span style=\"font-weight: 400;\">Este edificio es sorprendente de principio a fin. Como su nombre lo indica, fue en la antig\u00fcedad la residencia del Gran Maestre de la Orden de los Caballeros de San Juan. En la actualidad, funciona como la oficina del presidente de Malta.\u00a0<\/span><\/p>\n<p><span style=\"font-weight: 400;\">En su interior se encuentran distintos salones, una impresionante colecci\u00f3n de armas y una variedad de objetos que pertenecieron a los Caballeros de la Orden de Malta.\u00a0<\/span><\/p>\n<h3><span style=\"color: #d3af37;\"><b>La Concatedral de San Juan\u00a0<\/b><\/span><\/h3>\n<p><span style=\"font-weight: 400;\">Se trata de un edificio de estilo barroco que est\u00e1 decorado con mucha elegancia y simpleza.\u00a0<\/span><\/p>\n<p><span style=\"font-weight: 400;\">En el suelo de la construcci\u00f3n se encuentran algunas de las tumbas de los Caballeros de la Orden de San Juan. Adem\u00e1s, alberga 8 capillas y algunas de las obras m\u00e1s llamativas del artista Caravaggio.<\/span><\/p>\n<h3><span style=\"color: #d3af37;\"><b>El Fuerte de San Telmo<\/b><\/span><\/h3>\n<p><span style=\"font-weight: 400;\">Tambi\u00e9n llamado el fuerte de San Elmo, esta es una fortaleza que tiene mucha historia tras sus muros. De hecho, fue un punto clave para la defensa de Malta durante las invasiones turcas.\u00a0<\/span><\/p>\n<p><span style=\"font-weight: 400;\">Tambi\u00e9n, representa la resistencia de los Caballeros de San Juan durante el asedio otomano en 1565.<\/span><\/p>\n<p><span style=\"font-weight: 400;\">Aparte de estos interesantes lugares de inter\u00e9s, en el tour privado conocer\u00e1s:\u00a0<\/span><\/p>\n<ul>\n<li><b>El nuevo edificio del Parlamento.\u00a0<\/b><\/li>\n<li><b>Auberge de Castille.<\/b><\/li>\n<li><b>El Museo de Arqueolog\u00eda<\/b><\/li>\n<li><b>Los Jardines de la Barrakka y muchos sitios m\u00e1s.<\/b><\/li>\n<\/ul>\n<p><span style=\"font-weight: 400;\">Es una visita guiada de 4 horas exclusiva y personalizada por todos los rincones de esta ciudad tur\u00edstica y llena de encanto. En la cual el gu\u00eda estar\u00e1 atento a tus intereses para que aproveches al m\u00e1ximo cada minuto de la excursi\u00f3n.\u00a0<\/span><\/p>\n<p id=\"tw-target-text\" class=\"tw-data-text tw-text-large XcVN5d tw-ta\" dir=\"ltr\" data-placeholder=\"Traducci\u00f3n\"><span style=\"font-weight: 400;\">No est\u00e1 de m\u00e1s que dentro de tu itinerario en Malta incluyas el <\/span><b><a href=\"https:\/\/tourtravelandmore.com\/es\/tours\/malta-es\/valleta-mdina-es\/tour-privado-los-pasos-de-san-pablo-desde-cualquier-ciudad\/\">tour por los pasos de San Pablo<\/a>.<\/b><span style=\"font-weight: 400;\"> Esa ser\u00e1 una manera \u00fanica de conectarte con los primeros pasos del cristianismo por la isla. <\/span><\/p>\n","protected":false},"excerpt":{"rendered":"<p><span style=\"font-weight: 400;\">Explora los sitios m\u00e1s atractivos de La Valeta en un tour a pie exclusivo y personalizado. Con la compa\u00f1\u00eda de un gu\u00eda experto en historia local, descubre los edificios y monumentos de mayor importancia hist\u00f3rica, como la Concatedral de San Juan, el Palacio del Gran Maestre, la Casa Rocca Piccola y muchos otros m\u00e1s<\/span><\/p>\n","protected":false},"featured_media":116477,"comment_status":"open","ping_status":"closed","template":"","meta":{"_acf_changed":false},"product_brand":[],"product_cat":[1010,1011,1014],"product_tag":[],"class_list":{"0":"post-30478","1":"product","2":"type-product","3":"status-publish","4":"has-post-thumbnail","6":"product_cat-valleta-mdina-es","7":"product_cat-valleta-mdina-actividades-es","8":"product_cat-valleta-mdina-tours-privados-pie-es","10":"first","11":"instock","12":"shipping-taxable","13":"purchasable","14":"product-type-simple"},"acf":[],"yoast_head":"<!-- This site is optimized with the Yoast SEO Premium plugin v25.3.1 (Yoast SEO v25.3.1) - https:\/\/yoast.com\/wordpress\/plugins\/seo\/ -->\n<title>Tour privado a pie por La Valeta con un gu\u00eda oficial incluido<\/title>\n<meta name=\"description\" content=\"Recorre una de las ciudades m\u00e1s importantes de Malta en un tour privado a pie por La Valeta en compa\u00f1\u00eda de un gu\u00eda oficial experto en historia\" \/>\n<meta name=\"robots\" content=\"index, follow, max-snippet:-1, max-image-preview:large, max-video-preview:-1\" \/>\n<link rel=\"canonical\" href=\"https:\/\/tourtravelandmore.com\/es\/tours\/malta-es\/valleta-mdina-es\/tour-privado-a-pie-por-la-valeta\/\" \/>\n<meta property=\"og:locale\" content=\"es_ES\" \/>\n<meta property=\"og:type\" content=\"article\" \/>\n<meta property=\"og:title\" content=\"Tour privado a pie por La Valeta\" \/>\n<meta property=\"og:description\" content=\"Recorre una de las ciudades m\u00e1s importantes de Malta en un tour privado a pie por La Valeta en compa\u00f1\u00eda de un gu\u00eda oficial experto en historia\" \/>\n<meta property=\"og:url\" content=\"https:\/\/tourtravelandmore.com\/es\/tours\/malta-es\/valleta-mdina-es\/tour-privado-a-pie-por-la-valeta\/\" \/>\n<meta property=\"og:site_name\" content=\"Tour Travel And More\" \/>\n<meta property=\"article:publisher\" content=\"https:\/\/www.facebook.com\/tourtravelandmore\/\" \/>\n<meta property=\"article:modified_time\" content=\"2021-12-23T15:47:23+00:00\" \/>\n<meta property=\"og:image\" content=\"https:\/\/tourtravelandmore.com\/wp-content\/uploads\/2019\/01\/image6.jpg\" \/>\n\t<meta property=\"og:image:width\" content=\"910\" \/>\n\t<meta property=\"og:image:height\" content=\"607\" \/>\n\t<meta property=\"og:image:type\" content=\"image\/jpeg\" \/>\n<meta name=\"twitter:card\" content=\"summary_large_image\" \/>\n<meta name=\"twitter:site\" content=\"@TourTravel_More\" \/>\n<meta name=\"twitter:label1\" content=\"Tiempo de lectura\" \/>\n\t<meta name=\"twitter:data1\" content=\"2 minutos\" \/>\n<script type=\"application\/ld+json\" class=\"yoast-schema-graph\">{\"@context\":\"https:\/\/schema.org\",\"@graph\":[{\"@type\":\"WebPage\",\"@id\":\"https:\/\/tourtravelandmore.com\/es\/tours\/malta-es\/valleta-mdina-es\/tour-privado-a-pie-por-la-valeta\/\",\"url\":\"https:\/\/tourtravelandmore.com\/es\/tours\/malta-es\/valleta-mdina-es\/tour-privado-a-pie-por-la-valeta\/\",\"name\":\"Tour privado a pie por La Valeta con un gu\u00eda oficial incluido\",\"isPartOf\":{\"@id\":\"https:\/\/tourtravelandmore.com\/es\/#website\"},\"primaryImageOfPage\":{\"@id\":\"https:\/\/tourtravelandmore.com\/es\/tours\/malta-es\/valleta-mdina-es\/tour-privado-a-pie-por-la-valeta\/#primaryimage\"},\"image\":{\"@id\":\"https:\/\/tourtravelandmore.com\/es\/tours\/malta-es\/valleta-mdina-es\/tour-privado-a-pie-por-la-valeta\/#primaryimage\"},\"thumbnailUrl\":\"https:\/\/tourtravelandmore.com\/wp-content\/uploads\/2019\/01\/image6.jpg\",\"datePublished\":\"2019-01-02T15:16:21+00:00\",\"dateModified\":\"2021-12-23T15:47:23+00:00\",\"description\":\"Recorre una de las ciudades m\u00e1s importantes de Malta en un tour privado a pie por La Valeta en compa\u00f1\u00eda de un gu\u00eda oficial experto en historia\",\"breadcrumb\":{\"@id\":\"https:\/\/tourtravelandmore.com\/es\/tours\/malta-es\/valleta-mdina-es\/tour-privado-a-pie-por-la-valeta\/#breadcrumb\"},\"inLanguage\":\"es\",\"potentialAction\":[{\"@type\":\"ReadAction\",\"target\":[\"https:\/\/tourtravelandmore.com\/es\/tours\/malta-es\/valleta-mdina-es\/tour-privado-a-pie-por-la-valeta\/\"]}]},{\"@type\":\"ImageObject\",\"inLanguage\":\"es\",\"@id\":\"https:\/\/tourtravelandmore.com\/es\/tours\/malta-es\/valleta-mdina-es\/tour-privado-a-pie-por-la-valeta\/#primaryimage\",\"url\":\"https:\/\/tourtravelandmore.com\/wp-content\/uploads\/2019\/01\/image6.jpg\",\"contentUrl\":\"https:\/\/tourtravelandmore.com\/wp-content\/uploads\/2019\/01\/image6.jpg\",\"width\":910,\"height\":607},{\"@type\":\"BreadcrumbList\",\"@id\":\"https:\/\/tourtravelandmore.com\/es\/tours\/malta-es\/valleta-mdina-es\/tour-privado-a-pie-por-la-valeta\/#breadcrumb\",\"itemListElement\":[{\"@type\":\"ListItem\",\"position\":1,\"name\":\"Home\",\"item\":\"https:\/\/tourtravelandmore.com\/es\/\"},{\"@type\":\"ListItem\",\"position\":2,\"name\":\"Tours\",\"item\":\"https:\/\/tourtravelandmore.com\/es\/tours\/\"},{\"@type\":\"ListItem\",\"position\":3,\"name\":\"Tour privado a pie por La Valeta\"}]},{\"@type\":\"WebSite\",\"@id\":\"https:\/\/tourtravelandmore.com\/es\/#website\",\"url\":\"https:\/\/tourtravelandmore.com\/es\/\",\"name\":\"Tour Travel And More\",\"description\":\"Private sightseeing tours and luxury transfers in Spain\",\"publisher\":{\"@id\":\"https:\/\/tourtravelandmore.com\/es\/#organization\"},\"potentialAction\":[{\"@type\":\"SearchAction\",\"target\":{\"@type\":\"EntryPoint\",\"urlTemplate\":\"https:\/\/tourtravelandmore.com\/es\/?s={search_term_string}\"},\"query-input\":{\"@type\":\"PropertyValueSpecification\",\"valueRequired\":true,\"valueName\":\"search_term_string\"}}],\"inLanguage\":\"es\"},{\"@type\":\"Organization\",\"@id\":\"https:\/\/tourtravelandmore.com\/es\/#organization\",\"name\":\"Tour Travel And More\",\"url\":\"https:\/\/tourtravelandmore.com\/es\/\",\"logo\":{\"@type\":\"ImageObject\",\"inLanguage\":\"es\",\"@id\":\"https:\/\/tourtravelandmore.com\/es\/#\/schema\/logo\/image\/\",\"url\":\"https:\/\/tourtravelandmore.com\/wp-content\/uploads\/2022\/12\/cropped-logo-cabecera-new.png\",\"contentUrl\":\"https:\/\/tourtravelandmore.com\/wp-content\/uploads\/2022\/12\/cropped-logo-cabecera-new.png\",\"width\":430,\"height\":61,\"caption\":\"Tour Travel And More\"},\"image\":{\"@id\":\"https:\/\/tourtravelandmore.com\/es\/#\/schema\/logo\/image\/\"},\"sameAs\":[\"https:\/\/www.facebook.com\/tourtravelandmore\/\",\"https:\/\/x.com\/TourTravel_More\"]}]}<\/script>\n<!-- \/ Yoast SEO Premium plugin. -->","yoast_head_json":{"title":"Tour privado a pie por La Valeta con un gu\u00eda oficial incluido","description":"Recorre una de las ciudades m\u00e1s importantes de Malta en un tour privado a pie por La Valeta en compa\u00f1\u00eda de un gu\u00eda oficial experto en historia","robots":{"index":"index","follow":"follow","max-snippet":"max-snippet:-1","max-image-preview":"max-image-preview:large","max-video-preview":"max-video-preview:-1"},"canonical":"https:\/\/tourtravelandmore.com\/es\/tours\/malta-es\/valleta-mdina-es\/tour-privado-a-pie-por-la-valeta\/","og_locale":"es_ES","og_type":"article","og_title":"Tour privado a pie por La Valeta","og_description":"Recorre una de las ciudades m\u00e1s importantes de Malta en un tour privado a pie por La Valeta en compa\u00f1\u00eda de un gu\u00eda oficial experto en historia","og_url":"https:\/\/tourtravelandmore.com\/es\/tours\/malta-es\/valleta-mdina-es\/tour-privado-a-pie-por-la-valeta\/","og_site_name":"Tour Travel And More","article_publisher":"https:\/\/www.facebook.com\/tourtravelandmore\/","article_modified_time":"2021-12-23T15:47:23+00:00","og_image":[{"width":910,"height":607,"url":"https:\/\/tourtravelandmore.com\/wp-content\/uploads\/2019\/01\/image6.jpg","type":"image\/jpeg"}],"twitter_card":"summary_large_image","twitter_site":"@TourTravel_More","twitter_misc":{"Tiempo de lectura":"2 minutos"},"schema":{"@context":"https:\/\/schema.org","@graph":[{"@type":"WebPage","@id":"https:\/\/tourtravelandmore.com\/es\/tours\/malta-es\/valleta-mdina-es\/tour-privado-a-pie-por-la-valeta\/","url":"https:\/\/tourtravelandmore.com\/es\/tours\/malta-es\/valleta-mdina-es\/tour-privado-a-pie-por-la-valeta\/","name":"Tour privado a pie por La Valeta con un gu\u00eda oficial incluido","isPartOf":{"@id":"https:\/\/tourtravelandmore.com\/es\/#website"},"primaryImageOfPage":{"@id":"https:\/\/tourtravelandmore.com\/es\/tours\/malta-es\/valleta-mdina-es\/tour-privado-a-pie-por-la-valeta\/#primaryimage"},"image":{"@id":"https:\/\/tourtravelandmore.com\/es\/tours\/malta-es\/valleta-mdina-es\/tour-privado-a-pie-por-la-valeta\/#primaryimage"},"thumbnailUrl":"https:\/\/tourtravelandmore.com\/wp-content\/uploads\/2019\/01\/image6.jpg","datePublished":"2019-01-02T15:16:21+00:00","dateModified":"2021-12-23T15:47:23+00:00","description":"Recorre una de las ciudades m\u00e1s importantes de Malta en un tour privado a pie por La Valeta en compa\u00f1\u00eda de un gu\u00eda oficial experto en historia","breadcrumb":{"@id":"https:\/\/tourtravelandmore.com\/es\/tours\/malta-es\/valleta-mdina-es\/tour-privado-a-pie-por-la-valeta\/#breadcrumb"},"inLanguage":"es","potentialAction":[{"@type":"ReadAction","target":["https:\/\/tourtravelandmore.com\/es\/tours\/malta-es\/valleta-mdina-es\/tour-privado-a-pie-por-la-valeta\/"]}]},{"@type":"ImageObject","inLanguage":"es","@id":"https:\/\/tourtravelandmore.com\/es\/tours\/malta-es\/valleta-mdina-es\/tour-privado-a-pie-por-la-valeta\/#primaryimage","url":"https:\/\/tourtravelandmore.com\/wp-content\/uploads\/2019\/01\/image6.jpg","contentUrl":"https:\/\/tourtravelandmore.com\/wp-content\/uploads\/2019\/01\/image6.jpg","width":910,"height":607},{"@type":"BreadcrumbList","@id":"https:\/\/tourtravelandmore.com\/es\/tours\/malta-es\/valleta-mdina-es\/tour-privado-a-pie-por-la-valeta\/#breadcrumb","itemListElement":[{"@type":"ListItem","position":1,"name":"Home","item":"https:\/\/tourtravelandmore.com\/es\/"},{"@type":"ListItem","position":2,"name":"Tours","item":"https:\/\/tourtravelandmore.com\/es\/tours\/"},{"@type":"ListItem","position":3,"name":"Tour privado a pie por La Valeta"}]},{"@type":"WebSite","@id":"https:\/\/tourtravelandmore.com\/es\/#website","url":"https:\/\/tourtravelandmore.com\/es\/","name":"Tour Travel And More","description":"Private sightseeing tours and luxury transfers in Spain","publisher":{"@id":"https:\/\/tourtravelandmore.com\/es\/#organization"},"potentialAction":[{"@type":"SearchAction","target":{"@type":"EntryPoint","urlTemplate":"https:\/\/tourtravelandmore.com\/es\/?s={search_term_string}"},"query-input":{"@type":"PropertyValueSpecification","valueRequired":true,"valueName":"search_term_string"}}],"inLanguage":"es"},{"@type":"Organization","@id":"https:\/\/tourtravelandmore.com\/es\/#organization","name":"Tour Travel And More","url":"https:\/\/tourtravelandmore.com\/es\/","logo":{"@type":"ImageObject","inLanguage":"es","@id":"https:\/\/tourtravelandmore.com\/es\/#\/schema\/logo\/image\/","url":"https:\/\/tourtravelandmore.com\/wp-content\/uploads\/2022\/12\/cropped-logo-cabecera-new.png","contentUrl":"https:\/\/tourtravelandmore.com\/wp-content\/uploads\/2022\/12\/cropped-logo-cabecera-new.png","width":430,"height":61,"caption":"Tour Travel And More"},"image":{"@id":"https:\/\/tourtravelandmore.com\/es\/#\/schema\/logo\/image\/"},"sameAs":["https:\/\/www.facebook.com\/tourtravelandmore\/","https:\/\/x.com\/TourTravel_More"]}]}},"_links":{"self":[{"href":"https:\/\/tourtravelandmore.com\/es\/wp-json\/wp\/v2\/product\/30478","targetHints":{"allow":["GET"]}}],"collection":[{"href":"https:\/\/tourtravelandmore.com\/es\/wp-json\/wp\/v2\/product"}],"about":[{"href":"https:\/\/tourtravelandmore.com\/es\/wp-json\/wp\/v2\/types\/product"}],"replies":[{"embeddable":true,"href":"https:\/\/tourtravelandmore.com\/es\/wp-json\/wp\/v2\/comments?post=30478"}],"wp:featuredmedia":[{"embeddable":true,"href":"https:\/\/tourtravelandmore.com\/es\/wp-json\/wp\/v2\/media\/116477"}],"wp:attachment":[{"href":"https:\/\/tourtravelandmore.com\/es\/wp-json\/wp\/v2\/media?parent=30478"}],"wp:term":[{"taxonomy":"product_brand","embeddable":true,"href":"https:\/\/tourtravelandmore.com\/es\/wp-json\/wp\/v2\/product_brand?post=30478"},{"taxonomy":"product_cat","embeddable":true,"href":"https:\/\/tourtravelandmore.com\/es\/wp-json\/wp\/v2\/product_cat?post=30478"},{"taxonomy":"product_tag","embeddable":true,"href":"https:\/\/tourtravelandmore.com\/es\/wp-json\/wp\/v2\/product_tag?post=30478"}],"curies":[{"name":"wp","href":"https:\/\/api.w.org\/{rel}","templated":true}]}}