{"id":30446,"date":"2019-01-02T13:28:37","date_gmt":"2019-01-02T12:28:40","guid":{"rendered":"http:\/\/tourtravelandmore.com\/es\/tours\/valleta-mdina-es\/excursion-privada-a-mdina-valletta-puerto-malta\/"},"modified":"2021-12-23T17:32:03","modified_gmt":"2021-12-23T16:32:03","slug":"tour-privado-de-la-valeta-y-mdina","status":"publish","type":"product","link":"https:\/\/tourtravelandmore.com\/es\/tours\/malta-es\/valleta-mdina-es\/tour-privado-de-la-valeta-y-mdina\/","title":{"rendered":"Tour privado de La Valeta y Mdina"},"content":{"rendered":"<h2><b>Descripci\u00f3n del Tour privado de La Valeta y Mdina<\/b><\/h2>\n<p><span style=\"font-weight: 400;\">El <\/span><b>tour privado de La Valeta y Mdina<\/b><span style=\"font-weight: 400;\"> es la excursi\u00f3n ideal para descubrir las dos ciudades que han sido capitales de Malta.\u00a0<\/span><\/p>\n<p><span style=\"font-weight: 400;\">Son miles de turistas los que cada a\u00f1o se enamoran de la calma, belleza e historia de estas imponentes ciudades, cuya <\/span><b>arquitectura amurallada<\/b><span style=\"font-weight: 400;\"> es una de las mejores conservadas en toda Europa.\u00a0<\/span><\/p>\n<p><span style=\"font-weight: 400;\">Recorre con nosotros La Valeta, la cual es conocida como la ciudad de los caballeros, puesto que fue construida por la Orden de los Caballeros de San Juan de Jesucristo en el a\u00f1o 1566.\u00a0<\/span><\/p>\n<p><span style=\"font-weight: 400;\">En la capital actual de Malta ver\u00e1s la Cocatedral de San Juan, el Museo de Arqueolog\u00eda, el Palacio del Gran Maestre y otros sitios de gran valor hist\u00f3rico y cultural.\u00a0<\/span><\/p>\n<p><span style=\"font-weight: 400;\">Seguimos la excursi\u00f3n privada hacia Mdina, la ciudad que fue la antigua capital maltesa y que se considera una joya arquitect\u00f3nica en el mediterr\u00e1neo.\u00a0<\/span><\/p>\n<p><span style=\"font-weight: 400;\">Adem\u00e1s, Mdina fue el escenario de varias escenas en la famosa serie \u201cjuego de tronos\u201d. Y por la tranquilidad de sus emblem\u00e1ticas calles, tambi\u00e9n se le conoce como \u201cla ciudad silenciosa\u201d<\/span><\/p>\n<p><span style=\"font-weight: 400;\">Todo <\/span><b>el recorrido ser\u00e1 personalizado y exclusivo<\/b><span style=\"font-weight: 400;\">, para que as\u00ed tengas la mayor comodidad posible. Asimismo, el <\/span><b>gu\u00eda privado<\/b><span style=\"font-weight: 400;\"> estar\u00e1 encargado de darte a conocer los datos m\u00e1s relevantes de cada lugar. De esta manera, tendr\u00e1s la informaci\u00f3n necesaria para completar tu visita guiada.\u00a0<\/span><\/p>\n<p><span style=\"font-weight: 400;\">Sabemos que ser\u00e1 una experiencia \u00fanica en la que vivir\u00e1s buenos momentos que quedar\u00e1n para siempre en tu memoria.\u00a0<\/span><\/p>\n<h2><b>Puntos de Inter\u00e9s<\/b><\/h2>\n<p><span style=\"font-weight: 400;\">Mdina y La Valeta son de esos destinos que, una vez que los visitas, son dif\u00edciles de borrar de la memoria.\u00a0<\/span><\/p>\n<p><span style=\"font-weight: 400;\">Nuestro tour privado por La Valeta y Mdina es la oportunidad ideal para que explores con calma todos los rincones de estas imponentes ciudades y as\u00ed te enamores de su magia, historia e imponente arquitectura.\u00a0<\/span><\/p>\n<h3><span style=\"color: #d3af37;\"><b>La Valeta<\/b><\/span><\/h3>\n<p><b>La actual capital de Malta<\/b><span style=\"font-weight: 400;\"> se sit\u00faa en el centro-occidente de la isla y se caracteriza por sus llamativos <\/span><b>edificios medievales y barrocos<\/b><span style=\"font-weight: 400;\">. Adem\u00e1s, posee algunas construcciones modernas que surgieron luego de la Segunda Guerra Mundial, ya que la ciudad tuvo grandes p\u00e9rdidas estructurales durante ese conflicto b\u00e9lico.\u00a0<\/span><\/p>\n<p><span style=\"font-weight: 400;\">La Valeta es una ciudad con un <\/span><b>c\u00e1lido clima mediterr\u00e1neo<\/b><span style=\"font-weight: 400;\">, lo cual es perfecto para visitar la pen\u00ednsula en cualquier \u00e9poca del a\u00f1o.\u00a0<\/span><\/p>\n<p><span style=\"font-weight: 400;\">Una vez que iniciemos la excursi\u00f3n, ir\u00e1s con el gu\u00eda privado hasta distintos lugares de gran importancia, como por ejemplo:\u00a0<\/span><\/p>\n<ul>\n<li><b>Auberge de Castille.<\/b><\/li>\n<li><b>La Concatedral de San Juan.<\/b><\/li>\n<li><b>El Palacio del Gran Maestre y muchos sitios m\u00e1s.\u00a0<\/b><\/li>\n<\/ul>\n<p><span style=\"font-weight: 400;\">Asimismo, tendr\u00e1s la oportunidad de tomar algunas fotograf\u00edas desde los Jardines de la Alta Barrakka. Ya que este es el mirador m\u00e1s alto de La Valeta.\u00a0<\/span><\/p>\n<p><span style=\"font-weight: 400;\">Sabemos que con esta excursi\u00f3n guiada comprender\u00e1s la raz\u00f3n por la cual La Valeta ha sido reconocida por la Unesco como patrimonio de la humanidad.\u00a0<\/span><\/p>\n<h3><span style=\"color: #d3af37;\"><b>Mdina<\/b><\/span><\/h3>\n<p><span style=\"font-weight: 400;\">Mdina est\u00e1 edificada en lo alto de una colina. En la antig\u00fcedad, esta ubicaci\u00f3n beneficiaba la vigilancia al mar para planificar las estrategias militares. Por eso, los fenicios la construyeron en ese sitio en el a\u00f1o 700 a. C.\u00a0<\/span><\/p>\n<p><span style=\"font-weight: 400;\">Esta ciudad fortificada <\/span><b>fue la primera capital de Malta<\/b><span style=\"font-weight: 400;\">, por lo cual est\u00e1 llena de historia y de sitios atractivos por sus cuatro costados, como por ejemplo:\u00a0<\/span><\/p>\n<ul>\n<li><b>Catedral de Mdina.\u00a0<\/b><\/li>\n<li><b>El Museo de Historia Natural.<\/b><\/li>\n<li><b>La Catedral de San Pablo.\u00a0<\/b><\/li>\n<li><b>Palazzo de Piro.<\/b><\/li>\n<li><b>La Puerta de Mdina, entre otros lugares.\u00a0<\/b><\/li>\n<\/ul>\n<p><span style=\"font-weight: 400;\">En este tour privado de La Valeta y Mdina no deber\u00e1s preocuparte por nada m\u00e1s que no sea explorar por completo estas dos ciudades, ya que el recorrido se har\u00e1 en un coche privado y con un gu\u00eda oficial experto en toda la historia local.\u00a0<\/span><\/p>\n<p><span style=\"font-weight: 400;\">Al terminar la excursi\u00f3n, nos aseguraremos de trasladarte hasta donde nos indiques.\u00a0<\/span><\/p>\n<p><span style=\"font-weight: 400;\">Puedes completar tu viaje por Malta con un <\/span><a href=\"https:\/\/tourtravelandmore.com\/es\/tours\/malta-es\/valleta-mdina-es\/tour-privado-los-pasos-de-san-pablo-desde-cualquier-ciudad\/\"><b>tour privado por los pasos de San Pablo<\/b><\/a><span style=\"font-weight: 400;\">, ya que as\u00ed conocer\u00e1s la historia del cristianismo primitivo en la isla.\u00a0<\/span><\/p>\n","protected":false},"excerpt":{"rendered":"<p><span style=\"font-weight: 400;\">Avent\u00farate a conocer las dos capitales de Malta en un tour privado a La Valeta y Mdina, en el cual explorar\u00e1s los puntos m\u00e1s atractivos de cada ciudad, como la Catedral de Mdina, la Concatedral de San Juan, el Palazzo de Vilhena, la Capilla de Santa Agatha, entre otros lugares de inter\u00e9s. Ser\u00e1 una excursi\u00f3n de 8 horas que incluye traslado en un confortable coche y la compa\u00f1\u00eda de un gu\u00eda privado experto en la historia local<\/span><\/p>\n","protected":false},"featured_media":91717,"comment_status":"open","ping_status":"closed","template":"","meta":{"_acf_changed":false},"product_brand":[],"product_cat":[1010,1011,1012,1013],"product_tag":[],"class_list":{"0":"post-30446","1":"product","2":"type-product","3":"status-publish","4":"has-post-thumbnail","6":"product_cat-valleta-mdina-es","7":"product_cat-valleta-mdina-actividades-es","8":"product_cat-valleta-mdina-rutas-turisticas-privadas-es","9":"product_cat-valleta-mdina-excursiones-privadas-cruceros-es","11":"first","12":"instock","13":"shipping-taxable","14":"purchasable","15":"product-type-simple"},"acf":[],"yoast_head":"<!-- This site is optimized with the Yoast SEO Premium plugin v25.3.1 (Yoast SEO v25.3.1) - https:\/\/yoast.com\/wordpress\/plugins\/seo\/ -->\n<title>Tour privado de La Valeta y Mdina con gu\u00eda oficial y coche privado incluido<\/title>\n<meta name=\"description\" content=\"Aprovecha tu tiempo por la costa de Malta y disfruta de un tour privado por La Valeta y Mdina para que explores cada punto emblem\u00e1tico de estas hist\u00f3ricas ciudades. El viaje lo har\u00e1s en un c\u00f3modo coche con un gu\u00eda privado incluido\" \/>\n<meta name=\"robots\" content=\"index, follow, max-snippet:-1, max-image-preview:large, max-video-preview:-1\" \/>\n<link rel=\"canonical\" href=\"https:\/\/tourtravelandmore.com\/es\/tours\/malta-es\/valleta-mdina-es\/tour-privado-de-la-valeta-y-mdina\/\" \/>\n<meta property=\"og:locale\" content=\"es_ES\" \/>\n<meta property=\"og:type\" content=\"article\" \/>\n<meta property=\"og:title\" content=\"Tour privado de La Valeta y Mdina\" \/>\n<meta property=\"og:description\" content=\"Aprovecha tu tiempo por la costa de Malta y disfruta de un tour privado por La Valeta y Mdina para que explores cada punto emblem\u00e1tico de estas hist\u00f3ricas ciudades. El viaje lo har\u00e1s en un c\u00f3modo coche con un gu\u00eda privado incluido\" \/>\n<meta property=\"og:url\" content=\"https:\/\/tourtravelandmore.com\/es\/tours\/malta-es\/valleta-mdina-es\/tour-privado-de-la-valeta-y-mdina\/\" \/>\n<meta property=\"og:site_name\" content=\"Tour Travel And More\" \/>\n<meta property=\"article:publisher\" content=\"https:\/\/www.facebook.com\/tourtravelandmore\/\" \/>\n<meta property=\"article:modified_time\" content=\"2021-12-23T16:32:03+00:00\" \/>\n<meta property=\"og:image\" content=\"https:\/\/tourtravelandmore.com\/wp-content\/uploads\/2019\/01\/mdina-1-1.jpg\" \/>\n\t<meta property=\"og:image:width\" content=\"800\" \/>\n\t<meta property=\"og:image:height\" content=\"645\" \/>\n\t<meta property=\"og:image:type\" content=\"image\/jpeg\" \/>\n<meta name=\"twitter:card\" content=\"summary_large_image\" \/>\n<meta name=\"twitter:site\" content=\"@TourTravel_More\" \/>\n<meta name=\"twitter:label1\" content=\"Tiempo de lectura\" \/>\n\t<meta name=\"twitter:data1\" content=\"2 minutos\" \/>\n<script type=\"application\/ld+json\" class=\"yoast-schema-graph\">{\"@context\":\"https:\/\/schema.org\",\"@graph\":[{\"@type\":\"WebPage\",\"@id\":\"https:\/\/tourtravelandmore.com\/es\/tours\/malta-es\/valleta-mdina-es\/tour-privado-de-la-valeta-y-mdina\/\",\"url\":\"https:\/\/tourtravelandmore.com\/es\/tours\/malta-es\/valleta-mdina-es\/tour-privado-de-la-valeta-y-mdina\/\",\"name\":\"Tour privado de La Valeta y Mdina con gu\u00eda oficial y coche privado incluido\",\"isPartOf\":{\"@id\":\"https:\/\/tourtravelandmore.com\/es\/#website\"},\"primaryImageOfPage\":{\"@id\":\"https:\/\/tourtravelandmore.com\/es\/tours\/malta-es\/valleta-mdina-es\/tour-privado-de-la-valeta-y-mdina\/#primaryimage\"},\"image\":{\"@id\":\"https:\/\/tourtravelandmore.com\/es\/tours\/malta-es\/valleta-mdina-es\/tour-privado-de-la-valeta-y-mdina\/#primaryimage\"},\"thumbnailUrl\":\"https:\/\/tourtravelandmore.com\/wp-content\/uploads\/2019\/01\/mdina-1-1.jpg\",\"datePublished\":\"2019-01-02T12:28:40+00:00\",\"dateModified\":\"2021-12-23T16:32:03+00:00\",\"description\":\"Aprovecha tu tiempo por la costa de Malta y disfruta de un tour privado por La Valeta y Mdina para que explores cada punto emblem\u00e1tico de estas hist\u00f3ricas ciudades. El viaje lo har\u00e1s en un c\u00f3modo coche con un gu\u00eda privado incluido\",\"breadcrumb\":{\"@id\":\"https:\/\/tourtravelandmore.com\/es\/tours\/malta-es\/valleta-mdina-es\/tour-privado-de-la-valeta-y-mdina\/#breadcrumb\"},\"inLanguage\":\"es\",\"potentialAction\":[{\"@type\":\"ReadAction\",\"target\":[\"https:\/\/tourtravelandmore.com\/es\/tours\/malta-es\/valleta-mdina-es\/tour-privado-de-la-valeta-y-mdina\/\"]}]},{\"@type\":\"ImageObject\",\"inLanguage\":\"es\",\"@id\":\"https:\/\/tourtravelandmore.com\/es\/tours\/malta-es\/valleta-mdina-es\/tour-privado-de-la-valeta-y-mdina\/#primaryimage\",\"url\":\"https:\/\/tourtravelandmore.com\/wp-content\/uploads\/2019\/01\/mdina-1-1.jpg\",\"contentUrl\":\"https:\/\/tourtravelandmore.com\/wp-content\/uploads\/2019\/01\/mdina-1-1.jpg\",\"width\":800,\"height\":645},{\"@type\":\"BreadcrumbList\",\"@id\":\"https:\/\/tourtravelandmore.com\/es\/tours\/malta-es\/valleta-mdina-es\/tour-privado-de-la-valeta-y-mdina\/#breadcrumb\",\"itemListElement\":[{\"@type\":\"ListItem\",\"position\":1,\"name\":\"Home\",\"item\":\"https:\/\/tourtravelandmore.com\/es\/\"},{\"@type\":\"ListItem\",\"position\":2,\"name\":\"Tours\",\"item\":\"https:\/\/tourtravelandmore.com\/es\/tours\/\"},{\"@type\":\"ListItem\",\"position\":3,\"name\":\"Tour privado de La Valeta y Mdina\"}]},{\"@type\":\"WebSite\",\"@id\":\"https:\/\/tourtravelandmore.com\/es\/#website\",\"url\":\"https:\/\/tourtravelandmore.com\/es\/\",\"name\":\"Tour Travel And More\",\"description\":\"Private sightseeing tours and luxury transfers in Spain\",\"publisher\":{\"@id\":\"https:\/\/tourtravelandmore.com\/es\/#organization\"},\"potentialAction\":[{\"@type\":\"SearchAction\",\"target\":{\"@type\":\"EntryPoint\",\"urlTemplate\":\"https:\/\/tourtravelandmore.com\/es\/?s={search_term_string}\"},\"query-input\":{\"@type\":\"PropertyValueSpecification\",\"valueRequired\":true,\"valueName\":\"search_term_string\"}}],\"inLanguage\":\"es\"},{\"@type\":\"Organization\",\"@id\":\"https:\/\/tourtravelandmore.com\/es\/#organization\",\"name\":\"Tour Travel And More\",\"url\":\"https:\/\/tourtravelandmore.com\/es\/\",\"logo\":{\"@type\":\"ImageObject\",\"inLanguage\":\"es\",\"@id\":\"https:\/\/tourtravelandmore.com\/es\/#\/schema\/logo\/image\/\",\"url\":\"https:\/\/tourtravelandmore.com\/wp-content\/uploads\/2022\/12\/cropped-logo-cabecera-new.png\",\"contentUrl\":\"https:\/\/tourtravelandmore.com\/wp-content\/uploads\/2022\/12\/cropped-logo-cabecera-new.png\",\"width\":430,\"height\":61,\"caption\":\"Tour Travel And More\"},\"image\":{\"@id\":\"https:\/\/tourtravelandmore.com\/es\/#\/schema\/logo\/image\/\"},\"sameAs\":[\"https:\/\/www.facebook.com\/tourtravelandmore\/\",\"https:\/\/x.com\/TourTravel_More\"]}]}<\/script>\n<!-- \/ Yoast SEO Premium plugin. -->","yoast_head_json":{"title":"Tour privado de La Valeta y Mdina con gu\u00eda oficial y coche privado incluido","description":"Aprovecha tu tiempo por la costa de Malta y disfruta de un tour privado por La Valeta y Mdina para que explores cada punto emblem\u00e1tico de estas hist\u00f3ricas ciudades. El viaje lo har\u00e1s en un c\u00f3modo coche con un gu\u00eda privado incluido","robots":{"index":"index","follow":"follow","max-snippet":"max-snippet:-1","max-image-preview":"max-image-preview:large","max-video-preview":"max-video-preview:-1"},"canonical":"https:\/\/tourtravelandmore.com\/es\/tours\/malta-es\/valleta-mdina-es\/tour-privado-de-la-valeta-y-mdina\/","og_locale":"es_ES","og_type":"article","og_title":"Tour privado de La Valeta y Mdina","og_description":"Aprovecha tu tiempo por la costa de Malta y disfruta de un tour privado por La Valeta y Mdina para que explores cada punto emblem\u00e1tico de estas hist\u00f3ricas ciudades. El viaje lo har\u00e1s en un c\u00f3modo coche con un gu\u00eda privado incluido","og_url":"https:\/\/tourtravelandmore.com\/es\/tours\/malta-es\/valleta-mdina-es\/tour-privado-de-la-valeta-y-mdina\/","og_site_name":"Tour Travel And More","article_publisher":"https:\/\/www.facebook.com\/tourtravelandmore\/","article_modified_time":"2021-12-23T16:32:03+00:00","og_image":[{"width":800,"height":645,"url":"https:\/\/tourtravelandmore.com\/wp-content\/uploads\/2019\/01\/mdina-1-1.jpg","type":"image\/jpeg"}],"twitter_card":"summary_large_image","twitter_site":"@TourTravel_More","twitter_misc":{"Tiempo de lectura":"2 minutos"},"schema":{"@context":"https:\/\/schema.org","@graph":[{"@type":"WebPage","@id":"https:\/\/tourtravelandmore.com\/es\/tours\/malta-es\/valleta-mdina-es\/tour-privado-de-la-valeta-y-mdina\/","url":"https:\/\/tourtravelandmore.com\/es\/tours\/malta-es\/valleta-mdina-es\/tour-privado-de-la-valeta-y-mdina\/","name":"Tour privado de La Valeta y Mdina con gu\u00eda oficial y coche privado incluido","isPartOf":{"@id":"https:\/\/tourtravelandmore.com\/es\/#website"},"primaryImageOfPage":{"@id":"https:\/\/tourtravelandmore.com\/es\/tours\/malta-es\/valleta-mdina-es\/tour-privado-de-la-valeta-y-mdina\/#primaryimage"},"image":{"@id":"https:\/\/tourtravelandmore.com\/es\/tours\/malta-es\/valleta-mdina-es\/tour-privado-de-la-valeta-y-mdina\/#primaryimage"},"thumbnailUrl":"https:\/\/tourtravelandmore.com\/wp-content\/uploads\/2019\/01\/mdina-1-1.jpg","datePublished":"2019-01-02T12:28:40+00:00","dateModified":"2021-12-23T16:32:03+00:00","description":"Aprovecha tu tiempo por la costa de Malta y disfruta de un tour privado por La Valeta y Mdina para que explores cada punto emblem\u00e1tico de estas hist\u00f3ricas ciudades. El viaje lo har\u00e1s en un c\u00f3modo coche con un gu\u00eda privado incluido","breadcrumb":{"@id":"https:\/\/tourtravelandmore.com\/es\/tours\/malta-es\/valleta-mdina-es\/tour-privado-de-la-valeta-y-mdina\/#breadcrumb"},"inLanguage":"es","potentialAction":[{"@type":"ReadAction","target":["https:\/\/tourtravelandmore.com\/es\/tours\/malta-es\/valleta-mdina-es\/tour-privado-de-la-valeta-y-mdina\/"]}]},{"@type":"ImageObject","inLanguage":"es","@id":"https:\/\/tourtravelandmore.com\/es\/tours\/malta-es\/valleta-mdina-es\/tour-privado-de-la-valeta-y-mdina\/#primaryimage","url":"https:\/\/tourtravelandmore.com\/wp-content\/uploads\/2019\/01\/mdina-1-1.jpg","contentUrl":"https:\/\/tourtravelandmore.com\/wp-content\/uploads\/2019\/01\/mdina-1-1.jpg","width":800,"height":645},{"@type":"BreadcrumbList","@id":"https:\/\/tourtravelandmore.com\/es\/tours\/malta-es\/valleta-mdina-es\/tour-privado-de-la-valeta-y-mdina\/#breadcrumb","itemListElement":[{"@type":"ListItem","position":1,"name":"Home","item":"https:\/\/tourtravelandmore.com\/es\/"},{"@type":"ListItem","position":2,"name":"Tours","item":"https:\/\/tourtravelandmore.com\/es\/tours\/"},{"@type":"ListItem","position":3,"name":"Tour privado de La Valeta y Mdina"}]},{"@type":"WebSite","@id":"https:\/\/tourtravelandmore.com\/es\/#website","url":"https:\/\/tourtravelandmore.com\/es\/","name":"Tour Travel And More","description":"Private sightseeing tours and luxury transfers in Spain","publisher":{"@id":"https:\/\/tourtravelandmore.com\/es\/#organization"},"potentialAction":[{"@type":"SearchAction","target":{"@type":"EntryPoint","urlTemplate":"https:\/\/tourtravelandmore.com\/es\/?s={search_term_string}"},"query-input":{"@type":"PropertyValueSpecification","valueRequired":true,"valueName":"search_term_string"}}],"inLanguage":"es"},{"@type":"Organization","@id":"https:\/\/tourtravelandmore.com\/es\/#organization","name":"Tour Travel And More","url":"https:\/\/tourtravelandmore.com\/es\/","logo":{"@type":"ImageObject","inLanguage":"es","@id":"https:\/\/tourtravelandmore.com\/es\/#\/schema\/logo\/image\/","url":"https:\/\/tourtravelandmore.com\/wp-content\/uploads\/2022\/12\/cropped-logo-cabecera-new.png","contentUrl":"https:\/\/tourtravelandmore.com\/wp-content\/uploads\/2022\/12\/cropped-logo-cabecera-new.png","width":430,"height":61,"caption":"Tour Travel And More"},"image":{"@id":"https:\/\/tourtravelandmore.com\/es\/#\/schema\/logo\/image\/"},"sameAs":["https:\/\/www.facebook.com\/tourtravelandmore\/","https:\/\/x.com\/TourTravel_More"]}]}},"_links":{"self":[{"href":"https:\/\/tourtravelandmore.com\/es\/wp-json\/wp\/v2\/product\/30446","targetHints":{"allow":["GET"]}}],"collection":[{"href":"https:\/\/tourtravelandmore.com\/es\/wp-json\/wp\/v2\/product"}],"about":[{"href":"https:\/\/tourtravelandmore.com\/es\/wp-json\/wp\/v2\/types\/product"}],"replies":[{"embeddable":true,"href":"https:\/\/tourtravelandmore.com\/es\/wp-json\/wp\/v2\/comments?post=30446"}],"wp:featuredmedia":[{"embeddable":true,"href":"https:\/\/tourtravelandmore.com\/es\/wp-json\/wp\/v2\/media\/91717"}],"wp:attachment":[{"href":"https:\/\/tourtravelandmore.com\/es\/wp-json\/wp\/v2\/media?parent=30446"}],"wp:term":[{"taxonomy":"product_brand","embeddable":true,"href":"https:\/\/tourtravelandmore.com\/es\/wp-json\/wp\/v2\/product_brand?post=30446"},{"taxonomy":"product_cat","embeddable":true,"href":"https:\/\/tourtravelandmore.com\/es\/wp-json\/wp\/v2\/product_cat?post=30446"},{"taxonomy":"product_tag","embeddable":true,"href":"https:\/\/tourtravelandmore.com\/es\/wp-json\/wp\/v2\/product_tag?post=30446"}],"curies":[{"name":"wp","href":"https:\/\/api.w.org\/{rel}","templated":true}]}}