{"id":30424,"date":"2019-01-02T11:45:32","date_gmt":"2019-01-02T10:45:35","guid":{"rendered":"http:\/\/tourtravelandmore.com\/es\/tours\/napoles-pompeya-es\/excursion-privada-a-pompeya-y-costa-amalfitana-desde-puerto-napoles\/"},"modified":"2024-08-21T17:23:56","modified_gmt":"2024-08-21T15:23:56","slug":"tour-privado-a-pompeya-y-costa-amalfitana-desde-napoles","status":"publish","type":"product","link":"https:\/\/tourtravelandmore.com\/es\/tours\/italia-es\/napoles-pompeya-es\/tour-privado-a-pompeya-y-costa-amalfitana-desde-napoles\/","title":{"rendered":"Tour Privado a Pompeya y Costa Amalfitana desde N\u00e1poles"},"content":{"rendered":"<h2><b>Tour Privado de Pompeya y la Costa Amalfitana desde N\u00e1poles Descripci\u00f3n:<\/b><\/h2>\n<p><span style=\"font-weight: 400;\">Emb\u00e1rcate en un viaje inolvidable con nuestro Tour Privado de Pompeya y la Costa Amalfitana desde N\u00e1poles, que ofrece una mezcla perfecta de exploraci\u00f3n hist\u00f3rica y esplendor esc\u00e9nico. Viaje en el lujo y la comodidad de un veh\u00edculo privado con un ch\u00f3fer dedicado a hacer que su experiencia sea agradable e instructiva.<\/span><\/p>\n<p><span style=\"font-weight: 400;\">El recorrido comienza con Pompeya, una ciudad encapsulada en el tiempo por la devastadora erupci\u00f3n del Vesubio en el a\u00f1o 79 d.C.. Este lugar, declarado Patrimonio de la Humanidad por la UNESCO, ofrece una ventana \u00fanica a la antigua vida romana, preservada bajo capas de ceniza volc\u00e1nica. Al pasear por sus calles, ser\u00e1 testigo de primera mano de la extraordinaria conservaci\u00f3n de la ciudad, lo que le brindar\u00e1 una oportunidad \u00fanica de retroceder en el tiempo.<\/span><\/p>\n<p><span style=\"font-weight: 400;\">En contraste con las ruinas hist\u00f3ricas de Pompeya, la Costa Amalfitana, otro lugar declarado Patrimonio de la Humanidad por la UNESCO, le espera con su impresionante belleza. Conocida por su espectacular litoral, sus pintorescos pueblos y sus vibrantes colores, la Costa Amalfitana es un tesoro de belleza natural. La excursi\u00f3n incluye paradas en pueblos emblem\u00e1ticos como Amalfi, Positano y Ravello, cada uno con su propio encanto y car\u00e1cter.<\/span><\/p>\n<p><span style=\"font-weight: 400;\">Nuestro flexible recorrido de 8 horas le garantiza que aprovechar\u00e1 al m\u00e1ximo su visita. Tanto si le interesa explorar ruinas antiguas como relajarse junto al mar, o ambas cosas, adaptamos la excursi\u00f3n a sus intereses y deseos. Para aquellos que deseen ampliar su aventura, tambi\u00e9n ofrecemos opciones de d\u00eda completo, como nuestra excursi\u00f3n privada a N\u00e1poles y Pompeya desde N\u00e1poles.<\/span><\/p>\n<h2><b>Excursi\u00f3n privada a Pompeya y la Costa Amalfitana desde N\u00e1poles | Puntos de inter\u00e9s y lugares emblem\u00e1ticos:<\/b><\/h2>\n<p><span style=\"font-weight: 400;\">Su viaje comienza con una c\u00f3moda recogida en su hotel, terminal de cruceros o apartamento en N\u00e1poles. A su llegada a Pompeya, se encontrar\u00e1 con su gu\u00eda oficial en Porta Marina Superiore.<\/span><\/p>\n<ul>\n<li style=\"font-weight: 400;\" aria-level=\"1\"><b>Sitio Arqueol\u00f3gico de Pompeya:<\/b><span style=\"font-weight: 400;\"> Explore la antigua ciudad con una visita guiada de 2,5 horas. Marav\u00edllese ante el Anfiteatro Romano, visite el Santuario de Pompeya y explore la Casa del Poeta Tr\u00e1gico, cada lugar ofrece una perspectiva \u00fanica de la vida romana.<\/span><\/li>\n<li style=\"font-weight: 400;\" aria-level=\"1\"><b>Foro Romano y Termas:<\/b><span style=\"font-weight: 400;\"> Pasee por el coraz\u00f3n pol\u00edtico y social de Pompeya y visite las Termas, muy bien conservadas, que muestran el ingenio y el lujo de la ingenier\u00eda romana.<\/span><\/li>\n<li style=\"font-weight: 400;\" aria-level=\"1\"><b>Viaje por la Costa Amalfitana:<\/b><span style=\"font-weight: 400;\"> Viaje por la impresionante Costa Amalfitana con su ch\u00f3fer privado. Conozca las encantadoras ciudades de Amalfi,\u00a0 Ravello, cada una con su belleza y encanto particulares.<\/span><\/li>\n<li style=\"font-weight: 400;\" aria-level=\"1\"><b>Delicias gastron\u00f3micas: <\/b><span style=\"font-weight: 400;\">Disfrute de un tranquilo almuerzo en un restaurante elegido a lo largo de la costa, donde podr\u00e1 saborear la aut\u00e9ntica cocina italiana mientras disfruta de las pintorescas vistas.<\/span><\/li>\n<li style=\"font-weight: 400;\" aria-level=\"1\"><b>Arte y cultura: <\/b><span style=\"font-weight: 400;\">Opcionalmente, ampl\u00ede su visita guiada para que abarque las 8 horas completas, lo que le permitir\u00e1 una exploraci\u00f3n a\u00fan m\u00e1s profunda del rico patrimonio cultural y art\u00edstico de la regi\u00f3n.<\/span><\/li>\n<li style=\"font-weight: 400;\" aria-level=\"1\"><b>Villa de los Misterios<\/b><span style=\"font-weight: 400;\">: A las afueras de Pompeya, descubra esta villa bien conservada, famosa por sus impresionantes frescos que representan rituales y mitos antiguos. La villa ofrece una visi\u00f3n de la vida dom\u00e9stica y la sofisticaci\u00f3n art\u00edstica de la \u00e9lite romana.<\/span><\/li>\n<li style=\"font-weight: 400;\" aria-level=\"1\"><b>Pen\u00ednsula de Sorrento<\/b><span style=\"font-weight: 400;\">: Disfrute de la impresionante belleza de la Pen\u00ednsula Sorrentina mientras conduce hacia la Costa Amalfitana. Famosa por sus espectaculares acantilados, vibrantes jardines y vistas panor\u00e1micas de la bah\u00eda de N\u00e1poles, Sorrento ofrece un pintoresco interludio en su viaje.<\/span><\/li>\n<li style=\"font-weight: 400;\" aria-level=\"1\"><b>Senda de los Dioses:<\/b><span style=\"font-weight: 400;\"> los m\u00e1s aventureros pueden hacer una excursi\u00f3n guiada por la famosa &#8220;Sentiero degli Dei&#8221; o Senda de los Dioses. Este sendero ofrece algunas de las vistas m\u00e1s espectaculares de la Costa Amalfitana, combinando la belleza natural con una sensaci\u00f3n de serenidad y asombro.<\/span><\/li>\n<\/ul>\n<p><span style=\"font-weight: 400;\">Una vez finalizada la excursi\u00f3n, su ch\u00f3fer privado le acompa\u00f1ar\u00e1 de vuelta a su lugar de origen en N\u00e1poles.<\/span><a href=\"https:\/\/tourtravelandmore.com\/es\/ciudad\/italia-es\/napoles-pompeya-es\/\"><span style=\"font-weight: 400;\"> Este tour promete no s\u00f3lo mostrar la belleza y la historia de estos ic\u00f3nicos destinos italianos,<\/span><\/a><span style=\"font-weight: 400;\"> sino tambi\u00e9n proporcionar una experiencia personalizada y lujosa adaptada a sus preferencias.<\/span><\/p>\n<p><strong>1\u00aa opci\u00f3n de tour:<\/strong> Es con el gu\u00eda s\u00f3lo en Pompeya (te encuentras con \u00e9l en Porta Marina Superiore (Pompeya), el resto del tour se hace s\u00f3lo con el conductor.<\/p>\n<p><strong>2\u00aa opci\u00f3n de tour:<\/strong> Conductor y gu\u00eda para todo el tour &#8211; \u00a1Para grupos de 8 pax o m\u00e1s, se utilizan dos minivans!<\/p>\n","protected":false},"excerpt":{"rendered":"<p><span style=\"font-weight: 400;\">\u00danete a nuestro Tour Privado de Pompeya y la Costa Amalfitana desde N\u00e1poles para vivir una experiencia inolvidable. Explora las ruinas de Pompeya y los impresionantes pueblos de la Costa Amalfitana, todo ello en la comodidad de un veh\u00edculo privado de lujo.<\/span><\/p>\n","protected":false},"featured_media":81246,"comment_status":"open","ping_status":"closed","template":"","meta":{"_acf_changed":false},"product_brand":[],"product_cat":[463,467,468,555,556],"product_tag":[],"class_list":{"0":"post-30424","1":"product","2":"type-product","3":"status-publish","4":"has-post-thumbnail","6":"product_cat-napoles-pompeya-es","7":"product_cat-napoles-pompeya-actividades-es","8":"product_cat-napoles-pompeya-rutas-turisticas-privadas-es","9":"product_cat-napoles-pompeya-excursiones-privadas-es","10":"product_cat-napoles-pompeya-excursiones-privadas-cruceros-es","12":"first","13":"instock","14":"shipping-taxable","15":"purchasable","16":"product-type-simple"},"acf":[],"yoast_head":"<!-- This site is optimized with the Yoast SEO Premium plugin v25.3.1 (Yoast SEO v25.3.1) - https:\/\/yoast.com\/wordpress\/plugins\/seo\/ -->\n<title>\u27a1\ufe0f Explora Pompeya y la Costa Amalfitana: Tour privado exclusivo desde N\u00e1poles<\/title>\n<meta name=\"description\" content=\"Descubra la antigua ciudad de Pompeya y la impresionante Costa Amalfitana en un lujoso tour privado desde N\u00e1poles. Te esperan maravillas hist\u00f3ricas y belleza paisaj\u00edstica \u2705\" \/>\n<meta name=\"robots\" content=\"index, follow, max-snippet:-1, max-image-preview:large, max-video-preview:-1\" \/>\n<link rel=\"canonical\" href=\"https:\/\/tourtravelandmore.com\/es\/tours\/italia-es\/napoles-pompeya-es\/tour-privado-a-pompeya-y-costa-amalfitana-desde-napoles\/\" \/>\n<meta property=\"og:locale\" content=\"es_ES\" \/>\n<meta property=\"og:type\" content=\"article\" \/>\n<meta property=\"og:title\" content=\"Tour Privado a Pompeya y Costa Amalfitana desde N\u00e1poles\" \/>\n<meta property=\"og:description\" content=\"Descubra la antigua ciudad de Pompeya y la impresionante Costa Amalfitana en un lujoso tour privado desde N\u00e1poles. Te esperan maravillas hist\u00f3ricas y belleza paisaj\u00edstica \u2705\" \/>\n<meta property=\"og:url\" content=\"https:\/\/tourtravelandmore.com\/es\/tours\/italia-es\/napoles-pompeya-es\/tour-privado-a-pompeya-y-costa-amalfitana-desde-napoles\/\" \/>\n<meta property=\"og:site_name\" content=\"Tour Travel And More\" \/>\n<meta property=\"article:publisher\" content=\"https:\/\/www.facebook.com\/tourtravelandmore\/\" \/>\n<meta property=\"article:modified_time\" content=\"2024-08-21T15:23:56+00:00\" \/>\n<meta property=\"og:image\" content=\"https:\/\/tourtravelandmore.com\/wp-content\/uploads\/2019\/01\/amalfi-5.jpg\" \/>\n\t<meta property=\"og:image:width\" content=\"1280\" \/>\n\t<meta property=\"og:image:height\" content=\"959\" \/>\n\t<meta property=\"og:image:type\" content=\"image\/jpeg\" \/>\n<meta name=\"twitter:card\" content=\"summary_large_image\" \/>\n<meta name=\"twitter:site\" content=\"@TourTravel_More\" \/>\n<meta name=\"twitter:label1\" content=\"Tiempo de lectura\" \/>\n\t<meta name=\"twitter:data1\" content=\"4 minutos\" \/>\n<script type=\"application\/ld+json\" class=\"yoast-schema-graph\">{\"@context\":\"https:\/\/schema.org\",\"@graph\":[{\"@type\":\"WebPage\",\"@id\":\"https:\/\/tourtravelandmore.com\/es\/tours\/italia-es\/napoles-pompeya-es\/tour-privado-a-pompeya-y-costa-amalfitana-desde-napoles\/\",\"url\":\"https:\/\/tourtravelandmore.com\/es\/tours\/italia-es\/napoles-pompeya-es\/tour-privado-a-pompeya-y-costa-amalfitana-desde-napoles\/\",\"name\":\"\u27a1\ufe0f Explora Pompeya y la Costa Amalfitana: Tour privado exclusivo desde N\u00e1poles\",\"isPartOf\":{\"@id\":\"https:\/\/tourtravelandmore.com\/es\/#website\"},\"primaryImageOfPage\":{\"@id\":\"https:\/\/tourtravelandmore.com\/es\/tours\/italia-es\/napoles-pompeya-es\/tour-privado-a-pompeya-y-costa-amalfitana-desde-napoles\/#primaryimage\"},\"image\":{\"@id\":\"https:\/\/tourtravelandmore.com\/es\/tours\/italia-es\/napoles-pompeya-es\/tour-privado-a-pompeya-y-costa-amalfitana-desde-napoles\/#primaryimage\"},\"thumbnailUrl\":\"https:\/\/tourtravelandmore.com\/wp-content\/uploads\/2019\/01\/amalfi-5.jpg\",\"datePublished\":\"2019-01-02T10:45:35+00:00\",\"dateModified\":\"2024-08-21T15:23:56+00:00\",\"description\":\"Descubra la antigua ciudad de Pompeya y la impresionante Costa Amalfitana en un lujoso tour privado desde N\u00e1poles. Te esperan maravillas hist\u00f3ricas y belleza paisaj\u00edstica \u2705\",\"breadcrumb\":{\"@id\":\"https:\/\/tourtravelandmore.com\/es\/tours\/italia-es\/napoles-pompeya-es\/tour-privado-a-pompeya-y-costa-amalfitana-desde-napoles\/#breadcrumb\"},\"inLanguage\":\"es\",\"potentialAction\":[{\"@type\":\"ReadAction\",\"target\":[\"https:\/\/tourtravelandmore.com\/es\/tours\/italia-es\/napoles-pompeya-es\/tour-privado-a-pompeya-y-costa-amalfitana-desde-napoles\/\"]}]},{\"@type\":\"ImageObject\",\"inLanguage\":\"es\",\"@id\":\"https:\/\/tourtravelandmore.com\/es\/tours\/italia-es\/napoles-pompeya-es\/tour-privado-a-pompeya-y-costa-amalfitana-desde-napoles\/#primaryimage\",\"url\":\"https:\/\/tourtravelandmore.com\/wp-content\/uploads\/2019\/01\/amalfi-5.jpg\",\"contentUrl\":\"https:\/\/tourtravelandmore.com\/wp-content\/uploads\/2019\/01\/amalfi-5.jpg\",\"width\":1280,\"height\":959},{\"@type\":\"BreadcrumbList\",\"@id\":\"https:\/\/tourtravelandmore.com\/es\/tours\/italia-es\/napoles-pompeya-es\/tour-privado-a-pompeya-y-costa-amalfitana-desde-napoles\/#breadcrumb\",\"itemListElement\":[{\"@type\":\"ListItem\",\"position\":1,\"name\":\"Home\",\"item\":\"https:\/\/tourtravelandmore.com\/es\/\"},{\"@type\":\"ListItem\",\"position\":2,\"name\":\"Tours\",\"item\":\"https:\/\/tourtravelandmore.com\/es\/tours\/\"},{\"@type\":\"ListItem\",\"position\":3,\"name\":\"Tour Privado a Pompeya y Costa Amalfitana desde N\u00e1poles\"}]},{\"@type\":\"WebSite\",\"@id\":\"https:\/\/tourtravelandmore.com\/es\/#website\",\"url\":\"https:\/\/tourtravelandmore.com\/es\/\",\"name\":\"Tour Travel And More\",\"description\":\"Private sightseeing tours and luxury transfers in Spain\",\"publisher\":{\"@id\":\"https:\/\/tourtravelandmore.com\/es\/#organization\"},\"potentialAction\":[{\"@type\":\"SearchAction\",\"target\":{\"@type\":\"EntryPoint\",\"urlTemplate\":\"https:\/\/tourtravelandmore.com\/es\/?s={search_term_string}\"},\"query-input\":{\"@type\":\"PropertyValueSpecification\",\"valueRequired\":true,\"valueName\":\"search_term_string\"}}],\"inLanguage\":\"es\"},{\"@type\":\"Organization\",\"@id\":\"https:\/\/tourtravelandmore.com\/es\/#organization\",\"name\":\"Tour Travel And More\",\"url\":\"https:\/\/tourtravelandmore.com\/es\/\",\"logo\":{\"@type\":\"ImageObject\",\"inLanguage\":\"es\",\"@id\":\"https:\/\/tourtravelandmore.com\/es\/#\/schema\/logo\/image\/\",\"url\":\"https:\/\/tourtravelandmore.com\/wp-content\/uploads\/2022\/12\/cropped-logo-cabecera-new.png\",\"contentUrl\":\"https:\/\/tourtravelandmore.com\/wp-content\/uploads\/2022\/12\/cropped-logo-cabecera-new.png\",\"width\":430,\"height\":61,\"caption\":\"Tour Travel And More\"},\"image\":{\"@id\":\"https:\/\/tourtravelandmore.com\/es\/#\/schema\/logo\/image\/\"},\"sameAs\":[\"https:\/\/www.facebook.com\/tourtravelandmore\/\",\"https:\/\/x.com\/TourTravel_More\"]}]}<\/script>\n<!-- \/ Yoast SEO Premium plugin. -->","yoast_head_json":{"title":"\u27a1\ufe0f Explora Pompeya y la Costa Amalfitana: Tour privado exclusivo desde N\u00e1poles","description":"Descubra la antigua ciudad de Pompeya y la impresionante Costa Amalfitana en un lujoso tour privado desde N\u00e1poles. Te esperan maravillas hist\u00f3ricas y belleza paisaj\u00edstica \u2705","robots":{"index":"index","follow":"follow","max-snippet":"max-snippet:-1","max-image-preview":"max-image-preview:large","max-video-preview":"max-video-preview:-1"},"canonical":"https:\/\/tourtravelandmore.com\/es\/tours\/italia-es\/napoles-pompeya-es\/tour-privado-a-pompeya-y-costa-amalfitana-desde-napoles\/","og_locale":"es_ES","og_type":"article","og_title":"Tour Privado a Pompeya y Costa Amalfitana desde N\u00e1poles","og_description":"Descubra la antigua ciudad de Pompeya y la impresionante Costa Amalfitana en un lujoso tour privado desde N\u00e1poles. Te esperan maravillas hist\u00f3ricas y belleza paisaj\u00edstica \u2705","og_url":"https:\/\/tourtravelandmore.com\/es\/tours\/italia-es\/napoles-pompeya-es\/tour-privado-a-pompeya-y-costa-amalfitana-desde-napoles\/","og_site_name":"Tour Travel And More","article_publisher":"https:\/\/www.facebook.com\/tourtravelandmore\/","article_modified_time":"2024-08-21T15:23:56+00:00","og_image":[{"width":1280,"height":959,"url":"https:\/\/tourtravelandmore.com\/wp-content\/uploads\/2019\/01\/amalfi-5.jpg","type":"image\/jpeg"}],"twitter_card":"summary_large_image","twitter_site":"@TourTravel_More","twitter_misc":{"Tiempo de lectura":"4 minutos"},"schema":{"@context":"https:\/\/schema.org","@graph":[{"@type":"WebPage","@id":"https:\/\/tourtravelandmore.com\/es\/tours\/italia-es\/napoles-pompeya-es\/tour-privado-a-pompeya-y-costa-amalfitana-desde-napoles\/","url":"https:\/\/tourtravelandmore.com\/es\/tours\/italia-es\/napoles-pompeya-es\/tour-privado-a-pompeya-y-costa-amalfitana-desde-napoles\/","name":"\u27a1\ufe0f Explora Pompeya y la Costa Amalfitana: Tour privado exclusivo desde N\u00e1poles","isPartOf":{"@id":"https:\/\/tourtravelandmore.com\/es\/#website"},"primaryImageOfPage":{"@id":"https:\/\/tourtravelandmore.com\/es\/tours\/italia-es\/napoles-pompeya-es\/tour-privado-a-pompeya-y-costa-amalfitana-desde-napoles\/#primaryimage"},"image":{"@id":"https:\/\/tourtravelandmore.com\/es\/tours\/italia-es\/napoles-pompeya-es\/tour-privado-a-pompeya-y-costa-amalfitana-desde-napoles\/#primaryimage"},"thumbnailUrl":"https:\/\/tourtravelandmore.com\/wp-content\/uploads\/2019\/01\/amalfi-5.jpg","datePublished":"2019-01-02T10:45:35+00:00","dateModified":"2024-08-21T15:23:56+00:00","description":"Descubra la antigua ciudad de Pompeya y la impresionante Costa Amalfitana en un lujoso tour privado desde N\u00e1poles. Te esperan maravillas hist\u00f3ricas y belleza paisaj\u00edstica \u2705","breadcrumb":{"@id":"https:\/\/tourtravelandmore.com\/es\/tours\/italia-es\/napoles-pompeya-es\/tour-privado-a-pompeya-y-costa-amalfitana-desde-napoles\/#breadcrumb"},"inLanguage":"es","potentialAction":[{"@type":"ReadAction","target":["https:\/\/tourtravelandmore.com\/es\/tours\/italia-es\/napoles-pompeya-es\/tour-privado-a-pompeya-y-costa-amalfitana-desde-napoles\/"]}]},{"@type":"ImageObject","inLanguage":"es","@id":"https:\/\/tourtravelandmore.com\/es\/tours\/italia-es\/napoles-pompeya-es\/tour-privado-a-pompeya-y-costa-amalfitana-desde-napoles\/#primaryimage","url":"https:\/\/tourtravelandmore.com\/wp-content\/uploads\/2019\/01\/amalfi-5.jpg","contentUrl":"https:\/\/tourtravelandmore.com\/wp-content\/uploads\/2019\/01\/amalfi-5.jpg","width":1280,"height":959},{"@type":"BreadcrumbList","@id":"https:\/\/tourtravelandmore.com\/es\/tours\/italia-es\/napoles-pompeya-es\/tour-privado-a-pompeya-y-costa-amalfitana-desde-napoles\/#breadcrumb","itemListElement":[{"@type":"ListItem","position":1,"name":"Home","item":"https:\/\/tourtravelandmore.com\/es\/"},{"@type":"ListItem","position":2,"name":"Tours","item":"https:\/\/tourtravelandmore.com\/es\/tours\/"},{"@type":"ListItem","position":3,"name":"Tour Privado a Pompeya y Costa Amalfitana desde N\u00e1poles"}]},{"@type":"WebSite","@id":"https:\/\/tourtravelandmore.com\/es\/#website","url":"https:\/\/tourtravelandmore.com\/es\/","name":"Tour Travel And More","description":"Private sightseeing tours and luxury transfers in Spain","publisher":{"@id":"https:\/\/tourtravelandmore.com\/es\/#organization"},"potentialAction":[{"@type":"SearchAction","target":{"@type":"EntryPoint","urlTemplate":"https:\/\/tourtravelandmore.com\/es\/?s={search_term_string}"},"query-input":{"@type":"PropertyValueSpecification","valueRequired":true,"valueName":"search_term_string"}}],"inLanguage":"es"},{"@type":"Organization","@id":"https:\/\/tourtravelandmore.com\/es\/#organization","name":"Tour Travel And More","url":"https:\/\/tourtravelandmore.com\/es\/","logo":{"@type":"ImageObject","inLanguage":"es","@id":"https:\/\/tourtravelandmore.com\/es\/#\/schema\/logo\/image\/","url":"https:\/\/tourtravelandmore.com\/wp-content\/uploads\/2022\/12\/cropped-logo-cabecera-new.png","contentUrl":"https:\/\/tourtravelandmore.com\/wp-content\/uploads\/2022\/12\/cropped-logo-cabecera-new.png","width":430,"height":61,"caption":"Tour Travel And More"},"image":{"@id":"https:\/\/tourtravelandmore.com\/es\/#\/schema\/logo\/image\/"},"sameAs":["https:\/\/www.facebook.com\/tourtravelandmore\/","https:\/\/x.com\/TourTravel_More"]}]}},"_links":{"self":[{"href":"https:\/\/tourtravelandmore.com\/es\/wp-json\/wp\/v2\/product\/30424","targetHints":{"allow":["GET"]}}],"collection":[{"href":"https:\/\/tourtravelandmore.com\/es\/wp-json\/wp\/v2\/product"}],"about":[{"href":"https:\/\/tourtravelandmore.com\/es\/wp-json\/wp\/v2\/types\/product"}],"replies":[{"embeddable":true,"href":"https:\/\/tourtravelandmore.com\/es\/wp-json\/wp\/v2\/comments?post=30424"}],"wp:featuredmedia":[{"embeddable":true,"href":"https:\/\/tourtravelandmore.com\/es\/wp-json\/wp\/v2\/media\/81246"}],"wp:attachment":[{"href":"https:\/\/tourtravelandmore.com\/es\/wp-json\/wp\/v2\/media?parent=30424"}],"wp:term":[{"taxonomy":"product_brand","embeddable":true,"href":"https:\/\/tourtravelandmore.com\/es\/wp-json\/wp\/v2\/product_brand?post=30424"},{"taxonomy":"product_cat","embeddable":true,"href":"https:\/\/tourtravelandmore.com\/es\/wp-json\/wp\/v2\/product_cat?post=30424"},{"taxonomy":"product_tag","embeddable":true,"href":"https:\/\/tourtravelandmore.com\/es\/wp-json\/wp\/v2\/product_tag?post=30424"}],"curies":[{"name":"wp","href":"https:\/\/api.w.org\/{rel}","templated":true}]}}