{"id":30340,"date":"2018-12-31T15:03:45","date_gmt":"2018-12-31T14:03:48","guid":{"rendered":"http:\/\/tourtravelandmore.com\/es\/tours\/paris-es\/tour-privado-de-paris-y-versalles\/"},"modified":"2024-08-06T16:32:39","modified_gmt":"2024-08-06T14:32:39","slug":"tour-privado-de-paris-y-versalles","status":"publish","type":"product","link":"https:\/\/tourtravelandmore.com\/es\/tours\/francia\/paris-es\/tour-privado-de-paris-y-versalles\/","title":{"rendered":"Tour privado d\u00eda completo: Paris y Versalles"},"content":{"rendered":"<h2><strong>Descripci\u00f3n del Tour privado d\u00eda completo: Par\u00eds y Versalles<\/strong><\/h2>\n<p>Explora los sitios m\u00e1s emblem\u00e1ticos de Par\u00eds y visita el Palacio de Versalles en un d\u00eda! Con este tour primero visitar\u00e1n el Palacio de Versalles y sus magn\u00edficos jardines. Luego aprender\u00e1s la historia y visitar\u00e1s los sitios m\u00e1s emblem\u00e1ticos de Par\u00eds. Disfruta este tour de Versalles y Par\u00eds con gu\u00eda oficial y chofer.<\/p>\n<p><span style=\"font-weight: 400;\">Su chofer, junto a su gu\u00eda oficial privado, le recoger\u00e1n en su sitio deseado en Par\u00eds. A continuaci\u00f3n comenzar\u00e1n una visita de los sitios m\u00e1s emblem\u00e1ticos de la ciudad. El Palacio de Versalles se encuentra a tan solo 45 minutos del centro de Par\u00eds. Una vez all\u00ed disfrutar\u00e1n una visita privada con su gu\u00eda oficial de los jardines y del palacio.<\/span><\/p>\n<p><span style=\"font-weight: 400;\">Nuestros tours son privados y personalizables. Cont\u00e1ctenos y uno de nuestros expertos se pondr\u00e1 en contacto con usted para organizar una experiencia privada a medida. El itinerario, la duraci\u00f3n y el horario de comienzo son totalmente adaptables a su inter\u00e9s personal.<\/span><\/p>\n<h2><strong>Puntos de inter\u00e9s en el Tour privado d\u00eda completo: Par\u00eds y Versalles<\/strong><\/h2>\n<p>La primera parada de su tour privado ser\u00e1 el <a href=\"http:\/\/en.chateauversailles.fr\/\">Palacio de Versalles<\/a>. Este magn\u00edfico sitio hist\u00f3rico declarado Patrimonio de la Humanidad es una de las visitas m\u00e1s recomendadas desde Par\u00eds. Su arquitectura tiene el estilo de los Siglos XVII y XVIII. El Parque est\u00e1 decorado con estatuas, fuentes y edificaciones espectaculares como el Grand Trianon y el Petit Trianon, el Templo del Amor. Durante su tour descubrir\u00e1 su historia y legado junto a su <strong>gu\u00eda oficial privado<\/strong>.<\/p>\n<p>Durante su tour privado del Palacio visitar\u00e1 los jardines y las salas del mismo. Entre otras salas visitar\u00e1:<\/p>\n<ul>\n<li style=\"font-weight: 400;\"><strong>Capilla del Palacio de Versalles: Considerada como una de las joyas del Palacio, esta fue la \u00faltima edificaci\u00f3n de Lu\u00eds XIV y su legado espiritual.<\/strong><\/li>\n<li style=\"font-weight: 400;\"><strong>Grandes Apartamentos del Rey: Compuesto por paneles de m\u00e1rmol y techos pintados, este grupo de 7 habitaciones era utilizado para recepci\u00f3n en actos p\u00fablicos.<\/strong><\/li>\n<li style=\"font-weight: 400;\"><strong>La Galer\u00eda de los espejos (La Grande Galerie des Glaces): El sitio m\u00e1s famoso del Palacio, su edificaci\u00f3n comenz\u00f3 en 1678 y fue culminada en 1684.<\/strong><\/li>\n<li style=\"font-weight: 400;\"><strong>Grandes Apartamentos de la Reina: Conjunto de habitaciones reservado para exclusiva utilizaci\u00f3n de la reina.<\/strong><\/li>\n<li style=\"font-weight: 400;\"><strong>Salones de la paz y de la guerra: El primero refleja la paz tra\u00edda por Francia a Europa. El segundo recuerda los triunfos de Francia durante la guerra de los Pa\u00edses Bajos.<\/strong><\/li>\n<\/ul>\n<p><span style=\"font-weight: 400;\">Las entradas sin fila a Versalles est\u00e1n incluidas en el precio del tour. Al finalizar el tour su chofer y gu\u00eda le llevar\u00e1n a su sitio deseado en Par\u00eds.<\/span><\/p>\n<p>Par\u00eds es una de las ciudades m\u00e1s visitadas e influyentes del mundo. Su espectacular arquitectura y su vibrante atm\u00f3sfera la hacen una ciudad verdaderamente apasionante. Descubre y explora la ciudad junto a un gu\u00eda oficial privado, experto en arte e historia de Par\u00eds. La finalidad del tour privado es que pueda descubrir Par\u00eds y sus sitios m\u00e1s emblem\u00e1ticos en profundidad. Para ellos su gu\u00eda y chofer estar\u00e1n a su entera disposici\u00f3n!<\/p>\n<p>Algunos de los sitios que visitar\u00e1n en Par\u00eds son:<\/p>\n<ul>\n<li><strong>Torre Eiffel<\/strong><\/li>\n<li><strong>Museo Louvre<\/strong><\/li>\n<li><strong>Catedral Notre Dame<\/strong><\/li>\n<li><strong>Arc de Triomf y Champs \u00c9lys\u00e9es<\/strong><\/li>\n<li><strong>Basilique Sacr\u00e9 Coeur<\/strong><\/li>\n<li><strong>Jardines de Luxembourg y Tuileries<\/strong><\/li>\n<li><strong>Place de la Concorde<\/strong><\/li>\n<li><strong>Panteon de Par\u00eds<\/strong><\/li>\n<li><strong>Trocadero<\/strong><\/li>\n<li><strong>Mucho m\u00e1s!<\/strong><\/li>\n<\/ul>\n<p>Despu\u00e9s de explorar Par\u00eds, su gu\u00eda le recomendar\u00e1 un buen sitio local para comer. La gastronom\u00eda de Par\u00eds es mundialmente reconocida como una de las mejores del mundo.<\/p>\n<p><span style=\"font-weight: 400;\">Todos nuestros tours son privados y organizados a medida a deseo de nuestros clientes. No dude en contactarnos para obtener una informaci\u00f3n m\u00e1s detallada del tour. Nuestro equipo de expertos se pondr\u00e1 en contacto con usted para organizar una experiencia privada a medida.<\/span><\/p>\n<p><strong>Itinerario, duraci\u00f3n y horario de comienzo son adaptables a su deseo.<\/strong><\/p>\n","protected":false},"excerpt":{"rendered":"<p>Disfruta este tour privado y visita los sitios m\u00e1s emblem\u00e1ticos de Paris y el magn\u00edficos Palacio de Versalles junto a un gu\u00eda oficial privado. Su chofer privado le recoger\u00e1 en su sitio deseado en Par\u00eds.<\/p>\n","protected":false},"featured_media":30346,"comment_status":"open","ping_status":"closed","template":"","meta":{"_acf_changed":false},"product_brand":[],"product_cat":[834,849,851],"product_tag":[],"class_list":{"0":"post-30340","1":"product","2":"type-product","3":"status-publish","4":"has-post-thumbnail","6":"product_cat-paris-es","7":"product_cat-paris-actividades-es","8":"product_cat-paris-excursiones-es","10":"first","11":"instock","12":"shipping-taxable","13":"purchasable","14":"product-type-simple"},"acf":[],"yoast_head":"<!-- This site is optimized with the Yoast SEO Premium plugin v25.3.1 (Yoast SEO v25.3.1) - https:\/\/yoast.com\/wordpress\/plugins\/seo\/ -->\n<title>\u27a1\ufe0f Tour Privado de Paris y Versalles con chofer y guia oficial privado | Tour Travel &amp; More<\/title>\n<meta name=\"description\" content=\"Disfruta este tour privado y visita los sitios m\u00e1s emblem\u00e1ticos de Paris y el magn\u00edficos Palacio de Versalles junto a un gu\u00eda oficial privado \u2705\" \/>\n<meta name=\"robots\" content=\"index, follow, max-snippet:-1, max-image-preview:large, max-video-preview:-1\" \/>\n<link rel=\"canonical\" href=\"https:\/\/tourtravelandmore.com\/es\/tours\/francia\/paris-es\/tour-privado-de-paris-y-versalles\/\" \/>\n<meta property=\"og:locale\" content=\"es_ES\" \/>\n<meta property=\"og:type\" content=\"article\" \/>\n<meta property=\"og:title\" content=\"Tour privado d\u00eda completo: Paris y Versalles\" \/>\n<meta property=\"og:description\" content=\"Disfruta este tour privado y visita los sitios m\u00e1s emblem\u00e1ticos de Paris y el magn\u00edficos Palacio de Versalles junto a un gu\u00eda oficial privado \u2705\" \/>\n<meta property=\"og:url\" content=\"https:\/\/tourtravelandmore.com\/es\/tours\/francia\/paris-es\/tour-privado-de-paris-y-versalles\/\" \/>\n<meta property=\"og:site_name\" content=\"Tour Travel And More\" \/>\n<meta property=\"article:publisher\" content=\"https:\/\/www.facebook.com\/tourtravelandmore\/\" \/>\n<meta property=\"article:modified_time\" content=\"2024-08-06T14:32:39+00:00\" \/>\n<meta property=\"og:image\" content=\"https:\/\/tourtravelandmore.com\/wp-content\/uploads\/2018\/12\/Paris.jpg\" \/>\n\t<meta property=\"og:image:width\" content=\"3003\" \/>\n\t<meta property=\"og:image:height\" content=\"2000\" \/>\n\t<meta property=\"og:image:type\" content=\"image\/jpeg\" \/>\n<meta name=\"twitter:card\" content=\"summary_large_image\" \/>\n<meta name=\"twitter:site\" content=\"@TourTravel_More\" \/>\n<meta name=\"twitter:label1\" content=\"Tiempo de lectura\" \/>\n\t<meta name=\"twitter:data1\" content=\"3 minutos\" \/>\n<script type=\"application\/ld+json\" class=\"yoast-schema-graph\">{\"@context\":\"https:\/\/schema.org\",\"@graph\":[{\"@type\":\"WebPage\",\"@id\":\"https:\/\/tourtravelandmore.com\/es\/tours\/francia\/paris-es\/tour-privado-de-paris-y-versalles\/\",\"url\":\"https:\/\/tourtravelandmore.com\/es\/tours\/francia\/paris-es\/tour-privado-de-paris-y-versalles\/\",\"name\":\"\u27a1\ufe0f Tour Privado de Paris y Versalles con chofer y guia oficial privado | Tour Travel & More\",\"isPartOf\":{\"@id\":\"https:\/\/tourtravelandmore.com\/es\/#website\"},\"primaryImageOfPage\":{\"@id\":\"https:\/\/tourtravelandmore.com\/es\/tours\/francia\/paris-es\/tour-privado-de-paris-y-versalles\/#primaryimage\"},\"image\":{\"@id\":\"https:\/\/tourtravelandmore.com\/es\/tours\/francia\/paris-es\/tour-privado-de-paris-y-versalles\/#primaryimage\"},\"thumbnailUrl\":\"https:\/\/tourtravelandmore.com\/wp-content\/uploads\/2018\/12\/Paris.jpg\",\"datePublished\":\"2018-12-31T14:03:48+00:00\",\"dateModified\":\"2024-08-06T14:32:39+00:00\",\"description\":\"Disfruta este tour privado y visita los sitios m\u00e1s emblem\u00e1ticos de Paris y el magn\u00edficos Palacio de Versalles junto a un gu\u00eda oficial privado \u2705\",\"breadcrumb\":{\"@id\":\"https:\/\/tourtravelandmore.com\/es\/tours\/francia\/paris-es\/tour-privado-de-paris-y-versalles\/#breadcrumb\"},\"inLanguage\":\"es\",\"potentialAction\":[{\"@type\":\"ReadAction\",\"target\":[\"https:\/\/tourtravelandmore.com\/es\/tours\/francia\/paris-es\/tour-privado-de-paris-y-versalles\/\"]}]},{\"@type\":\"ImageObject\",\"inLanguage\":\"es\",\"@id\":\"https:\/\/tourtravelandmore.com\/es\/tours\/francia\/paris-es\/tour-privado-de-paris-y-versalles\/#primaryimage\",\"url\":\"https:\/\/tourtravelandmore.com\/wp-content\/uploads\/2018\/12\/Paris.jpg\",\"contentUrl\":\"https:\/\/tourtravelandmore.com\/wp-content\/uploads\/2018\/12\/Paris.jpg\",\"width\":3003,\"height\":2000},{\"@type\":\"BreadcrumbList\",\"@id\":\"https:\/\/tourtravelandmore.com\/es\/tours\/francia\/paris-es\/tour-privado-de-paris-y-versalles\/#breadcrumb\",\"itemListElement\":[{\"@type\":\"ListItem\",\"position\":1,\"name\":\"Home\",\"item\":\"https:\/\/tourtravelandmore.com\/es\/\"},{\"@type\":\"ListItem\",\"position\":2,\"name\":\"Tours\",\"item\":\"https:\/\/tourtravelandmore.com\/es\/tours\/\"},{\"@type\":\"ListItem\",\"position\":3,\"name\":\"Tour privado d\u00eda completo: Paris y Versalles\"}]},{\"@type\":\"WebSite\",\"@id\":\"https:\/\/tourtravelandmore.com\/es\/#website\",\"url\":\"https:\/\/tourtravelandmore.com\/es\/\",\"name\":\"Tour Travel And More\",\"description\":\"Private sightseeing tours and luxury transfers in Spain\",\"publisher\":{\"@id\":\"https:\/\/tourtravelandmore.com\/es\/#organization\"},\"potentialAction\":[{\"@type\":\"SearchAction\",\"target\":{\"@type\":\"EntryPoint\",\"urlTemplate\":\"https:\/\/tourtravelandmore.com\/es\/?s={search_term_string}\"},\"query-input\":{\"@type\":\"PropertyValueSpecification\",\"valueRequired\":true,\"valueName\":\"search_term_string\"}}],\"inLanguage\":\"es\"},{\"@type\":\"Organization\",\"@id\":\"https:\/\/tourtravelandmore.com\/es\/#organization\",\"name\":\"Tour Travel And More\",\"url\":\"https:\/\/tourtravelandmore.com\/es\/\",\"logo\":{\"@type\":\"ImageObject\",\"inLanguage\":\"es\",\"@id\":\"https:\/\/tourtravelandmore.com\/es\/#\/schema\/logo\/image\/\",\"url\":\"https:\/\/tourtravelandmore.com\/wp-content\/uploads\/2022\/12\/cropped-logo-cabecera-new.png\",\"contentUrl\":\"https:\/\/tourtravelandmore.com\/wp-content\/uploads\/2022\/12\/cropped-logo-cabecera-new.png\",\"width\":430,\"height\":61,\"caption\":\"Tour Travel And More\"},\"image\":{\"@id\":\"https:\/\/tourtravelandmore.com\/es\/#\/schema\/logo\/image\/\"},\"sameAs\":[\"https:\/\/www.facebook.com\/tourtravelandmore\/\",\"https:\/\/x.com\/TourTravel_More\"]}]}<\/script>\n<!-- \/ Yoast SEO Premium plugin. -->","yoast_head_json":{"title":"\u27a1\ufe0f Tour Privado de Paris y Versalles con chofer y guia oficial privado | Tour Travel & More","description":"Disfruta este tour privado y visita los sitios m\u00e1s emblem\u00e1ticos de Paris y el magn\u00edficos Palacio de Versalles junto a un gu\u00eda oficial privado \u2705","robots":{"index":"index","follow":"follow","max-snippet":"max-snippet:-1","max-image-preview":"max-image-preview:large","max-video-preview":"max-video-preview:-1"},"canonical":"https:\/\/tourtravelandmore.com\/es\/tours\/francia\/paris-es\/tour-privado-de-paris-y-versalles\/","og_locale":"es_ES","og_type":"article","og_title":"Tour privado d\u00eda completo: Paris y Versalles","og_description":"Disfruta este tour privado y visita los sitios m\u00e1s emblem\u00e1ticos de Paris y el magn\u00edficos Palacio de Versalles junto a un gu\u00eda oficial privado \u2705","og_url":"https:\/\/tourtravelandmore.com\/es\/tours\/francia\/paris-es\/tour-privado-de-paris-y-versalles\/","og_site_name":"Tour Travel And More","article_publisher":"https:\/\/www.facebook.com\/tourtravelandmore\/","article_modified_time":"2024-08-06T14:32:39+00:00","og_image":[{"width":3003,"height":2000,"url":"https:\/\/tourtravelandmore.com\/wp-content\/uploads\/2018\/12\/Paris.jpg","type":"image\/jpeg"}],"twitter_card":"summary_large_image","twitter_site":"@TourTravel_More","twitter_misc":{"Tiempo de lectura":"3 minutos"},"schema":{"@context":"https:\/\/schema.org","@graph":[{"@type":"WebPage","@id":"https:\/\/tourtravelandmore.com\/es\/tours\/francia\/paris-es\/tour-privado-de-paris-y-versalles\/","url":"https:\/\/tourtravelandmore.com\/es\/tours\/francia\/paris-es\/tour-privado-de-paris-y-versalles\/","name":"\u27a1\ufe0f Tour Privado de Paris y Versalles con chofer y guia oficial privado | Tour Travel & More","isPartOf":{"@id":"https:\/\/tourtravelandmore.com\/es\/#website"},"primaryImageOfPage":{"@id":"https:\/\/tourtravelandmore.com\/es\/tours\/francia\/paris-es\/tour-privado-de-paris-y-versalles\/#primaryimage"},"image":{"@id":"https:\/\/tourtravelandmore.com\/es\/tours\/francia\/paris-es\/tour-privado-de-paris-y-versalles\/#primaryimage"},"thumbnailUrl":"https:\/\/tourtravelandmore.com\/wp-content\/uploads\/2018\/12\/Paris.jpg","datePublished":"2018-12-31T14:03:48+00:00","dateModified":"2024-08-06T14:32:39+00:00","description":"Disfruta este tour privado y visita los sitios m\u00e1s emblem\u00e1ticos de Paris y el magn\u00edficos Palacio de Versalles junto a un gu\u00eda oficial privado \u2705","breadcrumb":{"@id":"https:\/\/tourtravelandmore.com\/es\/tours\/francia\/paris-es\/tour-privado-de-paris-y-versalles\/#breadcrumb"},"inLanguage":"es","potentialAction":[{"@type":"ReadAction","target":["https:\/\/tourtravelandmore.com\/es\/tours\/francia\/paris-es\/tour-privado-de-paris-y-versalles\/"]}]},{"@type":"ImageObject","inLanguage":"es","@id":"https:\/\/tourtravelandmore.com\/es\/tours\/francia\/paris-es\/tour-privado-de-paris-y-versalles\/#primaryimage","url":"https:\/\/tourtravelandmore.com\/wp-content\/uploads\/2018\/12\/Paris.jpg","contentUrl":"https:\/\/tourtravelandmore.com\/wp-content\/uploads\/2018\/12\/Paris.jpg","width":3003,"height":2000},{"@type":"BreadcrumbList","@id":"https:\/\/tourtravelandmore.com\/es\/tours\/francia\/paris-es\/tour-privado-de-paris-y-versalles\/#breadcrumb","itemListElement":[{"@type":"ListItem","position":1,"name":"Home","item":"https:\/\/tourtravelandmore.com\/es\/"},{"@type":"ListItem","position":2,"name":"Tours","item":"https:\/\/tourtravelandmore.com\/es\/tours\/"},{"@type":"ListItem","position":3,"name":"Tour privado d\u00eda completo: Paris y Versalles"}]},{"@type":"WebSite","@id":"https:\/\/tourtravelandmore.com\/es\/#website","url":"https:\/\/tourtravelandmore.com\/es\/","name":"Tour Travel And More","description":"Private sightseeing tours and luxury transfers in Spain","publisher":{"@id":"https:\/\/tourtravelandmore.com\/es\/#organization"},"potentialAction":[{"@type":"SearchAction","target":{"@type":"EntryPoint","urlTemplate":"https:\/\/tourtravelandmore.com\/es\/?s={search_term_string}"},"query-input":{"@type":"PropertyValueSpecification","valueRequired":true,"valueName":"search_term_string"}}],"inLanguage":"es"},{"@type":"Organization","@id":"https:\/\/tourtravelandmore.com\/es\/#organization","name":"Tour Travel And More","url":"https:\/\/tourtravelandmore.com\/es\/","logo":{"@type":"ImageObject","inLanguage":"es","@id":"https:\/\/tourtravelandmore.com\/es\/#\/schema\/logo\/image\/","url":"https:\/\/tourtravelandmore.com\/wp-content\/uploads\/2022\/12\/cropped-logo-cabecera-new.png","contentUrl":"https:\/\/tourtravelandmore.com\/wp-content\/uploads\/2022\/12\/cropped-logo-cabecera-new.png","width":430,"height":61,"caption":"Tour Travel And More"},"image":{"@id":"https:\/\/tourtravelandmore.com\/es\/#\/schema\/logo\/image\/"},"sameAs":["https:\/\/www.facebook.com\/tourtravelandmore\/","https:\/\/x.com\/TourTravel_More"]}]}},"_links":{"self":[{"href":"https:\/\/tourtravelandmore.com\/es\/wp-json\/wp\/v2\/product\/30340","targetHints":{"allow":["GET"]}}],"collection":[{"href":"https:\/\/tourtravelandmore.com\/es\/wp-json\/wp\/v2\/product"}],"about":[{"href":"https:\/\/tourtravelandmore.com\/es\/wp-json\/wp\/v2\/types\/product"}],"replies":[{"embeddable":true,"href":"https:\/\/tourtravelandmore.com\/es\/wp-json\/wp\/v2\/comments?post=30340"}],"wp:featuredmedia":[{"embeddable":true,"href":"https:\/\/tourtravelandmore.com\/es\/wp-json\/wp\/v2\/media\/30346"}],"wp:attachment":[{"href":"https:\/\/tourtravelandmore.com\/es\/wp-json\/wp\/v2\/media?parent=30340"}],"wp:term":[{"taxonomy":"product_brand","embeddable":true,"href":"https:\/\/tourtravelandmore.com\/es\/wp-json\/wp\/v2\/product_brand?post=30340"},{"taxonomy":"product_cat","embeddable":true,"href":"https:\/\/tourtravelandmore.com\/es\/wp-json\/wp\/v2\/product_cat?post=30340"},{"taxonomy":"product_tag","embeddable":true,"href":"https:\/\/tourtravelandmore.com\/es\/wp-json\/wp\/v2\/product_tag?post=30340"}],"curies":[{"name":"wp","href":"https:\/\/api.w.org\/{rel}","templated":true}]}}