{"id":28289,"date":"2018-10-19T17:16:34","date_gmt":"2018-10-19T15:16:38","guid":{"rendered":"http:\/\/tourtravelandmore.com\/es\/tours\/la-haya-es\/tour-privado-a-madurodam-desde-la-haya\/"},"modified":"2024-01-08T11:06:10","modified_gmt":"2024-01-08T10:06:10","slug":"tour-privado-a-madurodam-desde-la-haya","status":"publish","type":"product","link":"https:\/\/tourtravelandmore.com\/es\/tours\/paises-bajos-es\/la-haya-es\/tour-privado-a-madurodam-desde-la-haya\/","title":{"rendered":"Tour Privado a Madurodam desde La Haya"},"content":{"rendered":"<h2>Tour Privado a Madurodam desde La Haya<\/h2>\n<p>Disfrute de este <strong>tour privado<\/strong> con vuestro gu\u00eda privado y conoce el parque en miniatura <strong>Madurodam<\/strong><b>,\u00a0<\/b>c\u00f3modamente dentro de vuestro veh\u00edculo privado con chofer.<br \/>\nPueden escoger la hora de salida del tour y vuestro lugar de recogida dentro de La Haya.<br \/>\nEste tour es completamente personalizable y pod\u00e9is organizarlo como quer\u00e1is y lo que busc\u00e1is. Puede personalizar vuestro tour solamente contactando con nosotros.<\/p>\n<h2>Principales puntos de inter\u00e9s durante este tour privado<\/h2>\n<p>Su chofer privado os recoger\u00e1 en su hotel o sitio de selecci\u00f3n personal en La Haya y os llevar\u00e1, junto a su gu\u00eda oficial privado, hacia el parque de miniatura\u00a0<strong>Madurodam.<\/strong><\/p>\n<p>Madurodam es un parque en miniatura donde se han recreado los edificios m\u00e1s emblem\u00e1ticos de Holanda en miniatura. El parque existe hace m\u00e1s de 60 a\u00f1os.<\/p>\n<p>Podr\u00e9is disfrutar de Madurodam en todo su esplendor junto a su gu\u00eda oficial privado, con quien conocer\u00e1n este fabuloso parque.<br \/>\nAl terminar el tour, vuestro veh\u00edculo privado os devolver\u00e1 a vuestro hotel o sitio de selecci\u00f3n personal en La Haya para que pod\u00e1is ir a descansar y recuperar fuerzas!<\/p>\n<h4>La Ciudad: La Haya<\/h4>\n<p>La Haya se encuentra ubicada en la regi\u00f3n Oeste de Holanda. Tiene una poblaci\u00f3n que supera el mill\u00f3n de personas, siendo la tercera ciudad m\u00e1s habitada del pa\u00eds. A pesar de que la capital constitucional de Holanda es Amsterdam, el gobierno de Holanda est\u00e1 situado en La Haya. La gran mayor\u00eda de las embajadas se encuentra en esta ciudad, as\u00ed como la Corte Internacional de Justicia y la Corte Penal Internacional.\u00a0 La ciudad alberga a su vez las Naciones Unidas. Habitada por muchos expatriados, La Haya est\u00e1 compuesta por muchas culturas diversas.<\/p>\n<h4>Nuestros Tours Privados en Tour Travel &amp; More<\/h4>\n<p>Ofrecemos a nuestros clientes tours privados para familias, amigos e incluso para incentivos o grupos grandes. Entendemos las necesidades de los viajeros mientras est\u00e1n de vacaciones, y hacemos todo lo posible para que su estancia sea inolvidable. Nuestra flota se compone de veh\u00edculos de lujo y nuestro personal es perfectamente multiling\u00fce. Nuestros gu\u00edas son gu\u00edas oficiales y locales y son grandes conocedores de la ciudad. Nuestros gu\u00edas hablan varios idiomas:<strong> Ingl\u00e9s, Espa\u00f1ol, Franc\u00e9s, Italiano, Polaco, Holand\u00e9s, Chino, Ruso, Japon\u00e9s, Alem\u00e1n, Griego y Portugu\u00e9s.<\/strong><\/p>\n","protected":false},"excerpt":{"rendered":"<p>Disfrute de esta <strong>visita guiada privada a Madurodam desde La Haya<\/strong>. <strong>Madurodam<\/strong> es un parque en miniatura en La Haya, exactamente en <strong>Scheveningen<\/strong>. Disfrute de su modelo a escala \u00fanico de importantes monumentos de Holanda, as\u00ed como de sus ciudades en miniatura. Su gu\u00eda puede llevarlo a trav\u00e9s de las diferentes partes de este parque \u00fanico que tiene m\u00e1s de 60 a\u00f1os.<\/p>\n","protected":false},"featured_media":28305,"comment_status":"open","ping_status":"closed","template":"","meta":{"_acf_changed":false},"product_brand":[],"product_cat":[990,991,992],"product_tag":[],"class_list":{"0":"post-28289","1":"product","2":"type-product","3":"status-publish","4":"has-post-thumbnail","6":"product_cat-la-haya-es","7":"product_cat-la-haya-actividades-es","8":"product_cat-la-haya-rutas-turisticas-privadas-es","10":"first","11":"instock","12":"shipping-taxable","13":"purchasable","14":"product-type-simple"},"acf":[],"yoast_head":"<!-- This site is optimized with the Yoast SEO Premium plugin v25.3.1 (Yoast SEO v25.3.1) - https:\/\/yoast.com\/wordpress\/plugins\/seo\/ -->\n<title>\u27a1\ufe0f Tour Privado a Madurodam desde La Haya con chofer y gu\u00eda privado<\/title>\n<meta name=\"description\" content=\"Excursi\u00f3n privada a Madurodam desde La Haya en veh\u00edculo privado de lujo junto a un gu\u00eda oficial privado para explorar este fabuloso parque en miniatura \u2705\" \/>\n<meta name=\"robots\" content=\"index, follow, max-snippet:-1, max-image-preview:large, max-video-preview:-1\" \/>\n<link rel=\"canonical\" href=\"https:\/\/tourtravelandmore.com\/es\/tours\/paises-bajos-es\/la-haya-es\/tour-privado-a-madurodam-desde-la-haya\/\" \/>\n<meta property=\"og:locale\" content=\"es_ES\" \/>\n<meta property=\"og:type\" content=\"article\" \/>\n<meta property=\"og:title\" content=\"Tour Privado a Madurodam desde La Haya\" \/>\n<meta property=\"og:description\" content=\"Excursi\u00f3n privada a Madurodam desde La Haya en veh\u00edculo privado de lujo junto a un gu\u00eda oficial privado para explorar este fabuloso parque en miniatura \u2705\" \/>\n<meta property=\"og:url\" content=\"https:\/\/tourtravelandmore.com\/es\/tours\/paises-bajos-es\/la-haya-es\/tour-privado-a-madurodam-desde-la-haya\/\" \/>\n<meta property=\"og:site_name\" content=\"Tour Travel And More\" \/>\n<meta property=\"article:publisher\" content=\"https:\/\/www.facebook.com\/tourtravelandmore\/\" \/>\n<meta property=\"article:modified_time\" content=\"2024-01-08T10:06:10+00:00\" \/>\n<meta property=\"og:image\" content=\"https:\/\/tourtravelandmore.com\/wp-content\/uploads\/2018\/10\/Edificios-del-Parlamento-Het-Binnenhof-La-Haya-Madurodam-940x600.jpg\" \/>\n\t<meta property=\"og:image:width\" content=\"940\" \/>\n\t<meta property=\"og:image:height\" content=\"600\" \/>\n\t<meta property=\"og:image:type\" content=\"image\/jpeg\" \/>\n<meta name=\"twitter:card\" content=\"summary_large_image\" \/>\n<meta name=\"twitter:site\" content=\"@TourTravel_More\" \/>\n<meta name=\"twitter:label1\" content=\"Tiempo de lectura\" \/>\n\t<meta name=\"twitter:data1\" content=\"2 minutos\" \/>\n<script type=\"application\/ld+json\" class=\"yoast-schema-graph\">{\"@context\":\"https:\/\/schema.org\",\"@graph\":[{\"@type\":\"WebPage\",\"@id\":\"https:\/\/tourtravelandmore.com\/es\/tours\/paises-bajos-es\/la-haya-es\/tour-privado-a-madurodam-desde-la-haya\/\",\"url\":\"https:\/\/tourtravelandmore.com\/es\/tours\/paises-bajos-es\/la-haya-es\/tour-privado-a-madurodam-desde-la-haya\/\",\"name\":\"\u27a1\ufe0f Tour Privado a Madurodam desde La Haya con chofer y gu\u00eda privado\",\"isPartOf\":{\"@id\":\"https:\/\/tourtravelandmore.com\/es\/#website\"},\"primaryImageOfPage\":{\"@id\":\"https:\/\/tourtravelandmore.com\/es\/tours\/paises-bajos-es\/la-haya-es\/tour-privado-a-madurodam-desde-la-haya\/#primaryimage\"},\"image\":{\"@id\":\"https:\/\/tourtravelandmore.com\/es\/tours\/paises-bajos-es\/la-haya-es\/tour-privado-a-madurodam-desde-la-haya\/#primaryimage\"},\"thumbnailUrl\":\"https:\/\/tourtravelandmore.com\/wp-content\/uploads\/2018\/10\/Edificios-del-Parlamento-Het-Binnenhof-La-Haya-Madurodam-940x600.jpg\",\"datePublished\":\"2018-10-19T15:16:38+00:00\",\"dateModified\":\"2024-01-08T10:06:10+00:00\",\"description\":\"Excursi\u00f3n privada a Madurodam desde La Haya en veh\u00edculo privado de lujo junto a un gu\u00eda oficial privado para explorar este fabuloso parque en miniatura \u2705\",\"breadcrumb\":{\"@id\":\"https:\/\/tourtravelandmore.com\/es\/tours\/paises-bajos-es\/la-haya-es\/tour-privado-a-madurodam-desde-la-haya\/#breadcrumb\"},\"inLanguage\":\"es\",\"potentialAction\":[{\"@type\":\"ReadAction\",\"target\":[\"https:\/\/tourtravelandmore.com\/es\/tours\/paises-bajos-es\/la-haya-es\/tour-privado-a-madurodam-desde-la-haya\/\"]}]},{\"@type\":\"ImageObject\",\"inLanguage\":\"es\",\"@id\":\"https:\/\/tourtravelandmore.com\/es\/tours\/paises-bajos-es\/la-haya-es\/tour-privado-a-madurodam-desde-la-haya\/#primaryimage\",\"url\":\"https:\/\/tourtravelandmore.com\/wp-content\/uploads\/2018\/10\/Edificios-del-Parlamento-Het-Binnenhof-La-Haya-Madurodam-940x600.jpg\",\"contentUrl\":\"https:\/\/tourtravelandmore.com\/wp-content\/uploads\/2018\/10\/Edificios-del-Parlamento-Het-Binnenhof-La-Haya-Madurodam-940x600.jpg\",\"width\":940,\"height\":600},{\"@type\":\"BreadcrumbList\",\"@id\":\"https:\/\/tourtravelandmore.com\/es\/tours\/paises-bajos-es\/la-haya-es\/tour-privado-a-madurodam-desde-la-haya\/#breadcrumb\",\"itemListElement\":[{\"@type\":\"ListItem\",\"position\":1,\"name\":\"Home\",\"item\":\"https:\/\/tourtravelandmore.com\/es\/\"},{\"@type\":\"ListItem\",\"position\":2,\"name\":\"Tours\",\"item\":\"https:\/\/tourtravelandmore.com\/es\/tours\/\"},{\"@type\":\"ListItem\",\"position\":3,\"name\":\"Tour Privado a Madurodam desde La Haya\"}]},{\"@type\":\"WebSite\",\"@id\":\"https:\/\/tourtravelandmore.com\/es\/#website\",\"url\":\"https:\/\/tourtravelandmore.com\/es\/\",\"name\":\"Tour Travel And More\",\"description\":\"Private sightseeing tours and luxury transfers in Spain\",\"publisher\":{\"@id\":\"https:\/\/tourtravelandmore.com\/es\/#organization\"},\"potentialAction\":[{\"@type\":\"SearchAction\",\"target\":{\"@type\":\"EntryPoint\",\"urlTemplate\":\"https:\/\/tourtravelandmore.com\/es\/?s={search_term_string}\"},\"query-input\":{\"@type\":\"PropertyValueSpecification\",\"valueRequired\":true,\"valueName\":\"search_term_string\"}}],\"inLanguage\":\"es\"},{\"@type\":\"Organization\",\"@id\":\"https:\/\/tourtravelandmore.com\/es\/#organization\",\"name\":\"Tour Travel And More\",\"url\":\"https:\/\/tourtravelandmore.com\/es\/\",\"logo\":{\"@type\":\"ImageObject\",\"inLanguage\":\"es\",\"@id\":\"https:\/\/tourtravelandmore.com\/es\/#\/schema\/logo\/image\/\",\"url\":\"https:\/\/tourtravelandmore.com\/wp-content\/uploads\/2022\/12\/cropped-logo-cabecera-new.png\",\"contentUrl\":\"https:\/\/tourtravelandmore.com\/wp-content\/uploads\/2022\/12\/cropped-logo-cabecera-new.png\",\"width\":430,\"height\":61,\"caption\":\"Tour Travel And More\"},\"image\":{\"@id\":\"https:\/\/tourtravelandmore.com\/es\/#\/schema\/logo\/image\/\"},\"sameAs\":[\"https:\/\/www.facebook.com\/tourtravelandmore\/\",\"https:\/\/x.com\/TourTravel_More\"]}]}<\/script>\n<!-- \/ Yoast SEO Premium plugin. -->","yoast_head_json":{"title":"\u27a1\ufe0f Tour Privado a Madurodam desde La Haya con chofer y gu\u00eda privado","description":"Excursi\u00f3n privada a Madurodam desde La Haya en veh\u00edculo privado de lujo junto a un gu\u00eda oficial privado para explorar este fabuloso parque en miniatura \u2705","robots":{"index":"index","follow":"follow","max-snippet":"max-snippet:-1","max-image-preview":"max-image-preview:large","max-video-preview":"max-video-preview:-1"},"canonical":"https:\/\/tourtravelandmore.com\/es\/tours\/paises-bajos-es\/la-haya-es\/tour-privado-a-madurodam-desde-la-haya\/","og_locale":"es_ES","og_type":"article","og_title":"Tour Privado a Madurodam desde La Haya","og_description":"Excursi\u00f3n privada a Madurodam desde La Haya en veh\u00edculo privado de lujo junto a un gu\u00eda oficial privado para explorar este fabuloso parque en miniatura \u2705","og_url":"https:\/\/tourtravelandmore.com\/es\/tours\/paises-bajos-es\/la-haya-es\/tour-privado-a-madurodam-desde-la-haya\/","og_site_name":"Tour Travel And More","article_publisher":"https:\/\/www.facebook.com\/tourtravelandmore\/","article_modified_time":"2024-01-08T10:06:10+00:00","og_image":[{"width":940,"height":600,"url":"https:\/\/tourtravelandmore.com\/wp-content\/uploads\/2018\/10\/Edificios-del-Parlamento-Het-Binnenhof-La-Haya-Madurodam-940x600.jpg","type":"image\/jpeg"}],"twitter_card":"summary_large_image","twitter_site":"@TourTravel_More","twitter_misc":{"Tiempo de lectura":"2 minutos"},"schema":{"@context":"https:\/\/schema.org","@graph":[{"@type":"WebPage","@id":"https:\/\/tourtravelandmore.com\/es\/tours\/paises-bajos-es\/la-haya-es\/tour-privado-a-madurodam-desde-la-haya\/","url":"https:\/\/tourtravelandmore.com\/es\/tours\/paises-bajos-es\/la-haya-es\/tour-privado-a-madurodam-desde-la-haya\/","name":"\u27a1\ufe0f Tour Privado a Madurodam desde La Haya con chofer y gu\u00eda privado","isPartOf":{"@id":"https:\/\/tourtravelandmore.com\/es\/#website"},"primaryImageOfPage":{"@id":"https:\/\/tourtravelandmore.com\/es\/tours\/paises-bajos-es\/la-haya-es\/tour-privado-a-madurodam-desde-la-haya\/#primaryimage"},"image":{"@id":"https:\/\/tourtravelandmore.com\/es\/tours\/paises-bajos-es\/la-haya-es\/tour-privado-a-madurodam-desde-la-haya\/#primaryimage"},"thumbnailUrl":"https:\/\/tourtravelandmore.com\/wp-content\/uploads\/2018\/10\/Edificios-del-Parlamento-Het-Binnenhof-La-Haya-Madurodam-940x600.jpg","datePublished":"2018-10-19T15:16:38+00:00","dateModified":"2024-01-08T10:06:10+00:00","description":"Excursi\u00f3n privada a Madurodam desde La Haya en veh\u00edculo privado de lujo junto a un gu\u00eda oficial privado para explorar este fabuloso parque en miniatura \u2705","breadcrumb":{"@id":"https:\/\/tourtravelandmore.com\/es\/tours\/paises-bajos-es\/la-haya-es\/tour-privado-a-madurodam-desde-la-haya\/#breadcrumb"},"inLanguage":"es","potentialAction":[{"@type":"ReadAction","target":["https:\/\/tourtravelandmore.com\/es\/tours\/paises-bajos-es\/la-haya-es\/tour-privado-a-madurodam-desde-la-haya\/"]}]},{"@type":"ImageObject","inLanguage":"es","@id":"https:\/\/tourtravelandmore.com\/es\/tours\/paises-bajos-es\/la-haya-es\/tour-privado-a-madurodam-desde-la-haya\/#primaryimage","url":"https:\/\/tourtravelandmore.com\/wp-content\/uploads\/2018\/10\/Edificios-del-Parlamento-Het-Binnenhof-La-Haya-Madurodam-940x600.jpg","contentUrl":"https:\/\/tourtravelandmore.com\/wp-content\/uploads\/2018\/10\/Edificios-del-Parlamento-Het-Binnenhof-La-Haya-Madurodam-940x600.jpg","width":940,"height":600},{"@type":"BreadcrumbList","@id":"https:\/\/tourtravelandmore.com\/es\/tours\/paises-bajos-es\/la-haya-es\/tour-privado-a-madurodam-desde-la-haya\/#breadcrumb","itemListElement":[{"@type":"ListItem","position":1,"name":"Home","item":"https:\/\/tourtravelandmore.com\/es\/"},{"@type":"ListItem","position":2,"name":"Tours","item":"https:\/\/tourtravelandmore.com\/es\/tours\/"},{"@type":"ListItem","position":3,"name":"Tour Privado a Madurodam desde La Haya"}]},{"@type":"WebSite","@id":"https:\/\/tourtravelandmore.com\/es\/#website","url":"https:\/\/tourtravelandmore.com\/es\/","name":"Tour Travel And More","description":"Private sightseeing tours and luxury transfers in Spain","publisher":{"@id":"https:\/\/tourtravelandmore.com\/es\/#organization"},"potentialAction":[{"@type":"SearchAction","target":{"@type":"EntryPoint","urlTemplate":"https:\/\/tourtravelandmore.com\/es\/?s={search_term_string}"},"query-input":{"@type":"PropertyValueSpecification","valueRequired":true,"valueName":"search_term_string"}}],"inLanguage":"es"},{"@type":"Organization","@id":"https:\/\/tourtravelandmore.com\/es\/#organization","name":"Tour Travel And More","url":"https:\/\/tourtravelandmore.com\/es\/","logo":{"@type":"ImageObject","inLanguage":"es","@id":"https:\/\/tourtravelandmore.com\/es\/#\/schema\/logo\/image\/","url":"https:\/\/tourtravelandmore.com\/wp-content\/uploads\/2022\/12\/cropped-logo-cabecera-new.png","contentUrl":"https:\/\/tourtravelandmore.com\/wp-content\/uploads\/2022\/12\/cropped-logo-cabecera-new.png","width":430,"height":61,"caption":"Tour Travel And More"},"image":{"@id":"https:\/\/tourtravelandmore.com\/es\/#\/schema\/logo\/image\/"},"sameAs":["https:\/\/www.facebook.com\/tourtravelandmore\/","https:\/\/x.com\/TourTravel_More"]}]}},"_links":{"self":[{"href":"https:\/\/tourtravelandmore.com\/es\/wp-json\/wp\/v2\/product\/28289","targetHints":{"allow":["GET"]}}],"collection":[{"href":"https:\/\/tourtravelandmore.com\/es\/wp-json\/wp\/v2\/product"}],"about":[{"href":"https:\/\/tourtravelandmore.com\/es\/wp-json\/wp\/v2\/types\/product"}],"replies":[{"embeddable":true,"href":"https:\/\/tourtravelandmore.com\/es\/wp-json\/wp\/v2\/comments?post=28289"}],"wp:featuredmedia":[{"embeddable":true,"href":"https:\/\/tourtravelandmore.com\/es\/wp-json\/wp\/v2\/media\/28305"}],"wp:attachment":[{"href":"https:\/\/tourtravelandmore.com\/es\/wp-json\/wp\/v2\/media?parent=28289"}],"wp:term":[{"taxonomy":"product_brand","embeddable":true,"href":"https:\/\/tourtravelandmore.com\/es\/wp-json\/wp\/v2\/product_brand?post=28289"},{"taxonomy":"product_cat","embeddable":true,"href":"https:\/\/tourtravelandmore.com\/es\/wp-json\/wp\/v2\/product_cat?post=28289"},{"taxonomy":"product_tag","embeddable":true,"href":"https:\/\/tourtravelandmore.com\/es\/wp-json\/wp\/v2\/product_tag?post=28289"}],"curies":[{"name":"wp","href":"https:\/\/api.w.org\/{rel}","templated":true}]}}