{"id":28205,"date":"2018-10-19T16:14:46","date_gmt":"2018-10-19T14:14:47","guid":{"rendered":"http:\/\/tourtravelandmore.com\/es\/tours\/rotterdam-es\/tour-privado-a-delft-desde-rotterdam\/"},"modified":"2023-12-29T11:16:32","modified_gmt":"2023-12-29T10:16:32","slug":"tour-privado-a-delft-desde-rotterdam","status":"publish","type":"product","link":"https:\/\/tourtravelandmore.com\/es\/tours\/paises-bajos-es\/rotterdam-es\/tour-privado-a-delft-desde-rotterdam\/","title":{"rendered":"Tour Privado a Delft desde Rotterdam"},"content":{"rendered":"<h2>Descripci\u00f3n del Tour Privado a Delft desde Rotterdam<\/h2>\n<p>Disfrute de este <strong>tour privado<\/strong> con vuestro gu\u00eda privado y conoce la hermosa ciudad <strong>Delft<\/strong>\u00a0c\u00f3modamente dentro de vuestro veh\u00edculo privado con chofer.<br \/>\nPueden escoger la hora de salida del tour y vuestro lugar de recogida dentro de Rotterdam.<br \/>\nEste tour es completamente personalizable y pod\u00e9is organizarlo como quer\u00e1is y lo que busc\u00e1is. Puede personalizar vuestro tour solamente contactando con nosotros. Aqu\u00ed os dejamos un ejemplo de itinerario, el tour ser\u00e1 personalizado para que veais y conozc\u00e1is exactamente lo que quer\u00e9is <strong>ver en Delft.<\/strong><\/p>\n<h2>Principales puntos de inter\u00e9s durante este tour privado<\/h2>\n<p>Su chofer privado os recoger\u00e1 en el lobby de su hotel en Rotterdam, en el horario seleccionado por vosotros (el horario de comienzo del tour es completamente ajustable a su comodidad), para dar comienzo a su excursi\u00f3n hacia Delft.<\/p>\n<p>Durante vuestro tour privado hacia <strong>Delft desde Rotterdam<\/strong> podr\u00e1 descubrir esta magn\u00edfica ciudad y sus monumentos m\u00e1s emblem\u00e1ticos. Una vez en Delft se encontrar\u00e1n con su gu\u00eda oficial privado, quien os ense\u00f1ar\u00e1 los sitios m\u00e1s representativos de la ciudad en un tour privado de 3 horas.<\/p>\n<p>Entre otros monumentos, conocer\u00e1n:<\/p>\n<ul>\n<li><strong>Nieuwe Kerk<\/strong><\/li>\n<li><strong>Oude Kerk<\/strong><\/li>\n<li><strong>Centro Vermeer<\/strong><\/li>\n<li><strong>Negocios de productos regionales de porcelana<\/strong><\/li>\n<li><strong>Iglesia Maria Van Jesse<\/strong><\/li>\n<li><strong>Jard\u00edn bot\u00e1nico<\/strong><\/li>\n<li><strong>Arboretum Heempark<\/strong><\/li>\n<li><strong>Capilla de San Hip\u00f3lito<\/strong><\/li>\n<li><strong>Agnetapark<\/strong><\/li>\n<li><strong>Mucho m\u00e1s!<\/strong><\/li>\n<\/ul>\n<p>Podr\u00e9is disfrutar de Delft en todo su esplendor junto a su gu\u00eda oficial privado. Conocer\u00e1n lo m\u00e1s emblem\u00e1tico de la ciudad.<br \/>\nAl terminar el tour, vuestro veh\u00edculo privado os devolver\u00e1 a vuestro hotel o sitio de selecci\u00f3n personal en Rotterdam para que pod\u00e1is ir a descansar y recuperar fuerzas!<\/p>\n<h4>La Ciudad: Delft<\/h4>\n<p>Delft est\u00e1 ubicada en el sur de Holanda, entre Rotterdam y La Haya. Tiene una poblaci\u00f3n de aproximadamente 100,000 personas. La plaza central de la ciudad es una de las m\u00e1s grandes de Europa. Su centro hist\u00f3rico alberga 3 maravillosas iglesias y la ciudad, al igual que Amsterdam, posee varios canales.<\/p>\n<h4>Nuestros Tours Privados en Tour Travel &amp; More<\/h4>\n<p>Ofrecemos a nuestros clientes tours privados para familias, amigos e incluso para incentivos o grupos grandes. Entendemos las necesidades de los viajeros mientras est\u00e1n de vacaciones, y hacemos todo lo posible para que su estancia sea inolvidable. Nuestra flota se compone de veh\u00edculos de lujo y nuestro personal es perfectamente multiling\u00fce. Nuestros gu\u00edas son gu\u00edas oficiales y locales y son grandes conocedores de la ciudad. Nuestros gu\u00edas hablan varios idiomas: Ingl\u00e9s, Espa\u00f1ol, <strong>Franc\u00e9s, Italiano, Polaco, Holand\u00e9s, Chino, Ruso, Japon\u00e9s, Alem\u00e1n, Griego y Portugu\u00e9s.<\/strong><\/p>\n","protected":false},"excerpt":{"rendered":"<p>Disfrute de este <strong>tour privado de medio d\u00eda completamente personalizado de Delft desde Rotterdam<\/strong>. Conozca sus monumentos y lugares de inter\u00e9s m\u00e1s importantes. Aproveche esta oportunidad para conocer <strong>Delft<\/strong> en esta experiencia con su propio gu\u00eda tur\u00edstico oficial privado una vez que llegue a Delft y un veh\u00edculo privado de lujo con chofer.<\/p>\n","protected":false},"featured_media":27914,"comment_status":"open","ping_status":"closed","template":"","meta":{"_acf_changed":false},"product_brand":[],"product_cat":[985,986,987],"product_tag":[],"class_list":{"0":"post-28205","1":"product","2":"type-product","3":"status-publish","4":"has-post-thumbnail","6":"product_cat-rotterdam-es","7":"product_cat-rotterdam-actividades-es","8":"product_cat-rotterdam-rutas-turisticas-privadas-es-es","10":"first","11":"instock","12":"shipping-taxable","13":"purchasable","14":"product-type-simple"},"acf":[],"yoast_head":"<!-- This site is optimized with the Yoast SEO Premium plugin v25.3.1 (Yoast SEO v25.3.1) - https:\/\/yoast.com\/wordpress\/plugins\/seo\/ -->\n<title>\u27a1\ufe0f Tour Privado a Delft desde Rotterdam con chofer y gu\u00eda privado | Tour Travel &amp; More<\/title>\n<meta name=\"description\" content=\"Excursi\u00f3n privada a Delft desde Rotterdam en veh\u00edculo privado de lujo. Gu\u00eda oficial privado durante 3 horas en Delft para explorar la ciudad \u2705\" \/>\n<meta name=\"robots\" content=\"index, follow, max-snippet:-1, max-image-preview:large, max-video-preview:-1\" \/>\n<link rel=\"canonical\" href=\"https:\/\/tourtravelandmore.com\/es\/tours\/paises-bajos-es\/rotterdam-es\/tour-privado-a-delft-desde-rotterdam\/\" \/>\n<meta property=\"og:locale\" content=\"es_ES\" \/>\n<meta property=\"og:type\" content=\"article\" \/>\n<meta property=\"og:title\" content=\"Tour Privado a Delft desde Rotterdam\" \/>\n<meta property=\"og:description\" content=\"Excursi\u00f3n privada a Delft desde Rotterdam en veh\u00edculo privado de lujo. Gu\u00eda oficial privado durante 3 horas en Delft para explorar la ciudad \u2705\" \/>\n<meta property=\"og:url\" content=\"https:\/\/tourtravelandmore.com\/es\/tours\/paises-bajos-es\/rotterdam-es\/tour-privado-a-delft-desde-rotterdam\/\" \/>\n<meta property=\"og:site_name\" content=\"Tour Travel And More\" \/>\n<meta property=\"article:publisher\" content=\"https:\/\/www.facebook.com\/tourtravelandmore\/\" \/>\n<meta property=\"article:modified_time\" content=\"2023-12-29T10:16:32+00:00\" \/>\n<meta property=\"og:image\" content=\"https:\/\/tourtravelandmore.com\/wp-content\/uploads\/2018\/10\/Delft_Central_Market_Square-scaled.jpg\" \/>\n\t<meta property=\"og:image:width\" content=\"5832\" \/>\n\t<meta property=\"og:image:height\" content=\"2381\" \/>\n\t<meta property=\"og:image:type\" content=\"image\/jpeg\" \/>\n<meta name=\"twitter:card\" content=\"summary_large_image\" \/>\n<meta name=\"twitter:site\" content=\"@TourTravel_More\" \/>\n<meta name=\"twitter:label1\" content=\"Tiempo de lectura\" \/>\n\t<meta name=\"twitter:data1\" content=\"2 minutos\" \/>\n<script type=\"application\/ld+json\" class=\"yoast-schema-graph\">{\"@context\":\"https:\/\/schema.org\",\"@graph\":[{\"@type\":\"WebPage\",\"@id\":\"https:\/\/tourtravelandmore.com\/es\/tours\/paises-bajos-es\/rotterdam-es\/tour-privado-a-delft-desde-rotterdam\/\",\"url\":\"https:\/\/tourtravelandmore.com\/es\/tours\/paises-bajos-es\/rotterdam-es\/tour-privado-a-delft-desde-rotterdam\/\",\"name\":\"\u27a1\ufe0f Tour Privado a Delft desde Rotterdam con chofer y gu\u00eda privado | Tour Travel & More\",\"isPartOf\":{\"@id\":\"https:\/\/tourtravelandmore.com\/es\/#website\"},\"primaryImageOfPage\":{\"@id\":\"https:\/\/tourtravelandmore.com\/es\/tours\/paises-bajos-es\/rotterdam-es\/tour-privado-a-delft-desde-rotterdam\/#primaryimage\"},\"image\":{\"@id\":\"https:\/\/tourtravelandmore.com\/es\/tours\/paises-bajos-es\/rotterdam-es\/tour-privado-a-delft-desde-rotterdam\/#primaryimage\"},\"thumbnailUrl\":\"https:\/\/tourtravelandmore.com\/wp-content\/uploads\/2018\/10\/Delft_Central_Market_Square-scaled.jpg\",\"datePublished\":\"2018-10-19T14:14:47+00:00\",\"dateModified\":\"2023-12-29T10:16:32+00:00\",\"description\":\"Excursi\u00f3n privada a Delft desde Rotterdam en veh\u00edculo privado de lujo. Gu\u00eda oficial privado durante 3 horas en Delft para explorar la ciudad \u2705\",\"breadcrumb\":{\"@id\":\"https:\/\/tourtravelandmore.com\/es\/tours\/paises-bajos-es\/rotterdam-es\/tour-privado-a-delft-desde-rotterdam\/#breadcrumb\"},\"inLanguage\":\"es\",\"potentialAction\":[{\"@type\":\"ReadAction\",\"target\":[\"https:\/\/tourtravelandmore.com\/es\/tours\/paises-bajos-es\/rotterdam-es\/tour-privado-a-delft-desde-rotterdam\/\"]}]},{\"@type\":\"ImageObject\",\"inLanguage\":\"es\",\"@id\":\"https:\/\/tourtravelandmore.com\/es\/tours\/paises-bajos-es\/rotterdam-es\/tour-privado-a-delft-desde-rotterdam\/#primaryimage\",\"url\":\"https:\/\/tourtravelandmore.com\/wp-content\/uploads\/2018\/10\/Delft_Central_Market_Square-scaled.jpg\",\"contentUrl\":\"https:\/\/tourtravelandmore.com\/wp-content\/uploads\/2018\/10\/Delft_Central_Market_Square-scaled.jpg\",\"width\":5832,\"height\":2381},{\"@type\":\"BreadcrumbList\",\"@id\":\"https:\/\/tourtravelandmore.com\/es\/tours\/paises-bajos-es\/rotterdam-es\/tour-privado-a-delft-desde-rotterdam\/#breadcrumb\",\"itemListElement\":[{\"@type\":\"ListItem\",\"position\":1,\"name\":\"Home\",\"item\":\"https:\/\/tourtravelandmore.com\/es\/\"},{\"@type\":\"ListItem\",\"position\":2,\"name\":\"Tours\",\"item\":\"https:\/\/tourtravelandmore.com\/es\/tours\/\"},{\"@type\":\"ListItem\",\"position\":3,\"name\":\"Tour Privado a Delft desde Rotterdam\"}]},{\"@type\":\"WebSite\",\"@id\":\"https:\/\/tourtravelandmore.com\/es\/#website\",\"url\":\"https:\/\/tourtravelandmore.com\/es\/\",\"name\":\"Tour Travel And More\",\"description\":\"Private sightseeing tours and luxury transfers in Spain\",\"publisher\":{\"@id\":\"https:\/\/tourtravelandmore.com\/es\/#organization\"},\"potentialAction\":[{\"@type\":\"SearchAction\",\"target\":{\"@type\":\"EntryPoint\",\"urlTemplate\":\"https:\/\/tourtravelandmore.com\/es\/?s={search_term_string}\"},\"query-input\":{\"@type\":\"PropertyValueSpecification\",\"valueRequired\":true,\"valueName\":\"search_term_string\"}}],\"inLanguage\":\"es\"},{\"@type\":\"Organization\",\"@id\":\"https:\/\/tourtravelandmore.com\/es\/#organization\",\"name\":\"Tour Travel And More\",\"url\":\"https:\/\/tourtravelandmore.com\/es\/\",\"logo\":{\"@type\":\"ImageObject\",\"inLanguage\":\"es\",\"@id\":\"https:\/\/tourtravelandmore.com\/es\/#\/schema\/logo\/image\/\",\"url\":\"https:\/\/tourtravelandmore.com\/wp-content\/uploads\/2022\/12\/cropped-logo-cabecera-new.png\",\"contentUrl\":\"https:\/\/tourtravelandmore.com\/wp-content\/uploads\/2022\/12\/cropped-logo-cabecera-new.png\",\"width\":430,\"height\":61,\"caption\":\"Tour Travel And More\"},\"image\":{\"@id\":\"https:\/\/tourtravelandmore.com\/es\/#\/schema\/logo\/image\/\"},\"sameAs\":[\"https:\/\/www.facebook.com\/tourtravelandmore\/\",\"https:\/\/x.com\/TourTravel_More\"]}]}<\/script>\n<!-- \/ Yoast SEO Premium plugin. -->","yoast_head_json":{"title":"\u27a1\ufe0f Tour Privado a Delft desde Rotterdam con chofer y gu\u00eda privado | Tour Travel & More","description":"Excursi\u00f3n privada a Delft desde Rotterdam en veh\u00edculo privado de lujo. Gu\u00eda oficial privado durante 3 horas en Delft para explorar la ciudad \u2705","robots":{"index":"index","follow":"follow","max-snippet":"max-snippet:-1","max-image-preview":"max-image-preview:large","max-video-preview":"max-video-preview:-1"},"canonical":"https:\/\/tourtravelandmore.com\/es\/tours\/paises-bajos-es\/rotterdam-es\/tour-privado-a-delft-desde-rotterdam\/","og_locale":"es_ES","og_type":"article","og_title":"Tour Privado a Delft desde Rotterdam","og_description":"Excursi\u00f3n privada a Delft desde Rotterdam en veh\u00edculo privado de lujo. Gu\u00eda oficial privado durante 3 horas en Delft para explorar la ciudad \u2705","og_url":"https:\/\/tourtravelandmore.com\/es\/tours\/paises-bajos-es\/rotterdam-es\/tour-privado-a-delft-desde-rotterdam\/","og_site_name":"Tour Travel And More","article_publisher":"https:\/\/www.facebook.com\/tourtravelandmore\/","article_modified_time":"2023-12-29T10:16:32+00:00","og_image":[{"width":5832,"height":2381,"url":"https:\/\/tourtravelandmore.com\/wp-content\/uploads\/2018\/10\/Delft_Central_Market_Square-scaled.jpg","type":"image\/jpeg"}],"twitter_card":"summary_large_image","twitter_site":"@TourTravel_More","twitter_misc":{"Tiempo de lectura":"2 minutos"},"schema":{"@context":"https:\/\/schema.org","@graph":[{"@type":"WebPage","@id":"https:\/\/tourtravelandmore.com\/es\/tours\/paises-bajos-es\/rotterdam-es\/tour-privado-a-delft-desde-rotterdam\/","url":"https:\/\/tourtravelandmore.com\/es\/tours\/paises-bajos-es\/rotterdam-es\/tour-privado-a-delft-desde-rotterdam\/","name":"\u27a1\ufe0f Tour Privado a Delft desde Rotterdam con chofer y gu\u00eda privado | Tour Travel & More","isPartOf":{"@id":"https:\/\/tourtravelandmore.com\/es\/#website"},"primaryImageOfPage":{"@id":"https:\/\/tourtravelandmore.com\/es\/tours\/paises-bajos-es\/rotterdam-es\/tour-privado-a-delft-desde-rotterdam\/#primaryimage"},"image":{"@id":"https:\/\/tourtravelandmore.com\/es\/tours\/paises-bajos-es\/rotterdam-es\/tour-privado-a-delft-desde-rotterdam\/#primaryimage"},"thumbnailUrl":"https:\/\/tourtravelandmore.com\/wp-content\/uploads\/2018\/10\/Delft_Central_Market_Square-scaled.jpg","datePublished":"2018-10-19T14:14:47+00:00","dateModified":"2023-12-29T10:16:32+00:00","description":"Excursi\u00f3n privada a Delft desde Rotterdam en veh\u00edculo privado de lujo. Gu\u00eda oficial privado durante 3 horas en Delft para explorar la ciudad \u2705","breadcrumb":{"@id":"https:\/\/tourtravelandmore.com\/es\/tours\/paises-bajos-es\/rotterdam-es\/tour-privado-a-delft-desde-rotterdam\/#breadcrumb"},"inLanguage":"es","potentialAction":[{"@type":"ReadAction","target":["https:\/\/tourtravelandmore.com\/es\/tours\/paises-bajos-es\/rotterdam-es\/tour-privado-a-delft-desde-rotterdam\/"]}]},{"@type":"ImageObject","inLanguage":"es","@id":"https:\/\/tourtravelandmore.com\/es\/tours\/paises-bajos-es\/rotterdam-es\/tour-privado-a-delft-desde-rotterdam\/#primaryimage","url":"https:\/\/tourtravelandmore.com\/wp-content\/uploads\/2018\/10\/Delft_Central_Market_Square-scaled.jpg","contentUrl":"https:\/\/tourtravelandmore.com\/wp-content\/uploads\/2018\/10\/Delft_Central_Market_Square-scaled.jpg","width":5832,"height":2381},{"@type":"BreadcrumbList","@id":"https:\/\/tourtravelandmore.com\/es\/tours\/paises-bajos-es\/rotterdam-es\/tour-privado-a-delft-desde-rotterdam\/#breadcrumb","itemListElement":[{"@type":"ListItem","position":1,"name":"Home","item":"https:\/\/tourtravelandmore.com\/es\/"},{"@type":"ListItem","position":2,"name":"Tours","item":"https:\/\/tourtravelandmore.com\/es\/tours\/"},{"@type":"ListItem","position":3,"name":"Tour Privado a Delft desde Rotterdam"}]},{"@type":"WebSite","@id":"https:\/\/tourtravelandmore.com\/es\/#website","url":"https:\/\/tourtravelandmore.com\/es\/","name":"Tour Travel And More","description":"Private sightseeing tours and luxury transfers in Spain","publisher":{"@id":"https:\/\/tourtravelandmore.com\/es\/#organization"},"potentialAction":[{"@type":"SearchAction","target":{"@type":"EntryPoint","urlTemplate":"https:\/\/tourtravelandmore.com\/es\/?s={search_term_string}"},"query-input":{"@type":"PropertyValueSpecification","valueRequired":true,"valueName":"search_term_string"}}],"inLanguage":"es"},{"@type":"Organization","@id":"https:\/\/tourtravelandmore.com\/es\/#organization","name":"Tour Travel And More","url":"https:\/\/tourtravelandmore.com\/es\/","logo":{"@type":"ImageObject","inLanguage":"es","@id":"https:\/\/tourtravelandmore.com\/es\/#\/schema\/logo\/image\/","url":"https:\/\/tourtravelandmore.com\/wp-content\/uploads\/2022\/12\/cropped-logo-cabecera-new.png","contentUrl":"https:\/\/tourtravelandmore.com\/wp-content\/uploads\/2022\/12\/cropped-logo-cabecera-new.png","width":430,"height":61,"caption":"Tour Travel And More"},"image":{"@id":"https:\/\/tourtravelandmore.com\/es\/#\/schema\/logo\/image\/"},"sameAs":["https:\/\/www.facebook.com\/tourtravelandmore\/","https:\/\/x.com\/TourTravel_More"]}]}},"_links":{"self":[{"href":"https:\/\/tourtravelandmore.com\/es\/wp-json\/wp\/v2\/product\/28205","targetHints":{"allow":["GET"]}}],"collection":[{"href":"https:\/\/tourtravelandmore.com\/es\/wp-json\/wp\/v2\/product"}],"about":[{"href":"https:\/\/tourtravelandmore.com\/es\/wp-json\/wp\/v2\/types\/product"}],"replies":[{"embeddable":true,"href":"https:\/\/tourtravelandmore.com\/es\/wp-json\/wp\/v2\/comments?post=28205"}],"wp:featuredmedia":[{"embeddable":true,"href":"https:\/\/tourtravelandmore.com\/es\/wp-json\/wp\/v2\/media\/27914"}],"wp:attachment":[{"href":"https:\/\/tourtravelandmore.com\/es\/wp-json\/wp\/v2\/media?parent=28205"}],"wp:term":[{"taxonomy":"product_brand","embeddable":true,"href":"https:\/\/tourtravelandmore.com\/es\/wp-json\/wp\/v2\/product_brand?post=28205"},{"taxonomy":"product_cat","embeddable":true,"href":"https:\/\/tourtravelandmore.com\/es\/wp-json\/wp\/v2\/product_cat?post=28205"},{"taxonomy":"product_tag","embeddable":true,"href":"https:\/\/tourtravelandmore.com\/es\/wp-json\/wp\/v2\/product_tag?post=28205"}],"curies":[{"name":"wp","href":"https:\/\/api.w.org\/{rel}","templated":true}]}}