{"id":28165,"date":"2018-10-19T15:36:33","date_gmt":"2018-10-19T13:36:36","guid":{"rendered":"http:\/\/tourtravelandmore.com\/es\/tours\/rotterdam-es\/tour-privado-a-pie-de-rotterdam\/"},"modified":"2023-12-29T11:08:05","modified_gmt":"2023-12-29T10:08:05","slug":"tour-privado-a-pie-de-rotterdam","status":"publish","type":"product","link":"https:\/\/tourtravelandmore.com\/es\/tours\/paises-bajos-es\/rotterdam-es\/tour-privado-a-pie-de-rotterdam\/","title":{"rendered":"Tour privado a pie de Rotterdam"},"content":{"rendered":"<h2>Descripci\u00f3n del Tour privado a pie de Rotterdam<\/h2>\n<p>Disfrute de este <strong>tour privado<\/strong> con vuestro gu\u00eda oficial privado y conoce <b>Rotterdam\u00a0<\/b>y sus sitios m\u00e1s emblem\u00e1ticos.<br \/>\nEl tour comenzar\u00e1 en un punto c\u00e9ntrico de la ciudad, si su hotel se encuentra en el centro podemos organizar recogida en su hotel.<br \/>\nEste tour es completamente personalizable y pod\u00e9is organizarlo como quer\u00e1is y de acuerdo a lo que busc\u00e1is. Puede personalizar vuestro tour solamente contactando con nosotros. Aqu\u00ed os dejamos un ejemplo de itinerario, el tour ser\u00e1 personalizado para que veais y conozc\u00e1is exactamente lo que quer\u00e9is <strong>ver en Rotterdam.<\/strong><\/p>\n<h2>Principales puntos de inter\u00e9s durante este tour privado<\/h2>\n<p>Su <strong>gu\u00eda oficial privado<\/strong> os recoger\u00e1 en su hotel o sitio de selecci\u00f3n personal en el centro de\u00a0<strong>Rotterdam<\/strong>.<\/p>\n<p>Descubra los secretos y sitios m\u00e1s emblem\u00e1ticos de esta magn\u00edfica ciudad junto a su gu\u00eda oficial privado.<\/p>\n<p>Su gu\u00eda privado estar\u00e1 a su entera disposici\u00f3n durante la total duraci\u00f3n del tour. Entre otros monumentos visitar\u00e1n:<\/p>\n<ul>\n<li><strong>Casas cubo de Rotterdam<\/strong><\/li>\n<li><strong>Euromast<\/strong><\/li>\n<li><strong>Puente Erasmus<\/strong><\/li>\n<li><strong>Museo mar\u00edtimo<\/strong><\/li>\n<li><strong>Mercado central<\/strong><\/li>\n<li><strong>Grote de Sint Laurenskerk<\/strong><\/li>\n<li><strong>Het park<\/strong><\/li>\n<\/ul>\n<p>Al terminar el tour, su gu\u00eda oficial os acompa\u00f1ar\u00e1 hacia un punto c\u00e9ntrico en Rotterdam, o su hotel en el centro de Leiden.<\/p>\n<h4>La Ciudad: Rotterdam<\/h4>\n<p>Rotterdam est\u00e1 ubicada en el sur de Holanda. La ciudad fue fundada en 1270. Rotterdam tiene uno de los puertos m\u00e1s emblem\u00e1ticos de Europa y un poblaci\u00f3n de 633,000 personas. Es la segunda ciudad m\u00e1s grande del pa\u00eds despu\u00e9s de Amsterdam. Rotterdam es reconocida mundialmente por su universidad Erasmus.<\/p>\n<h4>Nuestros Tours Privados en Tour Travel &amp; More<\/h4>\n<p>Ofrecemos a nuestros clientes tours privados para familias, amigos e incluso para incentivos o grupos grandes. Entendemos las necesidades de los viajeros mientras est\u00e1n de vacaciones, y hacemos todo lo posible para que su estancia sea inolvidable. Nuestra flota se compone de veh\u00edculos de lujo y nuestro personal es perfectamente multiling\u00fce. Nuestros gu\u00edas son gu\u00edas oficiales y locales y son grandes conocedores de la ciudad. Nuestros gu\u00edas hablan varios idiomas: <strong>Ingl\u00e9s, Espa\u00f1ol, Franc\u00e9s, Italiano, Polaco, Holand\u00e9s, Chino, Ruso, Japon\u00e9s, Alem\u00e1n, Griego y Portugu\u00e9s.<\/strong><\/p>\n","protected":false},"excerpt":{"rendered":"<p>Disfrute de este <strong>tour a pie privado completamente personalizado por Rotterdam<\/strong>. Descubra esta hermosa ciudad, conocida como ciudad para estudiantes universitarios y centro financiero del pa\u00eds, con su gu\u00eda tur\u00edstico oficial privado. Conozca los monumentos y lugares m\u00e1s impresionantes de <strong>Rotterdam<\/strong>.<\/p>\n","protected":false},"featured_media":28173,"comment_status":"open","ping_status":"closed","template":"","meta":{"_acf_changed":false},"product_brand":[],"product_cat":[985,986,988],"product_tag":[],"class_list":{"0":"post-28165","1":"product","2":"type-product","3":"status-publish","4":"has-post-thumbnail","6":"product_cat-rotterdam-es","7":"product_cat-rotterdam-actividades-es","8":"product_cat-rotterdam-tours-privados-pie-es","10":"first","11":"instock","12":"shipping-taxable","13":"purchasable","14":"product-type-simple"},"acf":[],"yoast_head":"<!-- This site is optimized with the Yoast SEO Premium plugin v25.3.1 (Yoast SEO v25.3.1) - https:\/\/yoast.com\/wordpress\/plugins\/seo\/ -->\n<title>\u27a1\ufe0f Tour privado a pie de Rotterdam con gu\u00eda oficial privado | Tour Travel &amp; More<\/title>\n<meta name=\"description\" content=\"Descubra la magn\u00edfica ciudad de Rotterdam junto a su gu\u00eda oficial privado. Conozca la historia, secretos y sitios m\u00e1s emblem\u00e1ticos junto a su gu\u00eda privado \u2705\" \/>\n<meta name=\"robots\" content=\"index, follow, max-snippet:-1, max-image-preview:large, max-video-preview:-1\" \/>\n<link rel=\"canonical\" href=\"https:\/\/tourtravelandmore.com\/es\/tours\/paises-bajos-es\/rotterdam-es\/tour-privado-a-pie-de-rotterdam\/\" \/>\n<meta property=\"og:locale\" content=\"es_ES\" \/>\n<meta property=\"og:type\" content=\"article\" \/>\n<meta property=\"og:title\" content=\"Tour privado a pie de Rotterdam\" \/>\n<meta property=\"og:description\" content=\"Descubra la magn\u00edfica ciudad de Rotterdam junto a su gu\u00eda oficial privado. Conozca la historia, secretos y sitios m\u00e1s emblem\u00e1ticos junto a su gu\u00eda privado \u2705\" \/>\n<meta property=\"og:url\" content=\"https:\/\/tourtravelandmore.com\/es\/tours\/paises-bajos-es\/rotterdam-es\/tour-privado-a-pie-de-rotterdam\/\" \/>\n<meta property=\"og:site_name\" content=\"Tour Travel And More\" \/>\n<meta property=\"article:publisher\" content=\"https:\/\/www.facebook.com\/tourtravelandmore\/\" \/>\n<meta property=\"article:modified_time\" content=\"2023-12-29T10:08:05+00:00\" \/>\n<meta property=\"og:image\" content=\"https:\/\/tourtravelandmore.com\/wp-content\/uploads\/2018\/10\/Erasmus-Bridge.jpg\" \/>\n\t<meta property=\"og:image:width\" content=\"800\" \/>\n\t<meta property=\"og:image:height\" content=\"500\" \/>\n\t<meta property=\"og:image:type\" content=\"image\/jpeg\" \/>\n<meta name=\"twitter:card\" content=\"summary_large_image\" \/>\n<meta name=\"twitter:site\" content=\"@TourTravel_More\" \/>\n<meta name=\"twitter:label1\" content=\"Tiempo de lectura\" \/>\n\t<meta name=\"twitter:data1\" content=\"2 minutos\" \/>\n<script type=\"application\/ld+json\" class=\"yoast-schema-graph\">{\"@context\":\"https:\/\/schema.org\",\"@graph\":[{\"@type\":\"WebPage\",\"@id\":\"https:\/\/tourtravelandmore.com\/es\/tours\/paises-bajos-es\/rotterdam-es\/tour-privado-a-pie-de-rotterdam\/\",\"url\":\"https:\/\/tourtravelandmore.com\/es\/tours\/paises-bajos-es\/rotterdam-es\/tour-privado-a-pie-de-rotterdam\/\",\"name\":\"\u27a1\ufe0f Tour privado a pie de Rotterdam con gu\u00eda oficial privado | Tour Travel & More\",\"isPartOf\":{\"@id\":\"https:\/\/tourtravelandmore.com\/es\/#website\"},\"primaryImageOfPage\":{\"@id\":\"https:\/\/tourtravelandmore.com\/es\/tours\/paises-bajos-es\/rotterdam-es\/tour-privado-a-pie-de-rotterdam\/#primaryimage\"},\"image\":{\"@id\":\"https:\/\/tourtravelandmore.com\/es\/tours\/paises-bajos-es\/rotterdam-es\/tour-privado-a-pie-de-rotterdam\/#primaryimage\"},\"thumbnailUrl\":\"https:\/\/tourtravelandmore.com\/wp-content\/uploads\/2018\/10\/Erasmus-Bridge.jpg\",\"datePublished\":\"2018-10-19T13:36:36+00:00\",\"dateModified\":\"2023-12-29T10:08:05+00:00\",\"description\":\"Descubra la magn\u00edfica ciudad de Rotterdam junto a su gu\u00eda oficial privado. Conozca la historia, secretos y sitios m\u00e1s emblem\u00e1ticos junto a su gu\u00eda privado \u2705\",\"breadcrumb\":{\"@id\":\"https:\/\/tourtravelandmore.com\/es\/tours\/paises-bajos-es\/rotterdam-es\/tour-privado-a-pie-de-rotterdam\/#breadcrumb\"},\"inLanguage\":\"es\",\"potentialAction\":[{\"@type\":\"ReadAction\",\"target\":[\"https:\/\/tourtravelandmore.com\/es\/tours\/paises-bajos-es\/rotterdam-es\/tour-privado-a-pie-de-rotterdam\/\"]}]},{\"@type\":\"ImageObject\",\"inLanguage\":\"es\",\"@id\":\"https:\/\/tourtravelandmore.com\/es\/tours\/paises-bajos-es\/rotterdam-es\/tour-privado-a-pie-de-rotterdam\/#primaryimage\",\"url\":\"https:\/\/tourtravelandmore.com\/wp-content\/uploads\/2018\/10\/Erasmus-Bridge.jpg\",\"contentUrl\":\"https:\/\/tourtravelandmore.com\/wp-content\/uploads\/2018\/10\/Erasmus-Bridge.jpg\",\"width\":800,\"height\":500},{\"@type\":\"BreadcrumbList\",\"@id\":\"https:\/\/tourtravelandmore.com\/es\/tours\/paises-bajos-es\/rotterdam-es\/tour-privado-a-pie-de-rotterdam\/#breadcrumb\",\"itemListElement\":[{\"@type\":\"ListItem\",\"position\":1,\"name\":\"Home\",\"item\":\"https:\/\/tourtravelandmore.com\/es\/\"},{\"@type\":\"ListItem\",\"position\":2,\"name\":\"Tours\",\"item\":\"https:\/\/tourtravelandmore.com\/es\/tours\/\"},{\"@type\":\"ListItem\",\"position\":3,\"name\":\"Tour privado a pie de Rotterdam\"}]},{\"@type\":\"WebSite\",\"@id\":\"https:\/\/tourtravelandmore.com\/es\/#website\",\"url\":\"https:\/\/tourtravelandmore.com\/es\/\",\"name\":\"Tour Travel And More\",\"description\":\"Private sightseeing tours and luxury transfers in Spain\",\"publisher\":{\"@id\":\"https:\/\/tourtravelandmore.com\/es\/#organization\"},\"potentialAction\":[{\"@type\":\"SearchAction\",\"target\":{\"@type\":\"EntryPoint\",\"urlTemplate\":\"https:\/\/tourtravelandmore.com\/es\/?s={search_term_string}\"},\"query-input\":{\"@type\":\"PropertyValueSpecification\",\"valueRequired\":true,\"valueName\":\"search_term_string\"}}],\"inLanguage\":\"es\"},{\"@type\":\"Organization\",\"@id\":\"https:\/\/tourtravelandmore.com\/es\/#organization\",\"name\":\"Tour Travel And More\",\"url\":\"https:\/\/tourtravelandmore.com\/es\/\",\"logo\":{\"@type\":\"ImageObject\",\"inLanguage\":\"es\",\"@id\":\"https:\/\/tourtravelandmore.com\/es\/#\/schema\/logo\/image\/\",\"url\":\"https:\/\/tourtravelandmore.com\/wp-content\/uploads\/2022\/12\/cropped-logo-cabecera-new.png\",\"contentUrl\":\"https:\/\/tourtravelandmore.com\/wp-content\/uploads\/2022\/12\/cropped-logo-cabecera-new.png\",\"width\":430,\"height\":61,\"caption\":\"Tour Travel And More\"},\"image\":{\"@id\":\"https:\/\/tourtravelandmore.com\/es\/#\/schema\/logo\/image\/\"},\"sameAs\":[\"https:\/\/www.facebook.com\/tourtravelandmore\/\",\"https:\/\/x.com\/TourTravel_More\"]}]}<\/script>\n<!-- \/ Yoast SEO Premium plugin. -->","yoast_head_json":{"title":"\u27a1\ufe0f Tour privado a pie de Rotterdam con gu\u00eda oficial privado | Tour Travel & More","description":"Descubra la magn\u00edfica ciudad de Rotterdam junto a su gu\u00eda oficial privado. Conozca la historia, secretos y sitios m\u00e1s emblem\u00e1ticos junto a su gu\u00eda privado \u2705","robots":{"index":"index","follow":"follow","max-snippet":"max-snippet:-1","max-image-preview":"max-image-preview:large","max-video-preview":"max-video-preview:-1"},"canonical":"https:\/\/tourtravelandmore.com\/es\/tours\/paises-bajos-es\/rotterdam-es\/tour-privado-a-pie-de-rotterdam\/","og_locale":"es_ES","og_type":"article","og_title":"Tour privado a pie de Rotterdam","og_description":"Descubra la magn\u00edfica ciudad de Rotterdam junto a su gu\u00eda oficial privado. Conozca la historia, secretos y sitios m\u00e1s emblem\u00e1ticos junto a su gu\u00eda privado \u2705","og_url":"https:\/\/tourtravelandmore.com\/es\/tours\/paises-bajos-es\/rotterdam-es\/tour-privado-a-pie-de-rotterdam\/","og_site_name":"Tour Travel And More","article_publisher":"https:\/\/www.facebook.com\/tourtravelandmore\/","article_modified_time":"2023-12-29T10:08:05+00:00","og_image":[{"width":800,"height":500,"url":"https:\/\/tourtravelandmore.com\/wp-content\/uploads\/2018\/10\/Erasmus-Bridge.jpg","type":"image\/jpeg"}],"twitter_card":"summary_large_image","twitter_site":"@TourTravel_More","twitter_misc":{"Tiempo de lectura":"2 minutos"},"schema":{"@context":"https:\/\/schema.org","@graph":[{"@type":"WebPage","@id":"https:\/\/tourtravelandmore.com\/es\/tours\/paises-bajos-es\/rotterdam-es\/tour-privado-a-pie-de-rotterdam\/","url":"https:\/\/tourtravelandmore.com\/es\/tours\/paises-bajos-es\/rotterdam-es\/tour-privado-a-pie-de-rotterdam\/","name":"\u27a1\ufe0f Tour privado a pie de Rotterdam con gu\u00eda oficial privado | Tour Travel & More","isPartOf":{"@id":"https:\/\/tourtravelandmore.com\/es\/#website"},"primaryImageOfPage":{"@id":"https:\/\/tourtravelandmore.com\/es\/tours\/paises-bajos-es\/rotterdam-es\/tour-privado-a-pie-de-rotterdam\/#primaryimage"},"image":{"@id":"https:\/\/tourtravelandmore.com\/es\/tours\/paises-bajos-es\/rotterdam-es\/tour-privado-a-pie-de-rotterdam\/#primaryimage"},"thumbnailUrl":"https:\/\/tourtravelandmore.com\/wp-content\/uploads\/2018\/10\/Erasmus-Bridge.jpg","datePublished":"2018-10-19T13:36:36+00:00","dateModified":"2023-12-29T10:08:05+00:00","description":"Descubra la magn\u00edfica ciudad de Rotterdam junto a su gu\u00eda oficial privado. Conozca la historia, secretos y sitios m\u00e1s emblem\u00e1ticos junto a su gu\u00eda privado \u2705","breadcrumb":{"@id":"https:\/\/tourtravelandmore.com\/es\/tours\/paises-bajos-es\/rotterdam-es\/tour-privado-a-pie-de-rotterdam\/#breadcrumb"},"inLanguage":"es","potentialAction":[{"@type":"ReadAction","target":["https:\/\/tourtravelandmore.com\/es\/tours\/paises-bajos-es\/rotterdam-es\/tour-privado-a-pie-de-rotterdam\/"]}]},{"@type":"ImageObject","inLanguage":"es","@id":"https:\/\/tourtravelandmore.com\/es\/tours\/paises-bajos-es\/rotterdam-es\/tour-privado-a-pie-de-rotterdam\/#primaryimage","url":"https:\/\/tourtravelandmore.com\/wp-content\/uploads\/2018\/10\/Erasmus-Bridge.jpg","contentUrl":"https:\/\/tourtravelandmore.com\/wp-content\/uploads\/2018\/10\/Erasmus-Bridge.jpg","width":800,"height":500},{"@type":"BreadcrumbList","@id":"https:\/\/tourtravelandmore.com\/es\/tours\/paises-bajos-es\/rotterdam-es\/tour-privado-a-pie-de-rotterdam\/#breadcrumb","itemListElement":[{"@type":"ListItem","position":1,"name":"Home","item":"https:\/\/tourtravelandmore.com\/es\/"},{"@type":"ListItem","position":2,"name":"Tours","item":"https:\/\/tourtravelandmore.com\/es\/tours\/"},{"@type":"ListItem","position":3,"name":"Tour privado a pie de Rotterdam"}]},{"@type":"WebSite","@id":"https:\/\/tourtravelandmore.com\/es\/#website","url":"https:\/\/tourtravelandmore.com\/es\/","name":"Tour Travel And More","description":"Private sightseeing tours and luxury transfers in Spain","publisher":{"@id":"https:\/\/tourtravelandmore.com\/es\/#organization"},"potentialAction":[{"@type":"SearchAction","target":{"@type":"EntryPoint","urlTemplate":"https:\/\/tourtravelandmore.com\/es\/?s={search_term_string}"},"query-input":{"@type":"PropertyValueSpecification","valueRequired":true,"valueName":"search_term_string"}}],"inLanguage":"es"},{"@type":"Organization","@id":"https:\/\/tourtravelandmore.com\/es\/#organization","name":"Tour Travel And More","url":"https:\/\/tourtravelandmore.com\/es\/","logo":{"@type":"ImageObject","inLanguage":"es","@id":"https:\/\/tourtravelandmore.com\/es\/#\/schema\/logo\/image\/","url":"https:\/\/tourtravelandmore.com\/wp-content\/uploads\/2022\/12\/cropped-logo-cabecera-new.png","contentUrl":"https:\/\/tourtravelandmore.com\/wp-content\/uploads\/2022\/12\/cropped-logo-cabecera-new.png","width":430,"height":61,"caption":"Tour Travel And More"},"image":{"@id":"https:\/\/tourtravelandmore.com\/es\/#\/schema\/logo\/image\/"},"sameAs":["https:\/\/www.facebook.com\/tourtravelandmore\/","https:\/\/x.com\/TourTravel_More"]}]}},"_links":{"self":[{"href":"https:\/\/tourtravelandmore.com\/es\/wp-json\/wp\/v2\/product\/28165","targetHints":{"allow":["GET"]}}],"collection":[{"href":"https:\/\/tourtravelandmore.com\/es\/wp-json\/wp\/v2\/product"}],"about":[{"href":"https:\/\/tourtravelandmore.com\/es\/wp-json\/wp\/v2\/types\/product"}],"replies":[{"embeddable":true,"href":"https:\/\/tourtravelandmore.com\/es\/wp-json\/wp\/v2\/comments?post=28165"}],"wp:featuredmedia":[{"embeddable":true,"href":"https:\/\/tourtravelandmore.com\/es\/wp-json\/wp\/v2\/media\/28173"}],"wp:attachment":[{"href":"https:\/\/tourtravelandmore.com\/es\/wp-json\/wp\/v2\/media?parent=28165"}],"wp:term":[{"taxonomy":"product_brand","embeddable":true,"href":"https:\/\/tourtravelandmore.com\/es\/wp-json\/wp\/v2\/product_brand?post=28165"},{"taxonomy":"product_cat","embeddable":true,"href":"https:\/\/tourtravelandmore.com\/es\/wp-json\/wp\/v2\/product_cat?post=28165"},{"taxonomy":"product_tag","embeddable":true,"href":"https:\/\/tourtravelandmore.com\/es\/wp-json\/wp\/v2\/product_tag?post=28165"}],"curies":[{"name":"wp","href":"https:\/\/api.w.org\/{rel}","templated":true}]}}