{"id":28134,"date":"2018-10-19T14:55:22","date_gmt":"2018-10-19T12:55:24","guid":{"rendered":"http:\/\/tourtravelandmore.com\/es\/tours\/leiden-es\/tour-privado-a-amsterdam-desde-leiden\/"},"modified":"2023-12-25T08:46:47","modified_gmt":"2023-12-25T07:46:47","slug":"tour-privado-a-amsterdam-desde-leiden","status":"publish","type":"product","link":"https:\/\/tourtravelandmore.com\/es\/tours\/paises-bajos-es\/leiden-es\/tour-privado-a-amsterdam-desde-leiden\/","title":{"rendered":"Tour Privado a Amsterdam desde Leiden"},"content":{"rendered":"<h2>Descripci\u00f3n del Tour Privado a Amsterdam desde Leiden<\/h2>\n<p>Disfrute de este <strong>tour privado<\/strong> con vuestro gu\u00eda privado y conoce la hermosa <b>Amsterdam,\u00a0<\/b>c\u00f3modamente dentro de vuestro veh\u00edculo privado con chofer.<br \/>\nPueden escoger la hora de salida del tour y vuestro lugar de recogida dentro de Leiden.<br \/>\nEste tour es completamente personalizable y pod\u00e9is organizarlo como quer\u00e1is y lo que busc\u00e1is. Puede personalizar vuestro tour s\u00f3lo contactando con nosotros. Aqu\u00ed os dejamos un ejemplo de itinerario, el tour ser\u00e1 personalizado para que veais y conozc\u00e1is exactamente lo que quer\u00e9is <strong>ver en Amsterdam.<\/strong><\/p>\n<h2>Principales puntos de inter\u00e9s durante este tour privado<\/h2>\n<p>Su chofer privado os recoger\u00e1 en el lobby de su hotel en Leiden, en el horario seleccionado por vosotros (el horario de comienzo del tour es completamente ajustable a su comodidad), para dar comienzo a su excursi\u00f3n hacia Amsterdam.<\/p>\n<p>Durante vuestro tour privado hacia <strong>Amsterdam<\/strong><strong>\u00a0desde Leiden<\/strong>,\u00a0podr\u00e1 descubrir los secretos e historia de una de las ciudades m\u00e1s visitadas de todo el continente. Una vez en Amsterdam, se encontrar\u00e1n con su gu\u00eda oficial privado, quien os ense\u00f1ar\u00e1 los sitios m\u00e1s representativos de la ciudad en un tour privado de 4 horas.<\/p>\n<p>Entre otros monumentos, conocer\u00e1n:<\/p>\n<ul>\n<li><strong>Exterior del Museo Van Gogh (si desean, podemos gestionar sus ingresos al museo)<\/strong><\/li>\n<li><strong>Mercado Albert Cuyp<\/strong><\/li>\n<li><strong>Vondelpark<\/strong><\/li>\n<li><strong>Historia de Anna Frank<\/strong><\/li>\n<li><strong>Paseo en Tram en el distrito Jordaan<\/strong><\/li>\n<li><strong>West Kirk<\/strong><\/li>\n<li><strong>Si desean una parada para probar las famosas kroketten<\/strong><\/li>\n<li><strong>Leidseplein<\/strong><\/li>\n<li><strong>Plaza Dam<\/strong><\/li>\n<li><strong>Palacio Real de Amsterdam<\/strong><\/li>\n<li><strong>Mucho m\u00e1s!<\/strong><\/li>\n<\/ul>\n<p>Podr\u00e9is disfrutar de Amsterdam en todo su esplendor junto a su gu\u00eda oficial privado, con quien conocer\u00e1n lo m\u00e1s emblem\u00e1tico de la ciudad.<br \/>\nAl terminar el tour, vuestro veh\u00edculo privado os devolver\u00e1 a vuestro hotel o sitio de selecci\u00f3n personal en Leiden para que pod\u00e1is ir a descansar y recuperar fuerzas!<\/p>\n<h4>La Ciudad: Amsterdam<\/h4>\n<p>Amsterdam es la cuidad capital de Holanda, a pesar de que el gobierno se encuentra en La Haya. La ciudad tiene una poblaci\u00f3n de aproximadamente 850,000 habitantes. Es una de las ciudades mas multiculturales y con m\u00e1s historia en toda Europa. Famosa por su diversidad, sus canales y sus bicicletas, entre otras cosas. Es una de las ciudades m\u00e1s visitadas del continente.<\/p>\n<h4>Nuestros Tours Privados en Tour Travel &amp; More<\/h4>\n<p>Ofrecemos a nuestros clientes tours privados para familias, amigos e incluso para incentivos o grupos grandes. Entendemos las necesidades de los viajeros mientras est\u00e1n de vacaciones, y hacemos todo lo posible para que su estancia sea inolvidable. Nuestra flota se compone de veh\u00edculos de lujo y nuestro personal es perfectamente multiling\u00fce. Nuestros gu\u00edas son gu\u00edas oficiales y locales y son gran conocedores de la ciudad. Nuestros gu\u00edas hablan varios idiomas: Ingl\u00e9s, Espa\u00f1ol, Franc\u00e9s, Italiano, Polaco, Holand\u00e9s, Chino, Ruso, Japon\u00e9s, Alem\u00e1n, Griego y Portugu\u00e9s.<\/p>\n","protected":false},"excerpt":{"rendered":"<p>Aproveche sus d\u00edas en <strong>Leiden<\/strong> y visite una de las ciudades europeas m\u00e1s bellas: <strong>\u00c1msterdam<\/strong>. Disfrute de nuestro <strong>tour privado de d\u00eda completo<\/strong> c\u00f3modamente en un veh\u00edculo privado de lujo con conductor. Una vez en \u00c1msterdam, tendr\u00e1 un recorrido a pie privado con un gu\u00eda tur\u00edstico oficial local que le mostrar\u00e1 todos los rincones de esta incre\u00edble ciudad.<\/p>\n","protected":false},"featured_media":28031,"comment_status":"open","ping_status":"closed","template":"","meta":{"_acf_changed":false},"product_brand":[],"product_cat":[980,981,982],"product_tag":[],"class_list":{"0":"post-28134","1":"product","2":"type-product","3":"status-publish","4":"has-post-thumbnail","6":"product_cat-leiden-es","7":"product_cat-leiden-actividades-es","8":"product_cat-leiden-rutas-turisticas-privadas-es","10":"first","11":"instock","12":"shipping-taxable","13":"purchasable","14":"product-type-simple"},"acf":[],"yoast_head":"<!-- This site is optimized with the Yoast SEO Premium plugin v25.3.1 (Yoast SEO v25.3.1) - https:\/\/yoast.com\/wordpress\/plugins\/seo\/ -->\n<title>\u27a1\ufe0f Tour Privado a Amsterdam desde Leiden con chofer y gu\u00eda privado | Tour Travel &amp; More<\/title>\n<meta name=\"description\" content=\"Excursi\u00f3n privada a Amsterdam desde Leiden en veh\u00edculo privado de lujo. Gu\u00eda oficial privado durante 4 horas en Amsterdam para descubrir la ciudad \u2705\" \/>\n<meta name=\"robots\" content=\"index, follow, max-snippet:-1, max-image-preview:large, max-video-preview:-1\" \/>\n<link rel=\"canonical\" href=\"https:\/\/tourtravelandmore.com\/es\/tours\/paises-bajos-es\/leiden-es\/tour-privado-a-amsterdam-desde-leiden\/\" \/>\n<meta property=\"og:locale\" content=\"es_ES\" \/>\n<meta property=\"og:type\" content=\"article\" \/>\n<meta property=\"og:title\" content=\"Tour Privado a Amsterdam desde Leiden\" \/>\n<meta property=\"og:description\" content=\"Excursi\u00f3n privada a Amsterdam desde Leiden en veh\u00edculo privado de lujo. Gu\u00eda oficial privado durante 4 horas en Amsterdam para descubrir la ciudad \u2705\" \/>\n<meta property=\"og:url\" content=\"https:\/\/tourtravelandmore.com\/es\/tours\/paises-bajos-es\/leiden-es\/tour-privado-a-amsterdam-desde-leiden\/\" \/>\n<meta property=\"og:site_name\" content=\"Tour Travel And More\" \/>\n<meta property=\"article:publisher\" content=\"https:\/\/www.facebook.com\/tourtravelandmore\/\" \/>\n<meta property=\"article:modified_time\" content=\"2023-12-25T07:46:47+00:00\" \/>\n<meta property=\"og:image\" content=\"https:\/\/tourtravelandmore.com\/wp-content\/uploads\/2018\/10\/amsterdam.jpg\" \/>\n\t<meta property=\"og:image:width\" content=\"1000\" \/>\n\t<meta property=\"og:image:height\" content=\"660\" \/>\n\t<meta property=\"og:image:type\" content=\"image\/jpeg\" \/>\n<meta name=\"twitter:card\" content=\"summary_large_image\" \/>\n<meta name=\"twitter:site\" content=\"@TourTravel_More\" \/>\n<meta name=\"twitter:label1\" content=\"Tiempo de lectura\" \/>\n\t<meta name=\"twitter:data1\" content=\"3 minutos\" \/>\n<script type=\"application\/ld+json\" class=\"yoast-schema-graph\">{\"@context\":\"https:\/\/schema.org\",\"@graph\":[{\"@type\":\"WebPage\",\"@id\":\"https:\/\/tourtravelandmore.com\/es\/tours\/paises-bajos-es\/leiden-es\/tour-privado-a-amsterdam-desde-leiden\/\",\"url\":\"https:\/\/tourtravelandmore.com\/es\/tours\/paises-bajos-es\/leiden-es\/tour-privado-a-amsterdam-desde-leiden\/\",\"name\":\"\u27a1\ufe0f Tour Privado a Amsterdam desde Leiden con chofer y gu\u00eda privado | Tour Travel & More\",\"isPartOf\":{\"@id\":\"https:\/\/tourtravelandmore.com\/es\/#website\"},\"primaryImageOfPage\":{\"@id\":\"https:\/\/tourtravelandmore.com\/es\/tours\/paises-bajos-es\/leiden-es\/tour-privado-a-amsterdam-desde-leiden\/#primaryimage\"},\"image\":{\"@id\":\"https:\/\/tourtravelandmore.com\/es\/tours\/paises-bajos-es\/leiden-es\/tour-privado-a-amsterdam-desde-leiden\/#primaryimage\"},\"thumbnailUrl\":\"https:\/\/tourtravelandmore.com\/wp-content\/uploads\/2018\/10\/amsterdam.jpg\",\"datePublished\":\"2018-10-19T12:55:24+00:00\",\"dateModified\":\"2023-12-25T07:46:47+00:00\",\"description\":\"Excursi\u00f3n privada a Amsterdam desde Leiden en veh\u00edculo privado de lujo. Gu\u00eda oficial privado durante 4 horas en Amsterdam para descubrir la ciudad \u2705\",\"breadcrumb\":{\"@id\":\"https:\/\/tourtravelandmore.com\/es\/tours\/paises-bajos-es\/leiden-es\/tour-privado-a-amsterdam-desde-leiden\/#breadcrumb\"},\"inLanguage\":\"es\",\"potentialAction\":[{\"@type\":\"ReadAction\",\"target\":[\"https:\/\/tourtravelandmore.com\/es\/tours\/paises-bajos-es\/leiden-es\/tour-privado-a-amsterdam-desde-leiden\/\"]}]},{\"@type\":\"ImageObject\",\"inLanguage\":\"es\",\"@id\":\"https:\/\/tourtravelandmore.com\/es\/tours\/paises-bajos-es\/leiden-es\/tour-privado-a-amsterdam-desde-leiden\/#primaryimage\",\"url\":\"https:\/\/tourtravelandmore.com\/wp-content\/uploads\/2018\/10\/amsterdam.jpg\",\"contentUrl\":\"https:\/\/tourtravelandmore.com\/wp-content\/uploads\/2018\/10\/amsterdam.jpg\",\"width\":1000,\"height\":660},{\"@type\":\"BreadcrumbList\",\"@id\":\"https:\/\/tourtravelandmore.com\/es\/tours\/paises-bajos-es\/leiden-es\/tour-privado-a-amsterdam-desde-leiden\/#breadcrumb\",\"itemListElement\":[{\"@type\":\"ListItem\",\"position\":1,\"name\":\"Home\",\"item\":\"https:\/\/tourtravelandmore.com\/es\/\"},{\"@type\":\"ListItem\",\"position\":2,\"name\":\"Tours\",\"item\":\"https:\/\/tourtravelandmore.com\/es\/tours\/\"},{\"@type\":\"ListItem\",\"position\":3,\"name\":\"Tour Privado a Amsterdam desde Leiden\"}]},{\"@type\":\"WebSite\",\"@id\":\"https:\/\/tourtravelandmore.com\/es\/#website\",\"url\":\"https:\/\/tourtravelandmore.com\/es\/\",\"name\":\"Tour Travel And More\",\"description\":\"Private sightseeing tours and luxury transfers in Spain\",\"publisher\":{\"@id\":\"https:\/\/tourtravelandmore.com\/es\/#organization\"},\"potentialAction\":[{\"@type\":\"SearchAction\",\"target\":{\"@type\":\"EntryPoint\",\"urlTemplate\":\"https:\/\/tourtravelandmore.com\/es\/?s={search_term_string}\"},\"query-input\":{\"@type\":\"PropertyValueSpecification\",\"valueRequired\":true,\"valueName\":\"search_term_string\"}}],\"inLanguage\":\"es\"},{\"@type\":\"Organization\",\"@id\":\"https:\/\/tourtravelandmore.com\/es\/#organization\",\"name\":\"Tour Travel And More\",\"url\":\"https:\/\/tourtravelandmore.com\/es\/\",\"logo\":{\"@type\":\"ImageObject\",\"inLanguage\":\"es\",\"@id\":\"https:\/\/tourtravelandmore.com\/es\/#\/schema\/logo\/image\/\",\"url\":\"https:\/\/tourtravelandmore.com\/wp-content\/uploads\/2022\/12\/cropped-logo-cabecera-new.png\",\"contentUrl\":\"https:\/\/tourtravelandmore.com\/wp-content\/uploads\/2022\/12\/cropped-logo-cabecera-new.png\",\"width\":430,\"height\":61,\"caption\":\"Tour Travel And More\"},\"image\":{\"@id\":\"https:\/\/tourtravelandmore.com\/es\/#\/schema\/logo\/image\/\"},\"sameAs\":[\"https:\/\/www.facebook.com\/tourtravelandmore\/\",\"https:\/\/x.com\/TourTravel_More\"]}]}<\/script>\n<!-- \/ Yoast SEO Premium plugin. -->","yoast_head_json":{"title":"\u27a1\ufe0f Tour Privado a Amsterdam desde Leiden con chofer y gu\u00eda privado | Tour Travel & More","description":"Excursi\u00f3n privada a Amsterdam desde Leiden en veh\u00edculo privado de lujo. Gu\u00eda oficial privado durante 4 horas en Amsterdam para descubrir la ciudad \u2705","robots":{"index":"index","follow":"follow","max-snippet":"max-snippet:-1","max-image-preview":"max-image-preview:large","max-video-preview":"max-video-preview:-1"},"canonical":"https:\/\/tourtravelandmore.com\/es\/tours\/paises-bajos-es\/leiden-es\/tour-privado-a-amsterdam-desde-leiden\/","og_locale":"es_ES","og_type":"article","og_title":"Tour Privado a Amsterdam desde Leiden","og_description":"Excursi\u00f3n privada a Amsterdam desde Leiden en veh\u00edculo privado de lujo. Gu\u00eda oficial privado durante 4 horas en Amsterdam para descubrir la ciudad \u2705","og_url":"https:\/\/tourtravelandmore.com\/es\/tours\/paises-bajos-es\/leiden-es\/tour-privado-a-amsterdam-desde-leiden\/","og_site_name":"Tour Travel And More","article_publisher":"https:\/\/www.facebook.com\/tourtravelandmore\/","article_modified_time":"2023-12-25T07:46:47+00:00","og_image":[{"width":1000,"height":660,"url":"https:\/\/tourtravelandmore.com\/wp-content\/uploads\/2018\/10\/amsterdam.jpg","type":"image\/jpeg"}],"twitter_card":"summary_large_image","twitter_site":"@TourTravel_More","twitter_misc":{"Tiempo de lectura":"3 minutos"},"schema":{"@context":"https:\/\/schema.org","@graph":[{"@type":"WebPage","@id":"https:\/\/tourtravelandmore.com\/es\/tours\/paises-bajos-es\/leiden-es\/tour-privado-a-amsterdam-desde-leiden\/","url":"https:\/\/tourtravelandmore.com\/es\/tours\/paises-bajos-es\/leiden-es\/tour-privado-a-amsterdam-desde-leiden\/","name":"\u27a1\ufe0f Tour Privado a Amsterdam desde Leiden con chofer y gu\u00eda privado | Tour Travel & More","isPartOf":{"@id":"https:\/\/tourtravelandmore.com\/es\/#website"},"primaryImageOfPage":{"@id":"https:\/\/tourtravelandmore.com\/es\/tours\/paises-bajos-es\/leiden-es\/tour-privado-a-amsterdam-desde-leiden\/#primaryimage"},"image":{"@id":"https:\/\/tourtravelandmore.com\/es\/tours\/paises-bajos-es\/leiden-es\/tour-privado-a-amsterdam-desde-leiden\/#primaryimage"},"thumbnailUrl":"https:\/\/tourtravelandmore.com\/wp-content\/uploads\/2018\/10\/amsterdam.jpg","datePublished":"2018-10-19T12:55:24+00:00","dateModified":"2023-12-25T07:46:47+00:00","description":"Excursi\u00f3n privada a Amsterdam desde Leiden en veh\u00edculo privado de lujo. Gu\u00eda oficial privado durante 4 horas en Amsterdam para descubrir la ciudad \u2705","breadcrumb":{"@id":"https:\/\/tourtravelandmore.com\/es\/tours\/paises-bajos-es\/leiden-es\/tour-privado-a-amsterdam-desde-leiden\/#breadcrumb"},"inLanguage":"es","potentialAction":[{"@type":"ReadAction","target":["https:\/\/tourtravelandmore.com\/es\/tours\/paises-bajos-es\/leiden-es\/tour-privado-a-amsterdam-desde-leiden\/"]}]},{"@type":"ImageObject","inLanguage":"es","@id":"https:\/\/tourtravelandmore.com\/es\/tours\/paises-bajos-es\/leiden-es\/tour-privado-a-amsterdam-desde-leiden\/#primaryimage","url":"https:\/\/tourtravelandmore.com\/wp-content\/uploads\/2018\/10\/amsterdam.jpg","contentUrl":"https:\/\/tourtravelandmore.com\/wp-content\/uploads\/2018\/10\/amsterdam.jpg","width":1000,"height":660},{"@type":"BreadcrumbList","@id":"https:\/\/tourtravelandmore.com\/es\/tours\/paises-bajos-es\/leiden-es\/tour-privado-a-amsterdam-desde-leiden\/#breadcrumb","itemListElement":[{"@type":"ListItem","position":1,"name":"Home","item":"https:\/\/tourtravelandmore.com\/es\/"},{"@type":"ListItem","position":2,"name":"Tours","item":"https:\/\/tourtravelandmore.com\/es\/tours\/"},{"@type":"ListItem","position":3,"name":"Tour Privado a Amsterdam desde Leiden"}]},{"@type":"WebSite","@id":"https:\/\/tourtravelandmore.com\/es\/#website","url":"https:\/\/tourtravelandmore.com\/es\/","name":"Tour Travel And More","description":"Private sightseeing tours and luxury transfers in Spain","publisher":{"@id":"https:\/\/tourtravelandmore.com\/es\/#organization"},"potentialAction":[{"@type":"SearchAction","target":{"@type":"EntryPoint","urlTemplate":"https:\/\/tourtravelandmore.com\/es\/?s={search_term_string}"},"query-input":{"@type":"PropertyValueSpecification","valueRequired":true,"valueName":"search_term_string"}}],"inLanguage":"es"},{"@type":"Organization","@id":"https:\/\/tourtravelandmore.com\/es\/#organization","name":"Tour Travel And More","url":"https:\/\/tourtravelandmore.com\/es\/","logo":{"@type":"ImageObject","inLanguage":"es","@id":"https:\/\/tourtravelandmore.com\/es\/#\/schema\/logo\/image\/","url":"https:\/\/tourtravelandmore.com\/wp-content\/uploads\/2022\/12\/cropped-logo-cabecera-new.png","contentUrl":"https:\/\/tourtravelandmore.com\/wp-content\/uploads\/2022\/12\/cropped-logo-cabecera-new.png","width":430,"height":61,"caption":"Tour Travel And More"},"image":{"@id":"https:\/\/tourtravelandmore.com\/es\/#\/schema\/logo\/image\/"},"sameAs":["https:\/\/www.facebook.com\/tourtravelandmore\/","https:\/\/x.com\/TourTravel_More"]}]}},"_links":{"self":[{"href":"https:\/\/tourtravelandmore.com\/es\/wp-json\/wp\/v2\/product\/28134","targetHints":{"allow":["GET"]}}],"collection":[{"href":"https:\/\/tourtravelandmore.com\/es\/wp-json\/wp\/v2\/product"}],"about":[{"href":"https:\/\/tourtravelandmore.com\/es\/wp-json\/wp\/v2\/types\/product"}],"replies":[{"embeddable":true,"href":"https:\/\/tourtravelandmore.com\/es\/wp-json\/wp\/v2\/comments?post=28134"}],"wp:featuredmedia":[{"embeddable":true,"href":"https:\/\/tourtravelandmore.com\/es\/wp-json\/wp\/v2\/media\/28031"}],"wp:attachment":[{"href":"https:\/\/tourtravelandmore.com\/es\/wp-json\/wp\/v2\/media?parent=28134"}],"wp:term":[{"taxonomy":"product_brand","embeddable":true,"href":"https:\/\/tourtravelandmore.com\/es\/wp-json\/wp\/v2\/product_brand?post=28134"},{"taxonomy":"product_cat","embeddable":true,"href":"https:\/\/tourtravelandmore.com\/es\/wp-json\/wp\/v2\/product_cat?post=28134"},{"taxonomy":"product_tag","embeddable":true,"href":"https:\/\/tourtravelandmore.com\/es\/wp-json\/wp\/v2\/product_tag?post=28134"}],"curies":[{"name":"wp","href":"https:\/\/api.w.org\/{rel}","templated":true}]}}