{"id":28114,"date":"2018-10-19T14:23:55","date_gmt":"2018-10-19T12:23:57","guid":{"rendered":"http:\/\/tourtravelandmore.com\/es\/tours\/leiden-es\/tour-privado-a-brujas-desde-leiden\/"},"modified":"2023-12-25T08:48:05","modified_gmt":"2023-12-25T07:48:05","slug":"tour-privado-a-brujas-desde-leiden","status":"publish","type":"product","link":"https:\/\/tourtravelandmore.com\/es\/tours\/paises-bajos-es\/leiden-es\/tour-privado-a-brujas-desde-leiden\/","title":{"rendered":"Tour Privado a Brujas desde Leiden"},"content":{"rendered":"<h2>Descripci\u00f3n del Tour Privado a Brujas desde Leiden<\/h2>\n<p>Disfrute de este <strong>tour privado<\/strong> con vuestro gu\u00eda privado y conoce <strong>Brujas<\/strong><b>,\u00a0<\/b>c\u00f3modamente, dentro de vuestro veh\u00edculo privado con chofer.<br \/>\nPueden escoger la hora de salida del tour y vuestro lugar de recogida dentro de Leiden.<br \/>\nEste tour es completamente personalizable y pod\u00e9is organizarlo como quer\u00e1is y lo que busc\u00e1is. Puede personalizar vuestro tour solamente contactando con nosotros. Aqu\u00ed os dejamos un ejemplo de itinerario, el tour ser\u00e1 personalizado para que veais y conozc\u00e1is exactamente lo que quer\u00e9is <strong>ver en Brujas.<\/strong><\/p>\n<h2>Principales puntos de inter\u00e9s durante este tour privado<\/h2>\n<p>Su chofer privado os recoger\u00e1 en el lobby de su hotel en Leiden, en el horario seleccionado por vosotros (el horario de comienzo del tour es completamente ajustable a su comodidad), para dar comienzo a su excursi\u00f3n hacia Brujas.<\/p>\n<p>Durante vuestro tour privado hacia <strong>Brujas<\/strong><strong>\u00a0desde Leiden<\/strong>, podr\u00e1 descubrir una de las ciudades m\u00e1s bonitas de B\u00e9lgica. Una vez en Brujas, ubicada aproximadamente a 3 horas de \u00c1msterdam, se encontrar\u00e1n con su gu\u00eda oficial privado, quien os ense\u00f1ar\u00e1 los sitios m\u00e1s representativos de la ciudad en un tour privado de 3 horas.<\/p>\n<p>Entre otros monumentos, conocer\u00e1n:<\/p>\n<ul>\n<li><strong>Mercado central<\/strong><\/li>\n<li><strong>Campanario de Brujas<\/strong><\/li>\n<li><strong>Basilica de la Santa Sangre<\/strong><\/li>\n<li><strong>Iglesia de Nuestra Se\u00f1ora de Brujas<\/strong><\/li>\n<li><strong>Ayuntamiento de Brujas<\/strong><\/li>\n<li><strong>Antiguo hospital de San Juan<\/strong><\/li>\n<li><strong>Canales de Brujas<\/strong><\/li>\n<li><strong>Historial medieval de Brujas<\/strong><\/li>\n<li><strong>Mucho m\u00e1s!<\/strong><\/li>\n<\/ul>\n<p>Podr\u00e9is disfrutar de Brujas en todo su esplendor junto a su gu\u00eda oficial privado, con quien conocer\u00e1n lo m\u00e1s emblem\u00e1tico de la ciudad.<br \/>\nAl terminar el tour, vuestro veh\u00edculo privado os devolver\u00e1 a vuestro hotel o sitio de selecci\u00f3n personal en Leiden para que pod\u00e1is ir a descansar y recuperar fuerzas!<\/p>\n<h4>La Ciudad: Brujas<\/h4>\n<p>Brujas es la capital de la provincia Flandes Occidental de B\u00e9lgica. Es conocida como la Venecia del Norte. El centro hist\u00f3rico de la ciudad fue declarado por la UNESCO como Patrimonio de la Humanidad. La ciudad est\u00e1 habitada por aproximadamente 120.000 habitantes.<\/p>\n<h4>Nuestros Tours Privados en Tour Travel &amp; More<\/h4>\n<p>Ofrecemos a nuestros clientes tours privados para familias, amigos e incluso para incentivos o grupos grandes. Entendemos las necesidades de los viajeros mientras est\u00e1n de vacaciones, y hacemos todo lo posible para que su estancia sea inolvidable. Nuestra flota se compone de veh\u00edculos de lujo y nuestro personal es perfectamente multiling\u00fce. Nuestros gu\u00edas son gu\u00edas oficiales y locales y son gran conocedor de la ciudad. Nuestros gu\u00edas hablan varios idiomas: <strong>Ingl\u00e9s, Espa\u00f1ol, franc\u00e9s, italiano, polaco, holand\u00e9s, chino, ruso, japon\u00e9s, alem\u00e1n, griego y portugu\u00e9s.<\/strong><\/p>\n","protected":false},"excerpt":{"rendered":"<p>Avent\u00farese en este <strong>tour privado de un d\u00eda completo desde Leiden<\/strong> a una de las ciudades m\u00e1s exclusivas de Europa: <strong>Brujas<\/strong>. Aproveche esta oportunidad para conocer esta ciudad declarada <strong>Patrimonio de la Humanidad por la UNESCO<\/strong> con su propio gu\u00eda tur\u00edstico oficial privado una vez que llegue a Brujas y un veh\u00edculo privado de lujo con ch\u00f3fer.<\/p>\n","protected":false},"featured_media":27948,"comment_status":"open","ping_status":"closed","template":"","meta":{"_acf_changed":false},"product_brand":[],"product_cat":[980,981,982],"product_tag":[],"class_list":{"0":"post-28114","1":"product","2":"type-product","3":"status-publish","4":"has-post-thumbnail","6":"product_cat-leiden-es","7":"product_cat-leiden-actividades-es","8":"product_cat-leiden-rutas-turisticas-privadas-es","10":"first","11":"instock","12":"shipping-taxable","13":"purchasable","14":"product-type-simple"},"acf":[],"yoast_head":"<!-- This site is optimized with the Yoast SEO Premium plugin v25.3.1 (Yoast SEO v25.3.1) - https:\/\/yoast.com\/wordpress\/plugins\/seo\/ -->\n<title>\u27a1\ufe0f Tour Privado a Brujas desde Leiden con chofer y gu\u00eda privado | Tour Travel &amp; More<\/title>\n<meta name=\"description\" content=\"Excursi\u00f3n privada a Brujas desde Leiden en veh\u00edculo privado de lujo. Gu\u00eda oficial privado durante 3 horas en Brujas para descubrir la ciudad \u2705\" \/>\n<meta name=\"robots\" content=\"index, follow, max-snippet:-1, max-image-preview:large, max-video-preview:-1\" \/>\n<link rel=\"canonical\" href=\"https:\/\/tourtravelandmore.com\/es\/tours\/paises-bajos-es\/leiden-es\/tour-privado-a-brujas-desde-leiden\/\" \/>\n<meta property=\"og:locale\" content=\"es_ES\" \/>\n<meta property=\"og:type\" content=\"article\" \/>\n<meta property=\"og:title\" content=\"Tour Privado a Brujas desde Leiden\" \/>\n<meta property=\"og:description\" content=\"Excursi\u00f3n privada a Brujas desde Leiden en veh\u00edculo privado de lujo. Gu\u00eda oficial privado durante 3 horas en Brujas para descubrir la ciudad \u2705\" \/>\n<meta property=\"og:url\" content=\"https:\/\/tourtravelandmore.com\/es\/tours\/paises-bajos-es\/leiden-es\/tour-privado-a-brujas-desde-leiden\/\" \/>\n<meta property=\"og:site_name\" content=\"Tour Travel And More\" \/>\n<meta property=\"article:publisher\" content=\"https:\/\/www.facebook.com\/tourtravelandmore\/\" \/>\n<meta property=\"article:modified_time\" content=\"2023-12-25T07:48:05+00:00\" \/>\n<meta property=\"og:image\" content=\"https:\/\/tourtravelandmore.com\/wp-content\/uploads\/2018\/10\/bruges-1.jpeg\" \/>\n\t<meta property=\"og:image:width\" content=\"1024\" \/>\n\t<meta property=\"og:image:height\" content=\"669\" \/>\n\t<meta property=\"og:image:type\" content=\"image\/jpeg\" \/>\n<meta name=\"twitter:card\" content=\"summary_large_image\" \/>\n<meta name=\"twitter:site\" content=\"@TourTravel_More\" \/>\n<meta name=\"twitter:label1\" content=\"Tiempo de lectura\" \/>\n\t<meta name=\"twitter:data1\" content=\"3 minutos\" \/>\n<script type=\"application\/ld+json\" class=\"yoast-schema-graph\">{\"@context\":\"https:\/\/schema.org\",\"@graph\":[{\"@type\":\"WebPage\",\"@id\":\"https:\/\/tourtravelandmore.com\/es\/tours\/paises-bajos-es\/leiden-es\/tour-privado-a-brujas-desde-leiden\/\",\"url\":\"https:\/\/tourtravelandmore.com\/es\/tours\/paises-bajos-es\/leiden-es\/tour-privado-a-brujas-desde-leiden\/\",\"name\":\"\u27a1\ufe0f Tour Privado a Brujas desde Leiden con chofer y gu\u00eda privado | Tour Travel & More\",\"isPartOf\":{\"@id\":\"https:\/\/tourtravelandmore.com\/es\/#website\"},\"primaryImageOfPage\":{\"@id\":\"https:\/\/tourtravelandmore.com\/es\/tours\/paises-bajos-es\/leiden-es\/tour-privado-a-brujas-desde-leiden\/#primaryimage\"},\"image\":{\"@id\":\"https:\/\/tourtravelandmore.com\/es\/tours\/paises-bajos-es\/leiden-es\/tour-privado-a-brujas-desde-leiden\/#primaryimage\"},\"thumbnailUrl\":\"https:\/\/tourtravelandmore.com\/wp-content\/uploads\/2018\/10\/bruges-1.jpeg\",\"datePublished\":\"2018-10-19T12:23:57+00:00\",\"dateModified\":\"2023-12-25T07:48:05+00:00\",\"description\":\"Excursi\u00f3n privada a Brujas desde Leiden en veh\u00edculo privado de lujo. Gu\u00eda oficial privado durante 3 horas en Brujas para descubrir la ciudad \u2705\",\"breadcrumb\":{\"@id\":\"https:\/\/tourtravelandmore.com\/es\/tours\/paises-bajos-es\/leiden-es\/tour-privado-a-brujas-desde-leiden\/#breadcrumb\"},\"inLanguage\":\"es\",\"potentialAction\":[{\"@type\":\"ReadAction\",\"target\":[\"https:\/\/tourtravelandmore.com\/es\/tours\/paises-bajos-es\/leiden-es\/tour-privado-a-brujas-desde-leiden\/\"]}]},{\"@type\":\"ImageObject\",\"inLanguage\":\"es\",\"@id\":\"https:\/\/tourtravelandmore.com\/es\/tours\/paises-bajos-es\/leiden-es\/tour-privado-a-brujas-desde-leiden\/#primaryimage\",\"url\":\"https:\/\/tourtravelandmore.com\/wp-content\/uploads\/2018\/10\/bruges-1.jpeg\",\"contentUrl\":\"https:\/\/tourtravelandmore.com\/wp-content\/uploads\/2018\/10\/bruges-1.jpeg\",\"width\":1024,\"height\":669},{\"@type\":\"BreadcrumbList\",\"@id\":\"https:\/\/tourtravelandmore.com\/es\/tours\/paises-bajos-es\/leiden-es\/tour-privado-a-brujas-desde-leiden\/#breadcrumb\",\"itemListElement\":[{\"@type\":\"ListItem\",\"position\":1,\"name\":\"Home\",\"item\":\"https:\/\/tourtravelandmore.com\/es\/\"},{\"@type\":\"ListItem\",\"position\":2,\"name\":\"Tours\",\"item\":\"https:\/\/tourtravelandmore.com\/es\/tours\/\"},{\"@type\":\"ListItem\",\"position\":3,\"name\":\"Tour Privado a Brujas desde Leiden\"}]},{\"@type\":\"WebSite\",\"@id\":\"https:\/\/tourtravelandmore.com\/es\/#website\",\"url\":\"https:\/\/tourtravelandmore.com\/es\/\",\"name\":\"Tour Travel And More\",\"description\":\"Private sightseeing tours and luxury transfers in Spain\",\"publisher\":{\"@id\":\"https:\/\/tourtravelandmore.com\/es\/#organization\"},\"potentialAction\":[{\"@type\":\"SearchAction\",\"target\":{\"@type\":\"EntryPoint\",\"urlTemplate\":\"https:\/\/tourtravelandmore.com\/es\/?s={search_term_string}\"},\"query-input\":{\"@type\":\"PropertyValueSpecification\",\"valueRequired\":true,\"valueName\":\"search_term_string\"}}],\"inLanguage\":\"es\"},{\"@type\":\"Organization\",\"@id\":\"https:\/\/tourtravelandmore.com\/es\/#organization\",\"name\":\"Tour Travel And More\",\"url\":\"https:\/\/tourtravelandmore.com\/es\/\",\"logo\":{\"@type\":\"ImageObject\",\"inLanguage\":\"es\",\"@id\":\"https:\/\/tourtravelandmore.com\/es\/#\/schema\/logo\/image\/\",\"url\":\"https:\/\/tourtravelandmore.com\/wp-content\/uploads\/2022\/12\/cropped-logo-cabecera-new.png\",\"contentUrl\":\"https:\/\/tourtravelandmore.com\/wp-content\/uploads\/2022\/12\/cropped-logo-cabecera-new.png\",\"width\":430,\"height\":61,\"caption\":\"Tour Travel And More\"},\"image\":{\"@id\":\"https:\/\/tourtravelandmore.com\/es\/#\/schema\/logo\/image\/\"},\"sameAs\":[\"https:\/\/www.facebook.com\/tourtravelandmore\/\",\"https:\/\/x.com\/TourTravel_More\"]}]}<\/script>\n<!-- \/ Yoast SEO Premium plugin. -->","yoast_head_json":{"title":"\u27a1\ufe0f Tour Privado a Brujas desde Leiden con chofer y gu\u00eda privado | Tour Travel & More","description":"Excursi\u00f3n privada a Brujas desde Leiden en veh\u00edculo privado de lujo. Gu\u00eda oficial privado durante 3 horas en Brujas para descubrir la ciudad \u2705","robots":{"index":"index","follow":"follow","max-snippet":"max-snippet:-1","max-image-preview":"max-image-preview:large","max-video-preview":"max-video-preview:-1"},"canonical":"https:\/\/tourtravelandmore.com\/es\/tours\/paises-bajos-es\/leiden-es\/tour-privado-a-brujas-desde-leiden\/","og_locale":"es_ES","og_type":"article","og_title":"Tour Privado a Brujas desde Leiden","og_description":"Excursi\u00f3n privada a Brujas desde Leiden en veh\u00edculo privado de lujo. Gu\u00eda oficial privado durante 3 horas en Brujas para descubrir la ciudad \u2705","og_url":"https:\/\/tourtravelandmore.com\/es\/tours\/paises-bajos-es\/leiden-es\/tour-privado-a-brujas-desde-leiden\/","og_site_name":"Tour Travel And More","article_publisher":"https:\/\/www.facebook.com\/tourtravelandmore\/","article_modified_time":"2023-12-25T07:48:05+00:00","og_image":[{"width":1024,"height":669,"url":"https:\/\/tourtravelandmore.com\/wp-content\/uploads\/2018\/10\/bruges-1.jpeg","type":"image\/jpeg"}],"twitter_card":"summary_large_image","twitter_site":"@TourTravel_More","twitter_misc":{"Tiempo de lectura":"3 minutos"},"schema":{"@context":"https:\/\/schema.org","@graph":[{"@type":"WebPage","@id":"https:\/\/tourtravelandmore.com\/es\/tours\/paises-bajos-es\/leiden-es\/tour-privado-a-brujas-desde-leiden\/","url":"https:\/\/tourtravelandmore.com\/es\/tours\/paises-bajos-es\/leiden-es\/tour-privado-a-brujas-desde-leiden\/","name":"\u27a1\ufe0f Tour Privado a Brujas desde Leiden con chofer y gu\u00eda privado | Tour Travel & More","isPartOf":{"@id":"https:\/\/tourtravelandmore.com\/es\/#website"},"primaryImageOfPage":{"@id":"https:\/\/tourtravelandmore.com\/es\/tours\/paises-bajos-es\/leiden-es\/tour-privado-a-brujas-desde-leiden\/#primaryimage"},"image":{"@id":"https:\/\/tourtravelandmore.com\/es\/tours\/paises-bajos-es\/leiden-es\/tour-privado-a-brujas-desde-leiden\/#primaryimage"},"thumbnailUrl":"https:\/\/tourtravelandmore.com\/wp-content\/uploads\/2018\/10\/bruges-1.jpeg","datePublished":"2018-10-19T12:23:57+00:00","dateModified":"2023-12-25T07:48:05+00:00","description":"Excursi\u00f3n privada a Brujas desde Leiden en veh\u00edculo privado de lujo. Gu\u00eda oficial privado durante 3 horas en Brujas para descubrir la ciudad \u2705","breadcrumb":{"@id":"https:\/\/tourtravelandmore.com\/es\/tours\/paises-bajos-es\/leiden-es\/tour-privado-a-brujas-desde-leiden\/#breadcrumb"},"inLanguage":"es","potentialAction":[{"@type":"ReadAction","target":["https:\/\/tourtravelandmore.com\/es\/tours\/paises-bajos-es\/leiden-es\/tour-privado-a-brujas-desde-leiden\/"]}]},{"@type":"ImageObject","inLanguage":"es","@id":"https:\/\/tourtravelandmore.com\/es\/tours\/paises-bajos-es\/leiden-es\/tour-privado-a-brujas-desde-leiden\/#primaryimage","url":"https:\/\/tourtravelandmore.com\/wp-content\/uploads\/2018\/10\/bruges-1.jpeg","contentUrl":"https:\/\/tourtravelandmore.com\/wp-content\/uploads\/2018\/10\/bruges-1.jpeg","width":1024,"height":669},{"@type":"BreadcrumbList","@id":"https:\/\/tourtravelandmore.com\/es\/tours\/paises-bajos-es\/leiden-es\/tour-privado-a-brujas-desde-leiden\/#breadcrumb","itemListElement":[{"@type":"ListItem","position":1,"name":"Home","item":"https:\/\/tourtravelandmore.com\/es\/"},{"@type":"ListItem","position":2,"name":"Tours","item":"https:\/\/tourtravelandmore.com\/es\/tours\/"},{"@type":"ListItem","position":3,"name":"Tour Privado a Brujas desde Leiden"}]},{"@type":"WebSite","@id":"https:\/\/tourtravelandmore.com\/es\/#website","url":"https:\/\/tourtravelandmore.com\/es\/","name":"Tour Travel And More","description":"Private sightseeing tours and luxury transfers in Spain","publisher":{"@id":"https:\/\/tourtravelandmore.com\/es\/#organization"},"potentialAction":[{"@type":"SearchAction","target":{"@type":"EntryPoint","urlTemplate":"https:\/\/tourtravelandmore.com\/es\/?s={search_term_string}"},"query-input":{"@type":"PropertyValueSpecification","valueRequired":true,"valueName":"search_term_string"}}],"inLanguage":"es"},{"@type":"Organization","@id":"https:\/\/tourtravelandmore.com\/es\/#organization","name":"Tour Travel And More","url":"https:\/\/tourtravelandmore.com\/es\/","logo":{"@type":"ImageObject","inLanguage":"es","@id":"https:\/\/tourtravelandmore.com\/es\/#\/schema\/logo\/image\/","url":"https:\/\/tourtravelandmore.com\/wp-content\/uploads\/2022\/12\/cropped-logo-cabecera-new.png","contentUrl":"https:\/\/tourtravelandmore.com\/wp-content\/uploads\/2022\/12\/cropped-logo-cabecera-new.png","width":430,"height":61,"caption":"Tour Travel And More"},"image":{"@id":"https:\/\/tourtravelandmore.com\/es\/#\/schema\/logo\/image\/"},"sameAs":["https:\/\/www.facebook.com\/tourtravelandmore\/","https:\/\/x.com\/TourTravel_More"]}]}},"_links":{"self":[{"href":"https:\/\/tourtravelandmore.com\/es\/wp-json\/wp\/v2\/product\/28114","targetHints":{"allow":["GET"]}}],"collection":[{"href":"https:\/\/tourtravelandmore.com\/es\/wp-json\/wp\/v2\/product"}],"about":[{"href":"https:\/\/tourtravelandmore.com\/es\/wp-json\/wp\/v2\/types\/product"}],"replies":[{"embeddable":true,"href":"https:\/\/tourtravelandmore.com\/es\/wp-json\/wp\/v2\/comments?post=28114"}],"wp:featuredmedia":[{"embeddable":true,"href":"https:\/\/tourtravelandmore.com\/es\/wp-json\/wp\/v2\/media\/27948"}],"wp:attachment":[{"href":"https:\/\/tourtravelandmore.com\/es\/wp-json\/wp\/v2\/media?parent=28114"}],"wp:term":[{"taxonomy":"product_brand","embeddable":true,"href":"https:\/\/tourtravelandmore.com\/es\/wp-json\/wp\/v2\/product_brand?post=28114"},{"taxonomy":"product_cat","embeddable":true,"href":"https:\/\/tourtravelandmore.com\/es\/wp-json\/wp\/v2\/product_cat?post=28114"},{"taxonomy":"product_tag","embeddable":true,"href":"https:\/\/tourtravelandmore.com\/es\/wp-json\/wp\/v2\/product_tag?post=28114"}],"curies":[{"name":"wp","href":"https:\/\/api.w.org\/{rel}","templated":true}]}}