{"id":28076,"date":"2018-10-19T12:16:19","date_gmt":"2018-10-19T10:16:21","guid":{"rendered":"http:\/\/tourtravelandmore.com\/es\/tours\/uncategorized\/guia-privado-para-visitar-el-museo-van-gogh\/"},"modified":"2024-05-03T15:43:12","modified_gmt":"2024-05-03T13:43:12","slug":"tour-privado-museo-van-gogh","status":"publish","type":"product","link":"https:\/\/tourtravelandmore.com\/es\/tours\/paises-bajos-es\/amsterdam-es\/tour-privado-museo-van-gogh\/","title":{"rendered":"Tour privado Museo Van Gogh"},"content":{"rendered":"<h2><strong>Descripci\u00f3n Tour privado Museo Van Gogh<\/strong><\/h2>\n<p><span style=\"font-weight: 400;\">La vida del artista Vincent van Gogh siempre estuvo rodeada de mucha controversia y sucesos llamativos. Sin embargo, todos esos eventos lo influenciaron para crear sus m\u00e1s grandes obras.\u00a0<\/span><\/p>\n<p><span style=\"font-weight: 400;\">Antes de su muerte, a la edad de 37 a\u00f1os, van Gogh ya hab\u00eda realizado unos 1.100 dibujos y unas 900 pinturas.\u00a0<\/span><\/p>\n<p><span style=\"font-weight: 400;\">Por lo impresionante de cada una de sus creaciones, el artista se ha convertido en una referencia mundial como uno de los m\u00e1ximos representantes del postimpresionismo.<\/span><\/p>\n<p><span style=\"font-weight: 400;\">En nuestro <\/span><b>tour privado por el Museo Van Gogh de \u00c1msterdam<\/b><span style=\"font-weight: 400;\">, ver\u00e1s la colecci\u00f3n m\u00e1s grande de las obras realizadas por este legendario pintor holand\u00e9s.\u00a0<\/span><\/p>\n<p><b>Es una excursi\u00f3n guiada<\/b> <b>de 2 horas<\/b><span style=\"font-weight: 400;\"> para que los amantes del arte y de la historia puedan deleitarse con cuadros como \u201cLos girasoles\u201d, \u201cLos comedores de patata\u201d y los legendarios autorretratos del artista.<\/span><\/p>\n<p><span style=\"font-weight: 400;\">En el recorrido ir\u00e1s siempre en compa\u00f1\u00eda de un experto en arte el cual te adentrar\u00e1 por la historia de cada cuadro.\u00a0<\/span><\/p>\n<p><span style=\"font-weight: 400;\">El gu\u00eda te impartir\u00e1 un an\u00e1lisis de las t\u00e9cnicas y pinceladas que usaba Van Gogh, as\u00ed como de la influencia que tuvieron varias personalidades en las emociones que el autor plasmaba en sus cuadros.\u00a0<\/span><\/p>\n<p><span style=\"font-weight: 400;\">Ser\u00e1 un viaje interesante por la vida y obra de este maestro del arte, para que admires cada una de sus pinturas en detalle.\u00a0\u00a0\u00a0<\/span><\/p>\n<p><span style=\"font-weight: 400;\">Es un tour privado al museo Van Gogh <\/span><b>totalmente personalizado<\/b><span style=\"font-weight: 400;\">, ya que el gu\u00eda te llevar\u00e1 por las salas m\u00e1s importantes y emblem\u00e1ticas de la galer\u00eda.\u00a0<\/span><\/p>\n<h2><strong>Puntos de inter\u00e9s en el tour privado en el Tour privado Museo Van Gogh<\/strong><\/h2>\n<p><span style=\"font-weight: 400;\">Nuestra visita guiada inicia cuando te encuentres con el gu\u00eda privado en la entrada del museo. Por suerte para ti, no tendr\u00e1s que hacer fila para entrar porque tenemos entradas exclusivas.\u00a0<\/span><\/p>\n<p><span style=\"font-weight: 400;\">Una vez adentro, el gu\u00eda te llevar\u00e1 hacia cada una de las obras art\u00edsticas m\u00e1s grandes de toda la historia, ya que el museo cuenta con 200 pinturas y unos 400 dibujos del autor.\u00a0<\/span><\/p>\n<p><span style=\"font-weight: 400;\">Dentro de los cuadros m\u00e1s emblem\u00e1ticos que ver\u00e1s est\u00e1n:\u00a0<\/span><\/p>\n<ul>\n<li style=\"font-weight: 400;\" aria-level=\"1\"><strong>\u201cLa habitaci\u00f3n en Arl\u00e9s\u201d.<\/strong><\/li>\n<li style=\"font-weight: 400;\" aria-level=\"1\"><strong>\u201cLos girasoles\u201d.<\/strong><\/li>\n<li style=\"font-weight: 400;\" aria-level=\"1\"><strong>\u201cAutorretrato frente al bastidor\u201d<\/strong><\/li>\n<li style=\"font-weight: 400;\" aria-level=\"1\"><strong>Y muchos cuadros y dibujos m\u00e1s.\u00a0<\/strong><\/li>\n<\/ul>\n<p><span style=\"font-weight: 400;\">Durante el recorrido guiado por el Museo Van Gogh, tambi\u00e9n tendr\u00e1s la oportunidad de admirar distintas pinturas de algunos artistas que fueron contempor\u00e1neos al maestro, como: Monet, Anton Mauve, Seurat, Signac, Millet, entre muchos otros pintores.\u00a0<\/span><\/p>\n<p><span style=\"font-weight: 400;\">Todos ellos formaron parte de la vida de Van Gogh, y sus obras han sido de gran importancia para entender las manifestaciones pict\u00f3ricas de esa \u00e9poca.\u00a0<\/span><\/p>\n<p><span style=\"font-weight: 400;\">Este Tour privado por el Museo Van Gogh ser\u00e1 un paseo ideal para observar todas las obras que representan la vida de este pintor que fue tan controversial. Conocer\u00e1s de cerca c\u00f3mo fueron sus inicios al mundo de la pintura y tambi\u00e9n acerca de sus \u00faltimos meses de vida, los cuales fueron de gran tormento para Van Gogh.\u00a0<\/span><\/p>\n<p><span style=\"font-weight: 400;\">Al culminar el recorrido de 2 horas, volveremos al punto de partida.\u00a0<\/span><\/p>\n<p><span style=\"font-weight: 400;\">Si lo deseas, puedes complementar tu encuentro con el arte a trav\u00e9s de nuestro <\/span><a href=\"https:\/\/tourtravelandmore.com\/es\/tours\/paises-bajos-es\/amsterdam-es\/tour-privado-museo-rijksmuseum\/\"><i><span style=\"font-weight: 400;\">tour privado al Museo Rijksmuseum<\/span><\/i><\/a><span style=\"font-weight: 400;\">. De esta manera, podr\u00e1s admirar las m\u00e1s hermosas representaciones pict\u00f3ricas de la Edad de Oro holandesa. <\/span><\/p>\n","protected":false},"excerpt":{"rendered":"<p><span style=\"font-weight: 400;\">Recorre el Museo m\u00e1s importante de Holanda, en nuestro tour\u00a0 privado al Museo Van Gogh. Estar\u00e1s durante 2 horas en compa\u00f1\u00eda de un gu\u00eda privado experto en arte para que admires de cerca las obras m\u00e1s importantes de Vincent Van Gogh. Es un tour exclusivo y personalizado, en el cual conocer\u00e1s sus famosas pinturas: <strong>los girasoles, la habitaci\u00f3n en Arl\u00e9s,<\/strong> sus autorretratos, as\u00ed como muchas obras m\u00e1s.<\/span><\/p>\n","protected":false},"featured_media":175032,"comment_status":"open","ping_status":"closed","template":"","meta":{"_acf_changed":false},"product_brand":[],"product_cat":[975,976,978],"product_tag":[],"class_list":{"0":"post-28076","1":"product","2":"type-product","3":"status-publish","4":"has-post-thumbnail","6":"product_cat-amsterdam-es","7":"product_cat-amsterdam-actividades-es","8":"product_cat-amsterdam-tours-privados-pie-es","10":"first","11":"instock","12":"shipping-taxable","13":"purchasable","14":"product-type-simple"},"acf":[],"yoast_head":"<!-- This site is optimized with the Yoast SEO Premium plugin v25.3.1 (Yoast SEO v25.3.1) - https:\/\/yoast.com\/wordpress\/plugins\/seo\/ -->\n<title>\u27a1\ufe0f Tour Privado al Museo Van Gogh con gu\u00eda privado | Tour Travel &amp; More<\/title>\n<meta name=\"description\" content=\"Descubre la colecci\u00f3n m\u00e1s importante de las obras de Vincent Van Gogh en un recorrido privado por el museo Van Gogh de \u00c1msterdam \u2705\" \/>\n<meta name=\"robots\" content=\"index, follow, max-snippet:-1, max-image-preview:large, max-video-preview:-1\" \/>\n<link rel=\"canonical\" href=\"https:\/\/tourtravelandmore.com\/es\/tours\/paises-bajos-es\/amsterdam-es\/tour-privado-museo-van-gogh\/\" \/>\n<meta property=\"og:locale\" content=\"es_ES\" \/>\n<meta property=\"og:type\" content=\"article\" \/>\n<meta property=\"og:title\" content=\"Tour privado Museo Van Gogh\" \/>\n<meta property=\"og:description\" content=\"Descubre la colecci\u00f3n m\u00e1s importante de las obras de Vincent Van Gogh en un recorrido privado por el museo Van Gogh de \u00c1msterdam \u2705\" \/>\n<meta property=\"og:url\" content=\"https:\/\/tourtravelandmore.com\/es\/tours\/paises-bajos-es\/amsterdam-es\/tour-privado-museo-van-gogh\/\" \/>\n<meta property=\"og:site_name\" content=\"Tour Travel And More\" \/>\n<meta property=\"article:publisher\" content=\"https:\/\/www.facebook.com\/tourtravelandmore\/\" \/>\n<meta property=\"article:modified_time\" content=\"2024-05-03T13:43:12+00:00\" \/>\n<meta property=\"og:image\" content=\"https:\/\/tourtravelandmore.com\/wp-content\/uploads\/2018\/10\/pexels-phong-thanh-3607237-11951240.jpg\" \/>\n\t<meta property=\"og:image:width\" content=\"1280\" \/>\n\t<meta property=\"og:image:height\" content=\"853\" \/>\n\t<meta property=\"og:image:type\" content=\"image\/jpeg\" \/>\n<meta name=\"twitter:card\" content=\"summary_large_image\" \/>\n<meta name=\"twitter:site\" content=\"@TourTravel_More\" \/>\n<meta name=\"twitter:label1\" content=\"Tiempo de lectura\" \/>\n\t<meta name=\"twitter:data1\" content=\"3 minutos\" \/>\n<script type=\"application\/ld+json\" class=\"yoast-schema-graph\">{\"@context\":\"https:\/\/schema.org\",\"@graph\":[{\"@type\":\"WebPage\",\"@id\":\"https:\/\/tourtravelandmore.com\/es\/tours\/paises-bajos-es\/amsterdam-es\/tour-privado-museo-van-gogh\/\",\"url\":\"https:\/\/tourtravelandmore.com\/es\/tours\/paises-bajos-es\/amsterdam-es\/tour-privado-museo-van-gogh\/\",\"name\":\"\u27a1\ufe0f Tour Privado al Museo Van Gogh con gu\u00eda privado | Tour Travel & More\",\"isPartOf\":{\"@id\":\"https:\/\/tourtravelandmore.com\/es\/#website\"},\"primaryImageOfPage\":{\"@id\":\"https:\/\/tourtravelandmore.com\/es\/tours\/paises-bajos-es\/amsterdam-es\/tour-privado-museo-van-gogh\/#primaryimage\"},\"image\":{\"@id\":\"https:\/\/tourtravelandmore.com\/es\/tours\/paises-bajos-es\/amsterdam-es\/tour-privado-museo-van-gogh\/#primaryimage\"},\"thumbnailUrl\":\"https:\/\/tourtravelandmore.com\/wp-content\/uploads\/2018\/10\/pexels-phong-thanh-3607237-11951240.jpg\",\"datePublished\":\"2018-10-19T10:16:21+00:00\",\"dateModified\":\"2024-05-03T13:43:12+00:00\",\"description\":\"Descubre la colecci\u00f3n m\u00e1s importante de las obras de Vincent Van Gogh en un recorrido privado por el museo Van Gogh de \u00c1msterdam \u2705\",\"breadcrumb\":{\"@id\":\"https:\/\/tourtravelandmore.com\/es\/tours\/paises-bajos-es\/amsterdam-es\/tour-privado-museo-van-gogh\/#breadcrumb\"},\"inLanguage\":\"es\",\"potentialAction\":[{\"@type\":\"ReadAction\",\"target\":[\"https:\/\/tourtravelandmore.com\/es\/tours\/paises-bajos-es\/amsterdam-es\/tour-privado-museo-van-gogh\/\"]}]},{\"@type\":\"ImageObject\",\"inLanguage\":\"es\",\"@id\":\"https:\/\/tourtravelandmore.com\/es\/tours\/paises-bajos-es\/amsterdam-es\/tour-privado-museo-van-gogh\/#primaryimage\",\"url\":\"https:\/\/tourtravelandmore.com\/wp-content\/uploads\/2018\/10\/pexels-phong-thanh-3607237-11951240.jpg\",\"contentUrl\":\"https:\/\/tourtravelandmore.com\/wp-content\/uploads\/2018\/10\/pexels-phong-thanh-3607237-11951240.jpg\",\"width\":1280,\"height\":853},{\"@type\":\"BreadcrumbList\",\"@id\":\"https:\/\/tourtravelandmore.com\/es\/tours\/paises-bajos-es\/amsterdam-es\/tour-privado-museo-van-gogh\/#breadcrumb\",\"itemListElement\":[{\"@type\":\"ListItem\",\"position\":1,\"name\":\"Home\",\"item\":\"https:\/\/tourtravelandmore.com\/es\/\"},{\"@type\":\"ListItem\",\"position\":2,\"name\":\"Tours\",\"item\":\"https:\/\/tourtravelandmore.com\/es\/tours\/\"},{\"@type\":\"ListItem\",\"position\":3,\"name\":\"Tour privado Museo Van Gogh\"}]},{\"@type\":\"WebSite\",\"@id\":\"https:\/\/tourtravelandmore.com\/es\/#website\",\"url\":\"https:\/\/tourtravelandmore.com\/es\/\",\"name\":\"Tour Travel And More\",\"description\":\"Private sightseeing tours and luxury transfers in Spain\",\"publisher\":{\"@id\":\"https:\/\/tourtravelandmore.com\/es\/#organization\"},\"potentialAction\":[{\"@type\":\"SearchAction\",\"target\":{\"@type\":\"EntryPoint\",\"urlTemplate\":\"https:\/\/tourtravelandmore.com\/es\/?s={search_term_string}\"},\"query-input\":{\"@type\":\"PropertyValueSpecification\",\"valueRequired\":true,\"valueName\":\"search_term_string\"}}],\"inLanguage\":\"es\"},{\"@type\":\"Organization\",\"@id\":\"https:\/\/tourtravelandmore.com\/es\/#organization\",\"name\":\"Tour Travel And More\",\"url\":\"https:\/\/tourtravelandmore.com\/es\/\",\"logo\":{\"@type\":\"ImageObject\",\"inLanguage\":\"es\",\"@id\":\"https:\/\/tourtravelandmore.com\/es\/#\/schema\/logo\/image\/\",\"url\":\"https:\/\/tourtravelandmore.com\/wp-content\/uploads\/2022\/12\/cropped-logo-cabecera-new.png\",\"contentUrl\":\"https:\/\/tourtravelandmore.com\/wp-content\/uploads\/2022\/12\/cropped-logo-cabecera-new.png\",\"width\":430,\"height\":61,\"caption\":\"Tour Travel And More\"},\"image\":{\"@id\":\"https:\/\/tourtravelandmore.com\/es\/#\/schema\/logo\/image\/\"},\"sameAs\":[\"https:\/\/www.facebook.com\/tourtravelandmore\/\",\"https:\/\/x.com\/TourTravel_More\"]}]}<\/script>\n<!-- \/ Yoast SEO Premium plugin. -->","yoast_head_json":{"title":"\u27a1\ufe0f Tour Privado al Museo Van Gogh con gu\u00eda privado | Tour Travel & More","description":"Descubre la colecci\u00f3n m\u00e1s importante de las obras de Vincent Van Gogh en un recorrido privado por el museo Van Gogh de \u00c1msterdam \u2705","robots":{"index":"index","follow":"follow","max-snippet":"max-snippet:-1","max-image-preview":"max-image-preview:large","max-video-preview":"max-video-preview:-1"},"canonical":"https:\/\/tourtravelandmore.com\/es\/tours\/paises-bajos-es\/amsterdam-es\/tour-privado-museo-van-gogh\/","og_locale":"es_ES","og_type":"article","og_title":"Tour privado Museo Van Gogh","og_description":"Descubre la colecci\u00f3n m\u00e1s importante de las obras de Vincent Van Gogh en un recorrido privado por el museo Van Gogh de \u00c1msterdam \u2705","og_url":"https:\/\/tourtravelandmore.com\/es\/tours\/paises-bajos-es\/amsterdam-es\/tour-privado-museo-van-gogh\/","og_site_name":"Tour Travel And More","article_publisher":"https:\/\/www.facebook.com\/tourtravelandmore\/","article_modified_time":"2024-05-03T13:43:12+00:00","og_image":[{"width":1280,"height":853,"url":"https:\/\/tourtravelandmore.com\/wp-content\/uploads\/2018\/10\/pexels-phong-thanh-3607237-11951240.jpg","type":"image\/jpeg"}],"twitter_card":"summary_large_image","twitter_site":"@TourTravel_More","twitter_misc":{"Tiempo de lectura":"3 minutos"},"schema":{"@context":"https:\/\/schema.org","@graph":[{"@type":"WebPage","@id":"https:\/\/tourtravelandmore.com\/es\/tours\/paises-bajos-es\/amsterdam-es\/tour-privado-museo-van-gogh\/","url":"https:\/\/tourtravelandmore.com\/es\/tours\/paises-bajos-es\/amsterdam-es\/tour-privado-museo-van-gogh\/","name":"\u27a1\ufe0f Tour Privado al Museo Van Gogh con gu\u00eda privado | Tour Travel & More","isPartOf":{"@id":"https:\/\/tourtravelandmore.com\/es\/#website"},"primaryImageOfPage":{"@id":"https:\/\/tourtravelandmore.com\/es\/tours\/paises-bajos-es\/amsterdam-es\/tour-privado-museo-van-gogh\/#primaryimage"},"image":{"@id":"https:\/\/tourtravelandmore.com\/es\/tours\/paises-bajos-es\/amsterdam-es\/tour-privado-museo-van-gogh\/#primaryimage"},"thumbnailUrl":"https:\/\/tourtravelandmore.com\/wp-content\/uploads\/2018\/10\/pexels-phong-thanh-3607237-11951240.jpg","datePublished":"2018-10-19T10:16:21+00:00","dateModified":"2024-05-03T13:43:12+00:00","description":"Descubre la colecci\u00f3n m\u00e1s importante de las obras de Vincent Van Gogh en un recorrido privado por el museo Van Gogh de \u00c1msterdam \u2705","breadcrumb":{"@id":"https:\/\/tourtravelandmore.com\/es\/tours\/paises-bajos-es\/amsterdam-es\/tour-privado-museo-van-gogh\/#breadcrumb"},"inLanguage":"es","potentialAction":[{"@type":"ReadAction","target":["https:\/\/tourtravelandmore.com\/es\/tours\/paises-bajos-es\/amsterdam-es\/tour-privado-museo-van-gogh\/"]}]},{"@type":"ImageObject","inLanguage":"es","@id":"https:\/\/tourtravelandmore.com\/es\/tours\/paises-bajos-es\/amsterdam-es\/tour-privado-museo-van-gogh\/#primaryimage","url":"https:\/\/tourtravelandmore.com\/wp-content\/uploads\/2018\/10\/pexels-phong-thanh-3607237-11951240.jpg","contentUrl":"https:\/\/tourtravelandmore.com\/wp-content\/uploads\/2018\/10\/pexels-phong-thanh-3607237-11951240.jpg","width":1280,"height":853},{"@type":"BreadcrumbList","@id":"https:\/\/tourtravelandmore.com\/es\/tours\/paises-bajos-es\/amsterdam-es\/tour-privado-museo-van-gogh\/#breadcrumb","itemListElement":[{"@type":"ListItem","position":1,"name":"Home","item":"https:\/\/tourtravelandmore.com\/es\/"},{"@type":"ListItem","position":2,"name":"Tours","item":"https:\/\/tourtravelandmore.com\/es\/tours\/"},{"@type":"ListItem","position":3,"name":"Tour privado Museo Van Gogh"}]},{"@type":"WebSite","@id":"https:\/\/tourtravelandmore.com\/es\/#website","url":"https:\/\/tourtravelandmore.com\/es\/","name":"Tour Travel And More","description":"Private sightseeing tours and luxury transfers in Spain","publisher":{"@id":"https:\/\/tourtravelandmore.com\/es\/#organization"},"potentialAction":[{"@type":"SearchAction","target":{"@type":"EntryPoint","urlTemplate":"https:\/\/tourtravelandmore.com\/es\/?s={search_term_string}"},"query-input":{"@type":"PropertyValueSpecification","valueRequired":true,"valueName":"search_term_string"}}],"inLanguage":"es"},{"@type":"Organization","@id":"https:\/\/tourtravelandmore.com\/es\/#organization","name":"Tour Travel And More","url":"https:\/\/tourtravelandmore.com\/es\/","logo":{"@type":"ImageObject","inLanguage":"es","@id":"https:\/\/tourtravelandmore.com\/es\/#\/schema\/logo\/image\/","url":"https:\/\/tourtravelandmore.com\/wp-content\/uploads\/2022\/12\/cropped-logo-cabecera-new.png","contentUrl":"https:\/\/tourtravelandmore.com\/wp-content\/uploads\/2022\/12\/cropped-logo-cabecera-new.png","width":430,"height":61,"caption":"Tour Travel And More"},"image":{"@id":"https:\/\/tourtravelandmore.com\/es\/#\/schema\/logo\/image\/"},"sameAs":["https:\/\/www.facebook.com\/tourtravelandmore\/","https:\/\/x.com\/TourTravel_More"]}]}},"_links":{"self":[{"href":"https:\/\/tourtravelandmore.com\/es\/wp-json\/wp\/v2\/product\/28076","targetHints":{"allow":["GET"]}}],"collection":[{"href":"https:\/\/tourtravelandmore.com\/es\/wp-json\/wp\/v2\/product"}],"about":[{"href":"https:\/\/tourtravelandmore.com\/es\/wp-json\/wp\/v2\/types\/product"}],"replies":[{"embeddable":true,"href":"https:\/\/tourtravelandmore.com\/es\/wp-json\/wp\/v2\/comments?post=28076"}],"wp:featuredmedia":[{"embeddable":true,"href":"https:\/\/tourtravelandmore.com\/es\/wp-json\/wp\/v2\/media\/175032"}],"wp:attachment":[{"href":"https:\/\/tourtravelandmore.com\/es\/wp-json\/wp\/v2\/media?parent=28076"}],"wp:term":[{"taxonomy":"product_brand","embeddable":true,"href":"https:\/\/tourtravelandmore.com\/es\/wp-json\/wp\/v2\/product_brand?post=28076"},{"taxonomy":"product_cat","embeddable":true,"href":"https:\/\/tourtravelandmore.com\/es\/wp-json\/wp\/v2\/product_cat?post=28076"},{"taxonomy":"product_tag","embeddable":true,"href":"https:\/\/tourtravelandmore.com\/es\/wp-json\/wp\/v2\/product_tag?post=28076"}],"curies":[{"name":"wp","href":"https:\/\/api.w.org\/{rel}","templated":true}]}}