{"id":28062,"date":"2018-10-19T11:44:33","date_gmt":"2018-10-19T09:44:35","guid":{"rendered":"http:\/\/tourtravelandmore.com\/es\/tours\/amsterdam-es\/tour-privado-a-pie-de-amsterdam-rijksmuseum\/"},"modified":"2024-01-12T11:34:42","modified_gmt":"2024-01-12T10:34:42","slug":"tour-privado-museo-rijksmuseum","status":"publish","type":"product","link":"https:\/\/tourtravelandmore.com\/es\/tours\/paises-bajos-es\/amsterdam-es\/tour-privado-museo-rijksmuseum\/","title":{"rendered":"Tour privado Museo Rijksmuseum"},"content":{"rendered":"<h2><b>Descripci\u00f3n del tour al museo Rijksmuseum<\/b><\/h2>\n<p><span style=\"font-weight: 400;\">Aprende todo sobre el arte y la historia holandesa en este tour personalizado con gu\u00eda incluido por el museo m\u00e1s grande de \u00c1msterdam.\u00a0<\/span><\/p>\n<p><span style=\"font-weight: 400;\">En este recorrido, <\/span><b>un gu\u00eda experto en arte te acompa\u00f1ar\u00e1<\/b><span style=\"font-weight: 400;\"> en una visita de 2 horas a trav\u00e9s de los salones y exposiciones del museo m\u00e1s importante de \u00c1msterdam.\u00a0<\/span><\/p>\n<p><span style=\"font-weight: 400;\">Para que aproveches al m\u00e1ximo el tiempo, visitaremos la renombrada sala de los grandes cl\u00e1sicos y que son \u00edcono del arte a nivel mundial. De esta forma, ver\u00e1s <\/span><b>las obras de arte m\u00e1s emblem\u00e1ticas del Siglo de Oro Holand\u00e9s.\u00a0<\/b><\/p>\n<p><span style=\"font-weight: 400;\">El gu\u00eda te dar\u00e1 la rese\u00f1a completa de cada una de las pinturas, para que analices el valor que identificaba a todos estos artistas.\u00a0<\/span><\/p>\n<p><span style=\"font-weight: 400;\">Obras de grandes maestros como Rembrandt, Jacob Ruysdael, Jan Steen, Frans Hals, Willem Claeszoon, entre muchos otros representantes del realismo y diversas tendencias art\u00edsticas, se conjugan en este museo para que te deleites con sus impresionantes pinturas.\u00a0<\/span><\/p>\n<p><span style=\"font-weight: 400;\">De hecho, este majestuoso recinto ofrece 80 salas de exposici\u00f3n, en las que se muestran m\u00e1s de 800 a\u00f1os de la historia holandesa. Y todo lo podr\u00e1s conocer en estas 2 horas de tour privado al Museo Rijksmuseum.\u00a0<\/span><\/p>\n<h2><strong>Puntos de inter\u00e9s en Tour privado Museo Rijksmuseum<\/strong><\/h2>\n<p><span style=\"font-weight: 400;\">Visitar \u00c1msterdam te da la oportunidad de conocer uno de los museos m\u00e1s grandes de Europa.\u00a0<\/span><\/p>\n<p><span style=\"font-weight: 400;\">Sum\u00e9rgete en un viaje por el tiempo y visita las salas m\u00e1s llamativas y representativas de la Edad de Oro Holandesa.\u00a0<\/span><\/p>\n<p><span style=\"font-weight: 400;\">En estas 2 horas podr\u00e1s admirar de cerca uno de <\/span><b>los autorretratos del c\u00e9lebre Vincent Van Gogh<\/b><span style=\"font-weight: 400;\">.\u00a0<\/span><\/p>\n<p><span style=\"font-weight: 400;\">Tambi\u00e9n, este Museo alberga la pintura \u201cEl molino de viento\u201d de Wijk bij Duurstede, la cual es la obra m\u00e1s conocida de este gran paisajista.\u00a0<\/span><\/p>\n<p><span style=\"font-weight: 400;\">Asimismo, podr\u00e1s ver la sala en la que est\u00e1n <\/span><b>las obras de arte de Rembrandt<\/b><span style=\"font-weight: 400;\">. Dentro de las principales pinturas que ver\u00e1s del autor se encuentran:\u00a0<\/span><\/p>\n<ul>\n<li style=\"font-weight: 400;\" aria-level=\"1\"><strong>Autorretrato de joven.<\/strong><\/li>\n<li style=\"font-weight: 400;\" aria-level=\"1\"><strong>Retrato de Johannes Wtenbogaert.<\/strong><\/li>\n<li style=\"font-weight: 400;\" aria-level=\"1\"><strong>Jerem\u00edas lamentando la destrucci\u00f3n de Jerusal\u00e9n.<\/strong><\/li>\n<li style=\"font-weight: 400;\" aria-level=\"1\"><strong>La novia jud\u00eda.\u00a0<\/strong><\/li>\n<li style=\"font-weight: 400;\" aria-level=\"1\"><strong>Maerten Soolmans<\/strong><\/li>\n<li style=\"font-weight: 400;\" aria-level=\"1\"><strong>Y muchas pinturas m\u00e1s.\u00a0<\/strong><\/li>\n<\/ul>\n<p><span style=\"font-weight: 400;\">Adem\u00e1s, tambi\u00e9n podr\u00e1s admirar obras de grandes maestros como Frans Hals y Johannes Vermeer, dentro de las que destacan:\u00a0<\/span><\/p>\n<ul>\n<li style=\"font-weight: 400;\" aria-level=\"1\"><strong>El alegre bebedor.<\/strong><\/li>\n<li style=\"font-weight: 400;\" aria-level=\"1\"><strong>La magra compa\u00f1\u00eda.<\/strong><\/li>\n<li style=\"font-weight: 400;\" aria-level=\"1\"><strong>Y distintas obras atemporales.\u00a0<\/strong><\/li>\n<\/ul>\n<p><span style=\"font-weight: 400;\">En todo el recorrido ir\u00e1s con el gu\u00eda experto que se encargar\u00e1 de ayudarte a comprender mejor la esencia de las distintas t\u00e9cnicas que usaban los artistas y la influencia que han tenido en el arte mundial.\u00a0<\/span><\/p>\n<p><span style=\"font-weight: 400;\">Pero no todo son pinturas en el Rijksmuseum, puesto que la exposici\u00f3n se complementa con unos 8.000 objetos, entre los que figuran restos arqueol\u00f3gicos, muestras de cer\u00e1mica y otros elementos, que representan la cultura y la tradici\u00f3n de los Pa\u00edses Bajos.\u00a0<\/span><\/p>\n<p><span style=\"font-weight: 400;\">Asimismo, toda la arquitectura del edificio en s\u00ed mismo es una obra de arte, por lo que cada minuto del paseo ser\u00e1 todo un deleite visual.\u00a0\u00a0<\/span><\/p>\n<p><span style=\"font-weight: 400;\">El recorrido est\u00e1 planificado para que conozcas bien las obras y todos los tesoros que alberga este maravilloso templo del arte.\u00a0<\/span><\/p>\n<p><span style=\"font-weight: 400;\">Para que completes tu d\u00eda de arte y belleza, lo mejor es que contrates nuestro <\/span><a href=\"https:\/\/tourtravelandmore.com\/es\/tours\/paises-bajos-es\/amsterdam-es\/tour-privado-museo-van-gogh\/\"><i><span style=\"font-weight: 400;\">tour privado Museo Van Gogh <\/span><\/i><\/a><span style=\"font-weight: 400;\">para que te dejes llevar por la majestuosidad de ese enigm\u00e1tico museo. \u00a0 <\/span><\/p>\n","protected":false},"excerpt":{"rendered":"<p><span style=\"font-weight: 400;\">Conoce la colecci\u00f3n m\u00e1s importante de arte del Siglo de Oro Holand\u00e9s en nuestro <\/span><b>tour privado al Museo Rijksmuseum. <\/b><span style=\"font-weight: 400;\">Ser\u00e1 un recorrido exclusivo de 2 horas con gu\u00eda privado por uno de los museos m\u00e1s emblem\u00e1ticos de toda Europa. Podr\u00e1s admirar de cerca algunas de las obras de grandes artistas como Frans Hals, Rembrandt, Jan Steen, entre muchos otros. Adem\u00e1s, descubrir\u00e1s la historia que envuelve cada uno de los cuadros m\u00e1s atractivos que se encuentran dentro del Museo. <\/span><\/p>\n","protected":false},"featured_media":28068,"comment_status":"open","ping_status":"closed","template":"","meta":{"_acf_changed":false},"product_brand":[],"product_cat":[975,976,978],"product_tag":[],"class_list":{"0":"post-28062","1":"product","2":"type-product","3":"status-publish","4":"has-post-thumbnail","6":"product_cat-amsterdam-es","7":"product_cat-amsterdam-actividades-es","8":"product_cat-amsterdam-tours-privados-pie-es","10":"first","11":"instock","12":"shipping-taxable","13":"purchasable","14":"product-type-simple"},"acf":[],"yoast_head":"<!-- This site is optimized with the Yoast SEO Premium plugin v25.3.1 (Yoast SEO v25.3.1) - https:\/\/yoast.com\/wordpress\/plugins\/seo\/ -->\n<title>\u27a1\ufe0f Tour Privado al Museo Rijksmuseum con gu\u00eda privado | Tour Travel &amp; More<\/title>\n<meta name=\"description\" content=\"Aparta 2 horas para recorrer en un tour privado el Museo Rijksmuseum de \u00c1msterdam acompa\u00f1ado de un gu\u00eda privado experto en arte \u2705\" \/>\n<meta name=\"robots\" content=\"index, follow, max-snippet:-1, max-image-preview:large, max-video-preview:-1\" \/>\n<link rel=\"canonical\" href=\"https:\/\/tourtravelandmore.com\/es\/tours\/paises-bajos-es\/amsterdam-es\/tour-privado-museo-rijksmuseum\/\" \/>\n<meta property=\"og:locale\" content=\"es_ES\" \/>\n<meta property=\"og:type\" content=\"article\" \/>\n<meta property=\"og:title\" content=\"Tour privado Museo Rijksmuseum\" \/>\n<meta property=\"og:description\" content=\"Aparta 2 horas para recorrer en un tour privado el Museo Rijksmuseum de \u00c1msterdam acompa\u00f1ado de un gu\u00eda privado experto en arte \u2705\" \/>\n<meta property=\"og:url\" content=\"https:\/\/tourtravelandmore.com\/es\/tours\/paises-bajos-es\/amsterdam-es\/tour-privado-museo-rijksmuseum\/\" \/>\n<meta property=\"og:site_name\" content=\"Tour Travel And More\" \/>\n<meta property=\"article:publisher\" content=\"https:\/\/www.facebook.com\/tourtravelandmore\/\" \/>\n<meta property=\"article:modified_time\" content=\"2024-01-12T10:34:42+00:00\" \/>\n<meta property=\"og:image\" content=\"https:\/\/tourtravelandmore.com\/wp-content\/uploads\/2018\/10\/Amsterdam_-_Rijksmuseum_-_panoramio_-_Nikolai_Karaneschev.jpg\" \/>\n\t<meta property=\"og:image:width\" content=\"1024\" \/>\n\t<meta property=\"og:image:height\" content=\"683\" \/>\n\t<meta property=\"og:image:type\" content=\"image\/jpeg\" \/>\n<meta name=\"twitter:card\" content=\"summary_large_image\" \/>\n<meta name=\"twitter:site\" content=\"@TourTravel_More\" \/>\n<meta name=\"twitter:label1\" content=\"Tiempo de lectura\" \/>\n\t<meta name=\"twitter:data1\" content=\"3 minutos\" \/>\n<script type=\"application\/ld+json\" class=\"yoast-schema-graph\">{\"@context\":\"https:\/\/schema.org\",\"@graph\":[{\"@type\":\"WebPage\",\"@id\":\"https:\/\/tourtravelandmore.com\/es\/tours\/paises-bajos-es\/amsterdam-es\/tour-privado-museo-rijksmuseum\/\",\"url\":\"https:\/\/tourtravelandmore.com\/es\/tours\/paises-bajos-es\/amsterdam-es\/tour-privado-museo-rijksmuseum\/\",\"name\":\"\u27a1\ufe0f Tour Privado al Museo Rijksmuseum con gu\u00eda privado | Tour Travel & More\",\"isPartOf\":{\"@id\":\"https:\/\/tourtravelandmore.com\/es\/#website\"},\"primaryImageOfPage\":{\"@id\":\"https:\/\/tourtravelandmore.com\/es\/tours\/paises-bajos-es\/amsterdam-es\/tour-privado-museo-rijksmuseum\/#primaryimage\"},\"image\":{\"@id\":\"https:\/\/tourtravelandmore.com\/es\/tours\/paises-bajos-es\/amsterdam-es\/tour-privado-museo-rijksmuseum\/#primaryimage\"},\"thumbnailUrl\":\"https:\/\/tourtravelandmore.com\/wp-content\/uploads\/2018\/10\/Amsterdam_-_Rijksmuseum_-_panoramio_-_Nikolai_Karaneschev.jpg\",\"datePublished\":\"2018-10-19T09:44:35+00:00\",\"dateModified\":\"2024-01-12T10:34:42+00:00\",\"description\":\"Aparta 2 horas para recorrer en un tour privado el Museo Rijksmuseum de \u00c1msterdam acompa\u00f1ado de un gu\u00eda privado experto en arte \u2705\",\"breadcrumb\":{\"@id\":\"https:\/\/tourtravelandmore.com\/es\/tours\/paises-bajos-es\/amsterdam-es\/tour-privado-museo-rijksmuseum\/#breadcrumb\"},\"inLanguage\":\"es\",\"potentialAction\":[{\"@type\":\"ReadAction\",\"target\":[\"https:\/\/tourtravelandmore.com\/es\/tours\/paises-bajos-es\/amsterdam-es\/tour-privado-museo-rijksmuseum\/\"]}]},{\"@type\":\"ImageObject\",\"inLanguage\":\"es\",\"@id\":\"https:\/\/tourtravelandmore.com\/es\/tours\/paises-bajos-es\/amsterdam-es\/tour-privado-museo-rijksmuseum\/#primaryimage\",\"url\":\"https:\/\/tourtravelandmore.com\/wp-content\/uploads\/2018\/10\/Amsterdam_-_Rijksmuseum_-_panoramio_-_Nikolai_Karaneschev.jpg\",\"contentUrl\":\"https:\/\/tourtravelandmore.com\/wp-content\/uploads\/2018\/10\/Amsterdam_-_Rijksmuseum_-_panoramio_-_Nikolai_Karaneschev.jpg\",\"width\":2480,\"height\":1653},{\"@type\":\"BreadcrumbList\",\"@id\":\"https:\/\/tourtravelandmore.com\/es\/tours\/paises-bajos-es\/amsterdam-es\/tour-privado-museo-rijksmuseum\/#breadcrumb\",\"itemListElement\":[{\"@type\":\"ListItem\",\"position\":1,\"name\":\"Home\",\"item\":\"https:\/\/tourtravelandmore.com\/es\/\"},{\"@type\":\"ListItem\",\"position\":2,\"name\":\"Tours\",\"item\":\"https:\/\/tourtravelandmore.com\/es\/tours\/\"},{\"@type\":\"ListItem\",\"position\":3,\"name\":\"Tour privado Museo Rijksmuseum\"}]},{\"@type\":\"WebSite\",\"@id\":\"https:\/\/tourtravelandmore.com\/es\/#website\",\"url\":\"https:\/\/tourtravelandmore.com\/es\/\",\"name\":\"Tour Travel And More\",\"description\":\"Private sightseeing tours and luxury transfers in Spain\",\"publisher\":{\"@id\":\"https:\/\/tourtravelandmore.com\/es\/#organization\"},\"potentialAction\":[{\"@type\":\"SearchAction\",\"target\":{\"@type\":\"EntryPoint\",\"urlTemplate\":\"https:\/\/tourtravelandmore.com\/es\/?s={search_term_string}\"},\"query-input\":{\"@type\":\"PropertyValueSpecification\",\"valueRequired\":true,\"valueName\":\"search_term_string\"}}],\"inLanguage\":\"es\"},{\"@type\":\"Organization\",\"@id\":\"https:\/\/tourtravelandmore.com\/es\/#organization\",\"name\":\"Tour Travel And More\",\"url\":\"https:\/\/tourtravelandmore.com\/es\/\",\"logo\":{\"@type\":\"ImageObject\",\"inLanguage\":\"es\",\"@id\":\"https:\/\/tourtravelandmore.com\/es\/#\/schema\/logo\/image\/\",\"url\":\"https:\/\/tourtravelandmore.com\/wp-content\/uploads\/2022\/12\/cropped-logo-cabecera-new.png\",\"contentUrl\":\"https:\/\/tourtravelandmore.com\/wp-content\/uploads\/2022\/12\/cropped-logo-cabecera-new.png\",\"width\":430,\"height\":61,\"caption\":\"Tour Travel And More\"},\"image\":{\"@id\":\"https:\/\/tourtravelandmore.com\/es\/#\/schema\/logo\/image\/\"},\"sameAs\":[\"https:\/\/www.facebook.com\/tourtravelandmore\/\",\"https:\/\/x.com\/TourTravel_More\"]}]}<\/script>\n<!-- \/ Yoast SEO Premium plugin. -->","yoast_head_json":{"title":"\u27a1\ufe0f Tour Privado al Museo Rijksmuseum con gu\u00eda privado | Tour Travel & More","description":"Aparta 2 horas para recorrer en un tour privado el Museo Rijksmuseum de \u00c1msterdam acompa\u00f1ado de un gu\u00eda privado experto en arte \u2705","robots":{"index":"index","follow":"follow","max-snippet":"max-snippet:-1","max-image-preview":"max-image-preview:large","max-video-preview":"max-video-preview:-1"},"canonical":"https:\/\/tourtravelandmore.com\/es\/tours\/paises-bajos-es\/amsterdam-es\/tour-privado-museo-rijksmuseum\/","og_locale":"es_ES","og_type":"article","og_title":"Tour privado Museo Rijksmuseum","og_description":"Aparta 2 horas para recorrer en un tour privado el Museo Rijksmuseum de \u00c1msterdam acompa\u00f1ado de un gu\u00eda privado experto en arte \u2705","og_url":"https:\/\/tourtravelandmore.com\/es\/tours\/paises-bajos-es\/amsterdam-es\/tour-privado-museo-rijksmuseum\/","og_site_name":"Tour Travel And More","article_publisher":"https:\/\/www.facebook.com\/tourtravelandmore\/","article_modified_time":"2024-01-12T10:34:42+00:00","og_image":[{"url":"https:\/\/tourtravelandmore.com\/wp-content\/uploads\/2018\/10\/Amsterdam_-_Rijksmuseum_-_panoramio_-_Nikolai_Karaneschev.jpg","width":1024,"height":683,"type":"image\/jpeg"}],"twitter_card":"summary_large_image","twitter_site":"@TourTravel_More","twitter_misc":{"Tiempo de lectura":"3 minutos"},"schema":{"@context":"https:\/\/schema.org","@graph":[{"@type":"WebPage","@id":"https:\/\/tourtravelandmore.com\/es\/tours\/paises-bajos-es\/amsterdam-es\/tour-privado-museo-rijksmuseum\/","url":"https:\/\/tourtravelandmore.com\/es\/tours\/paises-bajos-es\/amsterdam-es\/tour-privado-museo-rijksmuseum\/","name":"\u27a1\ufe0f Tour Privado al Museo Rijksmuseum con gu\u00eda privado | Tour Travel & More","isPartOf":{"@id":"https:\/\/tourtravelandmore.com\/es\/#website"},"primaryImageOfPage":{"@id":"https:\/\/tourtravelandmore.com\/es\/tours\/paises-bajos-es\/amsterdam-es\/tour-privado-museo-rijksmuseum\/#primaryimage"},"image":{"@id":"https:\/\/tourtravelandmore.com\/es\/tours\/paises-bajos-es\/amsterdam-es\/tour-privado-museo-rijksmuseum\/#primaryimage"},"thumbnailUrl":"https:\/\/tourtravelandmore.com\/wp-content\/uploads\/2018\/10\/Amsterdam_-_Rijksmuseum_-_panoramio_-_Nikolai_Karaneschev.jpg","datePublished":"2018-10-19T09:44:35+00:00","dateModified":"2024-01-12T10:34:42+00:00","description":"Aparta 2 horas para recorrer en un tour privado el Museo Rijksmuseum de \u00c1msterdam acompa\u00f1ado de un gu\u00eda privado experto en arte \u2705","breadcrumb":{"@id":"https:\/\/tourtravelandmore.com\/es\/tours\/paises-bajos-es\/amsterdam-es\/tour-privado-museo-rijksmuseum\/#breadcrumb"},"inLanguage":"es","potentialAction":[{"@type":"ReadAction","target":["https:\/\/tourtravelandmore.com\/es\/tours\/paises-bajos-es\/amsterdam-es\/tour-privado-museo-rijksmuseum\/"]}]},{"@type":"ImageObject","inLanguage":"es","@id":"https:\/\/tourtravelandmore.com\/es\/tours\/paises-bajos-es\/amsterdam-es\/tour-privado-museo-rijksmuseum\/#primaryimage","url":"https:\/\/tourtravelandmore.com\/wp-content\/uploads\/2018\/10\/Amsterdam_-_Rijksmuseum_-_panoramio_-_Nikolai_Karaneschev.jpg","contentUrl":"https:\/\/tourtravelandmore.com\/wp-content\/uploads\/2018\/10\/Amsterdam_-_Rijksmuseum_-_panoramio_-_Nikolai_Karaneschev.jpg","width":2480,"height":1653},{"@type":"BreadcrumbList","@id":"https:\/\/tourtravelandmore.com\/es\/tours\/paises-bajos-es\/amsterdam-es\/tour-privado-museo-rijksmuseum\/#breadcrumb","itemListElement":[{"@type":"ListItem","position":1,"name":"Home","item":"https:\/\/tourtravelandmore.com\/es\/"},{"@type":"ListItem","position":2,"name":"Tours","item":"https:\/\/tourtravelandmore.com\/es\/tours\/"},{"@type":"ListItem","position":3,"name":"Tour privado Museo Rijksmuseum"}]},{"@type":"WebSite","@id":"https:\/\/tourtravelandmore.com\/es\/#website","url":"https:\/\/tourtravelandmore.com\/es\/","name":"Tour Travel And More","description":"Private sightseeing tours and luxury transfers in Spain","publisher":{"@id":"https:\/\/tourtravelandmore.com\/es\/#organization"},"potentialAction":[{"@type":"SearchAction","target":{"@type":"EntryPoint","urlTemplate":"https:\/\/tourtravelandmore.com\/es\/?s={search_term_string}"},"query-input":{"@type":"PropertyValueSpecification","valueRequired":true,"valueName":"search_term_string"}}],"inLanguage":"es"},{"@type":"Organization","@id":"https:\/\/tourtravelandmore.com\/es\/#organization","name":"Tour Travel And More","url":"https:\/\/tourtravelandmore.com\/es\/","logo":{"@type":"ImageObject","inLanguage":"es","@id":"https:\/\/tourtravelandmore.com\/es\/#\/schema\/logo\/image\/","url":"https:\/\/tourtravelandmore.com\/wp-content\/uploads\/2022\/12\/cropped-logo-cabecera-new.png","contentUrl":"https:\/\/tourtravelandmore.com\/wp-content\/uploads\/2022\/12\/cropped-logo-cabecera-new.png","width":430,"height":61,"caption":"Tour Travel And More"},"image":{"@id":"https:\/\/tourtravelandmore.com\/es\/#\/schema\/logo\/image\/"},"sameAs":["https:\/\/www.facebook.com\/tourtravelandmore\/","https:\/\/x.com\/TourTravel_More"]}]}},"_links":{"self":[{"href":"https:\/\/tourtravelandmore.com\/es\/wp-json\/wp\/v2\/product\/28062","targetHints":{"allow":["GET"]}}],"collection":[{"href":"https:\/\/tourtravelandmore.com\/es\/wp-json\/wp\/v2\/product"}],"about":[{"href":"https:\/\/tourtravelandmore.com\/es\/wp-json\/wp\/v2\/types\/product"}],"replies":[{"embeddable":true,"href":"https:\/\/tourtravelandmore.com\/es\/wp-json\/wp\/v2\/comments?post=28062"}],"wp:featuredmedia":[{"embeddable":true,"href":"https:\/\/tourtravelandmore.com\/es\/wp-json\/wp\/v2\/media\/28068"}],"wp:attachment":[{"href":"https:\/\/tourtravelandmore.com\/es\/wp-json\/wp\/v2\/media?parent=28062"}],"wp:term":[{"taxonomy":"product_brand","embeddable":true,"href":"https:\/\/tourtravelandmore.com\/es\/wp-json\/wp\/v2\/product_brand?post=28062"},{"taxonomy":"product_cat","embeddable":true,"href":"https:\/\/tourtravelandmore.com\/es\/wp-json\/wp\/v2\/product_cat?post=28062"},{"taxonomy":"product_tag","embeddable":true,"href":"https:\/\/tourtravelandmore.com\/es\/wp-json\/wp\/v2\/product_tag?post=28062"}],"curies":[{"name":"wp","href":"https:\/\/api.w.org\/{rel}","templated":true}]}}