{"id":28045,"date":"2018-10-19T11:04:12","date_gmt":"2018-10-19T09:04:14","guid":{"rendered":"http:\/\/tourtravelandmore.com\/es\/tours\/amsterdam-es\/tour-privado-a-pie-de-amsterdam-anna-frank\/"},"modified":"2024-01-12T11:41:17","modified_gmt":"2024-01-12T10:41:17","slug":"tour-a-pie-de-anna-frank-por-el-barrio-judio","status":"publish","type":"product","link":"https:\/\/tourtravelandmore.com\/es\/tours\/paises-bajos-es\/amsterdam-es\/tour-a-pie-de-anna-frank-por-el-barrio-judio\/","title":{"rendered":"Tour a pie de Anna Frank por el Barrio Jud\u00edo"},"content":{"rendered":"<h2><b>Descripci\u00f3n del tour a pie de Anna Frank<\/b><\/h2>\n<p><span style=\"font-weight: 400;\">El diario de Ana Frank es uno de los relatos m\u00e1s desgarradores y que mejor ilustra la angustia y los horrores que vivi\u00f3 el pueblo jud\u00edo durante la ocupaci\u00f3n nazi en \u00c1msterdam.\u00a0<\/span><\/p>\n<p><span style=\"font-weight: 400;\">En este <\/span><b>tour a pie de Anna Frank por el Barrio Jud\u00edo,<\/b><span style=\"font-weight: 400;\"> nos adentraremos en muchos detalles sobre el holocausto nazi, as\u00ed como en los eventos de la resistencia y la deportaci\u00f3n jud\u00eda a los campos de concentraci\u00f3n.\u00a0<\/span><\/p>\n<p><span style=\"font-weight: 400;\">Toda <\/span><b>la historia ser\u00e1 contada por el gu\u00eda experto<\/b><span style=\"font-weight: 400;\">, el cual se apoyar\u00e1 en los relatos que dej\u00f3 Ana Frank en sus notas escritas durante los a\u00f1os 1942 y 1944.\u00a0<\/span><\/p>\n<p><span style=\"font-weight: 400;\">Durante el recorrido de 2 horas, estar\u00e1s acompa\u00f1ado por el gu\u00eda privado para conocer y recorrer los puntos m\u00e1s emblem\u00e1ticos del Barrio Jud\u00edo. De esta manera descubrir\u00e1s la historia que envuelve cada punto que vas a visitar.\u00a0\u00a0<\/span><\/p>\n<p><span style=\"font-weight: 400;\">Partiremos del Museo Hist\u00f3rico Jud\u00edo, para despu\u00e9s ir a pie por el barrio que alberg\u00f3 a muchos jud\u00edos durante la ocupaci\u00f3n Nazi.\u00a0<\/span><\/p>\n<p><span style=\"font-weight: 400;\">En este paseo, ver\u00e1s los monumentos que permanecen como testigos de los tiempos m\u00e1s oscuros de \u00c1msterdam.\u00a0<\/span><\/p>\n<p><span style=\"font-weight: 400;\">Pasar\u00e1s por la Sinagoga portuguesa, el Monumento a Auschwitz, la Sede del Consejo Jud\u00edo, entre otros edificios hist\u00f3ricos para llegar a la casa de Ana Frank, en donde est\u00e1 el anexo que sirvi\u00f3 de refugio para ella y su familia, hasta que fueron descubiertos por las fuerzas alemanas.\u00a0<\/span><\/p>\n<h2><span style=\"font-weight: 400;\">\u00a0<\/span><b>Puntos de inter\u00e9s en este tour privado a pie<\/b><\/h2>\n<p><span style=\"font-weight: 400;\">Durante las 2 horas de <\/span><b>recorrido a pie por el Barrio Jud\u00edo<\/b><span style=\"font-weight: 400;\">, ir\u00e1s en compa\u00f1\u00eda de un gu\u00eda privado, quien se encargar\u00e1 de recrearte la historia narrada por la valiente Ana Frank en las p\u00e1ginas de su diario. Adem\u00e1s, conocer\u00e1s los emblemas de la ocupaci\u00f3n nazi y del holocausto jud\u00edo.\u00a0<\/span><\/p>\n<p><span style=\"font-weight: 400;\">Dentro de los sitios de inter\u00e9s m\u00e1s importantes que ver\u00e1s, est\u00e1n los siguientes:\u00a0<\/span><\/p>\n<h3><span style=\"color: #d3af37;\"><b>Museo Hist\u00f3rico Jud\u00edo\u00a0<\/b><\/span><\/h3>\n<p><span style=\"font-weight: 400;\">En este punto ubicado en pleno coraz\u00f3n del barrio jud\u00edo inicia la excursi\u00f3n guiada. Desde all\u00ed, iremos a recorrer algunos de los sitios nombrados en el diario de Ana Frank, para conocer todo lo que los jud\u00edos vivieron en el holocausto.\u00a0<\/span><\/p>\n<h3><span style=\"color: #d3af37;\"><b>Sinagoga portuguesa<\/b><\/span><\/h3>\n<p><span style=\"font-weight: 400;\">La comunidad sefard\u00ed construy\u00f3 esta imponente Sinagoga en la Edad de Oro holandesa, la cual fue destruida casi en su totalidad durante la Segunda Guerra Mundial.\u00a0<\/span><\/p>\n<p><span style=\"font-weight: 400;\">No obstante, entre 1953 y 1957 fue reconstruida nuevamente, y hoy en d\u00eda es uno de los monumentos m\u00e1s representativos de la influencia que tuvieron los jud\u00edos sobre \u00c1msterdam.\u00a0<\/span><\/p>\n<h3><span style=\"color: #d3af37;\"><b>Monumento a Auschwitz\u00a0<\/b><\/span><\/h3>\n<p><span style=\"font-weight: 400;\">Pasaremos por el Monumento a Auschwitz, el cual se erigi\u00f3 en un homenaje a todas las v\u00edctimas neerlandesas que perecieron en los campos de concentraci\u00f3n.\u00a0<\/span><\/p>\n<p><span style=\"font-weight: 400;\">Ser\u00e1 un momento muy emotivo y que quedar\u00e1 para siempre en tu memoria.\u00a0<\/span><\/p>\n<h3><span style=\"color: #d3af37;\"><b>El Estibador<\/b><\/span><\/h3>\n<p><span style=\"font-weight: 400;\">Tambi\u00e9n, ver\u00e1s la famosa estatua del Estibador, la cual es un recordatorio de las huelgas de los trabajadores portuarios en 1941 durante la Segunda Guerra Mundial.\u00a0<\/span><\/p>\n<p><span style=\"font-weight: 400;\">Ser\u00e1 un tour a pie muy emocionante para que conectes con el lado hist\u00f3rico de la ciudad.\u00a0<\/span><\/p>\n<p><span style=\"font-weight: 400;\">Y unido a esos puntos de inter\u00e9s, tambi\u00e9n veremos el exterior de la Sede del Consejo Jud\u00edo, la Iglesia Westerkerk y muchos otros edificios y monumentos que cuentan la influencia de la comunidad jud\u00eda en la ciudad.\u00a0<\/span><\/p>\n<p><span style=\"font-weight: 400;\">Terminaremos el tour a pie por el Barrio Jud\u00edo frente a la casa que sirvi\u00f3 como escondite por 2 a\u00f1os para Ana Frank y su familia. De esa forma te llevar\u00e1s un v\u00edvido recordatorio de las penas por las cuales pasaron tantos jud\u00edos por tan solo pensar de manera diferente.\u00a0<\/span><\/p>\n<p><span style=\"font-weight: 400;\">Para que completes tu d\u00eda, puedes aprovechar nuestro <\/span><a href=\"https:\/\/tourtravelandmore.com\/es\/tours\/paises-bajos-es\/amsterdam-es\/tour-privado-museo-rijksmuseum\/\"><i><span style=\"font-weight: 400;\">tour privado al museo Rijksmuseum<\/span><\/i><\/a><span style=\"font-weight: 400;\">. Esta ser\u00e1 una forma muy emocionante de conocer el arte holand\u00e9s.\u00a0 <\/span><\/p>\n","protected":false},"excerpt":{"rendered":"<p><span style=\"font-weight: 400;\">La historia de <strong>Ana Frank<\/strong> es uno de los cap\u00edtulos m\u00e1s representativos del holocausto nazi. Si quieres conocer la emblem\u00e1tica casa en la cual esta ni\u00f1a escribi\u00f3 el c\u00e9lebre diario de Ana Frank, as\u00ed como el Barrio Jud\u00edo y sus puntos m\u00e1s importantes, aprovecha este tour a pie de Anna Frank por el Barrio Jud\u00edo. Ser\u00e1 una forma inolvidable de descubrir toda la cultura y la historia que encierra la espl\u00e9ndida ciudad de \u00c1msterdam. <\/span><\/p>\n","protected":false},"featured_media":114697,"comment_status":"open","ping_status":"closed","template":"","meta":{"_acf_changed":false},"product_brand":[],"product_cat":[975,976,978],"product_tag":[],"class_list":{"0":"post-28045","1":"product","2":"type-product","3":"status-publish","4":"has-post-thumbnail","6":"product_cat-amsterdam-es","7":"product_cat-amsterdam-actividades-es","8":"product_cat-amsterdam-tours-privados-pie-es","10":"first","11":"instock","12":"shipping-taxable","13":"purchasable","14":"product-type-simple"},"acf":[],"yoast_head":"<!-- This site is optimized with the Yoast SEO Premium plugin v25.3.1 (Yoast SEO v25.3.1) - https:\/\/yoast.com\/wordpress\/plugins\/seo\/ -->\n<title>\u27a1\ufe0f Tour privado de Ana Frank por el Barrio Jud\u00edo a pie | Tour Travel &amp; More<\/title>\n<meta name=\"description\" content=\"Descubre \u00c1msterdam a trav\u00e9s de la historia de Ana Frank y conoce la actuaci\u00f3n que tuvo el r\u00e9gimen nazi durante la Segunda Guerra Mundial en esa ciudad holandesa \u2705\" \/>\n<meta name=\"robots\" content=\"index, follow, max-snippet:-1, max-image-preview:large, max-video-preview:-1\" \/>\n<link rel=\"canonical\" href=\"https:\/\/tourtravelandmore.com\/es\/tours\/paises-bajos-es\/amsterdam-es\/tour-a-pie-de-anna-frank-por-el-barrio-judio\/\" \/>\n<meta property=\"og:locale\" content=\"es_ES\" \/>\n<meta property=\"og:type\" content=\"article\" \/>\n<meta property=\"og:title\" content=\"Tour a pie de Anna Frank por el Barrio Jud\u00edo\" \/>\n<meta property=\"og:description\" content=\"Descubre \u00c1msterdam a trav\u00e9s de la historia de Ana Frank y conoce la actuaci\u00f3n que tuvo el r\u00e9gimen nazi durante la Segunda Guerra Mundial en esa ciudad holandesa \u2705\" \/>\n<meta property=\"og:url\" content=\"https:\/\/tourtravelandmore.com\/es\/tours\/paises-bajos-es\/amsterdam-es\/tour-a-pie-de-anna-frank-por-el-barrio-judio\/\" \/>\n<meta property=\"og:site_name\" content=\"Tour Travel And More\" \/>\n<meta property=\"article:publisher\" content=\"https:\/\/www.facebook.com\/tourtravelandmore\/\" \/>\n<meta property=\"article:modified_time\" content=\"2024-01-12T10:41:17+00:00\" \/>\n<meta property=\"og:image\" content=\"https:\/\/tourtravelandmore.com\/wp-content\/uploads\/2018\/10\/image2.jpg\" \/>\n\t<meta property=\"og:image:width\" content=\"539\" \/>\n\t<meta property=\"og:image:height\" content=\"720\" \/>\n\t<meta property=\"og:image:type\" content=\"image\/jpeg\" \/>\n<meta name=\"twitter:card\" content=\"summary_large_image\" \/>\n<meta name=\"twitter:site\" content=\"@TourTravel_More\" \/>\n<meta name=\"twitter:label1\" content=\"Tiempo de lectura\" \/>\n\t<meta name=\"twitter:data1\" content=\"3 minutos\" \/>\n<script type=\"application\/ld+json\" class=\"yoast-schema-graph\">{\"@context\":\"https:\/\/schema.org\",\"@graph\":[{\"@type\":\"WebPage\",\"@id\":\"https:\/\/tourtravelandmore.com\/es\/tours\/paises-bajos-es\/amsterdam-es\/tour-a-pie-de-anna-frank-por-el-barrio-judio\/\",\"url\":\"https:\/\/tourtravelandmore.com\/es\/tours\/paises-bajos-es\/amsterdam-es\/tour-a-pie-de-anna-frank-por-el-barrio-judio\/\",\"name\":\"\u27a1\ufe0f Tour privado de Ana Frank por el Barrio Jud\u00edo a pie | Tour Travel & More\",\"isPartOf\":{\"@id\":\"https:\/\/tourtravelandmore.com\/es\/#website\"},\"primaryImageOfPage\":{\"@id\":\"https:\/\/tourtravelandmore.com\/es\/tours\/paises-bajos-es\/amsterdam-es\/tour-a-pie-de-anna-frank-por-el-barrio-judio\/#primaryimage\"},\"image\":{\"@id\":\"https:\/\/tourtravelandmore.com\/es\/tours\/paises-bajos-es\/amsterdam-es\/tour-a-pie-de-anna-frank-por-el-barrio-judio\/#primaryimage\"},\"thumbnailUrl\":\"https:\/\/tourtravelandmore.com\/wp-content\/uploads\/2018\/10\/image2.jpg\",\"datePublished\":\"2018-10-19T09:04:14+00:00\",\"dateModified\":\"2024-01-12T10:41:17+00:00\",\"description\":\"Descubre \u00c1msterdam a trav\u00e9s de la historia de Ana Frank y conoce la actuaci\u00f3n que tuvo el r\u00e9gimen nazi durante la Segunda Guerra Mundial en esa ciudad holandesa \u2705\",\"breadcrumb\":{\"@id\":\"https:\/\/tourtravelandmore.com\/es\/tours\/paises-bajos-es\/amsterdam-es\/tour-a-pie-de-anna-frank-por-el-barrio-judio\/#breadcrumb\"},\"inLanguage\":\"es\",\"potentialAction\":[{\"@type\":\"ReadAction\",\"target\":[\"https:\/\/tourtravelandmore.com\/es\/tours\/paises-bajos-es\/amsterdam-es\/tour-a-pie-de-anna-frank-por-el-barrio-judio\/\"]}]},{\"@type\":\"ImageObject\",\"inLanguage\":\"es\",\"@id\":\"https:\/\/tourtravelandmore.com\/es\/tours\/paises-bajos-es\/amsterdam-es\/tour-a-pie-de-anna-frank-por-el-barrio-judio\/#primaryimage\",\"url\":\"https:\/\/tourtravelandmore.com\/wp-content\/uploads\/2018\/10\/image2.jpg\",\"contentUrl\":\"https:\/\/tourtravelandmore.com\/wp-content\/uploads\/2018\/10\/image2.jpg\",\"width\":539,\"height\":720},{\"@type\":\"BreadcrumbList\",\"@id\":\"https:\/\/tourtravelandmore.com\/es\/tours\/paises-bajos-es\/amsterdam-es\/tour-a-pie-de-anna-frank-por-el-barrio-judio\/#breadcrumb\",\"itemListElement\":[{\"@type\":\"ListItem\",\"position\":1,\"name\":\"Home\",\"item\":\"https:\/\/tourtravelandmore.com\/es\/\"},{\"@type\":\"ListItem\",\"position\":2,\"name\":\"Tours\",\"item\":\"https:\/\/tourtravelandmore.com\/es\/tours\/\"},{\"@type\":\"ListItem\",\"position\":3,\"name\":\"Tour a pie de Anna Frank por el Barrio Jud\u00edo\"}]},{\"@type\":\"WebSite\",\"@id\":\"https:\/\/tourtravelandmore.com\/es\/#website\",\"url\":\"https:\/\/tourtravelandmore.com\/es\/\",\"name\":\"Tour Travel And More\",\"description\":\"Private sightseeing tours and luxury transfers in Spain\",\"publisher\":{\"@id\":\"https:\/\/tourtravelandmore.com\/es\/#organization\"},\"potentialAction\":[{\"@type\":\"SearchAction\",\"target\":{\"@type\":\"EntryPoint\",\"urlTemplate\":\"https:\/\/tourtravelandmore.com\/es\/?s={search_term_string}\"},\"query-input\":{\"@type\":\"PropertyValueSpecification\",\"valueRequired\":true,\"valueName\":\"search_term_string\"}}],\"inLanguage\":\"es\"},{\"@type\":\"Organization\",\"@id\":\"https:\/\/tourtravelandmore.com\/es\/#organization\",\"name\":\"Tour Travel And More\",\"url\":\"https:\/\/tourtravelandmore.com\/es\/\",\"logo\":{\"@type\":\"ImageObject\",\"inLanguage\":\"es\",\"@id\":\"https:\/\/tourtravelandmore.com\/es\/#\/schema\/logo\/image\/\",\"url\":\"https:\/\/tourtravelandmore.com\/wp-content\/uploads\/2022\/12\/cropped-logo-cabecera-new.png\",\"contentUrl\":\"https:\/\/tourtravelandmore.com\/wp-content\/uploads\/2022\/12\/cropped-logo-cabecera-new.png\",\"width\":430,\"height\":61,\"caption\":\"Tour Travel And More\"},\"image\":{\"@id\":\"https:\/\/tourtravelandmore.com\/es\/#\/schema\/logo\/image\/\"},\"sameAs\":[\"https:\/\/www.facebook.com\/tourtravelandmore\/\",\"https:\/\/x.com\/TourTravel_More\"]}]}<\/script>\n<!-- \/ Yoast SEO Premium plugin. -->","yoast_head_json":{"title":"\u27a1\ufe0f Tour privado de Ana Frank por el Barrio Jud\u00edo a pie | Tour Travel & More","description":"Descubre \u00c1msterdam a trav\u00e9s de la historia de Ana Frank y conoce la actuaci\u00f3n que tuvo el r\u00e9gimen nazi durante la Segunda Guerra Mundial en esa ciudad holandesa \u2705","robots":{"index":"index","follow":"follow","max-snippet":"max-snippet:-1","max-image-preview":"max-image-preview:large","max-video-preview":"max-video-preview:-1"},"canonical":"https:\/\/tourtravelandmore.com\/es\/tours\/paises-bajos-es\/amsterdam-es\/tour-a-pie-de-anna-frank-por-el-barrio-judio\/","og_locale":"es_ES","og_type":"article","og_title":"Tour a pie de Anna Frank por el Barrio Jud\u00edo","og_description":"Descubre \u00c1msterdam a trav\u00e9s de la historia de Ana Frank y conoce la actuaci\u00f3n que tuvo el r\u00e9gimen nazi durante la Segunda Guerra Mundial en esa ciudad holandesa \u2705","og_url":"https:\/\/tourtravelandmore.com\/es\/tours\/paises-bajos-es\/amsterdam-es\/tour-a-pie-de-anna-frank-por-el-barrio-judio\/","og_site_name":"Tour Travel And More","article_publisher":"https:\/\/www.facebook.com\/tourtravelandmore\/","article_modified_time":"2024-01-12T10:41:17+00:00","og_image":[{"width":539,"height":720,"url":"https:\/\/tourtravelandmore.com\/wp-content\/uploads\/2018\/10\/image2.jpg","type":"image\/jpeg"}],"twitter_card":"summary_large_image","twitter_site":"@TourTravel_More","twitter_misc":{"Tiempo de lectura":"3 minutos"},"schema":{"@context":"https:\/\/schema.org","@graph":[{"@type":"WebPage","@id":"https:\/\/tourtravelandmore.com\/es\/tours\/paises-bajos-es\/amsterdam-es\/tour-a-pie-de-anna-frank-por-el-barrio-judio\/","url":"https:\/\/tourtravelandmore.com\/es\/tours\/paises-bajos-es\/amsterdam-es\/tour-a-pie-de-anna-frank-por-el-barrio-judio\/","name":"\u27a1\ufe0f Tour privado de Ana Frank por el Barrio Jud\u00edo a pie | Tour Travel & More","isPartOf":{"@id":"https:\/\/tourtravelandmore.com\/es\/#website"},"primaryImageOfPage":{"@id":"https:\/\/tourtravelandmore.com\/es\/tours\/paises-bajos-es\/amsterdam-es\/tour-a-pie-de-anna-frank-por-el-barrio-judio\/#primaryimage"},"image":{"@id":"https:\/\/tourtravelandmore.com\/es\/tours\/paises-bajos-es\/amsterdam-es\/tour-a-pie-de-anna-frank-por-el-barrio-judio\/#primaryimage"},"thumbnailUrl":"https:\/\/tourtravelandmore.com\/wp-content\/uploads\/2018\/10\/image2.jpg","datePublished":"2018-10-19T09:04:14+00:00","dateModified":"2024-01-12T10:41:17+00:00","description":"Descubre \u00c1msterdam a trav\u00e9s de la historia de Ana Frank y conoce la actuaci\u00f3n que tuvo el r\u00e9gimen nazi durante la Segunda Guerra Mundial en esa ciudad holandesa \u2705","breadcrumb":{"@id":"https:\/\/tourtravelandmore.com\/es\/tours\/paises-bajos-es\/amsterdam-es\/tour-a-pie-de-anna-frank-por-el-barrio-judio\/#breadcrumb"},"inLanguage":"es","potentialAction":[{"@type":"ReadAction","target":["https:\/\/tourtravelandmore.com\/es\/tours\/paises-bajos-es\/amsterdam-es\/tour-a-pie-de-anna-frank-por-el-barrio-judio\/"]}]},{"@type":"ImageObject","inLanguage":"es","@id":"https:\/\/tourtravelandmore.com\/es\/tours\/paises-bajos-es\/amsterdam-es\/tour-a-pie-de-anna-frank-por-el-barrio-judio\/#primaryimage","url":"https:\/\/tourtravelandmore.com\/wp-content\/uploads\/2018\/10\/image2.jpg","contentUrl":"https:\/\/tourtravelandmore.com\/wp-content\/uploads\/2018\/10\/image2.jpg","width":539,"height":720},{"@type":"BreadcrumbList","@id":"https:\/\/tourtravelandmore.com\/es\/tours\/paises-bajos-es\/amsterdam-es\/tour-a-pie-de-anna-frank-por-el-barrio-judio\/#breadcrumb","itemListElement":[{"@type":"ListItem","position":1,"name":"Home","item":"https:\/\/tourtravelandmore.com\/es\/"},{"@type":"ListItem","position":2,"name":"Tours","item":"https:\/\/tourtravelandmore.com\/es\/tours\/"},{"@type":"ListItem","position":3,"name":"Tour a pie de Anna Frank por el Barrio Jud\u00edo"}]},{"@type":"WebSite","@id":"https:\/\/tourtravelandmore.com\/es\/#website","url":"https:\/\/tourtravelandmore.com\/es\/","name":"Tour Travel And More","description":"Private sightseeing tours and luxury transfers in Spain","publisher":{"@id":"https:\/\/tourtravelandmore.com\/es\/#organization"},"potentialAction":[{"@type":"SearchAction","target":{"@type":"EntryPoint","urlTemplate":"https:\/\/tourtravelandmore.com\/es\/?s={search_term_string}"},"query-input":{"@type":"PropertyValueSpecification","valueRequired":true,"valueName":"search_term_string"}}],"inLanguage":"es"},{"@type":"Organization","@id":"https:\/\/tourtravelandmore.com\/es\/#organization","name":"Tour Travel And More","url":"https:\/\/tourtravelandmore.com\/es\/","logo":{"@type":"ImageObject","inLanguage":"es","@id":"https:\/\/tourtravelandmore.com\/es\/#\/schema\/logo\/image\/","url":"https:\/\/tourtravelandmore.com\/wp-content\/uploads\/2022\/12\/cropped-logo-cabecera-new.png","contentUrl":"https:\/\/tourtravelandmore.com\/wp-content\/uploads\/2022\/12\/cropped-logo-cabecera-new.png","width":430,"height":61,"caption":"Tour Travel And More"},"image":{"@id":"https:\/\/tourtravelandmore.com\/es\/#\/schema\/logo\/image\/"},"sameAs":["https:\/\/www.facebook.com\/tourtravelandmore\/","https:\/\/x.com\/TourTravel_More"]}]}},"_links":{"self":[{"href":"https:\/\/tourtravelandmore.com\/es\/wp-json\/wp\/v2\/product\/28045","targetHints":{"allow":["GET"]}}],"collection":[{"href":"https:\/\/tourtravelandmore.com\/es\/wp-json\/wp\/v2\/product"}],"about":[{"href":"https:\/\/tourtravelandmore.com\/es\/wp-json\/wp\/v2\/types\/product"}],"replies":[{"embeddable":true,"href":"https:\/\/tourtravelandmore.com\/es\/wp-json\/wp\/v2\/comments?post=28045"}],"wp:featuredmedia":[{"embeddable":true,"href":"https:\/\/tourtravelandmore.com\/es\/wp-json\/wp\/v2\/media\/114697"}],"wp:attachment":[{"href":"https:\/\/tourtravelandmore.com\/es\/wp-json\/wp\/v2\/media?parent=28045"}],"wp:term":[{"taxonomy":"product_brand","embeddable":true,"href":"https:\/\/tourtravelandmore.com\/es\/wp-json\/wp\/v2\/product_brand?post=28045"},{"taxonomy":"product_cat","embeddable":true,"href":"https:\/\/tourtravelandmore.com\/es\/wp-json\/wp\/v2\/product_cat?post=28045"},{"taxonomy":"product_tag","embeddable":true,"href":"https:\/\/tourtravelandmore.com\/es\/wp-json\/wp\/v2\/product_tag?post=28045"}],"curies":[{"name":"wp","href":"https:\/\/api.w.org\/{rel}","templated":true}]}}