{"id":28025,"date":"2018-10-19T10:40:02","date_gmt":"2018-10-19T08:40:06","guid":{"rendered":"http:\/\/tourtravelandmore.com\/es\/tours\/amsterdam-es\/tour-privado-a-pie-amsterdam-guia-privado\/"},"modified":"2024-01-12T11:28:33","modified_gmt":"2024-01-12T10:28:33","slug":"visita-privada-recorrido-a-pie-por-la-ciudad-de-amsterdam","status":"publish","type":"product","link":"https:\/\/tourtravelandmore.com\/es\/tours\/paises-bajos-es\/amsterdam-es\/visita-privada-recorrido-a-pie-por-la-ciudad-de-amsterdam\/","title":{"rendered":"Visita privada: recorrido a pie por la ciudad de \u00c1msterdam"},"content":{"rendered":"<h2><strong>Descripci\u00f3n de la visita privada: recorrido a pie por la ciudad de \u00c1msterdam<\/strong><\/h2>\n<p><span style=\"font-weight: 400;\">\u00c1msterdam es una ciudad que enamora por sus cuatro puntos cardinales. Y no hay una forma m\u00e1s completa de conocerla, que con nuestra<\/span><b> visita guiada a pie por la ciudad de \u00c1msterdam.<\/b><span style=\"font-weight: 400;\">\u00a0 Ser\u00e1 una excursi\u00f3n para ver las calles, edificios y monumentos m\u00e1s importantes de esta <\/span><i><span style=\"font-weight: 400;\">&#8220;Venecia del Norte\u201d<\/span><\/i><span style=\"font-weight: 400;\">.\u00a0\u00a0<\/span><\/p>\n<p><span style=\"font-weight: 400;\">Durante el recorrido a pie ir\u00e1s en compa\u00f1\u00eda de un gu\u00eda privado que se encargar\u00e1 de adentrarte en la cultura de la urbe, para que tengas una visi\u00f3n distinta de la historia, sus costumbres y tradiciones neerlandesas.\u00a0<\/span><\/p>\n<p><span style=\"font-weight: 400;\">Esta excursi\u00f3n es <\/span><b>perfecta para comenzar tu paso por \u00c1msterdam<\/b><span style=\"font-weight: 400;\"> y poder orientarte en la ciudad.\u00a0<\/span><\/p>\n<p><span style=\"font-weight: 400;\">Partiremos desde la hermosa e imponente avenida Damrak o desde el punto que prefieras, para ir hasta varios sitios importantes de la ciudad como el <\/span><i><span style=\"font-weight: 400;\">Old Town, Jordaan Neighborhood, Red Light District<\/span><\/i><span style=\"font-weight: 400;\">, entre muchos otros.\u00a0<\/span><\/p>\n<p><span style=\"font-weight: 400;\">Ser\u00e1 una <\/span><b>experiencia \u00fanica y personalizada de 4 horas<\/b><span style=\"font-weight: 400;\">, en la que vas a conectar con el coraz\u00f3n de esta maravillosa urbe.\u00a0<\/span><\/p>\n<p><span style=\"font-weight: 400;\">En todo el paseo ir\u00e1s con el gu\u00eda experto, quien se encargar\u00e1 de ilustrarte los puntos de inter\u00e9s y los datos m\u00e1s resaltantes del recorrido, con la intenci\u00f3n de que aproveches al m\u00e1ximo esta aventura inolvidable.<\/span><\/p>\n<p><span style=\"font-weight: 400;\">Adem\u00e1s, podemos adaptar el horario de salida de acuerdo a tu itinerario de viaje.\u00a0<\/span><\/p>\n<h2><strong>Puntos de inter\u00e9s en la Visita privada: recorrido a pie por la ciudad de \u00c1msterdam<\/strong><\/h2>\n<p><i><span style=\"font-weight: 400;\">No hay nada m\u00e1s emocionante que conocer \u00c1msterdam a pie.<\/span><\/i><\/p>\n<p><span style=\"font-weight: 400;\">Nuestra visita privada y recorrido a pie por la ciudad de \u00c1msterdam, es un tour ideal para vivir una experiencia divertida.\u00a0<\/span><\/p>\n<p><span style=\"font-weight: 400;\">A continuaci\u00f3n, veamos los puntos m\u00e1s emblem\u00e1ticos que tendr\u00e1s la oportunidad de conocer:\u00a0<\/span><\/p>\n<h3><span style=\"font-weight: 400; color: #d3af37;\">Calle Zeedijk<\/span><\/h3>\n<p><span style=\"font-weight: 400;\">La Calle Zeedijk est\u00e1 junto al Barrio Rojo, y en ella se encuentran una gran cantidad de pubs antiguos. Tambi\u00e9n, es el sitio en el que est\u00e1 el Barrio Chino de \u00c1msterdam.\u00a0<\/span><\/p>\n<p><span style=\"font-weight: 400;\">En la visita podr\u00e1s entrar un templo budista. Y lo mejor es que la calle se ubica muy cerca de la <\/span><i><span style=\"font-weight: 400;\">Central Station<\/span><\/i><span style=\"font-weight: 400;\">.\u00a0<\/span><\/p>\n<h3><span style=\"font-weight: 400; color: #d3af37;\">Nieuwmarkt\u00a0<\/span><\/h3>\n<p><span style=\"font-weight: 400;\">En el paseo por esta entra\u00f1able plaza de la ciudad, te topar\u00e1s con una de las pocas pruebas que quedan de la antigua muralla medieval, la cual serv\u00eda como puerta de la ciudad: el Waag.<\/span><\/p>\n<p><span style=\"font-weight: 400;\">Tambi\u00e9n, ver\u00e1s un tradicional mercado callejero que se celebra a diario desde el siglo XV. All\u00ed, podr\u00e1s deleitarte con alg\u00fan bocadillo neerland\u00e9s y tomar muchas fotograf\u00edas para el recuerdo de tu viaje.\u00a0<\/span><\/p>\n<h3><span style=\"font-weight: 400; color: #d3af37;\">Red Light District\u00a0<\/span><\/h3>\n<p><span style=\"font-weight: 400;\">Desde Nieuwmarkt iremos por la zona del Barrio Rojo. Esta es un \u00e1rea enigm\u00e1tica en la cual se encuentran muchos prost\u00edbulos, <\/span><i><span style=\"font-weight: 400;\">coffeeshops<\/span><\/i><span style=\"font-weight: 400;\"> y tiendas de art\u00edculos sexuales. Eso s\u00ed, si no es de tu inter\u00e9s visitar esa zona, el gu\u00eda puede llevarte hasta otros sitios resaltantes.\u00a0<\/span><\/p>\n<h3><span style=\"font-weight: 400; color: #d3af37;\">Dam Square<\/span><\/h3>\n<p><span style=\"font-weight: 400;\">Este es el pleno coraz\u00f3n tur\u00edstico de \u00c1msterdam, y es una parada obligada para que veas de cerca el centro hist\u00f3rico de la ciudad y desde donde naci\u00f3 \u00c1msterdam.\u00a0<\/span><\/p>\n<p><span style=\"font-weight: 400;\">Adem\u00e1s, en uno de los extremos de la Dam Square est\u00e1n el Palacio Real y el Monumento Nacional.\u00a0<\/span><\/p>\n<h3><span style=\"font-weight: 400; color: #d3af37;\">Anne Frank House<\/span><\/h3>\n<p><span style=\"font-weight: 400;\">Igualmente, pasaremos a pie por el exterior de la casa de Ana Frank, una ni\u00f1a que estuvo escondida junto a su familia por m\u00e1s de 2 a\u00f1os huyendo de los nazis.\u00a0<\/span><\/p>\n<p><span style=\"font-weight: 400;\">All\u00ed, el gu\u00eda hablar\u00e1 en detalle de los relatos que se narran en el c\u00e9lebre \u201cDiario de Ana Frank\u201d.\u00a0<\/span><\/p>\n<h3><span style=\"font-weight: 400; color: #d3af37;\">Rembrandtplein\u00a0<\/span><\/h3>\n<p><span style=\"font-weight: 400;\">Al visitar esta plaza, conocer\u00e1s la casa de Rembrandt van Rijn y oir\u00e1s un poco sobre la historia de este famoso artista tan representativo de los Pa\u00edses Bajos.\u00a0\u00a0<\/span><\/p>\n<p><span style=\"font-weight: 400;\">Adem\u00e1s, la Rembrandtplein alberga en sus alrededores muchas discotecas y pubs que atraen a un sinf\u00edn de turistas cada a\u00f1o.\u00a0<\/span><\/p>\n<h3><span style=\"font-weight: 400; color: #d3af37;\">Portuguese Synagogue\u00a0<\/span><\/h3>\n<p><span style=\"font-weight: 400;\">Nuestra visita guiada a pie por \u00c1msterdam no estar\u00eda completa sin llegar hasta la Sinagoga Portuguesa.\u00a0<\/span><\/p>\n<p><span style=\"font-weight: 400;\">Este edificio es emblema de la influencia jud\u00eda en la ciudad y de los sucesos vividos durante el holocausto nazi.\u00a0<\/span><\/p>\n<p><span style=\"font-weight: 400;\">En la actualidad, la Sinagoga es un lugar de culto activo, y a\u00fan conserva la gran belleza de la Edad de Oro Holandesa.\u00a0\u00a0\u00a0<\/span><\/p>\n<p><span style=\"font-weight: 400;\">Para que completes esta incre\u00edble visita privada, tambi\u00e9n pasaremos por:\u00a0<\/span><\/p>\n<ul>\n<li style=\"font-weight: 400;\" aria-level=\"1\"><strong>El Museo Rijksmuseum.\u00a0<\/strong><\/li>\n<li style=\"font-weight: 400;\" aria-level=\"1\"><strong>El mercado Albert Cuyp Market.<\/strong><\/li>\n<li style=\"font-weight: 400;\" aria-level=\"1\"><strong>El Oude Kerk.<\/strong><\/li>\n<li style=\"font-weight: 400;\" aria-level=\"1\"><strong>Beursplein.<\/strong><\/li>\n<li style=\"font-weight: 400;\" aria-level=\"1\"><strong>Entre muchos monumentos y edificios m\u00e1s.\u00a0<\/strong><\/li>\n<\/ul>\n<p><span style=\"font-weight: 400;\">Disfruta de este tour privado y personalizado para que recorras \u00c1msterdam a tu ritmo. Y si quieres aprender m\u00e1s sobre los sucesos de la Segunda Guerra Mundial en la ciudad, puedes optar por la <\/span><i><span style=\"font-weight: 400;\">visita a pie del Barrio jud\u00edo de Ana Frank en \u00c1msterdam<\/span><\/i><span style=\"font-weight: 400;\">.\u00a0<\/span><\/p>\n<p><span style=\"font-weight: 400;\">Todos estos paseos son recomendados para vivir <a href=\"https:\/\/tourtravelandmore.com\/es\/tours\/paises-bajos-es\/amsterdam-es\/escala-en-amsterdam-tour-privado-desde-el-aeropuerto\/\">la mejor experiencia en \u00c1msterdam.<\/a><\/span><\/p>\n","protected":false},"excerpt":{"rendered":"<p><span style=\"font-weight: 400;\">Con este tour tienes la posibilidad de conocer los puntos m\u00e1s atractivos de \u00c1msterdam en una <\/span><b>visita privada con recorrido a pie por la ciudad de \u00c1msterdam. <\/b><span style=\"font-weight: 400;\">En compa\u00f1\u00eda de un gu\u00eda privado,<\/span> <span style=\"font-weight: 400;\">podr\u00e1s admirar de cerca algunos monumentos y edificios como el Red Light District, Dam Square, la casa de Ana Frank, el Museo Van Gogh y muchos sitios m\u00e1s.<\/span><\/p>\n","protected":false},"featured_media":114632,"comment_status":"open","ping_status":"closed","template":"","meta":{"_acf_changed":false},"product_brand":[],"product_cat":[975,976,978],"product_tag":[],"class_list":{"0":"post-28025","1":"product","2":"type-product","3":"status-publish","4":"has-post-thumbnail","6":"product_cat-amsterdam-es","7":"product_cat-amsterdam-actividades-es","8":"product_cat-amsterdam-tours-privados-pie-es","10":"first","11":"instock","12":"shipping-taxable","13":"purchasable","14":"product-type-simple"},"acf":[],"yoast_head":"<!-- This site is optimized with the Yoast SEO Premium plugin v25.3.1 (Yoast SEO v25.3.1) - https:\/\/yoast.com\/wordpress\/plugins\/seo\/ -->\n<title>\u27a1\ufe0f Recorrido a pie para conocer la ciudad de \u00c1msterdam | Tour Travel &amp; More<\/title>\n<meta name=\"description\" content=\"Descubre \u00c1msterdam de una forma distinta con una visita guiada a pie por los lugares m\u00e1s emblem\u00e1ticos de la ciudad, mientras conoces su historia relatada por un gu\u00eda privado \u2705\" \/>\n<meta name=\"robots\" content=\"index, follow, max-snippet:-1, max-image-preview:large, max-video-preview:-1\" \/>\n<link rel=\"canonical\" href=\"https:\/\/tourtravelandmore.com\/es\/tours\/paises-bajos-es\/amsterdam-es\/visita-privada-recorrido-a-pie-por-la-ciudad-de-amsterdam\/\" \/>\n<meta property=\"og:locale\" content=\"es_ES\" \/>\n<meta property=\"og:type\" content=\"article\" \/>\n<meta property=\"og:title\" content=\"Visita privada: recorrido a pie por la ciudad de \u00c1msterdam\" \/>\n<meta property=\"og:description\" content=\"Descubre \u00c1msterdam de una forma distinta con una visita guiada a pie por los lugares m\u00e1s emblem\u00e1ticos de la ciudad, mientras conoces su historia relatada por un gu\u00eda privado \u2705\" \/>\n<meta property=\"og:url\" content=\"https:\/\/tourtravelandmore.com\/es\/tours\/paises-bajos-es\/amsterdam-es\/visita-privada-recorrido-a-pie-por-la-ciudad-de-amsterdam\/\" \/>\n<meta property=\"og:site_name\" content=\"Tour Travel And More\" \/>\n<meta property=\"article:publisher\" content=\"https:\/\/www.facebook.com\/tourtravelandmore\/\" \/>\n<meta property=\"article:modified_time\" content=\"2024-01-12T10:28:33+00:00\" \/>\n<meta property=\"og:image\" content=\"https:\/\/tourtravelandmore.com\/wp-content\/uploads\/2018\/10\/image22.jpg\" \/>\n\t<meta property=\"og:image:width\" content=\"960\" \/>\n\t<meta property=\"og:image:height\" content=\"642\" \/>\n\t<meta property=\"og:image:type\" content=\"image\/jpeg\" \/>\n<meta name=\"twitter:card\" content=\"summary_large_image\" \/>\n<meta name=\"twitter:site\" content=\"@TourTravel_More\" \/>\n<meta name=\"twitter:label1\" content=\"Tiempo de lectura\" \/>\n\t<meta name=\"twitter:data1\" content=\"4 minutos\" \/>\n<script type=\"application\/ld+json\" class=\"yoast-schema-graph\">{\"@context\":\"https:\/\/schema.org\",\"@graph\":[{\"@type\":\"WebPage\",\"@id\":\"https:\/\/tourtravelandmore.com\/es\/tours\/paises-bajos-es\/amsterdam-es\/visita-privada-recorrido-a-pie-por-la-ciudad-de-amsterdam\/\",\"url\":\"https:\/\/tourtravelandmore.com\/es\/tours\/paises-bajos-es\/amsterdam-es\/visita-privada-recorrido-a-pie-por-la-ciudad-de-amsterdam\/\",\"name\":\"\u27a1\ufe0f Recorrido a pie para conocer la ciudad de \u00c1msterdam | Tour Travel & More\",\"isPartOf\":{\"@id\":\"https:\/\/tourtravelandmore.com\/es\/#website\"},\"primaryImageOfPage\":{\"@id\":\"https:\/\/tourtravelandmore.com\/es\/tours\/paises-bajos-es\/amsterdam-es\/visita-privada-recorrido-a-pie-por-la-ciudad-de-amsterdam\/#primaryimage\"},\"image\":{\"@id\":\"https:\/\/tourtravelandmore.com\/es\/tours\/paises-bajos-es\/amsterdam-es\/visita-privada-recorrido-a-pie-por-la-ciudad-de-amsterdam\/#primaryimage\"},\"thumbnailUrl\":\"https:\/\/tourtravelandmore.com\/wp-content\/uploads\/2018\/10\/image22.jpg\",\"datePublished\":\"2018-10-19T08:40:06+00:00\",\"dateModified\":\"2024-01-12T10:28:33+00:00\",\"description\":\"Descubre \u00c1msterdam de una forma distinta con una visita guiada a pie por los lugares m\u00e1s emblem\u00e1ticos de la ciudad, mientras conoces su historia relatada por un gu\u00eda privado \u2705\",\"breadcrumb\":{\"@id\":\"https:\/\/tourtravelandmore.com\/es\/tours\/paises-bajos-es\/amsterdam-es\/visita-privada-recorrido-a-pie-por-la-ciudad-de-amsterdam\/#breadcrumb\"},\"inLanguage\":\"es\",\"potentialAction\":[{\"@type\":\"ReadAction\",\"target\":[\"https:\/\/tourtravelandmore.com\/es\/tours\/paises-bajos-es\/amsterdam-es\/visita-privada-recorrido-a-pie-por-la-ciudad-de-amsterdam\/\"]}]},{\"@type\":\"ImageObject\",\"inLanguage\":\"es\",\"@id\":\"https:\/\/tourtravelandmore.com\/es\/tours\/paises-bajos-es\/amsterdam-es\/visita-privada-recorrido-a-pie-por-la-ciudad-de-amsterdam\/#primaryimage\",\"url\":\"https:\/\/tourtravelandmore.com\/wp-content\/uploads\/2018\/10\/image22.jpg\",\"contentUrl\":\"https:\/\/tourtravelandmore.com\/wp-content\/uploads\/2018\/10\/image22.jpg\",\"width\":960,\"height\":642},{\"@type\":\"BreadcrumbList\",\"@id\":\"https:\/\/tourtravelandmore.com\/es\/tours\/paises-bajos-es\/amsterdam-es\/visita-privada-recorrido-a-pie-por-la-ciudad-de-amsterdam\/#breadcrumb\",\"itemListElement\":[{\"@type\":\"ListItem\",\"position\":1,\"name\":\"Home\",\"item\":\"https:\/\/tourtravelandmore.com\/es\/\"},{\"@type\":\"ListItem\",\"position\":2,\"name\":\"Tours\",\"item\":\"https:\/\/tourtravelandmore.com\/es\/tours\/\"},{\"@type\":\"ListItem\",\"position\":3,\"name\":\"Visita privada: recorrido a pie por la ciudad de \u00c1msterdam\"}]},{\"@type\":\"WebSite\",\"@id\":\"https:\/\/tourtravelandmore.com\/es\/#website\",\"url\":\"https:\/\/tourtravelandmore.com\/es\/\",\"name\":\"Tour Travel And More\",\"description\":\"Private sightseeing tours and luxury transfers in Spain\",\"publisher\":{\"@id\":\"https:\/\/tourtravelandmore.com\/es\/#organization\"},\"potentialAction\":[{\"@type\":\"SearchAction\",\"target\":{\"@type\":\"EntryPoint\",\"urlTemplate\":\"https:\/\/tourtravelandmore.com\/es\/?s={search_term_string}\"},\"query-input\":{\"@type\":\"PropertyValueSpecification\",\"valueRequired\":true,\"valueName\":\"search_term_string\"}}],\"inLanguage\":\"es\"},{\"@type\":\"Organization\",\"@id\":\"https:\/\/tourtravelandmore.com\/es\/#organization\",\"name\":\"Tour Travel And More\",\"url\":\"https:\/\/tourtravelandmore.com\/es\/\",\"logo\":{\"@type\":\"ImageObject\",\"inLanguage\":\"es\",\"@id\":\"https:\/\/tourtravelandmore.com\/es\/#\/schema\/logo\/image\/\",\"url\":\"https:\/\/tourtravelandmore.com\/wp-content\/uploads\/2022\/12\/cropped-logo-cabecera-new.png\",\"contentUrl\":\"https:\/\/tourtravelandmore.com\/wp-content\/uploads\/2022\/12\/cropped-logo-cabecera-new.png\",\"width\":430,\"height\":61,\"caption\":\"Tour Travel And More\"},\"image\":{\"@id\":\"https:\/\/tourtravelandmore.com\/es\/#\/schema\/logo\/image\/\"},\"sameAs\":[\"https:\/\/www.facebook.com\/tourtravelandmore\/\",\"https:\/\/x.com\/TourTravel_More\"]}]}<\/script>\n<!-- \/ Yoast SEO Premium plugin. -->","yoast_head_json":{"title":"\u27a1\ufe0f Recorrido a pie para conocer la ciudad de \u00c1msterdam | Tour Travel & More","description":"Descubre \u00c1msterdam de una forma distinta con una visita guiada a pie por los lugares m\u00e1s emblem\u00e1ticos de la ciudad, mientras conoces su historia relatada por un gu\u00eda privado \u2705","robots":{"index":"index","follow":"follow","max-snippet":"max-snippet:-1","max-image-preview":"max-image-preview:large","max-video-preview":"max-video-preview:-1"},"canonical":"https:\/\/tourtravelandmore.com\/es\/tours\/paises-bajos-es\/amsterdam-es\/visita-privada-recorrido-a-pie-por-la-ciudad-de-amsterdam\/","og_locale":"es_ES","og_type":"article","og_title":"Visita privada: recorrido a pie por la ciudad de \u00c1msterdam","og_description":"Descubre \u00c1msterdam de una forma distinta con una visita guiada a pie por los lugares m\u00e1s emblem\u00e1ticos de la ciudad, mientras conoces su historia relatada por un gu\u00eda privado \u2705","og_url":"https:\/\/tourtravelandmore.com\/es\/tours\/paises-bajos-es\/amsterdam-es\/visita-privada-recorrido-a-pie-por-la-ciudad-de-amsterdam\/","og_site_name":"Tour Travel And More","article_publisher":"https:\/\/www.facebook.com\/tourtravelandmore\/","article_modified_time":"2024-01-12T10:28:33+00:00","og_image":[{"width":960,"height":642,"url":"https:\/\/tourtravelandmore.com\/wp-content\/uploads\/2018\/10\/image22.jpg","type":"image\/jpeg"}],"twitter_card":"summary_large_image","twitter_site":"@TourTravel_More","twitter_misc":{"Tiempo de lectura":"4 minutos"},"schema":{"@context":"https:\/\/schema.org","@graph":[{"@type":"WebPage","@id":"https:\/\/tourtravelandmore.com\/es\/tours\/paises-bajos-es\/amsterdam-es\/visita-privada-recorrido-a-pie-por-la-ciudad-de-amsterdam\/","url":"https:\/\/tourtravelandmore.com\/es\/tours\/paises-bajos-es\/amsterdam-es\/visita-privada-recorrido-a-pie-por-la-ciudad-de-amsterdam\/","name":"\u27a1\ufe0f Recorrido a pie para conocer la ciudad de \u00c1msterdam | Tour Travel & More","isPartOf":{"@id":"https:\/\/tourtravelandmore.com\/es\/#website"},"primaryImageOfPage":{"@id":"https:\/\/tourtravelandmore.com\/es\/tours\/paises-bajos-es\/amsterdam-es\/visita-privada-recorrido-a-pie-por-la-ciudad-de-amsterdam\/#primaryimage"},"image":{"@id":"https:\/\/tourtravelandmore.com\/es\/tours\/paises-bajos-es\/amsterdam-es\/visita-privada-recorrido-a-pie-por-la-ciudad-de-amsterdam\/#primaryimage"},"thumbnailUrl":"https:\/\/tourtravelandmore.com\/wp-content\/uploads\/2018\/10\/image22.jpg","datePublished":"2018-10-19T08:40:06+00:00","dateModified":"2024-01-12T10:28:33+00:00","description":"Descubre \u00c1msterdam de una forma distinta con una visita guiada a pie por los lugares m\u00e1s emblem\u00e1ticos de la ciudad, mientras conoces su historia relatada por un gu\u00eda privado \u2705","breadcrumb":{"@id":"https:\/\/tourtravelandmore.com\/es\/tours\/paises-bajos-es\/amsterdam-es\/visita-privada-recorrido-a-pie-por-la-ciudad-de-amsterdam\/#breadcrumb"},"inLanguage":"es","potentialAction":[{"@type":"ReadAction","target":["https:\/\/tourtravelandmore.com\/es\/tours\/paises-bajos-es\/amsterdam-es\/visita-privada-recorrido-a-pie-por-la-ciudad-de-amsterdam\/"]}]},{"@type":"ImageObject","inLanguage":"es","@id":"https:\/\/tourtravelandmore.com\/es\/tours\/paises-bajos-es\/amsterdam-es\/visita-privada-recorrido-a-pie-por-la-ciudad-de-amsterdam\/#primaryimage","url":"https:\/\/tourtravelandmore.com\/wp-content\/uploads\/2018\/10\/image22.jpg","contentUrl":"https:\/\/tourtravelandmore.com\/wp-content\/uploads\/2018\/10\/image22.jpg","width":960,"height":642},{"@type":"BreadcrumbList","@id":"https:\/\/tourtravelandmore.com\/es\/tours\/paises-bajos-es\/amsterdam-es\/visita-privada-recorrido-a-pie-por-la-ciudad-de-amsterdam\/#breadcrumb","itemListElement":[{"@type":"ListItem","position":1,"name":"Home","item":"https:\/\/tourtravelandmore.com\/es\/"},{"@type":"ListItem","position":2,"name":"Tours","item":"https:\/\/tourtravelandmore.com\/es\/tours\/"},{"@type":"ListItem","position":3,"name":"Visita privada: recorrido a pie por la ciudad de \u00c1msterdam"}]},{"@type":"WebSite","@id":"https:\/\/tourtravelandmore.com\/es\/#website","url":"https:\/\/tourtravelandmore.com\/es\/","name":"Tour Travel And More","description":"Private sightseeing tours and luxury transfers in Spain","publisher":{"@id":"https:\/\/tourtravelandmore.com\/es\/#organization"},"potentialAction":[{"@type":"SearchAction","target":{"@type":"EntryPoint","urlTemplate":"https:\/\/tourtravelandmore.com\/es\/?s={search_term_string}"},"query-input":{"@type":"PropertyValueSpecification","valueRequired":true,"valueName":"search_term_string"}}],"inLanguage":"es"},{"@type":"Organization","@id":"https:\/\/tourtravelandmore.com\/es\/#organization","name":"Tour Travel And More","url":"https:\/\/tourtravelandmore.com\/es\/","logo":{"@type":"ImageObject","inLanguage":"es","@id":"https:\/\/tourtravelandmore.com\/es\/#\/schema\/logo\/image\/","url":"https:\/\/tourtravelandmore.com\/wp-content\/uploads\/2022\/12\/cropped-logo-cabecera-new.png","contentUrl":"https:\/\/tourtravelandmore.com\/wp-content\/uploads\/2022\/12\/cropped-logo-cabecera-new.png","width":430,"height":61,"caption":"Tour Travel And More"},"image":{"@id":"https:\/\/tourtravelandmore.com\/es\/#\/schema\/logo\/image\/"},"sameAs":["https:\/\/www.facebook.com\/tourtravelandmore\/","https:\/\/x.com\/TourTravel_More"]}]}},"_links":{"self":[{"href":"https:\/\/tourtravelandmore.com\/es\/wp-json\/wp\/v2\/product\/28025","targetHints":{"allow":["GET"]}}],"collection":[{"href":"https:\/\/tourtravelandmore.com\/es\/wp-json\/wp\/v2\/product"}],"about":[{"href":"https:\/\/tourtravelandmore.com\/es\/wp-json\/wp\/v2\/types\/product"}],"replies":[{"embeddable":true,"href":"https:\/\/tourtravelandmore.com\/es\/wp-json\/wp\/v2\/comments?post=28025"}],"wp:featuredmedia":[{"embeddable":true,"href":"https:\/\/tourtravelandmore.com\/es\/wp-json\/wp\/v2\/media\/114632"}],"wp:attachment":[{"href":"https:\/\/tourtravelandmore.com\/es\/wp-json\/wp\/v2\/media?parent=28025"}],"wp:term":[{"taxonomy":"product_brand","embeddable":true,"href":"https:\/\/tourtravelandmore.com\/es\/wp-json\/wp\/v2\/product_brand?post=28025"},{"taxonomy":"product_cat","embeddable":true,"href":"https:\/\/tourtravelandmore.com\/es\/wp-json\/wp\/v2\/product_cat?post=28025"},{"taxonomy":"product_tag","embeddable":true,"href":"https:\/\/tourtravelandmore.com\/es\/wp-json\/wp\/v2\/product_tag?post=28025"}],"curies":[{"name":"wp","href":"https:\/\/api.w.org\/{rel}","templated":true}]}}