{"id":27999,"date":"2018-10-18T22:41:20","date_gmt":"2018-10-18T20:41:22","guid":{"rendered":"http:\/\/tourtravelandmore.com\/es\/tours\/uncategorized\/tour-privado-a-volendam-zaanseschans-desde-amsterdam\/"},"modified":"2024-01-12T11:49:06","modified_gmt":"2024-01-12T10:49:06","slug":"tour-privado-a-volendam-y-molinos-de-zaanse-schans-desde-amsterdam","status":"publish","type":"product","link":"https:\/\/tourtravelandmore.com\/es\/tours\/paises-bajos-es\/amsterdam-es\/tour-privado-a-volendam-y-molinos-de-zaanse-schans-desde-amsterdam\/","title":{"rendered":"Tour Privado a Volendam y molinos de Zaanse Schans desde \u00c1msterdam"},"content":{"rendered":"<h2><b>Descripci\u00f3n del tour privado a Volendam y molinos de Zaanse Schans<\/b><\/h2>\n<p><span style=\"font-weight: 400;\">Un inolvidable viaje te espera por los sitios m\u00e1s atractivos de Holanda. <\/span><span style=\"font-weight: 400;\">Si quieres tomar fotograf\u00edas de postal,<\/span><span style=\"font-weight: 400;\"> prepara tu c\u00e1mara al pasar por los molinos de viento de Zaanse Schans o por el pintoresco pueblo de Voledam.\u00a0<\/span><\/p>\n<p><span style=\"font-weight: 400;\">En nuestro tour Privado a Volendam y molinos de Zaanse Schans desde \u00c1msterdam, tendr\u00e1s la oportunidad de <\/span><b>experimentar 4 horas de conexi\u00f3n directa con los campos holandeses<\/b><span style=\"font-weight: 400;\"> y toda la belleza natural de las zonas rurales m\u00e1s tur\u00edsticas del pa\u00eds.\u00a0<\/span><\/p>\n<p><span style=\"font-weight: 400;\">La excursi\u00f3n est\u00e1 dise\u00f1ada para que obtengas la m\u00e1xima comodidad, puesto que ir\u00e1s en un coche privado con gu\u00eda privado incluido.\u00a0<\/span><\/p>\n<p><span style=\"font-weight: 400;\">Vas a poder acordar con el gu\u00eda la hora y el sitio de encuentro. De esta forma, todo quedar\u00e1 ajustado a tus necesidades e intereses.\u00a0<\/span><\/p>\n<p><span style=\"font-weight: 400;\">El paseo te llevar\u00e1 a <\/span><b>Voledam<\/b><span style=\"font-weight: 400;\">, un antiguo pueblo de pescadores que a\u00fan conserva su esencia y sus tradiciones.\u00a0<\/span><\/p>\n<p><span style=\"font-weight: 400;\">Durante el recorrido, <\/span><b>podr\u00e1s ver sus famosas casas verdes<\/b><span style=\"font-weight: 400;\">. Asimismo, el gu\u00eda te ir\u00e1 contando las historias y los datos m\u00e1s importantes de cada uno de sus lugares, para que no pierdas ning\u00fan detalle.\u00a0<\/span><\/p>\n<p><span style=\"font-weight: 400;\">Despu\u00e9s, pasaremos hacia el majestuoso Zaanse Schans, sitio en el que se encuentran <\/span><b>los famosos molinos de Zaanse Schans<\/b><span style=\"font-weight: 400;\">; los cuales tienen un origen de hace m\u00e1s de 200 a\u00f1os, y todav\u00eda es posible encontrar algunos que a\u00fan est\u00e1n en funcionamiento.\u00a0<\/span><\/p>\n<p><span style=\"font-weight: 400;\">Al terminar el tour privado, iremos de regreso a \u00c1msterdam para dejarte en el lugar que nos indiques.\u00a0<\/span><\/p>\n<p><span style=\"font-weight: 400;\">Sabemos que quedar\u00e1s complacido con este paseo que estar\u00e1 cargado de magia, relajaci\u00f3n y recuerdos imborrables.\u00a0<\/span><\/p>\n<h2><strong>Puntos de inter\u00e9s dentro del tour privado<\/strong><\/h2>\n<p><span style=\"font-weight: 400;\">Esta excursi\u00f3n privada est\u00e1 ideada para adaptarse a tu ritmo y horario. Por lo tanto, iniciaremos el recorrido busc\u00e1ndote por el sitio que desees y en el horario m\u00e1s conveniente para ti. Todo el traslado ser\u00e1 en un coche privado con chofer y gu\u00eda privado incluido.\u00a0<\/span><\/p>\n<p><span style=\"font-weight: 400;\">Ser\u00e1n 4 horas de paseo por los campos m\u00e1s hermosos de Holanda.\u00a0<\/span><\/p>\n<h3><span style=\"font-weight: 400; color: #d3af37;\">Voledam\u00a0<\/span><\/h3>\n<p><span style=\"font-weight: 400;\">Voledam es un hermoso pueblo situado al norte del pa\u00eds.\u00a0<\/span><\/p>\n<p><span style=\"font-weight: 400;\">En esa localidad quedar\u00e1s encantado con el estilo de vida pesquero que se desarrolla en sus calles. Se trata de un antiguo puerto situado en la desembocadura del r\u00edo IJssel, el cual en la actualidad mantiene vivas sus tradiciones pesqueras.\u00a0<\/span><\/p>\n<p><span style=\"font-weight: 400;\">En su puerto ver\u00e1s viejos y llamativos barcos de pesca, as\u00ed como a muchos de sus habitantes utilizando ropa tradicional neerlandesa. Eso ser\u00e1 todo un espect\u00e1culo que quedar\u00e1 grabado en tu memoria.\u00a0<\/span><\/p>\n<p><span style=\"font-weight: 400;\">Adem\u00e1s, conocer\u00e1s las emblem\u00e1ticas casas verdes de Voledam que todav\u00eda conservan su llamativa estructura a pesar de los a\u00f1os. Al estar en Voledam, sentir\u00e1s que est\u00e1s caminando por un museo al aire libre.\u00a0<\/span><\/p>\n<h3><span style=\"font-weight: 400; color: #d3af37;\">Zaanse Schans<\/span><\/h3>\n<p><span style=\"font-weight: 400;\">Nuestra pr\u00f3xima parada es el pintoresco pueblo de Zaanse Schans.\u00a0<\/span><\/p>\n<p><span style=\"font-weight: 400;\">Una vez all\u00ed, no querr\u00e1s parar de tomar fotograf\u00edas porque cada uno de sus rincones est\u00e1n llenos de encanto, historia y cultura.\u00a0<\/span><\/p>\n<p><span style=\"font-weight: 400;\">Tendr\u00e1s la oportunidad de ver de cerca sus famosos molinos de viento.\u00a0<\/span><\/p>\n<p><span style=\"font-weight: 400;\">Molinos que formaron parte activa de uno de los primeros parques industriales que se hizo en todo el mundo y el cual se encontraba a orillas del r\u00edo Zaan.\u00a0<\/span><\/p>\n<p><span style=\"font-weight: 400;\">Muchos de ellos permanecen funcionando, y los ver\u00e1s de cerca en este tour Privado a Volendam y molinos de Zaanse Schans desde \u00c1msterdam.\u00a0<\/span><\/p>\n<p><span style=\"font-weight: 400;\">No est\u00e1 de m\u00e1s que completes tu visita tur\u00edstica a \u00c1msterdam con un <\/span><i><span style=\"font-weight: 400;\">tour <a href=\"https:\/\/tourtravelandmore.com\/es\/tours\/paises-bajos-es\/amsterdam-es\/tour-a-pie-de-anna-frank-por-el-barrio-judio\/\">a pie de Ana Frank por el\u00a0 Barrio Jud\u00edo<\/a><\/span><\/i><span style=\"font-weight: 400;\">. Ser\u00e1 una forma muy entretenida de conocer la historia de la ni\u00f1a jud\u00eda que permaneci\u00f3 escondida durante 2 a\u00f1os junto a su familia en su propia casa durante la Segunda Guerra Mundial.\u00a0<\/span><\/p>\n","protected":false},"excerpt":{"rendered":"<p><span style=\"font-weight: 400;\">Recorre la imponente campi\u00f1a francesa en nuestro <\/span><b>tour privado a Volendam y molinos de Zaanse Schans desde \u00c1msterdam<\/b><span style=\"font-weight: 400;\">. Aprovecha tu paso por \u00c1msterdam para conocer los famosos molinos de Zaanse Schans, las emblem\u00e1ticas casas verdes de Volendam, y muchos otros sitios de una incre\u00edble belleza. Ser\u00e1 un paseo exclusivo y personalizado en el cual ir\u00e1s acompa\u00f1ado de un gu\u00eda privado mientras te trasladas en un c\u00f3modo coche de lujo.\u00a0 <\/span><\/p>\n","protected":false},"featured_media":28013,"comment_status":"open","ping_status":"closed","template":"","meta":{"_acf_changed":false},"product_brand":[],"product_cat":[975,976,977],"product_tag":[],"class_list":{"0":"post-27999","1":"product","2":"type-product","3":"status-publish","4":"has-post-thumbnail","6":"product_cat-amsterdam-es","7":"product_cat-amsterdam-actividades-es","8":"product_cat-amsterdam-rutas-turisticas-privadas-es","10":"first","11":"instock","12":"shipping-taxable","13":"purchasable","14":"product-type-simple"},"acf":[],"yoast_head":"<!-- This site is optimized with the Yoast SEO Premium plugin v25.3.1 (Yoast SEO v25.3.1) - https:\/\/yoast.com\/wordpress\/plugins\/seo\/ -->\n<title>\u27a1\ufe0f Tour privado a Volendam y molinos de Zaanse Schans desde \u00c1msterdam | Tour Travel &amp; More<\/title>\n<meta name=\"description\" content=\"Esc\u00e1pate de la ciudad de \u00c1msterdam para realizar un inolvidable recorrido privado por la campi\u00f1a holandesa y conocer los molinos de Zaanse Schans y el memorativo pueblo de Voledam \u2705\" \/>\n<meta name=\"robots\" content=\"index, follow, max-snippet:-1, max-image-preview:large, max-video-preview:-1\" \/>\n<link rel=\"canonical\" href=\"https:\/\/tourtravelandmore.com\/es\/tours\/paises-bajos-es\/amsterdam-es\/tour-privado-a-volendam-y-molinos-de-zaanse-schans-desde-amsterdam\/\" \/>\n<meta property=\"og:locale\" content=\"es_ES\" \/>\n<meta property=\"og:type\" content=\"article\" \/>\n<meta property=\"og:title\" content=\"Tour Privado a Volendam y molinos de Zaanse Schans desde \u00c1msterdam\" \/>\n<meta property=\"og:description\" content=\"Esc\u00e1pate de la ciudad de \u00c1msterdam para realizar un inolvidable recorrido privado por la campi\u00f1a holandesa y conocer los molinos de Zaanse Schans y el memorativo pueblo de Voledam \u2705\" \/>\n<meta property=\"og:url\" content=\"https:\/\/tourtravelandmore.com\/es\/tours\/paises-bajos-es\/amsterdam-es\/tour-privado-a-volendam-y-molinos-de-zaanse-schans-desde-amsterdam\/\" \/>\n<meta property=\"og:site_name\" content=\"Tour Travel And More\" \/>\n<meta property=\"article:publisher\" content=\"https:\/\/www.facebook.com\/tourtravelandmore\/\" \/>\n<meta property=\"article:modified_time\" content=\"2024-01-12T10:49:06+00:00\" \/>\n<meta property=\"og:image\" content=\"https:\/\/tourtravelandmore.com\/wp-content\/uploads\/2018\/10\/come-visitare-mulini-zaanse-schans.jpeg\" \/>\n\t<meta property=\"og:image:width\" content=\"630\" \/>\n\t<meta property=\"og:image:height\" content=\"394\" \/>\n\t<meta property=\"og:image:type\" content=\"image\/jpeg\" \/>\n<meta name=\"twitter:card\" content=\"summary_large_image\" \/>\n<meta name=\"twitter:site\" content=\"@TourTravel_More\" \/>\n<meta name=\"twitter:label1\" content=\"Tiempo de lectura\" \/>\n\t<meta name=\"twitter:data1\" content=\"3 minutos\" \/>\n<script type=\"application\/ld+json\" class=\"yoast-schema-graph\">{\"@context\":\"https:\/\/schema.org\",\"@graph\":[{\"@type\":\"WebPage\",\"@id\":\"https:\/\/tourtravelandmore.com\/es\/tours\/paises-bajos-es\/amsterdam-es\/tour-privado-a-volendam-y-molinos-de-zaanse-schans-desde-amsterdam\/\",\"url\":\"https:\/\/tourtravelandmore.com\/es\/tours\/paises-bajos-es\/amsterdam-es\/tour-privado-a-volendam-y-molinos-de-zaanse-schans-desde-amsterdam\/\",\"name\":\"\u27a1\ufe0f Tour privado a Volendam y molinos de Zaanse Schans desde \u00c1msterdam | Tour Travel & More\",\"isPartOf\":{\"@id\":\"https:\/\/tourtravelandmore.com\/es\/#website\"},\"primaryImageOfPage\":{\"@id\":\"https:\/\/tourtravelandmore.com\/es\/tours\/paises-bajos-es\/amsterdam-es\/tour-privado-a-volendam-y-molinos-de-zaanse-schans-desde-amsterdam\/#primaryimage\"},\"image\":{\"@id\":\"https:\/\/tourtravelandmore.com\/es\/tours\/paises-bajos-es\/amsterdam-es\/tour-privado-a-volendam-y-molinos-de-zaanse-schans-desde-amsterdam\/#primaryimage\"},\"thumbnailUrl\":\"https:\/\/tourtravelandmore.com\/wp-content\/uploads\/2018\/10\/come-visitare-mulini-zaanse-schans.jpeg\",\"datePublished\":\"2018-10-18T20:41:22+00:00\",\"dateModified\":\"2024-01-12T10:49:06+00:00\",\"description\":\"Esc\u00e1pate de la ciudad de \u00c1msterdam para realizar un inolvidable recorrido privado por la campi\u00f1a holandesa y conocer los molinos de Zaanse Schans y el memorativo pueblo de Voledam \u2705\",\"breadcrumb\":{\"@id\":\"https:\/\/tourtravelandmore.com\/es\/tours\/paises-bajos-es\/amsterdam-es\/tour-privado-a-volendam-y-molinos-de-zaanse-schans-desde-amsterdam\/#breadcrumb\"},\"inLanguage\":\"es\",\"potentialAction\":[{\"@type\":\"ReadAction\",\"target\":[\"https:\/\/tourtravelandmore.com\/es\/tours\/paises-bajos-es\/amsterdam-es\/tour-privado-a-volendam-y-molinos-de-zaanse-schans-desde-amsterdam\/\"]}]},{\"@type\":\"ImageObject\",\"inLanguage\":\"es\",\"@id\":\"https:\/\/tourtravelandmore.com\/es\/tours\/paises-bajos-es\/amsterdam-es\/tour-privado-a-volendam-y-molinos-de-zaanse-schans-desde-amsterdam\/#primaryimage\",\"url\":\"https:\/\/tourtravelandmore.com\/wp-content\/uploads\/2018\/10\/come-visitare-mulini-zaanse-schans.jpeg\",\"contentUrl\":\"https:\/\/tourtravelandmore.com\/wp-content\/uploads\/2018\/10\/come-visitare-mulini-zaanse-schans.jpeg\",\"width\":630,\"height\":394},{\"@type\":\"BreadcrumbList\",\"@id\":\"https:\/\/tourtravelandmore.com\/es\/tours\/paises-bajos-es\/amsterdam-es\/tour-privado-a-volendam-y-molinos-de-zaanse-schans-desde-amsterdam\/#breadcrumb\",\"itemListElement\":[{\"@type\":\"ListItem\",\"position\":1,\"name\":\"Home\",\"item\":\"https:\/\/tourtravelandmore.com\/es\/\"},{\"@type\":\"ListItem\",\"position\":2,\"name\":\"Tours\",\"item\":\"https:\/\/tourtravelandmore.com\/es\/tours\/\"},{\"@type\":\"ListItem\",\"position\":3,\"name\":\"Tour Privado a Volendam y molinos de Zaanse Schans desde \u00c1msterdam\"}]},{\"@type\":\"WebSite\",\"@id\":\"https:\/\/tourtravelandmore.com\/es\/#website\",\"url\":\"https:\/\/tourtravelandmore.com\/es\/\",\"name\":\"Tour Travel And More\",\"description\":\"Private sightseeing tours and luxury transfers in Spain\",\"publisher\":{\"@id\":\"https:\/\/tourtravelandmore.com\/es\/#organization\"},\"potentialAction\":[{\"@type\":\"SearchAction\",\"target\":{\"@type\":\"EntryPoint\",\"urlTemplate\":\"https:\/\/tourtravelandmore.com\/es\/?s={search_term_string}\"},\"query-input\":{\"@type\":\"PropertyValueSpecification\",\"valueRequired\":true,\"valueName\":\"search_term_string\"}}],\"inLanguage\":\"es\"},{\"@type\":\"Organization\",\"@id\":\"https:\/\/tourtravelandmore.com\/es\/#organization\",\"name\":\"Tour Travel And More\",\"url\":\"https:\/\/tourtravelandmore.com\/es\/\",\"logo\":{\"@type\":\"ImageObject\",\"inLanguage\":\"es\",\"@id\":\"https:\/\/tourtravelandmore.com\/es\/#\/schema\/logo\/image\/\",\"url\":\"https:\/\/tourtravelandmore.com\/wp-content\/uploads\/2022\/12\/cropped-logo-cabecera-new.png\",\"contentUrl\":\"https:\/\/tourtravelandmore.com\/wp-content\/uploads\/2022\/12\/cropped-logo-cabecera-new.png\",\"width\":430,\"height\":61,\"caption\":\"Tour Travel And More\"},\"image\":{\"@id\":\"https:\/\/tourtravelandmore.com\/es\/#\/schema\/logo\/image\/\"},\"sameAs\":[\"https:\/\/www.facebook.com\/tourtravelandmore\/\",\"https:\/\/x.com\/TourTravel_More\"]}]}<\/script>\n<!-- \/ Yoast SEO Premium plugin. -->","yoast_head_json":{"title":"\u27a1\ufe0f Tour privado a Volendam y molinos de Zaanse Schans desde \u00c1msterdam | Tour Travel & More","description":"Esc\u00e1pate de la ciudad de \u00c1msterdam para realizar un inolvidable recorrido privado por la campi\u00f1a holandesa y conocer los molinos de Zaanse Schans y el memorativo pueblo de Voledam \u2705","robots":{"index":"index","follow":"follow","max-snippet":"max-snippet:-1","max-image-preview":"max-image-preview:large","max-video-preview":"max-video-preview:-1"},"canonical":"https:\/\/tourtravelandmore.com\/es\/tours\/paises-bajos-es\/amsterdam-es\/tour-privado-a-volendam-y-molinos-de-zaanse-schans-desde-amsterdam\/","og_locale":"es_ES","og_type":"article","og_title":"Tour Privado a Volendam y molinos de Zaanse Schans desde \u00c1msterdam","og_description":"Esc\u00e1pate de la ciudad de \u00c1msterdam para realizar un inolvidable recorrido privado por la campi\u00f1a holandesa y conocer los molinos de Zaanse Schans y el memorativo pueblo de Voledam \u2705","og_url":"https:\/\/tourtravelandmore.com\/es\/tours\/paises-bajos-es\/amsterdam-es\/tour-privado-a-volendam-y-molinos-de-zaanse-schans-desde-amsterdam\/","og_site_name":"Tour Travel And More","article_publisher":"https:\/\/www.facebook.com\/tourtravelandmore\/","article_modified_time":"2024-01-12T10:49:06+00:00","og_image":[{"width":630,"height":394,"url":"https:\/\/tourtravelandmore.com\/wp-content\/uploads\/2018\/10\/come-visitare-mulini-zaanse-schans.jpeg","type":"image\/jpeg"}],"twitter_card":"summary_large_image","twitter_site":"@TourTravel_More","twitter_misc":{"Tiempo de lectura":"3 minutos"},"schema":{"@context":"https:\/\/schema.org","@graph":[{"@type":"WebPage","@id":"https:\/\/tourtravelandmore.com\/es\/tours\/paises-bajos-es\/amsterdam-es\/tour-privado-a-volendam-y-molinos-de-zaanse-schans-desde-amsterdam\/","url":"https:\/\/tourtravelandmore.com\/es\/tours\/paises-bajos-es\/amsterdam-es\/tour-privado-a-volendam-y-molinos-de-zaanse-schans-desde-amsterdam\/","name":"\u27a1\ufe0f Tour privado a Volendam y molinos de Zaanse Schans desde \u00c1msterdam | Tour Travel & More","isPartOf":{"@id":"https:\/\/tourtravelandmore.com\/es\/#website"},"primaryImageOfPage":{"@id":"https:\/\/tourtravelandmore.com\/es\/tours\/paises-bajos-es\/amsterdam-es\/tour-privado-a-volendam-y-molinos-de-zaanse-schans-desde-amsterdam\/#primaryimage"},"image":{"@id":"https:\/\/tourtravelandmore.com\/es\/tours\/paises-bajos-es\/amsterdam-es\/tour-privado-a-volendam-y-molinos-de-zaanse-schans-desde-amsterdam\/#primaryimage"},"thumbnailUrl":"https:\/\/tourtravelandmore.com\/wp-content\/uploads\/2018\/10\/come-visitare-mulini-zaanse-schans.jpeg","datePublished":"2018-10-18T20:41:22+00:00","dateModified":"2024-01-12T10:49:06+00:00","description":"Esc\u00e1pate de la ciudad de \u00c1msterdam para realizar un inolvidable recorrido privado por la campi\u00f1a holandesa y conocer los molinos de Zaanse Schans y el memorativo pueblo de Voledam \u2705","breadcrumb":{"@id":"https:\/\/tourtravelandmore.com\/es\/tours\/paises-bajos-es\/amsterdam-es\/tour-privado-a-volendam-y-molinos-de-zaanse-schans-desde-amsterdam\/#breadcrumb"},"inLanguage":"es","potentialAction":[{"@type":"ReadAction","target":["https:\/\/tourtravelandmore.com\/es\/tours\/paises-bajos-es\/amsterdam-es\/tour-privado-a-volendam-y-molinos-de-zaanse-schans-desde-amsterdam\/"]}]},{"@type":"ImageObject","inLanguage":"es","@id":"https:\/\/tourtravelandmore.com\/es\/tours\/paises-bajos-es\/amsterdam-es\/tour-privado-a-volendam-y-molinos-de-zaanse-schans-desde-amsterdam\/#primaryimage","url":"https:\/\/tourtravelandmore.com\/wp-content\/uploads\/2018\/10\/come-visitare-mulini-zaanse-schans.jpeg","contentUrl":"https:\/\/tourtravelandmore.com\/wp-content\/uploads\/2018\/10\/come-visitare-mulini-zaanse-schans.jpeg","width":630,"height":394},{"@type":"BreadcrumbList","@id":"https:\/\/tourtravelandmore.com\/es\/tours\/paises-bajos-es\/amsterdam-es\/tour-privado-a-volendam-y-molinos-de-zaanse-schans-desde-amsterdam\/#breadcrumb","itemListElement":[{"@type":"ListItem","position":1,"name":"Home","item":"https:\/\/tourtravelandmore.com\/es\/"},{"@type":"ListItem","position":2,"name":"Tours","item":"https:\/\/tourtravelandmore.com\/es\/tours\/"},{"@type":"ListItem","position":3,"name":"Tour Privado a Volendam y molinos de Zaanse Schans desde \u00c1msterdam"}]},{"@type":"WebSite","@id":"https:\/\/tourtravelandmore.com\/es\/#website","url":"https:\/\/tourtravelandmore.com\/es\/","name":"Tour Travel And More","description":"Private sightseeing tours and luxury transfers in Spain","publisher":{"@id":"https:\/\/tourtravelandmore.com\/es\/#organization"},"potentialAction":[{"@type":"SearchAction","target":{"@type":"EntryPoint","urlTemplate":"https:\/\/tourtravelandmore.com\/es\/?s={search_term_string}"},"query-input":{"@type":"PropertyValueSpecification","valueRequired":true,"valueName":"search_term_string"}}],"inLanguage":"es"},{"@type":"Organization","@id":"https:\/\/tourtravelandmore.com\/es\/#organization","name":"Tour Travel And More","url":"https:\/\/tourtravelandmore.com\/es\/","logo":{"@type":"ImageObject","inLanguage":"es","@id":"https:\/\/tourtravelandmore.com\/es\/#\/schema\/logo\/image\/","url":"https:\/\/tourtravelandmore.com\/wp-content\/uploads\/2022\/12\/cropped-logo-cabecera-new.png","contentUrl":"https:\/\/tourtravelandmore.com\/wp-content\/uploads\/2022\/12\/cropped-logo-cabecera-new.png","width":430,"height":61,"caption":"Tour Travel And More"},"image":{"@id":"https:\/\/tourtravelandmore.com\/es\/#\/schema\/logo\/image\/"},"sameAs":["https:\/\/www.facebook.com\/tourtravelandmore\/","https:\/\/x.com\/TourTravel_More"]}]}},"_links":{"self":[{"href":"https:\/\/tourtravelandmore.com\/es\/wp-json\/wp\/v2\/product\/27999","targetHints":{"allow":["GET"]}}],"collection":[{"href":"https:\/\/tourtravelandmore.com\/es\/wp-json\/wp\/v2\/product"}],"about":[{"href":"https:\/\/tourtravelandmore.com\/es\/wp-json\/wp\/v2\/types\/product"}],"replies":[{"embeddable":true,"href":"https:\/\/tourtravelandmore.com\/es\/wp-json\/wp\/v2\/comments?post=27999"}],"wp:featuredmedia":[{"embeddable":true,"href":"https:\/\/tourtravelandmore.com\/es\/wp-json\/wp\/v2\/media\/28013"}],"wp:attachment":[{"href":"https:\/\/tourtravelandmore.com\/es\/wp-json\/wp\/v2\/media?parent=27999"}],"wp:term":[{"taxonomy":"product_brand","embeddable":true,"href":"https:\/\/tourtravelandmore.com\/es\/wp-json\/wp\/v2\/product_brand?post=27999"},{"taxonomy":"product_cat","embeddable":true,"href":"https:\/\/tourtravelandmore.com\/es\/wp-json\/wp\/v2\/product_cat?post=27999"},{"taxonomy":"product_tag","embeddable":true,"href":"https:\/\/tourtravelandmore.com\/es\/wp-json\/wp\/v2\/product_tag?post=27999"}],"curies":[{"name":"wp","href":"https:\/\/api.w.org\/{rel}","templated":true}]}}