{"id":27976,"date":"2018-10-18T22:17:36","date_gmt":"2018-10-18T20:17:39","guid":{"rendered":"http:\/\/tourtravelandmore.com\/es\/tours\/amsterdam-es\/tour-privado-a-haarlem-desde-amsterdam\/"},"modified":"2024-01-12T11:49:38","modified_gmt":"2024-01-12T10:49:38","slug":"tour-privado-a-haarlem-desde-amsterdam","status":"publish","type":"product","link":"https:\/\/tourtravelandmore.com\/es\/tours\/paises-bajos-es\/amsterdam-es\/tour-privado-a-haarlem-desde-amsterdam\/","title":{"rendered":"Tour Privado a Haarlem desde \u00c1msterdam"},"content":{"rendered":"<h2><b>Descripci\u00f3n del tour privado a Harlem empezando en \u00c1msterdam<\/b><\/h2>\n<p><span style=\"font-weight: 400;\">Descubre todo el encanto de la <\/span><b>ciudad de Haarlem<\/b><span style=\"font-weight: 400;\"> en nuestro <\/span><b>tour con gu\u00eda privado<\/b><span style=\"font-weight: 400;\">. Iniciaremos en el punto y en el horario que escojas, para adentrarnos hacia la encantadora ciudad de Haarlem, ubicada a unos 20 km de la capital holandesa.\u00a0<\/span><\/p>\n<p><span style=\"font-weight: 400;\">El traslado se realizar\u00e1 en un c\u00f3modo coche privado, que te llevar\u00e1 a trav\u00e9s de un incre\u00edble paisaje natural hasta llegar a Haarlem: <\/span><b>la cual es conocida como la ciudad de las flores.\u00a0<\/b><\/p>\n<p><span style=\"font-weight: 400;\">Explorar\u00e1s esta pintoresca urbe para ver de cerca sus atractivos m\u00e1s ic\u00f3nicos, as\u00ed como los tesoros que esconde cada rinc\u00f3n de la ciudad.\u00a0<\/span><\/p>\n<p><span style=\"font-weight: 400;\">Es una visita guiada personalizada, ya que puedes acordar con el gu\u00eda la hora, el sitio de partida y hasta los lugares que m\u00e1s te interesen conocer.\u00a0<\/span><\/p>\n<p><span style=\"font-weight: 400;\">Dentro de los principales sitios que visitar\u00e1s est\u00e1n:<\/span><i><span style=\"font-weight: 400;\"> Grote Kerk, el museo Teyler, el Grote Markt, el Ayuntamiento<\/span><\/i><span style=\"font-weight: 400;\"> y muchos edificios y monumentos m\u00e1s.\u00a0<\/span><\/p>\n<p><span style=\"font-weight: 400;\">Ser\u00e1 un <\/span><b>paseo de 4 horas <\/b><span style=\"font-weight: 400;\">para explorar los sitios m\u00e1s emblem\u00e1ticos de esta ciudad, la cual est\u00e1 llena de mucha historia y cultura.\u00a0<\/span><\/p>\n<p><span style=\"font-weight: 400;\">Ver\u00e1s monumentos que tienen m\u00e1s de 800 a\u00f1os. Adem\u00e1s, el gu\u00eda te llevar\u00e1 de la mano por la historia de Haarlem, una ciudad que muchos <\/span><b>artistas del siglo de oro holand\u00e9s<\/b><span style=\"font-weight: 400;\"> dejaron inmortalizada en sus lienzos.\u00a0<\/span><\/p>\n<h2><b>Puntos de inter\u00e9s de este tour privado<\/b><\/h2>\n<p><span style=\"font-weight: 400;\">Este tour Privado a Haarlem desde \u00c1msterdam est\u00e1 planificado para que aproveches al m\u00e1ximo cada momento del paseo. Puesto que estar\u00e1s en contacto con distintos sitios hist\u00f3ricos, monumentos, atracciones culturales y edificios de inter\u00e9s.\u00a0<\/span><\/p>\n<p><span style=\"font-weight: 400;\">Partiremos desde \u00c1msterdam en un confortable coche privado con chofer y gu\u00eda, para recorrer varios kil\u00f3metros de incre\u00edbles valles y praderas, hasta llegar a Haarlem, en donde visitar\u00e1s los siguientes sitios de inter\u00e9s:\u00a0<\/span><\/p>\n<h3><span style=\"color: #d3af37;\"><b>Grote Kerk<\/b><\/span><\/h3>\n<p><span style=\"font-weight: 400;\">Esta es la construcci\u00f3n m\u00e1s imponente y monumental de la ciudad. Se trata de una iglesia antigua construida entre 1370 y 1520.\u00a0<\/span><\/p>\n<p><span style=\"font-weight: 400;\">En sus comienzos, era la catedral de San Bav\u00f3n, pero ahora es una iglesia protestante.<\/span><\/p>\n<p><span style=\"font-weight: 400;\">La arquitectura del edificio es impresionante, ya que tiene hermosas vidrieras y sobre \u00e9l impera una torre de m\u00e1s de 78 metros de altura.\u00a0<\/span><\/p>\n<p><span style=\"font-weight: 400;\">Si vas durante los meses de primavera y verano, podr\u00e1s disfrutar de los inolvidables conciertos que se ofrecen en ese recinto.\u00a0<\/span><\/p>\n<h3><span style=\"color: #d3af37;\"><b>Grote Markt<\/b><\/span><\/h3>\n<p><span style=\"font-weight: 400;\">En el tour guiado conocer\u00e1s la plaza principal de Haarlem, la cual est\u00e1 rodeada de los edificios m\u00e1s hermosos e importantes de la ciudad.\u00a0<\/span><\/p>\n<p><span style=\"font-weight: 400;\">En esta plaza tambi\u00e9n encontrar\u00e1s la estatua en honor a Laurens Janszoon Coster, quien fue uno de los c\u00e9lebres inventores de la imprenta.\u00a0<\/span><\/p>\n<h3><span style=\"color: #d3af37;\"><b>Museo Frans Hals<\/b><\/span><\/h3>\n<p><span style=\"font-weight: 400;\">El museo Frans Hals llamar\u00e1 doblemente tu atenci\u00f3n.\u00a0<\/span><\/p>\n<p><span style=\"font-weight: 400;\">En primer lugar, es un edificio que funcionaba como un antiguo asilo de ancianos durante el siglo XVII. Sumado a eso, en este sitio se encuentran las obras m\u00e1s importantes del pintor m\u00e1s grande de Haarlem: Frans Hals.\u00a0<\/span><\/p>\n<p><span style=\"font-weight: 400;\">Dentro de los principales cuadros que podr\u00e1s admirar en su interior, est\u00e1n los siguientes:\u00a0<\/span><\/p>\n<ul>\n<li style=\"font-weight: 400;\" aria-level=\"1\"><strong>Banquete de los arcabuceros de San Jorge de Haarlem,<\/strong><\/li>\n<li style=\"font-weight: 400;\" aria-level=\"1\"><strong>Retrato de Jacobus Hendricksz Zaffius<\/strong><\/li>\n<li style=\"font-weight: 400;\" aria-level=\"1\"><strong>Los regentes del hospital de santa Isabel en Haarlem.\u00a0<\/strong><\/li>\n<li style=\"font-weight: 400;\" aria-level=\"1\"><strong>Entre muchos otros.\u00a0<\/strong><\/li>\n<\/ul>\n<h3><span style=\"color: #d3af37;\"><b>Museo Teyler<\/b><\/span><\/h3>\n<p><span style=\"font-weight: 400;\">Este es uno de los museos m\u00e1s antiguos de Holanda. El edificio posee distintas colecciones de arte, ciencia y religi\u00f3n.\u00a0<\/span><\/p>\n<p><span style=\"font-weight: 400;\">Fue un museo fundado en honor a Pieter Teyler van der Hulst, quien era un poderoso adinerado de Haarlem, el cual al morir dej\u00f3 toda su fortuna para el desarrollo cultural y cient\u00edfico de su ciudad natal.\u00a0<\/span><\/p>\n<p><span style=\"font-weight: 400;\">Aparte de estos magn\u00edficos puntos de inter\u00e9s, en nuestro tour privado a Haarlem desde \u00c1msterdam tambi\u00e9n tendr\u00e1s la oportunidad de visitar: la Catedral de San Bav\u00f3n, el Ayuntamiento, Amsterdamse Poort y muchos lugares m\u00e1s.\u00a0<\/span><\/p>\n<p><span style=\"font-weight: 400;\">Al finalizar la excursi\u00f3n guiada, el coche privado te llevar\u00e1 al sitio que acuerdes para que descanses y puedas seguir con tu viaje.\u00a0<\/span><\/p>\n<p><span style=\"font-weight: 400;\">Si deseas tener un encuentro m\u00e1s cercano con la historia de \u00c1msterdam, puedes completar tu visita con nuestro<\/span><a href=\"https:\/\/tourtravelandmore.com\/es\/tours\/paises-bajos-es\/amsterdam-es\/tour-privado-por-el-barrio-judio-de-amsterdam\/\"><i><span style=\"font-weight: 400;\"> tour privado del Barrio jud\u00edo de \u00c1msterdam.\u00a0<\/span><\/i><\/a><\/p>\n","protected":false},"excerpt":{"rendered":"<p><span style=\"font-weight: 400;\">En nuestro tour conocer\u00e1s los puntos m\u00e1s emblem\u00e1ticos de Haarlem: \u201cla ciudad de las flores\u201d. Ser\u00e1 una experiencia personalizada a tu medida para que descubras cada rinc\u00f3n de la ciudad, siempre acompa\u00f1ado de un gu\u00eda privado y haciendo el traslado en un c\u00f3modo coche.\u00a0 Dentro de los lugares que visitar\u00e1s est\u00e1n el ayuntamiento, Grote Kerk, el museo Teyler, entre muchos otros. Aprovecha tu tiempo en los Pa\u00edses Bajos y act\u00edvate para este tour privado a Haarlem desde \u00c1msterdam. <\/span><\/p>\n","protected":false},"featured_media":114762,"comment_status":"open","ping_status":"closed","template":"","meta":{"_acf_changed":false},"product_brand":[],"product_cat":[975,976,977],"product_tag":[],"class_list":{"0":"post-27976","1":"product","2":"type-product","3":"status-publish","4":"has-post-thumbnail","6":"product_cat-amsterdam-es","7":"product_cat-amsterdam-actividades-es","8":"product_cat-amsterdam-rutas-turisticas-privadas-es","10":"first","11":"instock","12":"shipping-taxable","13":"purchasable","14":"product-type-simple"},"acf":[],"yoast_head":"<!-- This site is optimized with the Yoast SEO Premium plugin v25.3.1 (Yoast SEO v25.3.1) - https:\/\/yoast.com\/wordpress\/plugins\/seo\/ -->\n<title>\u27a1\ufe0f Tour privado desde \u00c1msterdam hasta Haarlem | Tour Travel &amp; More<\/title>\n<meta name=\"description\" content=\"Conoce Haarlem, la ciudad de las flores, en este tour desde \u00c1msterdam con gu\u00eda y coche privado incluido \u2705\" \/>\n<meta name=\"robots\" content=\"index, follow, max-snippet:-1, max-image-preview:large, max-video-preview:-1\" \/>\n<link rel=\"canonical\" href=\"https:\/\/tourtravelandmore.com\/es\/tours\/paises-bajos-es\/amsterdam-es\/tour-privado-a-haarlem-desde-amsterdam\/\" \/>\n<meta property=\"og:locale\" content=\"es_ES\" \/>\n<meta property=\"og:type\" content=\"article\" \/>\n<meta property=\"og:title\" content=\"Tour Privado a Haarlem desde \u00c1msterdam\" \/>\n<meta property=\"og:description\" content=\"Conoce Haarlem, la ciudad de las flores, en este tour desde \u00c1msterdam con gu\u00eda y coche privado incluido \u2705\" \/>\n<meta property=\"og:url\" content=\"https:\/\/tourtravelandmore.com\/es\/tours\/paises-bajos-es\/amsterdam-es\/tour-privado-a-haarlem-desde-amsterdam\/\" \/>\n<meta property=\"og:site_name\" content=\"Tour Travel And More\" \/>\n<meta property=\"article:publisher\" content=\"https:\/\/www.facebook.com\/tourtravelandmore\/\" \/>\n<meta property=\"article:modified_time\" content=\"2024-01-12T10:49:38+00:00\" \/>\n<meta property=\"og:image\" content=\"https:\/\/tourtravelandmore.com\/wp-content\/uploads\/2018\/10\/image3-3.jpg\" \/>\n\t<meta property=\"og:image:width\" content=\"799\" \/>\n\t<meta property=\"og:image:height\" content=\"599\" \/>\n\t<meta property=\"og:image:type\" content=\"image\/jpeg\" \/>\n<meta name=\"twitter:card\" content=\"summary_large_image\" \/>\n<meta name=\"twitter:site\" content=\"@TourTravel_More\" \/>\n<meta name=\"twitter:label1\" content=\"Tiempo de lectura\" \/>\n\t<meta name=\"twitter:data1\" content=\"4 minutos\" \/>\n<script type=\"application\/ld+json\" class=\"yoast-schema-graph\">{\"@context\":\"https:\/\/schema.org\",\"@graph\":[{\"@type\":\"WebPage\",\"@id\":\"https:\/\/tourtravelandmore.com\/es\/tours\/paises-bajos-es\/amsterdam-es\/tour-privado-a-haarlem-desde-amsterdam\/\",\"url\":\"https:\/\/tourtravelandmore.com\/es\/tours\/paises-bajos-es\/amsterdam-es\/tour-privado-a-haarlem-desde-amsterdam\/\",\"name\":\"\u27a1\ufe0f Tour privado desde \u00c1msterdam hasta Haarlem | Tour Travel & More\",\"isPartOf\":{\"@id\":\"https:\/\/tourtravelandmore.com\/es\/#website\"},\"primaryImageOfPage\":{\"@id\":\"https:\/\/tourtravelandmore.com\/es\/tours\/paises-bajos-es\/amsterdam-es\/tour-privado-a-haarlem-desde-amsterdam\/#primaryimage\"},\"image\":{\"@id\":\"https:\/\/tourtravelandmore.com\/es\/tours\/paises-bajos-es\/amsterdam-es\/tour-privado-a-haarlem-desde-amsterdam\/#primaryimage\"},\"thumbnailUrl\":\"https:\/\/tourtravelandmore.com\/wp-content\/uploads\/2018\/10\/image3-3.jpg\",\"datePublished\":\"2018-10-18T20:17:39+00:00\",\"dateModified\":\"2024-01-12T10:49:38+00:00\",\"description\":\"Conoce Haarlem, la ciudad de las flores, en este tour desde \u00c1msterdam con gu\u00eda y coche privado incluido \u2705\",\"breadcrumb\":{\"@id\":\"https:\/\/tourtravelandmore.com\/es\/tours\/paises-bajos-es\/amsterdam-es\/tour-privado-a-haarlem-desde-amsterdam\/#breadcrumb\"},\"inLanguage\":\"es\",\"potentialAction\":[{\"@type\":\"ReadAction\",\"target\":[\"https:\/\/tourtravelandmore.com\/es\/tours\/paises-bajos-es\/amsterdam-es\/tour-privado-a-haarlem-desde-amsterdam\/\"]}]},{\"@type\":\"ImageObject\",\"inLanguage\":\"es\",\"@id\":\"https:\/\/tourtravelandmore.com\/es\/tours\/paises-bajos-es\/amsterdam-es\/tour-privado-a-haarlem-desde-amsterdam\/#primaryimage\",\"url\":\"https:\/\/tourtravelandmore.com\/wp-content\/uploads\/2018\/10\/image3-3.jpg\",\"contentUrl\":\"https:\/\/tourtravelandmore.com\/wp-content\/uploads\/2018\/10\/image3-3.jpg\",\"width\":799,\"height\":599},{\"@type\":\"BreadcrumbList\",\"@id\":\"https:\/\/tourtravelandmore.com\/es\/tours\/paises-bajos-es\/amsterdam-es\/tour-privado-a-haarlem-desde-amsterdam\/#breadcrumb\",\"itemListElement\":[{\"@type\":\"ListItem\",\"position\":1,\"name\":\"Home\",\"item\":\"https:\/\/tourtravelandmore.com\/es\/\"},{\"@type\":\"ListItem\",\"position\":2,\"name\":\"Tours\",\"item\":\"https:\/\/tourtravelandmore.com\/es\/tours\/\"},{\"@type\":\"ListItem\",\"position\":3,\"name\":\"Tour Privado a Haarlem desde \u00c1msterdam\"}]},{\"@type\":\"WebSite\",\"@id\":\"https:\/\/tourtravelandmore.com\/es\/#website\",\"url\":\"https:\/\/tourtravelandmore.com\/es\/\",\"name\":\"Tour Travel And More\",\"description\":\"Private sightseeing tours and luxury transfers in Spain\",\"publisher\":{\"@id\":\"https:\/\/tourtravelandmore.com\/es\/#organization\"},\"potentialAction\":[{\"@type\":\"SearchAction\",\"target\":{\"@type\":\"EntryPoint\",\"urlTemplate\":\"https:\/\/tourtravelandmore.com\/es\/?s={search_term_string}\"},\"query-input\":{\"@type\":\"PropertyValueSpecification\",\"valueRequired\":true,\"valueName\":\"search_term_string\"}}],\"inLanguage\":\"es\"},{\"@type\":\"Organization\",\"@id\":\"https:\/\/tourtravelandmore.com\/es\/#organization\",\"name\":\"Tour Travel And More\",\"url\":\"https:\/\/tourtravelandmore.com\/es\/\",\"logo\":{\"@type\":\"ImageObject\",\"inLanguage\":\"es\",\"@id\":\"https:\/\/tourtravelandmore.com\/es\/#\/schema\/logo\/image\/\",\"url\":\"https:\/\/tourtravelandmore.com\/wp-content\/uploads\/2022\/12\/cropped-logo-cabecera-new.png\",\"contentUrl\":\"https:\/\/tourtravelandmore.com\/wp-content\/uploads\/2022\/12\/cropped-logo-cabecera-new.png\",\"width\":430,\"height\":61,\"caption\":\"Tour Travel And More\"},\"image\":{\"@id\":\"https:\/\/tourtravelandmore.com\/es\/#\/schema\/logo\/image\/\"},\"sameAs\":[\"https:\/\/www.facebook.com\/tourtravelandmore\/\",\"https:\/\/x.com\/TourTravel_More\"]}]}<\/script>\n<!-- \/ Yoast SEO Premium plugin. -->","yoast_head_json":{"title":"\u27a1\ufe0f Tour privado desde \u00c1msterdam hasta Haarlem | Tour Travel & More","description":"Conoce Haarlem, la ciudad de las flores, en este tour desde \u00c1msterdam con gu\u00eda y coche privado incluido \u2705","robots":{"index":"index","follow":"follow","max-snippet":"max-snippet:-1","max-image-preview":"max-image-preview:large","max-video-preview":"max-video-preview:-1"},"canonical":"https:\/\/tourtravelandmore.com\/es\/tours\/paises-bajos-es\/amsterdam-es\/tour-privado-a-haarlem-desde-amsterdam\/","og_locale":"es_ES","og_type":"article","og_title":"Tour Privado a Haarlem desde \u00c1msterdam","og_description":"Conoce Haarlem, la ciudad de las flores, en este tour desde \u00c1msterdam con gu\u00eda y coche privado incluido \u2705","og_url":"https:\/\/tourtravelandmore.com\/es\/tours\/paises-bajos-es\/amsterdam-es\/tour-privado-a-haarlem-desde-amsterdam\/","og_site_name":"Tour Travel And More","article_publisher":"https:\/\/www.facebook.com\/tourtravelandmore\/","article_modified_time":"2024-01-12T10:49:38+00:00","og_image":[{"width":799,"height":599,"url":"https:\/\/tourtravelandmore.com\/wp-content\/uploads\/2018\/10\/image3-3.jpg","type":"image\/jpeg"}],"twitter_card":"summary_large_image","twitter_site":"@TourTravel_More","twitter_misc":{"Tiempo de lectura":"4 minutos"},"schema":{"@context":"https:\/\/schema.org","@graph":[{"@type":"WebPage","@id":"https:\/\/tourtravelandmore.com\/es\/tours\/paises-bajos-es\/amsterdam-es\/tour-privado-a-haarlem-desde-amsterdam\/","url":"https:\/\/tourtravelandmore.com\/es\/tours\/paises-bajos-es\/amsterdam-es\/tour-privado-a-haarlem-desde-amsterdam\/","name":"\u27a1\ufe0f Tour privado desde \u00c1msterdam hasta Haarlem | Tour Travel & More","isPartOf":{"@id":"https:\/\/tourtravelandmore.com\/es\/#website"},"primaryImageOfPage":{"@id":"https:\/\/tourtravelandmore.com\/es\/tours\/paises-bajos-es\/amsterdam-es\/tour-privado-a-haarlem-desde-amsterdam\/#primaryimage"},"image":{"@id":"https:\/\/tourtravelandmore.com\/es\/tours\/paises-bajos-es\/amsterdam-es\/tour-privado-a-haarlem-desde-amsterdam\/#primaryimage"},"thumbnailUrl":"https:\/\/tourtravelandmore.com\/wp-content\/uploads\/2018\/10\/image3-3.jpg","datePublished":"2018-10-18T20:17:39+00:00","dateModified":"2024-01-12T10:49:38+00:00","description":"Conoce Haarlem, la ciudad de las flores, en este tour desde \u00c1msterdam con gu\u00eda y coche privado incluido \u2705","breadcrumb":{"@id":"https:\/\/tourtravelandmore.com\/es\/tours\/paises-bajos-es\/amsterdam-es\/tour-privado-a-haarlem-desde-amsterdam\/#breadcrumb"},"inLanguage":"es","potentialAction":[{"@type":"ReadAction","target":["https:\/\/tourtravelandmore.com\/es\/tours\/paises-bajos-es\/amsterdam-es\/tour-privado-a-haarlem-desde-amsterdam\/"]}]},{"@type":"ImageObject","inLanguage":"es","@id":"https:\/\/tourtravelandmore.com\/es\/tours\/paises-bajos-es\/amsterdam-es\/tour-privado-a-haarlem-desde-amsterdam\/#primaryimage","url":"https:\/\/tourtravelandmore.com\/wp-content\/uploads\/2018\/10\/image3-3.jpg","contentUrl":"https:\/\/tourtravelandmore.com\/wp-content\/uploads\/2018\/10\/image3-3.jpg","width":799,"height":599},{"@type":"BreadcrumbList","@id":"https:\/\/tourtravelandmore.com\/es\/tours\/paises-bajos-es\/amsterdam-es\/tour-privado-a-haarlem-desde-amsterdam\/#breadcrumb","itemListElement":[{"@type":"ListItem","position":1,"name":"Home","item":"https:\/\/tourtravelandmore.com\/es\/"},{"@type":"ListItem","position":2,"name":"Tours","item":"https:\/\/tourtravelandmore.com\/es\/tours\/"},{"@type":"ListItem","position":3,"name":"Tour Privado a Haarlem desde \u00c1msterdam"}]},{"@type":"WebSite","@id":"https:\/\/tourtravelandmore.com\/es\/#website","url":"https:\/\/tourtravelandmore.com\/es\/","name":"Tour Travel And More","description":"Private sightseeing tours and luxury transfers in Spain","publisher":{"@id":"https:\/\/tourtravelandmore.com\/es\/#organization"},"potentialAction":[{"@type":"SearchAction","target":{"@type":"EntryPoint","urlTemplate":"https:\/\/tourtravelandmore.com\/es\/?s={search_term_string}"},"query-input":{"@type":"PropertyValueSpecification","valueRequired":true,"valueName":"search_term_string"}}],"inLanguage":"es"},{"@type":"Organization","@id":"https:\/\/tourtravelandmore.com\/es\/#organization","name":"Tour Travel And More","url":"https:\/\/tourtravelandmore.com\/es\/","logo":{"@type":"ImageObject","inLanguage":"es","@id":"https:\/\/tourtravelandmore.com\/es\/#\/schema\/logo\/image\/","url":"https:\/\/tourtravelandmore.com\/wp-content\/uploads\/2022\/12\/cropped-logo-cabecera-new.png","contentUrl":"https:\/\/tourtravelandmore.com\/wp-content\/uploads\/2022\/12\/cropped-logo-cabecera-new.png","width":430,"height":61,"caption":"Tour Travel And More"},"image":{"@id":"https:\/\/tourtravelandmore.com\/es\/#\/schema\/logo\/image\/"},"sameAs":["https:\/\/www.facebook.com\/tourtravelandmore\/","https:\/\/x.com\/TourTravel_More"]}]}},"_links":{"self":[{"href":"https:\/\/tourtravelandmore.com\/es\/wp-json\/wp\/v2\/product\/27976","targetHints":{"allow":["GET"]}}],"collection":[{"href":"https:\/\/tourtravelandmore.com\/es\/wp-json\/wp\/v2\/product"}],"about":[{"href":"https:\/\/tourtravelandmore.com\/es\/wp-json\/wp\/v2\/types\/product"}],"replies":[{"embeddable":true,"href":"https:\/\/tourtravelandmore.com\/es\/wp-json\/wp\/v2\/comments?post=27976"}],"wp:featuredmedia":[{"embeddable":true,"href":"https:\/\/tourtravelandmore.com\/es\/wp-json\/wp\/v2\/media\/114762"}],"wp:attachment":[{"href":"https:\/\/tourtravelandmore.com\/es\/wp-json\/wp\/v2\/media?parent=27976"}],"wp:term":[{"taxonomy":"product_brand","embeddable":true,"href":"https:\/\/tourtravelandmore.com\/es\/wp-json\/wp\/v2\/product_brand?post=27976"},{"taxonomy":"product_cat","embeddable":true,"href":"https:\/\/tourtravelandmore.com\/es\/wp-json\/wp\/v2\/product_cat?post=27976"},{"taxonomy":"product_tag","embeddable":true,"href":"https:\/\/tourtravelandmore.com\/es\/wp-json\/wp\/v2\/product_tag?post=27976"}],"curies":[{"name":"wp","href":"https:\/\/api.w.org\/{rel}","templated":true}]}}