{"id":27942,"date":"2018-10-18T18:46:07","date_gmt":"2018-10-18T16:46:08","guid":{"rendered":"http:\/\/tourtravelandmore.com\/es\/tours\/amsterdam-es\/tour-privado-a-brujas-desde-amsterdam\/"},"modified":"2023-12-25T08:45:02","modified_gmt":"2023-12-25T07:45:02","slug":"tour-privado-a-brujas-desde-amsterdam","status":"publish","type":"product","link":"https:\/\/tourtravelandmore.com\/es\/tours\/paises-bajos-es\/amsterdam-es\/tour-privado-a-brujas-desde-amsterdam\/","title":{"rendered":"Tour Privado a Brujas desde \u00c1msterdam"},"content":{"rendered":"<h2><b>Descripci\u00f3n del tour privado a Brujas<\/b><\/h2>\n<p><span style=\"font-weight: 400;\">Rel\u00e1jate al m\u00e1ximo en una <\/span><b>excursi\u00f3n privada desde \u00c1msterdam hasta la hermosa ciudad de Brujas<\/b><span style=\"font-weight: 400;\">. En este recorrido te sumergir\u00e1s en una majestuosa ciudad medieval que te har\u00e1 sentir como si estuvieses en otra \u00e9poca.\u00a0<\/span><\/p>\n<p><span style=\"font-weight: 400;\">Sus famosos canales y sus hermosas calles te transportar\u00e1n a la Edad Media en donde sentir\u00e1s que est\u00e1s dentro de un cuento o una pel\u00edcula antigua.\u00a0\u00a0<\/span><\/p>\n<p><span style=\"font-weight: 400;\">Nuestro tour tiene una duraci\u00f3n de 12 horas. Inicia a las 9:00 horas para emprender el viaje en un c\u00f3modo coche privado que te llevar\u00e1 desde el centro de \u00c1msterdam hasta Brujas, la ciudad conocida como la Venecia del Norte.\u00a0<\/span><\/p>\n<p><span style=\"font-weight: 400;\">Una vez que lleguemos a Brujas, nos adentraremos en sus principales calles para conocer los edificios y monumentos m\u00e1s famosos. La singular belleza de sus construcciones hizo que Brujas fuera declarada en el a\u00f1o 2000 como Patrimonio de la Humanidad.<\/span><\/p>\n<p><span style=\"font-weight: 400;\">En la excursi\u00f3n ver\u00e1s el Monasterio de la Vi\u00f1a, la Iglesia de nuestra Se\u00f1ora de Brujas, la Plaza Mayor y su campanario, la plaza <\/span><i><span style=\"font-weight: 400;\">Burg<\/span><\/i><span style=\"font-weight: 400;\"> y el Ayuntamiento.\u00a0<\/span><\/p>\n<p><span style=\"font-weight: 400;\">Tambi\u00e9n, tendr\u00e1s la oportunidad de maravillarte con los incre\u00edbles canales de Brujas, dentro del cual destaca el canal Dijver, desde donde tomar\u00e1s hermosas fotograf\u00edas que quedar\u00e1n para el recuerdo.\u00a0<\/span><\/p>\n<p><span style=\"font-weight: 400;\">Desde el inicio de la excursi\u00f3n <\/span><b>estar\u00e1s acompa\u00f1ado por un gu\u00eda experto<\/b><span style=\"font-weight: 400;\"> que te relatar\u00e1 las historias m\u00e1s importantes de cada punto. El objetivo es que puedas conocer todos los detalles y aproveches al m\u00e1ximo la excursi\u00f3n.\u00a0<\/span><\/p>\n<p><span style=\"font-weight: 400;\">Despu\u00e9s de la visita guiada, tendr\u00e1s 3 horas libres para que recorras a tu antojo el resto de la ciudad a tu gusto. Durante ese tiempo puedes hacer algunas compras o profundizar el paseo en el lugar que m\u00e1s te llam\u00f3 la atenci\u00f3n.\u00a0<\/span><\/p>\n<p><span style=\"font-weight: 400;\">Adem\u00e1s, tendr\u00e1s la oportunidad de probar la famosa cerveza y el exquisito chocolate belga que son emblemas del pa\u00eds.\u00a0<\/span><\/p>\n<p><span style=\"font-weight: 400;\">Y si lo prefieres, planifica con nosotros el tour con comida incluida. La idea es que el paseo sea personalizado de acuerdo a tus necesidades.\u00a0<\/span><\/p>\n<h2><b>Puntos de inter\u00e9s en este tour privado<\/b><\/h2>\n<p><span style=\"font-weight: 400;\">En este Tour Privado a Brujas desde \u00c1msterdam conocer\u00e1s <\/span><b>una de las ciudades m\u00e1s bonitas de toda Europa<\/b><span style=\"font-weight: 400;\">. Podr\u00e1s disfrutar de un sinf\u00edn de monumentos y de espectaculares edificios declarados como Patrimonio de la Humanidad.\u00a0<\/span><\/p>\n<p><span style=\"font-weight: 400;\">Visitar\u00e1s distintos puntos de inter\u00e9s, como el hermoso Lago del Amor, pero tambi\u00e9n conocer\u00e1s:\u00a0<\/span><\/p>\n<h3><span style=\"color: #d3af37;\"><b>La Plaza Mayor<\/b><\/span><\/h3>\n<p><span style=\"font-weight: 400;\">La Plaza mayor o La Grote Markt est\u00e1 situada en el centro hist\u00f3rico de Brujas y se le considera el coraz\u00f3n de la ciudad.\u00a0<\/span><\/p>\n<p><span style=\"font-weight: 400;\">A su alrededor est\u00e1n distintos monumentos, como el Campanario y el antiguo Juzgado Provincial. Hacer un recorrido por esta plaza ser\u00e1 un momento inolvidable y digno de muchas fotograf\u00edas.\u00a0<\/span><\/p>\n<h3><span style=\"color: #d3af37;\"><b>La Iglesia de Nuestra Se\u00f1ora<\/b><\/span><\/h3>\n<p><span style=\"font-weight: 400;\">A esta majestuosa iglesia tambi\u00e9n se le conoce como \u201cNotre Dame\u201d, y es toda una obra de arte.\u00a0<\/span><\/p>\n<p><span style=\"font-weight: 400;\">Es un edificio dise\u00f1ado con estilo g\u00f3tico. Adem\u00e1s, es la segunda torre de ladrillos m\u00e1s alta del mundo, la cual contiene en su interior los restos de Carlos el Temerario, quien fue el \u00faltimo Duque de Borgo\u00f1a. Junto a \u00e9l tambi\u00e9n est\u00e1n los restos de su hija Mar\u00eda de Borgo\u00f1a.\u00a0<\/span><\/p>\n<p><span style=\"font-weight: 400;\">Igualmente, dentro de la Iglesia se encuentra una de las grandes obras de arte de Miguel \u00c1ngel: \u201cLa Virgen con el Ni\u00f1o o la Madonna\u201d.\u00a0<\/span><\/p>\n<p><span style=\"font-weight: 400;\">Sabemos que quedar\u00e1s maravillado con la exquisita arquitectura y con toda la historia que est\u00e1 contenida en este incre\u00edble lugar.\u00a0<\/span><\/p>\n<h3><span style=\"color: #d3af37;\"><b>La Catedral de San Salvador<\/b><\/span><\/h3>\n<p><span style=\"font-weight: 400;\">Otro de los monumentos de una incalculable belleza arquitect\u00f3nica que conocer\u00e1s en brujas es la Catedral de San Salvador.\u00a0<\/span><\/p>\n<p><span style=\"font-weight: 400;\">Esta es la Iglesia m\u00e1s antigua de Brujas. En ella se encuentra un magn\u00edfico campanario que se ha convertido en un punto focal para todos los turistas.\u00a0<\/span><\/p>\n<h3><span style=\"color: #d3af37;\"><b>Begijnhof o Beaterio<\/b><\/span><\/h3>\n<p><span style=\"font-weight: 400;\">En el Tour Privado a Brujas desde \u00c1msterdam tambi\u00e9n conocer\u00e1s una verdadera joya arquitect\u00f3nica que, adem\u00e1s, invita al descanso porque est\u00e1 alejado del bullicio de la ciudad.\u00a0<\/span><\/p>\n<p><span style=\"font-weight: 400;\">Nos referimos al Begijnhof o Beaterio. El complejo est\u00e1 situado justo detr\u00e1s del Lago del Amor, y cuenta con hermosos jardines que, sin dudas, ser\u00e1n dignos de muchas fotograf\u00edas.\u00a0<\/span><\/p>\n<p><span style=\"font-weight: 400;\">Debido a su emblem\u00e1tica historia y singular belleza, este Beaterio fue nombrado Patrimonio de la Humanidad por parte de la Unesco.\u00a0<\/span><\/p>\n<p><span style=\"font-weight: 400;\">Despu\u00e9s de maravillarte con cada uno de estos sitios, tendr\u00e1s 3 horas de tiempo libre para recorrer la ciudad a tu gusto. Luego, iniciaremos el regreso a las 21:00 horas para la hermosa ciudad de \u00c1msterdam.\u00a0<\/span><\/p>\n<p><span style=\"font-weight: 400;\">No est\u00e1 de m\u00e1s que incluyas dentro de tus d\u00edas de paseo por \u00c1msterdam un recorrido en nuestro <\/span><i><span style=\"font-weight: 400;\"><a href=\"https:\/\/tourtravelandmore.com\/es\/tours\/paises-bajos-es\/amsterdam-es\/tour-a-pie-de-anna-frank-por-el-barrio-judio\/\">Tour a pie de Ana Frank<\/a> por el Barrio Jud\u00edo<\/span><\/i><span style=\"font-weight: 400;\">. Esa ser\u00e1 una oportunidad \u00fanica para ver de cerca la casa de la ni\u00f1a que escribi\u00f3 el diario de Ana Frank, as\u00ed como todo el legado cultural que la comunidad Jud\u00eda dej\u00f3 en la ciudad.<\/span><\/p>\n","protected":false},"excerpt":{"rendered":"<p><span style=\"font-weight: 400;\">Explora la llamativa e interesante ciudad de Brujas saliendo desde \u00c1msterdam. Deja todo en nuestras manos para llevarte a trav\u00e9s de la campi\u00f1a holandesa hacia una de las ciudades m\u00e1s importantes de B\u00e9lgica. Es un tour privado a Brujas desde \u00c1msterdam en el cual conocer\u00e1s la Plaza mayor, <strong>La Iglesia de Nuestra Se\u00f1ora, el Beaterio, entre muchos otros edificios y monumentos incre\u00edbles.<\/strong><\/span><\/p>\n","protected":false},"featured_media":114722,"comment_status":"open","ping_status":"closed","template":"","meta":{"_acf_changed":false},"product_brand":[],"product_cat":[975,976,977,980,981,982,985,986,987,990,991,992],"product_tag":[],"class_list":{"0":"post-27942","1":"product","2":"type-product","3":"status-publish","4":"has-post-thumbnail","6":"product_cat-amsterdam-es","7":"product_cat-amsterdam-actividades-es","8":"product_cat-amsterdam-rutas-turisticas-privadas-es","9":"product_cat-leiden-es","10":"product_cat-leiden-actividades-es","11":"product_cat-leiden-rutas-turisticas-privadas-es","12":"product_cat-rotterdam-es","13":"product_cat-rotterdam-actividades-es","14":"product_cat-rotterdam-rutas-turisticas-privadas-es-es","15":"product_cat-la-haya-es","16":"product_cat-la-haya-actividades-es","17":"product_cat-la-haya-rutas-turisticas-privadas-es","19":"first","20":"instock","21":"shipping-taxable","22":"purchasable","23":"product-type-simple"},"acf":[],"yoast_head":"<!-- This site is optimized with the Yoast SEO Premium plugin v25.3.1 (Yoast SEO v25.3.1) - https:\/\/yoast.com\/wordpress\/plugins\/seo\/ -->\n<title>\u27a1\ufe0f Tour Privado desde \u00c1msterdam a Brujas | Tour Travel &amp; More<\/title>\n<meta name=\"description\" content=\"Vive una m\u00e1gica experiencia en una de las ciudades m\u00e1s incre\u00edbles de B\u00e9lgica, en un tour privado desde \u00c1msterdam a Brujas \u2705\" \/>\n<meta name=\"robots\" content=\"index, follow, max-snippet:-1, max-image-preview:large, max-video-preview:-1\" \/>\n<link rel=\"canonical\" href=\"https:\/\/tourtravelandmore.com\/es\/tours\/paises-bajos-es\/amsterdam-es\/tour-privado-a-brujas-desde-amsterdam\/\" \/>\n<meta property=\"og:locale\" content=\"es_ES\" \/>\n<meta property=\"og:type\" content=\"article\" \/>\n<meta property=\"og:title\" content=\"Tour Privado a Brujas desde \u00c1msterdam\" \/>\n<meta property=\"og:description\" content=\"Vive una m\u00e1gica experiencia en una de las ciudades m\u00e1s incre\u00edbles de B\u00e9lgica, en un tour privado desde \u00c1msterdam a Brujas \u2705\" \/>\n<meta property=\"og:url\" content=\"https:\/\/tourtravelandmore.com\/es\/tours\/paises-bajos-es\/amsterdam-es\/tour-privado-a-brujas-desde-amsterdam\/\" \/>\n<meta property=\"og:site_name\" content=\"Tour Travel And More\" \/>\n<meta property=\"article:publisher\" content=\"https:\/\/www.facebook.com\/tourtravelandmore\/\" \/>\n<meta property=\"article:modified_time\" content=\"2023-12-25T07:45:02+00:00\" \/>\n<meta property=\"og:image\" content=\"https:\/\/tourtravelandmore.com\/wp-content\/uploads\/2018\/10\/image5-1.jpg\" \/>\n\t<meta property=\"og:image:width\" content=\"910\" \/>\n\t<meta property=\"og:image:height\" content=\"607\" \/>\n\t<meta property=\"og:image:type\" content=\"image\/jpeg\" \/>\n<meta name=\"twitter:card\" content=\"summary_large_image\" \/>\n<meta name=\"twitter:site\" content=\"@TourTravel_More\" \/>\n<meta name=\"twitter:label1\" content=\"Tiempo de lectura\" \/>\n\t<meta name=\"twitter:data1\" content=\"4 minutos\" \/>\n<script type=\"application\/ld+json\" class=\"yoast-schema-graph\">{\"@context\":\"https:\/\/schema.org\",\"@graph\":[{\"@type\":\"WebPage\",\"@id\":\"https:\/\/tourtravelandmore.com\/es\/tours\/paises-bajos-es\/amsterdam-es\/tour-privado-a-brujas-desde-amsterdam\/\",\"url\":\"https:\/\/tourtravelandmore.com\/es\/tours\/paises-bajos-es\/amsterdam-es\/tour-privado-a-brujas-desde-amsterdam\/\",\"name\":\"\u27a1\ufe0f Tour Privado desde \u00c1msterdam a Brujas | Tour Travel & More\",\"isPartOf\":{\"@id\":\"https:\/\/tourtravelandmore.com\/es\/#website\"},\"primaryImageOfPage\":{\"@id\":\"https:\/\/tourtravelandmore.com\/es\/tours\/paises-bajos-es\/amsterdam-es\/tour-privado-a-brujas-desde-amsterdam\/#primaryimage\"},\"image\":{\"@id\":\"https:\/\/tourtravelandmore.com\/es\/tours\/paises-bajos-es\/amsterdam-es\/tour-privado-a-brujas-desde-amsterdam\/#primaryimage\"},\"thumbnailUrl\":\"https:\/\/tourtravelandmore.com\/wp-content\/uploads\/2018\/10\/image5-1.jpg\",\"datePublished\":\"2018-10-18T16:46:08+00:00\",\"dateModified\":\"2023-12-25T07:45:02+00:00\",\"description\":\"Vive una m\u00e1gica experiencia en una de las ciudades m\u00e1s incre\u00edbles de B\u00e9lgica, en un tour privado desde \u00c1msterdam a Brujas \u2705\",\"breadcrumb\":{\"@id\":\"https:\/\/tourtravelandmore.com\/es\/tours\/paises-bajos-es\/amsterdam-es\/tour-privado-a-brujas-desde-amsterdam\/#breadcrumb\"},\"inLanguage\":\"es\",\"potentialAction\":[{\"@type\":\"ReadAction\",\"target\":[\"https:\/\/tourtravelandmore.com\/es\/tours\/paises-bajos-es\/amsterdam-es\/tour-privado-a-brujas-desde-amsterdam\/\"]}]},{\"@type\":\"ImageObject\",\"inLanguage\":\"es\",\"@id\":\"https:\/\/tourtravelandmore.com\/es\/tours\/paises-bajos-es\/amsterdam-es\/tour-privado-a-brujas-desde-amsterdam\/#primaryimage\",\"url\":\"https:\/\/tourtravelandmore.com\/wp-content\/uploads\/2018\/10\/image5-1.jpg\",\"contentUrl\":\"https:\/\/tourtravelandmore.com\/wp-content\/uploads\/2018\/10\/image5-1.jpg\",\"width\":910,\"height\":607},{\"@type\":\"BreadcrumbList\",\"@id\":\"https:\/\/tourtravelandmore.com\/es\/tours\/paises-bajos-es\/amsterdam-es\/tour-privado-a-brujas-desde-amsterdam\/#breadcrumb\",\"itemListElement\":[{\"@type\":\"ListItem\",\"position\":1,\"name\":\"Home\",\"item\":\"https:\/\/tourtravelandmore.com\/es\/\"},{\"@type\":\"ListItem\",\"position\":2,\"name\":\"Tours\",\"item\":\"https:\/\/tourtravelandmore.com\/es\/tours\/\"},{\"@type\":\"ListItem\",\"position\":3,\"name\":\"Tour Privado a Brujas desde \u00c1msterdam\"}]},{\"@type\":\"WebSite\",\"@id\":\"https:\/\/tourtravelandmore.com\/es\/#website\",\"url\":\"https:\/\/tourtravelandmore.com\/es\/\",\"name\":\"Tour Travel And More\",\"description\":\"Private sightseeing tours and luxury transfers in Spain\",\"publisher\":{\"@id\":\"https:\/\/tourtravelandmore.com\/es\/#organization\"},\"potentialAction\":[{\"@type\":\"SearchAction\",\"target\":{\"@type\":\"EntryPoint\",\"urlTemplate\":\"https:\/\/tourtravelandmore.com\/es\/?s={search_term_string}\"},\"query-input\":{\"@type\":\"PropertyValueSpecification\",\"valueRequired\":true,\"valueName\":\"search_term_string\"}}],\"inLanguage\":\"es\"},{\"@type\":\"Organization\",\"@id\":\"https:\/\/tourtravelandmore.com\/es\/#organization\",\"name\":\"Tour Travel And More\",\"url\":\"https:\/\/tourtravelandmore.com\/es\/\",\"logo\":{\"@type\":\"ImageObject\",\"inLanguage\":\"es\",\"@id\":\"https:\/\/tourtravelandmore.com\/es\/#\/schema\/logo\/image\/\",\"url\":\"https:\/\/tourtravelandmore.com\/wp-content\/uploads\/2022\/12\/cropped-logo-cabecera-new.png\",\"contentUrl\":\"https:\/\/tourtravelandmore.com\/wp-content\/uploads\/2022\/12\/cropped-logo-cabecera-new.png\",\"width\":430,\"height\":61,\"caption\":\"Tour Travel And More\"},\"image\":{\"@id\":\"https:\/\/tourtravelandmore.com\/es\/#\/schema\/logo\/image\/\"},\"sameAs\":[\"https:\/\/www.facebook.com\/tourtravelandmore\/\",\"https:\/\/x.com\/TourTravel_More\"]}]}<\/script>\n<!-- \/ Yoast SEO Premium plugin. -->","yoast_head_json":{"title":"\u27a1\ufe0f Tour Privado desde \u00c1msterdam a Brujas | Tour Travel & More","description":"Vive una m\u00e1gica experiencia en una de las ciudades m\u00e1s incre\u00edbles de B\u00e9lgica, en un tour privado desde \u00c1msterdam a Brujas \u2705","robots":{"index":"index","follow":"follow","max-snippet":"max-snippet:-1","max-image-preview":"max-image-preview:large","max-video-preview":"max-video-preview:-1"},"canonical":"https:\/\/tourtravelandmore.com\/es\/tours\/paises-bajos-es\/amsterdam-es\/tour-privado-a-brujas-desde-amsterdam\/","og_locale":"es_ES","og_type":"article","og_title":"Tour Privado a Brujas desde \u00c1msterdam","og_description":"Vive una m\u00e1gica experiencia en una de las ciudades m\u00e1s incre\u00edbles de B\u00e9lgica, en un tour privado desde \u00c1msterdam a Brujas \u2705","og_url":"https:\/\/tourtravelandmore.com\/es\/tours\/paises-bajos-es\/amsterdam-es\/tour-privado-a-brujas-desde-amsterdam\/","og_site_name":"Tour Travel And More","article_publisher":"https:\/\/www.facebook.com\/tourtravelandmore\/","article_modified_time":"2023-12-25T07:45:02+00:00","og_image":[{"width":910,"height":607,"url":"https:\/\/tourtravelandmore.com\/wp-content\/uploads\/2018\/10\/image5-1.jpg","type":"image\/jpeg"}],"twitter_card":"summary_large_image","twitter_site":"@TourTravel_More","twitter_misc":{"Tiempo de lectura":"4 minutos"},"schema":{"@context":"https:\/\/schema.org","@graph":[{"@type":"WebPage","@id":"https:\/\/tourtravelandmore.com\/es\/tours\/paises-bajos-es\/amsterdam-es\/tour-privado-a-brujas-desde-amsterdam\/","url":"https:\/\/tourtravelandmore.com\/es\/tours\/paises-bajos-es\/amsterdam-es\/tour-privado-a-brujas-desde-amsterdam\/","name":"\u27a1\ufe0f Tour Privado desde \u00c1msterdam a Brujas | Tour Travel & More","isPartOf":{"@id":"https:\/\/tourtravelandmore.com\/es\/#website"},"primaryImageOfPage":{"@id":"https:\/\/tourtravelandmore.com\/es\/tours\/paises-bajos-es\/amsterdam-es\/tour-privado-a-brujas-desde-amsterdam\/#primaryimage"},"image":{"@id":"https:\/\/tourtravelandmore.com\/es\/tours\/paises-bajos-es\/amsterdam-es\/tour-privado-a-brujas-desde-amsterdam\/#primaryimage"},"thumbnailUrl":"https:\/\/tourtravelandmore.com\/wp-content\/uploads\/2018\/10\/image5-1.jpg","datePublished":"2018-10-18T16:46:08+00:00","dateModified":"2023-12-25T07:45:02+00:00","description":"Vive una m\u00e1gica experiencia en una de las ciudades m\u00e1s incre\u00edbles de B\u00e9lgica, en un tour privado desde \u00c1msterdam a Brujas \u2705","breadcrumb":{"@id":"https:\/\/tourtravelandmore.com\/es\/tours\/paises-bajos-es\/amsterdam-es\/tour-privado-a-brujas-desde-amsterdam\/#breadcrumb"},"inLanguage":"es","potentialAction":[{"@type":"ReadAction","target":["https:\/\/tourtravelandmore.com\/es\/tours\/paises-bajos-es\/amsterdam-es\/tour-privado-a-brujas-desde-amsterdam\/"]}]},{"@type":"ImageObject","inLanguage":"es","@id":"https:\/\/tourtravelandmore.com\/es\/tours\/paises-bajos-es\/amsterdam-es\/tour-privado-a-brujas-desde-amsterdam\/#primaryimage","url":"https:\/\/tourtravelandmore.com\/wp-content\/uploads\/2018\/10\/image5-1.jpg","contentUrl":"https:\/\/tourtravelandmore.com\/wp-content\/uploads\/2018\/10\/image5-1.jpg","width":910,"height":607},{"@type":"BreadcrumbList","@id":"https:\/\/tourtravelandmore.com\/es\/tours\/paises-bajos-es\/amsterdam-es\/tour-privado-a-brujas-desde-amsterdam\/#breadcrumb","itemListElement":[{"@type":"ListItem","position":1,"name":"Home","item":"https:\/\/tourtravelandmore.com\/es\/"},{"@type":"ListItem","position":2,"name":"Tours","item":"https:\/\/tourtravelandmore.com\/es\/tours\/"},{"@type":"ListItem","position":3,"name":"Tour Privado a Brujas desde \u00c1msterdam"}]},{"@type":"WebSite","@id":"https:\/\/tourtravelandmore.com\/es\/#website","url":"https:\/\/tourtravelandmore.com\/es\/","name":"Tour Travel And More","description":"Private sightseeing tours and luxury transfers in Spain","publisher":{"@id":"https:\/\/tourtravelandmore.com\/es\/#organization"},"potentialAction":[{"@type":"SearchAction","target":{"@type":"EntryPoint","urlTemplate":"https:\/\/tourtravelandmore.com\/es\/?s={search_term_string}"},"query-input":{"@type":"PropertyValueSpecification","valueRequired":true,"valueName":"search_term_string"}}],"inLanguage":"es"},{"@type":"Organization","@id":"https:\/\/tourtravelandmore.com\/es\/#organization","name":"Tour Travel And More","url":"https:\/\/tourtravelandmore.com\/es\/","logo":{"@type":"ImageObject","inLanguage":"es","@id":"https:\/\/tourtravelandmore.com\/es\/#\/schema\/logo\/image\/","url":"https:\/\/tourtravelandmore.com\/wp-content\/uploads\/2022\/12\/cropped-logo-cabecera-new.png","contentUrl":"https:\/\/tourtravelandmore.com\/wp-content\/uploads\/2022\/12\/cropped-logo-cabecera-new.png","width":430,"height":61,"caption":"Tour Travel And More"},"image":{"@id":"https:\/\/tourtravelandmore.com\/es\/#\/schema\/logo\/image\/"},"sameAs":["https:\/\/www.facebook.com\/tourtravelandmore\/","https:\/\/x.com\/TourTravel_More"]}]}},"_links":{"self":[{"href":"https:\/\/tourtravelandmore.com\/es\/wp-json\/wp\/v2\/product\/27942","targetHints":{"allow":["GET"]}}],"collection":[{"href":"https:\/\/tourtravelandmore.com\/es\/wp-json\/wp\/v2\/product"}],"about":[{"href":"https:\/\/tourtravelandmore.com\/es\/wp-json\/wp\/v2\/types\/product"}],"replies":[{"embeddable":true,"href":"https:\/\/tourtravelandmore.com\/es\/wp-json\/wp\/v2\/comments?post=27942"}],"wp:featuredmedia":[{"embeddable":true,"href":"https:\/\/tourtravelandmore.com\/es\/wp-json\/wp\/v2\/media\/114722"}],"wp:attachment":[{"href":"https:\/\/tourtravelandmore.com\/es\/wp-json\/wp\/v2\/media?parent=27942"}],"wp:term":[{"taxonomy":"product_brand","embeddable":true,"href":"https:\/\/tourtravelandmore.com\/es\/wp-json\/wp\/v2\/product_brand?post=27942"},{"taxonomy":"product_cat","embeddable":true,"href":"https:\/\/tourtravelandmore.com\/es\/wp-json\/wp\/v2\/product_cat?post=27942"},{"taxonomy":"product_tag","embeddable":true,"href":"https:\/\/tourtravelandmore.com\/es\/wp-json\/wp\/v2\/product_tag?post=27942"}],"curies":[{"name":"wp","href":"https:\/\/api.w.org\/{rel}","templated":true}]}}