{"id":27900,"date":"2018-10-18T17:33:42","date_gmt":"2018-10-18T15:33:45","guid":{"rendered":"http:\/\/tourtravelandmore.com\/es\/tours\/amsterdam-es\/tour-privado-de-delft-desde-amsterdam\/"},"modified":"2024-01-12T11:49:54","modified_gmt":"2024-01-12T10:49:54","slug":"tour-privado-a-delft-y-leiden-desde-amsterdam","status":"publish","type":"product","link":"https:\/\/tourtravelandmore.com\/es\/tours\/paises-bajos-es\/amsterdam-es\/tour-privado-a-delft-y-leiden-desde-amsterdam\/","title":{"rendered":"Tour Privado a Delft y Leiden desde \u00c1msterdam"},"content":{"rendered":"<h2><b>Descripci\u00f3n del Tour Privado a Delft y Leiden desde \u00c1msterdam<\/b><\/h2>\n<p><span style=\"font-weight: 400;\">Explora, en una excursi\u00f3n privada de 8 horas, las emblem\u00e1ticas ciudades de Delft y Leiden.\u00a0<\/span><\/p>\n<p><span style=\"font-weight: 400;\">Nuestro <\/span><b>tour privado <\/b><span style=\"font-weight: 400;\">te llevar\u00e1 hasta los sitios de inter\u00e9s m\u00e1s importantes de estas urbes, consideradas como unas de las m\u00e1s llamativas de los Pa\u00edses Bajos.\u00a0<\/span><\/p>\n<p><span style=\"font-weight: 400;\">Camina por los callejones hist\u00f3ricos, y <\/span><b>conoce las incre\u00edbles plazas y monumentos<\/b><span style=\"font-weight: 400;\"> que esconden estas encantadoras ciudades.\u00a0<\/span><\/p>\n<p><span style=\"font-weight: 400;\">El paseo es personalizado porque t\u00fa escoges la hora y el sitio de encuentro. De all\u00ed partiremos en un coche privado, junto a un gu\u00eda que te contar\u00e1 todos los detalles del camino.\u00a0<\/span><\/p>\n<p><span style=\"font-weight: 400;\">En el trayecto pasaremos por muchos<\/span><b> molinos de viento <\/b><span style=\"font-weight: 400;\">y por un camino muy florido que ser\u00e1 digno de unas cuantas fotograf\u00edas.\u00a0<\/span><\/p>\n<p><span style=\"font-weight: 400;\">Luego llegaremos hasta Delf, una ciudad fundada en el siglo XI, la cual est\u00e1 llena de sitios hist\u00f3ricos por los 4 costados.\u00a0<\/span><\/p>\n<p><span style=\"font-weight: 400;\">Una vez all\u00ed, pasaremos por los monumentos de <\/span><i><span style=\"font-weight: 400;\">Nieuwe Kerk, Centro Vermeer, Iglesia Mar\u00eda Van Jesse, el jard\u00edn bot\u00e1nico<\/span><\/i><span style=\"font-weight: 400;\">, entre otros destinos interesantes.\u00a0<\/span><\/p>\n<p><span style=\"font-weight: 400;\">Seguiremos hasta Leiden, una imponente ciudad universitaria que data de la \u00e9poca del Imperio Romano, y en la cual naci\u00f3 el maestro de la pintura Rembrandt.\u00a0\u00a0<\/span><\/p>\n<p><span style=\"font-weight: 400;\">Ser\u00e1 un buen momento para que conozcas: Hortus Botanicus, Hooglandse Kerk, Molen de Valk, el observatorio, y muchos sitios m\u00e1s.\u00a0<\/span><\/p>\n<p><span style=\"font-weight: 400;\">Al finalizar nuestro recorrido, puedes acordar con el gu\u00eda el sitio al que vas a regresar, y que sea m\u00e1s c\u00f3modo para ti.\u00a0<\/span><\/p>\n<p><span style=\"font-weight: 400;\">Es un tour privado a Delft y Leiden desde \u00c1msterdam planificado para que aproveches cada minuto de la excursi\u00f3n.<\/span><\/p>\n<h2><b>Puntos de inter\u00e9s del tour<\/b><\/h2>\n<p><span style=\"font-weight: 400;\">Dejaremos \u00c1msterdam atr\u00e1s para ir a conocer dos ciudades que ofrecen muchos atractivos para los turistas: Delft y Leiden.\u00a0<\/span><\/p>\n<h3><span style=\"color: #d3af37;\"><b>Delft<\/b><\/span><\/h3>\n<p><span style=\"font-weight: 400;\">Delft se sit\u00faa en la Holanda Meridional. Es una ciudad llena de mucha cultura y que, adem\u00e1s, est\u00e1 rodeada de una preciosa red de canales.\u00a0<\/span><\/p>\n<p><span style=\"font-weight: 400;\">Esta fue una de las ciudades m\u00e1s prominentes en la Edad de Oro Holandesa, y en nuestro tour privado vas a conocer en detalles sus sitios m\u00e1s importantes, como por ejemplo:\u00a0<\/span><\/p>\n<ul>\n<li style=\"font-weight: 400;\" aria-level=\"1\"><strong>El centro Vermeer<\/strong><\/li>\n<li style=\"font-weight: 400;\" aria-level=\"1\"><strong>Arboretum Heempark<\/strong><\/li>\n<li style=\"font-weight: 400;\" aria-level=\"1\"><strong>Nieuwe Kerk<\/strong><\/li>\n<li style=\"font-weight: 400;\" aria-level=\"1\"><strong>Oude Kerk<\/strong><\/li>\n<li style=\"font-weight: 400;\" aria-level=\"1\"><strong>La iglesia Maria Van Jesse<\/strong><\/li>\n<li style=\"font-weight: 400;\" aria-level=\"1\"><strong>El jard\u00edn bot\u00e1nico<\/strong><\/li>\n<li style=\"font-weight: 400;\" aria-level=\"1\"><strong>Capilla de San Hip\u00f3lito<\/strong><\/li>\n<li style=\"font-weight: 400;\" aria-level=\"1\"><strong>Y muchos lugares m\u00e1s.<\/strong><\/li>\n<\/ul>\n<p><span style=\"font-weight: 400;\">Adem\u00e1s, visitar\u00e1s uno de los centros de producci\u00f3n de cer\u00e1mica de Delf. Ya que esta ciudad es reconocida en todo el mundo por producir elegantes piezas de cer\u00e1mica, las cuales, en un momento de la historia, se compararon con la porcelana china.\u00a0\u00a0<\/span><\/p>\n<h3><span style=\"color: #d3af37;\"><b>Leiden<\/b><\/span><\/h3>\n<p><span style=\"font-weight: 400;\">El tour privado contin\u00faa hasta Leiden. Esta ciudad es reconocida porque tiene una red de 88 v\u00edas fluviales, lo que la hace la urbe holandesa con m\u00e1s\u00a0 canales despu\u00e9s de \u00c1msterdam.\u00a0<\/span><\/p>\n<p><span style=\"font-weight: 400;\">Durante el recorrido vas a contemplar muchos edificios y monumentos interesantes como:\u00a0<\/span><\/p>\n<ul>\n<li style=\"font-weight: 400;\" aria-level=\"1\"><strong>Visbrug y Koornbrug.<\/strong><\/li>\n<li style=\"font-weight: 400;\" aria-level=\"1\"><strong>El parque Het Plantsoen.<\/strong><\/li>\n<li style=\"font-weight: 400;\" aria-level=\"1\"><strong>Hortus Botanicus.<\/strong><\/li>\n<li style=\"font-weight: 400;\" aria-level=\"1\"><strong>Hooglandse Kerk.<\/strong><\/li>\n<li style=\"font-weight: 400;\" aria-level=\"1\"><strong>Molen de Valk.<\/strong><\/li>\n<li style=\"font-weight: 400;\" aria-level=\"1\"><strong>El Pieterskwartier<\/strong><\/li>\n<li style=\"font-weight: 400;\" aria-level=\"1\"><strong>Entre muchos otros.\u00a0<\/strong><\/li>\n<\/ul>\n<p><span style=\"font-weight: 400;\">En Leiden tambi\u00e9n ver\u00e1s el sitio en donde naci\u00f3 Rembrandt Harmenszoon van Rijn, mejor conocido como Rembrandt, quien es uno de los artistas pl\u00e1sticos m\u00e1s renombrados de todo el mundo.\u00a0<\/span><\/p>\n<p><span style=\"font-weight: 400;\">Luego de conocer estas dos magn\u00edficas ciudades, regresaremos hasta \u00c1msterdam para dejarte en el punto que nos indiques.\u00a0<\/span><\/p>\n<p><span style=\"font-weight: 400;\">Si deseas explorar un poco m\u00e1s la cultura de \u00c1msterdam, es bueno que tomes un <em><a href=\"https:\/\/tourtravelandmore.com\/es\/?post_type=product&#038;p=114774\/\">Tour privado por el barrio rojo de Amsterdam<\/a><\/em><\/span><span style=\"font-weight: 400;\"><em>,<\/em> el cual ser\u00e1 un paseo fuera de lo com\u00fan y lleno de muchos datos interesantes.<\/span><\/p>\n","protected":false},"excerpt":{"rendered":"<p><span style=\"font-weight: 400;\">Explora la ciudad \u00fanica de Leiden y conoce todos los encantos de Delft, en una visita privada y exclusiva. Aprovecha el tour privado a Delft y Leiden desde \u00c1msterdam para descubrir las ciudades m\u00e1s importantes de los Pa\u00edses Bajos<strong>. Recorrer\u00e1s los sitios m\u00e1s interesantes de Delft y Leiden en un coche privado<\/strong> y con la compa\u00f1\u00eda de un gu\u00eda experto para que no pierdas detalle de la excursi\u00f3n.<\/span><\/p>\n","protected":false},"featured_media":114736,"comment_status":"open","ping_status":"closed","template":"","meta":{"_acf_changed":false},"product_brand":[],"product_cat":[975,976,977,980,981,982,985,986,987,990,991,992],"product_tag":[],"class_list":{"0":"post-27900","1":"product","2":"type-product","3":"status-publish","4":"has-post-thumbnail","6":"product_cat-amsterdam-es","7":"product_cat-amsterdam-actividades-es","8":"product_cat-amsterdam-rutas-turisticas-privadas-es","9":"product_cat-leiden-es","10":"product_cat-leiden-actividades-es","11":"product_cat-leiden-rutas-turisticas-privadas-es","12":"product_cat-rotterdam-es","13":"product_cat-rotterdam-actividades-es","14":"product_cat-rotterdam-rutas-turisticas-privadas-es-es","15":"product_cat-la-haya-es","16":"product_cat-la-haya-actividades-es","17":"product_cat-la-haya-rutas-turisticas-privadas-es","19":"first","20":"instock","21":"shipping-taxable","22":"purchasable","23":"product-type-simple"},"acf":[],"yoast_head":"<!-- This site is optimized with the Yoast SEO Premium plugin v25.3.1 (Yoast SEO v25.3.1) - https:\/\/yoast.com\/wordpress\/plugins\/seo\/ -->\n<title>\u27a1\ufe0f Tour privado a Delft y Leiden desde \u00c1msterdam con gu\u00eda y traslado en coche privado<\/title>\n<meta name=\"description\" content=\"Visita 2 de las ciudades m\u00e1s importantes de Holanda: Delft y Leiden, en este tour privado desde \u00c1msterdam \u2705\" \/>\n<meta name=\"robots\" content=\"index, follow, max-snippet:-1, max-image-preview:large, max-video-preview:-1\" \/>\n<link rel=\"canonical\" href=\"https:\/\/tourtravelandmore.com\/es\/tours\/paises-bajos-es\/amsterdam-es\/tour-privado-a-delft-y-leiden-desde-amsterdam\/\" \/>\n<meta property=\"og:locale\" content=\"es_ES\" \/>\n<meta property=\"og:type\" content=\"article\" \/>\n<meta property=\"og:title\" content=\"Tour Privado a Delft y Leiden desde \u00c1msterdam\" \/>\n<meta property=\"og:description\" content=\"Visita 2 de las ciudades m\u00e1s importantes de Holanda: Delft y Leiden, en este tour privado desde \u00c1msterdam \u2705\" \/>\n<meta property=\"og:url\" content=\"https:\/\/tourtravelandmore.com\/es\/tours\/paises-bajos-es\/amsterdam-es\/tour-privado-a-delft-y-leiden-desde-amsterdam\/\" \/>\n<meta property=\"og:site_name\" content=\"Tour Travel And More\" \/>\n<meta property=\"article:publisher\" content=\"https:\/\/www.facebook.com\/tourtravelandmore\/\" \/>\n<meta property=\"article:modified_time\" content=\"2024-01-12T10:49:54+00:00\" \/>\n<meta property=\"og:image\" content=\"https:\/\/tourtravelandmore.com\/wp-content\/uploads\/2018\/10\/image1-2.jpg\" \/>\n\t<meta property=\"og:image:width\" content=\"720\" \/>\n\t<meta property=\"og:image:height\" content=\"480\" \/>\n\t<meta property=\"og:image:type\" content=\"image\/jpeg\" \/>\n<meta name=\"twitter:card\" content=\"summary_large_image\" \/>\n<meta name=\"twitter:site\" content=\"@TourTravel_More\" \/>\n<meta name=\"twitter:label1\" content=\"Tiempo de lectura\" \/>\n\t<meta name=\"twitter:data1\" content=\"3 minutos\" \/>\n<script type=\"application\/ld+json\" class=\"yoast-schema-graph\">{\"@context\":\"https:\/\/schema.org\",\"@graph\":[{\"@type\":\"WebPage\",\"@id\":\"https:\/\/tourtravelandmore.com\/es\/tours\/paises-bajos-es\/amsterdam-es\/tour-privado-a-delft-y-leiden-desde-amsterdam\/\",\"url\":\"https:\/\/tourtravelandmore.com\/es\/tours\/paises-bajos-es\/amsterdam-es\/tour-privado-a-delft-y-leiden-desde-amsterdam\/\",\"name\":\"\u27a1\ufe0f Tour privado a Delft y Leiden desde \u00c1msterdam con gu\u00eda y traslado en coche privado\",\"isPartOf\":{\"@id\":\"https:\/\/tourtravelandmore.com\/es\/#website\"},\"primaryImageOfPage\":{\"@id\":\"https:\/\/tourtravelandmore.com\/es\/tours\/paises-bajos-es\/amsterdam-es\/tour-privado-a-delft-y-leiden-desde-amsterdam\/#primaryimage\"},\"image\":{\"@id\":\"https:\/\/tourtravelandmore.com\/es\/tours\/paises-bajos-es\/amsterdam-es\/tour-privado-a-delft-y-leiden-desde-amsterdam\/#primaryimage\"},\"thumbnailUrl\":\"https:\/\/tourtravelandmore.com\/wp-content\/uploads\/2018\/10\/image1-2.jpg\",\"datePublished\":\"2018-10-18T15:33:45+00:00\",\"dateModified\":\"2024-01-12T10:49:54+00:00\",\"description\":\"Visita 2 de las ciudades m\u00e1s importantes de Holanda: Delft y Leiden, en este tour privado desde \u00c1msterdam \u2705\",\"breadcrumb\":{\"@id\":\"https:\/\/tourtravelandmore.com\/es\/tours\/paises-bajos-es\/amsterdam-es\/tour-privado-a-delft-y-leiden-desde-amsterdam\/#breadcrumb\"},\"inLanguage\":\"es\",\"potentialAction\":[{\"@type\":\"ReadAction\",\"target\":[\"https:\/\/tourtravelandmore.com\/es\/tours\/paises-bajos-es\/amsterdam-es\/tour-privado-a-delft-y-leiden-desde-amsterdam\/\"]}]},{\"@type\":\"ImageObject\",\"inLanguage\":\"es\",\"@id\":\"https:\/\/tourtravelandmore.com\/es\/tours\/paises-bajos-es\/amsterdam-es\/tour-privado-a-delft-y-leiden-desde-amsterdam\/#primaryimage\",\"url\":\"https:\/\/tourtravelandmore.com\/wp-content\/uploads\/2018\/10\/image1-2.jpg\",\"contentUrl\":\"https:\/\/tourtravelandmore.com\/wp-content\/uploads\/2018\/10\/image1-2.jpg\",\"width\":720,\"height\":480},{\"@type\":\"BreadcrumbList\",\"@id\":\"https:\/\/tourtravelandmore.com\/es\/tours\/paises-bajos-es\/amsterdam-es\/tour-privado-a-delft-y-leiden-desde-amsterdam\/#breadcrumb\",\"itemListElement\":[{\"@type\":\"ListItem\",\"position\":1,\"name\":\"Home\",\"item\":\"https:\/\/tourtravelandmore.com\/es\/\"},{\"@type\":\"ListItem\",\"position\":2,\"name\":\"Tours\",\"item\":\"https:\/\/tourtravelandmore.com\/es\/tours\/\"},{\"@type\":\"ListItem\",\"position\":3,\"name\":\"Tour Privado a Delft y Leiden desde \u00c1msterdam\"}]},{\"@type\":\"WebSite\",\"@id\":\"https:\/\/tourtravelandmore.com\/es\/#website\",\"url\":\"https:\/\/tourtravelandmore.com\/es\/\",\"name\":\"Tour Travel And More\",\"description\":\"Private sightseeing tours and luxury transfers in Spain\",\"publisher\":{\"@id\":\"https:\/\/tourtravelandmore.com\/es\/#organization\"},\"potentialAction\":[{\"@type\":\"SearchAction\",\"target\":{\"@type\":\"EntryPoint\",\"urlTemplate\":\"https:\/\/tourtravelandmore.com\/es\/?s={search_term_string}\"},\"query-input\":{\"@type\":\"PropertyValueSpecification\",\"valueRequired\":true,\"valueName\":\"search_term_string\"}}],\"inLanguage\":\"es\"},{\"@type\":\"Organization\",\"@id\":\"https:\/\/tourtravelandmore.com\/es\/#organization\",\"name\":\"Tour Travel And More\",\"url\":\"https:\/\/tourtravelandmore.com\/es\/\",\"logo\":{\"@type\":\"ImageObject\",\"inLanguage\":\"es\",\"@id\":\"https:\/\/tourtravelandmore.com\/es\/#\/schema\/logo\/image\/\",\"url\":\"https:\/\/tourtravelandmore.com\/wp-content\/uploads\/2022\/12\/cropped-logo-cabecera-new.png\",\"contentUrl\":\"https:\/\/tourtravelandmore.com\/wp-content\/uploads\/2022\/12\/cropped-logo-cabecera-new.png\",\"width\":430,\"height\":61,\"caption\":\"Tour Travel And More\"},\"image\":{\"@id\":\"https:\/\/tourtravelandmore.com\/es\/#\/schema\/logo\/image\/\"},\"sameAs\":[\"https:\/\/www.facebook.com\/tourtravelandmore\/\",\"https:\/\/x.com\/TourTravel_More\"]}]}<\/script>\n<!-- \/ Yoast SEO Premium plugin. -->","yoast_head_json":{"title":"\u27a1\ufe0f Tour privado a Delft y Leiden desde \u00c1msterdam con gu\u00eda y traslado en coche privado","description":"Visita 2 de las ciudades m\u00e1s importantes de Holanda: Delft y Leiden, en este tour privado desde \u00c1msterdam \u2705","robots":{"index":"index","follow":"follow","max-snippet":"max-snippet:-1","max-image-preview":"max-image-preview:large","max-video-preview":"max-video-preview:-1"},"canonical":"https:\/\/tourtravelandmore.com\/es\/tours\/paises-bajos-es\/amsterdam-es\/tour-privado-a-delft-y-leiden-desde-amsterdam\/","og_locale":"es_ES","og_type":"article","og_title":"Tour Privado a Delft y Leiden desde \u00c1msterdam","og_description":"Visita 2 de las ciudades m\u00e1s importantes de Holanda: Delft y Leiden, en este tour privado desde \u00c1msterdam \u2705","og_url":"https:\/\/tourtravelandmore.com\/es\/tours\/paises-bajos-es\/amsterdam-es\/tour-privado-a-delft-y-leiden-desde-amsterdam\/","og_site_name":"Tour Travel And More","article_publisher":"https:\/\/www.facebook.com\/tourtravelandmore\/","article_modified_time":"2024-01-12T10:49:54+00:00","og_image":[{"width":720,"height":480,"url":"https:\/\/tourtravelandmore.com\/wp-content\/uploads\/2018\/10\/image1-2.jpg","type":"image\/jpeg"}],"twitter_card":"summary_large_image","twitter_site":"@TourTravel_More","twitter_misc":{"Tiempo de lectura":"3 minutos"},"schema":{"@context":"https:\/\/schema.org","@graph":[{"@type":"WebPage","@id":"https:\/\/tourtravelandmore.com\/es\/tours\/paises-bajos-es\/amsterdam-es\/tour-privado-a-delft-y-leiden-desde-amsterdam\/","url":"https:\/\/tourtravelandmore.com\/es\/tours\/paises-bajos-es\/amsterdam-es\/tour-privado-a-delft-y-leiden-desde-amsterdam\/","name":"\u27a1\ufe0f Tour privado a Delft y Leiden desde \u00c1msterdam con gu\u00eda y traslado en coche privado","isPartOf":{"@id":"https:\/\/tourtravelandmore.com\/es\/#website"},"primaryImageOfPage":{"@id":"https:\/\/tourtravelandmore.com\/es\/tours\/paises-bajos-es\/amsterdam-es\/tour-privado-a-delft-y-leiden-desde-amsterdam\/#primaryimage"},"image":{"@id":"https:\/\/tourtravelandmore.com\/es\/tours\/paises-bajos-es\/amsterdam-es\/tour-privado-a-delft-y-leiden-desde-amsterdam\/#primaryimage"},"thumbnailUrl":"https:\/\/tourtravelandmore.com\/wp-content\/uploads\/2018\/10\/image1-2.jpg","datePublished":"2018-10-18T15:33:45+00:00","dateModified":"2024-01-12T10:49:54+00:00","description":"Visita 2 de las ciudades m\u00e1s importantes de Holanda: Delft y Leiden, en este tour privado desde \u00c1msterdam \u2705","breadcrumb":{"@id":"https:\/\/tourtravelandmore.com\/es\/tours\/paises-bajos-es\/amsterdam-es\/tour-privado-a-delft-y-leiden-desde-amsterdam\/#breadcrumb"},"inLanguage":"es","potentialAction":[{"@type":"ReadAction","target":["https:\/\/tourtravelandmore.com\/es\/tours\/paises-bajos-es\/amsterdam-es\/tour-privado-a-delft-y-leiden-desde-amsterdam\/"]}]},{"@type":"ImageObject","inLanguage":"es","@id":"https:\/\/tourtravelandmore.com\/es\/tours\/paises-bajos-es\/amsterdam-es\/tour-privado-a-delft-y-leiden-desde-amsterdam\/#primaryimage","url":"https:\/\/tourtravelandmore.com\/wp-content\/uploads\/2018\/10\/image1-2.jpg","contentUrl":"https:\/\/tourtravelandmore.com\/wp-content\/uploads\/2018\/10\/image1-2.jpg","width":720,"height":480},{"@type":"BreadcrumbList","@id":"https:\/\/tourtravelandmore.com\/es\/tours\/paises-bajos-es\/amsterdam-es\/tour-privado-a-delft-y-leiden-desde-amsterdam\/#breadcrumb","itemListElement":[{"@type":"ListItem","position":1,"name":"Home","item":"https:\/\/tourtravelandmore.com\/es\/"},{"@type":"ListItem","position":2,"name":"Tours","item":"https:\/\/tourtravelandmore.com\/es\/tours\/"},{"@type":"ListItem","position":3,"name":"Tour Privado a Delft y Leiden desde \u00c1msterdam"}]},{"@type":"WebSite","@id":"https:\/\/tourtravelandmore.com\/es\/#website","url":"https:\/\/tourtravelandmore.com\/es\/","name":"Tour Travel And More","description":"Private sightseeing tours and luxury transfers in Spain","publisher":{"@id":"https:\/\/tourtravelandmore.com\/es\/#organization"},"potentialAction":[{"@type":"SearchAction","target":{"@type":"EntryPoint","urlTemplate":"https:\/\/tourtravelandmore.com\/es\/?s={search_term_string}"},"query-input":{"@type":"PropertyValueSpecification","valueRequired":true,"valueName":"search_term_string"}}],"inLanguage":"es"},{"@type":"Organization","@id":"https:\/\/tourtravelandmore.com\/es\/#organization","name":"Tour Travel And More","url":"https:\/\/tourtravelandmore.com\/es\/","logo":{"@type":"ImageObject","inLanguage":"es","@id":"https:\/\/tourtravelandmore.com\/es\/#\/schema\/logo\/image\/","url":"https:\/\/tourtravelandmore.com\/wp-content\/uploads\/2022\/12\/cropped-logo-cabecera-new.png","contentUrl":"https:\/\/tourtravelandmore.com\/wp-content\/uploads\/2022\/12\/cropped-logo-cabecera-new.png","width":430,"height":61,"caption":"Tour Travel And More"},"image":{"@id":"https:\/\/tourtravelandmore.com\/es\/#\/schema\/logo\/image\/"},"sameAs":["https:\/\/www.facebook.com\/tourtravelandmore\/","https:\/\/x.com\/TourTravel_More"]}]}},"_links":{"self":[{"href":"https:\/\/tourtravelandmore.com\/es\/wp-json\/wp\/v2\/product\/27900","targetHints":{"allow":["GET"]}}],"collection":[{"href":"https:\/\/tourtravelandmore.com\/es\/wp-json\/wp\/v2\/product"}],"about":[{"href":"https:\/\/tourtravelandmore.com\/es\/wp-json\/wp\/v2\/types\/product"}],"replies":[{"embeddable":true,"href":"https:\/\/tourtravelandmore.com\/es\/wp-json\/wp\/v2\/comments?post=27900"}],"wp:featuredmedia":[{"embeddable":true,"href":"https:\/\/tourtravelandmore.com\/es\/wp-json\/wp\/v2\/media\/114736"}],"wp:attachment":[{"href":"https:\/\/tourtravelandmore.com\/es\/wp-json\/wp\/v2\/media?parent=27900"}],"wp:term":[{"taxonomy":"product_brand","embeddable":true,"href":"https:\/\/tourtravelandmore.com\/es\/wp-json\/wp\/v2\/product_brand?post=27900"},{"taxonomy":"product_cat","embeddable":true,"href":"https:\/\/tourtravelandmore.com\/es\/wp-json\/wp\/v2\/product_cat?post=27900"},{"taxonomy":"product_tag","embeddable":true,"href":"https:\/\/tourtravelandmore.com\/es\/wp-json\/wp\/v2\/product_tag?post=27900"}],"curies":[{"name":"wp","href":"https:\/\/api.w.org\/{rel}","templated":true}]}}