{"id":27854,"date":"2018-10-17T13:11:03","date_gmt":"2018-10-17T11:11:06","guid":{"rendered":"http:\/\/tourtravelandmore.com\/es\/tours\/bolonia-es\/food-tour-privado-8-horas-desde-bologna\/"},"modified":"2022-04-15T11:30:24","modified_gmt":"2022-04-15T09:30:24","slug":"tour-gastronomico-privado-de-emilia-romagna","status":"publish","type":"product","link":"https:\/\/tourtravelandmore.com\/es\/tours\/italia-es\/bolonia-es\/bolonia-actividades-es\/tour-gastronomico-privado-de-emilia-romagna\/","title":{"rendered":"Tour Gastron\u00f3mico Privado de Emilia Romagna"},"content":{"rendered":"<h2><strong>Descripci\u00f3n del Tour Gastron\u00f3mico Privado de Emilia Romagna<\/strong><\/h2>\n<p>Disfrute de este <strong>tour gastron\u00f3mico privado de Emilia Romagna<\/strong> c\u00f3modamente en su <strong>veh\u00edculo privado de lujo con su chofer.<\/strong> Prep\u00e1rate para degustar una comida t\u00edpica italiana de la regi\u00f3n de Bolonia y visitar sus f\u00e1bricas m\u00e1s importantes.<\/p>\n<p><strong>Bolonia<\/strong> alberga el segundo centro hist\u00f3rico m\u00e1s grande de Europa, despu\u00e9s de Venecia. Es la capital de la regi\u00f3n de Emilia Romagna y tiene una poblaci\u00f3n de alrededor de 400.000 personas.<\/p>\n<p>La ciudad de Bolonia se encuentra en el norte de Italia, entre los r\u00edos Reno y Savena y es una de las ciudades hist\u00f3ricas mejor conservadas de Italia.<\/p>\n<p>Este tour gastron\u00f3mico privado de Emilia Romagna es perfecto para aquellos que quieran incursionar en la comida local y tradicional. Su conductor privado estar\u00e1 a su total disposici\u00f3n durante todo el recorrido. En caso de que lo prefiera, tambi\u00e9n podemos ofrecer la opci\u00f3n de agregar un gu\u00eda privado para su recorrido.<\/p>\n<h2><strong>Puntos de inter\u00e9s en el Tour Gastron\u00f3mico Privado de Emilia Romagna<\/strong><\/h2>\n<p>En primer lugar, su conductor privado lo recoger\u00e1 en su hotel o lugar de elecci\u00f3n en Bolonia por la ma\u00f1ana. Luego, se adentrar\u00e1n en la region de <strong>Emilia Romagna<\/strong>, uno de los mejores lugares gastron\u00f3micos m\u00e1s tradicionales de Italia.<\/p>\n<p>Durante este tour privado, visitar\u00e1 algunas de las mejores f\u00e1bricas de queso y aceite de toda Italia. La regi\u00f3n de Emilia Romagna es conocida como el hogar del <strong>queso parmiggiano reggiano<\/strong>, <strong>aceite bals\u00e1mico y vinagre<\/strong>, <strong>jam\u00f3n<\/strong> y mucho m\u00e1s.<\/p>\n<p>Puedes elegir entre visitar dos f\u00e1bricas entre <a href=\"https:\/\/www.parmigianoreggiano.com\/dairies-find-dairy\/\">Parmiggiano Reggiano<\/a>, una de aceite o una de jam\u00f3n. Una vez dentro, conocer\u00e1 la l\u00ednea de producci\u00f3n y degustar\u00e1 los mejores productos de cada f\u00e1brica. Ticket de entrada a las f\u00e1bricas est\u00e1n incluidas en el tour.<\/p>\n<p>Finalmente, su conductor privado lo llevar\u00e1 de regreso a su punto de partida en Bolonia. El recorrido tiene una duraci\u00f3n total de 8 horas desde el momento de la recogida hasta el momento de devoluci\u00f3n. En caso de que lo prefiera, tambi\u00e9n podemos incluir m\u00e1s horas al tour.<\/p>\n<p>Otra posible opci\u00f3n de un tour de d\u00eda completo desde Bolonia, podr\u00eda ser nuestro <a href=\"https:\/\/tourtravelandmore.com\/es\/tours\/italia-es\/bolonia-es\/tour-privado-8-horas-a-motor-valley-desde-bologna\/\">tour privado a Motor Valley<\/a>, \u00a1echa un vistazo!.<\/p>\n","protected":false},"excerpt":{"rendered":"<p>Disfrute de este <strong>tour privado desde Bologna<\/strong>\u00a0hacia <strong>los puntos gastron\u00f3micos m\u00e1s embem\u00e1ticos de Emilia Romagna<\/strong>. No pierda la oportunidad de descubrir una de las regiones m\u00e1s tradicionales de Italia en su <strong>veh\u00edculo privado de lujo<\/strong> con chofer.\u00a1Visite la f\u00e1brica de queso, aceite y otros productos regionales para comprar su queso y aceites favoritos producidos localmente!<\/p>\n<p>&nbsp;<\/p>\n","protected":false},"featured_media":27860,"comment_status":"open","ping_status":"closed","template":"","meta":{"_acf_changed":false},"product_brand":[],"product_cat":[703,715,709],"product_tag":[],"class_list":{"0":"post-27854","1":"product","2":"type-product","3":"status-publish","4":"has-post-thumbnail","6":"product_cat-bolonia-actividades-es","7":"product_cat-bolonia-rutas-turisticas-privadas-es","8":"product_cat-bolonia-excursiones-es","10":"first","11":"instock","12":"shipping-taxable","13":"purchasable","14":"product-type-simple"},"acf":[],"yoast_head":"<!-- This site is optimized with the Yoast SEO Premium plugin v25.3.1 (Yoast SEO v25.3.1) - https:\/\/yoast.com\/wordpress\/plugins\/seo\/ -->\n<title>Tour Gastron\u00f3mico Privado de Emilia Romagna desde Bolonia | TTM<\/title>\n<meta name=\"description\" content=\"Disfrute de conocer la tradicional gastronom\u00eda de Emilia Romagna desde Bolonia c\u00f3modo en su veh\u00edculo de lujo privado con chofer \u2705\" \/>\n<meta name=\"robots\" content=\"index, follow, max-snippet:-1, max-image-preview:large, max-video-preview:-1\" \/>\n<link rel=\"canonical\" href=\"https:\/\/tourtravelandmore.com\/es\/tours\/italia-es\/bolonia-es\/bolonia-actividades-es\/tour-gastronomico-privado-de-emilia-romagna\/\" \/>\n<meta property=\"og:locale\" content=\"es_ES\" \/>\n<meta property=\"og:type\" content=\"article\" \/>\n<meta property=\"og:title\" content=\"Tour Gastron\u00f3mico Privado de Emilia Romagna\" \/>\n<meta property=\"og:description\" content=\"Disfrute de conocer la tradicional gastronom\u00eda de Emilia Romagna desde Bolonia c\u00f3modo en su veh\u00edculo de lujo privado con chofer \u2705\" \/>\n<meta property=\"og:url\" content=\"https:\/\/tourtravelandmore.com\/es\/tours\/italia-es\/bolonia-es\/bolonia-actividades-es\/tour-gastronomico-privado-de-emilia-romagna\/\" \/>\n<meta property=\"og:site_name\" content=\"Tour Travel And More\" \/>\n<meta property=\"article:publisher\" content=\"https:\/\/www.facebook.com\/tourtravelandmore\/\" \/>\n<meta property=\"article:modified_time\" content=\"2022-04-15T09:30:24+00:00\" \/>\n<meta property=\"og:image\" content=\"https:\/\/tourtravelandmore.com\/wp-content\/uploads\/2018\/10\/parmigiano-min.jpg\" \/>\n\t<meta property=\"og:image:width\" content=\"800\" \/>\n\t<meta property=\"og:image:height\" content=\"531\" \/>\n\t<meta property=\"og:image:type\" content=\"image\/jpeg\" \/>\n<meta name=\"twitter:card\" content=\"summary_large_image\" \/>\n<meta name=\"twitter:site\" content=\"@TourTravel_More\" \/>\n<meta name=\"twitter:label1\" content=\"Tiempo de lectura\" \/>\n\t<meta name=\"twitter:data1\" content=\"2 minutos\" \/>\n<script type=\"application\/ld+json\" class=\"yoast-schema-graph\">{\"@context\":\"https:\/\/schema.org\",\"@graph\":[{\"@type\":\"WebPage\",\"@id\":\"https:\/\/tourtravelandmore.com\/es\/tours\/italia-es\/bolonia-es\/bolonia-actividades-es\/tour-gastronomico-privado-de-emilia-romagna\/\",\"url\":\"https:\/\/tourtravelandmore.com\/es\/tours\/italia-es\/bolonia-es\/bolonia-actividades-es\/tour-gastronomico-privado-de-emilia-romagna\/\",\"name\":\"Tour Gastron\u00f3mico Privado de Emilia Romagna desde Bolonia | TTM\",\"isPartOf\":{\"@id\":\"https:\/\/tourtravelandmore.com\/es\/#website\"},\"primaryImageOfPage\":{\"@id\":\"https:\/\/tourtravelandmore.com\/es\/tours\/italia-es\/bolonia-es\/bolonia-actividades-es\/tour-gastronomico-privado-de-emilia-romagna\/#primaryimage\"},\"image\":{\"@id\":\"https:\/\/tourtravelandmore.com\/es\/tours\/italia-es\/bolonia-es\/bolonia-actividades-es\/tour-gastronomico-privado-de-emilia-romagna\/#primaryimage\"},\"thumbnailUrl\":\"https:\/\/tourtravelandmore.com\/wp-content\/uploads\/2018\/10\/parmigiano-min.jpg\",\"datePublished\":\"2018-10-17T11:11:06+00:00\",\"dateModified\":\"2022-04-15T09:30:24+00:00\",\"description\":\"Disfrute de conocer la tradicional gastronom\u00eda de Emilia Romagna desde Bolonia c\u00f3modo en su veh\u00edculo de lujo privado con chofer \u2705\",\"breadcrumb\":{\"@id\":\"https:\/\/tourtravelandmore.com\/es\/tours\/italia-es\/bolonia-es\/bolonia-actividades-es\/tour-gastronomico-privado-de-emilia-romagna\/#breadcrumb\"},\"inLanguage\":\"es\",\"potentialAction\":[{\"@type\":\"ReadAction\",\"target\":[\"https:\/\/tourtravelandmore.com\/es\/tours\/italia-es\/bolonia-es\/bolonia-actividades-es\/tour-gastronomico-privado-de-emilia-romagna\/\"]}]},{\"@type\":\"ImageObject\",\"inLanguage\":\"es\",\"@id\":\"https:\/\/tourtravelandmore.com\/es\/tours\/italia-es\/bolonia-es\/bolonia-actividades-es\/tour-gastronomico-privado-de-emilia-romagna\/#primaryimage\",\"url\":\"https:\/\/tourtravelandmore.com\/wp-content\/uploads\/2018\/10\/parmigiano-min.jpg\",\"contentUrl\":\"https:\/\/tourtravelandmore.com\/wp-content\/uploads\/2018\/10\/parmigiano-min.jpg\",\"width\":800,\"height\":531},{\"@type\":\"BreadcrumbList\",\"@id\":\"https:\/\/tourtravelandmore.com\/es\/tours\/italia-es\/bolonia-es\/bolonia-actividades-es\/tour-gastronomico-privado-de-emilia-romagna\/#breadcrumb\",\"itemListElement\":[{\"@type\":\"ListItem\",\"position\":1,\"name\":\"Home\",\"item\":\"https:\/\/tourtravelandmore.com\/es\/\"},{\"@type\":\"ListItem\",\"position\":2,\"name\":\"Tours\",\"item\":\"https:\/\/tourtravelandmore.com\/es\/tours\/\"},{\"@type\":\"ListItem\",\"position\":3,\"name\":\"Tour Gastron\u00f3mico Privado de Emilia Romagna\"}]},{\"@type\":\"WebSite\",\"@id\":\"https:\/\/tourtravelandmore.com\/es\/#website\",\"url\":\"https:\/\/tourtravelandmore.com\/es\/\",\"name\":\"Tour Travel And More\",\"description\":\"Private sightseeing tours and luxury transfers in Spain\",\"publisher\":{\"@id\":\"https:\/\/tourtravelandmore.com\/es\/#organization\"},\"potentialAction\":[{\"@type\":\"SearchAction\",\"target\":{\"@type\":\"EntryPoint\",\"urlTemplate\":\"https:\/\/tourtravelandmore.com\/es\/?s={search_term_string}\"},\"query-input\":{\"@type\":\"PropertyValueSpecification\",\"valueRequired\":true,\"valueName\":\"search_term_string\"}}],\"inLanguage\":\"es\"},{\"@type\":\"Organization\",\"@id\":\"https:\/\/tourtravelandmore.com\/es\/#organization\",\"name\":\"Tour Travel And More\",\"url\":\"https:\/\/tourtravelandmore.com\/es\/\",\"logo\":{\"@type\":\"ImageObject\",\"inLanguage\":\"es\",\"@id\":\"https:\/\/tourtravelandmore.com\/es\/#\/schema\/logo\/image\/\",\"url\":\"https:\/\/tourtravelandmore.com\/wp-content\/uploads\/2022\/12\/cropped-logo-cabecera-new.png\",\"contentUrl\":\"https:\/\/tourtravelandmore.com\/wp-content\/uploads\/2022\/12\/cropped-logo-cabecera-new.png\",\"width\":430,\"height\":61,\"caption\":\"Tour Travel And More\"},\"image\":{\"@id\":\"https:\/\/tourtravelandmore.com\/es\/#\/schema\/logo\/image\/\"},\"sameAs\":[\"https:\/\/www.facebook.com\/tourtravelandmore\/\",\"https:\/\/x.com\/TourTravel_More\"]}]}<\/script>\n<!-- \/ Yoast SEO Premium plugin. -->","yoast_head_json":{"title":"Tour Gastron\u00f3mico Privado de Emilia Romagna desde Bolonia | TTM","description":"Disfrute de conocer la tradicional gastronom\u00eda de Emilia Romagna desde Bolonia c\u00f3modo en su veh\u00edculo de lujo privado con chofer \u2705","robots":{"index":"index","follow":"follow","max-snippet":"max-snippet:-1","max-image-preview":"max-image-preview:large","max-video-preview":"max-video-preview:-1"},"canonical":"https:\/\/tourtravelandmore.com\/es\/tours\/italia-es\/bolonia-es\/bolonia-actividades-es\/tour-gastronomico-privado-de-emilia-romagna\/","og_locale":"es_ES","og_type":"article","og_title":"Tour Gastron\u00f3mico Privado de Emilia Romagna","og_description":"Disfrute de conocer la tradicional gastronom\u00eda de Emilia Romagna desde Bolonia c\u00f3modo en su veh\u00edculo de lujo privado con chofer \u2705","og_url":"https:\/\/tourtravelandmore.com\/es\/tours\/italia-es\/bolonia-es\/bolonia-actividades-es\/tour-gastronomico-privado-de-emilia-romagna\/","og_site_name":"Tour Travel And More","article_publisher":"https:\/\/www.facebook.com\/tourtravelandmore\/","article_modified_time":"2022-04-15T09:30:24+00:00","og_image":[{"width":800,"height":531,"url":"https:\/\/tourtravelandmore.com\/wp-content\/uploads\/2018\/10\/parmigiano-min.jpg","type":"image\/jpeg"}],"twitter_card":"summary_large_image","twitter_site":"@TourTravel_More","twitter_misc":{"Tiempo de lectura":"2 minutos"},"schema":{"@context":"https:\/\/schema.org","@graph":[{"@type":"WebPage","@id":"https:\/\/tourtravelandmore.com\/es\/tours\/italia-es\/bolonia-es\/bolonia-actividades-es\/tour-gastronomico-privado-de-emilia-romagna\/","url":"https:\/\/tourtravelandmore.com\/es\/tours\/italia-es\/bolonia-es\/bolonia-actividades-es\/tour-gastronomico-privado-de-emilia-romagna\/","name":"Tour Gastron\u00f3mico Privado de Emilia Romagna desde Bolonia | TTM","isPartOf":{"@id":"https:\/\/tourtravelandmore.com\/es\/#website"},"primaryImageOfPage":{"@id":"https:\/\/tourtravelandmore.com\/es\/tours\/italia-es\/bolonia-es\/bolonia-actividades-es\/tour-gastronomico-privado-de-emilia-romagna\/#primaryimage"},"image":{"@id":"https:\/\/tourtravelandmore.com\/es\/tours\/italia-es\/bolonia-es\/bolonia-actividades-es\/tour-gastronomico-privado-de-emilia-romagna\/#primaryimage"},"thumbnailUrl":"https:\/\/tourtravelandmore.com\/wp-content\/uploads\/2018\/10\/parmigiano-min.jpg","datePublished":"2018-10-17T11:11:06+00:00","dateModified":"2022-04-15T09:30:24+00:00","description":"Disfrute de conocer la tradicional gastronom\u00eda de Emilia Romagna desde Bolonia c\u00f3modo en su veh\u00edculo de lujo privado con chofer \u2705","breadcrumb":{"@id":"https:\/\/tourtravelandmore.com\/es\/tours\/italia-es\/bolonia-es\/bolonia-actividades-es\/tour-gastronomico-privado-de-emilia-romagna\/#breadcrumb"},"inLanguage":"es","potentialAction":[{"@type":"ReadAction","target":["https:\/\/tourtravelandmore.com\/es\/tours\/italia-es\/bolonia-es\/bolonia-actividades-es\/tour-gastronomico-privado-de-emilia-romagna\/"]}]},{"@type":"ImageObject","inLanguage":"es","@id":"https:\/\/tourtravelandmore.com\/es\/tours\/italia-es\/bolonia-es\/bolonia-actividades-es\/tour-gastronomico-privado-de-emilia-romagna\/#primaryimage","url":"https:\/\/tourtravelandmore.com\/wp-content\/uploads\/2018\/10\/parmigiano-min.jpg","contentUrl":"https:\/\/tourtravelandmore.com\/wp-content\/uploads\/2018\/10\/parmigiano-min.jpg","width":800,"height":531},{"@type":"BreadcrumbList","@id":"https:\/\/tourtravelandmore.com\/es\/tours\/italia-es\/bolonia-es\/bolonia-actividades-es\/tour-gastronomico-privado-de-emilia-romagna\/#breadcrumb","itemListElement":[{"@type":"ListItem","position":1,"name":"Home","item":"https:\/\/tourtravelandmore.com\/es\/"},{"@type":"ListItem","position":2,"name":"Tours","item":"https:\/\/tourtravelandmore.com\/es\/tours\/"},{"@type":"ListItem","position":3,"name":"Tour Gastron\u00f3mico Privado de Emilia Romagna"}]},{"@type":"WebSite","@id":"https:\/\/tourtravelandmore.com\/es\/#website","url":"https:\/\/tourtravelandmore.com\/es\/","name":"Tour Travel And More","description":"Private sightseeing tours and luxury transfers in Spain","publisher":{"@id":"https:\/\/tourtravelandmore.com\/es\/#organization"},"potentialAction":[{"@type":"SearchAction","target":{"@type":"EntryPoint","urlTemplate":"https:\/\/tourtravelandmore.com\/es\/?s={search_term_string}"},"query-input":{"@type":"PropertyValueSpecification","valueRequired":true,"valueName":"search_term_string"}}],"inLanguage":"es"},{"@type":"Organization","@id":"https:\/\/tourtravelandmore.com\/es\/#organization","name":"Tour Travel And More","url":"https:\/\/tourtravelandmore.com\/es\/","logo":{"@type":"ImageObject","inLanguage":"es","@id":"https:\/\/tourtravelandmore.com\/es\/#\/schema\/logo\/image\/","url":"https:\/\/tourtravelandmore.com\/wp-content\/uploads\/2022\/12\/cropped-logo-cabecera-new.png","contentUrl":"https:\/\/tourtravelandmore.com\/wp-content\/uploads\/2022\/12\/cropped-logo-cabecera-new.png","width":430,"height":61,"caption":"Tour Travel And More"},"image":{"@id":"https:\/\/tourtravelandmore.com\/es\/#\/schema\/logo\/image\/"},"sameAs":["https:\/\/www.facebook.com\/tourtravelandmore\/","https:\/\/x.com\/TourTravel_More"]}]}},"_links":{"self":[{"href":"https:\/\/tourtravelandmore.com\/es\/wp-json\/wp\/v2\/product\/27854","targetHints":{"allow":["GET"]}}],"collection":[{"href":"https:\/\/tourtravelandmore.com\/es\/wp-json\/wp\/v2\/product"}],"about":[{"href":"https:\/\/tourtravelandmore.com\/es\/wp-json\/wp\/v2\/types\/product"}],"replies":[{"embeddable":true,"href":"https:\/\/tourtravelandmore.com\/es\/wp-json\/wp\/v2\/comments?post=27854"}],"wp:featuredmedia":[{"embeddable":true,"href":"https:\/\/tourtravelandmore.com\/es\/wp-json\/wp\/v2\/media\/27860"}],"wp:attachment":[{"href":"https:\/\/tourtravelandmore.com\/es\/wp-json\/wp\/v2\/media?parent=27854"}],"wp:term":[{"taxonomy":"product_brand","embeddable":true,"href":"https:\/\/tourtravelandmore.com\/es\/wp-json\/wp\/v2\/product_brand?post=27854"},{"taxonomy":"product_cat","embeddable":true,"href":"https:\/\/tourtravelandmore.com\/es\/wp-json\/wp\/v2\/product_cat?post=27854"},{"taxonomy":"product_tag","embeddable":true,"href":"https:\/\/tourtravelandmore.com\/es\/wp-json\/wp\/v2\/product_tag?post=27854"}],"curies":[{"name":"wp","href":"https:\/\/api.w.org\/{rel}","templated":true}]}}