{"id":27737,"date":"2018-10-15T12:27:37","date_gmt":"2019-09-19T10:27:37","guid":{"rendered":"https:\/\/tourtravelandmore.com\/es\/tours\/nuremberg-es\/nuremberg-rutas-turisticas-privadas-es-es\/transfer-privado-hasta-desde-aeropuerto-de-nuremberg\/"},"modified":"2022-03-18T13:24:52","modified_gmt":"2022-03-18T12:24:52","slug":"traslados-privados-en-nuremberg","status":"publish","type":"product","link":"https:\/\/tourtravelandmore.com\/es\/tours\/alemania-es\/nuremberg-es\/traslados-privados-en-nuremberg\/","title":{"rendered":"Traslados privados en Nuremberg"},"content":{"rendered":"<h2><strong>Descripci\u00f3n de los Traslados privados en N\u00faremberg<\/strong><\/h2>\n<p>Disfrute de una experiencia sin preocupaciones en uno de nuestros <strong>veh\u00edculos privados de lujo<\/strong> con nuestros <strong>traslados privados en N\u00faremberg<\/strong>. Nuestro equipo de choferes profesionales le brindar\u00e1n un servicio personalizado.<\/p>\n<p>Ofrecemos <strong>todo tipo de traslados<\/strong> en N\u00faremberg. Coordinamos traslados desde y hacia el aeropuerto de la ciudad, como tambi\u00e9n desde y hacia la estaci\u00f3n de tren. Realizamos tambi\u00e9n traslados personalizados a otras ciudades de la regi\u00f3n, nuestros veh\u00edculos tienen la licencia requerida para operar en toda Europa.<\/p>\n<p>Para traslados de llegada nuestro personal le estar\u00e1 esperando con un cartel a su nombre en la terminal respectiva. Durante su llegada a su destino final disfrutar\u00e1 de un paisaje panor\u00e1mico de la ciudad.<\/p>\n<p>Adem\u00e1s, disponemos de una amplia variedad de tours privados en y desde N\u00faremberg, puede ver las opciones en <a href=\"https:\/\/tourtravelandmore.com\/es\/ciudad\/alemania-es\/nuremberg-es\/\">nuestra lista de tours privados<\/a>.<\/p>\n<h2><strong>Puntos de inter\u00e9s en los <\/strong><strong>Traslados privados en N\u00faremberg<\/strong><\/h2>\n<p>La ciudad est\u00e1 ubicada en el r\u00edo Pegnitz, donde emerge de las tierras altas de Franconia, al sur de Erlangen. N\u00faremberg es, despu\u00e9s de Munich, la segunda ciudad m\u00e1s habitada de la regi\u00f3n de Bavaria. La ciudad interior, dividida en dos partes por el Pegnitz, est\u00e1 rodeada por un muro terminado en 1452, y la l\u00ednea m\u00e1s antigua de fortificaciones internas, que data de 1140 y 1320.<\/p>\n<p>Ofrecemos un <strong>servicio personalizado y privado<\/strong> para todos los grupos. Todos nuestros veh\u00edculos son de alta gama y poseen la licencia necesaria para operar en toda Europa.<\/p>\n<p>No limitamos la cantidad de equipaje. Pero le rogamos que informe con cu\u00e1ntos equipajes viajar\u00e1 solo por cuestiones de log\u00edstica. Podr\u00eda ser necesario un veh\u00edculo m\u00e1s grande dependiendo de la cantidad de equipaje.<\/p>\n<p>En caso de necesitar un asiento para beb\u00e9 o para ni\u00f1os, p\u00f3ngase en contacto con nosotros antes de su vuelo o traslado privado para organizarlo correctamente. Disfrute de una experiencia de lujo con nuestros traslados privados en N\u00faremberg.<\/p>\n","protected":false},"excerpt":{"rendered":"<p>Disfrute de una <strong>experiencia de lujo con nuestros traslados privados en N\u00faremberg<\/strong>. Nuestros veh\u00edculos de lujo est\u00e1n a su entera disposici\u00f3n.<\/p>\n","protected":false},"featured_media":8090,"comment_status":"open","ping_status":"closed","template":"","meta":{"_acf_changed":false},"product_brand":[],"product_cat":[1339,1341,1343],"product_tag":[],"class_list":{"0":"post-27737","1":"product","2":"type-product","3":"status-publish","4":"has-post-thumbnail","6":"product_cat-nuremberg-es","7":"product_cat-nuremberg-rutas-turisticas-privadas-es-es","8":"product_cat-nuremberg-traslados-privados-es","10":"first","11":"instock","12":"shipping-taxable","13":"purchasable","14":"product-type-simple"},"acf":[],"yoast_head":"<!-- This site is optimized with the Yoast SEO Premium plugin v25.3.1 (Yoast SEO v25.3.1) - https:\/\/yoast.com\/wordpress\/plugins\/seo\/ -->\n<title>Traslados privados en Nuremberg con chofer profesional y veh\u00edculo de lujo | TTM<\/title>\n<meta name=\"description\" content=\"Nuestros traslados privados en Nuremberg le ofrecen el modo m\u00e1s r\u00e1pido y relajante de llegar a su destino en N\u00faremberg. Veh\u00edculos de lujo \u2705\" \/>\n<meta name=\"robots\" content=\"index, follow, max-snippet:-1, max-image-preview:large, max-video-preview:-1\" \/>\n<link rel=\"canonical\" href=\"https:\/\/tourtravelandmore.com\/es\/tours\/alemania-es\/nuremberg-es\/traslados-privados-en-nuremberg\/\" \/>\n<meta property=\"og:locale\" content=\"es_ES\" \/>\n<meta property=\"og:type\" content=\"article\" \/>\n<meta property=\"og:title\" content=\"Traslados privados en Nuremberg\" \/>\n<meta property=\"og:description\" content=\"Nuestros traslados privados en Nuremberg le ofrecen el modo m\u00e1s r\u00e1pido y relajante de llegar a su destino en N\u00faremberg. Veh\u00edculos de lujo \u2705\" \/>\n<meta property=\"og:url\" content=\"https:\/\/tourtravelandmore.com\/es\/tours\/alemania-es\/nuremberg-es\/traslados-privados-en-nuremberg\/\" \/>\n<meta property=\"og:site_name\" content=\"Tour Travel And More\" \/>\n<meta property=\"article:publisher\" content=\"https:\/\/www.facebook.com\/tourtravelandmore\/\" \/>\n<meta property=\"article:modified_time\" content=\"2022-03-18T12:24:52+00:00\" \/>\n<meta property=\"og:image\" content=\"https:\/\/tourtravelandmore.com\/wp-content\/uploads\/2016\/10\/transfer-port-barcelonajpg.jpg\" \/>\n\t<meta property=\"og:image:width\" content=\"955\" \/>\n\t<meta property=\"og:image:height\" content=\"523\" \/>\n\t<meta property=\"og:image:type\" content=\"image\/jpeg\" \/>\n<meta name=\"twitter:card\" content=\"summary_large_image\" \/>\n<meta name=\"twitter:site\" content=\"@TourTravel_More\" \/>\n<meta name=\"twitter:label1\" content=\"Tiempo de lectura\" \/>\n\t<meta name=\"twitter:data1\" content=\"2 minutos\" \/>\n<script type=\"application\/ld+json\" class=\"yoast-schema-graph\">{\"@context\":\"https:\/\/schema.org\",\"@graph\":[{\"@type\":\"WebPage\",\"@id\":\"https:\/\/tourtravelandmore.com\/es\/tours\/alemania-es\/nuremberg-es\/traslados-privados-en-nuremberg\/\",\"url\":\"https:\/\/tourtravelandmore.com\/es\/tours\/alemania-es\/nuremberg-es\/traslados-privados-en-nuremberg\/\",\"name\":\"Traslados privados en Nuremberg con chofer profesional y veh\u00edculo de lujo | TTM\",\"isPartOf\":{\"@id\":\"https:\/\/tourtravelandmore.com\/es\/#website\"},\"primaryImageOfPage\":{\"@id\":\"https:\/\/tourtravelandmore.com\/es\/tours\/alemania-es\/nuremberg-es\/traslados-privados-en-nuremberg\/#primaryimage\"},\"image\":{\"@id\":\"https:\/\/tourtravelandmore.com\/es\/tours\/alemania-es\/nuremberg-es\/traslados-privados-en-nuremberg\/#primaryimage\"},\"thumbnailUrl\":\"https:\/\/tourtravelandmore.com\/wp-content\/uploads\/2016\/10\/transfer-port-barcelonajpg.jpg\",\"datePublished\":\"2019-09-19T10:27:37+00:00\",\"dateModified\":\"2022-03-18T12:24:52+00:00\",\"description\":\"Nuestros traslados privados en Nuremberg le ofrecen el modo m\u00e1s r\u00e1pido y relajante de llegar a su destino en N\u00faremberg. Veh\u00edculos de lujo \u2705\",\"breadcrumb\":{\"@id\":\"https:\/\/tourtravelandmore.com\/es\/tours\/alemania-es\/nuremberg-es\/traslados-privados-en-nuremberg\/#breadcrumb\"},\"inLanguage\":\"es\",\"potentialAction\":[{\"@type\":\"ReadAction\",\"target\":[\"https:\/\/tourtravelandmore.com\/es\/tours\/alemania-es\/nuremberg-es\/traslados-privados-en-nuremberg\/\"]}]},{\"@type\":\"ImageObject\",\"inLanguage\":\"es\",\"@id\":\"https:\/\/tourtravelandmore.com\/es\/tours\/alemania-es\/nuremberg-es\/traslados-privados-en-nuremberg\/#primaryimage\",\"url\":\"https:\/\/tourtravelandmore.com\/wp-content\/uploads\/2016\/10\/transfer-port-barcelonajpg.jpg\",\"contentUrl\":\"https:\/\/tourtravelandmore.com\/wp-content\/uploads\/2016\/10\/transfer-port-barcelonajpg.jpg\",\"width\":955,\"height\":523,\"caption\":\"Private Transfer\"},{\"@type\":\"BreadcrumbList\",\"@id\":\"https:\/\/tourtravelandmore.com\/es\/tours\/alemania-es\/nuremberg-es\/traslados-privados-en-nuremberg\/#breadcrumb\",\"itemListElement\":[{\"@type\":\"ListItem\",\"position\":1,\"name\":\"Home\",\"item\":\"https:\/\/tourtravelandmore.com\/es\/\"},{\"@type\":\"ListItem\",\"position\":2,\"name\":\"Tours\",\"item\":\"https:\/\/tourtravelandmore.com\/es\/tours\/\"},{\"@type\":\"ListItem\",\"position\":3,\"name\":\"Traslados privados en Nuremberg\"}]},{\"@type\":\"WebSite\",\"@id\":\"https:\/\/tourtravelandmore.com\/es\/#website\",\"url\":\"https:\/\/tourtravelandmore.com\/es\/\",\"name\":\"Tour Travel And More\",\"description\":\"Private sightseeing tours and luxury transfers in Spain\",\"publisher\":{\"@id\":\"https:\/\/tourtravelandmore.com\/es\/#organization\"},\"potentialAction\":[{\"@type\":\"SearchAction\",\"target\":{\"@type\":\"EntryPoint\",\"urlTemplate\":\"https:\/\/tourtravelandmore.com\/es\/?s={search_term_string}\"},\"query-input\":{\"@type\":\"PropertyValueSpecification\",\"valueRequired\":true,\"valueName\":\"search_term_string\"}}],\"inLanguage\":\"es\"},{\"@type\":\"Organization\",\"@id\":\"https:\/\/tourtravelandmore.com\/es\/#organization\",\"name\":\"Tour Travel And More\",\"url\":\"https:\/\/tourtravelandmore.com\/es\/\",\"logo\":{\"@type\":\"ImageObject\",\"inLanguage\":\"es\",\"@id\":\"https:\/\/tourtravelandmore.com\/es\/#\/schema\/logo\/image\/\",\"url\":\"https:\/\/tourtravelandmore.com\/wp-content\/uploads\/2022\/12\/cropped-logo-cabecera-new.png\",\"contentUrl\":\"https:\/\/tourtravelandmore.com\/wp-content\/uploads\/2022\/12\/cropped-logo-cabecera-new.png\",\"width\":430,\"height\":61,\"caption\":\"Tour Travel And More\"},\"image\":{\"@id\":\"https:\/\/tourtravelandmore.com\/es\/#\/schema\/logo\/image\/\"},\"sameAs\":[\"https:\/\/www.facebook.com\/tourtravelandmore\/\",\"https:\/\/x.com\/TourTravel_More\"]}]}<\/script>\n<!-- \/ Yoast SEO Premium plugin. -->","yoast_head_json":{"title":"Traslados privados en Nuremberg con chofer profesional y veh\u00edculo de lujo | TTM","description":"Nuestros traslados privados en Nuremberg le ofrecen el modo m\u00e1s r\u00e1pido y relajante de llegar a su destino en N\u00faremberg. Veh\u00edculos de lujo \u2705","robots":{"index":"index","follow":"follow","max-snippet":"max-snippet:-1","max-image-preview":"max-image-preview:large","max-video-preview":"max-video-preview:-1"},"canonical":"https:\/\/tourtravelandmore.com\/es\/tours\/alemania-es\/nuremberg-es\/traslados-privados-en-nuremberg\/","og_locale":"es_ES","og_type":"article","og_title":"Traslados privados en Nuremberg","og_description":"Nuestros traslados privados en Nuremberg le ofrecen el modo m\u00e1s r\u00e1pido y relajante de llegar a su destino en N\u00faremberg. Veh\u00edculos de lujo \u2705","og_url":"https:\/\/tourtravelandmore.com\/es\/tours\/alemania-es\/nuremberg-es\/traslados-privados-en-nuremberg\/","og_site_name":"Tour Travel And More","article_publisher":"https:\/\/www.facebook.com\/tourtravelandmore\/","article_modified_time":"2022-03-18T12:24:52+00:00","og_image":[{"width":955,"height":523,"url":"https:\/\/tourtravelandmore.com\/wp-content\/uploads\/2016\/10\/transfer-port-barcelonajpg.jpg","type":"image\/jpeg"}],"twitter_card":"summary_large_image","twitter_site":"@TourTravel_More","twitter_misc":{"Tiempo de lectura":"2 minutos"},"schema":{"@context":"https:\/\/schema.org","@graph":[{"@type":"WebPage","@id":"https:\/\/tourtravelandmore.com\/es\/tours\/alemania-es\/nuremberg-es\/traslados-privados-en-nuremberg\/","url":"https:\/\/tourtravelandmore.com\/es\/tours\/alemania-es\/nuremberg-es\/traslados-privados-en-nuremberg\/","name":"Traslados privados en Nuremberg con chofer profesional y veh\u00edculo de lujo | TTM","isPartOf":{"@id":"https:\/\/tourtravelandmore.com\/es\/#website"},"primaryImageOfPage":{"@id":"https:\/\/tourtravelandmore.com\/es\/tours\/alemania-es\/nuremberg-es\/traslados-privados-en-nuremberg\/#primaryimage"},"image":{"@id":"https:\/\/tourtravelandmore.com\/es\/tours\/alemania-es\/nuremberg-es\/traslados-privados-en-nuremberg\/#primaryimage"},"thumbnailUrl":"https:\/\/tourtravelandmore.com\/wp-content\/uploads\/2016\/10\/transfer-port-barcelonajpg.jpg","datePublished":"2019-09-19T10:27:37+00:00","dateModified":"2022-03-18T12:24:52+00:00","description":"Nuestros traslados privados en Nuremberg le ofrecen el modo m\u00e1s r\u00e1pido y relajante de llegar a su destino en N\u00faremberg. Veh\u00edculos de lujo \u2705","breadcrumb":{"@id":"https:\/\/tourtravelandmore.com\/es\/tours\/alemania-es\/nuremberg-es\/traslados-privados-en-nuremberg\/#breadcrumb"},"inLanguage":"es","potentialAction":[{"@type":"ReadAction","target":["https:\/\/tourtravelandmore.com\/es\/tours\/alemania-es\/nuremberg-es\/traslados-privados-en-nuremberg\/"]}]},{"@type":"ImageObject","inLanguage":"es","@id":"https:\/\/tourtravelandmore.com\/es\/tours\/alemania-es\/nuremberg-es\/traslados-privados-en-nuremberg\/#primaryimage","url":"https:\/\/tourtravelandmore.com\/wp-content\/uploads\/2016\/10\/transfer-port-barcelonajpg.jpg","contentUrl":"https:\/\/tourtravelandmore.com\/wp-content\/uploads\/2016\/10\/transfer-port-barcelonajpg.jpg","width":955,"height":523,"caption":"Private Transfer"},{"@type":"BreadcrumbList","@id":"https:\/\/tourtravelandmore.com\/es\/tours\/alemania-es\/nuremberg-es\/traslados-privados-en-nuremberg\/#breadcrumb","itemListElement":[{"@type":"ListItem","position":1,"name":"Home","item":"https:\/\/tourtravelandmore.com\/es\/"},{"@type":"ListItem","position":2,"name":"Tours","item":"https:\/\/tourtravelandmore.com\/es\/tours\/"},{"@type":"ListItem","position":3,"name":"Traslados privados en Nuremberg"}]},{"@type":"WebSite","@id":"https:\/\/tourtravelandmore.com\/es\/#website","url":"https:\/\/tourtravelandmore.com\/es\/","name":"Tour Travel And More","description":"Private sightseeing tours and luxury transfers in Spain","publisher":{"@id":"https:\/\/tourtravelandmore.com\/es\/#organization"},"potentialAction":[{"@type":"SearchAction","target":{"@type":"EntryPoint","urlTemplate":"https:\/\/tourtravelandmore.com\/es\/?s={search_term_string}"},"query-input":{"@type":"PropertyValueSpecification","valueRequired":true,"valueName":"search_term_string"}}],"inLanguage":"es"},{"@type":"Organization","@id":"https:\/\/tourtravelandmore.com\/es\/#organization","name":"Tour Travel And More","url":"https:\/\/tourtravelandmore.com\/es\/","logo":{"@type":"ImageObject","inLanguage":"es","@id":"https:\/\/tourtravelandmore.com\/es\/#\/schema\/logo\/image\/","url":"https:\/\/tourtravelandmore.com\/wp-content\/uploads\/2022\/12\/cropped-logo-cabecera-new.png","contentUrl":"https:\/\/tourtravelandmore.com\/wp-content\/uploads\/2022\/12\/cropped-logo-cabecera-new.png","width":430,"height":61,"caption":"Tour Travel And More"},"image":{"@id":"https:\/\/tourtravelandmore.com\/es\/#\/schema\/logo\/image\/"},"sameAs":["https:\/\/www.facebook.com\/tourtravelandmore\/","https:\/\/x.com\/TourTravel_More"]}]}},"_links":{"self":[{"href":"https:\/\/tourtravelandmore.com\/es\/wp-json\/wp\/v2\/product\/27737","targetHints":{"allow":["GET"]}}],"collection":[{"href":"https:\/\/tourtravelandmore.com\/es\/wp-json\/wp\/v2\/product"}],"about":[{"href":"https:\/\/tourtravelandmore.com\/es\/wp-json\/wp\/v2\/types\/product"}],"replies":[{"embeddable":true,"href":"https:\/\/tourtravelandmore.com\/es\/wp-json\/wp\/v2\/comments?post=27737"}],"wp:featuredmedia":[{"embeddable":true,"href":"https:\/\/tourtravelandmore.com\/es\/wp-json\/wp\/v2\/media\/8090"}],"wp:attachment":[{"href":"https:\/\/tourtravelandmore.com\/es\/wp-json\/wp\/v2\/media?parent=27737"}],"wp:term":[{"taxonomy":"product_brand","embeddable":true,"href":"https:\/\/tourtravelandmore.com\/es\/wp-json\/wp\/v2\/product_brand?post=27737"},{"taxonomy":"product_cat","embeddable":true,"href":"https:\/\/tourtravelandmore.com\/es\/wp-json\/wp\/v2\/product_cat?post=27737"},{"taxonomy":"product_tag","embeddable":true,"href":"https:\/\/tourtravelandmore.com\/es\/wp-json\/wp\/v2\/product_tag?post=27737"}],"curies":[{"name":"wp","href":"https:\/\/api.w.org\/{rel}","templated":true}]}}