{"id":27624,"date":"2018-10-12T08:59:22","date_gmt":"2018-10-12T06:59:25","guid":{"rendered":"http:\/\/tourtravelandmore.com\/es\/tours\/uncategorized\/tour-privado-de-eindhoven-desde-amsterdam\/"},"modified":"2024-01-08T11:13:33","modified_gmt":"2024-01-08T10:13:33","slug":"tour-privado-de-eindhoven-desde-amsterdam","status":"publish","type":"product","link":"https:\/\/tourtravelandmore.com\/es\/tours\/paises-bajos-es\/amsterdam-es\/tour-privado-de-eindhoven-desde-amsterdam\/","title":{"rendered":"Tour Privado de Eindhoven desde \u00c1msterdam"},"content":{"rendered":"<h2><strong>Descripci\u00f3n del Tour Privado de Eindhoven desde \u00c1msterdam<\/strong><\/h2>\n<p><span style=\"font-weight: 400;\">Eindhoven es una de las ciudades m\u00e1s vanguardistas y cosmopolitas de los Pa\u00edses Bajos. En ella, <\/span><b>se mezclan la modernidad y est\u00e9tica tradicional Europea<\/b><span style=\"font-weight: 400;\">, logrando imprimir ese toque llamativo a cada rinc\u00f3n de la ciudad.\u00a0<\/span><\/p>\n<p><span style=\"font-weight: 400;\">En nuestro <\/span><b>tour privado de Eindhoven desde \u00c1msterdam,<\/b><span style=\"font-weight: 400;\"> quedar\u00e1s maravillado con esta urbe que tiene una identidad propia.<\/span><\/p>\n<p><span style=\"font-weight: 400;\">Ser\u00e1 un recorrido de 8 horas, en el cual estar\u00e1s acompa\u00f1ado de un gu\u00eda experto, que te dar\u00e1 todos los detalles de los sitios que visitaremos.\u00a0<\/span><\/p>\n<p><span style=\"font-weight: 400;\">El traslado se har\u00e1 en un confortable <\/span><b>coche privado<\/b><span style=\"font-weight: 400;\"> para que est\u00e9s lo m\u00e1s c\u00f3modo posible durante todo el trayecto.\u00a0<\/span><\/p>\n<p><i><span style=\"font-weight: 400;\">Aprovecha para relajarte<\/span><\/i><span style=\"font-weight: 400;\"> en nuestra excursi\u00f3n que inicia desde \u00c1msterdam hasta Eindhoven.\u00a0<\/span><\/p>\n<p><span style=\"font-weight: 400;\">Te llevaremos hasta la provincia de Brabante Septentrional, aproximadamente a una hora de \u00c1msterdam.\u00a0<\/span><\/p>\n<p><span style=\"font-weight: 400;\">En el camino quedar\u00e1s cautivado por los molinos de viento, los<\/span><b> campos de tulipanes<\/b><span style=\"font-weight: 400;\"> y los valles que componen el majestuoso paisaje.\u00a0<\/span><\/p>\n<p><span style=\"font-weight: 400;\">Una vez en la ciudad, te adentrar\u00e1s en sus amplias avenidas, sus edificios futuristas, con sus c\u00fapulas de cristal y en los distintos monumentos que embellecen cada una de sus calles.\u00a0<\/span><\/p>\n<p><span style=\"font-weight: 400;\">Debido a que la ciudad fue arrasada en la Segunda Guerra Mundial, ser\u00e1 casi imposible ver el antiguo centro. No obstante, vamos a conocer el emblem\u00e1tico edificio de la Philips, la iglesia Santa Catalina, Standswandelpark, entre muchos otros sitios de inter\u00e9s.\u00a0<\/span><\/p>\n<p><span style=\"font-weight: 400;\">Adem\u00e1s, todo el paseo contar\u00e1 con los relatos del gu\u00eda privado, quien se encargar\u00e1 de transmitir los datos e informaci\u00f3n relevante de los sitios de inter\u00e9s que vayas conociendo.\u00a0\u00a0<\/span><\/p>\n<p><span style=\"font-weight: 400;\">Al finalizar el viaje, te llevaremos de vuelta hasta el lugar que nos indiques para que puedas descansar.\u00a0<\/span><\/p>\n<h2><strong>Puntos de inter\u00e9s del tour privado<\/strong><\/h2>\n<p><span style=\"font-weight: 400;\">Lo primero que te llamar\u00e1 la atenci\u00f3n en este paseo es el recorrido en coche desde \u00c1msterdam hasta Eindhoven. Ser\u00e1 m\u00e1s de 1 hora viajando entre los imponentes paisajes de la campi\u00f1a holandesa.\u00a0<\/span><\/p>\n<p><span style=\"font-weight: 400;\">Luego, llegaremos a la ciudad de Eindhoven, conocida por sus edificios industriales que sirvieron para impulsar la revoluci\u00f3n industrial. Adem\u00e1s, en la actualidad alberga la marca Philips, la cual dinamiza la econom\u00eda de la ciudad.\u00a0<\/span><\/p>\n<p><span style=\"font-weight: 400;\">Asimismo, dentro de nuestro itinerario, vas a conocer los siguientes puntos de inter\u00e9s:\u00a0<\/span><\/p>\n<h3><span style=\"font-weight: 400; color: #d3af37;\">Iglesia Santa Catalina<\/span><\/h3>\n<p><span style=\"font-weight: 400;\">La iglesia Santa Catalina es una imponente bas\u00edlica cuya arquitectura est\u00e1 llena de mucho simbolismo.\u00a0<\/span><\/p>\n<p><span style=\"font-weight: 400;\">Sus cimientos actuales pertenecen a una antigua iglesia medieval que fue demolida en el a\u00f1o 1860.<\/span><\/p>\n<h3><span style=\"font-weight: 400; color: #d3af37;\">Paterskerk<\/span><\/h3>\n<p><span style=\"font-weight: 400;\">Este ser\u00e1 otro de los puntos que vas a conocer. Se trata de una bas\u00edlica de estilo neog\u00f3tico, la cual est\u00e1 flanqueada por una capilla y los confesionarios.\u00a0<\/span><\/p>\n<p><span style=\"font-weight: 400;\">Su estilo arquitect\u00f3nico es digno de admirar. Por eso, este edificio ser\u00e1 parte de nuestro recorrido.\u00a0<\/span><\/p>\n<p><span style=\"font-weight: 400;\">Adem\u00e1s, veremos otras edificaciones que son de gran importancia en la ciudad, como por ejemplo:\u00a0<\/span><\/p>\n<ul>\n<li style=\"font-weight: 400;\" aria-level=\"1\"><strong>De Admirant.<\/strong><\/li>\n<li style=\"font-weight: 400;\" aria-level=\"1\"><strong>De Porthos.\u00a0<\/strong><\/li>\n<li style=\"font-weight: 400;\" aria-level=\"1\"><strong>De Regent.<\/strong><\/li>\n<li style=\"font-weight: 400;\" aria-level=\"1\"><strong>Standswandelpark\u00a0<\/strong><\/li>\n<li style=\"font-weight: 400;\" aria-level=\"1\"><strong>Y muchos otros m\u00e1s.\u00a0<\/strong><\/li>\n<\/ul>\n<p><span style=\"font-weight: 400;\">Sabemos que este paseo guiado llenar\u00e1 por completo tus expectativas.\u00a0<\/span><\/p>\n<p><span style=\"font-weight: 400;\">Al finalizar, iremos de regreso hasta \u00c1msterdam para dejarte en el sitio que acordemos.\u00a0<\/span><\/p>\n<p><span style=\"font-weight: 400;\">Luego que repongas fuerzas, puedes optar por un <\/span><a href=\"https:\/\/tourtravelandmore.com\/es\/tours\/paises-bajos-es\/amsterdam-es\/tour-privado-museo-rijksmuseum\/\"><i><span style=\"font-weight: 400;\">tour privado al Museo Rijksmuseum<\/span><\/i><\/a><span style=\"font-weight: 400;\">. De esta forma, conectar\u00e1s con la riqueza cultural y art\u00edstica de los grandes pintores holandeses.\u00a0<\/span><\/p>\n","protected":false},"excerpt":{"rendered":"<p><span style=\"font-weight: 400;\">Aprovecha para conocer la imponente ciudad de Eindhoven la cual se considera una de las urbes m\u00e1s modernas de toda Europa. En nuestro tour privado de Eindhoven desde \u00c1msterdam, ir\u00e1s en un coche privado con un gu\u00eda a trav\u00e9s de un majestuoso paisaje hasta llegar a Eindhoven.<strong> All\u00ed, visitar\u00e1s el edificio Phillips, la iglesia Santa Catalina, Standswandelpark, entre otros lugares interesantes.<\/strong><\/span><\/p>\n","protected":false},"featured_media":27630,"comment_status":"open","ping_status":"closed","template":"","meta":{"_acf_changed":false},"product_brand":[],"product_cat":[975,976,977,980,981,982,985,986,987,990,991,992],"product_tag":[],"class_list":{"0":"post-27624","1":"product","2":"type-product","3":"status-publish","4":"has-post-thumbnail","6":"product_cat-amsterdam-es","7":"product_cat-amsterdam-actividades-es","8":"product_cat-amsterdam-rutas-turisticas-privadas-es","9":"product_cat-leiden-es","10":"product_cat-leiden-actividades-es","11":"product_cat-leiden-rutas-turisticas-privadas-es","12":"product_cat-rotterdam-es","13":"product_cat-rotterdam-actividades-es","14":"product_cat-rotterdam-rutas-turisticas-privadas-es-es","15":"product_cat-la-haya-es","16":"product_cat-la-haya-actividades-es","17":"product_cat-la-haya-rutas-turisticas-privadas-es","19":"first","20":"instock","21":"shipping-taxable","22":"purchasable","23":"product-type-simple"},"acf":[],"yoast_head":"<!-- This site is optimized with the Yoast SEO Premium plugin v25.3.1 (Yoast SEO v25.3.1) - https:\/\/yoast.com\/wordpress\/plugins\/seo\/ -->\n<title>\u27a1\ufe0f Tour privado a Eindhoven desde \u00c1msterdam con gu\u00eda y traslado en coche privado | Tour Travel &amp; More<\/title>\n<meta name=\"description\" content=\"Conoce la moderna ciudad de Eindhoven, saliendo desde \u00c1msterdam en un coche privado con gu\u00eda privado incluido, perfecto para ir solo, con los amigos o la familia \u2705\" \/>\n<meta name=\"robots\" content=\"index, follow, max-snippet:-1, max-image-preview:large, max-video-preview:-1\" \/>\n<link rel=\"canonical\" href=\"https:\/\/tourtravelandmore.com\/es\/tours\/paises-bajos-es\/amsterdam-es\/tour-privado-de-eindhoven-desde-amsterdam\/\" \/>\n<meta property=\"og:locale\" content=\"es_ES\" \/>\n<meta property=\"og:type\" content=\"article\" \/>\n<meta property=\"og:title\" content=\"Tour Privado de Eindhoven desde \u00c1msterdam\" \/>\n<meta property=\"og:description\" content=\"Conoce la moderna ciudad de Eindhoven, saliendo desde \u00c1msterdam en un coche privado con gu\u00eda privado incluido, perfecto para ir solo, con los amigos o la familia \u2705\" \/>\n<meta property=\"og:url\" content=\"https:\/\/tourtravelandmore.com\/es\/tours\/paises-bajos-es\/amsterdam-es\/tour-privado-de-eindhoven-desde-amsterdam\/\" \/>\n<meta property=\"og:site_name\" content=\"Tour Travel And More\" \/>\n<meta property=\"article:publisher\" content=\"https:\/\/www.facebook.com\/tourtravelandmore\/\" \/>\n<meta property=\"article:modified_time\" content=\"2024-01-08T10:13:33+00:00\" \/>\n<meta property=\"og:image\" content=\"https:\/\/tourtravelandmore.com\/wp-content\/uploads\/2018\/10\/the-blob-eindhoven.jpeg\" \/>\n\t<meta property=\"og:image:width\" content=\"694\" \/>\n\t<meta property=\"og:image:height\" content=\"463\" \/>\n\t<meta property=\"og:image:type\" content=\"image\/jpeg\" \/>\n<meta name=\"twitter:card\" content=\"summary_large_image\" \/>\n<meta name=\"twitter:site\" content=\"@TourTravel_More\" \/>\n<meta name=\"twitter:label1\" content=\"Tiempo de lectura\" \/>\n\t<meta name=\"twitter:data1\" content=\"3 minutos\" \/>\n<script type=\"application\/ld+json\" class=\"yoast-schema-graph\">{\"@context\":\"https:\/\/schema.org\",\"@graph\":[{\"@type\":\"WebPage\",\"@id\":\"https:\/\/tourtravelandmore.com\/es\/tours\/paises-bajos-es\/amsterdam-es\/tour-privado-de-eindhoven-desde-amsterdam\/\",\"url\":\"https:\/\/tourtravelandmore.com\/es\/tours\/paises-bajos-es\/amsterdam-es\/tour-privado-de-eindhoven-desde-amsterdam\/\",\"name\":\"\u27a1\ufe0f Tour privado a Eindhoven desde \u00c1msterdam con gu\u00eda y traslado en coche privado | Tour Travel & More\",\"isPartOf\":{\"@id\":\"https:\/\/tourtravelandmore.com\/es\/#website\"},\"primaryImageOfPage\":{\"@id\":\"https:\/\/tourtravelandmore.com\/es\/tours\/paises-bajos-es\/amsterdam-es\/tour-privado-de-eindhoven-desde-amsterdam\/#primaryimage\"},\"image\":{\"@id\":\"https:\/\/tourtravelandmore.com\/es\/tours\/paises-bajos-es\/amsterdam-es\/tour-privado-de-eindhoven-desde-amsterdam\/#primaryimage\"},\"thumbnailUrl\":\"https:\/\/tourtravelandmore.com\/wp-content\/uploads\/2018\/10\/the-blob-eindhoven.jpeg\",\"datePublished\":\"2018-10-12T06:59:25+00:00\",\"dateModified\":\"2024-01-08T10:13:33+00:00\",\"description\":\"Conoce la moderna ciudad de Eindhoven, saliendo desde \u00c1msterdam en un coche privado con gu\u00eda privado incluido, perfecto para ir solo, con los amigos o la familia \u2705\",\"breadcrumb\":{\"@id\":\"https:\/\/tourtravelandmore.com\/es\/tours\/paises-bajos-es\/amsterdam-es\/tour-privado-de-eindhoven-desde-amsterdam\/#breadcrumb\"},\"inLanguage\":\"es\",\"potentialAction\":[{\"@type\":\"ReadAction\",\"target\":[\"https:\/\/tourtravelandmore.com\/es\/tours\/paises-bajos-es\/amsterdam-es\/tour-privado-de-eindhoven-desde-amsterdam\/\"]}]},{\"@type\":\"ImageObject\",\"inLanguage\":\"es\",\"@id\":\"https:\/\/tourtravelandmore.com\/es\/tours\/paises-bajos-es\/amsterdam-es\/tour-privado-de-eindhoven-desde-amsterdam\/#primaryimage\",\"url\":\"https:\/\/tourtravelandmore.com\/wp-content\/uploads\/2018\/10\/the-blob-eindhoven.jpeg\",\"contentUrl\":\"https:\/\/tourtravelandmore.com\/wp-content\/uploads\/2018\/10\/the-blob-eindhoven.jpeg\",\"width\":694,\"height\":463},{\"@type\":\"BreadcrumbList\",\"@id\":\"https:\/\/tourtravelandmore.com\/es\/tours\/paises-bajos-es\/amsterdam-es\/tour-privado-de-eindhoven-desde-amsterdam\/#breadcrumb\",\"itemListElement\":[{\"@type\":\"ListItem\",\"position\":1,\"name\":\"Home\",\"item\":\"https:\/\/tourtravelandmore.com\/es\/\"},{\"@type\":\"ListItem\",\"position\":2,\"name\":\"Tours\",\"item\":\"https:\/\/tourtravelandmore.com\/es\/tours\/\"},{\"@type\":\"ListItem\",\"position\":3,\"name\":\"Tour Privado de Eindhoven desde \u00c1msterdam\"}]},{\"@type\":\"WebSite\",\"@id\":\"https:\/\/tourtravelandmore.com\/es\/#website\",\"url\":\"https:\/\/tourtravelandmore.com\/es\/\",\"name\":\"Tour Travel And More\",\"description\":\"Private sightseeing tours and luxury transfers in Spain\",\"publisher\":{\"@id\":\"https:\/\/tourtravelandmore.com\/es\/#organization\"},\"potentialAction\":[{\"@type\":\"SearchAction\",\"target\":{\"@type\":\"EntryPoint\",\"urlTemplate\":\"https:\/\/tourtravelandmore.com\/es\/?s={search_term_string}\"},\"query-input\":{\"@type\":\"PropertyValueSpecification\",\"valueRequired\":true,\"valueName\":\"search_term_string\"}}],\"inLanguage\":\"es\"},{\"@type\":\"Organization\",\"@id\":\"https:\/\/tourtravelandmore.com\/es\/#organization\",\"name\":\"Tour Travel And More\",\"url\":\"https:\/\/tourtravelandmore.com\/es\/\",\"logo\":{\"@type\":\"ImageObject\",\"inLanguage\":\"es\",\"@id\":\"https:\/\/tourtravelandmore.com\/es\/#\/schema\/logo\/image\/\",\"url\":\"https:\/\/tourtravelandmore.com\/wp-content\/uploads\/2022\/12\/cropped-logo-cabecera-new.png\",\"contentUrl\":\"https:\/\/tourtravelandmore.com\/wp-content\/uploads\/2022\/12\/cropped-logo-cabecera-new.png\",\"width\":430,\"height\":61,\"caption\":\"Tour Travel And More\"},\"image\":{\"@id\":\"https:\/\/tourtravelandmore.com\/es\/#\/schema\/logo\/image\/\"},\"sameAs\":[\"https:\/\/www.facebook.com\/tourtravelandmore\/\",\"https:\/\/x.com\/TourTravel_More\"]}]}<\/script>\n<!-- \/ Yoast SEO Premium plugin. -->","yoast_head_json":{"title":"\u27a1\ufe0f Tour privado a Eindhoven desde \u00c1msterdam con gu\u00eda y traslado en coche privado | Tour Travel & More","description":"Conoce la moderna ciudad de Eindhoven, saliendo desde \u00c1msterdam en un coche privado con gu\u00eda privado incluido, perfecto para ir solo, con los amigos o la familia \u2705","robots":{"index":"index","follow":"follow","max-snippet":"max-snippet:-1","max-image-preview":"max-image-preview:large","max-video-preview":"max-video-preview:-1"},"canonical":"https:\/\/tourtravelandmore.com\/es\/tours\/paises-bajos-es\/amsterdam-es\/tour-privado-de-eindhoven-desde-amsterdam\/","og_locale":"es_ES","og_type":"article","og_title":"Tour Privado de Eindhoven desde \u00c1msterdam","og_description":"Conoce la moderna ciudad de Eindhoven, saliendo desde \u00c1msterdam en un coche privado con gu\u00eda privado incluido, perfecto para ir solo, con los amigos o la familia \u2705","og_url":"https:\/\/tourtravelandmore.com\/es\/tours\/paises-bajos-es\/amsterdam-es\/tour-privado-de-eindhoven-desde-amsterdam\/","og_site_name":"Tour Travel And More","article_publisher":"https:\/\/www.facebook.com\/tourtravelandmore\/","article_modified_time":"2024-01-08T10:13:33+00:00","og_image":[{"width":694,"height":463,"url":"https:\/\/tourtravelandmore.com\/wp-content\/uploads\/2018\/10\/the-blob-eindhoven.jpeg","type":"image\/jpeg"}],"twitter_card":"summary_large_image","twitter_site":"@TourTravel_More","twitter_misc":{"Tiempo de lectura":"3 minutos"},"schema":{"@context":"https:\/\/schema.org","@graph":[{"@type":"WebPage","@id":"https:\/\/tourtravelandmore.com\/es\/tours\/paises-bajos-es\/amsterdam-es\/tour-privado-de-eindhoven-desde-amsterdam\/","url":"https:\/\/tourtravelandmore.com\/es\/tours\/paises-bajos-es\/amsterdam-es\/tour-privado-de-eindhoven-desde-amsterdam\/","name":"\u27a1\ufe0f Tour privado a Eindhoven desde \u00c1msterdam con gu\u00eda y traslado en coche privado | Tour Travel & More","isPartOf":{"@id":"https:\/\/tourtravelandmore.com\/es\/#website"},"primaryImageOfPage":{"@id":"https:\/\/tourtravelandmore.com\/es\/tours\/paises-bajos-es\/amsterdam-es\/tour-privado-de-eindhoven-desde-amsterdam\/#primaryimage"},"image":{"@id":"https:\/\/tourtravelandmore.com\/es\/tours\/paises-bajos-es\/amsterdam-es\/tour-privado-de-eindhoven-desde-amsterdam\/#primaryimage"},"thumbnailUrl":"https:\/\/tourtravelandmore.com\/wp-content\/uploads\/2018\/10\/the-blob-eindhoven.jpeg","datePublished":"2018-10-12T06:59:25+00:00","dateModified":"2024-01-08T10:13:33+00:00","description":"Conoce la moderna ciudad de Eindhoven, saliendo desde \u00c1msterdam en un coche privado con gu\u00eda privado incluido, perfecto para ir solo, con los amigos o la familia \u2705","breadcrumb":{"@id":"https:\/\/tourtravelandmore.com\/es\/tours\/paises-bajos-es\/amsterdam-es\/tour-privado-de-eindhoven-desde-amsterdam\/#breadcrumb"},"inLanguage":"es","potentialAction":[{"@type":"ReadAction","target":["https:\/\/tourtravelandmore.com\/es\/tours\/paises-bajos-es\/amsterdam-es\/tour-privado-de-eindhoven-desde-amsterdam\/"]}]},{"@type":"ImageObject","inLanguage":"es","@id":"https:\/\/tourtravelandmore.com\/es\/tours\/paises-bajos-es\/amsterdam-es\/tour-privado-de-eindhoven-desde-amsterdam\/#primaryimage","url":"https:\/\/tourtravelandmore.com\/wp-content\/uploads\/2018\/10\/the-blob-eindhoven.jpeg","contentUrl":"https:\/\/tourtravelandmore.com\/wp-content\/uploads\/2018\/10\/the-blob-eindhoven.jpeg","width":694,"height":463},{"@type":"BreadcrumbList","@id":"https:\/\/tourtravelandmore.com\/es\/tours\/paises-bajos-es\/amsterdam-es\/tour-privado-de-eindhoven-desde-amsterdam\/#breadcrumb","itemListElement":[{"@type":"ListItem","position":1,"name":"Home","item":"https:\/\/tourtravelandmore.com\/es\/"},{"@type":"ListItem","position":2,"name":"Tours","item":"https:\/\/tourtravelandmore.com\/es\/tours\/"},{"@type":"ListItem","position":3,"name":"Tour Privado de Eindhoven desde \u00c1msterdam"}]},{"@type":"WebSite","@id":"https:\/\/tourtravelandmore.com\/es\/#website","url":"https:\/\/tourtravelandmore.com\/es\/","name":"Tour Travel And More","description":"Private sightseeing tours and luxury transfers in Spain","publisher":{"@id":"https:\/\/tourtravelandmore.com\/es\/#organization"},"potentialAction":[{"@type":"SearchAction","target":{"@type":"EntryPoint","urlTemplate":"https:\/\/tourtravelandmore.com\/es\/?s={search_term_string}"},"query-input":{"@type":"PropertyValueSpecification","valueRequired":true,"valueName":"search_term_string"}}],"inLanguage":"es"},{"@type":"Organization","@id":"https:\/\/tourtravelandmore.com\/es\/#organization","name":"Tour Travel And More","url":"https:\/\/tourtravelandmore.com\/es\/","logo":{"@type":"ImageObject","inLanguage":"es","@id":"https:\/\/tourtravelandmore.com\/es\/#\/schema\/logo\/image\/","url":"https:\/\/tourtravelandmore.com\/wp-content\/uploads\/2022\/12\/cropped-logo-cabecera-new.png","contentUrl":"https:\/\/tourtravelandmore.com\/wp-content\/uploads\/2022\/12\/cropped-logo-cabecera-new.png","width":430,"height":61,"caption":"Tour Travel And More"},"image":{"@id":"https:\/\/tourtravelandmore.com\/es\/#\/schema\/logo\/image\/"},"sameAs":["https:\/\/www.facebook.com\/tourtravelandmore\/","https:\/\/x.com\/TourTravel_More"]}]}},"_links":{"self":[{"href":"https:\/\/tourtravelandmore.com\/es\/wp-json\/wp\/v2\/product\/27624","targetHints":{"allow":["GET"]}}],"collection":[{"href":"https:\/\/tourtravelandmore.com\/es\/wp-json\/wp\/v2\/product"}],"about":[{"href":"https:\/\/tourtravelandmore.com\/es\/wp-json\/wp\/v2\/types\/product"}],"replies":[{"embeddable":true,"href":"https:\/\/tourtravelandmore.com\/es\/wp-json\/wp\/v2\/comments?post=27624"}],"wp:featuredmedia":[{"embeddable":true,"href":"https:\/\/tourtravelandmore.com\/es\/wp-json\/wp\/v2\/media\/27630"}],"wp:attachment":[{"href":"https:\/\/tourtravelandmore.com\/es\/wp-json\/wp\/v2\/media?parent=27624"}],"wp:term":[{"taxonomy":"product_brand","embeddable":true,"href":"https:\/\/tourtravelandmore.com\/es\/wp-json\/wp\/v2\/product_brand?post=27624"},{"taxonomy":"product_cat","embeddable":true,"href":"https:\/\/tourtravelandmore.com\/es\/wp-json\/wp\/v2\/product_cat?post=27624"},{"taxonomy":"product_tag","embeddable":true,"href":"https:\/\/tourtravelandmore.com\/es\/wp-json\/wp\/v2\/product_tag?post=27624"}],"curies":[{"name":"wp","href":"https:\/\/api.w.org\/{rel}","templated":true}]}}