{"id":25679,"date":"2018-08-29T16:31:00","date_gmt":"2018-08-29T14:31:03","guid":{"rendered":"http:\/\/tourtravelandmore.com\/es\/tours\/budapest-es\/tour-privado-del-patrimonio-judio-budapest\/"},"modified":"2022-07-08T08:38:19","modified_gmt":"2022-07-08T06:38:19","slug":"tour-privado-por-la-historia-judia","status":"publish","type":"product","link":"https:\/\/tourtravelandmore.com\/es\/tours\/hungria-es\/budapest-es\/tour-privado-por-la-historia-judia\/","title":{"rendered":"Tour Privado por la Historia Jud\u00eda de Budapest"},"content":{"rendered":"<h2><b>Descripci\u00f3n del tour privado por la historia jud\u00eda de Budapest<\/b><\/h2>\n<p><span style=\"font-weight: 400;\">Budapest es una ciudad que tiene una rica historia jud\u00eda, por lo que es importante explorar la zona. El Barrio Jud\u00edo de Budapest, tambi\u00e9n conocido como Distrito VII, fue establecido por orden del emperador Francisco Jos\u00e9 y est\u00e1 ubicado en la margen izquierda del Danubio. El Barrio Jud\u00edo es uno de los barrios m\u00e1s hist\u00f3ricos de Budapest y tiene un lugar especial en la cultura h\u00fangara.\u00a0<\/span><\/p>\n<p><span style=\"font-weight: 400;\">Este recorrido lo llevar\u00e1 a algunos de los sitios m\u00e1s importantes, como <strong>la sinagoga de la calle Doh\u00e1ny (la sinagoga m\u00e1s grande de Europa), la \u00d3pera Estatal de Hungr\u00eda (que fue construida por Mikl\u00f3s Ybl), la Gran Sinagoga (construida por Ludwig F\u00f6rster)<\/strong> y m\u00e1s. Podr\u00e1s ver c\u00f3mo viv\u00edan los jud\u00edos durante diferentes per\u00edodos de tiempo y c\u00f3mo contribuyeron a la vida de la ciudad.<\/span><\/p>\n<h2><b>Puntos de inter\u00e9s en el tour privado por la historia jud\u00eda de Budapest<\/b><\/h2>\n<p><span style=\"font-weight: 400;\">Budapest es la \u00fanica ciudad de Europa donde un jud\u00edo a\u00fan puede encontrar rastros de su pasado.<\/span><\/p>\n<p><span style=\"font-weight: 400;\">El recorrido comienza en la sinagoga de la calle Dohany, la sinagoga m\u00e1s grande de Europa y una de las m\u00e1s grandes del mundo. Fue construido entre 1859 y 1868 en estilo morisco, inspirado en las mezquitas que el arquitecto Ludwig F\u00f6rster hab\u00eda visto en un viaje al norte de \u00c1frica.<\/span><\/p>\n<p><span style=\"font-weight: 400;\">Luego caminaremos por el barrio jud\u00edo, que alberga muchas sinagogas, iglesias y cementerios. El recorrido finaliza en la Plaza de los H\u00e9roes con vistas espectaculares de Budapest y tambi\u00e9n incluye una visita a la Iglesia de Mat\u00edas para disfrutar de una hermosa arquitectura.<\/span><\/p>\n<p><span style=\"font-weight: 400;\">Tambi\u00e9n podremos visitar lugares como:<\/span><\/p>\n<ul>\n<li style=\"font-weight: 400;\" aria-level=\"1\"><b>Sinagoga Ortodoxa<\/b><\/li>\n<li style=\"font-weight: 400;\" aria-level=\"1\"><b>Jard\u00edn de Raul Wallenberg<\/b><\/li>\n<li style=\"font-weight: 400;\" aria-level=\"1\"><b>Monumentos al Holocausto<\/b><\/li>\n<li style=\"font-weight: 400;\" aria-level=\"1\"><b>Singoga de Dohany street<\/b><\/li>\n<li style=\"font-weight: 400;\" aria-level=\"1\"><b>Monumento a Emmanuel<\/b><\/li>\n<li style=\"font-weight: 400;\" aria-level=\"1\"><b>Barrio judio<\/b><\/li>\n<li style=\"font-weight: 400;\" aria-level=\"1\"><b>Museo jud\u00edo<\/b><\/li>\n<li style=\"font-weight: 400;\" aria-level=\"1\"><b>\u00a1Mucho m\u00e1s!<\/b><\/li>\n<\/ul>\n<p><span style=\"font-weight: 400;\">Si lo desea, podemos proporcionarle entradas sin colas para cualquier tipo de monumento o museo que desee visitar. Adem\u00e1s, puede convertir la experiencia en algo m\u00e1s: por ejemplo, dedicarle m\u00e1s horas o incluso convertirla en una experiencia de d\u00eda completo.<\/span><\/p>\n<p><span style=\"font-weight: 400;\">Los tours privados son una excelente manera de obtener una v<\/span><span style=\"font-weight: 400;\">isita personal de <a href=\"https:\/\/tourtravelandmore.com\/es\/ciudad\/hungria-es\/budapest-es\/\">Budapest y sus alrededores<\/a>.<\/span><span style=\"font-weight: 400;\"> \u00a1No se lo pierda!<\/span><\/p>\n<p><span style=\"font-weight: 400;\">P\u00f3ngase en contacto con nuestros expertos en viajes de <\/span><b>Tour Travel &amp; More<\/b><span style=\"font-weight: 400;\"> para que su experiencia sea \u00fanica.<\/span><\/p>\n","protected":false},"excerpt":{"rendered":"<p><span style=\"font-weight: 400;\">Este recorrido privado lo llevar\u00e1 a algunos de los sitios m\u00e1s importantes, como la sinagoga de la calle Doh\u00e1ny (la sinagoga m\u00e1s grande de Europa), la \u00d3pera Estatal de Hungr\u00eda (que fue construida por Mikl\u00f3s Ybl), la Gran Sinagoga (construida por Ludwig F\u00f6rster) y m\u00e1s.<\/span><\/p>\n","protected":false},"featured_media":25686,"comment_status":"open","ping_status":"closed","template":"","meta":{"_acf_changed":false},"product_brand":[],"product_cat":[919,928,929,930],"product_tag":[],"class_list":{"0":"post-25679","1":"product","2":"type-product","3":"status-publish","4":"has-post-thumbnail","6":"product_cat-budapest-es","7":"product_cat-budapest-actividades-es","8":"product_cat-budapest-rutas-turisticas-privadas-es","9":"product_cat-budapest-tours-privados-pie-es","11":"first","12":"instock","13":"shipping-taxable","14":"purchasable","15":"product-type-simple"},"acf":[],"yoast_head":"<!-- This site is optimized with the Yoast SEO Premium plugin v25.3.1 (Yoast SEO v25.3.1) - https:\/\/yoast.com\/wordpress\/plugins\/seo\/ -->\n<title>\ud83d\udccd Tour Privado por la Historia Jud\u00eda de Budapest | Tour Travel &amp; More<\/title>\n<meta name=\"description\" content=\"Tour Travel &amp; More ofrece recorridos privados por la historia jud\u00eda de Budapest. Reserve ya este inolvidable tour privado \u2705\" \/>\n<meta name=\"robots\" content=\"index, follow, max-snippet:-1, max-image-preview:large, max-video-preview:-1\" \/>\n<link rel=\"canonical\" href=\"https:\/\/tourtravelandmore.com\/es\/tours\/hungria-es\/budapest-es\/tour-privado-por-la-historia-judia\/\" \/>\n<meta property=\"og:locale\" content=\"es_ES\" \/>\n<meta property=\"og:type\" content=\"article\" \/>\n<meta property=\"og:title\" content=\"Tour Privado por la Historia Jud\u00eda de Budapest\" \/>\n<meta property=\"og:description\" content=\"Tour Travel &amp; More ofrece recorridos privados por la historia jud\u00eda de Budapest. Reserve ya este inolvidable tour privado \u2705\" \/>\n<meta property=\"og:url\" content=\"https:\/\/tourtravelandmore.com\/es\/tours\/hungria-es\/budapest-es\/tour-privado-por-la-historia-judia\/\" \/>\n<meta property=\"og:site_name\" content=\"Tour Travel And More\" \/>\n<meta property=\"article:publisher\" content=\"https:\/\/www.facebook.com\/tourtravelandmore\/\" \/>\n<meta property=\"article:modified_time\" content=\"2022-07-08T06:38:19+00:00\" \/>\n<meta property=\"og:image\" content=\"https:\/\/tourtravelandmore.com\/wp-content\/uploads\/2018\/08\/orthodox-synagogue.jpg\" \/>\n\t<meta property=\"og:image:width\" content=\"1920\" \/>\n\t<meta property=\"og:image:height\" content=\"1080\" \/>\n\t<meta property=\"og:image:type\" content=\"image\/jpeg\" \/>\n<meta name=\"twitter:card\" content=\"summary_large_image\" \/>\n<meta name=\"twitter:site\" content=\"@TourTravel_More\" \/>\n<meta name=\"twitter:label1\" content=\"Tiempo de lectura\" \/>\n\t<meta name=\"twitter:data1\" content=\"2 minutos\" \/>\n<script type=\"application\/ld+json\" class=\"yoast-schema-graph\">{\"@context\":\"https:\/\/schema.org\",\"@graph\":[{\"@type\":\"WebPage\",\"@id\":\"https:\/\/tourtravelandmore.com\/es\/tours\/hungria-es\/budapest-es\/tour-privado-por-la-historia-judia\/\",\"url\":\"https:\/\/tourtravelandmore.com\/es\/tours\/hungria-es\/budapest-es\/tour-privado-por-la-historia-judia\/\",\"name\":\"\ud83d\udccd Tour Privado por la Historia Jud\u00eda de Budapest | Tour Travel & More\",\"isPartOf\":{\"@id\":\"https:\/\/tourtravelandmore.com\/es\/#website\"},\"primaryImageOfPage\":{\"@id\":\"https:\/\/tourtravelandmore.com\/es\/tours\/hungria-es\/budapest-es\/tour-privado-por-la-historia-judia\/#primaryimage\"},\"image\":{\"@id\":\"https:\/\/tourtravelandmore.com\/es\/tours\/hungria-es\/budapest-es\/tour-privado-por-la-historia-judia\/#primaryimage\"},\"thumbnailUrl\":\"https:\/\/tourtravelandmore.com\/wp-content\/uploads\/2018\/08\/orthodox-synagogue.jpg\",\"datePublished\":\"2018-08-29T14:31:03+00:00\",\"dateModified\":\"2022-07-08T06:38:19+00:00\",\"description\":\"Tour Travel & More ofrece recorridos privados por la historia jud\u00eda de Budapest. Reserve ya este inolvidable tour privado \u2705\",\"breadcrumb\":{\"@id\":\"https:\/\/tourtravelandmore.com\/es\/tours\/hungria-es\/budapest-es\/tour-privado-por-la-historia-judia\/#breadcrumb\"},\"inLanguage\":\"es\",\"potentialAction\":[{\"@type\":\"ReadAction\",\"target\":[\"https:\/\/tourtravelandmore.com\/es\/tours\/hungria-es\/budapest-es\/tour-privado-por-la-historia-judia\/\"]}]},{\"@type\":\"ImageObject\",\"inLanguage\":\"es\",\"@id\":\"https:\/\/tourtravelandmore.com\/es\/tours\/hungria-es\/budapest-es\/tour-privado-por-la-historia-judia\/#primaryimage\",\"url\":\"https:\/\/tourtravelandmore.com\/wp-content\/uploads\/2018\/08\/orthodox-synagogue.jpg\",\"contentUrl\":\"https:\/\/tourtravelandmore.com\/wp-content\/uploads\/2018\/08\/orthodox-synagogue.jpg\",\"width\":1920,\"height\":1080},{\"@type\":\"BreadcrumbList\",\"@id\":\"https:\/\/tourtravelandmore.com\/es\/tours\/hungria-es\/budapest-es\/tour-privado-por-la-historia-judia\/#breadcrumb\",\"itemListElement\":[{\"@type\":\"ListItem\",\"position\":1,\"name\":\"Home\",\"item\":\"https:\/\/tourtravelandmore.com\/es\/\"},{\"@type\":\"ListItem\",\"position\":2,\"name\":\"Tours\",\"item\":\"https:\/\/tourtravelandmore.com\/es\/tours\/\"},{\"@type\":\"ListItem\",\"position\":3,\"name\":\"Tour Privado por la Historia Jud\u00eda de Budapest\"}]},{\"@type\":\"WebSite\",\"@id\":\"https:\/\/tourtravelandmore.com\/es\/#website\",\"url\":\"https:\/\/tourtravelandmore.com\/es\/\",\"name\":\"Tour Travel And More\",\"description\":\"Private sightseeing tours and luxury transfers in Spain\",\"publisher\":{\"@id\":\"https:\/\/tourtravelandmore.com\/es\/#organization\"},\"potentialAction\":[{\"@type\":\"SearchAction\",\"target\":{\"@type\":\"EntryPoint\",\"urlTemplate\":\"https:\/\/tourtravelandmore.com\/es\/?s={search_term_string}\"},\"query-input\":{\"@type\":\"PropertyValueSpecification\",\"valueRequired\":true,\"valueName\":\"search_term_string\"}}],\"inLanguage\":\"es\"},{\"@type\":\"Organization\",\"@id\":\"https:\/\/tourtravelandmore.com\/es\/#organization\",\"name\":\"Tour Travel And More\",\"url\":\"https:\/\/tourtravelandmore.com\/es\/\",\"logo\":{\"@type\":\"ImageObject\",\"inLanguage\":\"es\",\"@id\":\"https:\/\/tourtravelandmore.com\/es\/#\/schema\/logo\/image\/\",\"url\":\"https:\/\/tourtravelandmore.com\/wp-content\/uploads\/2022\/12\/cropped-logo-cabecera-new.png\",\"contentUrl\":\"https:\/\/tourtravelandmore.com\/wp-content\/uploads\/2022\/12\/cropped-logo-cabecera-new.png\",\"width\":430,\"height\":61,\"caption\":\"Tour Travel And More\"},\"image\":{\"@id\":\"https:\/\/tourtravelandmore.com\/es\/#\/schema\/logo\/image\/\"},\"sameAs\":[\"https:\/\/www.facebook.com\/tourtravelandmore\/\",\"https:\/\/x.com\/TourTravel_More\"]}]}<\/script>\n<!-- \/ Yoast SEO Premium plugin. -->","yoast_head_json":{"title":"\ud83d\udccd Tour Privado por la Historia Jud\u00eda de Budapest | Tour Travel & More","description":"Tour Travel & More ofrece recorridos privados por la historia jud\u00eda de Budapest. Reserve ya este inolvidable tour privado \u2705","robots":{"index":"index","follow":"follow","max-snippet":"max-snippet:-1","max-image-preview":"max-image-preview:large","max-video-preview":"max-video-preview:-1"},"canonical":"https:\/\/tourtravelandmore.com\/es\/tours\/hungria-es\/budapest-es\/tour-privado-por-la-historia-judia\/","og_locale":"es_ES","og_type":"article","og_title":"Tour Privado por la Historia Jud\u00eda de Budapest","og_description":"Tour Travel & More ofrece recorridos privados por la historia jud\u00eda de Budapest. Reserve ya este inolvidable tour privado \u2705","og_url":"https:\/\/tourtravelandmore.com\/es\/tours\/hungria-es\/budapest-es\/tour-privado-por-la-historia-judia\/","og_site_name":"Tour Travel And More","article_publisher":"https:\/\/www.facebook.com\/tourtravelandmore\/","article_modified_time":"2022-07-08T06:38:19+00:00","og_image":[{"width":1920,"height":1080,"url":"https:\/\/tourtravelandmore.com\/wp-content\/uploads\/2018\/08\/orthodox-synagogue.jpg","type":"image\/jpeg"}],"twitter_card":"summary_large_image","twitter_site":"@TourTravel_More","twitter_misc":{"Tiempo de lectura":"2 minutos"},"schema":{"@context":"https:\/\/schema.org","@graph":[{"@type":"WebPage","@id":"https:\/\/tourtravelandmore.com\/es\/tours\/hungria-es\/budapest-es\/tour-privado-por-la-historia-judia\/","url":"https:\/\/tourtravelandmore.com\/es\/tours\/hungria-es\/budapest-es\/tour-privado-por-la-historia-judia\/","name":"\ud83d\udccd Tour Privado por la Historia Jud\u00eda de Budapest | Tour Travel & More","isPartOf":{"@id":"https:\/\/tourtravelandmore.com\/es\/#website"},"primaryImageOfPage":{"@id":"https:\/\/tourtravelandmore.com\/es\/tours\/hungria-es\/budapest-es\/tour-privado-por-la-historia-judia\/#primaryimage"},"image":{"@id":"https:\/\/tourtravelandmore.com\/es\/tours\/hungria-es\/budapest-es\/tour-privado-por-la-historia-judia\/#primaryimage"},"thumbnailUrl":"https:\/\/tourtravelandmore.com\/wp-content\/uploads\/2018\/08\/orthodox-synagogue.jpg","datePublished":"2018-08-29T14:31:03+00:00","dateModified":"2022-07-08T06:38:19+00:00","description":"Tour Travel & More ofrece recorridos privados por la historia jud\u00eda de Budapest. Reserve ya este inolvidable tour privado \u2705","breadcrumb":{"@id":"https:\/\/tourtravelandmore.com\/es\/tours\/hungria-es\/budapest-es\/tour-privado-por-la-historia-judia\/#breadcrumb"},"inLanguage":"es","potentialAction":[{"@type":"ReadAction","target":["https:\/\/tourtravelandmore.com\/es\/tours\/hungria-es\/budapest-es\/tour-privado-por-la-historia-judia\/"]}]},{"@type":"ImageObject","inLanguage":"es","@id":"https:\/\/tourtravelandmore.com\/es\/tours\/hungria-es\/budapest-es\/tour-privado-por-la-historia-judia\/#primaryimage","url":"https:\/\/tourtravelandmore.com\/wp-content\/uploads\/2018\/08\/orthodox-synagogue.jpg","contentUrl":"https:\/\/tourtravelandmore.com\/wp-content\/uploads\/2018\/08\/orthodox-synagogue.jpg","width":1920,"height":1080},{"@type":"BreadcrumbList","@id":"https:\/\/tourtravelandmore.com\/es\/tours\/hungria-es\/budapest-es\/tour-privado-por-la-historia-judia\/#breadcrumb","itemListElement":[{"@type":"ListItem","position":1,"name":"Home","item":"https:\/\/tourtravelandmore.com\/es\/"},{"@type":"ListItem","position":2,"name":"Tours","item":"https:\/\/tourtravelandmore.com\/es\/tours\/"},{"@type":"ListItem","position":3,"name":"Tour Privado por la Historia Jud\u00eda de Budapest"}]},{"@type":"WebSite","@id":"https:\/\/tourtravelandmore.com\/es\/#website","url":"https:\/\/tourtravelandmore.com\/es\/","name":"Tour Travel And More","description":"Private sightseeing tours and luxury transfers in Spain","publisher":{"@id":"https:\/\/tourtravelandmore.com\/es\/#organization"},"potentialAction":[{"@type":"SearchAction","target":{"@type":"EntryPoint","urlTemplate":"https:\/\/tourtravelandmore.com\/es\/?s={search_term_string}"},"query-input":{"@type":"PropertyValueSpecification","valueRequired":true,"valueName":"search_term_string"}}],"inLanguage":"es"},{"@type":"Organization","@id":"https:\/\/tourtravelandmore.com\/es\/#organization","name":"Tour Travel And More","url":"https:\/\/tourtravelandmore.com\/es\/","logo":{"@type":"ImageObject","inLanguage":"es","@id":"https:\/\/tourtravelandmore.com\/es\/#\/schema\/logo\/image\/","url":"https:\/\/tourtravelandmore.com\/wp-content\/uploads\/2022\/12\/cropped-logo-cabecera-new.png","contentUrl":"https:\/\/tourtravelandmore.com\/wp-content\/uploads\/2022\/12\/cropped-logo-cabecera-new.png","width":430,"height":61,"caption":"Tour Travel And More"},"image":{"@id":"https:\/\/tourtravelandmore.com\/es\/#\/schema\/logo\/image\/"},"sameAs":["https:\/\/www.facebook.com\/tourtravelandmore\/","https:\/\/x.com\/TourTravel_More"]}]}},"_links":{"self":[{"href":"https:\/\/tourtravelandmore.com\/es\/wp-json\/wp\/v2\/product\/25679","targetHints":{"allow":["GET"]}}],"collection":[{"href":"https:\/\/tourtravelandmore.com\/es\/wp-json\/wp\/v2\/product"}],"about":[{"href":"https:\/\/tourtravelandmore.com\/es\/wp-json\/wp\/v2\/types\/product"}],"replies":[{"embeddable":true,"href":"https:\/\/tourtravelandmore.com\/es\/wp-json\/wp\/v2\/comments?post=25679"}],"wp:featuredmedia":[{"embeddable":true,"href":"https:\/\/tourtravelandmore.com\/es\/wp-json\/wp\/v2\/media\/25686"}],"wp:attachment":[{"href":"https:\/\/tourtravelandmore.com\/es\/wp-json\/wp\/v2\/media?parent=25679"}],"wp:term":[{"taxonomy":"product_brand","embeddable":true,"href":"https:\/\/tourtravelandmore.com\/es\/wp-json\/wp\/v2\/product_brand?post=25679"},{"taxonomy":"product_cat","embeddable":true,"href":"https:\/\/tourtravelandmore.com\/es\/wp-json\/wp\/v2\/product_cat?post=25679"},{"taxonomy":"product_tag","embeddable":true,"href":"https:\/\/tourtravelandmore.com\/es\/wp-json\/wp\/v2\/product_tag?post=25679"}],"curies":[{"name":"wp","href":"https:\/\/api.w.org\/{rel}","templated":true}]}}