{"id":25645,"date":"2018-08-29T15:33:14","date_gmt":"2018-08-29T13:33:16","guid":{"rendered":"http:\/\/tourtravelandmore.com\/es\/tours\/budapest-es\/tour-privado-a-pie-de-budapest-pest-con-guia-privado\/"},"modified":"2022-05-30T18:44:45","modified_gmt":"2022-05-30T16:44:45","slug":"tour-privado-a-pie-por-buda","status":"publish","type":"product","link":"https:\/\/tourtravelandmore.com\/es\/tours\/hungria-es\/budapest-es\/tour-privado-a-pie-por-buda\/","title":{"rendered":"Tour Privado a pie por Buda"},"content":{"rendered":"<h2><b>Descripci\u00f3n del tour privado a pie por Buda\u00a0<\/b><\/h2>\n<p><span style=\"font-weight: 400;\">Este recorrido privado a pie por Buda en Budapest le mostrar\u00e1 los mejores lugares de inter\u00e9s y gemas ocultas durante 4 horas. El recorrido comienza en el Puente de las Cadenas Sz\u00e9chenyi, donde podemos admirar la vista del r\u00edo Danubio y el edificio del Parlamento.<\/span><\/p>\n<p><span style=\"font-weight: 400;\">Luego nos dirigiremos al Castillo de Buda, que una vez fue el Palacio Real de Hungr\u00eda y ahora es un museo. Despu\u00e9s de eso, caminaremos por el Distrito del Castillo, que es una de las zonas m\u00e1s hermosas de Budapest con sus calles estrechas y edificios antiguos.<\/span><\/p>\n<p><span style=\"font-weight: 400;\">Su recorrido comenzar\u00e1 en el punto de reuni\u00f3n con su gu\u00eda local o lugar c\u00e9ntrico de Budapest<\/span><\/p>\n<h2><b>Puntos de inter\u00e9s en la excursi\u00f3n privada a pie por Buda en Budapest<\/b><\/h2>\n<p><span style=\"font-weight: 400;\">El lado de Buda de Budapest es una mezcla interesante de lo antiguo y lo nuevo. Tiene una rica historia y algunos puntos de referencia incre\u00edbles, como el Basti\u00f3n de los Pescadores, la Iglesia de Mat\u00edas, la Colina Gell\u00e9rt, la Isla Margarita y el Distrito del Castillo. Este tour te llevar\u00e1 a ver todos estos puntos de inter\u00e9s en un d\u00eda, as\u00ed como un paseo por el Distrito del Castillo de Buda. Si desea podr\u00e1 ver el lado de Buda de Budapest, y lugares de inter\u00e9s como:<\/span><\/p>\n<ul>\n<li style=\"font-weight: 400;\" aria-level=\"1\"><b>Castillo de Buda<\/b><\/li>\n<li style=\"font-weight: 400;\" aria-level=\"1\"><b>Iglesia de Mat\u00edas<\/b><\/li>\n<li style=\"font-weight: 400;\" aria-level=\"1\"><b>Basti\u00f3n de los pescadores<\/b><\/li>\n<li style=\"font-weight: 400;\" aria-level=\"1\"><b>Palacio Real<\/b><\/li>\n<li style=\"font-weight: 400;\" aria-level=\"1\"><b>Colina Gell\u00e9rt<\/b><\/li>\n<li style=\"font-weight: 400;\" aria-level=\"1\"><b>\u00a1Mucho m\u00e1s!<\/b><\/li>\n<\/ul>\n<p><span style=\"font-weight: 400;\">Al final de su recorrido, su gu\u00eda oficial privado lo dejar\u00e1 en una ubicaci\u00f3n central en Budapest.<\/span><\/p>\n<p><span style=\"font-weight: 400;\">En Tour Travel &amp; More, queremos ocuparnos de todas sus necesidades de viaje. \u00a1Explore todos nuestros diferentes<\/span><span style=\"font-weight: 400;\"> tours privados en Budapest<\/span><span style=\"font-weight: 400;\"> y otras experiencias \u00fanicas que ofrecemos!<\/span><\/p>\n","protected":false},"excerpt":{"rendered":"<p><span style=\"font-weight: 400;\">\u00a1Bienvenido a Budapest! Este recorrido privado a pie por Buda en Budapest le mostrar\u00e1 los mejores lugares de inter\u00e9s y gemas ocultas durante 4 horas. El recorrido comienza en el Puente de las Cadenas Sz\u00e9chenyi, donde podemos admirar la vista del r\u00edo Danubio y el edificio del Parlamento.\u00a0<\/span><\/p>\n","protected":false},"featured_media":25653,"comment_status":"open","ping_status":"closed","template":"","meta":{"_acf_changed":false},"product_brand":[],"product_cat":[919,928,930],"product_tag":[],"class_list":{"0":"post-25645","1":"product","2":"type-product","3":"status-publish","4":"has-post-thumbnail","6":"product_cat-budapest-es","7":"product_cat-budapest-actividades-es","8":"product_cat-budapest-tours-privados-pie-es","10":"first","11":"instock","12":"shipping-taxable","13":"purchasable","14":"product-type-simple"},"acf":[],"yoast_head":"<!-- This site is optimized with the Yoast SEO Premium plugin v25.3.1 (Yoast SEO v25.3.1) - https:\/\/yoast.com\/wordpress\/plugins\/seo\/ -->\n<title>Tour Privado a pie por Buda en Budapest con gu\u00eda oficial local<\/title>\n<meta name=\"description\" content=\"Descubra los tesoros culturales ocultos de Buda en un recorrido a pie privado con su gu\u00eda personal. Su gu\u00eda local experto le mostrar\u00e1 los sitios fuera de la ruta tur\u00edstica habitual y compartir\u00e1 la fascinante historia de Budapest.\" \/>\n<meta name=\"robots\" content=\"index, follow, max-snippet:-1, max-image-preview:large, max-video-preview:-1\" \/>\n<link rel=\"canonical\" href=\"https:\/\/tourtravelandmore.com\/es\/tours\/hungria-es\/budapest-es\/tour-privado-a-pie-por-buda\/\" \/>\n<meta property=\"og:locale\" content=\"es_ES\" \/>\n<meta property=\"og:type\" content=\"article\" \/>\n<meta property=\"og:title\" content=\"Tour Privado a pie por Buda\" \/>\n<meta property=\"og:description\" content=\"Descubra los tesoros culturales ocultos de Buda en un recorrido a pie privado con su gu\u00eda personal. Su gu\u00eda local experto le mostrar\u00e1 los sitios fuera de la ruta tur\u00edstica habitual y compartir\u00e1 la fascinante historia de Budapest.\" \/>\n<meta property=\"og:url\" content=\"https:\/\/tourtravelandmore.com\/es\/tours\/hungria-es\/budapest-es\/tour-privado-a-pie-por-buda\/\" \/>\n<meta property=\"og:site_name\" content=\"Tour Travel And More\" \/>\n<meta property=\"article:publisher\" content=\"https:\/\/www.facebook.com\/tourtravelandmore\/\" \/>\n<meta property=\"article:modified_time\" content=\"2022-05-30T16:44:45+00:00\" \/>\n<meta property=\"og:image\" content=\"https:\/\/tourtravelandmore.com\/wp-content\/uploads\/2018\/08\/matyas-templom.jpg\" \/>\n\t<meta property=\"og:image:width\" content=\"1000\" \/>\n\t<meta property=\"og:image:height\" content=\"762\" \/>\n\t<meta property=\"og:image:type\" content=\"image\/jpeg\" \/>\n<meta name=\"twitter:card\" content=\"summary_large_image\" \/>\n<meta name=\"twitter:site\" content=\"@TourTravel_More\" \/>\n<meta name=\"twitter:label1\" content=\"Tiempo de lectura\" \/>\n\t<meta name=\"twitter:data1\" content=\"2 minutos\" \/>\n<script type=\"application\/ld+json\" class=\"yoast-schema-graph\">{\"@context\":\"https:\/\/schema.org\",\"@graph\":[{\"@type\":\"WebPage\",\"@id\":\"https:\/\/tourtravelandmore.com\/es\/tours\/hungria-es\/budapest-es\/tour-privado-a-pie-por-buda\/\",\"url\":\"https:\/\/tourtravelandmore.com\/es\/tours\/hungria-es\/budapest-es\/tour-privado-a-pie-por-buda\/\",\"name\":\"Tour Privado a pie por Buda en Budapest con gu\u00eda oficial local\",\"isPartOf\":{\"@id\":\"https:\/\/tourtravelandmore.com\/es\/#website\"},\"primaryImageOfPage\":{\"@id\":\"https:\/\/tourtravelandmore.com\/es\/tours\/hungria-es\/budapest-es\/tour-privado-a-pie-por-buda\/#primaryimage\"},\"image\":{\"@id\":\"https:\/\/tourtravelandmore.com\/es\/tours\/hungria-es\/budapest-es\/tour-privado-a-pie-por-buda\/#primaryimage\"},\"thumbnailUrl\":\"https:\/\/tourtravelandmore.com\/wp-content\/uploads\/2018\/08\/matyas-templom.jpg\",\"datePublished\":\"2018-08-29T13:33:16+00:00\",\"dateModified\":\"2022-05-30T16:44:45+00:00\",\"description\":\"Descubra los tesoros culturales ocultos de Buda en un recorrido a pie privado con su gu\u00eda personal. Su gu\u00eda local experto le mostrar\u00e1 los sitios fuera de la ruta tur\u00edstica habitual y compartir\u00e1 la fascinante historia de Budapest.\",\"breadcrumb\":{\"@id\":\"https:\/\/tourtravelandmore.com\/es\/tours\/hungria-es\/budapest-es\/tour-privado-a-pie-por-buda\/#breadcrumb\"},\"inLanguage\":\"es\",\"potentialAction\":[{\"@type\":\"ReadAction\",\"target\":[\"https:\/\/tourtravelandmore.com\/es\/tours\/hungria-es\/budapest-es\/tour-privado-a-pie-por-buda\/\"]}]},{\"@type\":\"ImageObject\",\"inLanguage\":\"es\",\"@id\":\"https:\/\/tourtravelandmore.com\/es\/tours\/hungria-es\/budapest-es\/tour-privado-a-pie-por-buda\/#primaryimage\",\"url\":\"https:\/\/tourtravelandmore.com\/wp-content\/uploads\/2018\/08\/matyas-templom.jpg\",\"contentUrl\":\"https:\/\/tourtravelandmore.com\/wp-content\/uploads\/2018\/08\/matyas-templom.jpg\",\"width\":1000,\"height\":762},{\"@type\":\"BreadcrumbList\",\"@id\":\"https:\/\/tourtravelandmore.com\/es\/tours\/hungria-es\/budapest-es\/tour-privado-a-pie-por-buda\/#breadcrumb\",\"itemListElement\":[{\"@type\":\"ListItem\",\"position\":1,\"name\":\"Home\",\"item\":\"https:\/\/tourtravelandmore.com\/es\/\"},{\"@type\":\"ListItem\",\"position\":2,\"name\":\"Tours\",\"item\":\"https:\/\/tourtravelandmore.com\/es\/tours\/\"},{\"@type\":\"ListItem\",\"position\":3,\"name\":\"Tour Privado a pie por Buda\"}]},{\"@type\":\"WebSite\",\"@id\":\"https:\/\/tourtravelandmore.com\/es\/#website\",\"url\":\"https:\/\/tourtravelandmore.com\/es\/\",\"name\":\"Tour Travel And More\",\"description\":\"Private sightseeing tours and luxury transfers in Spain\",\"publisher\":{\"@id\":\"https:\/\/tourtravelandmore.com\/es\/#organization\"},\"potentialAction\":[{\"@type\":\"SearchAction\",\"target\":{\"@type\":\"EntryPoint\",\"urlTemplate\":\"https:\/\/tourtravelandmore.com\/es\/?s={search_term_string}\"},\"query-input\":{\"@type\":\"PropertyValueSpecification\",\"valueRequired\":true,\"valueName\":\"search_term_string\"}}],\"inLanguage\":\"es\"},{\"@type\":\"Organization\",\"@id\":\"https:\/\/tourtravelandmore.com\/es\/#organization\",\"name\":\"Tour Travel And More\",\"url\":\"https:\/\/tourtravelandmore.com\/es\/\",\"logo\":{\"@type\":\"ImageObject\",\"inLanguage\":\"es\",\"@id\":\"https:\/\/tourtravelandmore.com\/es\/#\/schema\/logo\/image\/\",\"url\":\"https:\/\/tourtravelandmore.com\/wp-content\/uploads\/2022\/12\/cropped-logo-cabecera-new.png\",\"contentUrl\":\"https:\/\/tourtravelandmore.com\/wp-content\/uploads\/2022\/12\/cropped-logo-cabecera-new.png\",\"width\":430,\"height\":61,\"caption\":\"Tour Travel And More\"},\"image\":{\"@id\":\"https:\/\/tourtravelandmore.com\/es\/#\/schema\/logo\/image\/\"},\"sameAs\":[\"https:\/\/www.facebook.com\/tourtravelandmore\/\",\"https:\/\/x.com\/TourTravel_More\"]}]}<\/script>\n<!-- \/ Yoast SEO Premium plugin. -->","yoast_head_json":{"title":"Tour Privado a pie por Buda en Budapest con gu\u00eda oficial local","description":"Descubra los tesoros culturales ocultos de Buda en un recorrido a pie privado con su gu\u00eda personal. Su gu\u00eda local experto le mostrar\u00e1 los sitios fuera de la ruta tur\u00edstica habitual y compartir\u00e1 la fascinante historia de Budapest.","robots":{"index":"index","follow":"follow","max-snippet":"max-snippet:-1","max-image-preview":"max-image-preview:large","max-video-preview":"max-video-preview:-1"},"canonical":"https:\/\/tourtravelandmore.com\/es\/tours\/hungria-es\/budapest-es\/tour-privado-a-pie-por-buda\/","og_locale":"es_ES","og_type":"article","og_title":"Tour Privado a pie por Buda","og_description":"Descubra los tesoros culturales ocultos de Buda en un recorrido a pie privado con su gu\u00eda personal. Su gu\u00eda local experto le mostrar\u00e1 los sitios fuera de la ruta tur\u00edstica habitual y compartir\u00e1 la fascinante historia de Budapest.","og_url":"https:\/\/tourtravelandmore.com\/es\/tours\/hungria-es\/budapest-es\/tour-privado-a-pie-por-buda\/","og_site_name":"Tour Travel And More","article_publisher":"https:\/\/www.facebook.com\/tourtravelandmore\/","article_modified_time":"2022-05-30T16:44:45+00:00","og_image":[{"width":1000,"height":762,"url":"https:\/\/tourtravelandmore.com\/wp-content\/uploads\/2018\/08\/matyas-templom.jpg","type":"image\/jpeg"}],"twitter_card":"summary_large_image","twitter_site":"@TourTravel_More","twitter_misc":{"Tiempo de lectura":"2 minutos"},"schema":{"@context":"https:\/\/schema.org","@graph":[{"@type":"WebPage","@id":"https:\/\/tourtravelandmore.com\/es\/tours\/hungria-es\/budapest-es\/tour-privado-a-pie-por-buda\/","url":"https:\/\/tourtravelandmore.com\/es\/tours\/hungria-es\/budapest-es\/tour-privado-a-pie-por-buda\/","name":"Tour Privado a pie por Buda en Budapest con gu\u00eda oficial local","isPartOf":{"@id":"https:\/\/tourtravelandmore.com\/es\/#website"},"primaryImageOfPage":{"@id":"https:\/\/tourtravelandmore.com\/es\/tours\/hungria-es\/budapest-es\/tour-privado-a-pie-por-buda\/#primaryimage"},"image":{"@id":"https:\/\/tourtravelandmore.com\/es\/tours\/hungria-es\/budapest-es\/tour-privado-a-pie-por-buda\/#primaryimage"},"thumbnailUrl":"https:\/\/tourtravelandmore.com\/wp-content\/uploads\/2018\/08\/matyas-templom.jpg","datePublished":"2018-08-29T13:33:16+00:00","dateModified":"2022-05-30T16:44:45+00:00","description":"Descubra los tesoros culturales ocultos de Buda en un recorrido a pie privado con su gu\u00eda personal. Su gu\u00eda local experto le mostrar\u00e1 los sitios fuera de la ruta tur\u00edstica habitual y compartir\u00e1 la fascinante historia de Budapest.","breadcrumb":{"@id":"https:\/\/tourtravelandmore.com\/es\/tours\/hungria-es\/budapest-es\/tour-privado-a-pie-por-buda\/#breadcrumb"},"inLanguage":"es","potentialAction":[{"@type":"ReadAction","target":["https:\/\/tourtravelandmore.com\/es\/tours\/hungria-es\/budapest-es\/tour-privado-a-pie-por-buda\/"]}]},{"@type":"ImageObject","inLanguage":"es","@id":"https:\/\/tourtravelandmore.com\/es\/tours\/hungria-es\/budapest-es\/tour-privado-a-pie-por-buda\/#primaryimage","url":"https:\/\/tourtravelandmore.com\/wp-content\/uploads\/2018\/08\/matyas-templom.jpg","contentUrl":"https:\/\/tourtravelandmore.com\/wp-content\/uploads\/2018\/08\/matyas-templom.jpg","width":1000,"height":762},{"@type":"BreadcrumbList","@id":"https:\/\/tourtravelandmore.com\/es\/tours\/hungria-es\/budapest-es\/tour-privado-a-pie-por-buda\/#breadcrumb","itemListElement":[{"@type":"ListItem","position":1,"name":"Home","item":"https:\/\/tourtravelandmore.com\/es\/"},{"@type":"ListItem","position":2,"name":"Tours","item":"https:\/\/tourtravelandmore.com\/es\/tours\/"},{"@type":"ListItem","position":3,"name":"Tour Privado a pie por Buda"}]},{"@type":"WebSite","@id":"https:\/\/tourtravelandmore.com\/es\/#website","url":"https:\/\/tourtravelandmore.com\/es\/","name":"Tour Travel And More","description":"Private sightseeing tours and luxury transfers in Spain","publisher":{"@id":"https:\/\/tourtravelandmore.com\/es\/#organization"},"potentialAction":[{"@type":"SearchAction","target":{"@type":"EntryPoint","urlTemplate":"https:\/\/tourtravelandmore.com\/es\/?s={search_term_string}"},"query-input":{"@type":"PropertyValueSpecification","valueRequired":true,"valueName":"search_term_string"}}],"inLanguage":"es"},{"@type":"Organization","@id":"https:\/\/tourtravelandmore.com\/es\/#organization","name":"Tour Travel And More","url":"https:\/\/tourtravelandmore.com\/es\/","logo":{"@type":"ImageObject","inLanguage":"es","@id":"https:\/\/tourtravelandmore.com\/es\/#\/schema\/logo\/image\/","url":"https:\/\/tourtravelandmore.com\/wp-content\/uploads\/2022\/12\/cropped-logo-cabecera-new.png","contentUrl":"https:\/\/tourtravelandmore.com\/wp-content\/uploads\/2022\/12\/cropped-logo-cabecera-new.png","width":430,"height":61,"caption":"Tour Travel And More"},"image":{"@id":"https:\/\/tourtravelandmore.com\/es\/#\/schema\/logo\/image\/"},"sameAs":["https:\/\/www.facebook.com\/tourtravelandmore\/","https:\/\/x.com\/TourTravel_More"]}]}},"_links":{"self":[{"href":"https:\/\/tourtravelandmore.com\/es\/wp-json\/wp\/v2\/product\/25645","targetHints":{"allow":["GET"]}}],"collection":[{"href":"https:\/\/tourtravelandmore.com\/es\/wp-json\/wp\/v2\/product"}],"about":[{"href":"https:\/\/tourtravelandmore.com\/es\/wp-json\/wp\/v2\/types\/product"}],"replies":[{"embeddable":true,"href":"https:\/\/tourtravelandmore.com\/es\/wp-json\/wp\/v2\/comments?post=25645"}],"wp:featuredmedia":[{"embeddable":true,"href":"https:\/\/tourtravelandmore.com\/es\/wp-json\/wp\/v2\/media\/25653"}],"wp:attachment":[{"href":"https:\/\/tourtravelandmore.com\/es\/wp-json\/wp\/v2\/media?parent=25645"}],"wp:term":[{"taxonomy":"product_brand","embeddable":true,"href":"https:\/\/tourtravelandmore.com\/es\/wp-json\/wp\/v2\/product_brand?post=25645"},{"taxonomy":"product_cat","embeddable":true,"href":"https:\/\/tourtravelandmore.com\/es\/wp-json\/wp\/v2\/product_cat?post=25645"},{"taxonomy":"product_tag","embeddable":true,"href":"https:\/\/tourtravelandmore.com\/es\/wp-json\/wp\/v2\/product_tag?post=25645"}],"curies":[{"name":"wp","href":"https:\/\/api.w.org\/{rel}","templated":true}]}}