{"id":25634,"date":"2018-08-29T14:11:19","date_gmt":"2018-08-29T12:11:21","guid":{"rendered":"http:\/\/tourtravelandmore.com\/es\/tours\/uncategorized\/tour-privado-de-medio-dia-a-pie-budapest-con-guia\/"},"modified":"2022-07-08T08:22:04","modified_gmt":"2022-07-08T06:22:04","slug":"tour-privado-a-pie-por-pest-desde-budapest","status":"publish","type":"product","link":"https:\/\/tourtravelandmore.com\/es\/tours\/hungria-es\/budapest-es\/tour-privado-a-pie-por-pest-desde-budapest\/","title":{"rendered":"Tour Privado a pie por Pest desde Budapest"},"content":{"rendered":"<h2><b>Descripci\u00f3n del Tour Privado a pie por Pest desde Budapest<\/b><\/h2>\n<p><span style=\"font-weight: 400;\">Pest es el m\u00e1s oriental de los dos lados de Budapest. Es un barrio animado y bullicioso con mucho que ver y hacer. El recorrido comienza en el punto de reuni\u00f3n en un lugar c\u00e9ntrico en Budapest o su hotel, posteriormente continuaremos con una visita al lado de Pest, del r\u00edo Danubio y luego contin\u00faa a trav\u00e9s de patios ocultos, pasando por grandes edificios y a lo largo de las orillas del r\u00edo.<\/span><\/p>\n<p><span style=\"font-weight: 400;\">El recorrido lo lleva a pie por algunos de los sitios m\u00e1s importantes de Budapest: <strong>el Parlamento, la Plaza de los H\u00e9roes, la Bas\u00edlica de San Esteban, el Basti\u00f3n de los Pescadores<\/strong> (una torre de vigilancia), <strong>la Iglesia de Mat\u00edas,<\/strong> as\u00ed como algunos sitios menos conocidos como una imponente sinagoga en la calle Doh\u00e1ny Sinagoga (la segunda m\u00e1s grande de Europa).<\/span><\/p>\n<h2><b>Puntos de inter\u00e9s en la excursi\u00f3n privada a pie por Pest<\/b><\/h2>\n<p><span style=\"font-weight: 400;\">Su gu\u00eda tur\u00edstico privado esperar\u00e1 su llegada en el vest\u00edbulo de su hotel en el centro 10 minutos antes de la hora de inicio del recorrido. <\/span><span style=\"font-weight: 400;\">Ofrecemos un recorrido a pie privado donde lo llevamos a todos los lugares que siempre quiso ver, pero nunca tuvo tiempo. Su recorrido se puede personalizar seg\u00fan sus especificaciones y, si su hotel est\u00e1 fuera del centro de la ciudad, elegiremos un punto central cercano<\/span><\/p>\n<p><span style=\"font-weight: 400;\">Durante este recorrido privado a pie por Pest con duraci\u00f3n de 4 horas, conocer\u00e1 los siguientes lugares:<\/span><\/p>\n<ul>\n<li style=\"font-weight: 400;\" aria-level=\"1\"><b>Centro de Pest<\/b><\/li>\n<li style=\"font-weight: 400;\" aria-level=\"1\"><b>Barrio jud\u00edo<\/b><\/li>\n<li style=\"font-weight: 400;\" aria-level=\"1\"><b>Avenida Andrassy<\/b><\/li>\n<li style=\"font-weight: 400;\" aria-level=\"1\"><b>Sal\u00f3n del mercado central<\/b><\/li>\n<li style=\"font-weight: 400;\" aria-level=\"1\"><b>Bas\u00edlica de San Esteban<\/b><\/li>\n<li style=\"font-weight: 400;\" aria-level=\"1\"><b>Sinagoga<\/b><\/li>\n<li style=\"font-weight: 400;\" aria-level=\"1\"><b>Parlamento Nacional de Hungr\u00eda: ubicado frente al r\u00edo Danubio. Es una estructura arquitect\u00f3nica neog\u00f3tica, que se encuentra ubicado en el lado de Pest.<\/b><\/li>\n<li style=\"font-weight: 400;\" aria-level=\"1\"><b>Teatro de la \u00d3pera<\/b><\/li>\n<li style=\"font-weight: 400;\" aria-level=\"1\"><b>Paseo del Danubio<\/b><\/li>\n<li style=\"font-weight: 400;\" aria-level=\"1\"><b>\u00a1Mucho m\u00e1s!<\/b><\/li>\n<\/ul>\n<p><span style=\"font-weight: 400;\">Despu\u00e9s del recorrido, su gu\u00eda oficial local lo dejar\u00e1 en el centro de Budapest.<\/span><\/p>\n<p><span style=\"font-weight: 400;\">En <strong>Tour Travel &amp; More<\/strong>, podemos ofrecerle varios <\/span><a href=\"https:\/\/tourtravelandmore.com\/es\/ciudad\/hungria-es\/budapest-es\/\"><span style=\"font-weight: 400;\">tours privados en Budapest<\/span><\/a><span style=\"font-weight: 400;\">. Solo tienes que pedirnos ayuda y mencionarnos qu\u00e9 tipo de excursiones le gustar\u00eda realizar durante su viaje de vacaciones.<\/span><\/p>\n","protected":false},"excerpt":{"rendered":"<p><span style=\"font-weight: 400;\">El <strong>tour privado a pie de Pest desde Budapest<\/strong> es una excelente manera de explorar los aspectos m\u00e1s destacados de Budapest. Este recorrido lo llevar\u00e1 a algunas de las atracciones m\u00e1s populares de la ciudad.<\/span><\/p>\n","protected":false},"featured_media":25571,"comment_status":"open","ping_status":"closed","template":"","meta":{"_acf_changed":false},"product_brand":[],"product_cat":[919,928,930],"product_tag":[],"class_list":{"0":"post-25634","1":"product","2":"type-product","3":"status-publish","4":"has-post-thumbnail","6":"product_cat-budapest-es","7":"product_cat-budapest-actividades-es","8":"product_cat-budapest-tours-privados-pie-es","10":"first","11":"instock","12":"shipping-taxable","13":"purchasable","14":"product-type-simple"},"acf":[],"yoast_head":"<!-- This site is optimized with the Yoast SEO Premium plugin v25.3.1 (Yoast SEO v25.3.1) - https:\/\/yoast.com\/wordpress\/plugins\/seo\/ -->\n<title>\ud83d\udccd Tour Privado a pie por Pest en Budapest con gu\u00eda oficial local | TTM<\/title>\n<meta name=\"description\" content=\"Visita privada a pie de Pest desde Budapest. Para una experiencia m\u00e1s personalizada e informativa | TTM \u2705\" \/>\n<meta name=\"robots\" content=\"index, follow, max-snippet:-1, max-image-preview:large, max-video-preview:-1\" \/>\n<link rel=\"canonical\" href=\"https:\/\/tourtravelandmore.com\/es\/tours\/hungria-es\/budapest-es\/tour-privado-a-pie-por-pest-desde-budapest\/\" \/>\n<meta property=\"og:locale\" content=\"es_ES\" \/>\n<meta property=\"og:type\" content=\"article\" \/>\n<meta property=\"og:title\" content=\"Tour Privado a pie por Pest desde Budapest\" \/>\n<meta property=\"og:description\" content=\"Visita privada a pie de Pest desde Budapest. Para una experiencia m\u00e1s personalizada e informativa | TTM \u2705\" \/>\n<meta property=\"og:url\" content=\"https:\/\/tourtravelandmore.com\/es\/tours\/hungria-es\/budapest-es\/tour-privado-a-pie-por-pest-desde-budapest\/\" \/>\n<meta property=\"og:site_name\" content=\"Tour Travel And More\" \/>\n<meta property=\"article:publisher\" content=\"https:\/\/www.facebook.com\/tourtravelandmore\/\" \/>\n<meta property=\"article:modified_time\" content=\"2022-07-08T06:22:04+00:00\" \/>\n<meta property=\"og:image\" content=\"https:\/\/tourtravelandmore.com\/wp-content\/uploads\/2018\/08\/market.jpg\" \/>\n\t<meta property=\"og:image:width\" content=\"780\" \/>\n\t<meta property=\"og:image:height\" content=\"519\" \/>\n\t<meta property=\"og:image:type\" content=\"image\/jpeg\" \/>\n<meta name=\"twitter:card\" content=\"summary_large_image\" \/>\n<meta name=\"twitter:site\" content=\"@TourTravel_More\" \/>\n<meta name=\"twitter:label1\" content=\"Tiempo de lectura\" \/>\n\t<meta name=\"twitter:data1\" content=\"2 minutos\" \/>\n<script type=\"application\/ld+json\" class=\"yoast-schema-graph\">{\"@context\":\"https:\/\/schema.org\",\"@graph\":[{\"@type\":\"WebPage\",\"@id\":\"https:\/\/tourtravelandmore.com\/es\/tours\/hungria-es\/budapest-es\/tour-privado-a-pie-por-pest-desde-budapest\/\",\"url\":\"https:\/\/tourtravelandmore.com\/es\/tours\/hungria-es\/budapest-es\/tour-privado-a-pie-por-pest-desde-budapest\/\",\"name\":\"\ud83d\udccd Tour Privado a pie por Pest en Budapest con gu\u00eda oficial local | TTM\",\"isPartOf\":{\"@id\":\"https:\/\/tourtravelandmore.com\/es\/#website\"},\"primaryImageOfPage\":{\"@id\":\"https:\/\/tourtravelandmore.com\/es\/tours\/hungria-es\/budapest-es\/tour-privado-a-pie-por-pest-desde-budapest\/#primaryimage\"},\"image\":{\"@id\":\"https:\/\/tourtravelandmore.com\/es\/tours\/hungria-es\/budapest-es\/tour-privado-a-pie-por-pest-desde-budapest\/#primaryimage\"},\"thumbnailUrl\":\"https:\/\/tourtravelandmore.com\/wp-content\/uploads\/2018\/08\/market.jpg\",\"datePublished\":\"2018-08-29T12:11:21+00:00\",\"dateModified\":\"2022-07-08T06:22:04+00:00\",\"description\":\"Visita privada a pie de Pest desde Budapest. Para una experiencia m\u00e1s personalizada e informativa | TTM \u2705\",\"breadcrumb\":{\"@id\":\"https:\/\/tourtravelandmore.com\/es\/tours\/hungria-es\/budapest-es\/tour-privado-a-pie-por-pest-desde-budapest\/#breadcrumb\"},\"inLanguage\":\"es\",\"potentialAction\":[{\"@type\":\"ReadAction\",\"target\":[\"https:\/\/tourtravelandmore.com\/es\/tours\/hungria-es\/budapest-es\/tour-privado-a-pie-por-pest-desde-budapest\/\"]}]},{\"@type\":\"ImageObject\",\"inLanguage\":\"es\",\"@id\":\"https:\/\/tourtravelandmore.com\/es\/tours\/hungria-es\/budapest-es\/tour-privado-a-pie-por-pest-desde-budapest\/#primaryimage\",\"url\":\"https:\/\/tourtravelandmore.com\/wp-content\/uploads\/2018\/08\/market.jpg\",\"contentUrl\":\"https:\/\/tourtravelandmore.com\/wp-content\/uploads\/2018\/08\/market.jpg\",\"width\":780,\"height\":519},{\"@type\":\"BreadcrumbList\",\"@id\":\"https:\/\/tourtravelandmore.com\/es\/tours\/hungria-es\/budapest-es\/tour-privado-a-pie-por-pest-desde-budapest\/#breadcrumb\",\"itemListElement\":[{\"@type\":\"ListItem\",\"position\":1,\"name\":\"Home\",\"item\":\"https:\/\/tourtravelandmore.com\/es\/\"},{\"@type\":\"ListItem\",\"position\":2,\"name\":\"Tours\",\"item\":\"https:\/\/tourtravelandmore.com\/es\/tours\/\"},{\"@type\":\"ListItem\",\"position\":3,\"name\":\"Tour Privado a pie por Pest desde Budapest\"}]},{\"@type\":\"WebSite\",\"@id\":\"https:\/\/tourtravelandmore.com\/es\/#website\",\"url\":\"https:\/\/tourtravelandmore.com\/es\/\",\"name\":\"Tour Travel And More\",\"description\":\"Private sightseeing tours and luxury transfers in Spain\",\"publisher\":{\"@id\":\"https:\/\/tourtravelandmore.com\/es\/#organization\"},\"potentialAction\":[{\"@type\":\"SearchAction\",\"target\":{\"@type\":\"EntryPoint\",\"urlTemplate\":\"https:\/\/tourtravelandmore.com\/es\/?s={search_term_string}\"},\"query-input\":{\"@type\":\"PropertyValueSpecification\",\"valueRequired\":true,\"valueName\":\"search_term_string\"}}],\"inLanguage\":\"es\"},{\"@type\":\"Organization\",\"@id\":\"https:\/\/tourtravelandmore.com\/es\/#organization\",\"name\":\"Tour Travel And More\",\"url\":\"https:\/\/tourtravelandmore.com\/es\/\",\"logo\":{\"@type\":\"ImageObject\",\"inLanguage\":\"es\",\"@id\":\"https:\/\/tourtravelandmore.com\/es\/#\/schema\/logo\/image\/\",\"url\":\"https:\/\/tourtravelandmore.com\/wp-content\/uploads\/2022\/12\/cropped-logo-cabecera-new.png\",\"contentUrl\":\"https:\/\/tourtravelandmore.com\/wp-content\/uploads\/2022\/12\/cropped-logo-cabecera-new.png\",\"width\":430,\"height\":61,\"caption\":\"Tour Travel And More\"},\"image\":{\"@id\":\"https:\/\/tourtravelandmore.com\/es\/#\/schema\/logo\/image\/\"},\"sameAs\":[\"https:\/\/www.facebook.com\/tourtravelandmore\/\",\"https:\/\/x.com\/TourTravel_More\"]}]}<\/script>\n<!-- \/ Yoast SEO Premium plugin. -->","yoast_head_json":{"title":"\ud83d\udccd Tour Privado a pie por Pest en Budapest con gu\u00eda oficial local | TTM","description":"Visita privada a pie de Pest desde Budapest. Para una experiencia m\u00e1s personalizada e informativa | TTM \u2705","robots":{"index":"index","follow":"follow","max-snippet":"max-snippet:-1","max-image-preview":"max-image-preview:large","max-video-preview":"max-video-preview:-1"},"canonical":"https:\/\/tourtravelandmore.com\/es\/tours\/hungria-es\/budapest-es\/tour-privado-a-pie-por-pest-desde-budapest\/","og_locale":"es_ES","og_type":"article","og_title":"Tour Privado a pie por Pest desde Budapest","og_description":"Visita privada a pie de Pest desde Budapest. Para una experiencia m\u00e1s personalizada e informativa | TTM \u2705","og_url":"https:\/\/tourtravelandmore.com\/es\/tours\/hungria-es\/budapest-es\/tour-privado-a-pie-por-pest-desde-budapest\/","og_site_name":"Tour Travel And More","article_publisher":"https:\/\/www.facebook.com\/tourtravelandmore\/","article_modified_time":"2022-07-08T06:22:04+00:00","og_image":[{"width":780,"height":519,"url":"https:\/\/tourtravelandmore.com\/wp-content\/uploads\/2018\/08\/market.jpg","type":"image\/jpeg"}],"twitter_card":"summary_large_image","twitter_site":"@TourTravel_More","twitter_misc":{"Tiempo de lectura":"2 minutos"},"schema":{"@context":"https:\/\/schema.org","@graph":[{"@type":"WebPage","@id":"https:\/\/tourtravelandmore.com\/es\/tours\/hungria-es\/budapest-es\/tour-privado-a-pie-por-pest-desde-budapest\/","url":"https:\/\/tourtravelandmore.com\/es\/tours\/hungria-es\/budapest-es\/tour-privado-a-pie-por-pest-desde-budapest\/","name":"\ud83d\udccd Tour Privado a pie por Pest en Budapest con gu\u00eda oficial local | TTM","isPartOf":{"@id":"https:\/\/tourtravelandmore.com\/es\/#website"},"primaryImageOfPage":{"@id":"https:\/\/tourtravelandmore.com\/es\/tours\/hungria-es\/budapest-es\/tour-privado-a-pie-por-pest-desde-budapest\/#primaryimage"},"image":{"@id":"https:\/\/tourtravelandmore.com\/es\/tours\/hungria-es\/budapest-es\/tour-privado-a-pie-por-pest-desde-budapest\/#primaryimage"},"thumbnailUrl":"https:\/\/tourtravelandmore.com\/wp-content\/uploads\/2018\/08\/market.jpg","datePublished":"2018-08-29T12:11:21+00:00","dateModified":"2022-07-08T06:22:04+00:00","description":"Visita privada a pie de Pest desde Budapest. Para una experiencia m\u00e1s personalizada e informativa | TTM \u2705","breadcrumb":{"@id":"https:\/\/tourtravelandmore.com\/es\/tours\/hungria-es\/budapest-es\/tour-privado-a-pie-por-pest-desde-budapest\/#breadcrumb"},"inLanguage":"es","potentialAction":[{"@type":"ReadAction","target":["https:\/\/tourtravelandmore.com\/es\/tours\/hungria-es\/budapest-es\/tour-privado-a-pie-por-pest-desde-budapest\/"]}]},{"@type":"ImageObject","inLanguage":"es","@id":"https:\/\/tourtravelandmore.com\/es\/tours\/hungria-es\/budapest-es\/tour-privado-a-pie-por-pest-desde-budapest\/#primaryimage","url":"https:\/\/tourtravelandmore.com\/wp-content\/uploads\/2018\/08\/market.jpg","contentUrl":"https:\/\/tourtravelandmore.com\/wp-content\/uploads\/2018\/08\/market.jpg","width":780,"height":519},{"@type":"BreadcrumbList","@id":"https:\/\/tourtravelandmore.com\/es\/tours\/hungria-es\/budapest-es\/tour-privado-a-pie-por-pest-desde-budapest\/#breadcrumb","itemListElement":[{"@type":"ListItem","position":1,"name":"Home","item":"https:\/\/tourtravelandmore.com\/es\/"},{"@type":"ListItem","position":2,"name":"Tours","item":"https:\/\/tourtravelandmore.com\/es\/tours\/"},{"@type":"ListItem","position":3,"name":"Tour Privado a pie por Pest desde Budapest"}]},{"@type":"WebSite","@id":"https:\/\/tourtravelandmore.com\/es\/#website","url":"https:\/\/tourtravelandmore.com\/es\/","name":"Tour Travel And More","description":"Private sightseeing tours and luxury transfers in Spain","publisher":{"@id":"https:\/\/tourtravelandmore.com\/es\/#organization"},"potentialAction":[{"@type":"SearchAction","target":{"@type":"EntryPoint","urlTemplate":"https:\/\/tourtravelandmore.com\/es\/?s={search_term_string}"},"query-input":{"@type":"PropertyValueSpecification","valueRequired":true,"valueName":"search_term_string"}}],"inLanguage":"es"},{"@type":"Organization","@id":"https:\/\/tourtravelandmore.com\/es\/#organization","name":"Tour Travel And More","url":"https:\/\/tourtravelandmore.com\/es\/","logo":{"@type":"ImageObject","inLanguage":"es","@id":"https:\/\/tourtravelandmore.com\/es\/#\/schema\/logo\/image\/","url":"https:\/\/tourtravelandmore.com\/wp-content\/uploads\/2022\/12\/cropped-logo-cabecera-new.png","contentUrl":"https:\/\/tourtravelandmore.com\/wp-content\/uploads\/2022\/12\/cropped-logo-cabecera-new.png","width":430,"height":61,"caption":"Tour Travel And More"},"image":{"@id":"https:\/\/tourtravelandmore.com\/es\/#\/schema\/logo\/image\/"},"sameAs":["https:\/\/www.facebook.com\/tourtravelandmore\/","https:\/\/x.com\/TourTravel_More"]}]}},"_links":{"self":[{"href":"https:\/\/tourtravelandmore.com\/es\/wp-json\/wp\/v2\/product\/25634","targetHints":{"allow":["GET"]}}],"collection":[{"href":"https:\/\/tourtravelandmore.com\/es\/wp-json\/wp\/v2\/product"}],"about":[{"href":"https:\/\/tourtravelandmore.com\/es\/wp-json\/wp\/v2\/types\/product"}],"replies":[{"embeddable":true,"href":"https:\/\/tourtravelandmore.com\/es\/wp-json\/wp\/v2\/comments?post=25634"}],"wp:featuredmedia":[{"embeddable":true,"href":"https:\/\/tourtravelandmore.com\/es\/wp-json\/wp\/v2\/media\/25571"}],"wp:attachment":[{"href":"https:\/\/tourtravelandmore.com\/es\/wp-json\/wp\/v2\/media?parent=25634"}],"wp:term":[{"taxonomy":"product_brand","embeddable":true,"href":"https:\/\/tourtravelandmore.com\/es\/wp-json\/wp\/v2\/product_brand?post=25634"},{"taxonomy":"product_cat","embeddable":true,"href":"https:\/\/tourtravelandmore.com\/es\/wp-json\/wp\/v2\/product_cat?post=25634"},{"taxonomy":"product_tag","embeddable":true,"href":"https:\/\/tourtravelandmore.com\/es\/wp-json\/wp\/v2\/product_tag?post=25634"}],"curies":[{"name":"wp","href":"https:\/\/api.w.org\/{rel}","templated":true}]}}