{"id":25561,"date":"2018-08-28T10:12:54","date_gmt":"2018-08-28T08:12:57","guid":{"rendered":"http:\/\/tourtravelandmore.com\/es\/tours\/uncategorized\/tour-privado-por-la-ciudad-de-budapest\/"},"modified":"2022-07-08T08:17:21","modified_gmt":"2022-07-08T06:17:21","slug":"tour-privado-por-budapest","status":"publish","type":"product","link":"https:\/\/tourtravelandmore.com\/es\/tours\/hungria-es\/budapest-es\/tour-privado-por-budapest\/","title":{"rendered":"Tour Privado en Budapest"},"content":{"rendered":"<h2><b>Descripci\u00f3n del tour privado en Budapest\u00a0<\/b><\/h2>\n<p><span style=\"font-weight: 400;\">La mejor forma de conocer toda la ciudad de Budapest son con nuestro tour privado. El tour tiene una duraci\u00f3n de 4 horas y pueden ser hechos en varios idiomas.<\/span><\/p>\n<p><span style=\"font-weight: 400;\">Organizar una recogida desde Budapest es simple. Nos reuniremos con usted en cualquier sitio de la ciudad y comenzaremos este recorrido dondequiera que se hospede o lugar de elecci\u00f3n en la ciudad. Despu\u00e9s de una conveniente recogida, comenzaremos este recorrido, ser\u00e1 una experiencia inolvidable.<\/span><\/p>\n<p><span style=\"font-weight: 400;\">Junto con su gu\u00eda privado, le mostraremos la fascinante historia de Budapest y sus or\u00edgenes. Aprender\u00e1 c\u00f3mo y por qu\u00e9 obtuvo su nombre y tambi\u00e9n sobre otras ciudades que han jugado un papel en la historia del desarrollo de esta inigualable ciudad. Los gu\u00edas son locales y tienen un conocimiento enciclop\u00e9dico de su historia, cultura y arquitectura.<\/span><\/p>\n<h2><b>Puntos de inter\u00e9s en el tour privado por Budapest<\/b><\/h2>\n<p><span style=\"font-weight: 400;\">La ciudad de Budapest representa una experiencia \u00fanica. Tiene una rica historia, con muchos puntos para visitar y cosas para ver. Su gu\u00eda tur\u00edstico privado le llevar\u00e1 a los sitios m\u00e1s interesantes de la ciudad, como el Basti\u00f3n de los Pescadores o la Bas\u00edlica de San Esteban.<\/span><\/p>\n<p><span style=\"font-weight: 400;\">Tambi\u00e9n podr\u00e1 visitar los siguientes puntos de inter\u00e9s:<\/span><\/p>\n<ul>\n<li style=\"font-weight: 400;\" aria-level=\"1\"><b>Centro de Pest<\/b><\/li>\n<li style=\"font-weight: 400;\" aria-level=\"1\"><b>Centro de Buda<\/b><\/li>\n<li style=\"font-weight: 400;\" aria-level=\"1\"><b>Avenida Andrassy<\/b><\/li>\n<li style=\"font-weight: 400;\" aria-level=\"1\"><b>Zona del castillo\/Palacio real de Buda<\/b><\/li>\n<li style=\"font-weight: 400;\" aria-level=\"1\"><b>Colina Gell\u00e9rt y su Estatua de la Libertad<\/b><\/li>\n<li style=\"font-weight: 400;\" aria-level=\"1\"><b>Mercado Central<\/b><\/li>\n<li style=\"font-weight: 400;\" aria-level=\"1\"><b>Bas\u00edlica de San Esteban<\/b><\/li>\n<li style=\"font-weight: 400;\" aria-level=\"1\"><b>Basti\u00f3n de los pescadores<\/b><\/li>\n<li style=\"font-weight: 400;\" aria-level=\"1\"><b>Plaza de los h\u00e9roes<\/b><\/li>\n<li style=\"font-weight: 400;\" aria-level=\"1\"><b>Iglesia de Mat\u00edas<\/b><\/li>\n<li style=\"font-weight: 400;\" aria-level=\"1\"><b>Puente de cadenas<\/b><\/li>\n<li style=\"font-weight: 400;\" aria-level=\"1\"><b>Gran sinagoga<\/b><\/li>\n<li style=\"font-weight: 400;\" aria-level=\"1\"><b>Ba\u00f1os termales<\/b><\/li>\n<\/ul>\n<p><span style=\"font-weight: 400;\">Podemos incluir entradas y evitar hacer fila en cualquier monumento o museo que desee visitar. P\u00f3ngase en contacto con nuestros expertos en viajes de <\/span><b>Tour Travel &amp; More<\/b><span style=\"font-weight: 400;\"> si necesita informaci\u00f3n adicional.<\/span><\/p>\n<p><span style=\"font-weight: 400;\">Su excursi\u00f3n privada se completar\u00e1 con un viaje de regreso a su hotel o punto de partida en Budapest por su conductor y veh\u00edculo privado.<\/span><\/p>\n<p><span style=\"font-weight: 400;\">No se pierda de\u00a0 todos los<\/span><a href=\"https:\/\/tourtravelandmore.com\/es\/ciudad\/hungria-es\/budapest-es\/\"> <span style=\"font-weight: 400;\">tours privados y experiencias que podemos ofrecerle en Budapest<\/span><\/a><span style=\"font-weight: 400;\">.<\/span><\/p>\n","protected":false},"excerpt":{"rendered":"<p><span style=\"font-weight: 400;\">En este<strong> tour privado en Budapest<\/strong>, estaremos guiados por un experto local que nos mostrar\u00e1 lugares exclusivos que no encontrar\u00edamos en un tour tradicional. Podremos ver los edificios m\u00e1s emblem\u00e1ticos de la ciudad y descubrir historias fascinantes sobre ellos.<\/span><\/p>\n","protected":false},"featured_media":25575,"comment_status":"open","ping_status":"closed","template":"","meta":{"_acf_changed":false},"product_brand":[],"product_cat":[919,928,929],"product_tag":[],"class_list":{"0":"post-25561","1":"product","2":"type-product","3":"status-publish","4":"has-post-thumbnail","6":"product_cat-budapest-es","7":"product_cat-budapest-actividades-es","8":"product_cat-budapest-rutas-turisticas-privadas-es","10":"first","11":"instock","12":"shipping-taxable","13":"purchasable","14":"product-type-simple"},"acf":[],"yoast_head":"<!-- This site is optimized with the Yoast SEO Premium plugin v25.3.1 (Yoast SEO v25.3.1) - https:\/\/yoast.com\/wordpress\/plugins\/seo\/ -->\n<title>\ud83d\udccd Tour Privado en Budapest | Tour Travel &amp; More<\/title>\n<meta name=\"description\" content=\"Excelentes vistas y una experiencia \u00fanica. La ciudad de Budapest tiene mucho que ofrecer, pero los tours privados son el mejor modo de conocerla \u2705\" \/>\n<meta name=\"robots\" content=\"index, follow, max-snippet:-1, max-image-preview:large, max-video-preview:-1\" \/>\n<link rel=\"canonical\" href=\"https:\/\/tourtravelandmore.com\/es\/tours\/hungria-es\/budapest-es\/tour-privado-por-budapest\/\" \/>\n<meta property=\"og:locale\" content=\"es_ES\" \/>\n<meta property=\"og:type\" content=\"article\" \/>\n<meta property=\"og:title\" content=\"Tour Privado en Budapest\" \/>\n<meta property=\"og:description\" content=\"Excelentes vistas y una experiencia \u00fanica. La ciudad de Budapest tiene mucho que ofrecer, pero los tours privados son el mejor modo de conocerla \u2705\" \/>\n<meta property=\"og:url\" content=\"https:\/\/tourtravelandmore.com\/es\/tours\/hungria-es\/budapest-es\/tour-privado-por-budapest\/\" \/>\n<meta property=\"og:site_name\" content=\"Tour Travel And More\" \/>\n<meta property=\"article:publisher\" content=\"https:\/\/www.facebook.com\/tourtravelandmore\/\" \/>\n<meta property=\"article:modified_time\" content=\"2022-07-08T06:17:21+00:00\" \/>\n<meta property=\"og:image\" content=\"https:\/\/tourtravelandmore.com\/wp-content\/uploads\/2018\/08\/budapest.jpg\" \/>\n\t<meta property=\"og:image:width\" content=\"1024\" \/>\n\t<meta property=\"og:image:height\" content=\"614\" \/>\n\t<meta property=\"og:image:type\" content=\"image\/jpeg\" \/>\n<meta name=\"twitter:card\" content=\"summary_large_image\" \/>\n<meta name=\"twitter:site\" content=\"@TourTravel_More\" \/>\n<meta name=\"twitter:label1\" content=\"Tiempo de lectura\" \/>\n\t<meta name=\"twitter:data1\" content=\"2 minutos\" \/>\n<script type=\"application\/ld+json\" class=\"yoast-schema-graph\">{\"@context\":\"https:\/\/schema.org\",\"@graph\":[{\"@type\":\"WebPage\",\"@id\":\"https:\/\/tourtravelandmore.com\/es\/tours\/hungria-es\/budapest-es\/tour-privado-por-budapest\/\",\"url\":\"https:\/\/tourtravelandmore.com\/es\/tours\/hungria-es\/budapest-es\/tour-privado-por-budapest\/\",\"name\":\"\ud83d\udccd Tour Privado en Budapest | Tour Travel & More\",\"isPartOf\":{\"@id\":\"https:\/\/tourtravelandmore.com\/es\/#website\"},\"primaryImageOfPage\":{\"@id\":\"https:\/\/tourtravelandmore.com\/es\/tours\/hungria-es\/budapest-es\/tour-privado-por-budapest\/#primaryimage\"},\"image\":{\"@id\":\"https:\/\/tourtravelandmore.com\/es\/tours\/hungria-es\/budapest-es\/tour-privado-por-budapest\/#primaryimage\"},\"thumbnailUrl\":\"https:\/\/tourtravelandmore.com\/wp-content\/uploads\/2018\/08\/budapest.jpg\",\"datePublished\":\"2018-08-28T08:12:57+00:00\",\"dateModified\":\"2022-07-08T06:17:21+00:00\",\"description\":\"Excelentes vistas y una experiencia \u00fanica. La ciudad de Budapest tiene mucho que ofrecer, pero los tours privados son el mejor modo de conocerla \u2705\",\"breadcrumb\":{\"@id\":\"https:\/\/tourtravelandmore.com\/es\/tours\/hungria-es\/budapest-es\/tour-privado-por-budapest\/#breadcrumb\"},\"inLanguage\":\"es\",\"potentialAction\":[{\"@type\":\"ReadAction\",\"target\":[\"https:\/\/tourtravelandmore.com\/es\/tours\/hungria-es\/budapest-es\/tour-privado-por-budapest\/\"]}]},{\"@type\":\"ImageObject\",\"inLanguage\":\"es\",\"@id\":\"https:\/\/tourtravelandmore.com\/es\/tours\/hungria-es\/budapest-es\/tour-privado-por-budapest\/#primaryimage\",\"url\":\"https:\/\/tourtravelandmore.com\/wp-content\/uploads\/2018\/08\/budapest.jpg\",\"contentUrl\":\"https:\/\/tourtravelandmore.com\/wp-content\/uploads\/2018\/08\/budapest.jpg\",\"width\":1024,\"height\":614},{\"@type\":\"BreadcrumbList\",\"@id\":\"https:\/\/tourtravelandmore.com\/es\/tours\/hungria-es\/budapest-es\/tour-privado-por-budapest\/#breadcrumb\",\"itemListElement\":[{\"@type\":\"ListItem\",\"position\":1,\"name\":\"Home\",\"item\":\"https:\/\/tourtravelandmore.com\/es\/\"},{\"@type\":\"ListItem\",\"position\":2,\"name\":\"Tours\",\"item\":\"https:\/\/tourtravelandmore.com\/es\/tours\/\"},{\"@type\":\"ListItem\",\"position\":3,\"name\":\"Tour Privado en Budapest\"}]},{\"@type\":\"WebSite\",\"@id\":\"https:\/\/tourtravelandmore.com\/es\/#website\",\"url\":\"https:\/\/tourtravelandmore.com\/es\/\",\"name\":\"Tour Travel And More\",\"description\":\"Private sightseeing tours and luxury transfers in Spain\",\"publisher\":{\"@id\":\"https:\/\/tourtravelandmore.com\/es\/#organization\"},\"potentialAction\":[{\"@type\":\"SearchAction\",\"target\":{\"@type\":\"EntryPoint\",\"urlTemplate\":\"https:\/\/tourtravelandmore.com\/es\/?s={search_term_string}\"},\"query-input\":{\"@type\":\"PropertyValueSpecification\",\"valueRequired\":true,\"valueName\":\"search_term_string\"}}],\"inLanguage\":\"es\"},{\"@type\":\"Organization\",\"@id\":\"https:\/\/tourtravelandmore.com\/es\/#organization\",\"name\":\"Tour Travel And More\",\"url\":\"https:\/\/tourtravelandmore.com\/es\/\",\"logo\":{\"@type\":\"ImageObject\",\"inLanguage\":\"es\",\"@id\":\"https:\/\/tourtravelandmore.com\/es\/#\/schema\/logo\/image\/\",\"url\":\"https:\/\/tourtravelandmore.com\/wp-content\/uploads\/2022\/12\/cropped-logo-cabecera-new.png\",\"contentUrl\":\"https:\/\/tourtravelandmore.com\/wp-content\/uploads\/2022\/12\/cropped-logo-cabecera-new.png\",\"width\":430,\"height\":61,\"caption\":\"Tour Travel And More\"},\"image\":{\"@id\":\"https:\/\/tourtravelandmore.com\/es\/#\/schema\/logo\/image\/\"},\"sameAs\":[\"https:\/\/www.facebook.com\/tourtravelandmore\/\",\"https:\/\/x.com\/TourTravel_More\"]}]}<\/script>\n<!-- \/ Yoast SEO Premium plugin. -->","yoast_head_json":{"title":"\ud83d\udccd Tour Privado en Budapest | Tour Travel & More","description":"Excelentes vistas y una experiencia \u00fanica. La ciudad de Budapest tiene mucho que ofrecer, pero los tours privados son el mejor modo de conocerla \u2705","robots":{"index":"index","follow":"follow","max-snippet":"max-snippet:-1","max-image-preview":"max-image-preview:large","max-video-preview":"max-video-preview:-1"},"canonical":"https:\/\/tourtravelandmore.com\/es\/tours\/hungria-es\/budapest-es\/tour-privado-por-budapest\/","og_locale":"es_ES","og_type":"article","og_title":"Tour Privado en Budapest","og_description":"Excelentes vistas y una experiencia \u00fanica. La ciudad de Budapest tiene mucho que ofrecer, pero los tours privados son el mejor modo de conocerla \u2705","og_url":"https:\/\/tourtravelandmore.com\/es\/tours\/hungria-es\/budapest-es\/tour-privado-por-budapest\/","og_site_name":"Tour Travel And More","article_publisher":"https:\/\/www.facebook.com\/tourtravelandmore\/","article_modified_time":"2022-07-08T06:17:21+00:00","og_image":[{"width":1024,"height":614,"url":"https:\/\/tourtravelandmore.com\/wp-content\/uploads\/2018\/08\/budapest.jpg","type":"image\/jpeg"}],"twitter_card":"summary_large_image","twitter_site":"@TourTravel_More","twitter_misc":{"Tiempo de lectura":"2 minutos"},"schema":{"@context":"https:\/\/schema.org","@graph":[{"@type":"WebPage","@id":"https:\/\/tourtravelandmore.com\/es\/tours\/hungria-es\/budapest-es\/tour-privado-por-budapest\/","url":"https:\/\/tourtravelandmore.com\/es\/tours\/hungria-es\/budapest-es\/tour-privado-por-budapest\/","name":"\ud83d\udccd Tour Privado en Budapest | Tour Travel & More","isPartOf":{"@id":"https:\/\/tourtravelandmore.com\/es\/#website"},"primaryImageOfPage":{"@id":"https:\/\/tourtravelandmore.com\/es\/tours\/hungria-es\/budapest-es\/tour-privado-por-budapest\/#primaryimage"},"image":{"@id":"https:\/\/tourtravelandmore.com\/es\/tours\/hungria-es\/budapest-es\/tour-privado-por-budapest\/#primaryimage"},"thumbnailUrl":"https:\/\/tourtravelandmore.com\/wp-content\/uploads\/2018\/08\/budapest.jpg","datePublished":"2018-08-28T08:12:57+00:00","dateModified":"2022-07-08T06:17:21+00:00","description":"Excelentes vistas y una experiencia \u00fanica. La ciudad de Budapest tiene mucho que ofrecer, pero los tours privados son el mejor modo de conocerla \u2705","breadcrumb":{"@id":"https:\/\/tourtravelandmore.com\/es\/tours\/hungria-es\/budapest-es\/tour-privado-por-budapest\/#breadcrumb"},"inLanguage":"es","potentialAction":[{"@type":"ReadAction","target":["https:\/\/tourtravelandmore.com\/es\/tours\/hungria-es\/budapest-es\/tour-privado-por-budapest\/"]}]},{"@type":"ImageObject","inLanguage":"es","@id":"https:\/\/tourtravelandmore.com\/es\/tours\/hungria-es\/budapest-es\/tour-privado-por-budapest\/#primaryimage","url":"https:\/\/tourtravelandmore.com\/wp-content\/uploads\/2018\/08\/budapest.jpg","contentUrl":"https:\/\/tourtravelandmore.com\/wp-content\/uploads\/2018\/08\/budapest.jpg","width":1024,"height":614},{"@type":"BreadcrumbList","@id":"https:\/\/tourtravelandmore.com\/es\/tours\/hungria-es\/budapest-es\/tour-privado-por-budapest\/#breadcrumb","itemListElement":[{"@type":"ListItem","position":1,"name":"Home","item":"https:\/\/tourtravelandmore.com\/es\/"},{"@type":"ListItem","position":2,"name":"Tours","item":"https:\/\/tourtravelandmore.com\/es\/tours\/"},{"@type":"ListItem","position":3,"name":"Tour Privado en Budapest"}]},{"@type":"WebSite","@id":"https:\/\/tourtravelandmore.com\/es\/#website","url":"https:\/\/tourtravelandmore.com\/es\/","name":"Tour Travel And More","description":"Private sightseeing tours and luxury transfers in Spain","publisher":{"@id":"https:\/\/tourtravelandmore.com\/es\/#organization"},"potentialAction":[{"@type":"SearchAction","target":{"@type":"EntryPoint","urlTemplate":"https:\/\/tourtravelandmore.com\/es\/?s={search_term_string}"},"query-input":{"@type":"PropertyValueSpecification","valueRequired":true,"valueName":"search_term_string"}}],"inLanguage":"es"},{"@type":"Organization","@id":"https:\/\/tourtravelandmore.com\/es\/#organization","name":"Tour Travel And More","url":"https:\/\/tourtravelandmore.com\/es\/","logo":{"@type":"ImageObject","inLanguage":"es","@id":"https:\/\/tourtravelandmore.com\/es\/#\/schema\/logo\/image\/","url":"https:\/\/tourtravelandmore.com\/wp-content\/uploads\/2022\/12\/cropped-logo-cabecera-new.png","contentUrl":"https:\/\/tourtravelandmore.com\/wp-content\/uploads\/2022\/12\/cropped-logo-cabecera-new.png","width":430,"height":61,"caption":"Tour Travel And More"},"image":{"@id":"https:\/\/tourtravelandmore.com\/es\/#\/schema\/logo\/image\/"},"sameAs":["https:\/\/www.facebook.com\/tourtravelandmore\/","https:\/\/x.com\/TourTravel_More"]}]}},"_links":{"self":[{"href":"https:\/\/tourtravelandmore.com\/es\/wp-json\/wp\/v2\/product\/25561","targetHints":{"allow":["GET"]}}],"collection":[{"href":"https:\/\/tourtravelandmore.com\/es\/wp-json\/wp\/v2\/product"}],"about":[{"href":"https:\/\/tourtravelandmore.com\/es\/wp-json\/wp\/v2\/types\/product"}],"replies":[{"embeddable":true,"href":"https:\/\/tourtravelandmore.com\/es\/wp-json\/wp\/v2\/comments?post=25561"}],"wp:featuredmedia":[{"embeddable":true,"href":"https:\/\/tourtravelandmore.com\/es\/wp-json\/wp\/v2\/media\/25575"}],"wp:attachment":[{"href":"https:\/\/tourtravelandmore.com\/es\/wp-json\/wp\/v2\/media?parent=25561"}],"wp:term":[{"taxonomy":"product_brand","embeddable":true,"href":"https:\/\/tourtravelandmore.com\/es\/wp-json\/wp\/v2\/product_brand?post=25561"},{"taxonomy":"product_cat","embeddable":true,"href":"https:\/\/tourtravelandmore.com\/es\/wp-json\/wp\/v2\/product_cat?post=25561"},{"taxonomy":"product_tag","embeddable":true,"href":"https:\/\/tourtravelandmore.com\/es\/wp-json\/wp\/v2\/product_tag?post=25561"}],"curies":[{"name":"wp","href":"https:\/\/api.w.org\/{rel}","templated":true}]}}