{"id":24649,"date":"2018-08-01T12:27:57","date_gmt":"2018-08-01T10:27:59","guid":{"rendered":"http:\/\/tourtravelandmore.com\/es\/tours\/tanger-es\/tour-privado-dia-completo-de-chefchaouen-con-chofer-y-guia-privado\/"},"modified":"2021-11-12T11:13:54","modified_gmt":"2021-11-12T10:13:54","slug":"tour-privado-dia-completo-de-chefchaouen-con-chofer-y-guia-privado","status":"publish","type":"product","link":"https:\/\/tourtravelandmore.com\/es\/tours\/marruecos-es\/tanger-es\/tour-privado-dia-completo-de-chefchaouen-con-chofer-y-guia-privado\/","title":{"rendered":"Tour Privado D\u00eda Completo de Chefchaouen con chofer y gu\u00eda privado"},"content":{"rendered":"<h2>Descripci\u00f3n del Tour Privado D\u00eda Completo de Chefchaouen con chofer y gu\u00eda privado<\/h2>\n<p>Disfrute de este <strong>tour privado de Chefchaouen,<\/strong> y conoce los lugares m\u00e1s emblem\u00e1ticos de esta magn\u00edfica ciudad azul junto a un gu\u00eda local, en un veh\u00edculo privado.<\/p>\n<p>Este tour es completamente personalizable y pod\u00e9is organizarlo como quer\u00e1is y lo que busc\u00e1is. Puede personalizar vuestro tour solo contactando con nosotros. Aqu\u00ed os dejamos un ejemplo de itinerario, el tour ser\u00e1 personalizado para que veais y conozc\u00e1is exactmente lo que quer\u00e9is ver en <span style=\"font-weight: 400;\">Chefchaouen<\/span>.<\/p>\n<h2>Principales puntos de inter\u00e9s durante este tour privado<\/h2>\n<p>Su <strong>gu\u00eda oficial privado<\/strong>, junto a su chofer privado, os recoger\u00e1n en su hotel o sitio seleccionado por vosotros en Tanger.<\/p>\n<p>Disfrutar\u00e1n un paseo en veh\u00edculo privado desde Tanger hasta\u00a0<span style=\"font-weight: 400;\"><strong>Chefchaouen<\/strong>, adonde podr\u00e1n descubrir el fascinante paisaje de Marruecos.<br \/>\nUna vez en\u00a0Chefchaouen, entrar\u00e1n a la Medina de la ciudad a trav\u00e9s del famoso arco de entrada. Visitar\u00e1n la famosa plaza Uta el-Hammam, los mercados del pueblo y por supuesto los locales de artesan\u00edas.<\/span><\/p>\n<p>Por supuesto que tambi\u00e9n tendr\u00e1n tiempo para degustar la maravillosa cocina marroqu\u00ed durante la visita a la ciudad azul.<\/p>\n<p>Una vez culminado el tour, su chofer, junto a su gu\u00eda privado, os llevar\u00e1n hacia su hotel o sitio de selecci\u00f3n personal en Tanger.<\/p>\n<h2>La Ciudad: Tanger<\/h2>\n<p><span style=\"font-weight: 400;\">Tanger es una ciudad situda al extremo Norte de Marruecos, en el estrecho de Gibraltar. Es la ciudad capital de su regi\u00f3n. La ciudad tiene una superficie de 252\u202fkm\u00b2. Durante su visita a esa magn\u00edfica ciudad podr\u00e1n descubrir desde la historia romana y edad media hasta el presente.\u00a0<\/span><\/p>\n<h3>Nuestros Tours Privados en Tour Travel &amp; More<\/h3>\n<p>Ofrecemos a nuestros clientes tours privados para familias, amigos e incluso para incentivos o grupos grandes. Entendemos las necesidades de los viajeros mientras est\u00e1n de vacaciones, y hacemos todo lo posible para que su estancia sea inolvidable. Nuestra flota se compone de veh\u00edculos de lujo y nuestro personal es perfectamente multiling\u00fce. Nuestros gu\u00edas son gu\u00edas oficiales y viven en Sevilla y son gran conocedor de la ciudad. Nuestros gu\u00edas en Sevilla hablan varios idiomas: Ingl\u00e9s, Espa\u00f1ol, Franc\u00e9s, Italiano, Polaco, Holand\u00e9s, Chino, Ruso, Japon\u00e9s, Alem\u00e1n, Griego y Portugu\u00e9s.<\/p>\n","protected":false},"excerpt":{"rendered":"<p>\u00danase a nosotros en este<strong> tour privado personalizado de Chefchaouen<\/strong> y admire esta ciudad \u00fanica en <strong>Marruecos<\/strong>. Aproveche esta oportunidad para conocer Marruecos en esta excursi\u00f3n de un d\u00eda desde su hotel o puerto de cruceros en <strong>T\u00e1nger<\/strong>. Personalice su propia experiencia. \u00a1No te pierdas lugares como la <strong>medina de Chefchaouen<\/strong>, la <strong>plaza Uta el-Hammam<\/strong>, las <strong>tiendas de artesan\u00eda<\/strong> y mucho m\u00e1s!<\/p>\n","protected":false},"featured_media":24631,"comment_status":"open","ping_status":"closed","template":"","meta":{"_acf_changed":false},"product_brand":[],"product_cat":[1610,898,909,910,911],"product_tag":[],"class_list":{"0":"post-24649","1":"product","2":"type-product","3":"status-publish","4":"has-post-thumbnail","6":"product_cat-marruecos-es","7":"product_cat-tanger-es","8":"product_cat-tanger-actividades-es","9":"product_cat-tanger-rutas-turisticas-privadas-es","10":"product_cat-tanger-excursiones-es","12":"first","13":"instock","14":"shipping-taxable","15":"purchasable","16":"product-type-simple"},"acf":[],"yoast_head":"<!-- This site is optimized with the Yoast SEO Premium plugin v25.3.1 (Yoast SEO v25.3.1) - https:\/\/yoast.com\/wordpress\/plugins\/seo\/ -->\n<title>Tour Privado de Chefchaouen con gu\u00eda oficial y vehiculo privado | TTM<\/title>\n<meta name=\"description\" content=\"Descubra la fant\u00e1stica ciudad azul de Chefchaouen junto a un gu\u00eda oficial, c\u00f3modo en un veh\u00edculo privado. Visite la Medina, la plaza Uta el-Hamman y m\u00e1s!\" \/>\n<meta name=\"robots\" content=\"index, follow, max-snippet:-1, max-image-preview:large, max-video-preview:-1\" \/>\n<link rel=\"canonical\" href=\"https:\/\/tourtravelandmore.com\/es\/tours\/marruecos-es\/tanger-es\/tour-privado-dia-completo-de-chefchaouen-con-chofer-y-guia-privado\/\" \/>\n<meta property=\"og:locale\" content=\"es_ES\" \/>\n<meta property=\"og:type\" content=\"article\" \/>\n<meta property=\"og:title\" content=\"Tour Privado D\u00eda Completo de Chefchaouen con chofer y gu\u00eda privado\" \/>\n<meta property=\"og:description\" content=\"Descubra la fant\u00e1stica ciudad azul de Chefchaouen junto a un gu\u00eda oficial, c\u00f3modo en un veh\u00edculo privado. Visite la Medina, la plaza Uta el-Hamman y m\u00e1s!\" \/>\n<meta property=\"og:url\" content=\"https:\/\/tourtravelandmore.com\/es\/tours\/marruecos-es\/tanger-es\/tour-privado-dia-completo-de-chefchaouen-con-chofer-y-guia-privado\/\" \/>\n<meta property=\"og:site_name\" content=\"Tour Travel And More\" \/>\n<meta property=\"article:publisher\" content=\"https:\/\/www.facebook.com\/tourtravelandmore\/\" \/>\n<meta property=\"article:modified_time\" content=\"2021-11-12T10:13:54+00:00\" \/>\n<meta property=\"og:image\" content=\"https:\/\/tourtravelandmore.com\/wp-content\/uploads\/2018\/08\/Chefchaouen_vu_de_la_route_dOuezzane-jfgornet-2.jpg\" \/>\n\t<meta property=\"og:image:width\" content=\"1936\" \/>\n\t<meta property=\"og:image:height\" content=\"1288\" \/>\n\t<meta property=\"og:image:type\" content=\"image\/jpeg\" \/>\n<meta name=\"twitter:card\" content=\"summary_large_image\" \/>\n<meta name=\"twitter:site\" content=\"@TourTravel_More\" \/>\n<meta name=\"twitter:label1\" content=\"Tiempo de lectura\" \/>\n\t<meta name=\"twitter:data1\" content=\"2 minutos\" \/>\n<script type=\"application\/ld+json\" class=\"yoast-schema-graph\">{\"@context\":\"https:\/\/schema.org\",\"@graph\":[{\"@type\":\"WebPage\",\"@id\":\"https:\/\/tourtravelandmore.com\/es\/tours\/marruecos-es\/tanger-es\/tour-privado-dia-completo-de-chefchaouen-con-chofer-y-guia-privado\/\",\"url\":\"https:\/\/tourtravelandmore.com\/es\/tours\/marruecos-es\/tanger-es\/tour-privado-dia-completo-de-chefchaouen-con-chofer-y-guia-privado\/\",\"name\":\"Tour Privado de Chefchaouen con gu\u00eda oficial y vehiculo privado | TTM\",\"isPartOf\":{\"@id\":\"https:\/\/tourtravelandmore.com\/es\/#website\"},\"primaryImageOfPage\":{\"@id\":\"https:\/\/tourtravelandmore.com\/es\/tours\/marruecos-es\/tanger-es\/tour-privado-dia-completo-de-chefchaouen-con-chofer-y-guia-privado\/#primaryimage\"},\"image\":{\"@id\":\"https:\/\/tourtravelandmore.com\/es\/tours\/marruecos-es\/tanger-es\/tour-privado-dia-completo-de-chefchaouen-con-chofer-y-guia-privado\/#primaryimage\"},\"thumbnailUrl\":\"https:\/\/tourtravelandmore.com\/wp-content\/uploads\/2018\/08\/Chefchaouen_vu_de_la_route_dOuezzane-jfgornet-2.jpg\",\"datePublished\":\"2018-08-01T10:27:59+00:00\",\"dateModified\":\"2021-11-12T10:13:54+00:00\",\"description\":\"Descubra la fant\u00e1stica ciudad azul de Chefchaouen junto a un gu\u00eda oficial, c\u00f3modo en un veh\u00edculo privado. Visite la Medina, la plaza Uta el-Hamman y m\u00e1s!\",\"breadcrumb\":{\"@id\":\"https:\/\/tourtravelandmore.com\/es\/tours\/marruecos-es\/tanger-es\/tour-privado-dia-completo-de-chefchaouen-con-chofer-y-guia-privado\/#breadcrumb\"},\"inLanguage\":\"es\",\"potentialAction\":[{\"@type\":\"ReadAction\",\"target\":[\"https:\/\/tourtravelandmore.com\/es\/tours\/marruecos-es\/tanger-es\/tour-privado-dia-completo-de-chefchaouen-con-chofer-y-guia-privado\/\"]}]},{\"@type\":\"ImageObject\",\"inLanguage\":\"es\",\"@id\":\"https:\/\/tourtravelandmore.com\/es\/tours\/marruecos-es\/tanger-es\/tour-privado-dia-completo-de-chefchaouen-con-chofer-y-guia-privado\/#primaryimage\",\"url\":\"https:\/\/tourtravelandmore.com\/wp-content\/uploads\/2018\/08\/Chefchaouen_vu_de_la_route_dOuezzane-jfgornet-2.jpg\",\"contentUrl\":\"https:\/\/tourtravelandmore.com\/wp-content\/uploads\/2018\/08\/Chefchaouen_vu_de_la_route_dOuezzane-jfgornet-2.jpg\",\"width\":1936,\"height\":1288},{\"@type\":\"BreadcrumbList\",\"@id\":\"https:\/\/tourtravelandmore.com\/es\/tours\/marruecos-es\/tanger-es\/tour-privado-dia-completo-de-chefchaouen-con-chofer-y-guia-privado\/#breadcrumb\",\"itemListElement\":[{\"@type\":\"ListItem\",\"position\":1,\"name\":\"Home\",\"item\":\"https:\/\/tourtravelandmore.com\/es\/\"},{\"@type\":\"ListItem\",\"position\":2,\"name\":\"Tours\",\"item\":\"https:\/\/tourtravelandmore.com\/es\/tours\/\"},{\"@type\":\"ListItem\",\"position\":3,\"name\":\"Tour Privado D\u00eda Completo de Chefchaouen con chofer y gu\u00eda privado\"}]},{\"@type\":\"WebSite\",\"@id\":\"https:\/\/tourtravelandmore.com\/es\/#website\",\"url\":\"https:\/\/tourtravelandmore.com\/es\/\",\"name\":\"Tour Travel And More\",\"description\":\"Private sightseeing tours and luxury transfers in Spain\",\"publisher\":{\"@id\":\"https:\/\/tourtravelandmore.com\/es\/#organization\"},\"potentialAction\":[{\"@type\":\"SearchAction\",\"target\":{\"@type\":\"EntryPoint\",\"urlTemplate\":\"https:\/\/tourtravelandmore.com\/es\/?s={search_term_string}\"},\"query-input\":{\"@type\":\"PropertyValueSpecification\",\"valueRequired\":true,\"valueName\":\"search_term_string\"}}],\"inLanguage\":\"es\"},{\"@type\":\"Organization\",\"@id\":\"https:\/\/tourtravelandmore.com\/es\/#organization\",\"name\":\"Tour Travel And More\",\"url\":\"https:\/\/tourtravelandmore.com\/es\/\",\"logo\":{\"@type\":\"ImageObject\",\"inLanguage\":\"es\",\"@id\":\"https:\/\/tourtravelandmore.com\/es\/#\/schema\/logo\/image\/\",\"url\":\"https:\/\/tourtravelandmore.com\/wp-content\/uploads\/2022\/12\/cropped-logo-cabecera-new.png\",\"contentUrl\":\"https:\/\/tourtravelandmore.com\/wp-content\/uploads\/2022\/12\/cropped-logo-cabecera-new.png\",\"width\":430,\"height\":61,\"caption\":\"Tour Travel And More\"},\"image\":{\"@id\":\"https:\/\/tourtravelandmore.com\/es\/#\/schema\/logo\/image\/\"},\"sameAs\":[\"https:\/\/www.facebook.com\/tourtravelandmore\/\",\"https:\/\/x.com\/TourTravel_More\"]}]}<\/script>\n<!-- \/ Yoast SEO Premium plugin. -->","yoast_head_json":{"title":"Tour Privado de Chefchaouen con gu\u00eda oficial y vehiculo privado | TTM","description":"Descubra la fant\u00e1stica ciudad azul de Chefchaouen junto a un gu\u00eda oficial, c\u00f3modo en un veh\u00edculo privado. Visite la Medina, la plaza Uta el-Hamman y m\u00e1s!","robots":{"index":"index","follow":"follow","max-snippet":"max-snippet:-1","max-image-preview":"max-image-preview:large","max-video-preview":"max-video-preview:-1"},"canonical":"https:\/\/tourtravelandmore.com\/es\/tours\/marruecos-es\/tanger-es\/tour-privado-dia-completo-de-chefchaouen-con-chofer-y-guia-privado\/","og_locale":"es_ES","og_type":"article","og_title":"Tour Privado D\u00eda Completo de Chefchaouen con chofer y gu\u00eda privado","og_description":"Descubra la fant\u00e1stica ciudad azul de Chefchaouen junto a un gu\u00eda oficial, c\u00f3modo en un veh\u00edculo privado. Visite la Medina, la plaza Uta el-Hamman y m\u00e1s!","og_url":"https:\/\/tourtravelandmore.com\/es\/tours\/marruecos-es\/tanger-es\/tour-privado-dia-completo-de-chefchaouen-con-chofer-y-guia-privado\/","og_site_name":"Tour Travel And More","article_publisher":"https:\/\/www.facebook.com\/tourtravelandmore\/","article_modified_time":"2021-11-12T10:13:54+00:00","og_image":[{"width":1936,"height":1288,"url":"https:\/\/tourtravelandmore.com\/wp-content\/uploads\/2018\/08\/Chefchaouen_vu_de_la_route_dOuezzane-jfgornet-2.jpg","type":"image\/jpeg"}],"twitter_card":"summary_large_image","twitter_site":"@TourTravel_More","twitter_misc":{"Tiempo de lectura":"2 minutos"},"schema":{"@context":"https:\/\/schema.org","@graph":[{"@type":"WebPage","@id":"https:\/\/tourtravelandmore.com\/es\/tours\/marruecos-es\/tanger-es\/tour-privado-dia-completo-de-chefchaouen-con-chofer-y-guia-privado\/","url":"https:\/\/tourtravelandmore.com\/es\/tours\/marruecos-es\/tanger-es\/tour-privado-dia-completo-de-chefchaouen-con-chofer-y-guia-privado\/","name":"Tour Privado de Chefchaouen con gu\u00eda oficial y vehiculo privado | TTM","isPartOf":{"@id":"https:\/\/tourtravelandmore.com\/es\/#website"},"primaryImageOfPage":{"@id":"https:\/\/tourtravelandmore.com\/es\/tours\/marruecos-es\/tanger-es\/tour-privado-dia-completo-de-chefchaouen-con-chofer-y-guia-privado\/#primaryimage"},"image":{"@id":"https:\/\/tourtravelandmore.com\/es\/tours\/marruecos-es\/tanger-es\/tour-privado-dia-completo-de-chefchaouen-con-chofer-y-guia-privado\/#primaryimage"},"thumbnailUrl":"https:\/\/tourtravelandmore.com\/wp-content\/uploads\/2018\/08\/Chefchaouen_vu_de_la_route_dOuezzane-jfgornet-2.jpg","datePublished":"2018-08-01T10:27:59+00:00","dateModified":"2021-11-12T10:13:54+00:00","description":"Descubra la fant\u00e1stica ciudad azul de Chefchaouen junto a un gu\u00eda oficial, c\u00f3modo en un veh\u00edculo privado. Visite la Medina, la plaza Uta el-Hamman y m\u00e1s!","breadcrumb":{"@id":"https:\/\/tourtravelandmore.com\/es\/tours\/marruecos-es\/tanger-es\/tour-privado-dia-completo-de-chefchaouen-con-chofer-y-guia-privado\/#breadcrumb"},"inLanguage":"es","potentialAction":[{"@type":"ReadAction","target":["https:\/\/tourtravelandmore.com\/es\/tours\/marruecos-es\/tanger-es\/tour-privado-dia-completo-de-chefchaouen-con-chofer-y-guia-privado\/"]}]},{"@type":"ImageObject","inLanguage":"es","@id":"https:\/\/tourtravelandmore.com\/es\/tours\/marruecos-es\/tanger-es\/tour-privado-dia-completo-de-chefchaouen-con-chofer-y-guia-privado\/#primaryimage","url":"https:\/\/tourtravelandmore.com\/wp-content\/uploads\/2018\/08\/Chefchaouen_vu_de_la_route_dOuezzane-jfgornet-2.jpg","contentUrl":"https:\/\/tourtravelandmore.com\/wp-content\/uploads\/2018\/08\/Chefchaouen_vu_de_la_route_dOuezzane-jfgornet-2.jpg","width":1936,"height":1288},{"@type":"BreadcrumbList","@id":"https:\/\/tourtravelandmore.com\/es\/tours\/marruecos-es\/tanger-es\/tour-privado-dia-completo-de-chefchaouen-con-chofer-y-guia-privado\/#breadcrumb","itemListElement":[{"@type":"ListItem","position":1,"name":"Home","item":"https:\/\/tourtravelandmore.com\/es\/"},{"@type":"ListItem","position":2,"name":"Tours","item":"https:\/\/tourtravelandmore.com\/es\/tours\/"},{"@type":"ListItem","position":3,"name":"Tour Privado D\u00eda Completo de Chefchaouen con chofer y gu\u00eda privado"}]},{"@type":"WebSite","@id":"https:\/\/tourtravelandmore.com\/es\/#website","url":"https:\/\/tourtravelandmore.com\/es\/","name":"Tour Travel And More","description":"Private sightseeing tours and luxury transfers in Spain","publisher":{"@id":"https:\/\/tourtravelandmore.com\/es\/#organization"},"potentialAction":[{"@type":"SearchAction","target":{"@type":"EntryPoint","urlTemplate":"https:\/\/tourtravelandmore.com\/es\/?s={search_term_string}"},"query-input":{"@type":"PropertyValueSpecification","valueRequired":true,"valueName":"search_term_string"}}],"inLanguage":"es"},{"@type":"Organization","@id":"https:\/\/tourtravelandmore.com\/es\/#organization","name":"Tour Travel And More","url":"https:\/\/tourtravelandmore.com\/es\/","logo":{"@type":"ImageObject","inLanguage":"es","@id":"https:\/\/tourtravelandmore.com\/es\/#\/schema\/logo\/image\/","url":"https:\/\/tourtravelandmore.com\/wp-content\/uploads\/2022\/12\/cropped-logo-cabecera-new.png","contentUrl":"https:\/\/tourtravelandmore.com\/wp-content\/uploads\/2022\/12\/cropped-logo-cabecera-new.png","width":430,"height":61,"caption":"Tour Travel And More"},"image":{"@id":"https:\/\/tourtravelandmore.com\/es\/#\/schema\/logo\/image\/"},"sameAs":["https:\/\/www.facebook.com\/tourtravelandmore\/","https:\/\/x.com\/TourTravel_More"]}]}},"_links":{"self":[{"href":"https:\/\/tourtravelandmore.com\/es\/wp-json\/wp\/v2\/product\/24649","targetHints":{"allow":["GET"]}}],"collection":[{"href":"https:\/\/tourtravelandmore.com\/es\/wp-json\/wp\/v2\/product"}],"about":[{"href":"https:\/\/tourtravelandmore.com\/es\/wp-json\/wp\/v2\/types\/product"}],"replies":[{"embeddable":true,"href":"https:\/\/tourtravelandmore.com\/es\/wp-json\/wp\/v2\/comments?post=24649"}],"wp:featuredmedia":[{"embeddable":true,"href":"https:\/\/tourtravelandmore.com\/es\/wp-json\/wp\/v2\/media\/24631"}],"wp:attachment":[{"href":"https:\/\/tourtravelandmore.com\/es\/wp-json\/wp\/v2\/media?parent=24649"}],"wp:term":[{"taxonomy":"product_brand","embeddable":true,"href":"https:\/\/tourtravelandmore.com\/es\/wp-json\/wp\/v2\/product_brand?post=24649"},{"taxonomy":"product_cat","embeddable":true,"href":"https:\/\/tourtravelandmore.com\/es\/wp-json\/wp\/v2\/product_cat?post=24649"},{"taxonomy":"product_tag","embeddable":true,"href":"https:\/\/tourtravelandmore.com\/es\/wp-json\/wp\/v2\/product_tag?post=24649"}],"curies":[{"name":"wp","href":"https:\/\/api.w.org\/{rel}","templated":true}]}}