{"id":24636,"date":"2018-08-01T11:38:55","date_gmt":"2018-08-01T10:20:15","guid":{"rendered":"http:\/\/tourtravelandmore.com\/es\/?post_type=product&#038;p=24636"},"modified":"2023-03-17T21:30:26","modified_gmt":"2023-03-17T20:30:26","slug":"tour-privado-a-chefchaouen-desde-mala","status":"publish","type":"product","link":"https:\/\/tourtravelandmore.com\/es\/tours\/espana-es\/motril-es\/motril-excursiones-privadas-es\/tour-privado-a-chefchaouen-desde-mala\/","title":{"rendered":"Tour Privado a Chefchaouen desde M\u00e1laga"},"content":{"rendered":"<h2>Descripci\u00f3n del Tour Privado a Chefchaouen desde M\u00e1laga<\/h2>\n<p>Disfrute de este <strong>tour a <b>Chefchaouen<\/b> privado desde Espa\u00f1a, con recogida y devoluci\u00f3n desde M\u00e1laga,<\/strong> y conoce los lugares m\u00e1s emblem\u00e1ticos de Chefchaouen junto a un gu\u00eda local, en un veh\u00edculo privado.<\/p>\n<p>La duraci\u00f3n del Tour a <strong><b>Chefchaouen<\/b><\/strong> desde Espa\u00f1a son 12 horas.<\/p>\n<p>Nuestro conductor os recogera desde su Hotel en M\u00e1laga a la hora programada, para ir con el veh\u00edculo privado a Tarifa para coger el Ferry. Una vez lleguemos a la Terminal de Ferry de tarifa, el conductor le entregar\u00e1 los billetes de Ferry de ida y de vuelta y acordar\u00e1 con vosotros la hora y lugar de recogida para volver a su hotel.<\/p>\n<p>Al llegar a Tanger, ahi estar\u00e1 esperando nuestro gu\u00eda local privado y nuestro conductor con veh\u00edculo privado para ir a <strong><b>Chefchaouen<\/b><\/strong>.<\/p>\n<p>El Tour es completamente privado, nos podemos adaptar a vuestras necesidades y peticiones.<\/p>\n<h2>Puntos de inter\u00e9s Tour Privado a Chefchaouen<\/h2>\n<p>La ciudad est\u00e1 habitada por, aproximadamente, 40.000 personas. Y es la ciudad capital de la Provincia de Tanger.<\/p>\n<p>Fue creada por los bereberes en el siglo XV, acogi\u00f3 a los moriscos y jud\u00edos que en esa \u00e9poca fueron expulsados de Espa\u00f1a.<\/p>\n<p>Tambi\u00e9n es conocida como la <strong>ciudad azul<\/strong>, por el color de las casas de su medina, algo muy bonito y espectacular de ver.<\/p>\n<p>Durante su visita podr\u00e1n conocer <strong>la Medina de la ciudad (el centro hist\u00f3rico),<\/strong> donde se encuentra la famosa plaza <strong>Uta el-Hammam<\/strong>, e<strong>l Kasbah, los locales de artesan\u00edas de la ciudad y mucho m\u00e1s!<\/strong><\/p>\n<p>Por supuesto que tambi\u00e9n tendr\u00e1n tiempo para degustar la maravillosa cocina marroqu\u00ed durante la visita, como tambi\u00e9n de poder visitar negocios de artesan\u00edas locales.<\/p>\n<p>Una vez culminado el tour, su chofer, junto a su gu\u00eda privado, os llevar\u00e1n hacia el puerto de cruceros de Tanger. All\u00ed coger\u00e1n el ferry de retorno a Tarifa, donde los estar\u00e1 esperando su chofer para llevarlos a su hotel o sitio de selecci\u00f3n personal en M\u00e1laga.<\/p>\n<p>A Trav\u00e9s del formulario del tour nos puede indicar el lugar de recogida y nuestro equipo le enviar\u00e1 una propuesta detallada con toda la informaci\u00f3n. No dudes en escribir, somos muy r\u00e1pidos en contestar.<\/p>\n<p>Si desea tambi\u00e9n puede hacer el <a href=\"https:\/\/tourtravelandmore.com\/es\/tours\/espana-es\/ceuta-es\/ceuta-actividades-privadas-es\/tour-privado-dia-completo-tangier-desde-malaga\/\">Tour privado de Tanger desde M\u00e1laga<\/a>, si no desea conocer la ciudad azul.<\/p>\n","protected":false},"excerpt":{"rendered":"<p>Descubre la ciudad de <strong>Chefchaouen desde Espa\u00f1a<\/strong>. Conocida como la ciudad azul. Durante su visita podr\u00e1n conocer la <strong>Medina<\/strong> de la ciudad (el centro hist\u00f3rico), donde se encuentra la famosa<strong> plaza Uta el-Hammam<\/strong>, el <strong>Kasbah<\/strong>, los <strong>locales de artesan\u00eda<\/strong> de la ciudad y mucho m\u00e1s!.<\/p>\n","protected":false},"featured_media":24635,"comment_status":"open","ping_status":"closed","template":"","meta":{"_acf_changed":false},"product_brand":[],"product_cat":[1610,898,909,910,911,2238,94,95,96,97,91,90],"product_tag":[],"class_list":{"0":"post-24636","1":"product","2":"type-product","3":"status-publish","4":"has-post-thumbnail","6":"product_cat-marruecos-es","7":"product_cat-tanger-es","8":"product_cat-tanger-actividades-es","9":"product_cat-tanger-rutas-turisticas-privadas-es","10":"product_cat-tanger-excursiones-es","11":"product_cat-motril-excursiones-privadas-es","12":"product_cat-malaga-es","13":"product_cat-malaga-actividades-es","14":"product_cat-malaga-excursiones-es","15":"product_cat-malaga-rutas-turisticas-privadas-es","16":"product_cat-marbella-puerto-banus-rutas-turisticas-es","17":"product_cat-marbella-puerto-banus-excursiones-es","19":"first","20":"instock","21":"shipping-taxable","22":"purchasable","23":"product-type-simple"},"acf":[],"yoast_head":"<!-- This site is optimized with the Yoast SEO Premium plugin v25.3.1 (Yoast SEO v25.3.1) - https:\/\/yoast.com\/wordpress\/plugins\/seo\/ -->\n<title>\u27a1\ufe0f Tour a Chefchaouen desde Espa\u00f1a | Tour Travel and More<\/title>\n<meta name=\"description\" content=\"Disfruta este tour a Chefchaouen desde Espa\u00f1a, con gu\u00eda local y vehiculo privado. Recogida y devoluci\u00f3n en cualquier ciudad de M\u00e1laga \u2705\" \/>\n<meta name=\"robots\" content=\"index, follow, max-snippet:-1, max-image-preview:large, max-video-preview:-1\" \/>\n<link rel=\"canonical\" href=\"https:\/\/tourtravelandmore.com\/es\/tours\/espana-es\/motril-es\/motril-excursiones-privadas-es\/tour-privado-a-chefchaouen-desde-mala\/\" \/>\n<meta property=\"og:locale\" content=\"es_ES\" \/>\n<meta property=\"og:type\" content=\"article\" \/>\n<meta property=\"og:title\" content=\"Tour Privado a Chefchaouen desde M\u00e1laga\" \/>\n<meta property=\"og:description\" content=\"Disfruta este tour a Chefchaouen desde Espa\u00f1a, con gu\u00eda local y vehiculo privado. Recogida y devoluci\u00f3n en cualquier ciudad de M\u00e1laga \u2705\" \/>\n<meta property=\"og:url\" content=\"https:\/\/tourtravelandmore.com\/es\/tours\/espana-es\/motril-es\/motril-excursiones-privadas-es\/tour-privado-a-chefchaouen-desde-mala\/\" \/>\n<meta property=\"og:site_name\" content=\"Tour Travel And More\" \/>\n<meta property=\"article:publisher\" content=\"https:\/\/www.facebook.com\/tourtravelandmore\/\" \/>\n<meta property=\"article:modified_time\" content=\"2023-03-17T20:30:26+00:00\" \/>\n<meta property=\"og:image\" content=\"https:\/\/tourtravelandmore.com\/wp-content\/uploads\/2018\/08\/square-of-chefchaouen-medina.jpg\" \/>\n\t<meta property=\"og:image:width\" content=\"1000\" \/>\n\t<meta property=\"og:image:height\" content=\"667\" \/>\n\t<meta property=\"og:image:type\" content=\"image\/jpeg\" \/>\n<meta name=\"twitter:card\" content=\"summary_large_image\" \/>\n<meta name=\"twitter:site\" content=\"@TourTravel_More\" \/>\n<meta name=\"twitter:label1\" content=\"Tiempo de lectura\" \/>\n\t<meta name=\"twitter:data1\" content=\"2 minutos\" \/>\n<script type=\"application\/ld+json\" class=\"yoast-schema-graph\">{\"@context\":\"https:\/\/schema.org\",\"@graph\":[{\"@type\":\"WebPage\",\"@id\":\"https:\/\/tourtravelandmore.com\/es\/tours\/espana-es\/motril-es\/motril-excursiones-privadas-es\/tour-privado-a-chefchaouen-desde-mala\/\",\"url\":\"https:\/\/tourtravelandmore.com\/es\/tours\/espana-es\/motril-es\/motril-excursiones-privadas-es\/tour-privado-a-chefchaouen-desde-mala\/\",\"name\":\"\u27a1\ufe0f Tour a Chefchaouen desde Espa\u00f1a | Tour Travel and More\",\"isPartOf\":{\"@id\":\"https:\/\/tourtravelandmore.com\/es\/#website\"},\"primaryImageOfPage\":{\"@id\":\"https:\/\/tourtravelandmore.com\/es\/tours\/espana-es\/motril-es\/motril-excursiones-privadas-es\/tour-privado-a-chefchaouen-desde-mala\/#primaryimage\"},\"image\":{\"@id\":\"https:\/\/tourtravelandmore.com\/es\/tours\/espana-es\/motril-es\/motril-excursiones-privadas-es\/tour-privado-a-chefchaouen-desde-mala\/#primaryimage\"},\"thumbnailUrl\":\"https:\/\/tourtravelandmore.com\/wp-content\/uploads\/2018\/08\/square-of-chefchaouen-medina.jpg\",\"datePublished\":\"2018-08-01T10:20:15+00:00\",\"dateModified\":\"2023-03-17T20:30:26+00:00\",\"description\":\"Disfruta este tour a Chefchaouen desde Espa\u00f1a, con gu\u00eda local y vehiculo privado. Recogida y devoluci\u00f3n en cualquier ciudad de M\u00e1laga \u2705\",\"breadcrumb\":{\"@id\":\"https:\/\/tourtravelandmore.com\/es\/tours\/espana-es\/motril-es\/motril-excursiones-privadas-es\/tour-privado-a-chefchaouen-desde-mala\/#breadcrumb\"},\"inLanguage\":\"es\",\"potentialAction\":[{\"@type\":\"ReadAction\",\"target\":[\"https:\/\/tourtravelandmore.com\/es\/tours\/espana-es\/motril-es\/motril-excursiones-privadas-es\/tour-privado-a-chefchaouen-desde-mala\/\"]}]},{\"@type\":\"ImageObject\",\"inLanguage\":\"es\",\"@id\":\"https:\/\/tourtravelandmore.com\/es\/tours\/espana-es\/motril-es\/motril-excursiones-privadas-es\/tour-privado-a-chefchaouen-desde-mala\/#primaryimage\",\"url\":\"https:\/\/tourtravelandmore.com\/wp-content\/uploads\/2018\/08\/square-of-chefchaouen-medina.jpg\",\"contentUrl\":\"https:\/\/tourtravelandmore.com\/wp-content\/uploads\/2018\/08\/square-of-chefchaouen-medina.jpg\",\"width\":1000,\"height\":667},{\"@type\":\"BreadcrumbList\",\"@id\":\"https:\/\/tourtravelandmore.com\/es\/tours\/espana-es\/motril-es\/motril-excursiones-privadas-es\/tour-privado-a-chefchaouen-desde-mala\/#breadcrumb\",\"itemListElement\":[{\"@type\":\"ListItem\",\"position\":1,\"name\":\"Home\",\"item\":\"https:\/\/tourtravelandmore.com\/es\/\"},{\"@type\":\"ListItem\",\"position\":2,\"name\":\"Tours\",\"item\":\"https:\/\/tourtravelandmore.com\/es\/tours\/\"},{\"@type\":\"ListItem\",\"position\":3,\"name\":\"Tour Privado a Chefchaouen desde M\u00e1laga\"}]},{\"@type\":\"WebSite\",\"@id\":\"https:\/\/tourtravelandmore.com\/es\/#website\",\"url\":\"https:\/\/tourtravelandmore.com\/es\/\",\"name\":\"Tour Travel And More\",\"description\":\"Private sightseeing tours and luxury transfers in Spain\",\"publisher\":{\"@id\":\"https:\/\/tourtravelandmore.com\/es\/#organization\"},\"potentialAction\":[{\"@type\":\"SearchAction\",\"target\":{\"@type\":\"EntryPoint\",\"urlTemplate\":\"https:\/\/tourtravelandmore.com\/es\/?s={search_term_string}\"},\"query-input\":{\"@type\":\"PropertyValueSpecification\",\"valueRequired\":true,\"valueName\":\"search_term_string\"}}],\"inLanguage\":\"es\"},{\"@type\":\"Organization\",\"@id\":\"https:\/\/tourtravelandmore.com\/es\/#organization\",\"name\":\"Tour Travel And More\",\"url\":\"https:\/\/tourtravelandmore.com\/es\/\",\"logo\":{\"@type\":\"ImageObject\",\"inLanguage\":\"es\",\"@id\":\"https:\/\/tourtravelandmore.com\/es\/#\/schema\/logo\/image\/\",\"url\":\"https:\/\/tourtravelandmore.com\/wp-content\/uploads\/2022\/12\/cropped-logo-cabecera-new.png\",\"contentUrl\":\"https:\/\/tourtravelandmore.com\/wp-content\/uploads\/2022\/12\/cropped-logo-cabecera-new.png\",\"width\":430,\"height\":61,\"caption\":\"Tour Travel And More\"},\"image\":{\"@id\":\"https:\/\/tourtravelandmore.com\/es\/#\/schema\/logo\/image\/\"},\"sameAs\":[\"https:\/\/www.facebook.com\/tourtravelandmore\/\",\"https:\/\/x.com\/TourTravel_More\"]}]}<\/script>\n<!-- \/ Yoast SEO Premium plugin. -->","yoast_head_json":{"title":"\u27a1\ufe0f Tour a Chefchaouen desde Espa\u00f1a | Tour Travel and More","description":"Disfruta este tour a Chefchaouen desde Espa\u00f1a, con gu\u00eda local y vehiculo privado. Recogida y devoluci\u00f3n en cualquier ciudad de M\u00e1laga \u2705","robots":{"index":"index","follow":"follow","max-snippet":"max-snippet:-1","max-image-preview":"max-image-preview:large","max-video-preview":"max-video-preview:-1"},"canonical":"https:\/\/tourtravelandmore.com\/es\/tours\/espana-es\/motril-es\/motril-excursiones-privadas-es\/tour-privado-a-chefchaouen-desde-mala\/","og_locale":"es_ES","og_type":"article","og_title":"Tour Privado a Chefchaouen desde M\u00e1laga","og_description":"Disfruta este tour a Chefchaouen desde Espa\u00f1a, con gu\u00eda local y vehiculo privado. Recogida y devoluci\u00f3n en cualquier ciudad de M\u00e1laga \u2705","og_url":"https:\/\/tourtravelandmore.com\/es\/tours\/espana-es\/motril-es\/motril-excursiones-privadas-es\/tour-privado-a-chefchaouen-desde-mala\/","og_site_name":"Tour Travel And More","article_publisher":"https:\/\/www.facebook.com\/tourtravelandmore\/","article_modified_time":"2023-03-17T20:30:26+00:00","og_image":[{"width":1000,"height":667,"url":"https:\/\/tourtravelandmore.com\/wp-content\/uploads\/2018\/08\/square-of-chefchaouen-medina.jpg","type":"image\/jpeg"}],"twitter_card":"summary_large_image","twitter_site":"@TourTravel_More","twitter_misc":{"Tiempo de lectura":"2 minutos"},"schema":{"@context":"https:\/\/schema.org","@graph":[{"@type":"WebPage","@id":"https:\/\/tourtravelandmore.com\/es\/tours\/espana-es\/motril-es\/motril-excursiones-privadas-es\/tour-privado-a-chefchaouen-desde-mala\/","url":"https:\/\/tourtravelandmore.com\/es\/tours\/espana-es\/motril-es\/motril-excursiones-privadas-es\/tour-privado-a-chefchaouen-desde-mala\/","name":"\u27a1\ufe0f Tour a Chefchaouen desde Espa\u00f1a | Tour Travel and More","isPartOf":{"@id":"https:\/\/tourtravelandmore.com\/es\/#website"},"primaryImageOfPage":{"@id":"https:\/\/tourtravelandmore.com\/es\/tours\/espana-es\/motril-es\/motril-excursiones-privadas-es\/tour-privado-a-chefchaouen-desde-mala\/#primaryimage"},"image":{"@id":"https:\/\/tourtravelandmore.com\/es\/tours\/espana-es\/motril-es\/motril-excursiones-privadas-es\/tour-privado-a-chefchaouen-desde-mala\/#primaryimage"},"thumbnailUrl":"https:\/\/tourtravelandmore.com\/wp-content\/uploads\/2018\/08\/square-of-chefchaouen-medina.jpg","datePublished":"2018-08-01T10:20:15+00:00","dateModified":"2023-03-17T20:30:26+00:00","description":"Disfruta este tour a Chefchaouen desde Espa\u00f1a, con gu\u00eda local y vehiculo privado. Recogida y devoluci\u00f3n en cualquier ciudad de M\u00e1laga \u2705","breadcrumb":{"@id":"https:\/\/tourtravelandmore.com\/es\/tours\/espana-es\/motril-es\/motril-excursiones-privadas-es\/tour-privado-a-chefchaouen-desde-mala\/#breadcrumb"},"inLanguage":"es","potentialAction":[{"@type":"ReadAction","target":["https:\/\/tourtravelandmore.com\/es\/tours\/espana-es\/motril-es\/motril-excursiones-privadas-es\/tour-privado-a-chefchaouen-desde-mala\/"]}]},{"@type":"ImageObject","inLanguage":"es","@id":"https:\/\/tourtravelandmore.com\/es\/tours\/espana-es\/motril-es\/motril-excursiones-privadas-es\/tour-privado-a-chefchaouen-desde-mala\/#primaryimage","url":"https:\/\/tourtravelandmore.com\/wp-content\/uploads\/2018\/08\/square-of-chefchaouen-medina.jpg","contentUrl":"https:\/\/tourtravelandmore.com\/wp-content\/uploads\/2018\/08\/square-of-chefchaouen-medina.jpg","width":1000,"height":667},{"@type":"BreadcrumbList","@id":"https:\/\/tourtravelandmore.com\/es\/tours\/espana-es\/motril-es\/motril-excursiones-privadas-es\/tour-privado-a-chefchaouen-desde-mala\/#breadcrumb","itemListElement":[{"@type":"ListItem","position":1,"name":"Home","item":"https:\/\/tourtravelandmore.com\/es\/"},{"@type":"ListItem","position":2,"name":"Tours","item":"https:\/\/tourtravelandmore.com\/es\/tours\/"},{"@type":"ListItem","position":3,"name":"Tour Privado a Chefchaouen desde M\u00e1laga"}]},{"@type":"WebSite","@id":"https:\/\/tourtravelandmore.com\/es\/#website","url":"https:\/\/tourtravelandmore.com\/es\/","name":"Tour Travel And More","description":"Private sightseeing tours and luxury transfers in Spain","publisher":{"@id":"https:\/\/tourtravelandmore.com\/es\/#organization"},"potentialAction":[{"@type":"SearchAction","target":{"@type":"EntryPoint","urlTemplate":"https:\/\/tourtravelandmore.com\/es\/?s={search_term_string}"},"query-input":{"@type":"PropertyValueSpecification","valueRequired":true,"valueName":"search_term_string"}}],"inLanguage":"es"},{"@type":"Organization","@id":"https:\/\/tourtravelandmore.com\/es\/#organization","name":"Tour Travel And More","url":"https:\/\/tourtravelandmore.com\/es\/","logo":{"@type":"ImageObject","inLanguage":"es","@id":"https:\/\/tourtravelandmore.com\/es\/#\/schema\/logo\/image\/","url":"https:\/\/tourtravelandmore.com\/wp-content\/uploads\/2022\/12\/cropped-logo-cabecera-new.png","contentUrl":"https:\/\/tourtravelandmore.com\/wp-content\/uploads\/2022\/12\/cropped-logo-cabecera-new.png","width":430,"height":61,"caption":"Tour Travel And More"},"image":{"@id":"https:\/\/tourtravelandmore.com\/es\/#\/schema\/logo\/image\/"},"sameAs":["https:\/\/www.facebook.com\/tourtravelandmore\/","https:\/\/x.com\/TourTravel_More"]}]}},"_links":{"self":[{"href":"https:\/\/tourtravelandmore.com\/es\/wp-json\/wp\/v2\/product\/24636","targetHints":{"allow":["GET"]}}],"collection":[{"href":"https:\/\/tourtravelandmore.com\/es\/wp-json\/wp\/v2\/product"}],"about":[{"href":"https:\/\/tourtravelandmore.com\/es\/wp-json\/wp\/v2\/types\/product"}],"replies":[{"embeddable":true,"href":"https:\/\/tourtravelandmore.com\/es\/wp-json\/wp\/v2\/comments?post=24636"}],"wp:featuredmedia":[{"embeddable":true,"href":"https:\/\/tourtravelandmore.com\/es\/wp-json\/wp\/v2\/media\/24635"}],"wp:attachment":[{"href":"https:\/\/tourtravelandmore.com\/es\/wp-json\/wp\/v2\/media?parent=24636"}],"wp:term":[{"taxonomy":"product_brand","embeddable":true,"href":"https:\/\/tourtravelandmore.com\/es\/wp-json\/wp\/v2\/product_brand?post=24636"},{"taxonomy":"product_cat","embeddable":true,"href":"https:\/\/tourtravelandmore.com\/es\/wp-json\/wp\/v2\/product_cat?post=24636"},{"taxonomy":"product_tag","embeddable":true,"href":"https:\/\/tourtravelandmore.com\/es\/wp-json\/wp\/v2\/product_tag?post=24636"}],"curies":[{"name":"wp","href":"https:\/\/api.w.org\/{rel}","templated":true}]}}