{"id":24561,"date":"2018-07-31T14:18:01","date_gmt":"2018-07-31T13:19:56","guid":{"rendered":"http:\/\/tourtravelandmore.com\/es\/?post_type=product&#038;p=24561"},"modified":"2023-03-22T19:46:32","modified_gmt":"2023-03-22T18:46:32","slug":"tour-privado-dia-completo-tangier-desde-malaga","status":"publish","type":"product","link":"https:\/\/tourtravelandmore.com\/es\/tours\/espana-es\/ceuta-es\/ceuta-actividades-privadas-es\/tour-privado-dia-completo-tangier-desde-malaga\/","title":{"rendered":"Tour Privado a Tanger desde M\u00e1laga"},"content":{"rendered":"<h2>Descripci\u00f3n del Tour Privado a Tanger desde M\u00e1laga<\/h2>\n<p>La <strong>Excursi\u00f3n<\/strong> a <strong>Tanger<\/strong> le permitir\u00e1 conocer una nueva cultura y un nuevo pa\u00eds en un mismo d\u00eda desde Espa\u00f1a.<\/p>\n<p>Nuestro veh\u00edculo privado con conductor le recoger\u00e1 desde su Hotel o Apartamento para realizar el Traslado de Ida a Tarifa e iniciar la excursion a Tanger.<\/p>\n<p>Una vez lleguemos a Tarifa nuestro conductor se bajar\u00e1 para entregaros los Billetes de Ferry y os explicar\u00e1 el punto de encuentro y la hora para realizar el traslado de vuelta.<\/p>\n<p><strong>La duraci\u00f3n del ferry para llegar a Tanger es de 1 horas aproximadamente.<\/strong><\/p>\n<p>Una vez lleguemos a Tanger y realizacemos el control de pasaporte, nuestro gu\u00eda privado en Tanger y nuestro veh\u00edculo con conductor privado os estar\u00e1 esperando a la salida de la Terminal con un cartel con vuestro nombre. La Duraci\u00f3n del Tour privado en Tanger son 6 horas, incluida la parada para comer en lugar t\u00edpico de la ciudad.<\/p>\n<p>La Duraci\u00f3n del Tour son 12 horas.<\/p>\n<p>Es posible coordinar la recogida desde cualquier sitio de <strong>M\u00e1laga.<\/strong><\/p>\n<h2>Puntos de Inter\u00e9s en el Tour Privado a Tanger<\/h2>\n<p>Empezaremos la excursi\u00f3n a Tanger, subiendo al famoso<strong> Cabo Espartel<\/strong>, d\u00f3nde se unen el oceano atl\u00e1ntico y el mediterraneo. Pararemos en sitios con espectaculares vistas panor\u00e1micas del mar. Si hace buen tiempo podemos llegar a ver Espa\u00f1a.<\/p>\n<p>Despu\u00e9s de conocer Cabo Espartel nos dirigemos a realizar un <strong>paseo a camello<\/strong> enfrente del mar, para que puedan realizar fotos y disfrutar de una actividad muy divertida. El paseo a Camello dura unos 15 minutos.<\/p>\n<p>Al terminar el paseo a camello, visitaremos las famosas<strong><a href=\"https:\/\/es.wikipedia.org\/wiki\/Cuevas_de_H%C3%A9rcules_(T%C3%A1nger)\"> cuevas de Hercules<\/a>. <\/strong>Entraremos en si interior y conoceremos la historia de amor que esconde en su interior junto a nuestro gu\u00eda oficial privado.<\/p>\n<p>La segunda parte de la excursi\u00f3n privada consiste en un recorrido a pie por las peque\u00f1as <strong>calles del Kasbah y el fuerte de Tanger.<\/strong> Descubrir\u00e1n sitios de un rico contenido arquitect\u00f3nico, el cual incluye paredes del Siglo 15 y una numerosa cantidad de edificios con estilo arabe-andaluz, los cuales han inspirado a reconocidos artistas y pintores como Eug\u00e9ne Delcroix y Henri Mattise.<\/p>\n<p>Luego visitar\u00e1n la<strong> zona de Medina<\/strong>, el casco antiguo de la ciudad. All\u00ed descubrir\u00e1n los secretos de la cultura, gastronom\u00eda y arte de esta fant\u00e1stica ciudad. Visitar\u00e1n los mercados (souqs) de la ciudad y sus concurridas plazas. Aqu\u00ed ver\u00e1n la gran influencia de la religi\u00f3n jud\u00eda y cat\u00f3lica en el pueblo de Tanger.<\/p>\n<p>Por supuesto que tambi\u00e9n tendr\u00e1n tiempo para degustar la maravillosa cocina marroqu\u00ed durante la visita, como tambi\u00e9n de poder visitar negocios de artesan\u00edas locales.<\/p>\n<p>Una vez culminado el tour, su chofer, junto a su gu\u00eda privado, os llevar\u00e1n hacia el puerto de cruceros de Tanger. All\u00ed coger\u00e1n el ferry de retorno a Tarifa, donde los estar\u00e1 esperando su chofer para llevarlos a su hotel o Apartamento.<\/p>\n<p>Vivir\u00e1 un d\u00eda maravilloso y conocer\u00e1 una nueva cultura y un nuevo pa\u00eds desde Espa\u00f1a.<\/p>\n<p>Para solicitar informaci\u00f3n detallada puede contactar con nosotros a trav\u00e9s del Formulario de contacto del tour y nuestro equipo contactar\u00e1 con vosotros de inmediato.<\/p>\n","protected":false},"excerpt":{"rendered":"<p>Vive una experiencia \u00fanica y conoce una de las principales ciudad de Marruecos desde Espa\u00f1a, <strong>Tanger<\/strong>. Descubrir\u00e1s una nueva cultura y un nuevo mundo para explorar. Conoceras las principales atracciones de la ciudad: <strong>Cuevas de Hercules<\/strong>, <strong>calles del Kasbah<\/strong> y el <strong>fuerte de Tanger<\/strong>, la famosa <strong>Medina<\/strong>, incluso podr\u00e1s realizar un paseo en camello.<\/p>\n","protected":false},"featured_media":24560,"comment_status":"open","ping_status":"closed","template":"","meta":{"_acf_changed":false},"product_brand":[],"product_cat":[1610,898,909,910,911,1596,2254,2258,2260,2236,2240,2238,94,527,95,96,97,88,89,91,90],"product_tag":[],"class_list":{"0":"post-24561","1":"product","2":"type-product","3":"status-publish","4":"has-post-thumbnail","6":"product_cat-marruecos-es","7":"product_cat-tanger-es","8":"product_cat-tanger-actividades-es","9":"product_cat-tanger-rutas-turisticas-privadas-es","10":"product_cat-tanger-excursiones-es","11":"product_cat-espana-es","12":"product_cat-ceuta-es","13":"product_cat-ceuta-actividades-privadas-es","14":"product_cat-ceuta-excursiones-privadas-es","15":"product_cat-motril-es","16":"product_cat-motril-actividades-es","17":"product_cat-motril-excursiones-privadas-es","18":"product_cat-malaga-es","19":"product_cat-malaga-excursiones-privadas-cruceros-es","20":"product_cat-malaga-actividades-es","21":"product_cat-malaga-excursiones-es","22":"product_cat-malaga-rutas-turisticas-privadas-es","23":"product_cat-marbella-puerto-banus-es","24":"product_cat-marbella-puerto-banus-actividades-es","25":"product_cat-marbella-puerto-banus-rutas-turisticas-es","26":"product_cat-marbella-puerto-banus-excursiones-es","28":"first","29":"instock","30":"shipping-taxable","31":"purchasable","32":"product-type-simple"},"acf":[],"yoast_head":"<!-- This site is optimized with the Yoast SEO Premium plugin v25.3.1 (Yoast SEO v25.3.1) - https:\/\/yoast.com\/wordpress\/plugins\/seo\/ -->\n<title>\u27a1\ufe0f Excursion a Tanger Privada- desde cualquier ciudad de M\u00e1laga | TTM<\/title>\n<meta name=\"description\" content=\"Disfrute de est\u00e1 excursion a Tanger desde Espa\u00f1a y conoce una nuevo pa\u00eds y cultura en un d\u00eda, gracias a este tour privado en Tanger \u2705\" \/>\n<meta name=\"robots\" content=\"index, follow, max-snippet:-1, max-image-preview:large, max-video-preview:-1\" \/>\n<link rel=\"canonical\" href=\"https:\/\/tourtravelandmore.com\/es\/tours\/espana-es\/ceuta-es\/ceuta-actividades-privadas-es\/tour-privado-dia-completo-tangier-desde-malaga\/\" \/>\n<meta property=\"og:locale\" content=\"es_ES\" \/>\n<meta property=\"og:type\" content=\"article\" \/>\n<meta property=\"og:title\" content=\"Tour Privado a Tanger desde M\u00e1laga\" \/>\n<meta property=\"og:description\" content=\"Disfrute de est\u00e1 excursion a Tanger desde Espa\u00f1a y conoce una nuevo pa\u00eds y cultura en un d\u00eda, gracias a este tour privado en Tanger \u2705\" \/>\n<meta property=\"og:url\" content=\"https:\/\/tourtravelandmore.com\/es\/tours\/espana-es\/ceuta-es\/ceuta-actividades-privadas-es\/tour-privado-dia-completo-tangier-desde-malaga\/\" \/>\n<meta property=\"og:site_name\" content=\"Tour Travel And More\" \/>\n<meta property=\"article:publisher\" content=\"https:\/\/www.facebook.com\/tourtravelandmore\/\" \/>\n<meta property=\"article:modified_time\" content=\"2023-03-22T18:46:32+00:00\" \/>\n<meta property=\"og:image\" content=\"https:\/\/tourtravelandmore.com\/wp-content\/uploads\/2018\/07\/Panoramic_view_from_Tangier-scaled.jpg\" \/>\n\t<meta property=\"og:image:width\" content=\"5836\" \/>\n\t<meta property=\"og:image:height\" content=\"2045\" \/>\n\t<meta property=\"og:image:type\" content=\"image\/jpeg\" \/>\n<meta name=\"twitter:card\" content=\"summary_large_image\" \/>\n<meta name=\"twitter:site\" content=\"@TourTravel_More\" \/>\n<meta name=\"twitter:label1\" content=\"Tiempo de lectura\" \/>\n\t<meta name=\"twitter:data1\" content=\"3 minutos\" \/>\n<script type=\"application\/ld+json\" class=\"yoast-schema-graph\">{\"@context\":\"https:\/\/schema.org\",\"@graph\":[{\"@type\":\"WebPage\",\"@id\":\"https:\/\/tourtravelandmore.com\/es\/tours\/espana-es\/ceuta-es\/ceuta-actividades-privadas-es\/tour-privado-dia-completo-tangier-desde-malaga\/\",\"url\":\"https:\/\/tourtravelandmore.com\/es\/tours\/espana-es\/ceuta-es\/ceuta-actividades-privadas-es\/tour-privado-dia-completo-tangier-desde-malaga\/\",\"name\":\"\u27a1\ufe0f Excursion a Tanger Privada- desde cualquier ciudad de M\u00e1laga | TTM\",\"isPartOf\":{\"@id\":\"https:\/\/tourtravelandmore.com\/es\/#website\"},\"primaryImageOfPage\":{\"@id\":\"https:\/\/tourtravelandmore.com\/es\/tours\/espana-es\/ceuta-es\/ceuta-actividades-privadas-es\/tour-privado-dia-completo-tangier-desde-malaga\/#primaryimage\"},\"image\":{\"@id\":\"https:\/\/tourtravelandmore.com\/es\/tours\/espana-es\/ceuta-es\/ceuta-actividades-privadas-es\/tour-privado-dia-completo-tangier-desde-malaga\/#primaryimage\"},\"thumbnailUrl\":\"https:\/\/tourtravelandmore.com\/wp-content\/uploads\/2018\/07\/Panoramic_view_from_Tangier-scaled.jpg\",\"datePublished\":\"2018-07-31T13:19:56+00:00\",\"dateModified\":\"2023-03-22T18:46:32+00:00\",\"description\":\"Disfrute de est\u00e1 excursion a Tanger desde Espa\u00f1a y conoce una nuevo pa\u00eds y cultura en un d\u00eda, gracias a este tour privado en Tanger \u2705\",\"breadcrumb\":{\"@id\":\"https:\/\/tourtravelandmore.com\/es\/tours\/espana-es\/ceuta-es\/ceuta-actividades-privadas-es\/tour-privado-dia-completo-tangier-desde-malaga\/#breadcrumb\"},\"inLanguage\":\"es\",\"potentialAction\":[{\"@type\":\"ReadAction\",\"target\":[\"https:\/\/tourtravelandmore.com\/es\/tours\/espana-es\/ceuta-es\/ceuta-actividades-privadas-es\/tour-privado-dia-completo-tangier-desde-malaga\/\"]}]},{\"@type\":\"ImageObject\",\"inLanguage\":\"es\",\"@id\":\"https:\/\/tourtravelandmore.com\/es\/tours\/espana-es\/ceuta-es\/ceuta-actividades-privadas-es\/tour-privado-dia-completo-tangier-desde-malaga\/#primaryimage\",\"url\":\"https:\/\/tourtravelandmore.com\/wp-content\/uploads\/2018\/07\/Panoramic_view_from_Tangier-scaled.jpg\",\"contentUrl\":\"https:\/\/tourtravelandmore.com\/wp-content\/uploads\/2018\/07\/Panoramic_view_from_Tangier-scaled.jpg\",\"width\":5836,\"height\":2045},{\"@type\":\"BreadcrumbList\",\"@id\":\"https:\/\/tourtravelandmore.com\/es\/tours\/espana-es\/ceuta-es\/ceuta-actividades-privadas-es\/tour-privado-dia-completo-tangier-desde-malaga\/#breadcrumb\",\"itemListElement\":[{\"@type\":\"ListItem\",\"position\":1,\"name\":\"Home\",\"item\":\"https:\/\/tourtravelandmore.com\/es\/\"},{\"@type\":\"ListItem\",\"position\":2,\"name\":\"Tours\",\"item\":\"https:\/\/tourtravelandmore.com\/es\/tours\/\"},{\"@type\":\"ListItem\",\"position\":3,\"name\":\"Tour Privado a Tanger desde M\u00e1laga\"}]},{\"@type\":\"WebSite\",\"@id\":\"https:\/\/tourtravelandmore.com\/es\/#website\",\"url\":\"https:\/\/tourtravelandmore.com\/es\/\",\"name\":\"Tour Travel And More\",\"description\":\"Private sightseeing tours and luxury transfers in Spain\",\"publisher\":{\"@id\":\"https:\/\/tourtravelandmore.com\/es\/#organization\"},\"potentialAction\":[{\"@type\":\"SearchAction\",\"target\":{\"@type\":\"EntryPoint\",\"urlTemplate\":\"https:\/\/tourtravelandmore.com\/es\/?s={search_term_string}\"},\"query-input\":{\"@type\":\"PropertyValueSpecification\",\"valueRequired\":true,\"valueName\":\"search_term_string\"}}],\"inLanguage\":\"es\"},{\"@type\":\"Organization\",\"@id\":\"https:\/\/tourtravelandmore.com\/es\/#organization\",\"name\":\"Tour Travel And More\",\"url\":\"https:\/\/tourtravelandmore.com\/es\/\",\"logo\":{\"@type\":\"ImageObject\",\"inLanguage\":\"es\",\"@id\":\"https:\/\/tourtravelandmore.com\/es\/#\/schema\/logo\/image\/\",\"url\":\"https:\/\/tourtravelandmore.com\/wp-content\/uploads\/2022\/12\/cropped-logo-cabecera-new.png\",\"contentUrl\":\"https:\/\/tourtravelandmore.com\/wp-content\/uploads\/2022\/12\/cropped-logo-cabecera-new.png\",\"width\":430,\"height\":61,\"caption\":\"Tour Travel And More\"},\"image\":{\"@id\":\"https:\/\/tourtravelandmore.com\/es\/#\/schema\/logo\/image\/\"},\"sameAs\":[\"https:\/\/www.facebook.com\/tourtravelandmore\/\",\"https:\/\/x.com\/TourTravel_More\"]}]}<\/script>\n<!-- \/ Yoast SEO Premium plugin. -->","yoast_head_json":{"title":"\u27a1\ufe0f Excursion a Tanger Privada- desde cualquier ciudad de M\u00e1laga | TTM","description":"Disfrute de est\u00e1 excursion a Tanger desde Espa\u00f1a y conoce una nuevo pa\u00eds y cultura en un d\u00eda, gracias a este tour privado en Tanger \u2705","robots":{"index":"index","follow":"follow","max-snippet":"max-snippet:-1","max-image-preview":"max-image-preview:large","max-video-preview":"max-video-preview:-1"},"canonical":"https:\/\/tourtravelandmore.com\/es\/tours\/espana-es\/ceuta-es\/ceuta-actividades-privadas-es\/tour-privado-dia-completo-tangier-desde-malaga\/","og_locale":"es_ES","og_type":"article","og_title":"Tour Privado a Tanger desde M\u00e1laga","og_description":"Disfrute de est\u00e1 excursion a Tanger desde Espa\u00f1a y conoce una nuevo pa\u00eds y cultura en un d\u00eda, gracias a este tour privado en Tanger \u2705","og_url":"https:\/\/tourtravelandmore.com\/es\/tours\/espana-es\/ceuta-es\/ceuta-actividades-privadas-es\/tour-privado-dia-completo-tangier-desde-malaga\/","og_site_name":"Tour Travel And More","article_publisher":"https:\/\/www.facebook.com\/tourtravelandmore\/","article_modified_time":"2023-03-22T18:46:32+00:00","og_image":[{"width":5836,"height":2045,"url":"https:\/\/tourtravelandmore.com\/wp-content\/uploads\/2018\/07\/Panoramic_view_from_Tangier-scaled.jpg","type":"image\/jpeg"}],"twitter_card":"summary_large_image","twitter_site":"@TourTravel_More","twitter_misc":{"Tiempo de lectura":"3 minutos"},"schema":{"@context":"https:\/\/schema.org","@graph":[{"@type":"WebPage","@id":"https:\/\/tourtravelandmore.com\/es\/tours\/espana-es\/ceuta-es\/ceuta-actividades-privadas-es\/tour-privado-dia-completo-tangier-desde-malaga\/","url":"https:\/\/tourtravelandmore.com\/es\/tours\/espana-es\/ceuta-es\/ceuta-actividades-privadas-es\/tour-privado-dia-completo-tangier-desde-malaga\/","name":"\u27a1\ufe0f Excursion a Tanger Privada- desde cualquier ciudad de M\u00e1laga | TTM","isPartOf":{"@id":"https:\/\/tourtravelandmore.com\/es\/#website"},"primaryImageOfPage":{"@id":"https:\/\/tourtravelandmore.com\/es\/tours\/espana-es\/ceuta-es\/ceuta-actividades-privadas-es\/tour-privado-dia-completo-tangier-desde-malaga\/#primaryimage"},"image":{"@id":"https:\/\/tourtravelandmore.com\/es\/tours\/espana-es\/ceuta-es\/ceuta-actividades-privadas-es\/tour-privado-dia-completo-tangier-desde-malaga\/#primaryimage"},"thumbnailUrl":"https:\/\/tourtravelandmore.com\/wp-content\/uploads\/2018\/07\/Panoramic_view_from_Tangier-scaled.jpg","datePublished":"2018-07-31T13:19:56+00:00","dateModified":"2023-03-22T18:46:32+00:00","description":"Disfrute de est\u00e1 excursion a Tanger desde Espa\u00f1a y conoce una nuevo pa\u00eds y cultura en un d\u00eda, gracias a este tour privado en Tanger \u2705","breadcrumb":{"@id":"https:\/\/tourtravelandmore.com\/es\/tours\/espana-es\/ceuta-es\/ceuta-actividades-privadas-es\/tour-privado-dia-completo-tangier-desde-malaga\/#breadcrumb"},"inLanguage":"es","potentialAction":[{"@type":"ReadAction","target":["https:\/\/tourtravelandmore.com\/es\/tours\/espana-es\/ceuta-es\/ceuta-actividades-privadas-es\/tour-privado-dia-completo-tangier-desde-malaga\/"]}]},{"@type":"ImageObject","inLanguage":"es","@id":"https:\/\/tourtravelandmore.com\/es\/tours\/espana-es\/ceuta-es\/ceuta-actividades-privadas-es\/tour-privado-dia-completo-tangier-desde-malaga\/#primaryimage","url":"https:\/\/tourtravelandmore.com\/wp-content\/uploads\/2018\/07\/Panoramic_view_from_Tangier-scaled.jpg","contentUrl":"https:\/\/tourtravelandmore.com\/wp-content\/uploads\/2018\/07\/Panoramic_view_from_Tangier-scaled.jpg","width":5836,"height":2045},{"@type":"BreadcrumbList","@id":"https:\/\/tourtravelandmore.com\/es\/tours\/espana-es\/ceuta-es\/ceuta-actividades-privadas-es\/tour-privado-dia-completo-tangier-desde-malaga\/#breadcrumb","itemListElement":[{"@type":"ListItem","position":1,"name":"Home","item":"https:\/\/tourtravelandmore.com\/es\/"},{"@type":"ListItem","position":2,"name":"Tours","item":"https:\/\/tourtravelandmore.com\/es\/tours\/"},{"@type":"ListItem","position":3,"name":"Tour Privado a Tanger desde M\u00e1laga"}]},{"@type":"WebSite","@id":"https:\/\/tourtravelandmore.com\/es\/#website","url":"https:\/\/tourtravelandmore.com\/es\/","name":"Tour Travel And More","description":"Private sightseeing tours and luxury transfers in Spain","publisher":{"@id":"https:\/\/tourtravelandmore.com\/es\/#organization"},"potentialAction":[{"@type":"SearchAction","target":{"@type":"EntryPoint","urlTemplate":"https:\/\/tourtravelandmore.com\/es\/?s={search_term_string}"},"query-input":{"@type":"PropertyValueSpecification","valueRequired":true,"valueName":"search_term_string"}}],"inLanguage":"es"},{"@type":"Organization","@id":"https:\/\/tourtravelandmore.com\/es\/#organization","name":"Tour Travel And More","url":"https:\/\/tourtravelandmore.com\/es\/","logo":{"@type":"ImageObject","inLanguage":"es","@id":"https:\/\/tourtravelandmore.com\/es\/#\/schema\/logo\/image\/","url":"https:\/\/tourtravelandmore.com\/wp-content\/uploads\/2022\/12\/cropped-logo-cabecera-new.png","contentUrl":"https:\/\/tourtravelandmore.com\/wp-content\/uploads\/2022\/12\/cropped-logo-cabecera-new.png","width":430,"height":61,"caption":"Tour Travel And More"},"image":{"@id":"https:\/\/tourtravelandmore.com\/es\/#\/schema\/logo\/image\/"},"sameAs":["https:\/\/www.facebook.com\/tourtravelandmore\/","https:\/\/x.com\/TourTravel_More"]}]}},"_links":{"self":[{"href":"https:\/\/tourtravelandmore.com\/es\/wp-json\/wp\/v2\/product\/24561","targetHints":{"allow":["GET"]}}],"collection":[{"href":"https:\/\/tourtravelandmore.com\/es\/wp-json\/wp\/v2\/product"}],"about":[{"href":"https:\/\/tourtravelandmore.com\/es\/wp-json\/wp\/v2\/types\/product"}],"replies":[{"embeddable":true,"href":"https:\/\/tourtravelandmore.com\/es\/wp-json\/wp\/v2\/comments?post=24561"}],"wp:featuredmedia":[{"embeddable":true,"href":"https:\/\/tourtravelandmore.com\/es\/wp-json\/wp\/v2\/media\/24560"}],"wp:attachment":[{"href":"https:\/\/tourtravelandmore.com\/es\/wp-json\/wp\/v2\/media?parent=24561"}],"wp:term":[{"taxonomy":"product_brand","embeddable":true,"href":"https:\/\/tourtravelandmore.com\/es\/wp-json\/wp\/v2\/product_brand?post=24561"},{"taxonomy":"product_cat","embeddable":true,"href":"https:\/\/tourtravelandmore.com\/es\/wp-json\/wp\/v2\/product_cat?post=24561"},{"taxonomy":"product_tag","embeddable":true,"href":"https:\/\/tourtravelandmore.com\/es\/wp-json\/wp\/v2\/product_tag?post=24561"}],"curies":[{"name":"wp","href":"https:\/\/api.w.org\/{rel}","templated":true}]}}